{"id":281252,"date":"2023-11-29T11:31:37","date_gmt":"2023-11-29T16:31:37","guid":{"rendered":"https:\/\/www.miamibeachfl.gov\/?page_id=281252"},"modified":"2025-06-09T12:22:12","modified_gmt":"2025-06-09T16:22:12","slug":"1st-street-live-webcam","status":"publish","type":"page","link":"https:\/\/www.miamibeachfl.gov\/de\/city-hall\/fire\/ocean-rescue\/1st-street-live-webcam\/","title":{"rendered":"1st Street Live Webcam"},"content":{"rendered":"<link itemprop=\"url\" href=\"https:\/\/www.miamibeachfl.gov\"\/>\n\t\t<a itemprop=\"sameAs\" href=\"https:\/\/www.facebook.com\/miamibeachfire\/\" target=\"_blank\" title=\"\" aria-label=\"\" role=\"button\" rel=\"noopener noreferrer external\">\n\t\t\t\t\t<\/a>\n\t\t<link itemprop=\"url\" href=\"https:\/\/www.miamibeachfl.gov\"\/>\n\t\t<a itemprop=\"sameAs\" href=\"https:\/\/twitter.com\/miamibeachfire\" target=\"_blank\" title=\"\" aria-label=\"\" role=\"button\" rel=\"noopener noreferrer external\">\n\t\t\t\t\t<\/a>\n\t\t<link itemprop=\"url\" href=\"https:\/\/www.miamibeachfl.gov\"\/>\n\t\t<a itemprop=\"sameAs\" href=\"https:\/\/www.instagram.com\/miamibeachfire\/?hl=en\" target=\"_blank\" title=\"\" aria-label=\"\" role=\"button\" rel=\"noopener noreferrer external\">\n\t\t\t\t\t<\/a>\n\t\t\t<style>\n\t\t\t\n\t\t\t\t\t\t\t#searchwp-form-3 .swp-input,\n                #searchwp-form-3 .swp-select {\n                    border: 1px solid #ffffff;\n                    border-radius: 5px;\n                }\n\t\t\t\t#searchwp-form-3 .searchwp-form-input-container .swp-select {\n                    border-top-right-radius: 0;\n                    border-bottom-right-radius: 0;\n                    border-right: 0;\n                }\n\t\t\t\t#searchwp-form-3 .searchwp-form-input-container .swp-select + .swp-input {\n                    border-top-left-radius: 0;\n                    border-bottom-left-radius: 0;\n                }\n\t\t\t\t#searchwp-form-3 input[type=submit] {\n                    border-radius: 5px;\n                }\n\t\t\t\n\t\t\t\n\t\t\t                #searchwp-form-3 .swp-toggle-checkbox:checked + .swp-toggle-switch,\n                #searchwp-form-3 .swp-toggle-switch--checked  {\n                    background: #ffffff;\n                }\n\t\t\t\n\t\t\t\n\t\t\t\t\t\t\t#searchwp-form-3 input[type=submit] {\n                    background-color: #7c1e20;\n                }\n\t\t\t\n\t\t\t\n\t\t\t\n\t\t\t\t\t<\/style>\n\t\t\t\t<form id=\"searchwp-form-3\"\n\t\t\trole=\"search\"\n\t\t\tmethod=\"get\"\n\t\t\tclass=\"searchwp-form\"\n\t\t\taction=\"https:\/\/www.miamibeachfl.gov\/de\/\"\n\t\t\taria-label=\"Suchen\" data-trp-original-action=\"https:\/\/www.miamibeachfl.gov\/de\/\">\n\t\t\t<input type=\"hidden\" name=\"swp_form[form_id]\" value=\"3\">\n\t\t\t<div class=\"swp-flex--col swp-flex--wrap swp-flex--gap-md\">\n\t\t\t\t<div class=\"swp-flex--row swp-items-stretch swp-flex--gap-md\">\n\t\t\t\t\t<div class=\"searchwp-form-input-container swp-items-stretch\">\n\t\t\t\t\t\t\n\t\t\t\t\t\t\t\t\t\t\t\t\t\t\t\t\t\t<input type=\"search\"\n\t\t\t\t\t\t\tclass=\"swp-input--search swp-input\"\n\t\t\t\t\t\t\tplaceholder=\"\"\n\t\t\t\t\t\t\tvalue=\"\"\n\t\t\t\t\t\t\tname=\"swps\"\n\t\t\t\t\t\t\ttitle=\"\"\n\t\t\t\t\t\t   \taria-label=\"Suchen\"\n\t\t\t\t\t\t\taria-required=\"false\"\n\t\t\t\t\t\t\t data-swplive=\"true\" data-swpengine=\"fire_department\"                        \/>\n\t\t\t\t\t<\/div>\n\n\t\t\t\t\t\t\t\t\t\t\t<input type=\"submit\"\n\t\t\t\t\t\t\tclass=\"search-submit swp-button\"\n\t\t\t\t\t\t\tvalue=\"SUCHEN\"\n\t\t\t\t\t\t\taria-label=\"SUCHEN\"\n\t\t\t\t\t\t\/>\n\t\t\t\t\t\n\t\t\t\t<\/div>\n\n\t\t\t\t\n\t\t\t\t\t\t\t<\/div>\n\t\t\t\t\t<input type=\"hidden\" name=\"trp-form-language\" value=\"de\"\/><\/form>\n\t\t\n\t\t\t\t<a href=\"\/de\/city-hall\/fire\/\"  target=\"_self\" itemprop=\"url\">\n\t\t\t\t<img decoding=\"async\" src=\"https:\/\/www.miamibeachfl.gov\/wp-content\/uploads\/2025\/03\/2024FIRELogo.png\" alt=\"Fire Department Logo\" itemprop=\"image\" height=\"437\" width=\"437\" title=\"2024FIRELogo\" onerror=\"this.style.display='none'\" loading='lazy' \/>\n\t\t\t\t<\/a>\n\t\t\t<button tabindex=\"0\" aria-label=\"SPEISEKARTE\" aria-expanded=\"false\">\n\t\t\t\tSPEISEKARTE\t\t\t<\/button>\n\t<nav aria-label=\"Feuerwehr Men\u00fc\" itemscope=\"itemscope\" itemtype=\"https:\/\/schema.org\/SiteNavigationElement\">\n\t\t<ul id=\"menu-fire-new\"><li id=\"menu-item-367860\"><a aria-expanded=\"false\" href=\"#\">ABTEILUNGEN<\/a><ul>\t<li id=\"menu-item-367866\"><a href=\"\/de\/city-hall\/fire\/emergency-management\/\">Notfallmanagement und -vorsorge<\/a><\/li>\t<li id=\"menu-item-367867\"><a href=\"\/de\/city-hall\/fire\/fire-prevention\/\">Brandschutz und Sicherheit<\/a><\/li>\t<li id=\"menu-item-367868\"><a href=\"\/de\/city-hall\/fire\/fire-rescue\/\">Brandrettung und -bek\u00e4mpfung<\/a><\/li>\t<li id=\"menu-item-367869\"><a href=\"\/de\/city-hall\/fire\/ocean-rescue\/\">Meeresrettung &amp; Strandinformationen<\/a><\/li>\t<li id=\"menu-item-367870\"><a href=\"\/de\/city-hall\/fire\/public-safety-communications-division-911\/\">\u00d6ffentliche Sicherheitskommunikation (911)<\/a><\/li><\/ul><\/li><li id=\"menu-item-367861\"><a href=\"\/de\/city-hall\/fire\/fire-prevention\/building-inspections\/\">GENEHMIGUNGEN UND INSPEKTIONEN<\/a><\/li><li id=\"menu-item-367862\"><a href=\"\/de\/city-hall\/fire\/fire-prevention\/fire-safety-programs-services\/\">PROGRAMME<\/a><\/li><li id=\"menu-item-367864\"><a aria-expanded=\"false\" href=\"\/de\/city-hall\/fire\/fire-contacts\/\">KONTAKTE<\/a><ul>\t<li id=\"menu-item-367929\"><a href=\"https:\/\/miamibeachfl.justfoia.com\/publicportal\/home\/track\">Anfrage zu \u00f6ffentlichen Aufzeichnungen<\/a><\/li><\/ul><\/li><li id=\"menu-item-371168\"><a href=\"\/de\/city-hall\/fire\/emergency-management\/plan-and-prepare-emergency-preparation\/\">WETTERNOTF\u00c4LLE<\/a><\/li><\/ul>\t<\/nav>\n<h2>\n\t\t\tMiami Beach 1st Street Live-Webcam\t<\/h2>\n\t<iframe title=\"Miami Beach 1st Street Live-Webcam\" allowfullscreen frameborder=\"0\" marginwidth=\"0\" marginheight=\"0\" scrolling=\"no\" src=\"https:\/\/relay.ozolio.com\/pub.api?cmd=embed&#038;oid=EMB_ZUKF00000B65\"><\/iframe>\n<h2>\n\t\t\tSchnelllinks zur Stadt:\t<\/h2>\n\t\t\t<a href=\"\/de\/city-hall\/\" target=\"_blank\" rel=\"noopener\">\n\t\t\t\t\t\t\tStadtverzeichnis\n\t\t\t\t\t<\/a>\n\t\t\t<a href=\"\/de\/city-hall\/city-clerk\/meeting-notices\/\" target=\"_blank\" rel=\"noopener\">\n\t\t\t\t\t\t\tBekanntmachungen zu Stadtversammlungen\n\t\t\t\t\t<\/a>\n\t\t\t<a href=\"\/de\/city-hall\/city-clerk\/meetings-and-agendas\/\" target=\"_blank\" rel=\"noopener\">\n\t\t\t\t\t\t\tKommissions- und Vorstandssitzungen\n\t\t\t\t\t<\/a>\n\t\t\t<a href=\"\/de\/residents\/neighborhood-associations\/\" target=\"_blank\" rel=\"noopener\">\n\t\t\t\t\t\t\tNachbarschafts- und Wohnungseigent\u00fcmergemeinschaften\n\t\t\t\t\t<\/a>\n\t\t\t<a href=\"\/de\/city-employee-helpful-links\/\" target=\"_blank\" rel=\"noopener\">\n\t\t\t\t\t\t\tMitarbeiter\n\t\t\t\t\t<\/a>\n\t\t\t<a href=\"\/de\/flood-awareness\/\" target=\"_blank\" rel=\"noopener\">\n\t\t\t\t\t\t\tHochwasserbewusstsein\n\t\t\t\t\t<\/a>\n\t\t\t<a href=\"\/de\/city-hall\/transportation\/tracking-trolley-live\/\" target=\"_blank\" rel=\"noopener\">\n\t\t\t\t\t\t\tLive-Trolley-Updates\n\t\t\t\t\t<\/a>\n\t\t\t<a href=\"\/de\/government\/master-plans\/\" target=\"_blank\" rel=\"noopener\">\n\t\t\t\t\t\t\tMasterpl\u00e4ne\n\t\t\t\t\t<\/a>\n\t\t\t<a href=\"\/de\/city-hall\/parking\/\" target=\"_blank\" rel=\"noopener\">\n\t\t\t\t\t\t\tParkinformationen\n\t\t\t\t\t<\/a>\n\t\t\t<a href=\"\/de\/city-hall\/parks-and-recreation\/\" target=\"_self\">\n\t\t\t\t\t\t\tParks &amp; Erholung\n\t\t\t\t\t<\/a>\n\t\t\t<a href=\"\/de\/residents\/neighborhood-associations\/neighborhood-affairs-division\/active-projects\/other\/north-beach-cra\/\" target=\"_self\">\n\t\t\t\t\t\t\tNorth Beach Community Sanierungsagentur\n\t\t\t\t\t<\/a>\n\t\t\t<a href=\"https:\/\/www2.miami-dadeclerk.com\/PayParking\/\" target=\"_blank\" rel=\"noopener\">\n\t\t\t\t\t\t\tParkscheine bezahlen\n\t\t\t\t\t<\/a>\n\t\t\t<a href=\"\/de\/pay-invoice\/\" target=\"_blank\" rel=\"noopener\">\n\t\t\t\t\t\t\tRechnungen bezahlen\n\t\t\t\t\t<\/a>\n\t\t\t<a href=\"\/de\/city-hall\/environmental-sustainability\/sustainability\/recycling\/\" target=\"_self\">\n\t\t\t\t\t\t\tRecyceln\n\t\t\t\t\t<\/a>\n\t\t\t<a href=\"\/de\/inspectorgeneral\/\" target=\"_self\">\n\t\t\t\t\t\t\tBetrug melden\n\t\t\t\t\t<\/a>\n\t\t\t<a href=\"\/de\/city-hall\/city-clerk\/special-magistrate\/\" target=\"_self\">\n\t\t\t\t\t\t\tSonderrichter\n\t\t\t\t\t<\/a>\n\t\t\t<a href=\"\/de\/city-hall\/economic-development\/redevelopment-agency\/\" target=\"_self\">\n\t\t\t\t\t\t\tMiami Beach Sanierungsagentur\n\t\t\t\t\t<\/a>\n\t<p>\u00a9 2025 Copyright Stadt Miami Beach.<\/p>\n\t\t\t<a href=\"\/de\/\" target=\"_self\">\n\t\t\t\t\t\t\tWebsite der Stadt Miami Beach\n\t\t\t\t\t<\/a>\n\t\t\t<a href=\"\/de\/policies-disclaimers\/\" target=\"_self\">\n\t\t\t\t\t\t\tRichtlinien und Haftungsausschl\u00fcsse\n\t\t\t\t\t<\/a>\n\t\t\t<a href=\"\/de\/accessibility\/\" target=\"_self\">\n\t\t\t\t\t\t\tZug\u00e4nglichkeit\n\t\t\t\t\t<\/a>\n\t\t\t<a href=\"\/de\/policies-disclaimers\/#cookies\" target=\"_self\">\n\t\t\t\t\t\t\tCookie-Einstellungen\n\t\t\t\t\t<\/a>","protected":false},"excerpt":{"rendered":"<p>MEN\u00dcABTEILUNG Notfallmanagement und -vorsorge Brandschutz und -sicherheit Brandrettung und -bek\u00e4mpfung Seenotrettung und Strandinformationen \u00d6ffentlichkeit [\u2026]<\/p>","protected":false},"author":222,"featured_media":0,"parent":28595,"menu_order":0,"comment_status":"closed","ping_status":"closed","template":"","meta":{"_searchwp_excluded":"","site-sidebar-layout":"default","site-content-layout":"","ast-site-content-layout":"","site-content-style":"default","site-sidebar-style":"default","ast-global-header-display":"disabled","ast-banner-title-visibility":"disabled","ast-main-header-display":"","ast-hfb-above-header-display":"","ast-hfb-below-header-display":"","ast-hfb-mobile-header-display":"","site-post-title":"","ast-breadcrumbs-content":"","ast-featured-img":"","footer-sml-layout":"disabled","theme-transparent-header-meta":"","adv-header-id-meta":"","stick-header-meta":"","header-above-stick-meta":"","header-main-stick-meta":"","header-below-stick-meta":"","astra-migrate-meta-layouts":"default","ast-page-background-enabled":"default","ast-page-background-meta":{"desktop":{"background-color":"var(--ast-global-color-5)","background-image":"","background-repeat":"repeat","background-position":"center center","background-size":"auto","background-attachment":"scroll","background-type":"","background-media":"","overlay-type":"","overlay-color":"","overlay-opacity":"","overlay-gradient":""},"tablet":{"background-color":"","background-image":"","background-repeat":"repeat","background-position":"center center","background-size":"auto","background-attachment":"scroll","background-type":"","background-media":"","overlay-type":"","overlay-color":"","overlay-opacity":"","overlay-gradient":""},"mobile":{"background-color":"","background-image":"","background-repeat":"repeat","background-position":"center center","background-size":"auto","background-attachment":"scroll","background-type":"","background-media":"","overlay-type":"","overlay-color":"","overlay-opacity":"","overlay-gradient":""}},"ast-content-background-meta":{"desktop":{"background-color":"var(--ast-global-color-4)","background-image":"","background-repeat":"repeat","background-position":"center center","background-size":"auto","background-attachment":"scroll","background-type":"","background-media":"","overlay-type":"","overlay-color":"","overlay-opacity":"","overlay-gradient":""},"tablet":{"background-color":"var(--ast-global-color-4)","background-image":"","background-repeat":"repeat","background-position":"center center","background-size":"auto","background-attachment":"scroll","background-type":"","background-media":"","overlay-type":"","overlay-color":"","overlay-opacity":"","overlay-gradient":""},"mobile":{"background-color":"var(--ast-global-color-4)","background-image":"","background-repeat":"repeat","background-position":"center center","background-size":"auto","background-attachment":"scroll","background-type":"","background-media":"","overlay-type":"","overlay-color":"","overlay-opacity":"","overlay-gradient":""}},"footnotes":""},"categories":[1764,1767],"tags":[],"class_list":["post-281252","page","type-page","status-publish","hentry","category-fire-department","category-ocean-rescue"],"yoast_head":"<!-- This site is optimized with the Yoast SEO Premium plugin v26.6 (Yoast SEO v26.6) - https:\/\/yoast.com\/wordpress\/plugins\/seo\/ -->\n<title>1st Street Live Webcam - City of Miami Beach<\/title>\n<meta name=\"description\" content=\"%\" \/>\n<meta name=\"robots\" content=\"index, follow, max-snippet:-1, max-image-preview:large, max-video-preview:-1\" \/>\n<link rel=\"canonical\" href=\"https:\/\/www.miamibeachfl.gov\/de\/city-hall\/fire\/ocean-rescue\/1st-street-live-webcam\/\" \/>\n<meta property=\"og:locale\" content=\"de_DE\" \/>\n<meta property=\"og:type\" content=\"article\" \/>\n<meta property=\"og:title\" content=\"1st Street Live Webcam\" \/>\n<meta property=\"og:description\" content=\"%\" \/>\n<meta property=\"og:url\" content=\"https:\/\/www.miamibeachfl.gov\/de\/city-hall\/fire\/ocean-rescue\/1st-street-live-webcam\/\" \/>\n<meta property=\"og:site_name\" content=\"City of Miami Beach\" \/>\n<meta property=\"article:publisher\" content=\"https:\/\/www.facebook.com\/cityofmiamibeach\" \/>\n<meta property=\"article:modified_time\" content=\"2025-06-09T16:22:12+00:00\" \/>\n<meta property=\"og:image\" content=\"https:\/\/www.miamibeachfl.gov\/wp-content\/uploads\/2025\/03\/2024FIRELogo.png\" \/>\n<meta name=\"twitter:card\" content=\"summary_large_image\" \/>\n<meta name=\"twitter:site\" content=\"@Miamibeachnews\" \/>\n<script type=\"application\/ld+json\" class=\"yoast-schema-graph\">{\"@context\":\"https:\/\/schema.org\",\"@graph\":[{\"@type\":\"WebPage\",\"@id\":\"https:\/\/www.miamibeachfl.gov\/city-hall\/fire\/ocean-rescue\/1st-street-live-webcam\/\",\"url\":\"https:\/\/www.miamibeachfl.gov\/city-hall\/fire\/ocean-rescue\/1st-street-live-webcam\/\",\"name\":\"1st Street Live Webcam - City of Miami Beach\",\"isPartOf\":{\"@id\":\"https:\/\/www.miamibeachfl.gov\/#website\"},\"primaryImageOfPage\":{\"@id\":\"https:\/\/www.miamibeachfl.gov\/city-hall\/fire\/ocean-rescue\/1st-street-live-webcam\/#primaryimage\"},\"image\":{\"@id\":\"https:\/\/www.miamibeachfl.gov\/city-hall\/fire\/ocean-rescue\/1st-street-live-webcam\/#primaryimage\"},\"thumbnailUrl\":\"https:\/\/www.miamibeachfl.gov\/wp-content\/uploads\/2025\/03\/2024FIRELogo.png\",\"datePublished\":\"2023-11-29T16:31:37+00:00\",\"dateModified\":\"2025-06-09T16:22:12+00:00\",\"description\":\"%\",\"breadcrumb\":{\"@id\":\"https:\/\/www.miamibeachfl.gov\/city-hall\/fire\/ocean-rescue\/1st-street-live-webcam\/#breadcrumb\"},\"inLanguage\":\"de\",\"potentialAction\":[{\"@type\":\"ReadAction\",\"target\":[\"https:\/\/www.miamibeachfl.gov\/city-hall\/fire\/ocean-rescue\/1st-street-live-webcam\/\"]}]},{\"@type\":\"ImageObject\",\"inLanguage\":\"de\",\"@id\":\"https:\/\/www.miamibeachfl.gov\/city-hall\/fire\/ocean-rescue\/1st-street-live-webcam\/#primaryimage\",\"url\":\"https:\/\/www.miamibeachfl.gov\/wp-content\/uploads\/2025\/03\/2024FIRELogo.png\",\"contentUrl\":\"https:\/\/www.miamibeachfl.gov\/wp-content\/uploads\/2025\/03\/2024FIRELogo.png\"},{\"@type\":\"BreadcrumbList\",\"@id\":\"https:\/\/www.miamibeachfl.gov\/city-hall\/fire\/ocean-rescue\/1st-street-live-webcam\/#breadcrumb\",\"itemListElement\":[{\"@type\":\"ListItem\",\"position\":1,\"name\":\"Home\",\"item\":\"https:\/\/www.miamibeachfl.gov\/\"},{\"@type\":\"ListItem\",\"position\":2,\"name\":\"City Hall\",\"item\":\"https:\/\/www.miamibeachfl.gov\/city-hall\/\"},{\"@type\":\"ListItem\",\"position\":3,\"name\":\"Fire\",\"item\":\"https:\/\/www.miamibeachfl.gov\/city-hall\/fire\/\"},{\"@type\":\"ListItem\",\"position\":4,\"name\":\"Ocean Rescue\",\"item\":\"https:\/\/www.miamibeachfl.gov\/city-hall\/fire\/ocean-rescue\/\"},{\"@type\":\"ListItem\",\"position\":5,\"name\":\"1st Street Live Webcam\"}]},{\"@type\":\"WebSite\",\"@id\":\"https:\/\/www.miamibeachfl.gov\/#website\",\"url\":\"https:\/\/www.miamibeachfl.gov\/\",\"name\":\"City of Miami Beach\",\"description\":\"The official website of the City of Miami Beach. Stay informed, find important information on city services, news, alerts, events, trolley routes, government employment and more.\",\"publisher\":{\"@id\":\"https:\/\/www.miamibeachfl.gov\/#organization\"},\"potentialAction\":[{\"@type\":\"SearchAction\",\"target\":{\"@type\":\"EntryPoint\",\"urlTemplate\":\"https:\/\/www.miamibeachfl.gov\/?s={search_term_string}\"},\"query-input\":{\"@type\":\"PropertyValueSpecification\",\"valueRequired\":true,\"valueName\":\"search_term_string\"}}],\"inLanguage\":\"de\"},{\"@type\":\"Organization\",\"@id\":\"https:\/\/www.miamibeachfl.gov\/#organization\",\"name\":\"City of Miami Beach\",\"url\":\"https:\/\/www.miamibeachfl.gov\/\",\"logo\":{\"@type\":\"ImageObject\",\"inLanguage\":\"de\",\"@id\":\"https:\/\/www.miamibeachfl.gov\/#\/schema\/logo\/image\/\",\"url\":\"https:\/\/www.miamibeachfl.gov\/wp-content\/uploads\/2022\/06\/miamibeach-logoblue.png\",\"contentUrl\":\"https:\/\/www.miamibeachfl.gov\/wp-content\/uploads\/2022\/06\/miamibeach-logoblue.png\",\"width\":1962,\"height\":381,\"caption\":\"City of Miami Beach\"},\"image\":{\"@id\":\"https:\/\/www.miamibeachfl.gov\/#\/schema\/logo\/image\/\"},\"sameAs\":[\"https:\/\/www.facebook.com\/cityofmiamibeach\",\"https:\/\/x.com\/Miamibeachnews\",\"https:\/\/www.instagram.com\/miamibeachnews\/\"],\"description\":\"The official website of the City of Miami Beach. Stay informed, find important information on city services, news, alerts, events, trolley routes, government employment and more.\",\"telephone\":\"305.604.CITY(2489)\",\"legalName\":\"City of Miami Beach\"}]}<\/script>\n<!-- \/ Yoast SEO Premium plugin. -->","yoast_head_json":{"title":"Live-Webcam der 1st Street \u2013 Stadt Miami Beach","description":"%","robots":{"index":"index","follow":"follow","max-snippet":"max-snippet:-1","max-image-preview":"max-image-preview:large","max-video-preview":"max-video-preview:-1"},"canonical":"https:\/\/www.miamibeachfl.gov\/de\/city-hall\/fire\/ocean-rescue\/1st-street-live-webcam\/","og_locale":"de_DE","og_type":"article","og_title":"1st Street Live Webcam","og_description":"%","og_url":"https:\/\/www.miamibeachfl.gov\/de\/city-hall\/fire\/ocean-rescue\/1st-street-live-webcam\/","og_site_name":"City of Miami Beach","article_publisher":"https:\/\/www.facebook.com\/cityofmiamibeach","article_modified_time":"2025-06-09T16:22:12+00:00","og_image":[{"url":"https:\/\/www.miamibeachfl.gov\/wp-content\/uploads\/2025\/03\/2024FIRELogo.png","type":"","width":"","height":""}],"twitter_card":"summary_large_image","twitter_site":"@Miamibeachnews","schema":{"@context":"https:\/\/schema.org","@graph":[{"@type":"WebPage","@id":"https:\/\/www.miamibeachfl.gov\/city-hall\/fire\/ocean-rescue\/1st-street-live-webcam\/","url":"https:\/\/www.miamibeachfl.gov\/city-hall\/fire\/ocean-rescue\/1st-street-live-webcam\/","name":"Live-Webcam der 1st Street \u2013 Stadt Miami Beach","isPartOf":{"@id":"https:\/\/www.miamibeachfl.gov\/#website"},"primaryImageOfPage":{"@id":"https:\/\/www.miamibeachfl.gov\/city-hall\/fire\/ocean-rescue\/1st-street-live-webcam\/#primaryimage"},"image":{"@id":"https:\/\/www.miamibeachfl.gov\/city-hall\/fire\/ocean-rescue\/1st-street-live-webcam\/#primaryimage"},"thumbnailUrl":"https:\/\/www.miamibeachfl.gov\/wp-content\/uploads\/2025\/03\/2024FIRELogo.png","datePublished":"2023-11-29T16:31:37+00:00","dateModified":"2025-06-09T16:22:12+00:00","description":"%","breadcrumb":{"@id":"https:\/\/www.miamibeachfl.gov\/city-hall\/fire\/ocean-rescue\/1st-street-live-webcam\/#breadcrumb"},"inLanguage":"de","potentialAction":[{"@type":"ReadAction","target":["https:\/\/www.miamibeachfl.gov\/city-hall\/fire\/ocean-rescue\/1st-street-live-webcam\/"]}]},{"@type":"ImageObject","inLanguage":"de","@id":"https:\/\/www.miamibeachfl.gov\/city-hall\/fire\/ocean-rescue\/1st-street-live-webcam\/#primaryimage","url":"https:\/\/www.miamibeachfl.gov\/wp-content\/uploads\/2025\/03\/2024FIRELogo.png","contentUrl":"https:\/\/www.miamibeachfl.gov\/wp-content\/uploads\/2025\/03\/2024FIRELogo.png"},{"@type":"BreadcrumbList","@id":"https:\/\/www.miamibeachfl.gov\/city-hall\/fire\/ocean-rescue\/1st-street-live-webcam\/#breadcrumb","itemListElement":[{"@type":"ListItem","position":1,"name":"Home","item":"https:\/\/www.miamibeachfl.gov\/"},{"@type":"ListItem","position":2,"name":"City Hall","item":"https:\/\/www.miamibeachfl.gov\/city-hall\/"},{"@type":"ListItem","position":3,"name":"Fire","item":"https:\/\/www.miamibeachfl.gov\/city-hall\/fire\/"},{"@type":"ListItem","position":4,"name":"Ocean Rescue","item":"https:\/\/www.miamibeachfl.gov\/city-hall\/fire\/ocean-rescue\/"},{"@type":"ListItem","position":5,"name":"1st Street Live Webcam"}]},{"@type":"WebSite","@id":"https:\/\/www.miamibeachfl.gov\/#website","url":"https:\/\/www.miamibeachfl.gov\/","name":"Stadt Miami Beach","description":"Die offizielle Website der Stadt Miami Beach. Bleiben Sie informiert und finden Sie wichtige Informationen zu st\u00e4dtischen Dienstleistungen, Neuigkeiten, Warnungen, Veranstaltungen, Stra\u00dfenbahnlinien, Stellenangeboten im \u00f6ffentlichen Dienst und mehr.","publisher":{"@id":"https:\/\/www.miamibeachfl.gov\/#organization"},"potentialAction":[{"@type":"SearchAction","target":{"@type":"EntryPoint","urlTemplate":"https:\/\/www.miamibeachfl.gov\/?s={search_term_string}"},"query-input":{"@type":"PropertyValueSpecification","valueRequired":true,"valueName":"search_term_string"}}],"inLanguage":"de"},{"@type":"Organization","@id":"https:\/\/www.miamibeachfl.gov\/#organization","name":"Stadt Miami Beach","url":"https:\/\/www.miamibeachfl.gov\/","logo":{"@type":"ImageObject","inLanguage":"de","@id":"https:\/\/www.miamibeachfl.gov\/#\/schema\/logo\/image\/","url":"https:\/\/www.miamibeachfl.gov\/wp-content\/uploads\/2022\/06\/miamibeach-logoblue.png","contentUrl":"https:\/\/www.miamibeachfl.gov\/wp-content\/uploads\/2022\/06\/miamibeach-logoblue.png","width":1962,"height":381,"caption":"City of Miami Beach"},"image":{"@id":"https:\/\/www.miamibeachfl.gov\/#\/schema\/logo\/image\/"},"sameAs":["https:\/\/www.facebook.com\/cityofmiamibeach","https:\/\/x.com\/Miamibeachnews","https:\/\/www.instagram.com\/miamibeachnews\/"],"description":"Die offizielle Website der Stadt Miami Beach. Bleiben Sie informiert und finden Sie wichtige Informationen zu st\u00e4dtischen Dienstleistungen, Neuigkeiten, Warnungen, Veranstaltungen, Stra\u00dfenbahnlinien, Stellenangeboten im \u00f6ffentlichen Dienst und mehr.","telephone":"305.604.CITY(2489)","legalName":"City of Miami Beach"}]}},"_links":{"self":[{"href":"https:\/\/www.miamibeachfl.gov\/de\/wp-json\/wp\/v2\/pages\/281252","targetHints":{"allow":["GET"]}}],"collection":[{"href":"https:\/\/www.miamibeachfl.gov\/de\/wp-json\/wp\/v2\/pages"}],"about":[{"href":"https:\/\/www.miamibeachfl.gov\/de\/wp-json\/wp\/v2\/types\/page"}],"author":[{"embeddable":true,"href":"https:\/\/www.miamibeachfl.gov\/de\/wp-json\/wp\/v2\/users\/222"}],"replies":[{"embeddable":true,"href":"https:\/\/www.miamibeachfl.gov\/de\/wp-json\/wp\/v2\/comments?post=281252"}],"version-history":[{"count":0,"href":"https:\/\/www.miamibeachfl.gov\/de\/wp-json\/wp\/v2\/pages\/281252\/revisions"}],"up":[{"embeddable":true,"href":"https:\/\/www.miamibeachfl.gov\/de\/wp-json\/wp\/v2\/pages\/28595"}],"wp:attachment":[{"href":"https:\/\/www.miamibeachfl.gov\/de\/wp-json\/wp\/v2\/media?parent=281252"}],"wp:term":[{"taxonomy":"category","embeddable":true,"href":"https:\/\/www.miamibeachfl.gov\/de\/wp-json\/wp\/v2\/categories?post=281252"},{"taxonomy":"post_tag","embeddable":true,"href":"https:\/\/www.miamibeachfl.gov\/de\/wp-json\/wp\/v2\/tags?post=281252"}],"curies":[{"name":"wp","href":"https:\/\/api.w.org\/{rel}","templated":true}]}}