{"id":281300,"date":"2023-11-29T15:02:33","date_gmt":"2023-11-29T20:02:33","guid":{"rendered":"https:\/\/www.miamibeachfl.gov\/?page_id=281300"},"modified":"2025-10-09T14:33:54","modified_gmt":"2025-10-09T18:33:54","slug":"history-of-previous-attorneys","status":"publish","type":"page","link":"https:\/\/www.miamibeachfl.gov\/de\/city-hall\/city-attorney\/history-of-previous-attorneys\/","title":{"rendered":"Ehemalige Anw\u00e4lte der Stadt Miami Beach"},"content":{"rendered":"<h1>\n\t\t\tEhemalige Stadtanw\u00e4lte\t<\/h1>\nMen\u00fc des Stadtanwalts\t\t\t\n\t\t\t\t\t<ul id=\"menu-city-attorney\"><li id=\"menu-item-281297\"><a href=\"\/de\/city-hall\/city-attorney\/\">Startseite des Stadtanwalts<\/a><\/li>\n<li id=\"menu-item-281298\"><a href=\"\/de\/city-hall\/city-attorney\/attorneys\/\">Anw\u00e4lte<\/a><\/li>\n<li id=\"menu-item-281299\"><a href=\"\/de\/city-hall\/city-attorney\/internships\/\">Praktika<\/a><\/li>\n<li id=\"menu-item-281302\"><a href=\"\/de\/city-hall\/city-attorney\/history-of-previous-attorneys\/\">Ehemalige Stadtanw\u00e4lte<\/a><\/li>\n<\/ul>\t\nStadtanwalt Men\u00fc \u00d7\t\t\t\t\t\t<ul id=\"menu-city-attorney-1\"><li id=\"menu-item-281297\"><a href=\"\/de\/city-hall\/city-attorney\/\">Startseite des Stadtanwalts<\/a><\/li>\n<li id=\"menu-item-281298\"><a href=\"\/de\/city-hall\/city-attorney\/attorneys\/\">Anw\u00e4lte<\/a><\/li>\n<li id=\"menu-item-281299\"><a href=\"\/de\/city-hall\/city-attorney\/internships\/\">Praktika<\/a><\/li>\n<li id=\"menu-item-281302\"><a href=\"\/de\/city-hall\/city-attorney\/history-of-previous-attorneys\/\">Ehemalige Stadtanw\u00e4lte<\/a><\/li>\n<\/ul>\t\t\t\t\n\t\t\t\t\t\t\t\t\t\t\t\t\t\t\t\t\t\t\t<p>3\/1915 &#8211; 1918<\/p>\n\t\t\t\t\t\t\t\t\t\t\t\t\t\t\t\t\t\t\t\t\t\t\t<h3>Price &amp; Eyles (Anwaltskanzlei)<\/h3> \t\t\t\t\t\t\t\t\t\t\t\n\t\t\t\t\t\t\t\t\t\t\t\t\t\t\t\t\t\t\t\t\t\t\t\t\t\t\t\t\t\t\t\t\t\t\t\t\t\t\t\t\t\t\t\t\t\t\t\t\t\t\t\t\t\t\t\t<br \/>\n\t\t\t\t\t\t\t\t3\/1915 &#8211; 1918\n\t\t\t\t\t\t\t\t\t\t\t\t\t\t\t\t\t\t\t<p>1918 &#8211; 11\/3\/20<\/p>\n\t\t\t\t\t\t\t\t\t\t\t\t\t\t\t\t\t\t\t\t\t\t\t<h3>RB Gautier<\/h3> \t\t\t\t\t\t\t\t\t\t\t\n\t\t\t\t\t\t\t\t\t\t\t\t\t\t\t\t\t\t\t\t\t\t\t\t\t\t\t\t\t\t\t\t\t\t\t\t\t\t\t\t\t\t\t\t\t\t\t\t\t\t\t\t\t\t\t\t<br \/>\n\t\t\t\t\t\t\t\t1918 &#8211; 11\/3\/20\n\t\t\t\t\t\t\t\t\t\t\t\t\t\t\t\t\t\t\t<p>11\/03\/20 &#8211; 8\/10\/27<\/p>\n\t\t\t\t\t\t\t\t\t\t\t\t\t\t\t\t\t\t\t\t\t\t\t<h3>George E. McCaskill<\/h3> \t\t\t\t\t\t\t\t\t\t\t\n\t\t\t\t\t\t\t\t\t\t\t\t\t\t\t\t\t\t\t\t\t\t\t\t\t\t\t\t\t\t\t\t\t\t\t\t\t\t\t\t\t\t\t\t\t\t\t\t\t\t\t\t\t\t\t\t<br \/>\n\t\t\t\t\t\t\t\t11\/03\/20 &#8211; 8\/10\/27\n\t\t\t\t\t\t\t\t\t\t\t\t\t\t\t\t\t\t\t<p>8\/10\/27 &#8211; 6\/13\/28<\/p>\n\t\t\t\t\t\t\t\t\t\t\t\t\t\t\t\t\t\t\t\t\t\t\t<h3>John G. McKay<\/h3> \t\t\t\t\t\t\t\t\t\t\t\n\t\t\t\t\t\t\t\t\t\t\t\t\t\t\t\t\t\t\t\t\t\t\t\t\t\t\t\t\t\t\t\t\t\t\t\t\t\t\t\t\t\t\t\t\t\t\t\t\t\t\t\t\t\t\t\t<br \/>\n\t\t\t\t\t\t\t\t8\/10\/27 &#8211; 6\/13\/28\n\t\t\t\t\t\t\t\t\t\t\t\t\t\t\t\t\t\t\t<p>6\/13\/28 &#8211; 1\/9\/33<\/p>\n\t\t\t\t\t\t\t\t\t\t\t\t\t\t\t\t\t\t\t\t\t\t\t<h3>J. Harvey Robillard<\/h3> \t\t\t\t\t\t\t\t\t\t\t\n\t\t\t\t\t\t\t\t\t\t\t\t\t\t\t\t\t\t\t\t\t\t\t\t\t\t\t\t\t\t\t\t\t\t\t\t\t\t\t\t\t\t\t\t\t\t\t\t\t\t\t\t\t\t\t\t<br \/>\n\t\t\t\t\t\t\t\t6\/13\/28 &#8211; 1\/9\/33\n\t\t\t\t\t\t\t\t\t\t\t\t\t\t\t\t\t\t\t<p>1\/9\/33 &#8211; 12\/20\/34<\/p>\n\t\t\t\t\t\t\t\t\t\t\t\t\t\t\t\t\t\t\t\t\t\t\t<h3>BR Cisco<\/h3> \t\t\t\t\t\t\t\t\t\t\t\n\t\t\t\t\t\t\t\t\t\t\t\t\t\t\t\t\t\t\t\t\t\t\t\t\t\t\t\t\t\t\t\t\t\t\t\t\t\t\t\t\t\t\t\t\t\t\t\t\t\t\t\t\t\t\t\t<br \/>\n\t\t\t\t\t\t\t\t1\/9\/33 &#8211; 12\/20\/34\n\t\t\t\t\t\t\t\t\t\t\t\t\t\t\t\t\t\t\t<p>12\/20\/34 &#8211; 6\/6\/41<\/p>\n\t\t\t\t\t\t\t\t\t\t\t\t\t\t\t\t\t\t\t\t\t\t\t<h3>Harvey Robillard<\/h3> \t\t\t\t\t\t\t\t\t\t\t\n\t\t\t\t\t\t\t\t\t\t\t\t\t\t\t\t\t\t\t\t\t\t\t\t\t\t\t\t\t\t\t\t\t\t\t\t\t\t\t\t\t\t\t\t\t\t\t\t\t\t\t\t\t\t\t\t<br \/>\n\t\t\t\t\t\t\t\t12\/20\/34 &#8211; 6\/6\/41\n\t\t\t\t\t\t\t\t\t\t\t\t\t\t\t\t\t\t\t<p>6\/6\/41 &#8211; 7\/6\/55<\/p>\n\t\t\t\t\t\t\t\t\t\t\t\t\t\t\t\t\t\t\t\t\t\t\t<h3>Ben Shepard<\/h3> \t\t\t\t\t\t\t\t\t\t\t\n\t\t\t\t\t\t\t\t\t\t\t\t\t\t\t\t\t\t\t\t\t\t\t\t\t\t\t\t\t\t\t\t\t\t\t\t\t\t\t\t\t\t\t\t\t\t\t\t\t\t\t\t\t\t\t\t<br \/>\n\t\t\t\t\t\t\t\t6\/6\/41 &#8211; 7\/6\/55\n\t\t\t\t\t\t\t\t\t\t\t\t\t\t\t\t\t\t\t<p>7\/6\/55 &#8211; 6\/5\/57<\/p>\n\t\t\t\t\t\t\t\t\t\t\t\t\t\t\t\t\t\t\t\t\t\t\t<h3>Joseph Wanick (Schauspiel)<\/h3> \t\t\t\t\t\t\t\t\t\t\t\n\t\t\t\t\t\t\t\t\t\t\t\t\t\t\t\t\t\t\t\t\t\t\t\t\t\t\t\t\t\t\t\t\t\t\t\t\t\t\t\t\t\t\t\t\t\t\t\t\t\t\t\t\t\t\t\t<br \/>\n\t\t\t\t\t\t\t\t7\/6\/55 &#8211; 6\/5\/57\n\t\t\t\t\t\t\t\t\t\t\t\t\t\t\t\t\t\t\t<p>6\/5\/57 &#8211; 2\/13\/79<\/p>\n\t\t\t\t\t\t\t\t\t\t\t\t\t\t\t\t\t\t\t\t\t\t\t<h3>Joseph Wanick<\/h3> \t\t\t\t\t\t\t\t\t\t\t\n\t\t\t\t\t\t\t\t\t\t\t\t\t\t\t\t\t\t\t\t\t\t\t\t\t\t\t\t\t\t\t\t\t\t\t\t\t\t\t\t\t\t\t\t\t\t\t\t\t\t\t\t\t\t\t\t<br \/>\n\t\t\t\t\t\t\t\t6\/5\/57 &#8211; 2\/13\/79\n\t\t\t\t\t\t\t\t\t\t\t\t\t\t\t\t\t\t\t<p>2\/13\/79 &#8211; 1\/2\/80<\/p>\n\t\t\t\t\t\t\t\t\t\t\t\t\t\t\t\t\t\t\t\t\t\t\t<h3>Robert Shevin<\/h3> \t\t\t\t\t\t\t\t\t\t\t\n\t\t\t\t\t\t\t\t\t\t\t\t\t\t\t\t\t\t\t\t\t\t\t\t\t\t\t\t\t\t\t\t\t\t\t\t\t\t\t\t\t\t\t\t\t\t\t\t\t\t\t\t\t\t\t\t<br \/>\n\t\t\t\t\t\t\t\t2\/13\/79 &#8211; 1\/2\/80\n\t\t\t\t\t\t\t\t\t\t\t\t\t\t\t\t\t\t\t<p>3\/15\/80 &#8211; 1\/31\/83<\/p>\n\t\t\t\t\t\t\t\t\t\t\t\t\t\t\t\t\t\t\t\t\t\t\t<h3>John Ritter<\/h3> \t\t\t\t\t\t\t\t\t\t\t\n\t\t\t\t\t\t\t\t\t\t\t\t\t\t\t\t\t\t\t\t\t\t\t\t\t\t\t\t\t\t\t\t\t\t\t\t\t\t\t\t\t\t\t\t\t\t\t\t\t\t\t\t\t\t\t\t<br \/>\n\t\t\t\t\t\t\t\t3\/15\/80 &#8211; 1\/31\/83\n\t\t\t\t\t\t\t\t\t\t\t\t\t\t\t\t\t\t\t<p>1\/31\/83 &#8211; 2\/28\/83<\/p>\n\t\t\t\t\t\t\t\t\t\t\t\t\t\t\t\t\t\t\t\t\t\t\t<h3>Willard K. Splittstoesser (Schauspiel)<\/h3> \t\t\t\t\t\t\t\t\t\t\t\n\t\t\t\t\t\t\t\t\t\t\t\t\t\t\t\t\t\t\t\t\t\t\t\t\t\t\t\t\t\t\t\t\t\t\t\t\t\t\t\t\t\t\t\t\t\t\t\t\t\t\t\t\t\t\t\t<br \/>\n\t\t\t\t\t\t\t\t1\/31\/83 &#8211; 2\/28\/83\n\t\t\t\t\t\t\t\t\t\t\t\t\t\t\t\t\t\t\t<p>2\/16\/83 &#8211; 7\/25\/84<\/p>\n\t\t\t\t\t\t\t\t\t\t\t\t\t\t\t\t\t\t\t\t\t\t\t<h3>Lucia Dougherty<\/h3> \t\t\t\t\t\t\t\t\t\t\t\n\t\t\t\t\t\t\t\t\t\t\t\t\t\t\t\t\t\t\t\t\t\t\t\t\t\t\t\t\t\t\t\t\t\t\t\t\t\t\t\t\t\t\t\t\t\t\t\t\t\t\t\t\t\t\t\t<br \/>\n\t\t\t\t\t\t\t\t2\/16\/83 &#8211; 7\/25\/84\n\t\t\t\t\t\t\t\t\t\t\t\t\t\t\t\t\t\t\t<p>7\/25\/84 &#8211; 9\/19\/84<\/p>\n\t\t\t\t\t\t\t\t\t\t\t\t\t\t\t\t\t\t\t\t\t\t\t<h3>M. Louise Barrett (Schauspiel)<\/h3> \t\t\t\t\t\t\t\t\t\t\t\n\t\t\t\t\t\t\t\t\t\t\t\t\t\t\t\t\t\t\t\t\t\t\t\t\t\t\t\t\t\t\t\t\t\t\t\t\t\t\t\t\t\t\t\t\t\t\t\t\t\t\t\t\t\t\t\t<br \/>\n\t\t\t\t\t\t\t\t7\/25\/84 &#8211; 9\/19\/84\n\t\t\t\t\t\t\t\t\t\t\t\t\t\t\t\t\t\t\t<p>9\/19\/84 &#8211; 12\/6\/89<\/p>\n\t\t\t\t\t\t\t\t\t\t\t\t\t\t\t\t\t\t\t\t\t\t\t<h3>Arnold M. Weiner<\/h3> \t\t\t\t\t\t\t\t\t\t\t\n\t\t\t\t\t\t\t\t\t\t\t\t\t\t\t\t\t\t\t\t\t\t\t\t\t\t\t\t\t\t\t\t\t\t\t\t\t\t\t\t\t\t\t\t\t\t\t\t\t\t\t\t\t\t\t\t<br \/>\n\t\t\t\t\t\t\t\t9\/19\/84 &#8211; 12\/6\/89\n\t\t\t\t\t\t\t\t\t\t\t\t\t\t\t\t\t\t\t<p>12\/6\/89 &#8211; 3\/5\/90<\/p>\n\t\t\t\t\t\t\t\t\t\t\t\t\t\t\t\t\t\t\t\t\t\t\t<h3>Lucia Dougherty (Schauspiel)<\/h3> \t\t\t\t\t\t\t\t\t\t\t\n\t\t\t\t\t\t\t\t\t\t\t\t\t\t\t\t\t\t\t\t\t\t\t\t\t\t\t\t\t\t\t\t\t\t\t\t\t\t\t\t\t\t\t\t\t\t\t\t\t\t\t\t\t\t\t\t<br \/>\n\t\t\t\t\t\t\t\t12\/6\/89 &#8211; 3\/5\/90\n\t\t\t\t\t\t\t\t\t\t\t\t\t\t\t\t\t\t\t<p>3\/5\/90 &#8211; 6\/21\/95<\/p>\n\t\t\t\t\t\t\t\t\t\t\t\t\t\t\t\t\t\t\t\t\t\t\t<h3>Laurence Feingold<\/h3> \t\t\t\t\t\t\t\t\t\t\t\n\t\t\t\t\t\t\t\t\t\t\t\t\t\t\t\t\t\t\t\t\t\t\t\t\t\t\t\t\t\t\t\t\t\t\t\t\t\t\t\t\t\t\t\t\t\t\t\t\t\t\t\t\t\t\t\t<br \/>\n\t\t\t\t\t\t\t\t3\/5\/90 &#8211; 6\/21\/95\n\t\t\t\t\t\t\t\t\t\t\t\t\t\t\t\t\t\t\t<p>6\/21\/95 &#8211; 4\/11\/2006<\/p>\n\t\t\t\t\t\t\t\t\t\t\t\t\t\t\t\t\t\t\t\t\t\t\t<h3>Murray Dubbin<\/h3> \t\t\t\t\t\t\t\t\t\t\t\n\t\t\t\t\t\t\t\t\t\t\t\t\t\t\t\t\t\t\t\t\t\t\t\t\t\t\t\t\t\t\t\t\t\t\t\t\t\t\t\t\t\t\t\t\t\t\t\t\t\t\t\t\t\t\t\t<br \/>\n\t\t\t\t\t\t\t\t6\/21\/95 &#8211; 4\/11\/2006\n\t\t\t\t\t\t\t\t\t\t\t\t\t\t\t\t\t\t\t<p>4\/11\/2006 &#8211; 5\/16\/2014<\/p>\n\t\t\t\t\t\t\t\t\t\t\t\t\t\t\t\t\t\t\t\t\t\t\t<h3>Jos\u00e9 Smith<\/h3> \t\t\t\t\t\t\t\t\t\t\t\n\t\t\t\t\t\t\t\t\t\t\t\t\t\t\t\t\t\t\t\t\t\t\t\t\t\t\t\t\t\t\t\t\t\t\t\t\t\t\t\t\t\t\t\t\t\t\t\t\t\t\t\t\t\t\t\t<br \/>\n\t\t\t\t\t\t\t\t4\/11\/2006 &#8211; 5\/16\/2014\n\t\t\t\t\t\t\t\t\t\t\t\t\t\t\t\t\t\t\t<p>16.05.2014 bis 08.12.2020<\/p>\n\t\t\t\t\t\t\t\t\t\t\t\t\t\t\t\t\t\t\t\t\t\t\t<h3>Raul J. Aguila<\/h3> \t\t\t\t\t\t\t\t\t\t\t\n\t\t\t\t\t\t\t\t\t\t\t\t\t\t\t\t\t\t\t\t\t\t\t\t\t\t\t\t\t\t\t\t\t\t\t\t\t\t\t\t\t\t\t\t\t\t\t\t\t\t\t\t\t\t\t\t<br \/>\n\t\t\t\t\t\t\t\t16.05.2014 bis 08.12.2020\n\t\t\t\t\t\t\t\t\t\t\t\t\t\t\t\t\t\t\t<p>12.09.2020 bis 10.12.2021<\/p>\n\t\t\t\t\t\t\t\t\t\t\t\t\t\t\t\t\t\t\t\t\t\t\t<h3>Rafael A. Paz (Schauspiel)<\/h3> \t\t\t\t\t\t\t\t\t\t\t\n\t\t\t\t\t\t\t\t\t\t\t\t\t\t\t\t\t\t\t\t\t\t\t\t\t\t\t\t\t\t\t\t\t\t\t\t\t\t\t\t\t\t\t\t\t\t\t\t\t\t\t\t\t\t\t\t<br \/>\n\t\t\t\t\t\t\t\t12.09.2020 bis 10.12.2021\n\t\t\t\t\t\t\t\t\t\t\t\t\t\t\t\t\t\t\t<p>13.10.2021 bis 03.04.2024<\/p>\n\t\t\t\t\t\t\t\t\t\t\t\t\t\t\t\t\t\t\t\t\t\t\t<h3>Rafael A. Paz<\/h3> \t\t\t\t\t\t\t\t\t\t\t\n\t\t\t\t\t\t\t\t13.10.2021 bis 03.04.2024\n\t\t\t\t\t\t\t\t\t\t\t\t\t\t\t\t\t<a href=\"\/de\/city-hall\/city-attorney\/attorneys\/ricardojdopico\/\" target=\"_self\">\n\t\t\t\t\t\t\t\t\t\t\t\t\t\t\t\t\t\t\t<p>04.03.2024 bis heute<\/p>\n\t\t\t\t\t\t\t\t\t\t\t\t\t\t\t\t\t\t\t\t\t\t\t<h3>Ricardo J. Dopico<\/h3> \t\t\t\t\t\t\t\t\t\t\t\n\t\t\t\t\t\t\t\t\t\t\t\t\t\t\t\t\t<\/a>\n\t\t\t\t\t\t\t\t04.03.2024 bis heute\n\t\t<h2>\n\t\t\tNeue Uniformen\t<\/h2>","protected":false},"excerpt":{"rendered":"<p>Ehemalige Stadtanw\u00e4lte Stadtanwalt Men\u00fc Stadtanwalt Startseite Anw\u00e4lte Praktika Ehemalige Stadtanw\u00e4lte Stadtanwalt Men\u00fc \u00d7 Stadtanwalt [\u2026]<\/p>","protected":false},"author":222,"featured_media":0,"parent":280246,"menu_order":0,"comment_status":"closed","ping_status":"closed","template":"","meta":{"_searchwp_excluded":"","site-sidebar-layout":"default","site-content-layout":"","ast-site-content-layout":"default","site-content-style":"default","site-sidebar-style":"default","ast-global-header-display":"","ast-banner-title-visibility":"","ast-main-header-display":"","ast-hfb-above-header-display":"","ast-hfb-below-header-display":"","ast-hfb-mobile-header-display":"","site-post-title":"","ast-breadcrumbs-content":"","ast-featured-img":"","footer-sml-layout":"","theme-transparent-header-meta":"","adv-header-id-meta":"","stick-header-meta":"","header-above-stick-meta":"","header-main-stick-meta":"","header-below-stick-meta":"","astra-migrate-meta-layouts":"default","ast-page-background-enabled":"default","ast-page-background-meta":{"desktop":{"background-color":"var(--ast-global-color-5)","background-image":"","background-repeat":"repeat","background-position":"center center","background-size":"auto","background-attachment":"scroll","background-type":"","background-media":"","overlay-type":"","overlay-color":"","overlay-opacity":"","overlay-gradient":""},"tablet":{"background-color":"","background-image":"","background-repeat":"repeat","background-position":"center center","background-size":"auto","background-attachment":"scroll","background-type":"","background-media":"","overlay-type":"","overlay-color":"","overlay-opacity":"","overlay-gradient":""},"mobile":{"background-color":"","background-image":"","background-repeat":"repeat","background-position":"center center","background-size":"auto","background-attachment":"scroll","background-type":"","background-media":"","overlay-type":"","overlay-color":"","overlay-opacity":"","overlay-gradient":""}},"ast-content-background-meta":{"desktop":{"background-color":"var(--ast-global-color-4)","background-image":"","background-repeat":"repeat","background-position":"center center","background-size":"auto","background-attachment":"scroll","background-type":"","background-media":"","overlay-type":"","overlay-color":"","overlay-opacity":"","overlay-gradient":""},"tablet":{"background-color":"var(--ast-global-color-4)","background-image":"","background-repeat":"repeat","background-position":"center center","background-size":"auto","background-attachment":"scroll","background-type":"","background-media":"","overlay-type":"","overlay-color":"","overlay-opacity":"","overlay-gradient":""},"mobile":{"background-color":"var(--ast-global-color-4)","background-image":"","background-repeat":"repeat","background-position":"center center","background-size":"auto","background-attachment":"scroll","background-type":"","background-media":"","overlay-type":"","overlay-color":"","overlay-opacity":"","overlay-gradient":""}},"footnotes":""},"categories":[],"tags":[],"class_list":["post-281300","page","type-page","status-publish","hentry"],"yoast_head":"<!-- This site is optimized with the Yoast SEO Premium plugin v26.6 (Yoast SEO v26.6) - https:\/\/yoast.com\/wordpress\/plugins\/seo\/ -->\n<title>Past City of Miami Beach Attorneys - City of Miami Beach<\/title>\n<meta name=\"description\" content=\"Timeline of past City of Miami Beach Attorneys\" \/>\n<meta name=\"robots\" content=\"index, follow, max-snippet:-1, max-image-preview:large, max-video-preview:-1\" \/>\n<link rel=\"canonical\" href=\"https:\/\/www.miamibeachfl.gov\/de\/city-hall\/city-attorney\/history-of-previous-attorneys\/\" \/>\n<meta property=\"og:locale\" content=\"de_DE\" \/>\n<meta property=\"og:type\" content=\"article\" \/>\n<meta property=\"og:title\" content=\"Past City of Miami Beach Attorneys\" \/>\n<meta property=\"og:description\" content=\"Timeline of past City of Miami Beach Attorneys\" \/>\n<meta property=\"og:url\" content=\"https:\/\/www.miamibeachfl.gov\/de\/city-hall\/city-attorney\/history-of-previous-attorneys\/\" \/>\n<meta property=\"og:site_name\" content=\"City of Miami Beach\" \/>\n<meta property=\"article:publisher\" content=\"https:\/\/www.facebook.com\/cityofmiamibeach\" \/>\n<meta property=\"article:modified_time\" content=\"2025-10-09T18:33:54+00:00\" \/>\n<meta property=\"og:image\" content=\"https:\/\/www.miamibeachfl.gov\/wp-content\/uploads\/2024\/01\/1000pxSquare-miamibeach-aerial-southpointview.jpeg\" \/>\n\t<meta property=\"og:image:width\" content=\"1000\" \/>\n\t<meta property=\"og:image:height\" content=\"1000\" \/>\n\t<meta property=\"og:image:type\" content=\"image\/jpeg\" \/>\n<meta name=\"twitter:card\" content=\"summary_large_image\" \/>\n<meta name=\"twitter:site\" content=\"@Miamibeachnews\" \/>\n<script type=\"application\/ld+json\" class=\"yoast-schema-graph\">{\"@context\":\"https:\/\/schema.org\",\"@graph\":[{\"@type\":\"WebPage\",\"@id\":\"https:\/\/www.miamibeachfl.gov\/city-hall\/city-attorney\/history-of-previous-attorneys\/\",\"url\":\"https:\/\/www.miamibeachfl.gov\/city-hall\/city-attorney\/history-of-previous-attorneys\/\",\"name\":\"Past City of Miami Beach Attorneys - City of Miami Beach\",\"isPartOf\":{\"@id\":\"https:\/\/www.miamibeachfl.gov\/#website\"},\"datePublished\":\"2023-11-29T20:02:33+00:00\",\"dateModified\":\"2025-10-09T18:33:54+00:00\",\"description\":\"Timeline of past City of Miami Beach Attorneys\",\"breadcrumb\":{\"@id\":\"https:\/\/www.miamibeachfl.gov\/city-hall\/city-attorney\/history-of-previous-attorneys\/#breadcrumb\"},\"inLanguage\":\"de\",\"potentialAction\":[{\"@type\":\"ReadAction\",\"target\":[\"https:\/\/www.miamibeachfl.gov\/city-hall\/city-attorney\/history-of-previous-attorneys\/\"]}]},{\"@type\":\"BreadcrumbList\",\"@id\":\"https:\/\/www.miamibeachfl.gov\/city-hall\/city-attorney\/history-of-previous-attorneys\/#breadcrumb\",\"itemListElement\":[{\"@type\":\"ListItem\",\"position\":1,\"name\":\"Home\",\"item\":\"https:\/\/www.miamibeachfl.gov\/\"},{\"@type\":\"ListItem\",\"position\":2,\"name\":\"City Hall\",\"item\":\"https:\/\/www.miamibeachfl.gov\/city-hall\/\"},{\"@type\":\"ListItem\",\"position\":3,\"name\":\"City Attorney\",\"item\":\"https:\/\/www.miamibeachfl.gov\/city-hall\/city-attorney\/\"},{\"@type\":\"ListItem\",\"position\":4,\"name\":\"Past City of Miami Beach Attorneys\"}]},{\"@type\":\"WebSite\",\"@id\":\"https:\/\/www.miamibeachfl.gov\/#website\",\"url\":\"https:\/\/www.miamibeachfl.gov\/\",\"name\":\"City of Miami Beach\",\"description\":\"The official website of the City of Miami Beach. Stay informed, find important information on city services, news, alerts, events, trolley routes, government employment and more.\",\"publisher\":{\"@id\":\"https:\/\/www.miamibeachfl.gov\/#organization\"},\"potentialAction\":[{\"@type\":\"SearchAction\",\"target\":{\"@type\":\"EntryPoint\",\"urlTemplate\":\"https:\/\/www.miamibeachfl.gov\/?s={search_term_string}\"},\"query-input\":{\"@type\":\"PropertyValueSpecification\",\"valueRequired\":true,\"valueName\":\"search_term_string\"}}],\"inLanguage\":\"de\"},{\"@type\":\"Organization\",\"@id\":\"https:\/\/www.miamibeachfl.gov\/#organization\",\"name\":\"City of Miami Beach\",\"url\":\"https:\/\/www.miamibeachfl.gov\/\",\"logo\":{\"@type\":\"ImageObject\",\"inLanguage\":\"de\",\"@id\":\"https:\/\/www.miamibeachfl.gov\/#\/schema\/logo\/image\/\",\"url\":\"https:\/\/www.miamibeachfl.gov\/wp-content\/uploads\/2022\/06\/miamibeach-logoblue.png\",\"contentUrl\":\"https:\/\/www.miamibeachfl.gov\/wp-content\/uploads\/2022\/06\/miamibeach-logoblue.png\",\"width\":1962,\"height\":381,\"caption\":\"City of Miami Beach\"},\"image\":{\"@id\":\"https:\/\/www.miamibeachfl.gov\/#\/schema\/logo\/image\/\"},\"sameAs\":[\"https:\/\/www.facebook.com\/cityofmiamibeach\",\"https:\/\/x.com\/Miamibeachnews\",\"https:\/\/www.instagram.com\/miamibeachnews\/\"],\"description\":\"The official website of the City of Miami Beach. Stay informed, find important information on city services, news, alerts, events, trolley routes, government employment and more.\",\"telephone\":\"305.604.CITY(2489)\",\"legalName\":\"City of Miami Beach\"}]}<\/script>\n<!-- \/ Yoast SEO Premium plugin. -->","yoast_head_json":{"title":"Ehemalige Anw\u00e4lte der Stadt Miami Beach - Stadt Miami Beach","description":"Zeitleiste der fr\u00fcheren Anw\u00e4lte der Stadt Miami Beach","robots":{"index":"index","follow":"follow","max-snippet":"max-snippet:-1","max-image-preview":"max-image-preview:large","max-video-preview":"max-video-preview:-1"},"canonical":"https:\/\/www.miamibeachfl.gov\/de\/city-hall\/city-attorney\/history-of-previous-attorneys\/","og_locale":"de_DE","og_type":"article","og_title":"Past City of Miami Beach Attorneys","og_description":"Timeline of past City of Miami Beach Attorneys","og_url":"https:\/\/www.miamibeachfl.gov\/de\/city-hall\/city-attorney\/history-of-previous-attorneys\/","og_site_name":"City of Miami Beach","article_publisher":"https:\/\/www.facebook.com\/cityofmiamibeach","article_modified_time":"2025-10-09T18:33:54+00:00","og_image":[{"width":1000,"height":1000,"url":"https:\/\/www.miamibeachfl.gov\/wp-content\/uploads\/2024\/01\/1000pxSquare-miamibeach-aerial-southpointview.jpeg","type":"image\/jpeg"}],"twitter_card":"summary_large_image","twitter_site":"@Miamibeachnews","schema":{"@context":"https:\/\/schema.org","@graph":[{"@type":"WebPage","@id":"https:\/\/www.miamibeachfl.gov\/city-hall\/city-attorney\/history-of-previous-attorneys\/","url":"https:\/\/www.miamibeachfl.gov\/city-hall\/city-attorney\/history-of-previous-attorneys\/","name":"Ehemalige Anw\u00e4lte der Stadt Miami Beach - Stadt Miami Beach","isPartOf":{"@id":"https:\/\/www.miamibeachfl.gov\/#website"},"datePublished":"2023-11-29T20:02:33+00:00","dateModified":"2025-10-09T18:33:54+00:00","description":"Zeitleiste der fr\u00fcheren Anw\u00e4lte der Stadt Miami Beach","breadcrumb":{"@id":"https:\/\/www.miamibeachfl.gov\/city-hall\/city-attorney\/history-of-previous-attorneys\/#breadcrumb"},"inLanguage":"de","potentialAction":[{"@type":"ReadAction","target":["https:\/\/www.miamibeachfl.gov\/city-hall\/city-attorney\/history-of-previous-attorneys\/"]}]},{"@type":"BreadcrumbList","@id":"https:\/\/www.miamibeachfl.gov\/city-hall\/city-attorney\/history-of-previous-attorneys\/#breadcrumb","itemListElement":[{"@type":"ListItem","position":1,"name":"Home","item":"https:\/\/www.miamibeachfl.gov\/"},{"@type":"ListItem","position":2,"name":"City Hall","item":"https:\/\/www.miamibeachfl.gov\/city-hall\/"},{"@type":"ListItem","position":3,"name":"City Attorney","item":"https:\/\/www.miamibeachfl.gov\/city-hall\/city-attorney\/"},{"@type":"ListItem","position":4,"name":"Past City of Miami Beach Attorneys"}]},{"@type":"WebSite","@id":"https:\/\/www.miamibeachfl.gov\/#website","url":"https:\/\/www.miamibeachfl.gov\/","name":"Stadt Miami Beach","description":"Die offizielle Website der Stadt Miami Beach. Bleiben Sie informiert und finden Sie wichtige Informationen zu st\u00e4dtischen Dienstleistungen, Neuigkeiten, Warnungen, Veranstaltungen, Stra\u00dfenbahnlinien, Stellenangeboten im \u00f6ffentlichen Dienst und mehr.","publisher":{"@id":"https:\/\/www.miamibeachfl.gov\/#organization"},"potentialAction":[{"@type":"SearchAction","target":{"@type":"EntryPoint","urlTemplate":"https:\/\/www.miamibeachfl.gov\/?s={search_term_string}"},"query-input":{"@type":"PropertyValueSpecification","valueRequired":true,"valueName":"search_term_string"}}],"inLanguage":"de"},{"@type":"Organization","@id":"https:\/\/www.miamibeachfl.gov\/#organization","name":"Stadt Miami Beach","url":"https:\/\/www.miamibeachfl.gov\/","logo":{"@type":"ImageObject","inLanguage":"de","@id":"https:\/\/www.miamibeachfl.gov\/#\/schema\/logo\/image\/","url":"https:\/\/www.miamibeachfl.gov\/wp-content\/uploads\/2022\/06\/miamibeach-logoblue.png","contentUrl":"https:\/\/www.miamibeachfl.gov\/wp-content\/uploads\/2022\/06\/miamibeach-logoblue.png","width":1962,"height":381,"caption":"City of Miami Beach"},"image":{"@id":"https:\/\/www.miamibeachfl.gov\/#\/schema\/logo\/image\/"},"sameAs":["https:\/\/www.facebook.com\/cityofmiamibeach","https:\/\/x.com\/Miamibeachnews","https:\/\/www.instagram.com\/miamibeachnews\/"],"description":"Die offizielle Website der Stadt Miami Beach. Bleiben Sie informiert und finden Sie wichtige Informationen zu st\u00e4dtischen Dienstleistungen, Neuigkeiten, Warnungen, Veranstaltungen, Stra\u00dfenbahnlinien, Stellenangeboten im \u00f6ffentlichen Dienst und mehr.","telephone":"305.604.CITY(2489)","legalName":"City of Miami Beach"}]}},"_links":{"self":[{"href":"https:\/\/www.miamibeachfl.gov\/de\/wp-json\/wp\/v2\/pages\/281300","targetHints":{"allow":["GET"]}}],"collection":[{"href":"https:\/\/www.miamibeachfl.gov\/de\/wp-json\/wp\/v2\/pages"}],"about":[{"href":"https:\/\/www.miamibeachfl.gov\/de\/wp-json\/wp\/v2\/types\/page"}],"author":[{"embeddable":true,"href":"https:\/\/www.miamibeachfl.gov\/de\/wp-json\/wp\/v2\/users\/222"}],"replies":[{"embeddable":true,"href":"https:\/\/www.miamibeachfl.gov\/de\/wp-json\/wp\/v2\/comments?post=281300"}],"version-history":[{"count":0,"href":"https:\/\/www.miamibeachfl.gov\/de\/wp-json\/wp\/v2\/pages\/281300\/revisions"}],"up":[{"embeddable":true,"href":"https:\/\/www.miamibeachfl.gov\/de\/wp-json\/wp\/v2\/pages\/280246"}],"wp:attachment":[{"href":"https:\/\/www.miamibeachfl.gov\/de\/wp-json\/wp\/v2\/media?parent=281300"}],"wp:term":[{"taxonomy":"category","embeddable":true,"href":"https:\/\/www.miamibeachfl.gov\/de\/wp-json\/wp\/v2\/categories?post=281300"},{"taxonomy":"post_tag","embeddable":true,"href":"https:\/\/www.miamibeachfl.gov\/de\/wp-json\/wp\/v2\/tags?post=281300"}],"curies":[{"name":"wp","href":"https:\/\/api.w.org\/{rel}","templated":true}]}}