{"id":281433,"date":"2023-12-01T09:48:59","date_gmt":"2023-12-01T14:48:59","guid":{"rendered":"https:\/\/www.miamibeachfl.gov\/?page_id=281433"},"modified":"2025-05-25T10:50:20","modified_gmt":"2025-05-25T14:50:20","slug":"giselantorres","status":"publish","type":"page","link":"https:\/\/www.miamibeachfl.gov\/de\/city-hall\/city-attorney\/attorneys\/giselantorres\/","title":{"rendered":"Gisela N. Torres <br> Leitender stellvertretender Stadtanwalt"},"content":{"rendered":"<h1>\n\t\t\tGisela N. Torres\t<\/h1>\n<h1>\n\t\t\tLeitender stellvertretender Stadtanwalt\t<\/h1>\nStadtanwalt\t\t\t\n\t\t\t\t\t<ul id=\"menu-city-attorney\"><li id=\"menu-item-281297\"><a href=\"\/de\/city-hall\/city-attorney\/\">Startseite des Stadtanwalts<\/a><\/li>\n<li id=\"menu-item-281298\"><a href=\"\/de\/city-hall\/city-attorney\/attorneys\/\">Anw\u00e4lte<\/a><\/li>\n<li id=\"menu-item-281299\"><a href=\"\/de\/city-hall\/city-attorney\/internships\/\">Praktika<\/a><\/li>\n<li id=\"menu-item-281302\"><a href=\"\/de\/city-hall\/city-attorney\/history-of-previous-attorneys\/\">Ehemalige Stadtanw\u00e4lte<\/a><\/li>\n<\/ul>\t\nStadtanwalt \u00d7\t\t\t\t\t\t<ul id=\"menu-city-attorney-1\"><li id=\"menu-item-281297\"><a href=\"\/de\/city-hall\/city-attorney\/\">Startseite des Stadtanwalts<\/a><\/li>\n<li id=\"menu-item-281298\"><a href=\"\/de\/city-hall\/city-attorney\/attorneys\/\">Anw\u00e4lte<\/a><\/li>\n<li id=\"menu-item-281299\"><a href=\"\/de\/city-hall\/city-attorney\/internships\/\">Praktika<\/a><\/li>\n<li id=\"menu-item-281302\"><a href=\"\/de\/city-hall\/city-attorney\/history-of-previous-attorneys\/\">Ehemalige Stadtanw\u00e4lte<\/a><\/li>\n<\/ul>\t\t\t\t\n\t\t\t\t<img decoding=\"async\" src=\"https:\/\/www.miamibeachfl.gov\/wp-content\/uploads\/bb-plugin\/cache\/GiselaTorres-Circle-circle.png\" alt=\"Gisela N. Torres\" title=\"GiselaTorres-Kreis\" itemprop=\"image\"\/>\n\t\t<h2>\n\t\t\tNeue Uniformen\t<\/h2>\n\t<p><strong>Ausbildung<\/strong>: Florida International University, Miami, Florida (BA 1987); Nova Southeastern University, Davie, Florida (JD 1990)<\/p>\n<p><strong>Mitglied:<\/strong>\u00a0\u00a0Florida Bar<\/p>\n<p>Frau Torres ist seit 2014 in der Staatsanwaltschaft t\u00e4tig. Ihre T\u00e4tigkeitsschwerpunkte umfassen die Verhandlung und Vorbereitung von st\u00e4dtischen Vertr\u00e4gen im Zusammenhang mit Immobilientransaktionen, Verm\u00f6gensverwaltungsvertr\u00e4gen, Mietvertr\u00e4gen und Dienstleistungsvertr\u00e4gen. Zu ihren Aufgaben geh\u00f6ren au\u00dferdem die Ausarbeitung von Beschl\u00fcssen und die Rechtsberatung des st\u00e4dtischen Immobilienamts (Abteilung Tourismus, Kultur und Wirtschaftsentwicklung), des Amts f\u00fcr Wohnungswesen und kommunale Dienste sowie der Beschaffungsabteilung.<\/p>\n<p>Vor ihrem Eintritt in die Staatsanwaltschaft war Frau Torres ein Jahr lang als Leasingspezialistin im st\u00e4dtischen Immobilienb\u00fcro der Abteilung f\u00fcr Tourismus, Kultur und Wirtschaftsentwicklung t\u00e4tig. Zuvor war Frau Torres als freiberufliche Kanzlei t\u00e4tig und konzentrierte sich auf Immobilientransaktionen und Wirtschaftsstreitigkeiten.<\/p>","protected":false},"excerpt":{"rendered":"<p>Gisela N. Torres Senior Assistant City Attorney City Attorney City Attorney Home Attorneys Internships Past City Attorneys City Attorney \u00d7 [&hellip;]<\/p>\n","protected":false},"author":222,"featured_media":281435,"parent":281293,"menu_order":14,"comment_status":"closed","ping_status":"closed","template":"","meta":{"_searchwp_excluded":"","site-sidebar-layout":"default","site-content-layout":"","ast-site-content-layout":"default","site-content-style":"default","site-sidebar-style":"default","ast-global-header-display":"","ast-banner-title-visibility":"","ast-main-header-display":"","ast-hfb-above-header-display":"","ast-hfb-below-header-display":"","ast-hfb-mobile-header-display":"","site-post-title":"","ast-breadcrumbs-content":"","ast-featured-img":"","footer-sml-layout":"","theme-transparent-header-meta":"","adv-header-id-meta":"","stick-header-meta":"","header-above-stick-meta":"","header-main-stick-meta":"","header-below-stick-meta":"","astra-migrate-meta-layouts":"default","ast-page-background-enabled":"default","ast-page-background-meta":{"desktop":{"background-color":"var(--ast-global-color-5)","background-image":"","background-repeat":"repeat","background-position":"center center","background-size":"auto","background-attachment":"scroll","background-type":"","background-media":"","overlay-type":"","overlay-color":"","overlay-opacity":"","overlay-gradient":""},"tablet":{"background-color":"","background-image":"","background-repeat":"repeat","background-position":"center center","background-size":"auto","background-attachment":"scroll","background-type":"","background-media":"","overlay-type":"","overlay-color":"","overlay-opacity":"","overlay-gradient":""},"mobile":{"background-color":"","background-image":"","background-repeat":"repeat","background-position":"center center","background-size":"auto","background-attachment":"scroll","background-type":"","background-media":"","overlay-type":"","overlay-color":"","overlay-opacity":"","overlay-gradient":""}},"ast-content-background-meta":{"desktop":{"background-color":"var(--ast-global-color-4)","background-image":"","background-repeat":"repeat","background-position":"center center","background-size":"auto","background-attachment":"scroll","background-type":"","background-media":"","overlay-type":"","overlay-color":"","overlay-opacity":"","overlay-gradient":""},"tablet":{"background-color":"var(--ast-global-color-4)","background-image":"","background-repeat":"repeat","background-position":"center center","background-size":"auto","background-attachment":"scroll","background-type":"","background-media":"","overlay-type":"","overlay-color":"","overlay-opacity":"","overlay-gradient":""},"mobile":{"background-color":"var(--ast-global-color-4)","background-image":"","background-repeat":"repeat","background-position":"center center","background-size":"auto","background-attachment":"scroll","background-type":"","background-media":"","overlay-type":"","overlay-color":"","overlay-opacity":"","overlay-gradient":""}},"footnotes":""},"categories":[],"tags":[1132,1140],"class_list":["post-281433","page","type-page","status-publish","has-post-thumbnail","hentry","tag-city-attorneys","tag-gisela-n-torres-attorney"],"yoast_head":"<!-- This site is optimized with the Yoast SEO Premium plugin v26.6 (Yoast SEO v26.6) - https:\/\/yoast.com\/wordpress\/plugins\/seo\/ -->\n<title>Gisela N. Torres  Senior Assistant City Attorney - City of Miami Beach<\/title>\n<meta name=\"description\" content=\"Ms. Torres joined the City Attorney&#039;s Office in 2014.\u00a0 Her principal areas of practice include the negotiation and preparation of City agreements involving real property transactions, asset management agreements, leases, and service agreements.\u00a0\" \/>\n<meta name=\"robots\" content=\"index, follow, max-snippet:-1, max-image-preview:large, max-video-preview:-1\" \/>\n<link rel=\"canonical\" href=\"https:\/\/www.miamibeachfl.gov\/de\/city-hall\/city-attorney\/attorneys\/giselantorres\/\" \/>\n<meta property=\"og:locale\" content=\"de_DE\" \/>\n<meta property=\"og:type\" content=\"article\" \/>\n<meta property=\"og:title\" content=\"Gisela N. Torres  Senior Assistant City Attorney\" \/>\n<meta property=\"og:description\" content=\"Ms. Torres joined the City Attorney&#039;s Office in 2014.\u00a0 Her principal areas of practice include the negotiation and preparation of City agreements involving real property transactions, asset management agreements, leases, and service agreements.\u00a0\" \/>\n<meta property=\"og:url\" content=\"https:\/\/www.miamibeachfl.gov\/de\/city-hall\/city-attorney\/attorneys\/giselantorres\/\" \/>\n<meta property=\"og:site_name\" content=\"City of Miami Beach\" \/>\n<meta property=\"article:publisher\" content=\"https:\/\/www.facebook.com\/cityofmiamibeach\" \/>\n<meta property=\"article:modified_time\" content=\"2025-05-25T14:50:20+00:00\" \/>\n<meta property=\"og:image\" content=\"https:\/\/www.miamibeachfl.gov\/wp-content\/uploads\/2023\/12\/GiselaTorres-Circle.png\" \/>\n\t<meta property=\"og:image:width\" content=\"250\" \/>\n\t<meta property=\"og:image:height\" content=\"250\" \/>\n\t<meta property=\"og:image:type\" content=\"image\/png\" \/>\n<meta name=\"twitter:card\" content=\"summary_large_image\" \/>\n<meta name=\"twitter:site\" content=\"@Miamibeachnews\" \/>\n<script type=\"application\/ld+json\" class=\"yoast-schema-graph\">{\"@context\":\"https:\/\/schema.org\",\"@graph\":[{\"@type\":\"WebPage\",\"@id\":\"https:\/\/www.miamibeachfl.gov\/city-hall\/city-attorney\/attorneys\/giselantorres\/\",\"url\":\"https:\/\/www.miamibeachfl.gov\/city-hall\/city-attorney\/attorneys\/giselantorres\/\",\"name\":\"Gisela N. Torres Senior Assistant City Attorney - City of Miami Beach\",\"isPartOf\":{\"@id\":\"https:\/\/www.miamibeachfl.gov\/#website\"},\"primaryImageOfPage\":{\"@id\":\"https:\/\/www.miamibeachfl.gov\/city-hall\/city-attorney\/attorneys\/giselantorres\/#primaryimage\"},\"image\":{\"@id\":\"https:\/\/www.miamibeachfl.gov\/city-hall\/city-attorney\/attorneys\/giselantorres\/#primaryimage\"},\"thumbnailUrl\":\"https:\/\/www.miamibeachfl.gov\/wp-content\/uploads\/2023\/12\/GiselaTorres-Circle.png\",\"datePublished\":\"2023-12-01T14:48:59+00:00\",\"dateModified\":\"2025-05-25T14:50:20+00:00\",\"description\":\"Ms. Torres joined the City Attorney's Office in 2014.\u00a0 Her principal areas of practice include the negotiation and preparation of City agreements involving real property transactions, asset management agreements, leases, and service agreements.\u00a0\",\"breadcrumb\":{\"@id\":\"https:\/\/www.miamibeachfl.gov\/city-hall\/city-attorney\/attorneys\/giselantorres\/#breadcrumb\"},\"inLanguage\":\"de\",\"potentialAction\":[{\"@type\":\"ReadAction\",\"target\":[\"https:\/\/www.miamibeachfl.gov\/city-hall\/city-attorney\/attorneys\/giselantorres\/\"]}]},{\"@type\":\"ImageObject\",\"inLanguage\":\"de\",\"@id\":\"https:\/\/www.miamibeachfl.gov\/city-hall\/city-attorney\/attorneys\/giselantorres\/#primaryimage\",\"url\":\"https:\/\/www.miamibeachfl.gov\/wp-content\/uploads\/2023\/12\/GiselaTorres-Circle.png\",\"contentUrl\":\"https:\/\/www.miamibeachfl.gov\/wp-content\/uploads\/2023\/12\/GiselaTorres-Circle.png\",\"width\":250,\"height\":250,\"caption\":\"Gisela N. Torres\"},{\"@type\":\"BreadcrumbList\",\"@id\":\"https:\/\/www.miamibeachfl.gov\/city-hall\/city-attorney\/attorneys\/giselantorres\/#breadcrumb\",\"itemListElement\":[{\"@type\":\"ListItem\",\"position\":1,\"name\":\"Home\",\"item\":\"https:\/\/www.miamibeachfl.gov\/\"},{\"@type\":\"ListItem\",\"position\":2,\"name\":\"City Hall\",\"item\":\"https:\/\/www.miamibeachfl.gov\/city-hall\/\"},{\"@type\":\"ListItem\",\"position\":3,\"name\":\"City Attorney\",\"item\":\"https:\/\/www.miamibeachfl.gov\/city-hall\/city-attorney\/\"},{\"@type\":\"ListItem\",\"position\":4,\"name\":\"City of Miami Beach Attorneys\",\"item\":\"https:\/\/www.miamibeachfl.gov\/city-hall\/city-attorney\/attorneys\/\"},{\"@type\":\"ListItem\",\"position\":5,\"name\":\"Gisela N. Torres Senior Assistant City Attorney\"}]},{\"@type\":\"WebSite\",\"@id\":\"https:\/\/www.miamibeachfl.gov\/#website\",\"url\":\"https:\/\/www.miamibeachfl.gov\/\",\"name\":\"City of Miami Beach\",\"description\":\"The official website of the City of Miami Beach. Stay informed, find important information on city services, news, alerts, events, trolley routes, government employment and more.\",\"publisher\":{\"@id\":\"https:\/\/www.miamibeachfl.gov\/#organization\"},\"potentialAction\":[{\"@type\":\"SearchAction\",\"target\":{\"@type\":\"EntryPoint\",\"urlTemplate\":\"https:\/\/www.miamibeachfl.gov\/?s={search_term_string}\"},\"query-input\":{\"@type\":\"PropertyValueSpecification\",\"valueRequired\":true,\"valueName\":\"search_term_string\"}}],\"inLanguage\":\"de\"},{\"@type\":\"Organization\",\"@id\":\"https:\/\/www.miamibeachfl.gov\/#organization\",\"name\":\"City of Miami Beach\",\"url\":\"https:\/\/www.miamibeachfl.gov\/\",\"logo\":{\"@type\":\"ImageObject\",\"inLanguage\":\"de\",\"@id\":\"https:\/\/www.miamibeachfl.gov\/#\/schema\/logo\/image\/\",\"url\":\"https:\/\/www.miamibeachfl.gov\/wp-content\/uploads\/2022\/06\/miamibeach-logoblue.png\",\"contentUrl\":\"https:\/\/www.miamibeachfl.gov\/wp-content\/uploads\/2022\/06\/miamibeach-logoblue.png\",\"width\":1962,\"height\":381,\"caption\":\"City of Miami Beach\"},\"image\":{\"@id\":\"https:\/\/www.miamibeachfl.gov\/#\/schema\/logo\/image\/\"},\"sameAs\":[\"https:\/\/www.facebook.com\/cityofmiamibeach\",\"https:\/\/x.com\/Miamibeachnews\",\"https:\/\/www.instagram.com\/miamibeachnews\/\"],\"description\":\"The official website of the City of Miami Beach. Stay informed, find important information on city services, news, alerts, events, trolley routes, government employment and more.\",\"telephone\":\"305.604.CITY(2489)\",\"legalName\":\"City of Miami Beach\"}]}<\/script>\n<!-- \/ Yoast SEO Premium plugin. -->","yoast_head_json":{"title":"Gisela N. Torres, Leitende stellvertretende Stadtanw\u00e4ltin \u2013 Stadt Miami Beach","description":"Frau Torres trat 2014 der Staatsanwaltschaft bei. Zu ihren Hauptt\u00e4tigkeitsbereichen geh\u00f6ren die Verhandlung und Vorbereitung von st\u00e4dtischen Vertr\u00e4gen im Zusammenhang mit Immobilientransaktionen, Verm\u00f6gensverwaltungsvertr\u00e4gen, Mietvertr\u00e4gen und Dienstleistungsvertr\u00e4gen.\u00a0","robots":{"index":"index","follow":"follow","max-snippet":"max-snippet:-1","max-image-preview":"max-image-preview:large","max-video-preview":"max-video-preview:-1"},"canonical":"https:\/\/www.miamibeachfl.gov\/de\/city-hall\/city-attorney\/attorneys\/giselantorres\/","og_locale":"de_DE","og_type":"article","og_title":"Gisela N. Torres  Senior Assistant City Attorney","og_description":"Ms. Torres joined the City Attorney's Office in 2014.\u00a0 Her principal areas of practice include the negotiation and preparation of City agreements involving real property transactions, asset management agreements, leases, and service agreements.\u00a0","og_url":"https:\/\/www.miamibeachfl.gov\/de\/city-hall\/city-attorney\/attorneys\/giselantorres\/","og_site_name":"City of Miami Beach","article_publisher":"https:\/\/www.facebook.com\/cityofmiamibeach","article_modified_time":"2025-05-25T14:50:20+00:00","og_image":[{"width":250,"height":250,"url":"https:\/\/www.miamibeachfl.gov\/wp-content\/uploads\/2023\/12\/GiselaTorres-Circle.png","type":"image\/png"}],"twitter_card":"summary_large_image","twitter_site":"@Miamibeachnews","schema":{"@context":"https:\/\/schema.org","@graph":[{"@type":"WebPage","@id":"https:\/\/www.miamibeachfl.gov\/city-hall\/city-attorney\/attorneys\/giselantorres\/","url":"https:\/\/www.miamibeachfl.gov\/city-hall\/city-attorney\/attorneys\/giselantorres\/","name":"Gisela N. Torres, Leitende stellvertretende Stadtanw\u00e4ltin \u2013 Stadt Miami Beach","isPartOf":{"@id":"https:\/\/www.miamibeachfl.gov\/#website"},"primaryImageOfPage":{"@id":"https:\/\/www.miamibeachfl.gov\/city-hall\/city-attorney\/attorneys\/giselantorres\/#primaryimage"},"image":{"@id":"https:\/\/www.miamibeachfl.gov\/city-hall\/city-attorney\/attorneys\/giselantorres\/#primaryimage"},"thumbnailUrl":"https:\/\/www.miamibeachfl.gov\/wp-content\/uploads\/2023\/12\/GiselaTorres-Circle.png","datePublished":"2023-12-01T14:48:59+00:00","dateModified":"2025-05-25T14:50:20+00:00","description":"Frau Torres trat 2014 der Staatsanwaltschaft bei. Zu ihren Hauptt\u00e4tigkeitsbereichen geh\u00f6ren die Verhandlung und Vorbereitung von st\u00e4dtischen Vertr\u00e4gen im Zusammenhang mit Immobilientransaktionen, Verm\u00f6gensverwaltungsvertr\u00e4gen, Mietvertr\u00e4gen und Dienstleistungsvertr\u00e4gen.\u00a0","breadcrumb":{"@id":"https:\/\/www.miamibeachfl.gov\/city-hall\/city-attorney\/attorneys\/giselantorres\/#breadcrumb"},"inLanguage":"de","potentialAction":[{"@type":"ReadAction","target":["https:\/\/www.miamibeachfl.gov\/city-hall\/city-attorney\/attorneys\/giselantorres\/"]}]},{"@type":"ImageObject","inLanguage":"de","@id":"https:\/\/www.miamibeachfl.gov\/city-hall\/city-attorney\/attorneys\/giselantorres\/#primaryimage","url":"https:\/\/www.miamibeachfl.gov\/wp-content\/uploads\/2023\/12\/GiselaTorres-Circle.png","contentUrl":"https:\/\/www.miamibeachfl.gov\/wp-content\/uploads\/2023\/12\/GiselaTorres-Circle.png","width":250,"height":250,"caption":"Gisela N. Torres"},{"@type":"BreadcrumbList","@id":"https:\/\/www.miamibeachfl.gov\/city-hall\/city-attorney\/attorneys\/giselantorres\/#breadcrumb","itemListElement":[{"@type":"ListItem","position":1,"name":"Home","item":"https:\/\/www.miamibeachfl.gov\/"},{"@type":"ListItem","position":2,"name":"City Hall","item":"https:\/\/www.miamibeachfl.gov\/city-hall\/"},{"@type":"ListItem","position":3,"name":"City Attorney","item":"https:\/\/www.miamibeachfl.gov\/city-hall\/city-attorney\/"},{"@type":"ListItem","position":4,"name":"City of Miami Beach Attorneys","item":"https:\/\/www.miamibeachfl.gov\/city-hall\/city-attorney\/attorneys\/"},{"@type":"ListItem","position":5,"name":"Gisela N. Torres Senior Assistant City Attorney"}]},{"@type":"WebSite","@id":"https:\/\/www.miamibeachfl.gov\/#website","url":"https:\/\/www.miamibeachfl.gov\/","name":"Stadt Miami Beach","description":"Die offizielle Website der Stadt Miami Beach. Bleiben Sie informiert und finden Sie wichtige Informationen zu st\u00e4dtischen Dienstleistungen, Neuigkeiten, Warnungen, Veranstaltungen, Stra\u00dfenbahnlinien, Stellenangeboten im \u00f6ffentlichen Dienst und mehr.","publisher":{"@id":"https:\/\/www.miamibeachfl.gov\/#organization"},"potentialAction":[{"@type":"SearchAction","target":{"@type":"EntryPoint","urlTemplate":"https:\/\/www.miamibeachfl.gov\/?s={search_term_string}"},"query-input":{"@type":"PropertyValueSpecification","valueRequired":true,"valueName":"search_term_string"}}],"inLanguage":"de"},{"@type":"Organization","@id":"https:\/\/www.miamibeachfl.gov\/#organization","name":"Stadt Miami Beach","url":"https:\/\/www.miamibeachfl.gov\/","logo":{"@type":"ImageObject","inLanguage":"de","@id":"https:\/\/www.miamibeachfl.gov\/#\/schema\/logo\/image\/","url":"https:\/\/www.miamibeachfl.gov\/wp-content\/uploads\/2022\/06\/miamibeach-logoblue.png","contentUrl":"https:\/\/www.miamibeachfl.gov\/wp-content\/uploads\/2022\/06\/miamibeach-logoblue.png","width":1962,"height":381,"caption":"City of Miami Beach"},"image":{"@id":"https:\/\/www.miamibeachfl.gov\/#\/schema\/logo\/image\/"},"sameAs":["https:\/\/www.facebook.com\/cityofmiamibeach","https:\/\/x.com\/Miamibeachnews","https:\/\/www.instagram.com\/miamibeachnews\/"],"description":"Die offizielle Website der Stadt Miami Beach. Bleiben Sie informiert und finden Sie wichtige Informationen zu st\u00e4dtischen Dienstleistungen, Neuigkeiten, Warnungen, Veranstaltungen, Stra\u00dfenbahnlinien, Stellenangeboten im \u00f6ffentlichen Dienst und mehr.","telephone":"305.604.CITY(2489)","legalName":"City of Miami Beach"}]}},"_links":{"self":[{"href":"https:\/\/www.miamibeachfl.gov\/de\/wp-json\/wp\/v2\/pages\/281433","targetHints":{"allow":["GET"]}}],"collection":[{"href":"https:\/\/www.miamibeachfl.gov\/de\/wp-json\/wp\/v2\/pages"}],"about":[{"href":"https:\/\/www.miamibeachfl.gov\/de\/wp-json\/wp\/v2\/types\/page"}],"author":[{"embeddable":true,"href":"https:\/\/www.miamibeachfl.gov\/de\/wp-json\/wp\/v2\/users\/222"}],"replies":[{"embeddable":true,"href":"https:\/\/www.miamibeachfl.gov\/de\/wp-json\/wp\/v2\/comments?post=281433"}],"version-history":[{"count":0,"href":"https:\/\/www.miamibeachfl.gov\/de\/wp-json\/wp\/v2\/pages\/281433\/revisions"}],"up":[{"embeddable":true,"href":"https:\/\/www.miamibeachfl.gov\/de\/wp-json\/wp\/v2\/pages\/281293"}],"wp:featuredmedia":[{"embeddable":true,"href":"https:\/\/www.miamibeachfl.gov\/de\/wp-json\/wp\/v2\/media\/281435"}],"wp:attachment":[{"href":"https:\/\/www.miamibeachfl.gov\/de\/wp-json\/wp\/v2\/media?parent=281433"}],"wp:term":[{"taxonomy":"category","embeddable":true,"href":"https:\/\/www.miamibeachfl.gov\/de\/wp-json\/wp\/v2\/categories?post=281433"},{"taxonomy":"post_tag","embeddable":true,"href":"https:\/\/www.miamibeachfl.gov\/de\/wp-json\/wp\/v2\/tags?post=281433"}],"curies":[{"name":"wp","href":"https:\/\/api.w.org\/{rel}","templated":true}]}}