{"id":281470,"date":"2023-12-01T10:54:44","date_gmt":"2023-12-01T15:54:44","guid":{"rendered":"https:\/\/www.miamibeachfl.gov\/?page_id=281470"},"modified":"2025-05-25T10:51:53","modified_gmt":"2025-05-25T14:51:53","slug":"jessie-betancourt","status":"publish","type":"page","link":"https:\/\/www.miamibeachfl.gov\/de\/city-hall\/city-attorney\/attorneys\/jessie-betancourt\/","title":{"rendered":"Jessie Betancourt <br> St\u00e4dtischer Staatsanwalt"},"content":{"rendered":"<h1>\n\t\t\tJessie Betancourt\t<\/h1>\n<h1>\n\t\t\tSt\u00e4dtischer Staatsanwalt\t<\/h1>\nStadtanwalt\t\t\t\n\t\t\t\t\t<ul id=\"menu-city-attorney\"><li id=\"menu-item-281297\"><a href=\"\/de\/city-hall\/city-attorney\/\">Startseite des Stadtanwalts<\/a><\/li>\n<li id=\"menu-item-281298\"><a href=\"\/de\/city-hall\/city-attorney\/attorneys\/\">Anw\u00e4lte<\/a><\/li>\n<li id=\"menu-item-281299\"><a href=\"\/de\/city-hall\/city-attorney\/internships\/\">Praktika<\/a><\/li>\n<li id=\"menu-item-281302\"><a href=\"\/de\/city-hall\/city-attorney\/history-of-previous-attorneys\/\">Ehemalige Stadtanw\u00e4lte<\/a><\/li>\n<\/ul>\t\nStadtanwalt \u00d7\t\t\t\t\t\t<ul id=\"menu-city-attorney-1\"><li id=\"menu-item-281297\"><a href=\"\/de\/city-hall\/city-attorney\/\">Startseite des Stadtanwalts<\/a><\/li>\n<li id=\"menu-item-281298\"><a href=\"\/de\/city-hall\/city-attorney\/attorneys\/\">Anw\u00e4lte<\/a><\/li>\n<li id=\"menu-item-281299\"><a href=\"\/de\/city-hall\/city-attorney\/internships\/\">Praktika<\/a><\/li>\n<li id=\"menu-item-281302\"><a href=\"\/de\/city-hall\/city-attorney\/history-of-previous-attorneys\/\">Ehemalige Stadtanw\u00e4lte<\/a><\/li>\n<\/ul>\t\t\t\t\n\t\t\t\t<img decoding=\"async\" src=\"https:\/\/www.miamibeachfl.gov\/wp-content\/uploads\/bb-plugin\/cache\/JesseBetancourt-CAO-circle.png\" alt=\"Jesse Betancourt\" title=\"JesseBetancourt-CAO\" itemprop=\"image\"\/>\n\t\t<h2>\n\t\t\tNeue Uniformen\t<\/h2>\n\t<p><strong>Ausbildung<\/strong>: St. Thomas University School of Law (JD 2020); Florida International University (BA 2017)<\/p>\n<p><strong>Mitglied<\/strong>: Florida Bar<\/p>\n<p>Jessie Betancourt trat 2024 als st\u00e4dtische Staatsanw\u00e4ltin in die Staatsanwaltschaft ein. Sie ist f\u00fcr die Verfolgung von Straftaten gegen die Verordnungen der Stadt Miami Beach zust\u00e4ndig.<\/p>\n<p>Bevor sie zur Staatsanwaltschaft kam, arbeitete Frau Betancourt als Strafverteidigerin im privaten Sektor und vertrat Mandanten im gesamten Bundesstaat Florida.<\/p>\n<p>W\u00e4hrend ihres Jurastudiums war Frau Betancourt Chefredakteurin des Journal of Complex Litigation, Pr\u00e4sidentin der Elder Law Society, arbeitete als Rechtspraktikantin f\u00fcr den ehrenwerten Richter Rodriguez-Fonts des elften Gerichtsbezirks von Florida, als Praktikantin in der Nachlassabteilung des elften Gerichtsbezirks von Florida und als Richterin sowie als Rechtsreferendarin im Verteidigungsteam f\u00fcr Arbeitsrechtsstreitigkeiten einer Anwaltskanzlei in Coral Gables.<\/p>","protected":false},"excerpt":{"rendered":"<p>Jessie Betancourt Kommunalstaatsanw\u00e4ltin Stadtanw\u00e4ltin Stadtanw\u00e4ltin Startseite Anw\u00e4lte Praktika Ehemalige Stadtanw\u00e4ltinnen und Stadtanw\u00e4lte Stadtanw\u00e4ltin \u00d7 Stadtanw\u00e4ltin Startseite [\u2026]<\/p>","protected":false},"author":222,"featured_media":359459,"parent":281293,"menu_order":20,"comment_status":"closed","ping_status":"closed","template":"","meta":{"_searchwp_excluded":"","site-sidebar-layout":"default","site-content-layout":"","ast-site-content-layout":"default","site-content-style":"default","site-sidebar-style":"default","ast-global-header-display":"","ast-banner-title-visibility":"","ast-main-header-display":"","ast-hfb-above-header-display":"","ast-hfb-below-header-display":"","ast-hfb-mobile-header-display":"","site-post-title":"","ast-breadcrumbs-content":"","ast-featured-img":"","footer-sml-layout":"","theme-transparent-header-meta":"","adv-header-id-meta":"","stick-header-meta":"","header-above-stick-meta":"","header-main-stick-meta":"","header-below-stick-meta":"","astra-migrate-meta-layouts":"default","ast-page-background-enabled":"default","ast-page-background-meta":{"desktop":{"background-color":"var(--ast-global-color-5)","background-image":"","background-repeat":"repeat","background-position":"center center","background-size":"auto","background-attachment":"scroll","background-type":"","background-media":"","overlay-type":"","overlay-color":"","overlay-opacity":"","overlay-gradient":""},"tablet":{"background-color":"","background-image":"","background-repeat":"repeat","background-position":"center center","background-size":"auto","background-attachment":"scroll","background-type":"","background-media":"","overlay-type":"","overlay-color":"","overlay-opacity":"","overlay-gradient":""},"mobile":{"background-color":"","background-image":"","background-repeat":"repeat","background-position":"center center","background-size":"auto","background-attachment":"scroll","background-type":"","background-media":"","overlay-type":"","overlay-color":"","overlay-opacity":"","overlay-gradient":""}},"ast-content-background-meta":{"desktop":{"background-color":"var(--ast-global-color-4)","background-image":"","background-repeat":"repeat","background-position":"center center","background-size":"auto","background-attachment":"scroll","background-type":"","background-media":"","overlay-type":"","overlay-color":"","overlay-opacity":"","overlay-gradient":""},"tablet":{"background-color":"var(--ast-global-color-4)","background-image":"","background-repeat":"repeat","background-position":"center center","background-size":"auto","background-attachment":"scroll","background-type":"","background-media":"","overlay-type":"","overlay-color":"","overlay-opacity":"","overlay-gradient":""},"mobile":{"background-color":"var(--ast-global-color-4)","background-image":"","background-repeat":"repeat","background-position":"center center","background-size":"auto","background-attachment":"scroll","background-type":"","background-media":"","overlay-type":"","overlay-color":"","overlay-opacity":"","overlay-gradient":""}},"footnotes":""},"categories":[],"tags":[1132,1536],"class_list":["post-281470","page","type-page","status-publish","has-post-thumbnail","hentry","tag-city-attorneys","tag-jessie-betancourt"],"yoast_head":"<!-- This site is optimized with the Yoast SEO Premium plugin v26.6 (Yoast SEO v26.6) - https:\/\/yoast.com\/wordpress\/plugins\/seo\/ -->\n<title>Jessie Betancourt  Municipal Prosecutor - City of Miami Beach<\/title>\n<meta name=\"description\" content=\"Jessie Betancourt joined the City Attorney&#039;s Office in 2024 as a City Municipal Prosecutor. She is responsible for prosecuting criminal violations of the City of Miami Beach&#039;s code of ordinances.\" \/>\n<meta name=\"robots\" content=\"index, follow, max-snippet:-1, max-image-preview:large, max-video-preview:-1\" \/>\n<link rel=\"canonical\" href=\"https:\/\/www.miamibeachfl.gov\/de\/city-hall\/city-attorney\/attorneys\/jessie-betancourt\/\" \/>\n<meta property=\"og:locale\" content=\"de_DE\" \/>\n<meta property=\"og:type\" content=\"article\" \/>\n<meta property=\"og:title\" content=\"Jessie Betancourt  Municipal Prosecutor\" \/>\n<meta property=\"og:description\" content=\"Jessie Betancourt joined the City Attorney&#039;s Office in 2024 as a City Municipal Prosecutor. She is responsible for prosecuting criminal violations of the City of Miami Beach&#039;s code of ordinances.\" \/>\n<meta property=\"og:url\" content=\"https:\/\/www.miamibeachfl.gov\/de\/city-hall\/city-attorney\/attorneys\/jessie-betancourt\/\" \/>\n<meta property=\"og:site_name\" content=\"City of Miami Beach\" \/>\n<meta property=\"article:publisher\" content=\"https:\/\/www.facebook.com\/cityofmiamibeach\" \/>\n<meta property=\"article:modified_time\" content=\"2025-05-25T14:51:53+00:00\" \/>\n<meta property=\"og:image\" content=\"https:\/\/www.miamibeachfl.gov\/wp-content\/uploads\/2025\/01\/JesseBetancourt-CAO.png\" \/>\n\t<meta property=\"og:image:width\" content=\"249\" \/>\n\t<meta property=\"og:image:height\" content=\"250\" \/>\n\t<meta property=\"og:image:type\" content=\"image\/png\" \/>\n<meta name=\"twitter:card\" content=\"summary_large_image\" \/>\n<meta name=\"twitter:site\" content=\"@Miamibeachnews\" \/>\n<script type=\"application\/ld+json\" class=\"yoast-schema-graph\">{\"@context\":\"https:\/\/schema.org\",\"@graph\":[{\"@type\":\"WebPage\",\"@id\":\"https:\/\/www.miamibeachfl.gov\/city-hall\/city-attorney\/attorneys\/jessie-betancourt\/\",\"url\":\"https:\/\/www.miamibeachfl.gov\/city-hall\/city-attorney\/attorneys\/jessie-betancourt\/\",\"name\":\"Jessie Betancourt Municipal Prosecutor - City of Miami Beach\",\"isPartOf\":{\"@id\":\"https:\/\/www.miamibeachfl.gov\/#website\"},\"primaryImageOfPage\":{\"@id\":\"https:\/\/www.miamibeachfl.gov\/city-hall\/city-attorney\/attorneys\/jessie-betancourt\/#primaryimage\"},\"image\":{\"@id\":\"https:\/\/www.miamibeachfl.gov\/city-hall\/city-attorney\/attorneys\/jessie-betancourt\/#primaryimage\"},\"thumbnailUrl\":\"https:\/\/www.miamibeachfl.gov\/wp-content\/uploads\/2025\/01\/JesseBetancourt-CAO.png\",\"datePublished\":\"2023-12-01T15:54:44+00:00\",\"dateModified\":\"2025-05-25T14:51:53+00:00\",\"description\":\"Jessie Betancourt joined the City Attorney's Office in 2024 as a City Municipal Prosecutor. She is responsible for prosecuting criminal violations of the City of Miami Beach's code of ordinances.\",\"breadcrumb\":{\"@id\":\"https:\/\/www.miamibeachfl.gov\/city-hall\/city-attorney\/attorneys\/jessie-betancourt\/#breadcrumb\"},\"inLanguage\":\"de\",\"potentialAction\":[{\"@type\":\"ReadAction\",\"target\":[\"https:\/\/www.miamibeachfl.gov\/city-hall\/city-attorney\/attorneys\/jessie-betancourt\/\"]}]},{\"@type\":\"ImageObject\",\"inLanguage\":\"de\",\"@id\":\"https:\/\/www.miamibeachfl.gov\/city-hall\/city-attorney\/attorneys\/jessie-betancourt\/#primaryimage\",\"url\":\"https:\/\/www.miamibeachfl.gov\/wp-content\/uploads\/2025\/01\/JesseBetancourt-CAO.png\",\"contentUrl\":\"https:\/\/www.miamibeachfl.gov\/wp-content\/uploads\/2025\/01\/JesseBetancourt-CAO.png\",\"width\":249,\"height\":250,\"caption\":\"Jesse Betancourt\"},{\"@type\":\"BreadcrumbList\",\"@id\":\"https:\/\/www.miamibeachfl.gov\/city-hall\/city-attorney\/attorneys\/jessie-betancourt\/#breadcrumb\",\"itemListElement\":[{\"@type\":\"ListItem\",\"position\":1,\"name\":\"Home\",\"item\":\"https:\/\/www.miamibeachfl.gov\/\"},{\"@type\":\"ListItem\",\"position\":2,\"name\":\"City Hall\",\"item\":\"https:\/\/www.miamibeachfl.gov\/city-hall\/\"},{\"@type\":\"ListItem\",\"position\":3,\"name\":\"City Attorney\",\"item\":\"https:\/\/www.miamibeachfl.gov\/city-hall\/city-attorney\/\"},{\"@type\":\"ListItem\",\"position\":4,\"name\":\"City of Miami Beach Attorneys\",\"item\":\"https:\/\/www.miamibeachfl.gov\/city-hall\/city-attorney\/attorneys\/\"},{\"@type\":\"ListItem\",\"position\":5,\"name\":\"Jessie Betancourt Municipal Prosecutor\"}]},{\"@type\":\"WebSite\",\"@id\":\"https:\/\/www.miamibeachfl.gov\/#website\",\"url\":\"https:\/\/www.miamibeachfl.gov\/\",\"name\":\"City of Miami Beach\",\"description\":\"The official website of the City of Miami Beach. Stay informed, find important information on city services, news, alerts, events, trolley routes, government employment and more.\",\"publisher\":{\"@id\":\"https:\/\/www.miamibeachfl.gov\/#organization\"},\"potentialAction\":[{\"@type\":\"SearchAction\",\"target\":{\"@type\":\"EntryPoint\",\"urlTemplate\":\"https:\/\/www.miamibeachfl.gov\/?s={search_term_string}\"},\"query-input\":{\"@type\":\"PropertyValueSpecification\",\"valueRequired\":true,\"valueName\":\"search_term_string\"}}],\"inLanguage\":\"de\"},{\"@type\":\"Organization\",\"@id\":\"https:\/\/www.miamibeachfl.gov\/#organization\",\"name\":\"City of Miami Beach\",\"url\":\"https:\/\/www.miamibeachfl.gov\/\",\"logo\":{\"@type\":\"ImageObject\",\"inLanguage\":\"de\",\"@id\":\"https:\/\/www.miamibeachfl.gov\/#\/schema\/logo\/image\/\",\"url\":\"https:\/\/www.miamibeachfl.gov\/wp-content\/uploads\/2022\/06\/miamibeach-logoblue.png\",\"contentUrl\":\"https:\/\/www.miamibeachfl.gov\/wp-content\/uploads\/2022\/06\/miamibeach-logoblue.png\",\"width\":1962,\"height\":381,\"caption\":\"City of Miami Beach\"},\"image\":{\"@id\":\"https:\/\/www.miamibeachfl.gov\/#\/schema\/logo\/image\/\"},\"sameAs\":[\"https:\/\/www.facebook.com\/cityofmiamibeach\",\"https:\/\/x.com\/Miamibeachnews\",\"https:\/\/www.instagram.com\/miamibeachnews\/\"],\"description\":\"The official website of the City of Miami Beach. Stay informed, find important information on city services, news, alerts, events, trolley routes, government employment and more.\",\"telephone\":\"305.604.CITY(2489)\",\"legalName\":\"City of Miami Beach\"}]}<\/script>\n<!-- \/ Yoast SEO Premium plugin. -->","yoast_head_json":{"title":"Jessie Betancourt, st\u00e4dtische Staatsanw\u00e4ltin \u2013 Stadt Miami Beach","description":"Jessie Betancourt trat 2024 dem B\u00fcro des Stadtstaatsanwalts als st\u00e4dtische Staatsanw\u00e4ltin bei. Sie ist f\u00fcr die Verfolgung von Straftaten gem\u00e4\u00df der Satzung der Stadt Miami Beach zust\u00e4ndig.","robots":{"index":"index","follow":"follow","max-snippet":"max-snippet:-1","max-image-preview":"max-image-preview:large","max-video-preview":"max-video-preview:-1"},"canonical":"https:\/\/www.miamibeachfl.gov\/de\/city-hall\/city-attorney\/attorneys\/jessie-betancourt\/","og_locale":"de_DE","og_type":"article","og_title":"Jessie Betancourt  Municipal Prosecutor","og_description":"Jessie Betancourt joined the City Attorney's Office in 2024 as a City Municipal Prosecutor. She is responsible for prosecuting criminal violations of the City of Miami Beach's code of ordinances.","og_url":"https:\/\/www.miamibeachfl.gov\/de\/city-hall\/city-attorney\/attorneys\/jessie-betancourt\/","og_site_name":"City of Miami Beach","article_publisher":"https:\/\/www.facebook.com\/cityofmiamibeach","article_modified_time":"2025-05-25T14:51:53+00:00","og_image":[{"width":249,"height":250,"url":"https:\/\/www.miamibeachfl.gov\/wp-content\/uploads\/2025\/01\/JesseBetancourt-CAO.png","type":"image\/png"}],"twitter_card":"summary_large_image","twitter_site":"@Miamibeachnews","schema":{"@context":"https:\/\/schema.org","@graph":[{"@type":"WebPage","@id":"https:\/\/www.miamibeachfl.gov\/city-hall\/city-attorney\/attorneys\/jessie-betancourt\/","url":"https:\/\/www.miamibeachfl.gov\/city-hall\/city-attorney\/attorneys\/jessie-betancourt\/","name":"Jessie Betancourt, st\u00e4dtische Staatsanw\u00e4ltin \u2013 Stadt Miami Beach","isPartOf":{"@id":"https:\/\/www.miamibeachfl.gov\/#website"},"primaryImageOfPage":{"@id":"https:\/\/www.miamibeachfl.gov\/city-hall\/city-attorney\/attorneys\/jessie-betancourt\/#primaryimage"},"image":{"@id":"https:\/\/www.miamibeachfl.gov\/city-hall\/city-attorney\/attorneys\/jessie-betancourt\/#primaryimage"},"thumbnailUrl":"https:\/\/www.miamibeachfl.gov\/wp-content\/uploads\/2025\/01\/JesseBetancourt-CAO.png","datePublished":"2023-12-01T15:54:44+00:00","dateModified":"2025-05-25T14:51:53+00:00","description":"Jessie Betancourt trat 2024 dem B\u00fcro des Stadtstaatsanwalts als st\u00e4dtische Staatsanw\u00e4ltin bei. Sie ist f\u00fcr die Verfolgung von Straftaten gem\u00e4\u00df der Satzung der Stadt Miami Beach zust\u00e4ndig.","breadcrumb":{"@id":"https:\/\/www.miamibeachfl.gov\/city-hall\/city-attorney\/attorneys\/jessie-betancourt\/#breadcrumb"},"inLanguage":"de","potentialAction":[{"@type":"ReadAction","target":["https:\/\/www.miamibeachfl.gov\/city-hall\/city-attorney\/attorneys\/jessie-betancourt\/"]}]},{"@type":"ImageObject","inLanguage":"de","@id":"https:\/\/www.miamibeachfl.gov\/city-hall\/city-attorney\/attorneys\/jessie-betancourt\/#primaryimage","url":"https:\/\/www.miamibeachfl.gov\/wp-content\/uploads\/2025\/01\/JesseBetancourt-CAO.png","contentUrl":"https:\/\/www.miamibeachfl.gov\/wp-content\/uploads\/2025\/01\/JesseBetancourt-CAO.png","width":249,"height":250,"caption":"Jesse Betancourt"},{"@type":"BreadcrumbList","@id":"https:\/\/www.miamibeachfl.gov\/city-hall\/city-attorney\/attorneys\/jessie-betancourt\/#breadcrumb","itemListElement":[{"@type":"ListItem","position":1,"name":"Home","item":"https:\/\/www.miamibeachfl.gov\/"},{"@type":"ListItem","position":2,"name":"City Hall","item":"https:\/\/www.miamibeachfl.gov\/city-hall\/"},{"@type":"ListItem","position":3,"name":"City Attorney","item":"https:\/\/www.miamibeachfl.gov\/city-hall\/city-attorney\/"},{"@type":"ListItem","position":4,"name":"City of Miami Beach Attorneys","item":"https:\/\/www.miamibeachfl.gov\/city-hall\/city-attorney\/attorneys\/"},{"@type":"ListItem","position":5,"name":"Jessie Betancourt Municipal Prosecutor"}]},{"@type":"WebSite","@id":"https:\/\/www.miamibeachfl.gov\/#website","url":"https:\/\/www.miamibeachfl.gov\/","name":"Stadt Miami Beach","description":"Die offizielle Website der Stadt Miami Beach. Bleiben Sie informiert und finden Sie wichtige Informationen zu st\u00e4dtischen Dienstleistungen, Neuigkeiten, Warnungen, Veranstaltungen, Stra\u00dfenbahnlinien, Stellenangeboten im \u00f6ffentlichen Dienst und mehr.","publisher":{"@id":"https:\/\/www.miamibeachfl.gov\/#organization"},"potentialAction":[{"@type":"SearchAction","target":{"@type":"EntryPoint","urlTemplate":"https:\/\/www.miamibeachfl.gov\/?s={search_term_string}"},"query-input":{"@type":"PropertyValueSpecification","valueRequired":true,"valueName":"search_term_string"}}],"inLanguage":"de"},{"@type":"Organization","@id":"https:\/\/www.miamibeachfl.gov\/#organization","name":"Stadt Miami Beach","url":"https:\/\/www.miamibeachfl.gov\/","logo":{"@type":"ImageObject","inLanguage":"de","@id":"https:\/\/www.miamibeachfl.gov\/#\/schema\/logo\/image\/","url":"https:\/\/www.miamibeachfl.gov\/wp-content\/uploads\/2022\/06\/miamibeach-logoblue.png","contentUrl":"https:\/\/www.miamibeachfl.gov\/wp-content\/uploads\/2022\/06\/miamibeach-logoblue.png","width":1962,"height":381,"caption":"City of Miami Beach"},"image":{"@id":"https:\/\/www.miamibeachfl.gov\/#\/schema\/logo\/image\/"},"sameAs":["https:\/\/www.facebook.com\/cityofmiamibeach","https:\/\/x.com\/Miamibeachnews","https:\/\/www.instagram.com\/miamibeachnews\/"],"description":"Die offizielle Website der Stadt Miami Beach. Bleiben Sie informiert und finden Sie wichtige Informationen zu st\u00e4dtischen Dienstleistungen, Neuigkeiten, Warnungen, Veranstaltungen, Stra\u00dfenbahnlinien, Stellenangeboten im \u00f6ffentlichen Dienst und mehr.","telephone":"305.604.CITY(2489)","legalName":"City of Miami Beach"}]}},"_links":{"self":[{"href":"https:\/\/www.miamibeachfl.gov\/de\/wp-json\/wp\/v2\/pages\/281470","targetHints":{"allow":["GET"]}}],"collection":[{"href":"https:\/\/www.miamibeachfl.gov\/de\/wp-json\/wp\/v2\/pages"}],"about":[{"href":"https:\/\/www.miamibeachfl.gov\/de\/wp-json\/wp\/v2\/types\/page"}],"author":[{"embeddable":true,"href":"https:\/\/www.miamibeachfl.gov\/de\/wp-json\/wp\/v2\/users\/222"}],"replies":[{"embeddable":true,"href":"https:\/\/www.miamibeachfl.gov\/de\/wp-json\/wp\/v2\/comments?post=281470"}],"version-history":[{"count":0,"href":"https:\/\/www.miamibeachfl.gov\/de\/wp-json\/wp\/v2\/pages\/281470\/revisions"}],"up":[{"embeddable":true,"href":"https:\/\/www.miamibeachfl.gov\/de\/wp-json\/wp\/v2\/pages\/281293"}],"wp:featuredmedia":[{"embeddable":true,"href":"https:\/\/www.miamibeachfl.gov\/de\/wp-json\/wp\/v2\/media\/359459"}],"wp:attachment":[{"href":"https:\/\/www.miamibeachfl.gov\/de\/wp-json\/wp\/v2\/media?parent=281470"}],"wp:term":[{"taxonomy":"category","embeddable":true,"href":"https:\/\/www.miamibeachfl.gov\/de\/wp-json\/wp\/v2\/categories?post=281470"},{"taxonomy":"post_tag","embeddable":true,"href":"https:\/\/www.miamibeachfl.gov\/de\/wp-json\/wp\/v2\/tags?post=281470"}],"curies":[{"name":"wp","href":"https:\/\/api.w.org\/{rel}","templated":true}]}}