{"id":28275,"date":"2017-08-11T00:02:37","date_gmt":"2017-08-11T00:02:37","guid":{"rendered":"http:\/\/www.miamibeachfl.gov\/city-hall\/finance\/street-performersartists-vendors-lottery\/non-profit-lottery-main-page\/"},"modified":"2025-10-08T10:50:00","modified_gmt":"2025-10-08T14:50:00","slug":"non-profit-lottery","status":"publish","type":"page","link":"https:\/\/www.miamibeachfl.gov\/de\/non-profit-lottery\/","title":{"rendered":"Non-Profit-Lotterie"},"content":{"rendered":"<img decoding=\"async\" src=\"https:\/\/www.miamibeachfl.gov\/wp-content\/uploads\/2022\/07\/hero-small.jpg\" alt=\"ocean drive art deco buildings\" itemprop=\"image\" height=\"211\" width=\"2395\" title=\"Held-klein\" onerror=\"this.style.display='none'\" loading=\"lazy\" \/>\n<h1>\n\t\t\tNon-Profit-Lotterie\t<\/h1>\n\t<nav id=\"breadcrumbs\" aria-label=\"Paniermehl\"><a href=\"https:\/\/www.miamibeachfl.gov\/de\/\">Heim<\/a> &gt; <strong>Non-Profit-Lotterie<\/strong><\/nav>\n\t<h3><strong>Non-Profit-Lotterie<\/strong><\/h3>\n<p><b>Die Stadt Miami Beach bietet f\u00fcnf (5) Standorte f\u00fcr gemeinn\u00fctzige Anbieter\/H\u00e4ndler, die per Lotterie f\u00fcr drei (3) Monate vergeben werden.<\/b><\/p>\n<p><strong>Zur Bewerbung m\u00fcssen gemeinn\u00fctzige Organisationen Folgendes einreichen:<\/strong><\/p>\n<ol>\n<li>Ein vollst\u00e4ndig ausgef\u00fcllter Antrag, der von einem leitenden Angestellten oder Direktor der gemeinn\u00fctzigen Organisation unterzeichnet wurde, und die Antragsgeb\u00fchr $181.<\/li>\n<li>Autorisierungsschreiben, wenn der Verk\u00e4ufer\/H\u00e4ndler kein leitender Angestellter\/Direktor oder eingetragener Vertreter der gemeinn\u00fctzigen Organisation ist.<\/li>\n<li>Nachweis einer gemeinn\u00fctzigen Organisation, die gem\u00e4\u00df Abschnitt 501(c) 3 des Internal Revenue Code als steuerbefreite Organisation gilt und beim Florida Department of State, Division of Corporations, registriert ist.<\/li>\n<li>Kopie des Lichtbildausweises des Verk\u00e4ufers\/H\u00e4ndlers.<\/li>\n<li>Kopie der offiziellen Liste der eingetragenen Vertreter und leitenden Angestellten\/Direktoren der gemeinn\u00fctzigen Organisation. Diese finden Sie auf der Website des Florida Department of State, Division of Corporations: <a title=\"http:\/\/www.sunbiz.org\/corpweb\/inquiry\/corinam.html\" href=\"http:\/\/www.sunbiz.org\/corpweb\/inquiry\/corinam.html\" target=\"_blank\" rel=\"noopener noreferrer\">http:\/\/www.sunbiz.org\/corpweb\/inquiry\/corinam.html<\/a><\/li>\n<\/ol>\n<h3><strong>Informationen zur gemeinn\u00fctzigen Lotterie<\/strong><\/h3>\n<table width=\"709\">\n<tbody>\n<tr>\n<td width=\"223\"><strong>Lotterieviertel<\/strong><\/td>\n<td width=\"258\"><strong>Bewerbungsschluss ist 17:00 Uhr.<\/strong><\/td>\n<td width=\"228\"><strong>Lotterie findet statt<\/strong><\/td>\n<\/tr>\n<tr>\n<td width=\"223\">November &#8211; January 2026<\/td>\n<td width=\"258\">17. Oktober 2025<\/td>\n<td width=\"228\">27. Oktober 2025<\/td>\n<\/tr>\n<tr>\n<td width=\"223\">February &#8211; April 2026<\/td>\n<td width=\"258\">16. Januar 2026<\/td>\n<td width=\"228\">23. Januar 2026<\/td>\n<\/tr>\n<tr>\n<td width=\"223\">May &#8211; July 2026<\/td>\n<td width=\"258\">17. April 2026<\/td>\n<td width=\"228\">24. April 2026<\/td>\n<\/tr>\n<tr>\n<td width=\"223\">August &#8211; October 2026<\/td>\n<td width=\"258\">17. Juli 2026<\/td>\n<td width=\"228\">24. Juli 2026<\/td>\n<\/tr>\n<\/tbody>\n<\/table>\n<strong>Formulare und Informationen herunterladen:<\/strong>\u00a0(Akrobat*)<br \/>\nBitte \u00fcberpr\u00fcfen Sie die Angaben vor der \u00dcbermittlung, da sich diese Punkte \u00e4ndern k\u00f6nnen.\n<a href=\"https:\/\/www.miamibeachfl.gov\/wp-content\/uploads\/2025\/10\/NON-PROFIT-LOTTERY-APPLICATION.pdf\">Antrag f\u00fcr eine gemeinn\u00fctzige Lotterie<\/a><br \/>\n<a title=\"Kopie der Verordnung 97-3094\" href=\"\/wp-content\/uploads\/2017\/08\/97-3094-20ord.pdf\" target=\"_blank\" rel=\"noopener noreferrer\">Verordnung 97-3094<\/a>\n<ul>\n<li>Das Datum jeder Lotterie wird an verschiedenen Orten ver\u00f6ffentlicht, beispielsweise auf der Website der Stadt Miami Beach, am Schwarzen Brett der Stadt, auf Local Government Channel 20 und\/oder im Miami Herald.<\/li>\n<li>Lotterien finden normalerweise 3 Werktage vor dem Ende der vorherigen Lotterieperiode statt.<\/li>\n<li>Bewerbungen und alle weiteren erforderlichen Angaben m\u00fcssen sp\u00e4testens 5 Werktage vor dem Verlosungstermin eingereicht werden.<\/li>\n<li>F\u00fcr die Auswahl eines Standorts durch gemeinn\u00fctzige Organisationen oder deren Vertreter ist die Anwesenheit bei der Lotterie nicht erforderlich.<\/li>\n<li>Bei Fragen wenden Sie sich bitte an das Kundenservicecenter unter 305-673-7000.<\/li>\n<\/ul>\n\t<div class=\"page-navigation\"><a class=\"prev-page\" href=\"https:\/\/www.miamibeachfl.gov\/de\/city-hall\/city-clerk\/election-information\/cmb_election\/\">\u2190 Informationen 2019<\/a> <a class=\"next-page\" href=\"https:\/\/www.miamibeachfl.gov\/de\/city-hall\/city-clerk\/election-information\/november-6-2018-special-election\/related-resolutions\/\">Verwandte Aufl\u00f6sungen \u2192<\/a><\/div>","protected":false},"excerpt":{"rendered":"<p>Non-Profit Lottery Home &gt; Non-Profit Lottery Non-Profit Lottery The City of Miami Beach offers five (5) locations for non-profit vendors\/distributors [&hellip;]<\/p>\n","protected":false},"author":222,"featured_media":0,"parent":0,"menu_order":138,"comment_status":"closed","ping_status":"closed","template":"","meta":{"_searchwp_excluded":"","site-sidebar-layout":"default","site-content-layout":"","ast-site-content-layout":"default","site-content-style":"default","site-sidebar-style":"default","ast-global-header-display":"","ast-banner-title-visibility":"","ast-main-header-display":"","ast-hfb-above-header-display":"","ast-hfb-below-header-display":"","ast-hfb-mobile-header-display":"","site-post-title":"","ast-breadcrumbs-content":"","ast-featured-img":"","footer-sml-layout":"","theme-transparent-header-meta":"","adv-header-id-meta":"","stick-header-meta":"","header-above-stick-meta":"","header-main-stick-meta":"","header-below-stick-meta":"","astra-migrate-meta-layouts":"default","ast-page-background-enabled":"default","ast-page-background-meta":{"desktop":{"background-color":"var(--ast-global-color-5)","background-image":"","background-repeat":"repeat","background-position":"center center","background-size":"auto","background-attachment":"scroll","background-type":"","background-media":"","overlay-type":"","overlay-color":"","overlay-opacity":"","overlay-gradient":""},"tablet":{"background-color":"","background-image":"","background-repeat":"repeat","background-position":"center center","background-size":"auto","background-attachment":"scroll","background-type":"","background-media":"","overlay-type":"","overlay-color":"","overlay-opacity":"","overlay-gradient":""},"mobile":{"background-color":"","background-image":"","background-repeat":"repeat","background-position":"center center","background-size":"auto","background-attachment":"scroll","background-type":"","background-media":"","overlay-type":"","overlay-color":"","overlay-opacity":"","overlay-gradient":""}},"ast-content-background-meta":{"desktop":{"background-color":"var(--ast-global-color-4)","background-image":"","background-repeat":"repeat","background-position":"center center","background-size":"auto","background-attachment":"scroll","background-type":"","background-media":"","overlay-type":"","overlay-color":"","overlay-opacity":"","overlay-gradient":""},"tablet":{"background-color":"var(--ast-global-color-4)","background-image":"","background-repeat":"repeat","background-position":"center center","background-size":"auto","background-attachment":"scroll","background-type":"","background-media":"","overlay-type":"","overlay-color":"","overlay-opacity":"","overlay-gradient":""},"mobile":{"background-color":"var(--ast-global-color-4)","background-image":"","background-repeat":"repeat","background-position":"center center","background-size":"auto","background-attachment":"scroll","background-type":"","background-media":"","overlay-type":"","overlay-color":"","overlay-opacity":"","overlay-gradient":""}},"footnotes":""},"categories":[1],"tags":[],"class_list":["post-28275","page","type-page","status-publish","hentry","category-uncategorized"],"yoast_head":"<!-- This site is optimized with the Yoast SEO Premium plugin v27.4 (Yoast SEO v27.4) - https:\/\/yoast.com\/product\/yoast-seo-premium-wordpress\/ -->\n<title>Non-Profit Lottery - City of Miami Beach<\/title>\n<meta name=\"description\" content=\"%\" \/>\n<meta name=\"robots\" content=\"index, follow, max-snippet:-1, max-image-preview:large, max-video-preview:-1\" \/>\n<link rel=\"canonical\" href=\"https:\/\/www.miamibeachfl.gov\/de\/non-profit-lottery\/\" \/>\n<meta property=\"og:locale\" content=\"de_DE\" \/>\n<meta property=\"og:type\" content=\"article\" \/>\n<meta property=\"og:title\" content=\"Non-Profit Lottery\" \/>\n<meta property=\"og:description\" content=\"%\" \/>\n<meta property=\"og:url\" content=\"https:\/\/www.miamibeachfl.gov\/de\/non-profit-lottery\/\" \/>\n<meta property=\"og:site_name\" content=\"City of Miami Beach\" \/>\n<meta property=\"article:publisher\" content=\"https:\/\/www.facebook.com\/cityofmiamibeach\" \/>\n<meta property=\"article:modified_time\" content=\"2025-10-08T14:50:00+00:00\" \/>\n<meta property=\"og:image\" content=\"https:\/\/www.miamibeachfl.gov\/wp-content\/uploads\/2022\/07\/hero-small.jpg\" \/>\n<meta name=\"twitter:card\" content=\"summary_large_image\" \/>\n<meta name=\"twitter:site\" content=\"@Miamibeachnews\" \/>\n<script type=\"application\/ld+json\" class=\"yoast-schema-graph\">{\"@context\":\"https:\\\/\\\/schema.org\",\"@graph\":[{\"@type\":\"WebPage\",\"@id\":\"https:\\\/\\\/www.miamibeachfl.gov\\\/non-profit-lottery\\\/\",\"url\":\"https:\\\/\\\/www.miamibeachfl.gov\\\/non-profit-lottery\\\/\",\"name\":\"Non-Profit Lottery - City of Miami Beach\",\"isPartOf\":{\"@id\":\"https:\\\/\\\/www.miamibeachfl.gov\\\/#website\"},\"primaryImageOfPage\":{\"@id\":\"https:\\\/\\\/www.miamibeachfl.gov\\\/non-profit-lottery\\\/#primaryimage\"},\"image\":{\"@id\":\"https:\\\/\\\/www.miamibeachfl.gov\\\/non-profit-lottery\\\/#primaryimage\"},\"thumbnailUrl\":\"https:\\\/\\\/www.miamibeachfl.gov\\\/wp-content\\\/uploads\\\/2022\\\/07\\\/hero-small.jpg\",\"datePublished\":\"2017-08-11T00:02:37+00:00\",\"dateModified\":\"2025-10-08T14:50:00+00:00\",\"description\":\"%\",\"breadcrumb\":{\"@id\":\"https:\\\/\\\/www.miamibeachfl.gov\\\/non-profit-lottery\\\/#breadcrumb\"},\"inLanguage\":\"de\",\"potentialAction\":[{\"@type\":\"ReadAction\",\"target\":[\"https:\\\/\\\/www.miamibeachfl.gov\\\/non-profit-lottery\\\/\"]}]},{\"@type\":\"ImageObject\",\"inLanguage\":\"de\",\"@id\":\"https:\\\/\\\/www.miamibeachfl.gov\\\/non-profit-lottery\\\/#primaryimage\",\"url\":\"https:\\\/\\\/www.miamibeachfl.gov\\\/wp-content\\\/uploads\\\/2022\\\/07\\\/hero-small.jpg\",\"contentUrl\":\"https:\\\/\\\/www.miamibeachfl.gov\\\/wp-content\\\/uploads\\\/2022\\\/07\\\/hero-small.jpg\"},{\"@type\":\"BreadcrumbList\",\"@id\":\"https:\\\/\\\/www.miamibeachfl.gov\\\/non-profit-lottery\\\/#breadcrumb\",\"itemListElement\":[{\"@type\":\"ListItem\",\"position\":1,\"name\":\"Home\",\"item\":\"https:\\\/\\\/www.miamibeachfl.gov\\\/\"},{\"@type\":\"ListItem\",\"position\":2,\"name\":\"Non-Profit Lottery\"}]},{\"@type\":\"WebSite\",\"@id\":\"https:\\\/\\\/www.miamibeachfl.gov\\\/#website\",\"url\":\"https:\\\/\\\/www.miamibeachfl.gov\\\/\",\"name\":\"City of Miami Beach\",\"description\":\"The official website of the City of Miami Beach. Stay informed, find important information on city services, news, alerts, events, trolley routes, government employment and more.\",\"publisher\":{\"@id\":\"https:\\\/\\\/www.miamibeachfl.gov\\\/#organization\"},\"potentialAction\":[{\"@type\":\"SearchAction\",\"target\":{\"@type\":\"EntryPoint\",\"urlTemplate\":\"https:\\\/\\\/www.miamibeachfl.gov\\\/?s={search_term_string}\"},\"query-input\":{\"@type\":\"PropertyValueSpecification\",\"valueRequired\":true,\"valueName\":\"search_term_string\"}}],\"inLanguage\":\"de\"},{\"@type\":\"Organization\",\"@id\":\"https:\\\/\\\/www.miamibeachfl.gov\\\/#organization\",\"name\":\"City of Miami Beach\",\"url\":\"https:\\\/\\\/www.miamibeachfl.gov\\\/\",\"logo\":{\"@type\":\"ImageObject\",\"inLanguage\":\"de\",\"@id\":\"https:\\\/\\\/www.miamibeachfl.gov\\\/#\\\/schema\\\/logo\\\/image\\\/\",\"url\":\"https:\\\/\\\/www.miamibeachfl.gov\\\/wp-content\\\/uploads\\\/2022\\\/06\\\/miamibeach-logoblue.png\",\"contentUrl\":\"https:\\\/\\\/www.miamibeachfl.gov\\\/wp-content\\\/uploads\\\/2022\\\/06\\\/miamibeach-logoblue.png\",\"width\":1962,\"height\":381,\"caption\":\"City of Miami Beach\"},\"image\":{\"@id\":\"https:\\\/\\\/www.miamibeachfl.gov\\\/#\\\/schema\\\/logo\\\/image\\\/\"},\"sameAs\":[\"https:\\\/\\\/www.facebook.com\\\/cityofmiamibeach\",\"https:\\\/\\\/x.com\\\/Miamibeachnews\",\"https:\\\/\\\/www.instagram.com\\\/miamibeachnews\\\/\"],\"description\":\"The official website of the City of Miami Beach. Stay informed, find important information on city services, news, alerts, events, trolley routes, government employment and more.\",\"telephone\":\"305.604.CITY(2489)\",\"legalName\":\"City of Miami Beach\"}]}<\/script>\n<!-- \/ Yoast SEO Premium plugin. -->","yoast_head_json":{"title":"Non-Profit-Lotterie - Stadt Miami Beach","description":"%","robots":{"index":"index","follow":"follow","max-snippet":"max-snippet:-1","max-image-preview":"max-image-preview:large","max-video-preview":"max-video-preview:-1"},"canonical":"https:\/\/www.miamibeachfl.gov\/de\/non-profit-lottery\/","og_locale":"de_DE","og_type":"article","og_title":"Non-Profit Lottery","og_description":"%","og_url":"https:\/\/www.miamibeachfl.gov\/de\/non-profit-lottery\/","og_site_name":"City of Miami Beach","article_publisher":"https:\/\/www.facebook.com\/cityofmiamibeach","article_modified_time":"2025-10-08T14:50:00+00:00","og_image":[{"url":"https:\/\/www.miamibeachfl.gov\/wp-content\/uploads\/2022\/07\/hero-small.jpg","type":"","width":"","height":""}],"twitter_card":"summary_large_image","twitter_site":"@Miamibeachnews","schema":{"@context":"https:\/\/schema.org","@graph":[{"@type":"WebPage","@id":"https:\/\/www.miamibeachfl.gov\/non-profit-lottery\/","url":"https:\/\/www.miamibeachfl.gov\/non-profit-lottery\/","name":"Non-Profit-Lotterie - Stadt Miami Beach","isPartOf":{"@id":"https:\/\/www.miamibeachfl.gov\/#website"},"primaryImageOfPage":{"@id":"https:\/\/www.miamibeachfl.gov\/non-profit-lottery\/#primaryimage"},"image":{"@id":"https:\/\/www.miamibeachfl.gov\/non-profit-lottery\/#primaryimage"},"thumbnailUrl":"https:\/\/www.miamibeachfl.gov\/wp-content\/uploads\/2022\/07\/hero-small.jpg","datePublished":"2017-08-11T00:02:37+00:00","dateModified":"2025-10-08T14:50:00+00:00","description":"%","breadcrumb":{"@id":"https:\/\/www.miamibeachfl.gov\/non-profit-lottery\/#breadcrumb"},"inLanguage":"de","potentialAction":[{"@type":"ReadAction","target":["https:\/\/www.miamibeachfl.gov\/non-profit-lottery\/"]}]},{"@type":"ImageObject","inLanguage":"de","@id":"https:\/\/www.miamibeachfl.gov\/non-profit-lottery\/#primaryimage","url":"https:\/\/www.miamibeachfl.gov\/wp-content\/uploads\/2022\/07\/hero-small.jpg","contentUrl":"https:\/\/www.miamibeachfl.gov\/wp-content\/uploads\/2022\/07\/hero-small.jpg"},{"@type":"BreadcrumbList","@id":"https:\/\/www.miamibeachfl.gov\/non-profit-lottery\/#breadcrumb","itemListElement":[{"@type":"ListItem","position":1,"name":"Home","item":"https:\/\/www.miamibeachfl.gov\/"},{"@type":"ListItem","position":2,"name":"Non-Profit Lottery"}]},{"@type":"WebSite","@id":"https:\/\/www.miamibeachfl.gov\/#website","url":"https:\/\/www.miamibeachfl.gov\/","name":"Stadt Miami Beach","description":"Die offizielle Website der Stadt Miami Beach. Bleiben Sie informiert und finden Sie wichtige Informationen zu st\u00e4dtischen Dienstleistungen, Neuigkeiten, Warnungen, Veranstaltungen, Stra\u00dfenbahnlinien, Stellenangeboten im \u00f6ffentlichen Dienst und mehr.","publisher":{"@id":"https:\/\/www.miamibeachfl.gov\/#organization"},"potentialAction":[{"@type":"SearchAction","target":{"@type":"EntryPoint","urlTemplate":"https:\/\/www.miamibeachfl.gov\/?s={search_term_string}"},"query-input":{"@type":"PropertyValueSpecification","valueRequired":true,"valueName":"search_term_string"}}],"inLanguage":"de"},{"@type":"Organization","@id":"https:\/\/www.miamibeachfl.gov\/#organization","name":"Stadt Miami Beach","url":"https:\/\/www.miamibeachfl.gov\/","logo":{"@type":"ImageObject","inLanguage":"de","@id":"https:\/\/www.miamibeachfl.gov\/#\/schema\/logo\/image\/","url":"https:\/\/www.miamibeachfl.gov\/wp-content\/uploads\/2022\/06\/miamibeach-logoblue.png","contentUrl":"https:\/\/www.miamibeachfl.gov\/wp-content\/uploads\/2022\/06\/miamibeach-logoblue.png","width":1962,"height":381,"caption":"City of Miami Beach"},"image":{"@id":"https:\/\/www.miamibeachfl.gov\/#\/schema\/logo\/image\/"},"sameAs":["https:\/\/www.facebook.com\/cityofmiamibeach","https:\/\/x.com\/Miamibeachnews","https:\/\/www.instagram.com\/miamibeachnews\/"],"description":"Die offizielle Website der Stadt Miami Beach. Bleiben Sie informiert und finden Sie wichtige Informationen zu st\u00e4dtischen Dienstleistungen, Neuigkeiten, Warnungen, Veranstaltungen, Stra\u00dfenbahnlinien, Stellenangeboten im \u00f6ffentlichen Dienst und mehr.","telephone":"305.604.CITY(2489)","legalName":"City of Miami Beach"}]}},"_links":{"self":[{"href":"https:\/\/www.miamibeachfl.gov\/de\/wp-json\/wp\/v2\/pages\/28275","targetHints":{"allow":["GET"]}}],"collection":[{"href":"https:\/\/www.miamibeachfl.gov\/de\/wp-json\/wp\/v2\/pages"}],"about":[{"href":"https:\/\/www.miamibeachfl.gov\/de\/wp-json\/wp\/v2\/types\/page"}],"author":[{"embeddable":true,"href":"https:\/\/www.miamibeachfl.gov\/de\/wp-json\/wp\/v2\/users\/222"}],"replies":[{"embeddable":true,"href":"https:\/\/www.miamibeachfl.gov\/de\/wp-json\/wp\/v2\/comments?post=28275"}],"version-history":[{"count":3,"href":"https:\/\/www.miamibeachfl.gov\/de\/wp-json\/wp\/v2\/pages\/28275\/revisions"}],"predecessor-version":[{"id":390051,"href":"https:\/\/www.miamibeachfl.gov\/de\/wp-json\/wp\/v2\/pages\/28275\/revisions\/390051"}],"wp:attachment":[{"href":"https:\/\/www.miamibeachfl.gov\/de\/wp-json\/wp\/v2\/media?parent=28275"}],"wp:term":[{"taxonomy":"category","embeddable":true,"href":"https:\/\/www.miamibeachfl.gov\/de\/wp-json\/wp\/v2\/categories?post=28275"},{"taxonomy":"post_tag","embeddable":true,"href":"https:\/\/www.miamibeachfl.gov\/de\/wp-json\/wp\/v2\/tags?post=28275"}],"curies":[{"name":"wp","href":"https:\/\/api.w.org\/{rel}","templated":true}]}}