{"id":28302,"date":"2017-08-11T00:02:54","date_gmt":"2017-08-11T00:02:54","guid":{"rendered":"http:\/\/www.miamibeachfl.gov\/city-hall\/office-of-budget-peformance\/budget\/financial-policies\/budget-archive\/"},"modified":"2025-08-27T17:10:53","modified_gmt":"2025-08-27T21:10:53","slug":"budget-archive","status":"publish","type":"page","link":"https:\/\/www.miamibeachfl.gov\/de\/city-hall\/office-of-budget-peformance\/budget\/budget-archive\/","title":{"rendered":"Haushaltsarchiv"},"content":{"rendered":"<img decoding=\"async\" src=\"https:\/\/www.miamibeachfl.gov\/wp-content\/uploads\/2022\/07\/hero-small.jpg\" alt=\"ocean drive art deco buildings\" itemprop=\"image\" height=\"211\" width=\"2395\" title=\"Held-klein\" onerror=\"this.style.display='none'\" loading=\"lazy\" \/>\n<h1>\n\t\t\tHaushaltsarchiv\t<\/h1>\n\t<nav id=\"breadcrumbs\" aria-label=\"Paniermehl\"><a href=\"https:\/\/www.miamibeachfl.gov\/de\/\">Heim<\/a> &gt; <a href=\"https:\/\/www.miamibeachfl.gov\/de\/city-hall\/\">Rathaus<\/a> &gt; <a href=\"https:\/\/www.miamibeachfl.gov\/de\/city-hall\/office-of-budget-peformance\/\">Management &amp; Budget<\/a> &gt; <a href=\"https:\/\/www.miamibeachfl.gov\/de\/city-hall\/office-of-budget-peformance\/budget\/\">Budget<\/a> &gt; <strong>Haushaltsarchiv<\/strong><\/nav>\n\t<table>\n<thead>\n<tr>\n<th>Gesch\u00e4ftsjahr<\/th>\n<th>Stadtweiter Arbeitsplan<\/th>\n<th>Endg\u00fcltiges Betriebsbudgetbuch<\/th>\n<th>Endg\u00fcltiges Kapitalbudgetbuch<\/th>\n<th>Haushalts\u00e4nderung \/ Beschl\u00fcsse<\/th>\n<\/tr>\n<\/thead>\n<tbody>\n<tr>\n<td>GJ23\/24<\/td>\n\n<td><a href=\"https:\/\/www.miamibeachfl.gov\/wp-content\/uploads\/2023\/10\/FY-2024-Adopted-Budget-Book-Electronic-Version-Compressed.pdf\">Herunterladen<\/a><\/td>\n<td><a href=\"https:\/\/www.miamibeachfl.gov\/wp-content\/uploads\/2023\/11\/FY-2024-28-Adopted-Capital-Budget-Book-Online-Compressed.pdf\">Herunterladen<\/a><\/td>\n<td><a href=\"https:\/\/www.miamibeachfl.gov\/de\/city-hall\/office-of-budget-peformance\/budget\/budget-amendments-resolutions-fy-2024\/\">Herunterladen<\/a><\/td>\n<\/tr>\n<tr>\n<td>GJ22\/23<\/td>\n\n<td><a href=\"https:\/\/www.miamibeachfl.gov\/wp-content\/uploads\/2022\/12\/Adopted-FY-2023-Operating-Book-Online-Version-V3.pdf\">Herunterladen<\/a><\/td>\n<td><a href=\"https:\/\/www.miamibeachfl.gov\/wp-content\/uploads\/2022\/11\/FY-2023-27-Adopted-Capital-Budget-Book-Final-Online-Version.pdf\">Herunterladen<\/a><\/td>\n<td><a href=\"https:\/\/www.miamibeachfl.gov\/de\/city-hall\/office-of-budget-peformance\/budget\/budget-amendments-resolutions-fy-2023\/\">Herunterladen<\/a><\/td>\n<\/tr>\n<tr>\n<td>GJ21\/22<\/td>\n\n<td><a href=\"http:\/\/www.miamibeachfl.gov\/wp-content\/uploads\/2022\/03\/FY-2022-Adopted-Budget-Book.pdf\">Herunterladen<\/a><\/td>\n<td><a href=\"http:\/\/www.miamibeachfl.gov\/wp-content\/uploads\/2021\/12\/FY-2022-26-Adopted-Capital-Budget-Book-Hyperlinked.pdf\">Herunterladen<\/a><\/td>\n<td><a href=\"http:\/\/www.miamibeachfl.gov\/de\/city-hall\/office-of-budget-peformance\/budget\/budget-amendments-resolutions-fy-2022\/\">Herunterladen<\/a><\/td>\n<\/tr>\n<tr>\n<td>GJ20\/21<\/td>\n\n<td><a href=\"http:\/\/www.miamibeachfl.gov\/wp-content\/uploads\/2020\/12\/1.-FY-2021-Adopted-Budget-Book-Optimized-Clickable.pdf\">Herunterladen<\/a><\/td>\n<td><a href=\"https:\/\/www.miamibeachfl.gov\/wp-content\/uploads\/2020\/10\/FY-2021-25-Adopted-Capital-Budget-Book-for-Website1.pdf\">Herunterladen<\/a><\/td>\n<td><a href=\"https:\/\/www.miamibeachfl.gov\/de\/city-hall\/office-of-budget-peformance\/budget\/budget-amendments-resolutions-fy-2021\/\">Herunterladen<\/a><\/td>\n<\/tr>\n<tr>\n<td>GJ19\/20<\/td>\n\n<td><a href=\"http:\/\/www.miamibeachfl.gov\/wp-content\/uploads\/2019\/12\/SAdopted-Operating-Budget-Book-FY-2020-Online-Version.pdf\">Herunterladen<\/a><\/td>\n<td><a href=\"http:\/\/www.miamibeachfl.gov\/wp-content\/uploads\/2019\/12\/SFY-2020-24-Adopted-Capital-Budget-Book-Online-Version.pdf\">Herunterladen<\/a><\/td>\n<td><a href=\"http:\/\/www.miamibeachfl.gov\/de\/city-hall\/office-of-budget-peformance\/budget\/budget-amendments-resolutions-fy-2020\/\">Herunterladen<\/a><\/td>\n<\/tr>\n<tr>\n<td>GJ18\/19<\/td>\n\n<td><a href=\"http:\/\/www.miamibeachfl.gov\/wp-content\/uploads\/2018\/12\/Operating-Budget-Book-FINAL.pdf\">Herunterladen<\/a><\/td>\n<td><a href=\"http:\/\/www.miamibeachfl.gov\/wp-content\/uploads\/2018\/12\/FY19-Adopted-Capital-Budget-Book-FINAL.pdf\">Herunterladen<\/a><\/td>\n<td><a href=\"https:\/\/www.miamibeachfl.gov\/de\/city-hall\/office-of-budget-peformance\/budget\/budget-archive\/budget-amendments-resolutions-fy18-19\/\">Herunterladen<\/a><\/td>\n<\/tr>\n<tr>\n<td>GJ17\/18<\/td>\n<td><a href=\"https:\/\/www.miamibeachfl.gov\/wp-content\/uploads\/2025\/07\/FY17-18-CWWP.pdf\">Herunterladen<\/a><\/td>\n<td><a href=\"https:\/\/www.miamibeachfl.gov\/wp-content\/uploads\/2017\/12\/Adopted-Operating-Budget-Book-Website-Clickable-Compressed.pdf\">Herunterladen<\/a><\/td>\n<td><a href=\"https:\/\/www.miamibeachfl.gov\/wp-content\/uploads\/2017\/12\/Adopted-Capital-Budget-Book-Website-Compressed.pdf\">Herunterladen<\/a><\/td>\n<td><a href=\"https:\/\/www.miamibeachfl.gov\/de\/city-hall\/office-of-budget-peformance\/budget\/budget-archive\/fy-201718-budget-amendments-resolutions\/\">Herunterladen<\/a><\/td>\n<\/tr>\n<tr>\n<td>GJ16\/17<\/td>\n<td><a href=\"https:\/\/www.miamibeachfl.gov\/wp-content\/uploads\/2025\/07\/FY17-Citywide-Work-Plan.pdf\">Herunterladen<\/a><\/td>\n<td><a href=\"https:\/\/www.miamibeachfl.gov\/wp-content\/uploads\/2025\/07\/FY2017-Adopted-Operating-Budget-Book-Website-Clickable.pdf\">Herunterladen<\/a><\/td>\n<td><a href=\"https:\/\/www.miamibeachfl.gov\/wp-content\/uploads\/2025\/07\/CAPITAL-BUDGET-BOOK-FY-2017-Adopted-final.pdf\">Herunterladen<\/a><\/td>\n<td><a href=\"https:\/\/www.miamibeachfl.gov\/de\/city-hall\/office-of-budget-peformance\/budget\/budget-archive\/budget-amendmentsresolutions\/\">Herunterladen<\/a><\/td>\n<\/tr>\n<tr>\n<td>GJ15\/16<\/td>\n<td><a href=\"https:\/\/www.miamibeachfl.gov\/wp-content\/uploads\/2017\/08\/Citywide-Work-Plan.pdf\">Herunterladen<\/a><\/td>\n<td><a href=\"https:\/\/www.miamibeachfl.gov\/wp-content\/uploads\/2017\/08\/FY16-ADOPTED-BUDGET-DOCUMENT-LINKED.pdf\">Herunterladen<\/a><\/td>\n<td><a href=\"https:\/\/www.miamibeachfl.gov\/wp-content\/uploads\/2017\/08\/FY16-Adopted-Capital-Budget-document-w-PAGE-NUMBERS.pdf\">Herunterladen<\/a><\/td>\n<td><a href=\"https:\/\/www.miamibeachfl.gov\/de\/city-hall\/office-of-budget-peformance\/budget\/budget-archive\/fy-2015-2016-budget-amendments-resolutions\/\">Herunterladen<\/a><\/td>\n<\/tr>\n<tr>\n<td>GJ14\/15<\/td>\n<td><a href=\"https:\/\/www.miamibeachfl.gov\/wp-content\/uploads\/2025\/07\/FY14-15-Citywide-Work-Plan.pdf\">Herunterladen<\/a><\/td>\n<td><a href=\"https:\/\/www.miamibeachfl.gov\/wp-content\/uploads\/2017\/08\/FY15-ADOPTED-BUDGET-BOOK.pdf\">Herunterladen<\/a><\/td>\n<td><a href=\"https:\/\/www.miamibeachfl.gov\/wp-content\/uploads\/2017\/08\/FY14-15-Adopted-CAPITAL-BOOK.pdf\">Herunterladen<\/a><\/td>\n<td><a href=\"https:\/\/www.miamibeachfl.gov\/de\/city-hall\/office-of-budget-peformance\/budget\/budget-archive\/fy-2014-2015-budget-amendments-resolutions\/\">Herunterladen<\/a><\/td>\n<\/tr>\n<tr>\n<td>GJ13\/14<\/td>\n<td><a href=\"https:\/\/www.miamibeachfl.gov\/wp-content\/uploads\/2017\/08\/FY-2014-Adopted-Citywide-Work-Plan-FINAL.pdf\">Herunterladen<\/a><\/td>\n<td><a href=\"https:\/\/www.miamibeachfl.gov\/wp-content\/uploads\/2017\/08\/FY2013-14-Adopted-Budget-Book-Online-Version.pdf\">Herunterladen<\/a><\/td>\n<td><a href=\"https:\/\/www.miamibeachfl.gov\/wp-content\/uploads\/2025\/07\/FY14-Adopted-Capital-Book-FORMATTED-2-1.pdf\">Herunterladen<\/a><\/td>\n<td><a href=\"https:\/\/www.miamibeachfl.gov\/de\/city-hall\/office-of-budget-peformance\/budget\/budget-archive\/fy-2013-2014-budget-amendment\/\">Herunterladen<\/a><\/td>\n<\/tr>\n<tr>\n<td>GJ12\/13<\/td>\n<td><a href=\"http:\/\/www.miamibeachfl.gov\/wp-content\/uploads\/2018\/05\/FY-2013-Adopted-Citywide-Work-Plan.pdf\">Herunterladen<\/a><\/td>\n<td><a href=\"https:\/\/www.miamibeachfl.gov\/wp-content\/uploads\/2017\/08\/Adopted-13-Combined-for-internet.pdf\">Herunterladen<\/a><\/td>\n<td><a href=\"https:\/\/www.miamibeachfl.gov\/wp-content\/uploads\/2017\/08\/Adopted-Capital-Budget-FY-12-13-for-intranet.pdf\">Herunterladen<\/a><\/td>\n<td><a href=\"https:\/\/www.miamibeachfl.gov\/de\/city-hall\/office-of-budget-peformance\/budget\/budget-archive\/budget-resolutions-fy-2012-2013\/\">Herunterladen<\/a><\/td>\n<\/tr>\n<\/tbody>\n<\/table>\n\t\tNavigieren Sie zu\u2026\t\t\t\n\t\t\t\t\t<ul id=\"menu-budget-archive\"><li id=\"menu-item-363476\"><a href=\"\/de\/city-hall\/office-of-budget-peformance\/budget\/budget-archive\/budget-amendments-resolutions-fy18-19\/\">Haushalts\u00e4nderungen und -beschl\u00fcsse GJ18\/19<\/a><\/li>\n<li id=\"menu-item-363477\"><a href=\"\/de\/city-hall\/office-of-budget-peformance\/budget\/budget-archive\/budget-resolutions-fy-2010-2011\/\">Haushaltsbeschl\u00fcsse GJ 2010 2011<\/a><\/li>\n<li id=\"menu-item-363478\"><a href=\"\/de\/city-hall\/office-of-budget-peformance\/budget\/budget-archive\/budget-resolutions-fy-2012-2013\/\">Haushaltsbeschl\u00fcsse GJ 2012 2013<\/a><\/li>\n<li id=\"menu-item-363479\"><a href=\"\/de\/city-hall\/office-of-budget-peformance\/budget\/budget-archive\/capital-budget-resolutions-fy-2012-2013\/\">Kapitalbudgetbeschl\u00fcsse GJ 2012 2013<\/a><\/li>\n<li id=\"menu-item-363480\"><a href=\"\/de\/city-hall\/office-of-budget-peformance\/budget\/budget-archive\/fy-2013-2014-budget-amendment\/\">Haushalts\u00e4nderung f\u00fcr das Gesch\u00e4ftsjahr 2013\/2014<\/a><\/li>\n<li id=\"menu-item-363481\"><a href=\"\/de\/city-hall\/office-of-budget-peformance\/budget\/budget-archive\/fy-2013-2014-final-capital-budget-amendments\/\">Endg\u00fcltige \u00c4nderungen des Kapitalbudgets f\u00fcr das Gesch\u00e4ftsjahr 2013\/2014<\/a><\/li>\n<li id=\"menu-item-363482\"><a href=\"\/de\/city-hall\/office-of-budget-peformance\/budget\/budget-archive\/fy-2014-2015-budget-amendments-resolutions\/\">Haushalts\u00e4nderungsbeschl\u00fcsse f\u00fcr das Haushaltsjahr 2014\/2015<\/a><\/li>\n<li id=\"menu-item-363483\"><a href=\"\/de\/city-hall\/office-of-budget-peformance\/budget\/budget-archive\/fy-2015-2016-budget-amendments-resolutions\/\">Haushalts\u00e4nderungsbeschl\u00fcsse f\u00fcr das Haushaltsjahr 2015\/2016<\/a><\/li>\n<li id=\"menu-item-363484\"><a href=\"\/de\/city-hall\/office-of-budget-peformance\/budget\/budget-archive\/fy-201718-budget-amendments-resolutions\/\">Haushaltsjahr 2017\/18: Haushalts\u00e4nderungen und -beschl\u00fcsse<\/a><\/li>\n<li id=\"menu-item-363485\"><a href=\"\/de\/city-hall\/office-of-budget-peformance\/budget\/budget-archive\/operating-budget-resolutions-fy-2012-2013\/\">Betriebsbudgetbeschl\u00fcsse GJ 2012 2013<\/a><\/li>\n<li id=\"menu-item-363486\"><a href=\"\/de\/city-hall\/office-of-budget-peformance\/budget\/budget-archive\/proposed-operating-budget-resolutions-fy-2012-2013\/\">Vorgeschlagene Beschl\u00fcsse zum Betriebshaushalt GJ 2012 2013<\/a><\/li>\n<\/ul>\t\n\t<div class=\"page-navigation\"><a class=\"prev-page\" href=\"https:\/\/www.miamibeachfl.gov\/de\/city-hall\/public-works\/engineering-division\/section-1-e-electronic-media-standards-and-requirements\/\">\u2190 Abschnitt 1 E Standards und Anforderungen f\u00fcr elektronische Medien<\/a> <a class=\"next-page\" href=\"https:\/\/www.miamibeachfl.gov\/de\/2022election-info\/miami-city-ballet\/\">Miami City Ballet \u2192<\/a><\/div>","protected":false},"excerpt":{"rendered":"<p>Haushaltsarchiv Startseite &gt; Rathaus &gt; Verwaltung und Haushalt &gt; Haushalt &gt; Haushaltsarchiv Endg\u00fcltiger stadtweiter Arbeitsplan f\u00fcr das Gesch\u00e4ftsjahr [\u2026]<\/p>","protected":false},"author":222,"featured_media":0,"parent":28281,"menu_order":178,"comment_status":"closed","ping_status":"closed","template":"","meta":{"_searchwp_excluded":"","site-sidebar-layout":"default","site-content-layout":"","ast-site-content-layout":"default","site-content-style":"default","site-sidebar-style":"default","ast-global-header-display":"","ast-banner-title-visibility":"","ast-main-header-display":"","ast-hfb-above-header-display":"","ast-hfb-below-header-display":"","ast-hfb-mobile-header-display":"","site-post-title":"","ast-breadcrumbs-content":"","ast-featured-img":"","footer-sml-layout":"","theme-transparent-header-meta":"","adv-header-id-meta":"","stick-header-meta":"","header-above-stick-meta":"","header-main-stick-meta":"","header-below-stick-meta":"","astra-migrate-meta-layouts":"default","ast-page-background-enabled":"default","ast-page-background-meta":{"desktop":{"background-color":"var(--ast-global-color-5)","background-image":"","background-repeat":"repeat","background-position":"center center","background-size":"auto","background-attachment":"scroll","background-type":"","background-media":"","overlay-type":"","overlay-color":"","overlay-opacity":"","overlay-gradient":""},"tablet":{"background-color":"","background-image":"","background-repeat":"repeat","background-position":"center center","background-size":"auto","background-attachment":"scroll","background-type":"","background-media":"","overlay-type":"","overlay-color":"","overlay-opacity":"","overlay-gradient":""},"mobile":{"background-color":"","background-image":"","background-repeat":"repeat","background-position":"center center","background-size":"auto","background-attachment":"scroll","background-type":"","background-media":"","overlay-type":"","overlay-color":"","overlay-opacity":"","overlay-gradient":""}},"ast-content-background-meta":{"desktop":{"background-color":"var(--ast-global-color-4)","background-image":"","background-repeat":"repeat","background-position":"center center","background-size":"auto","background-attachment":"scroll","background-type":"","background-media":"","overlay-type":"","overlay-color":"","overlay-opacity":"","overlay-gradient":""},"tablet":{"background-color":"var(--ast-global-color-4)","background-image":"","background-repeat":"repeat","background-position":"center center","background-size":"auto","background-attachment":"scroll","background-type":"","background-media":"","overlay-type":"","overlay-color":"","overlay-opacity":"","overlay-gradient":""},"mobile":{"background-color":"var(--ast-global-color-4)","background-image":"","background-repeat":"repeat","background-position":"center center","background-size":"auto","background-attachment":"scroll","background-type":"","background-media":"","overlay-type":"","overlay-color":"","overlay-opacity":"","overlay-gradient":""}},"footnotes":""},"categories":[],"tags":[],"class_list":["post-28302","page","type-page","status-publish","hentry"],"yoast_head":"<!-- This site is optimized with the Yoast SEO Premium plugin v26.6 (Yoast SEO v26.6) - https:\/\/yoast.com\/wordpress\/plugins\/seo\/ -->\n<title>Budget Archive - City of Miami Beach<\/title>\n<meta name=\"description\" content=\"%\" \/>\n<meta name=\"robots\" content=\"index, follow, max-snippet:-1, max-image-preview:large, max-video-preview:-1\" \/>\n<link rel=\"canonical\" href=\"https:\/\/www.miamibeachfl.gov\/de\/city-hall\/office-of-budget-peformance\/budget\/budget-archive\/\" \/>\n<meta property=\"og:locale\" content=\"de_DE\" \/>\n<meta property=\"og:type\" content=\"article\" \/>\n<meta property=\"og:title\" content=\"Budget Archive\" \/>\n<meta property=\"og:description\" content=\"%\" \/>\n<meta property=\"og:url\" content=\"https:\/\/www.miamibeachfl.gov\/de\/city-hall\/office-of-budget-peformance\/budget\/budget-archive\/\" \/>\n<meta property=\"og:site_name\" content=\"City of Miami Beach\" \/>\n<meta property=\"article:publisher\" content=\"https:\/\/www.facebook.com\/cityofmiamibeach\" \/>\n<meta property=\"article:modified_time\" content=\"2025-08-27T21:10:53+00:00\" \/>\n<meta property=\"og:image\" content=\"https:\/\/www.miamibeachfl.gov\/wp-content\/uploads\/2022\/07\/hero-small.jpg\" \/>\n<meta name=\"twitter:card\" content=\"summary_large_image\" \/>\n<meta name=\"twitter:site\" content=\"@Miamibeachnews\" \/>\n<script type=\"application\/ld+json\" class=\"yoast-schema-graph\">{\"@context\":\"https:\/\/schema.org\",\"@graph\":[{\"@type\":\"WebPage\",\"@id\":\"https:\/\/www.miamibeachfl.gov\/city-hall\/office-of-budget-peformance\/budget\/budget-archive\/\",\"url\":\"https:\/\/www.miamibeachfl.gov\/city-hall\/office-of-budget-peformance\/budget\/budget-archive\/\",\"name\":\"Budget Archive - City of Miami Beach\",\"isPartOf\":{\"@id\":\"https:\/\/www.miamibeachfl.gov\/#website\"},\"primaryImageOfPage\":{\"@id\":\"https:\/\/www.miamibeachfl.gov\/city-hall\/office-of-budget-peformance\/budget\/budget-archive\/#primaryimage\"},\"image\":{\"@id\":\"https:\/\/www.miamibeachfl.gov\/city-hall\/office-of-budget-peformance\/budget\/budget-archive\/#primaryimage\"},\"thumbnailUrl\":\"https:\/\/www.miamibeachfl.gov\/wp-content\/uploads\/2022\/07\/hero-small.jpg\",\"datePublished\":\"2017-08-11T00:02:54+00:00\",\"dateModified\":\"2025-08-27T21:10:53+00:00\",\"description\":\"%\",\"breadcrumb\":{\"@id\":\"https:\/\/www.miamibeachfl.gov\/city-hall\/office-of-budget-peformance\/budget\/budget-archive\/#breadcrumb\"},\"inLanguage\":\"de\",\"potentialAction\":[{\"@type\":\"ReadAction\",\"target\":[\"https:\/\/www.miamibeachfl.gov\/city-hall\/office-of-budget-peformance\/budget\/budget-archive\/\"]}]},{\"@type\":\"ImageObject\",\"inLanguage\":\"de\",\"@id\":\"https:\/\/www.miamibeachfl.gov\/city-hall\/office-of-budget-peformance\/budget\/budget-archive\/#primaryimage\",\"url\":\"https:\/\/www.miamibeachfl.gov\/wp-content\/uploads\/2022\/07\/hero-small.jpg\",\"contentUrl\":\"https:\/\/www.miamibeachfl.gov\/wp-content\/uploads\/2022\/07\/hero-small.jpg\"},{\"@type\":\"BreadcrumbList\",\"@id\":\"https:\/\/www.miamibeachfl.gov\/city-hall\/office-of-budget-peformance\/budget\/budget-archive\/#breadcrumb\",\"itemListElement\":[{\"@type\":\"ListItem\",\"position\":1,\"name\":\"Home\",\"item\":\"https:\/\/www.miamibeachfl.gov\/\"},{\"@type\":\"ListItem\",\"position\":2,\"name\":\"City Hall\",\"item\":\"https:\/\/www.miamibeachfl.gov\/city-hall\/\"},{\"@type\":\"ListItem\",\"position\":3,\"name\":\"Management &amp; Budget\",\"item\":\"https:\/\/www.miamibeachfl.gov\/city-hall\/office-of-budget-peformance\/\"},{\"@type\":\"ListItem\",\"position\":4,\"name\":\"Budget\",\"item\":\"https:\/\/www.miamibeachfl.gov\/city-hall\/office-of-budget-peformance\/budget\/\"},{\"@type\":\"ListItem\",\"position\":5,\"name\":\"Budget Archive\"}]},{\"@type\":\"WebSite\",\"@id\":\"https:\/\/www.miamibeachfl.gov\/#website\",\"url\":\"https:\/\/www.miamibeachfl.gov\/\",\"name\":\"City of Miami Beach\",\"description\":\"The official website of the City of Miami Beach. Stay informed, find important information on city services, news, alerts, events, trolley routes, government employment and more.\",\"publisher\":{\"@id\":\"https:\/\/www.miamibeachfl.gov\/#organization\"},\"potentialAction\":[{\"@type\":\"SearchAction\",\"target\":{\"@type\":\"EntryPoint\",\"urlTemplate\":\"https:\/\/www.miamibeachfl.gov\/?s={search_term_string}\"},\"query-input\":{\"@type\":\"PropertyValueSpecification\",\"valueRequired\":true,\"valueName\":\"search_term_string\"}}],\"inLanguage\":\"de\"},{\"@type\":\"Organization\",\"@id\":\"https:\/\/www.miamibeachfl.gov\/#organization\",\"name\":\"City of Miami Beach\",\"url\":\"https:\/\/www.miamibeachfl.gov\/\",\"logo\":{\"@type\":\"ImageObject\",\"inLanguage\":\"de\",\"@id\":\"https:\/\/www.miamibeachfl.gov\/#\/schema\/logo\/image\/\",\"url\":\"https:\/\/www.miamibeachfl.gov\/wp-content\/uploads\/2022\/06\/miamibeach-logoblue.png\",\"contentUrl\":\"https:\/\/www.miamibeachfl.gov\/wp-content\/uploads\/2022\/06\/miamibeach-logoblue.png\",\"width\":1962,\"height\":381,\"caption\":\"City of Miami Beach\"},\"image\":{\"@id\":\"https:\/\/www.miamibeachfl.gov\/#\/schema\/logo\/image\/\"},\"sameAs\":[\"https:\/\/www.facebook.com\/cityofmiamibeach\",\"https:\/\/x.com\/Miamibeachnews\",\"https:\/\/www.instagram.com\/miamibeachnews\/\"],\"description\":\"The official website of the City of Miami Beach. Stay informed, find important information on city services, news, alerts, events, trolley routes, government employment and more.\",\"telephone\":\"305.604.CITY(2489)\",\"legalName\":\"City of Miami Beach\"}]}<\/script>\n<!-- \/ Yoast SEO Premium plugin. -->","yoast_head_json":{"title":"Haushaltsarchiv - Stadt Miami Beach","description":"%","robots":{"index":"index","follow":"follow","max-snippet":"max-snippet:-1","max-image-preview":"max-image-preview:large","max-video-preview":"max-video-preview:-1"},"canonical":"https:\/\/www.miamibeachfl.gov\/de\/city-hall\/office-of-budget-peformance\/budget\/budget-archive\/","og_locale":"de_DE","og_type":"article","og_title":"Budget Archive","og_description":"%","og_url":"https:\/\/www.miamibeachfl.gov\/de\/city-hall\/office-of-budget-peformance\/budget\/budget-archive\/","og_site_name":"City of Miami Beach","article_publisher":"https:\/\/www.facebook.com\/cityofmiamibeach","article_modified_time":"2025-08-27T21:10:53+00:00","og_image":[{"url":"https:\/\/www.miamibeachfl.gov\/wp-content\/uploads\/2022\/07\/hero-small.jpg","type":"","width":"","height":""}],"twitter_card":"summary_large_image","twitter_site":"@Miamibeachnews","schema":{"@context":"https:\/\/schema.org","@graph":[{"@type":"WebPage","@id":"https:\/\/www.miamibeachfl.gov\/city-hall\/office-of-budget-peformance\/budget\/budget-archive\/","url":"https:\/\/www.miamibeachfl.gov\/city-hall\/office-of-budget-peformance\/budget\/budget-archive\/","name":"Haushaltsarchiv - Stadt Miami Beach","isPartOf":{"@id":"https:\/\/www.miamibeachfl.gov\/#website"},"primaryImageOfPage":{"@id":"https:\/\/www.miamibeachfl.gov\/city-hall\/office-of-budget-peformance\/budget\/budget-archive\/#primaryimage"},"image":{"@id":"https:\/\/www.miamibeachfl.gov\/city-hall\/office-of-budget-peformance\/budget\/budget-archive\/#primaryimage"},"thumbnailUrl":"https:\/\/www.miamibeachfl.gov\/wp-content\/uploads\/2022\/07\/hero-small.jpg","datePublished":"2017-08-11T00:02:54+00:00","dateModified":"2025-08-27T21:10:53+00:00","description":"%","breadcrumb":{"@id":"https:\/\/www.miamibeachfl.gov\/city-hall\/office-of-budget-peformance\/budget\/budget-archive\/#breadcrumb"},"inLanguage":"de","potentialAction":[{"@type":"ReadAction","target":["https:\/\/www.miamibeachfl.gov\/city-hall\/office-of-budget-peformance\/budget\/budget-archive\/"]}]},{"@type":"ImageObject","inLanguage":"de","@id":"https:\/\/www.miamibeachfl.gov\/city-hall\/office-of-budget-peformance\/budget\/budget-archive\/#primaryimage","url":"https:\/\/www.miamibeachfl.gov\/wp-content\/uploads\/2022\/07\/hero-small.jpg","contentUrl":"https:\/\/www.miamibeachfl.gov\/wp-content\/uploads\/2022\/07\/hero-small.jpg"},{"@type":"BreadcrumbList","@id":"https:\/\/www.miamibeachfl.gov\/city-hall\/office-of-budget-peformance\/budget\/budget-archive\/#breadcrumb","itemListElement":[{"@type":"ListItem","position":1,"name":"Home","item":"https:\/\/www.miamibeachfl.gov\/"},{"@type":"ListItem","position":2,"name":"City Hall","item":"https:\/\/www.miamibeachfl.gov\/city-hall\/"},{"@type":"ListItem","position":3,"name":"Management &amp; Budget","item":"https:\/\/www.miamibeachfl.gov\/city-hall\/office-of-budget-peformance\/"},{"@type":"ListItem","position":4,"name":"Budget","item":"https:\/\/www.miamibeachfl.gov\/city-hall\/office-of-budget-peformance\/budget\/"},{"@type":"ListItem","position":5,"name":"Budget Archive"}]},{"@type":"WebSite","@id":"https:\/\/www.miamibeachfl.gov\/#website","url":"https:\/\/www.miamibeachfl.gov\/","name":"Stadt Miami Beach","description":"Die offizielle Website der Stadt Miami Beach. Bleiben Sie informiert und finden Sie wichtige Informationen zu st\u00e4dtischen Dienstleistungen, Neuigkeiten, Warnungen, Veranstaltungen, Stra\u00dfenbahnlinien, Stellenangeboten im \u00f6ffentlichen Dienst und mehr.","publisher":{"@id":"https:\/\/www.miamibeachfl.gov\/#organization"},"potentialAction":[{"@type":"SearchAction","target":{"@type":"EntryPoint","urlTemplate":"https:\/\/www.miamibeachfl.gov\/?s={search_term_string}"},"query-input":{"@type":"PropertyValueSpecification","valueRequired":true,"valueName":"search_term_string"}}],"inLanguage":"de"},{"@type":"Organization","@id":"https:\/\/www.miamibeachfl.gov\/#organization","name":"Stadt Miami Beach","url":"https:\/\/www.miamibeachfl.gov\/","logo":{"@type":"ImageObject","inLanguage":"de","@id":"https:\/\/www.miamibeachfl.gov\/#\/schema\/logo\/image\/","url":"https:\/\/www.miamibeachfl.gov\/wp-content\/uploads\/2022\/06\/miamibeach-logoblue.png","contentUrl":"https:\/\/www.miamibeachfl.gov\/wp-content\/uploads\/2022\/06\/miamibeach-logoblue.png","width":1962,"height":381,"caption":"City of Miami Beach"},"image":{"@id":"https:\/\/www.miamibeachfl.gov\/#\/schema\/logo\/image\/"},"sameAs":["https:\/\/www.facebook.com\/cityofmiamibeach","https:\/\/x.com\/Miamibeachnews","https:\/\/www.instagram.com\/miamibeachnews\/"],"description":"Die offizielle Website der Stadt Miami Beach. Bleiben Sie informiert und finden Sie wichtige Informationen zu st\u00e4dtischen Dienstleistungen, Neuigkeiten, Warnungen, Veranstaltungen, Stra\u00dfenbahnlinien, Stellenangeboten im \u00f6ffentlichen Dienst und mehr.","telephone":"305.604.CITY(2489)","legalName":"City of Miami Beach"}]}},"_links":{"self":[{"href":"https:\/\/www.miamibeachfl.gov\/de\/wp-json\/wp\/v2\/pages\/28302","targetHints":{"allow":["GET"]}}],"collection":[{"href":"https:\/\/www.miamibeachfl.gov\/de\/wp-json\/wp\/v2\/pages"}],"about":[{"href":"https:\/\/www.miamibeachfl.gov\/de\/wp-json\/wp\/v2\/types\/page"}],"author":[{"embeddable":true,"href":"https:\/\/www.miamibeachfl.gov\/de\/wp-json\/wp\/v2\/users\/222"}],"replies":[{"embeddable":true,"href":"https:\/\/www.miamibeachfl.gov\/de\/wp-json\/wp\/v2\/comments?post=28302"}],"version-history":[{"count":0,"href":"https:\/\/www.miamibeachfl.gov\/de\/wp-json\/wp\/v2\/pages\/28302\/revisions"}],"up":[{"embeddable":true,"href":"https:\/\/www.miamibeachfl.gov\/de\/wp-json\/wp\/v2\/pages\/28281"}],"wp:attachment":[{"href":"https:\/\/www.miamibeachfl.gov\/de\/wp-json\/wp\/v2\/media?parent=28302"}],"wp:term":[{"taxonomy":"category","embeddable":true,"href":"https:\/\/www.miamibeachfl.gov\/de\/wp-json\/wp\/v2\/categories?post=28302"},{"taxonomy":"post_tag","embeddable":true,"href":"https:\/\/www.miamibeachfl.gov\/de\/wp-json\/wp\/v2\/tags?post=28302"}],"curies":[{"name":"wp","href":"https:\/\/api.w.org\/{rel}","templated":true}]}}