{"id":28331,"date":"2017-08-11T00:03:15","date_gmt":"2017-08-11T00:03:15","guid":{"rendered":"http:\/\/www.miamibeachfl.gov\/city-hall\/code-compliance\/code-violations\/appeal-violations\/"},"modified":"2025-11-18T05:49:36","modified_gmt":"2025-11-18T10:49:36","slug":"appeal-violations","status":"publish","type":"page","link":"https:\/\/www.miamibeachfl.gov\/de\/city-hall\/code-compliance\/appeal-violations\/","title":{"rendered":"Einspruchsverst\u00f6\u00dfe"},"content":{"rendered":"<h1>\n\t\t\tEinspruchsverst\u00f6\u00dfe\t<\/h1>\nCode-Compliance-Men\u00fc\t\t\t\n\t\t\t\t\t<ul id=\"menu-code-compliance\"><li id=\"menu-item-257356\"><a href=\"\/de\/city-hall\/code-compliance\/\">Code-Konformit\u00e4t<\/a><\/li>\n<li id=\"menu-item-257357\"><a href=\"\/de\/city-hall\/code-compliance\/code-violations\/\">Verst\u00f6\u00dfe gegen den Kodex<\/a><\/li>\n<li id=\"menu-item-257358\"><a href=\"\/de\/city-hall\/code-compliance\/code-invoice-request\/\">Code-Rechnungsanforderung<\/a><\/li>\n<li id=\"menu-item-257359\"><a href=\"\/de\/city-hall\/code-compliance\/appeal-violations\/\">Berufungsversto\u00df<\/a><\/li>\n<li id=\"menu-item-360398\"><a href=\"https:\/\/www.miamibeachfl.gov\/de\/city-hall\/code-compliance\/administrators\/\">Code-Compliance-Administratoren<\/a><\/li>\n<li id=\"menu-item-254588\"><a href=\"\/de\/city-hall\/code-compliance\/#codecompliancehours\">Einhaltung des Kontaktkodex<\/a><\/li>\n<\/ul>\t\nCode-Compliance-Men\u00fc \u00d7\t\t\t\t\t\t<ul id=\"menu-code-compliance-1\"><li id=\"menu-item-257356\"><a href=\"\/de\/city-hall\/code-compliance\/\">Code-Konformit\u00e4t<\/a><\/li>\n<li id=\"menu-item-257357\"><a href=\"\/de\/city-hall\/code-compliance\/code-violations\/\">Verst\u00f6\u00dfe gegen den Kodex<\/a><\/li>\n<li id=\"menu-item-257358\"><a href=\"\/de\/city-hall\/code-compliance\/code-invoice-request\/\">Code-Rechnungsanforderung<\/a><\/li>\n<li id=\"menu-item-257359\"><a href=\"\/de\/city-hall\/code-compliance\/appeal-violations\/\">Berufungsversto\u00df<\/a><\/li>\n<li id=\"menu-item-360398\"><a href=\"https:\/\/www.miamibeachfl.gov\/de\/city-hall\/code-compliance\/administrators\/\">Code-Compliance-Administratoren<\/a><\/li>\n<li id=\"menu-item-254588\"><a href=\"\/de\/city-hall\/code-compliance\/#codecompliancehours\">Einhaltung des Kontaktkodex<\/a><\/li>\n<\/ul>\t\t\t\t\n\t<p>Bitte beachten Sie, dass ab dem 2. Mai 2024 alle Anh\u00f6rungen des Sonderrichters pers\u00f6nlich im Sitzungssaal der Kommission im dritten Stock des Rathauses stattfinden.<\/p>\n\t<p>Jede Person, die sich durch die Entscheidung eines Code Compliance Officers bez\u00fcglich der Feststellung eines Versto\u00dfes benachteiligt f\u00fchlt, kann eine Verwaltungsanh\u00f6rung vor dem Sonderrichter beantragen, indem sie einen schriftlichen Antrag im B\u00fcro des Stadtschreibers unter der Adresse 1700 Convention Center Drive, Miami Beach, FL 33139 einreicht.<\/p>\n<p>Bitte \u00fcberpr\u00fcfen Sie den Versto\u00df auf genaue Informationen dar\u00fcber, wie viele Tage Ihnen nach Erhalt des Versto\u00dfes zur Verf\u00fcgung stehen, um fristgerecht Einspruch einzulegen, da die Fristen f\u00fcr einen Einspruch von Versto\u00df zu Versto\u00df variieren k\u00f6nnen. Dem schriftlichen Einspruchsantrag ist der Betrag von $128 beizuf\u00fcgen. Schecks, Kreditkarten oder Bargeld werden als Zahlungsmittel akzeptiert. Sollte der Einspruchsf\u00fchrer in der Anh\u00f6rung erfolgreich sein, wird der Betrag von $128 zur\u00fcckerstattet.<\/p>\n<p><strong>Der Stadtschreiber teilt dem Beschwerdef\u00fchrer Datum und Uhrzeit der Anh\u00f6rung mit. Bei Fragen zur Berufung gegen einen Versto\u00df gegen die Bauordnung wenden Sie sich bitte an den Sonderrichter unter\u00a0<a href=\"tel:3056737181\">305.673.7181<\/a>.\u00a0<\/strong><\/p>\n\t\t\t<a href=\"http:\/\/docmgmt.miamibeachfl.gov\/weblink\/0\/fol\/149039\/Row1.aspx\" target=\"_blank\" rel=\"noopener\">\n\t\t\t\t\t\tKlicken Sie hier, um die Tagesordnung des Sonderrichters anzuzeigen.\n\t\t\t\t\t<\/a>\n\t\t<a href=\"https:\/\/www.miamibeachfl.gov\/de\/city-hall\/code-compliance\/hernan-cardeno\/\" target =\"_self\" aria-label=\"Gehen Sie zu https:\/\/www.miamibeachfl.gov\/city-hall\/code-compliance\/hernan-cardeno\/\">\t\t\n\t\t\t\t<img decoding=\"async\" src=\"https:\/\/www.miamibeachfl.gov\/wp-content\/uploads\/bb-plugin\/cache\/HernanCordero100sq-circle.jpg\" alt=\"Hernan Cordero\" title=\"HernanCordero100sq\" itemprop=\"image\"\/>\n\t\t<\/a>\t\t \n\t\t<h3><a href=\"https:\/\/www.miamibeachfl.gov\/de\/city-hall\/code-compliance\/hernan-cardeno\/\" target =\"_self\">Hernan D. Cardeno, Esq. | Biografie<\/a><\/h3>Code Compliance Director Hernan Cardeno ist seit 34 Jahren im Polizeidienst t\u00e4tig und diente zun\u00e4chst beim Bal Harbour Police Department, wo er bis zum stellvertretenden Polizeichef aufstieg. \t\t\t\t\t\n\t<ul>\n\t\t<li><a href=\"https:\/\/goo.gl\/maps\/VnaR71PysNf7E2wy5\" target=\"_blank\" rel=\"noopener\" aria-label=\"Gehen Sie zu https:\/\/goo.gl\/maps\/VnaR71PysNf7E2wy5\">\t\t\t\t\n\t\t<h3>B\u00fcrostandort:<\/h3><p>1680 Meridian Avenue | Suite 602<br \/>Miami Beach, FL 33139<\/p><\/a><\/li><li><a href=\"tel:3056737555\" target=\"_self\"  aria-label=\"Gehen Sie zu Tel.: 3056737555\">\t\t\t\t\n\t\t<h3>Hauptnummer:<\/h3><p>305.673.7555<\/p><\/a><\/li>\t<\/ul>\n\t\t\t\t \u00d6ffnungszeiten der Rezeption: <br \/>Dienstag bis Freitag (au\u00dfer an Feiertagen): 8:30 bis 12:00 Uhr <br \/> Und 13:00 bis 15:30 Uhr <br \/>(Geschlossen von 12:00 bis 13:00 Uhr) Im Dienst<br \/>Kontrollzeiten:\t\t\t\t\n\t\t\t\t <strong>Montag, Dienstag, Mittwoch und Sonntag:<\/strong><br \/>6:00 bis 1:00 Uhr<br \/><strong>Donnerstag:<\/strong><br \/>6:00 bis 3:00 Uhr<br \/><strong>Freitag und Samstag:<\/strong><br \/>24 Stunden F\u00fcr Fragen oder Informationen w\u00e4hrend<br \/>normale Gesch\u00e4ftszeiten:\t\t\t\t\n\t\t\t\t <strong>Anruf: <a href=\"tel:3056737555\">305.673.7555<\/a><\/strong>\t\t\t\t\n\t\t\t\t So melden Sie jederzeit einen Versto\u00df:\t\t\t\t\n\t\t\t\t <strong>Anruf: <a href=\"tel:3056738285\">(305) 673-8285<\/a><\/strong>\t\t\t\t\n\t\t\t\t So melden Sie einen Versto\u00df oder sprechen am Wochenende und abends mit einem diensthabenden Vorgesetzten:\t\t\t\t\n\t\t\t\t <strong>Anruf: <a href=\"tel:3056738285\">(305) 673-8285<\/a><\/strong>\t\t\t\t\n\t\t\t<a href=\"https:\/\/www.miamibeachfl.gov\/wp-content\/uploads\/2024\/11\/Additional-Contact-Info.pdf\" target=\"_blank\" rel=\"noopener\">\n\t\t\t\t\t\tZus\u00e4tzliche Kontaktinformationen\n\t\t\t\t\t<\/a>","protected":false},"excerpt":{"rendered":"<p>Appeal Violations Code Compliance Menu Code Compliance Code Violations Code Invoice Request Appeal Violation Code Compliance Administrators Contact Code Compliance [&hellip;]<\/p>\n","protected":false},"author":222,"featured_media":0,"parent":28329,"menu_order":0,"comment_status":"closed","ping_status":"closed","template":"","meta":{"_searchwp_excluded":"","site-sidebar-layout":"default","site-content-layout":"","ast-site-content-layout":"default","site-content-style":"default","site-sidebar-style":"default","ast-global-header-display":"","ast-banner-title-visibility":"","ast-main-header-display":"","ast-hfb-above-header-display":"","ast-hfb-below-header-display":"","ast-hfb-mobile-header-display":"","site-post-title":"","ast-breadcrumbs-content":"","ast-featured-img":"","footer-sml-layout":"","theme-transparent-header-meta":"","adv-header-id-meta":"","stick-header-meta":"","header-above-stick-meta":"","header-main-stick-meta":"","header-below-stick-meta":"","astra-migrate-meta-layouts":"default","ast-page-background-enabled":"default","ast-page-background-meta":{"desktop":{"background-color":"var(--ast-global-color-5)","background-image":"","background-repeat":"repeat","background-position":"center center","background-size":"auto","background-attachment":"scroll","background-type":"","background-media":"","overlay-type":"","overlay-color":"","overlay-opacity":"","overlay-gradient":""},"tablet":{"background-color":"","background-image":"","background-repeat":"repeat","background-position":"center center","background-size":"auto","background-attachment":"scroll","background-type":"","background-media":"","overlay-type":"","overlay-color":"","overlay-opacity":"","overlay-gradient":""},"mobile":{"background-color":"","background-image":"","background-repeat":"repeat","background-position":"center center","background-size":"auto","background-attachment":"scroll","background-type":"","background-media":"","overlay-type":"","overlay-color":"","overlay-opacity":"","overlay-gradient":""}},"ast-content-background-meta":{"desktop":{"background-color":"var(--ast-global-color-4)","background-image":"","background-repeat":"repeat","background-position":"center center","background-size":"auto","background-attachment":"scroll","background-type":"","background-media":"","overlay-type":"","overlay-color":"","overlay-opacity":"","overlay-gradient":""},"tablet":{"background-color":"var(--ast-global-color-4)","background-image":"","background-repeat":"repeat","background-position":"center center","background-size":"auto","background-attachment":"scroll","background-type":"","background-media":"","overlay-type":"","overlay-color":"","overlay-opacity":"","overlay-gradient":""},"mobile":{"background-color":"var(--ast-global-color-4)","background-image":"","background-repeat":"repeat","background-position":"center center","background-size":"auto","background-attachment":"scroll","background-type":"","background-media":"","overlay-type":"","overlay-color":"","overlay-opacity":"","overlay-gradient":""}},"footnotes":""},"categories":[],"tags":[],"class_list":["post-28331","page","type-page","status-publish","hentry"],"yoast_head":"<!-- This site is optimized with the Yoast SEO Premium plugin v27.4 (Yoast SEO v27.4) - https:\/\/yoast.com\/product\/yoast-seo-premium-wordpress\/ -->\n<title>Appeal\u00a0 Violations - City of Miami Beach<\/title>\n<meta name=\"description\" content=\"Any person aggrieved by the decision of a Code Compliance officer in issuing a violation, may request an administrative hearing before the Special Magistrate by submitting a written request in the City Clerk\u2019s Office located at 1700 Convention Center Drive, Miami Beach, FL 33139.\" \/>\n<meta name=\"robots\" content=\"index, follow, max-snippet:-1, max-image-preview:large, max-video-preview:-1\" \/>\n<link rel=\"canonical\" href=\"https:\/\/www.miamibeachfl.gov\/de\/city-hall\/code-compliance\/appeal-violations\/\" \/>\n<meta property=\"og:locale\" content=\"de_DE\" \/>\n<meta property=\"og:type\" content=\"article\" \/>\n<meta property=\"og:title\" content=\"Appeal\u00a0 Violations\" \/>\n<meta property=\"og:description\" content=\"Any person aggrieved by the decision of a Code Compliance officer in issuing a violation, may request an administrative hearing before the Special Magistrate by submitting a written request in the City Clerk\u2019s Office located at 1700 Convention Center Drive, Miami Beach, FL 33139.\" \/>\n<meta property=\"og:url\" content=\"https:\/\/www.miamibeachfl.gov\/de\/city-hall\/code-compliance\/appeal-violations\/\" \/>\n<meta property=\"og:site_name\" content=\"City of Miami Beach\" \/>\n<meta property=\"article:publisher\" content=\"https:\/\/www.facebook.com\/cityofmiamibeach\" \/>\n<meta property=\"article:modified_time\" content=\"2025-11-18T10:49:36+00:00\" \/>\n<meta property=\"og:image\" content=\"https:\/\/www.miamibeachfl.gov\/wp-content\/uploads\/bb-plugin\/cache\/HernanCordero100sq-circle.jpg\" \/>\n<meta name=\"twitter:card\" content=\"summary_large_image\" \/>\n<meta name=\"twitter:site\" content=\"@Miamibeachnews\" \/>\n<script type=\"application\/ld+json\" class=\"yoast-schema-graph\">{\"@context\":\"https:\\\/\\\/schema.org\",\"@graph\":[{\"@type\":\"WebPage\",\"@id\":\"https:\\\/\\\/www.miamibeachfl.gov\\\/city-hall\\\/code-compliance\\\/appeal-violations\\\/\",\"url\":\"https:\\\/\\\/www.miamibeachfl.gov\\\/city-hall\\\/code-compliance\\\/appeal-violations\\\/\",\"name\":\"Appeal\u00a0 Violations - City of Miami Beach\",\"isPartOf\":{\"@id\":\"https:\\\/\\\/www.miamibeachfl.gov\\\/#website\"},\"primaryImageOfPage\":{\"@id\":\"https:\\\/\\\/www.miamibeachfl.gov\\\/city-hall\\\/code-compliance\\\/appeal-violations\\\/#primaryimage\"},\"image\":{\"@id\":\"https:\\\/\\\/www.miamibeachfl.gov\\\/city-hall\\\/code-compliance\\\/appeal-violations\\\/#primaryimage\"},\"thumbnailUrl\":\"https:\\\/\\\/www.miamibeachfl.gov\\\/wp-content\\\/uploads\\\/bb-plugin\\\/cache\\\/HernanCordero100sq-circle.jpg\",\"datePublished\":\"2017-08-11T00:03:15+00:00\",\"dateModified\":\"2025-11-18T10:49:36+00:00\",\"description\":\"Any person aggrieved by the decision of a Code Compliance officer in issuing a violation, may request an administrative hearing before the Special Magistrate by submitting a written request in the City Clerk\u2019s Office located at 1700 Convention Center Drive, Miami Beach, FL 33139.\",\"breadcrumb\":{\"@id\":\"https:\\\/\\\/www.miamibeachfl.gov\\\/city-hall\\\/code-compliance\\\/appeal-violations\\\/#breadcrumb\"},\"inLanguage\":\"de\",\"potentialAction\":[{\"@type\":\"ReadAction\",\"target\":[\"https:\\\/\\\/www.miamibeachfl.gov\\\/city-hall\\\/code-compliance\\\/appeal-violations\\\/\"]}]},{\"@type\":\"ImageObject\",\"inLanguage\":\"de\",\"@id\":\"https:\\\/\\\/www.miamibeachfl.gov\\\/city-hall\\\/code-compliance\\\/appeal-violations\\\/#primaryimage\",\"url\":\"https:\\\/\\\/www.miamibeachfl.gov\\\/wp-content\\\/uploads\\\/bb-plugin\\\/cache\\\/HernanCordero100sq-circle.jpg\",\"contentUrl\":\"https:\\\/\\\/www.miamibeachfl.gov\\\/wp-content\\\/uploads\\\/bb-plugin\\\/cache\\\/HernanCordero100sq-circle.jpg\"},{\"@type\":\"BreadcrumbList\",\"@id\":\"https:\\\/\\\/www.miamibeachfl.gov\\\/city-hall\\\/code-compliance\\\/appeal-violations\\\/#breadcrumb\",\"itemListElement\":[{\"@type\":\"ListItem\",\"position\":1,\"name\":\"Home\",\"item\":\"https:\\\/\\\/www.miamibeachfl.gov\\\/\"},{\"@type\":\"ListItem\",\"position\":2,\"name\":\"City Hall\",\"item\":\"https:\\\/\\\/www.miamibeachfl.gov\\\/city-hall\\\/\"},{\"@type\":\"ListItem\",\"position\":3,\"name\":\"Code Compliance\",\"item\":\"https:\\\/\\\/www.miamibeachfl.gov\\\/city-hall\\\/code-compliance\\\/\"},{\"@type\":\"ListItem\",\"position\":4,\"name\":\"Appeal\u00a0 Violations\"}]},{\"@type\":\"WebSite\",\"@id\":\"https:\\\/\\\/www.miamibeachfl.gov\\\/#website\",\"url\":\"https:\\\/\\\/www.miamibeachfl.gov\\\/\",\"name\":\"City of Miami Beach\",\"description\":\"The official website of the City of Miami Beach. Stay informed, find important information on city services, news, alerts, events, trolley routes, government employment and more.\",\"publisher\":{\"@id\":\"https:\\\/\\\/www.miamibeachfl.gov\\\/#organization\"},\"potentialAction\":[{\"@type\":\"SearchAction\",\"target\":{\"@type\":\"EntryPoint\",\"urlTemplate\":\"https:\\\/\\\/www.miamibeachfl.gov\\\/?s={search_term_string}\"},\"query-input\":{\"@type\":\"PropertyValueSpecification\",\"valueRequired\":true,\"valueName\":\"search_term_string\"}}],\"inLanguage\":\"de\"},{\"@type\":\"Organization\",\"@id\":\"https:\\\/\\\/www.miamibeachfl.gov\\\/#organization\",\"name\":\"City of Miami Beach\",\"url\":\"https:\\\/\\\/www.miamibeachfl.gov\\\/\",\"logo\":{\"@type\":\"ImageObject\",\"inLanguage\":\"de\",\"@id\":\"https:\\\/\\\/www.miamibeachfl.gov\\\/#\\\/schema\\\/logo\\\/image\\\/\",\"url\":\"https:\\\/\\\/www.miamibeachfl.gov\\\/wp-content\\\/uploads\\\/2022\\\/06\\\/miamibeach-logoblue.png\",\"contentUrl\":\"https:\\\/\\\/www.miamibeachfl.gov\\\/wp-content\\\/uploads\\\/2022\\\/06\\\/miamibeach-logoblue.png\",\"width\":1962,\"height\":381,\"caption\":\"City of Miami Beach\"},\"image\":{\"@id\":\"https:\\\/\\\/www.miamibeachfl.gov\\\/#\\\/schema\\\/logo\\\/image\\\/\"},\"sameAs\":[\"https:\\\/\\\/www.facebook.com\\\/cityofmiamibeach\",\"https:\\\/\\\/x.com\\\/Miamibeachnews\",\"https:\\\/\\\/www.instagram.com\\\/miamibeachnews\\\/\"],\"description\":\"The official website of the City of Miami Beach. Stay informed, find important information on city services, news, alerts, events, trolley routes, government employment and more.\",\"telephone\":\"305.604.CITY(2489)\",\"legalName\":\"City of Miami Beach\"}]}<\/script>\n<!-- \/ Yoast SEO Premium plugin. -->","yoast_head_json":{"title":"Einspruch gegen Verst\u00f6\u00dfe - Stadt Miami Beach","description":"Jede Person, die sich durch die Entscheidung eines Code Compliance Officers bez\u00fcglich der Feststellung eines Versto\u00dfes benachteiligt f\u00fchlt, kann eine Verwaltungsanh\u00f6rung vor dem Sonderrichter beantragen, indem sie einen schriftlichen Antrag im B\u00fcro des Stadtschreibers unter der Adresse 1700 Convention Center Drive, Miami Beach, FL 33139 einreicht.","robots":{"index":"index","follow":"follow","max-snippet":"max-snippet:-1","max-image-preview":"max-image-preview:large","max-video-preview":"max-video-preview:-1"},"canonical":"https:\/\/www.miamibeachfl.gov\/de\/city-hall\/code-compliance\/appeal-violations\/","og_locale":"de_DE","og_type":"article","og_title":"Appeal\u00a0 Violations","og_description":"Any person aggrieved by the decision of a Code Compliance officer in issuing a violation, may request an administrative hearing before the Special Magistrate by submitting a written request in the City Clerk\u2019s Office located at 1700 Convention Center Drive, Miami Beach, FL 33139.","og_url":"https:\/\/www.miamibeachfl.gov\/de\/city-hall\/code-compliance\/appeal-violations\/","og_site_name":"City of Miami Beach","article_publisher":"https:\/\/www.facebook.com\/cityofmiamibeach","article_modified_time":"2025-11-18T10:49:36+00:00","og_image":[{"url":"https:\/\/www.miamibeachfl.gov\/wp-content\/uploads\/bb-plugin\/cache\/HernanCordero100sq-circle.jpg","type":"","width":"","height":""}],"twitter_card":"summary_large_image","twitter_site":"@Miamibeachnews","schema":{"@context":"https:\/\/schema.org","@graph":[{"@type":"WebPage","@id":"https:\/\/www.miamibeachfl.gov\/city-hall\/code-compliance\/appeal-violations\/","url":"https:\/\/www.miamibeachfl.gov\/city-hall\/code-compliance\/appeal-violations\/","name":"Einspruch gegen Verst\u00f6\u00dfe - Stadt Miami Beach","isPartOf":{"@id":"https:\/\/www.miamibeachfl.gov\/#website"},"primaryImageOfPage":{"@id":"https:\/\/www.miamibeachfl.gov\/city-hall\/code-compliance\/appeal-violations\/#primaryimage"},"image":{"@id":"https:\/\/www.miamibeachfl.gov\/city-hall\/code-compliance\/appeal-violations\/#primaryimage"},"thumbnailUrl":"https:\/\/www.miamibeachfl.gov\/wp-content\/uploads\/bb-plugin\/cache\/HernanCordero100sq-circle.jpg","datePublished":"2017-08-11T00:03:15+00:00","dateModified":"2025-11-18T10:49:36+00:00","description":"Jede Person, die sich durch die Entscheidung eines Code Compliance Officers bez\u00fcglich der Feststellung eines Versto\u00dfes benachteiligt f\u00fchlt, kann eine Verwaltungsanh\u00f6rung vor dem Sonderrichter beantragen, indem sie einen schriftlichen Antrag im B\u00fcro des Stadtschreibers unter der Adresse 1700 Convention Center Drive, Miami Beach, FL 33139 einreicht.","breadcrumb":{"@id":"https:\/\/www.miamibeachfl.gov\/city-hall\/code-compliance\/appeal-violations\/#breadcrumb"},"inLanguage":"de","potentialAction":[{"@type":"ReadAction","target":["https:\/\/www.miamibeachfl.gov\/city-hall\/code-compliance\/appeal-violations\/"]}]},{"@type":"ImageObject","inLanguage":"de","@id":"https:\/\/www.miamibeachfl.gov\/city-hall\/code-compliance\/appeal-violations\/#primaryimage","url":"https:\/\/www.miamibeachfl.gov\/wp-content\/uploads\/bb-plugin\/cache\/HernanCordero100sq-circle.jpg","contentUrl":"https:\/\/www.miamibeachfl.gov\/wp-content\/uploads\/bb-plugin\/cache\/HernanCordero100sq-circle.jpg"},{"@type":"BreadcrumbList","@id":"https:\/\/www.miamibeachfl.gov\/city-hall\/code-compliance\/appeal-violations\/#breadcrumb","itemListElement":[{"@type":"ListItem","position":1,"name":"Home","item":"https:\/\/www.miamibeachfl.gov\/"},{"@type":"ListItem","position":2,"name":"City Hall","item":"https:\/\/www.miamibeachfl.gov\/city-hall\/"},{"@type":"ListItem","position":3,"name":"Code Compliance","item":"https:\/\/www.miamibeachfl.gov\/city-hall\/code-compliance\/"},{"@type":"ListItem","position":4,"name":"Appeal\u00a0 Violations"}]},{"@type":"WebSite","@id":"https:\/\/www.miamibeachfl.gov\/#website","url":"https:\/\/www.miamibeachfl.gov\/","name":"Stadt Miami Beach","description":"Die offizielle Website der Stadt Miami Beach. Bleiben Sie informiert und finden Sie wichtige Informationen zu st\u00e4dtischen Dienstleistungen, Neuigkeiten, Warnungen, Veranstaltungen, Stra\u00dfenbahnlinien, Stellenangeboten im \u00f6ffentlichen Dienst und mehr.","publisher":{"@id":"https:\/\/www.miamibeachfl.gov\/#organization"},"potentialAction":[{"@type":"SearchAction","target":{"@type":"EntryPoint","urlTemplate":"https:\/\/www.miamibeachfl.gov\/?s={search_term_string}"},"query-input":{"@type":"PropertyValueSpecification","valueRequired":true,"valueName":"search_term_string"}}],"inLanguage":"de"},{"@type":"Organization","@id":"https:\/\/www.miamibeachfl.gov\/#organization","name":"Stadt Miami Beach","url":"https:\/\/www.miamibeachfl.gov\/","logo":{"@type":"ImageObject","inLanguage":"de","@id":"https:\/\/www.miamibeachfl.gov\/#\/schema\/logo\/image\/","url":"https:\/\/www.miamibeachfl.gov\/wp-content\/uploads\/2022\/06\/miamibeach-logoblue.png","contentUrl":"https:\/\/www.miamibeachfl.gov\/wp-content\/uploads\/2022\/06\/miamibeach-logoblue.png","width":1962,"height":381,"caption":"City of Miami Beach"},"image":{"@id":"https:\/\/www.miamibeachfl.gov\/#\/schema\/logo\/image\/"},"sameAs":["https:\/\/www.facebook.com\/cityofmiamibeach","https:\/\/x.com\/Miamibeachnews","https:\/\/www.instagram.com\/miamibeachnews\/"],"description":"Die offizielle Website der Stadt Miami Beach. Bleiben Sie informiert und finden Sie wichtige Informationen zu st\u00e4dtischen Dienstleistungen, Neuigkeiten, Warnungen, Veranstaltungen, Stra\u00dfenbahnlinien, Stellenangeboten im \u00f6ffentlichen Dienst und mehr.","telephone":"305.604.CITY(2489)","legalName":"City of Miami Beach"}]}},"_links":{"self":[{"href":"https:\/\/www.miamibeachfl.gov\/de\/wp-json\/wp\/v2\/pages\/28331","targetHints":{"allow":["GET"]}}],"collection":[{"href":"https:\/\/www.miamibeachfl.gov\/de\/wp-json\/wp\/v2\/pages"}],"about":[{"href":"https:\/\/www.miamibeachfl.gov\/de\/wp-json\/wp\/v2\/types\/page"}],"author":[{"embeddable":true,"href":"https:\/\/www.miamibeachfl.gov\/de\/wp-json\/wp\/v2\/users\/222"}],"replies":[{"embeddable":true,"href":"https:\/\/www.miamibeachfl.gov\/de\/wp-json\/wp\/v2\/comments?post=28331"}],"version-history":[{"count":1,"href":"https:\/\/www.miamibeachfl.gov\/de\/wp-json\/wp\/v2\/pages\/28331\/revisions"}],"predecessor-version":[{"id":392181,"href":"https:\/\/www.miamibeachfl.gov\/de\/wp-json\/wp\/v2\/pages\/28331\/revisions\/392181"}],"up":[{"embeddable":true,"href":"https:\/\/www.miamibeachfl.gov\/de\/wp-json\/wp\/v2\/pages\/28329"}],"wp:attachment":[{"href":"https:\/\/www.miamibeachfl.gov\/de\/wp-json\/wp\/v2\/media?parent=28331"}],"wp:term":[{"taxonomy":"category","embeddable":true,"href":"https:\/\/www.miamibeachfl.gov\/de\/wp-json\/wp\/v2\/categories?post=28331"},{"taxonomy":"post_tag","embeddable":true,"href":"https:\/\/www.miamibeachfl.gov\/de\/wp-json\/wp\/v2\/tags?post=28331"}],"curies":[{"name":"wp","href":"https:\/\/api.w.org\/{rel}","templated":true}]}}