{"id":28365,"date":"2017-08-11T00:03:41","date_gmt":"2017-08-11T00:03:41","guid":{"rendered":"http:\/\/www.miamibeachfl.gov\/city-hall\/city-clerk\/lobbyist-information\/"},"modified":"2026-04-10T15:25:56","modified_gmt":"2026-04-10T19:25:56","slug":"lobbyist-information","status":"publish","type":"page","link":"https:\/\/www.miamibeachfl.gov\/de\/city-hall\/city-clerk\/lobbyist-information\/","title":{"rendered":"Lobbyisteninformationen"},"content":{"rendered":"<figure itemscope itemtype=\"https:\/\/schema.org\/ImageObject\">\n\t\t\t\t<img decoding=\"async\" src=\"https:\/\/www.miamibeachfl.gov\/wp-content\/uploads\/2022\/07\/hero-small.jpg\" alt=\"ocean drive art deco buildings\" height=\"211\" width=\"2395\" title=\"Held-klein\" onerror=\"this.style.display='none'\" loading=\"lazy\" \/>\n\t<\/figure>\n<h1>\n\t\t\tLobbyisteninformationen\t<\/h1>\n\t<nav id=\"breadcrumbs\" aria-label=\"Paniermehl\"><a href=\"https:\/\/www.miamibeachfl.gov\/de\/\">Heim<\/a> &gt; <a href=\"https:\/\/www.miamibeachfl.gov\/de\/city-hall\/\">Rathaus<\/a> &gt; <a href=\"https:\/\/www.miamibeachfl.gov\/de\/city-hall\/city-clerk\/\">Stadtschreiber<\/a> &gt; <strong>Lobbyisteninformationen<\/strong><\/nav>\n\t<p>Lobbyist bezeichnet alle von einem Auftraggeber besch\u00e4ftigten oder beauftragten Personen (unabh\u00e4ngig davon, ob sie bezahlt werden oder nicht) und die Verabschiedung, Ablehnung oder \u00c4nderung von Verordnungen, Resolutionen, Ma\u00dfnahmen oder Entscheidungen eines Kommissars, Ma\u00dfnahmen, Entscheidungen oder Empfehlungen des Stadtverwalters oder eines st\u00e4dtischen Gremiums oder Ausschusses sowie Ma\u00dfnahmen, Entscheidungen oder Empfehlungen von st\u00e4dtischen Mitarbeitern w\u00e4hrend des gesamten Entscheidungsprozesses zu solchen Ma\u00dfnahmen, Entscheidungen oder Empfehlungen f\u00f6rdern m\u00f6chten, die voraussichtlich von der Stadtkommission oder einem st\u00e4dtischen Gremium oder Ausschuss angeh\u00f6rt oder \u00fcberpr\u00fcft werden. Der Begriff umfasst insbesondere den Auftraggeber sowie alle Mitarbeiter, die Lobbyarbeit betreiben. Der Begriff \u201eLobbyist\u201c ist ausdr\u00fccklich ausgeschlossen. Weitere Informationen finden Sie in Kapitel 2, Artikel VII, Abschnitt 3 der Stadtverordnung \u201eLobbyisten\u201c.<\/p>\n<p><strong>Kontaktinformationen<\/strong><\/p>\n<p>E-Mail: lobbyists@miamibeachfl.gov<\/p>\n<p>Telefon: (305) 673-7411<\/p>\n<h4>H\u00e4ufig verwendete Formulare<\/h4>\n<p><b><em><a href=\"https:\/\/www.miamibeachfl.gov\/wp-content\/uploads\/2025\/10\/Registration-Form-100225-edit-2.1-copy-10.7-a.pdf\">Lobbyisten-Registrierungsformular<\/a> \u00dcberarbeitet am 1. Oktober 2025<\/em><\/b><\/p>\n<p><strong>HINWEIS: Unvollst\u00e4ndige Lobbyistenregistrierungen werden nicht akzeptiert. Unvollst\u00e4ndige Registrierungen werden an die im Formular angegebene Gesch\u00e4ftsadresse zur\u00fcckgesandt.<\/strong><\/p>\n<a href=\"https:\/\/www.miamibeachfl.gov\/wp-content\/uploads\/2025\/09\/CMB-LFEaCS.pdf\">Erkl\u00e4rung zu den Ausgaben und Verg\u00fctungen f\u00fcr Lobbyistenhonorare (\u201eErkl\u00e4rung\u201c)<\/a> <b><em>\u00dcberarbeitet am 4. Januar 2016<br \/>\n<\/em><\/b>\n<p>Am 28. Februar jeden Jahres muss jeder Lobbyist beim B\u00fcro des Stadtschreibers eine unter Eid unterzeichnete Erkl\u00e4rung einreichen, in der die Lobbyausgaben sowie die erhaltenen Verg\u00fctungen f\u00fcr das vorangegangene Kalenderjahr in Bezug auf das spezielle Thema aufgef\u00fchrt sind, f\u00fcr das der Lobbyist mit der Lobbyarbeit beauftragt wurde. Eine Erkl\u00e4rung muss auch dann eingereicht werden, wenn w\u00e4hrend des Berichtszeitraums keine Ausgaben oder Verg\u00fctungen angefallen sind. Der Begriff \u201eLobbyist\u201c schlie\u00dft ausdr\u00fccklich die folgenden Personen aus: Sachverst\u00e4ndige, die in \u00f6ffentlichen Versammlungen lediglich wissenschaftliche, technische oder andere spezielle Informationen oder Zeugenaussagen liefern; jede Person, die lediglich als Vertreter einer Nachbarschaftsvereinigung auftritt, ohne f\u00fcr den Auftritt eine Verg\u00fctung oder Erstattung zu erhalten, sei es direkt, indirekt oder bedingt, um ihre Unterst\u00fctzung oder Ablehnung eines Punkts auszudr\u00fccken; und jede Person, die lediglich als Vertreter einer gemeinn\u00fctzigen gemeindebasierten Organisation auftritt, um einen Zuschuss zu beantragen, ohne besondere Verg\u00fctung oder Erstattung f\u00fcr den Auftritt.<\/p>\n<p><a href=\"http:\/\/www.miamibeachfl.gov\/wp-content\/uploads\/2019\/03\/ANNUAL-LOBBYIST-REGISTRATION-FORM-reg.pdf\">Formular f\u00fcr die j\u00e4hrliche Registrierungsgeb\u00fchr<\/a><\/p>\n<p><strong><a href=\"https:\/\/www.miamibeachfl.gov\/wp-content\/uploads\/2026\/03\/Neighborhood-Homeowner-Association-Representative-Registration-Form-MARCH-2026-REG-RB-FILLABLE.pdf\">Nachbarschaft \u2013 Registrierungsformular f\u00fcr Vertreter der Hausbesitzervereinigung<\/a><\/strong><\/p>\n<p><a href=\"https:\/\/www.miamibeachfl.gov\/wp-content\/uploads\/2025\/09\/Change-to-Lobbyist-Registration-Form-2024-Fillable-Format.pdf\">\u00c4nderung des Lobbyisten-Registrierungsformulars<\/a> <b><em>\u00dcberarbeitet am 11. Januar 2024<\/em><\/b><\/p>\n<h4><strong>F\u00fcr Lobbyisten geltende Abschnitte der Stadtverordnung<\/strong><\/h4>\n<p><a title=\"Stadtgesetz, Kapitel 2, Artikel VII, Abschnitt 3, mit dem Titel \u201eLobbyisten\u201c\" href=\"https:\/\/www.municode.com\/library\/fl\/miami_beach\/codes\/code_of_ordinances?nodeId=SPAGEOR_CH2AD_ARTVIISTCO_DIV3LO\" target=\"_blank\" rel=\"noopener\">Stadtgesetz, Kapitel 2, Artikel VII, Abschnitt 3, mit dem Titel \u201eLobbyisten\u201c<\/a><\/p>\n<p><a href=\"https:\/\/www.miamibeachfl.gov\/wp-content\/uploads\/2025\/09\/Ordinance-2025-4775.pdf\">Verordnung 2025-4775<\/a><\/p>\n<p><b>Notiz:<\/b>\u00a0Gem\u00e4\u00df Abschnitt 2-482(a)(4) der Stadtverordnung muss ein Lobbyist, der im vergangenen Wahlzyklus einem amtierenden Mitglied der Stadtkommission Wahlkampfberatungsdienste erbracht hat, diese besondere Dienstleistung auf seinem Lobbyisten-Registrierungsformular offenlegen und diese besondere Dienstleistung m\u00fcndlich offenlegen, bevor er bei einer \u00f6ffentlichen Sitzung Lobbyarbeit bei der Stadtkommission betreibt.<\/p>\n<h4><strong>Geschichte der Lobbyisten-Registrierungsformulare<\/strong><\/h4>\n<p><a href=\"https:\/\/www.miamibeachfl.gov\/wp-content\/uploads\/2026\/04\/Lobbyist-List-With-Active-Issues-as-of-04-10-2026.pdf\"><strong>Lobbyist List With Active Issues as of 04-10-2026<\/strong><\/a><\/p>\n<p><strong><a href=\"https:\/\/www.miamibeachfl.gov\/wp-content\/uploads\/2026\/04\/Suspended-Lobbyist-List-as-of-04-10-2026.pdf\">Suspended Lobbyist List as of 04-10-2026<\/a><\/strong><\/p>\n<p><strong><a href=\"https:\/\/docmgmt.miamibeachfl.gov\/WebLink\/Browse.aspx?id=248442&amp;dbid=0&amp;repo=CityClerk\">Klicken Sie hier, um fr\u00fchere Lobbyisten-Registrierungen anzuzeigen<\/a><\/strong><\/p>\n\t\tNavigieren Sie zu\u2026\t\t\t\n\t\t\t\t\t<ul id=\"menu-city-clerk-main-menu\"><li id=\"menu-item-363744\"><a href=\"\/de\/city-hall\/city-clerk\/boards-and-committees\/\">Gremien und Aussch\u00fcsse<\/a><\/li>\n<li id=\"menu-item-395126\"><a href=\"\/de\/city-hall\/city-clerk\/city-commission-meeting-dates\/\">Termine der Stadtratssitzungen<\/a><\/li>\n<li id=\"menu-item-363745\"><a href=\"\/de\/city-hall\/city-clerk\/meetings-and-agendas\/\">Sitzungen und Tagesordnungen der Stadt Miami Beach<\/a><\/li>\n<li id=\"menu-item-363746\"><a href=\"\/de\/city-hall\/city-clerk\/discrimination-in-employment\/\">Diskriminierung am Arbeitsplatz<\/a><\/li>\n<li id=\"menu-item-363747\"><a href=\"\/de\/city-hall\/city-clerk\/election-information\/\">Wahlinformationen<\/a><\/li>\n<li id=\"menu-item-363748\"><a href=\"\/de\/city-hall\/city-clerk\/forms\/\">Formulare<\/a><\/li>\n<li id=\"menu-item-363749\"><a href=\"\/de\/city-hall\/city-clerk\/meeting-notices\/\">Rechtliche Anzeigen und \u00f6ffentliche Bekanntmachungen<\/a><\/li>\n<li id=\"menu-item-363750\"><a href=\"\/de\/city-hall\/city-clerk\/lobbyist-information\/\">Lobbyisteninformationen<\/a><\/li>\n<li id=\"menu-item-363751\"><a href=\"\/de\/city-hall\/city-clerk\/marriage-license\/\">Heiratsurkunde<\/a><\/li>\n<li id=\"menu-item-363752\"><a href=\"\/de\/city-hall\/city-clerk\/public-records-request\/\">\u00d6ffentliche Aufzeichnungen \/ Laserfiche<\/a><\/li>\n<li id=\"menu-item-363753\"><a href=\"\/de\/city-hall\/city-clerk\/public-records-portal\/\">Portal f\u00fcr \u00f6ffentliche Aufzeichnungen<\/a><\/li>\n<li id=\"menu-item-363754\"><a href=\"\/de\/city-hall\/city-clerk\/residents-right-to-know\/\">Recht der Bewohner auf Information<\/a><\/li>\n<li id=\"menu-item-363755\"><a href=\"\/de\/city-hall\/city-clerk\/special-magistrate\/\">Sonderrichter<\/a><\/li>\n<\/ul>\t\n\t<div class=\"page-navigation\"><a class=\"prev-page\" href=\"https:\/\/www.miamibeachfl.gov\/de\/city-hall\/city-clerk\/public-records-request\/\">\u2190 \u00d6ffentliche Aufzeichnungen \/ Laserfiche<\/a> <a class=\"next-page\" href=\"https:\/\/www.miamibeachfl.gov\/de\/city-hall\/city-clerk\/meeting-notices\/\">Rechtliche Anzeigen und \u00f6ffentliche Bekanntmachungen - Kommissionssitzungen \u2192<\/a><\/div>","protected":false},"excerpt":{"rendered":"<p>Informationen zu Lobbyisten Startseite &gt; Rathaus &gt; Stadtschreiber &gt; Informationen zu Lobbyisten Als Lobbyisten gelten alle Personen, die angestellte oder beauftragte Personen sind, unabh\u00e4ngig davon, ob [\u2026]<\/p>","protected":false},"author":222,"featured_media":0,"parent":28337,"menu_order":94,"comment_status":"closed","ping_status":"closed","template":"","meta":{"_searchwp_excluded":"","site-sidebar-layout":"default","site-content-layout":"","ast-site-content-layout":"default","site-content-style":"default","site-sidebar-style":"default","ast-global-header-display":"","ast-banner-title-visibility":"","ast-main-header-display":"","ast-hfb-above-header-display":"","ast-hfb-below-header-display":"","ast-hfb-mobile-header-display":"","site-post-title":"","ast-breadcrumbs-content":"","ast-featured-img":"","footer-sml-layout":"","theme-transparent-header-meta":"","adv-header-id-meta":"","stick-header-meta":"","header-above-stick-meta":"","header-main-stick-meta":"","header-below-stick-meta":"","astra-migrate-meta-layouts":"default","ast-page-background-enabled":"default","ast-page-background-meta":{"desktop":{"background-color":"var(--ast-global-color-5)","background-image":"","background-repeat":"repeat","background-position":"center center","background-size":"auto","background-attachment":"scroll","background-type":"","background-media":"","overlay-type":"","overlay-color":"","overlay-opacity":"","overlay-gradient":""},"tablet":{"background-color":"","background-image":"","background-repeat":"repeat","background-position":"center center","background-size":"auto","background-attachment":"scroll","background-type":"","background-media":"","overlay-type":"","overlay-color":"","overlay-opacity":"","overlay-gradient":""},"mobile":{"background-color":"","background-image":"","background-repeat":"repeat","background-position":"center center","background-size":"auto","background-attachment":"scroll","background-type":"","background-media":"","overlay-type":"","overlay-color":"","overlay-opacity":"","overlay-gradient":""}},"ast-content-background-meta":{"desktop":{"background-color":"var(--ast-global-color-4)","background-image":"","background-repeat":"repeat","background-position":"center center","background-size":"auto","background-attachment":"scroll","background-type":"","background-media":"","overlay-type":"","overlay-color":"","overlay-opacity":"","overlay-gradient":""},"tablet":{"background-color":"var(--ast-global-color-4)","background-image":"","background-repeat":"repeat","background-position":"center center","background-size":"auto","background-attachment":"scroll","background-type":"","background-media":"","overlay-type":"","overlay-color":"","overlay-opacity":"","overlay-gradient":""},"mobile":{"background-color":"var(--ast-global-color-4)","background-image":"","background-repeat":"repeat","background-position":"center center","background-size":"auto","background-attachment":"scroll","background-type":"","background-media":"","overlay-type":"","overlay-color":"","overlay-opacity":"","overlay-gradient":""}},"footnotes":""},"categories":[1],"tags":[],"class_list":["post-28365","page","type-page","status-publish","hentry","category-uncategorized"],"yoast_head":"<!-- This site is optimized with the Yoast SEO Premium plugin v26.6 (Yoast SEO v26.6) - https:\/\/yoast.com\/wordpress\/plugins\/seo\/ -->\n<title>Lobbyist Information - City of Miami Beach<\/title>\n<meta name=\"description\" content=\"%\" \/>\n<meta name=\"robots\" content=\"index, follow, max-snippet:-1, max-image-preview:large, max-video-preview:-1\" \/>\n<link rel=\"canonical\" href=\"https:\/\/www.miamibeachfl.gov\/de\/city-hall\/city-clerk\/lobbyist-information\/\" \/>\n<meta property=\"og:locale\" content=\"de_DE\" \/>\n<meta property=\"og:type\" content=\"article\" \/>\n<meta property=\"og:title\" content=\"Lobbyist Information\" \/>\n<meta property=\"og:description\" content=\"%\" \/>\n<meta property=\"og:url\" content=\"https:\/\/www.miamibeachfl.gov\/de\/city-hall\/city-clerk\/lobbyist-information\/\" \/>\n<meta property=\"og:site_name\" content=\"City of Miami Beach\" \/>\n<meta property=\"article:publisher\" content=\"https:\/\/www.facebook.com\/cityofmiamibeach\" \/>\n<meta property=\"article:modified_time\" content=\"2026-04-10T19:25:56+00:00\" \/>\n<meta property=\"og:image\" content=\"https:\/\/www.miamibeachfl.gov\/wp-content\/uploads\/2022\/07\/hero-small.jpg\" \/>\n<meta name=\"twitter:card\" content=\"summary_large_image\" \/>\n<meta name=\"twitter:site\" content=\"@Miamibeachnews\" \/>\n<script type=\"application\/ld+json\" class=\"yoast-schema-graph\">{\"@context\":\"https:\/\/schema.org\",\"@graph\":[{\"@type\":\"WebPage\",\"@id\":\"https:\/\/www.miamibeachfl.gov\/city-hall\/city-clerk\/lobbyist-information\/\",\"url\":\"https:\/\/www.miamibeachfl.gov\/city-hall\/city-clerk\/lobbyist-information\/\",\"name\":\"Lobbyist Information - City of Miami Beach\",\"isPartOf\":{\"@id\":\"https:\/\/www.miamibeachfl.gov\/#website\"},\"primaryImageOfPage\":{\"@id\":\"https:\/\/www.miamibeachfl.gov\/city-hall\/city-clerk\/lobbyist-information\/#primaryimage\"},\"image\":{\"@id\":\"https:\/\/www.miamibeachfl.gov\/city-hall\/city-clerk\/lobbyist-information\/#primaryimage\"},\"thumbnailUrl\":\"https:\/\/www.miamibeachfl.gov\/wp-content\/uploads\/2022\/07\/hero-small.jpg\",\"datePublished\":\"2017-08-11T00:03:41+00:00\",\"dateModified\":\"2026-04-10T19:25:56+00:00\",\"description\":\"%\",\"breadcrumb\":{\"@id\":\"https:\/\/www.miamibeachfl.gov\/city-hall\/city-clerk\/lobbyist-information\/#breadcrumb\"},\"inLanguage\":\"de\",\"potentialAction\":[{\"@type\":\"ReadAction\",\"target\":[\"https:\/\/www.miamibeachfl.gov\/city-hall\/city-clerk\/lobbyist-information\/\"]}]},{\"@type\":\"ImageObject\",\"inLanguage\":\"de\",\"@id\":\"https:\/\/www.miamibeachfl.gov\/city-hall\/city-clerk\/lobbyist-information\/#primaryimage\",\"url\":\"https:\/\/www.miamibeachfl.gov\/wp-content\/uploads\/2022\/07\/hero-small.jpg\",\"contentUrl\":\"https:\/\/www.miamibeachfl.gov\/wp-content\/uploads\/2022\/07\/hero-small.jpg\"},{\"@type\":\"BreadcrumbList\",\"@id\":\"https:\/\/www.miamibeachfl.gov\/city-hall\/city-clerk\/lobbyist-information\/#breadcrumb\",\"itemListElement\":[{\"@type\":\"ListItem\",\"position\":1,\"name\":\"Home\",\"item\":\"https:\/\/www.miamibeachfl.gov\/\"},{\"@type\":\"ListItem\",\"position\":2,\"name\":\"City Hall\",\"item\":\"https:\/\/www.miamibeachfl.gov\/city-hall\/\"},{\"@type\":\"ListItem\",\"position\":3,\"name\":\"City Clerk\",\"item\":\"https:\/\/www.miamibeachfl.gov\/city-hall\/city-clerk\/\"},{\"@type\":\"ListItem\",\"position\":4,\"name\":\"Lobbyist Information\"}]},{\"@type\":\"WebSite\",\"@id\":\"https:\/\/www.miamibeachfl.gov\/#website\",\"url\":\"https:\/\/www.miamibeachfl.gov\/\",\"name\":\"City of Miami Beach\",\"description\":\"The official website of the City of Miami Beach. Stay informed, find important information on city services, news, alerts, events, trolley routes, government employment and more.\",\"publisher\":{\"@id\":\"https:\/\/www.miamibeachfl.gov\/#organization\"},\"potentialAction\":[{\"@type\":\"SearchAction\",\"target\":{\"@type\":\"EntryPoint\",\"urlTemplate\":\"https:\/\/www.miamibeachfl.gov\/?s={search_term_string}\"},\"query-input\":{\"@type\":\"PropertyValueSpecification\",\"valueRequired\":true,\"valueName\":\"search_term_string\"}}],\"inLanguage\":\"de\"},{\"@type\":\"Organization\",\"@id\":\"https:\/\/www.miamibeachfl.gov\/#organization\",\"name\":\"City of Miami Beach\",\"url\":\"https:\/\/www.miamibeachfl.gov\/\",\"logo\":{\"@type\":\"ImageObject\",\"inLanguage\":\"de\",\"@id\":\"https:\/\/www.miamibeachfl.gov\/#\/schema\/logo\/image\/\",\"url\":\"https:\/\/www.miamibeachfl.gov\/wp-content\/uploads\/2022\/06\/miamibeach-logoblue.png\",\"contentUrl\":\"https:\/\/www.miamibeachfl.gov\/wp-content\/uploads\/2022\/06\/miamibeach-logoblue.png\",\"width\":1962,\"height\":381,\"caption\":\"City of Miami Beach\"},\"image\":{\"@id\":\"https:\/\/www.miamibeachfl.gov\/#\/schema\/logo\/image\/\"},\"sameAs\":[\"https:\/\/www.facebook.com\/cityofmiamibeach\",\"https:\/\/x.com\/Miamibeachnews\",\"https:\/\/www.instagram.com\/miamibeachnews\/\"],\"description\":\"The official website of the City of Miami Beach. Stay informed, find important information on city services, news, alerts, events, trolley routes, government employment and more.\",\"telephone\":\"305.604.CITY(2489)\",\"legalName\":\"City of Miami Beach\"}]}<\/script>\n<!-- \/ Yoast SEO Premium plugin. -->","yoast_head_json":{"title":"Informationen f\u00fcr Lobbyisten \u2013 Stadt Miami Beach","description":"%","robots":{"index":"index","follow":"follow","max-snippet":"max-snippet:-1","max-image-preview":"max-image-preview:large","max-video-preview":"max-video-preview:-1"},"canonical":"https:\/\/www.miamibeachfl.gov\/de\/city-hall\/city-clerk\/lobbyist-information\/","og_locale":"de_DE","og_type":"article","og_title":"Lobbyist Information","og_description":"%","og_url":"https:\/\/www.miamibeachfl.gov\/de\/city-hall\/city-clerk\/lobbyist-information\/","og_site_name":"City of Miami Beach","article_publisher":"https:\/\/www.facebook.com\/cityofmiamibeach","article_modified_time":"2026-04-10T19:25:56+00:00","og_image":[{"url":"https:\/\/www.miamibeachfl.gov\/wp-content\/uploads\/2022\/07\/hero-small.jpg","type":"","width":"","height":""}],"twitter_card":"summary_large_image","twitter_site":"@Miamibeachnews","schema":{"@context":"https:\/\/schema.org","@graph":[{"@type":"WebPage","@id":"https:\/\/www.miamibeachfl.gov\/city-hall\/city-clerk\/lobbyist-information\/","url":"https:\/\/www.miamibeachfl.gov\/city-hall\/city-clerk\/lobbyist-information\/","name":"Informationen f\u00fcr Lobbyisten \u2013 Stadt Miami Beach","isPartOf":{"@id":"https:\/\/www.miamibeachfl.gov\/#website"},"primaryImageOfPage":{"@id":"https:\/\/www.miamibeachfl.gov\/city-hall\/city-clerk\/lobbyist-information\/#primaryimage"},"image":{"@id":"https:\/\/www.miamibeachfl.gov\/city-hall\/city-clerk\/lobbyist-information\/#primaryimage"},"thumbnailUrl":"https:\/\/www.miamibeachfl.gov\/wp-content\/uploads\/2022\/07\/hero-small.jpg","datePublished":"2017-08-11T00:03:41+00:00","dateModified":"2026-04-10T19:25:56+00:00","description":"%","breadcrumb":{"@id":"https:\/\/www.miamibeachfl.gov\/city-hall\/city-clerk\/lobbyist-information\/#breadcrumb"},"inLanguage":"de","potentialAction":[{"@type":"ReadAction","target":["https:\/\/www.miamibeachfl.gov\/city-hall\/city-clerk\/lobbyist-information\/"]}]},{"@type":"ImageObject","inLanguage":"de","@id":"https:\/\/www.miamibeachfl.gov\/city-hall\/city-clerk\/lobbyist-information\/#primaryimage","url":"https:\/\/www.miamibeachfl.gov\/wp-content\/uploads\/2022\/07\/hero-small.jpg","contentUrl":"https:\/\/www.miamibeachfl.gov\/wp-content\/uploads\/2022\/07\/hero-small.jpg"},{"@type":"BreadcrumbList","@id":"https:\/\/www.miamibeachfl.gov\/city-hall\/city-clerk\/lobbyist-information\/#breadcrumb","itemListElement":[{"@type":"ListItem","position":1,"name":"Home","item":"https:\/\/www.miamibeachfl.gov\/"},{"@type":"ListItem","position":2,"name":"City Hall","item":"https:\/\/www.miamibeachfl.gov\/city-hall\/"},{"@type":"ListItem","position":3,"name":"City Clerk","item":"https:\/\/www.miamibeachfl.gov\/city-hall\/city-clerk\/"},{"@type":"ListItem","position":4,"name":"Lobbyist Information"}]},{"@type":"WebSite","@id":"https:\/\/www.miamibeachfl.gov\/#website","url":"https:\/\/www.miamibeachfl.gov\/","name":"Stadt Miami Beach","description":"Die offizielle Website der Stadt Miami Beach. Bleiben Sie informiert und finden Sie wichtige Informationen zu st\u00e4dtischen Dienstleistungen, Neuigkeiten, Warnungen, Veranstaltungen, Stra\u00dfenbahnlinien, Stellenangeboten im \u00f6ffentlichen Dienst und mehr.","publisher":{"@id":"https:\/\/www.miamibeachfl.gov\/#organization"},"potentialAction":[{"@type":"SearchAction","target":{"@type":"EntryPoint","urlTemplate":"https:\/\/www.miamibeachfl.gov\/?s={search_term_string}"},"query-input":{"@type":"PropertyValueSpecification","valueRequired":true,"valueName":"search_term_string"}}],"inLanguage":"de"},{"@type":"Organization","@id":"https:\/\/www.miamibeachfl.gov\/#organization","name":"Stadt Miami Beach","url":"https:\/\/www.miamibeachfl.gov\/","logo":{"@type":"ImageObject","inLanguage":"de","@id":"https:\/\/www.miamibeachfl.gov\/#\/schema\/logo\/image\/","url":"https:\/\/www.miamibeachfl.gov\/wp-content\/uploads\/2022\/06\/miamibeach-logoblue.png","contentUrl":"https:\/\/www.miamibeachfl.gov\/wp-content\/uploads\/2022\/06\/miamibeach-logoblue.png","width":1962,"height":381,"caption":"City of Miami Beach"},"image":{"@id":"https:\/\/www.miamibeachfl.gov\/#\/schema\/logo\/image\/"},"sameAs":["https:\/\/www.facebook.com\/cityofmiamibeach","https:\/\/x.com\/Miamibeachnews","https:\/\/www.instagram.com\/miamibeachnews\/"],"description":"Die offizielle Website der Stadt Miami Beach. Bleiben Sie informiert und finden Sie wichtige Informationen zu st\u00e4dtischen Dienstleistungen, Neuigkeiten, Warnungen, Veranstaltungen, Stra\u00dfenbahnlinien, Stellenangeboten im \u00f6ffentlichen Dienst und mehr.","telephone":"305.604.CITY(2489)","legalName":"City of Miami Beach"}]}},"_links":{"self":[{"href":"https:\/\/www.miamibeachfl.gov\/de\/wp-json\/wp\/v2\/pages\/28365","targetHints":{"allow":["GET"]}}],"collection":[{"href":"https:\/\/www.miamibeachfl.gov\/de\/wp-json\/wp\/v2\/pages"}],"about":[{"href":"https:\/\/www.miamibeachfl.gov\/de\/wp-json\/wp\/v2\/types\/page"}],"author":[{"embeddable":true,"href":"https:\/\/www.miamibeachfl.gov\/de\/wp-json\/wp\/v2\/users\/222"}],"replies":[{"embeddable":true,"href":"https:\/\/www.miamibeachfl.gov\/de\/wp-json\/wp\/v2\/comments?post=28365"}],"version-history":[{"count":0,"href":"https:\/\/www.miamibeachfl.gov\/de\/wp-json\/wp\/v2\/pages\/28365\/revisions"}],"up":[{"embeddable":true,"href":"https:\/\/www.miamibeachfl.gov\/de\/wp-json\/wp\/v2\/pages\/28337"}],"wp:attachment":[{"href":"https:\/\/www.miamibeachfl.gov\/de\/wp-json\/wp\/v2\/media?parent=28365"}],"wp:term":[{"taxonomy":"category","embeddable":true,"href":"https:\/\/www.miamibeachfl.gov\/de\/wp-json\/wp\/v2\/categories?post=28365"},{"taxonomy":"post_tag","embeddable":true,"href":"https:\/\/www.miamibeachfl.gov\/de\/wp-json\/wp\/v2\/tags?post=28365"}],"curies":[{"name":"wp","href":"https:\/\/api.w.org\/{rel}","templated":true}]}}