{"id":28366,"date":"2017-08-11T00:03:42","date_gmt":"2017-08-11T00:03:42","guid":{"rendered":"http:\/\/www.miamibeachfl.gov\/city-hall\/city-clerk\/meeting-notices\/"},"modified":"2026-04-17T14:29:00","modified_gmt":"2026-04-17T18:29:00","slug":"meeting-notices","status":"publish","type":"page","link":"https:\/\/www.miamibeachfl.gov\/de\/city-hall\/city-clerk\/meeting-notices\/","title":{"rendered":"Rechtliche Anzeigen und \u00f6ffentliche Bekanntmachungen \u2013 Kommissionssitzungen"},"content":{"rendered":"<figure itemscope itemtype=\"https:\/\/schema.org\/ImageObject\">\n\t\t\t\t<img decoding=\"async\" src=\"https:\/\/www.miamibeachfl.gov\/wp-content\/uploads\/2022\/07\/hero-small.jpg\" alt=\"ocean drive art deco buildings\" height=\"211\" width=\"2395\" title=\"Held-klein\" onerror=\"this.style.display='none'\" loading=\"lazy\" \/>\n\t<\/figure>\n<h1>\n\t\t\tRechtliche Anzeigen und \u00f6ffentliche Bekanntmachungen\t<\/h1>\n\t<nav id=\"breadcrumbs\" aria-label=\"Paniermehl\"><a href=\"https:\/\/www.miamibeachfl.gov\/de\/\">Heim<\/a> &gt; <a href=\"https:\/\/www.miamibeachfl.gov\/de\/city-hall\/\">Rathaus<\/a> &gt; <a href=\"https:\/\/www.miamibeachfl.gov\/de\/city-hall\/city-clerk\/\">Stadtschreiber<\/a> &gt; <strong>Rechtliche Anzeigen und \u00f6ffentliche Bekanntmachungen \u2013 Kommissionssitzungen<\/strong><\/nav>\n\t<div class=\"fl-builder-content fl-builder-content-339183 fl-builder-template fl-builder-module-template fl-builder-global-templates-locked\" data-post-id=\"339183\"><div class=\"fl-module fl-module-button fl-node-b3267wcayvot\" data-node=\"b3267wcayvot\">\n\t<div class=\"fl-module-content fl-node-content\">\n\t\t<div class=\"fl-button-wrap fl-button-width-auto fl-button-center fl-button-has-icon\">\n\t\t\t<a href=\"http:\/\/miamidade.gov\/global\/navigation\/legal-ad-index.page\"  target=\"_blank\" rel=\"noopener\"   class=\"fl-button\" >\n\t\t\t\t\t<i class=\"fl-button-icon fl-button-icon-before far fa-chevron-circle-right\" aria-hidden=\"true\"><\/i>\n\t\t\t\t\t\t<span class=\"fl-button-text\">Rechtliche Anzeigen und \u00f6ffentliche Bekanntmachungen<\/span>\n\t\t\t\t\t<\/a>\n<\/div>\n\t<\/div>\n<\/div>\n<\/div><div class=\"uabb-js-breakpoint\" style=\"display: none;\"><\/div>\n<p>&nbsp;<\/p>\n<p><strong>***NEU***<\/strong>\u00a0 <strong><a href=\"https:\/\/www.miamibeachfl.gov\/wp-content\/uploads\/2023\/11\/03-SUNSHINE-NOTICE-04282026-WEST-LOTS-MASTERPLAN.pdf\">Bekanntmachung des Sunshine-Treffens am 28. April 2026 um 13:00 Uhr: Masterplan f\u00fcr die Westgrundst\u00fccke<\/a> ***NEU***<\/strong><\/p>\n<p><strong>Terminkalender:<\/strong><\/p>\n<p><strong><a href=\"https:\/\/events.miamibeachfl.gov\/city-meetings\">Kalender der Stadtversammlungen<\/a><\/strong><\/p>\n<p><strong><a href=\"https:\/\/www.miamibeachfl.gov\/wp-content\/uploads\/2023\/11\/April-13-April-17-2026-1.pdf\">April 13 &#8211; April 17, 2026<\/a><\/strong><\/p>\n<p><strong><a href=\"https:\/\/www.miamibeachfl.gov\/wp-content\/uploads\/2023\/11\/April-20-April-24-2026-1.pdf\">April 20 &#8211; April 24, 2026<\/a><\/strong><\/p>\n<p><strong>Bekanntmachungen \u00f6ffentlicher Anh\u00f6rungen <\/strong><strong>Ver\u00f6ffentlicht in der M<\/strong><strong>Iami Herald:<\/strong><\/p>\n<p><strong><a href=\"https:\/\/www.miamibeachfl.gov\/wp-content\/uploads\/2025\/10\/05-10052025-01-onlinepublication.pdf\">\u00d6ffentliche Bekanntmachung \u2013 J\u00e4hrliche Bekanntmachung zur Ver\u00f6ffentlichung gesetzlich vorgeschriebener Anzeigen und \u00f6ffentlicher Bekanntmachungen auf der \u00f6ffentlich zug\u00e4nglichen Website des Miami-Dade County<\/a><\/strong><\/p>\n<p><strong><a href=\"https:\/\/www.miamibeachfl.gov\/wp-content\/uploads\/2025\/10\/04-10052025-01-esonlinepublications.pdf\">\u00d6ffentliche Ver\u00f6ffentlichungen \u2013 J\u00e4hrliche Ver\u00f6ffentlichungen und \u00f6ffentliche Ver\u00f6ffentlichungen, die von Ley auf der Website des \u00f6ffentlichen Zugangs angefordert werden, die von der Verwaltung von Miami-Dade entworfen wurde<\/a><\/strong><\/p>\n<p><strong>Terminpl\u00e4ne:<\/strong><\/p>\n<p><a href=\"https:\/\/www.miamibeachfl.gov\/de\/city-hall\/city-clerk\/city-commission-meeting-dates\/\"><strong>Termine der Stadtratssitzungen 2026<\/strong><\/a><\/p>\n<p><strong><a href=\"https:\/\/www.miamibeachfl.gov\/wp-content\/uploads\/2026\/03\/2026-Commission-Committee-Schedule.pdf\">Ausschusssitzungsplan der Kommission 2026<\/a><\/strong><\/p>\n<p><strong><a href=\"https:\/\/www.miamibeachfl.gov\/wp-content\/uploads\/2026\/01\/2026-Land-Use-Board-Meetings.pdf\">Sitzungen des Landnutzungsausschusses 2026<\/a><\/strong><\/p>\n<h3>\n\t\t\tSch\u00e4tzung der wirtschaftlichen Auswirkungen vorgeschlagener Verordnungen\t<\/h3>\n\t<iframe loading=\"lazy\" title=\"Kommissions- und Vorstandssitzungen anzeigen\" src=\"https:\/\/docmgmt.miamibeachfl.gov\/WebLink\/Browse.aspx?id=292017&amp;dbid=0&amp;repo=CityClerk\" name=\"cityofmiamibeach\" width=\"300\" height=\"150\" frameborder=\"0\"><\/iframe>\n<!--\n<h3>2017<\/h3>\n<b>01.17.2017<\/b>\n<a title=\"Agenda\u00a0\" href=\"\/wp-content\/uploads\/2017\/08\/Youth-Commission-Agenda-January-17-2017.pdf\" target=\"_blank\" rel=\"noopener noreferrer\">Agenda\u00a0<\/a>\n<a title=\"Letter to Commission\" href=\"\/wp-content\/uploads\/2017\/08\/LTC-027-2017-Youth-Commission-Motion.pdf\" target=\"_blank\" rel=\"noopener noreferrer\">Letter to Commission<\/a>\n<h3>2016<\/h3>\n<b>11.1.2016<\/b>\n<a title=\"Agenda\" href=\"\/wp-content\/uploads\/2017\/08\/Youth-Commission-Agenda-November-1-2016.pdf\" target=\"_blank\" rel=\"noopener noreferrer\">Agenda<\/a>\n<a title=\"Minutes\" href=\"\/wp-content\/uploads\/2017\/08\/Youth-Commission-Minutes-November-1-2016.pdf\" target=\"_blank\" rel=\"noopener noreferrer\">Minutes<\/a>\n<a title=\"Letter to Commission\" href=\"\/wp-content\/uploads\/2017\/08\/LTC-469-2016-Youth-Commission-Motions-November-1-2016.pdf\" target=\"_blank\" rel=\"noopener noreferrer\">Letter to Commission<\/a>\n<b>10.18.2016<\/b>\n<a title=\"Agenda\" href=\"\/wp-content\/uploads\/2017\/08\/Youth-Commission-Agenda-October-18-2016.pdf\" target=\"_blank\" rel=\"noopener noreferrer\">Agenda<\/a>\n<a title=\"Minutes\" href=\"\/wp-content\/uploads\/2017\/08\/Youth-Commission-Agenda-October-18-2016.pdf\" target=\"_blank\" rel=\"noopener noreferrer\">Minutes<\/a>\n<b>09.20.2016<\/b>\n<a title=\"Agenda\" href=\"\/wp-content\/uploads\/2017\/08\/Youth-Commission-Agenda-September-20-2016.pdf\" target=\"_blank\" rel=\"noopener noreferrer\">Agenda<\/a>-->\n\t\tNavigieren Sie zu\u2026\t\t\t\n\t\t\t\t\t<ul id=\"menu-city-clerk-main-menu\"><li id=\"menu-item-363744\"><a href=\"\/de\/city-hall\/city-clerk\/boards-and-committees\/\">Gremien und Aussch\u00fcsse<\/a><\/li>\n<li id=\"menu-item-395126\"><a href=\"\/de\/city-hall\/city-clerk\/city-commission-meeting-dates\/\">Termine der Stadtratssitzungen<\/a><\/li>\n<li id=\"menu-item-363745\"><a href=\"\/de\/city-hall\/city-clerk\/meetings-and-agendas\/\">Sitzungen und Tagesordnungen der Stadt Miami Beach<\/a><\/li>\n<li id=\"menu-item-363746\"><a href=\"\/de\/city-hall\/city-clerk\/discrimination-in-employment\/\">Diskriminierung am Arbeitsplatz<\/a><\/li>\n<li id=\"menu-item-363747\"><a href=\"\/de\/city-hall\/city-clerk\/election-information\/\">Wahlinformationen<\/a><\/li>\n<li id=\"menu-item-363748\"><a href=\"\/de\/city-hall\/city-clerk\/forms\/\">Formulare<\/a><\/li>\n<li id=\"menu-item-363749\"><a href=\"\/de\/city-hall\/city-clerk\/meeting-notices\/\">Rechtliche Anzeigen und \u00f6ffentliche Bekanntmachungen<\/a><\/li>\n<li id=\"menu-item-363750\"><a href=\"\/de\/city-hall\/city-clerk\/lobbyist-information\/\">Lobbyisteninformationen<\/a><\/li>\n<li id=\"menu-item-363751\"><a href=\"\/de\/city-hall\/city-clerk\/marriage-license\/\">Heiratsurkunde<\/a><\/li>\n<li id=\"menu-item-363752\"><a href=\"\/de\/city-hall\/city-clerk\/public-records-request\/\">\u00d6ffentliche Aufzeichnungen \/ Laserfiche<\/a><\/li>\n<li id=\"menu-item-363753\"><a href=\"\/de\/city-hall\/city-clerk\/public-records-portal\/\">Portal f\u00fcr \u00f6ffentliche Aufzeichnungen<\/a><\/li>\n<li id=\"menu-item-363754\"><a href=\"\/de\/city-hall\/city-clerk\/residents-right-to-know\/\">Recht der Bewohner auf Information<\/a><\/li>\n<li id=\"menu-item-363755\"><a href=\"\/de\/city-hall\/city-clerk\/special-magistrate\/\">Sonderrichter<\/a><\/li>\n<\/ul>\t\n\t<div class=\"page-navigation\"><a class=\"prev-page\" href=\"https:\/\/www.miamibeachfl.gov\/de\/city-hall\/city-clerk\/lobbyist-information\/\">\u2190 Lobbyisten-Informationen<\/a> <a class=\"next-page\" href=\"https:\/\/www.miamibeachfl.gov\/de\/city-hall\/city-clerk\/forms\/\">Formulare f\u00fcr Stadtschreiber \u2192<\/a><\/div>","protected":false},"excerpt":{"rendered":"<p>Legal Ads and Public Notices Home &gt; City Hall &gt; City Clerk &gt; Legal Ads and Public Notices &#8211; Commission [&hellip;]<\/p>\n","protected":false},"author":222,"featured_media":0,"parent":28337,"menu_order":94,"comment_status":"closed","ping_status":"closed","template":"","meta":{"_searchwp_excluded":"","site-sidebar-layout":"default","site-content-layout":"","ast-site-content-layout":"default","site-content-style":"default","site-sidebar-style":"default","ast-global-header-display":"","ast-banner-title-visibility":"","ast-main-header-display":"","ast-hfb-above-header-display":"","ast-hfb-below-header-display":"","ast-hfb-mobile-header-display":"","site-post-title":"","ast-breadcrumbs-content":"","ast-featured-img":"","footer-sml-layout":"","theme-transparent-header-meta":"","adv-header-id-meta":"","stick-header-meta":"","header-above-stick-meta":"","header-main-stick-meta":"","header-below-stick-meta":"","astra-migrate-meta-layouts":"default","ast-page-background-enabled":"default","ast-page-background-meta":{"desktop":{"background-color":"var(--ast-global-color-5)","background-image":"","background-repeat":"repeat","background-position":"center center","background-size":"auto","background-attachment":"scroll","background-type":"","background-media":"","overlay-type":"","overlay-color":"","overlay-opacity":"","overlay-gradient":""},"tablet":{"background-color":"","background-image":"","background-repeat":"repeat","background-position":"center center","background-size":"auto","background-attachment":"scroll","background-type":"","background-media":"","overlay-type":"","overlay-color":"","overlay-opacity":"","overlay-gradient":""},"mobile":{"background-color":"","background-image":"","background-repeat":"repeat","background-position":"center center","background-size":"auto","background-attachment":"scroll","background-type":"","background-media":"","overlay-type":"","overlay-color":"","overlay-opacity":"","overlay-gradient":""}},"ast-content-background-meta":{"desktop":{"background-color":"var(--ast-global-color-4)","background-image":"","background-repeat":"repeat","background-position":"center center","background-size":"auto","background-attachment":"scroll","background-type":"","background-media":"","overlay-type":"","overlay-color":"","overlay-opacity":"","overlay-gradient":""},"tablet":{"background-color":"var(--ast-global-color-4)","background-image":"","background-repeat":"repeat","background-position":"center center","background-size":"auto","background-attachment":"scroll","background-type":"","background-media":"","overlay-type":"","overlay-color":"","overlay-opacity":"","overlay-gradient":""},"mobile":{"background-color":"var(--ast-global-color-4)","background-image":"","background-repeat":"repeat","background-position":"center center","background-size":"auto","background-attachment":"scroll","background-type":"","background-media":"","overlay-type":"","overlay-color":"","overlay-opacity":"","overlay-gradient":""}},"footnotes":""},"categories":[1],"tags":[1203],"class_list":["post-28366","page","type-page","status-publish","hentry","category-uncategorized","tag-exclude-from-permit-page"],"yoast_head":"<!-- This site is optimized with the Yoast SEO Premium plugin v26.6 (Yoast SEO v26.6) - https:\/\/yoast.com\/wordpress\/plugins\/seo\/ -->\n<title>Legal Ads and Public Notices - Commission Meetings - City of Miami Beach<\/title>\n<meta name=\"description\" content=\"Find Legal Ads and Public Notices including public hearings and government meetings. Stay informed with up-to-date information.\" \/>\n<meta name=\"robots\" content=\"index, follow, max-snippet:-1, max-image-preview:large, max-video-preview:-1\" \/>\n<link rel=\"canonical\" href=\"https:\/\/www.miamibeachfl.gov\/de\/city-hall\/city-clerk\/meeting-notices\/\" \/>\n<meta property=\"og:locale\" content=\"de_DE\" \/>\n<meta property=\"og:type\" content=\"article\" \/>\n<meta property=\"og:title\" content=\"Legal Ads and Public Notices - Commission Meetings\" \/>\n<meta property=\"og:description\" content=\"Find Legal Ads and Public Notices including public hearings and government meetings. Stay informed with up-to-date information.\" \/>\n<meta property=\"og:url\" content=\"https:\/\/www.miamibeachfl.gov\/de\/city-hall\/city-clerk\/meeting-notices\/\" \/>\n<meta property=\"og:site_name\" content=\"City of Miami Beach\" \/>\n<meta property=\"article:publisher\" content=\"https:\/\/www.facebook.com\/cityofmiamibeach\" \/>\n<meta property=\"article:modified_time\" content=\"2026-04-17T18:29:00+00:00\" \/>\n<meta property=\"og:image\" content=\"https:\/\/www.miamibeachfl.gov\/wp-content\/uploads\/2023\/01\/MiamiBeach-cityhall.jpg\" \/>\n\t<meta property=\"og:image:width\" content=\"1000\" \/>\n\t<meta property=\"og:image:height\" content=\"1000\" \/>\n\t<meta property=\"og:image:type\" content=\"image\/jpeg\" \/>\n<meta name=\"twitter:card\" content=\"summary_large_image\" \/>\n<meta name=\"twitter:site\" content=\"@Miamibeachnews\" \/>\n<script type=\"application\/ld+json\" class=\"yoast-schema-graph\">{\"@context\":\"https:\/\/schema.org\",\"@graph\":[{\"@type\":\"WebPage\",\"@id\":\"https:\/\/www.miamibeachfl.gov\/city-hall\/city-clerk\/meeting-notices\/\",\"url\":\"https:\/\/www.miamibeachfl.gov\/city-hall\/city-clerk\/meeting-notices\/\",\"name\":\"Legal Ads and Public Notices - Commission Meetings - City of Miami Beach\",\"isPartOf\":{\"@id\":\"https:\/\/www.miamibeachfl.gov\/#website\"},\"primaryImageOfPage\":{\"@id\":\"https:\/\/www.miamibeachfl.gov\/city-hall\/city-clerk\/meeting-notices\/#primaryimage\"},\"image\":{\"@id\":\"https:\/\/www.miamibeachfl.gov\/city-hall\/city-clerk\/meeting-notices\/#primaryimage\"},\"thumbnailUrl\":\"https:\/\/www.miamibeachfl.gov\/wp-content\/uploads\/2022\/07\/hero-small.jpg\",\"datePublished\":\"2017-08-11T00:03:42+00:00\",\"dateModified\":\"2026-04-17T18:29:00+00:00\",\"description\":\"Find Legal Ads and Public Notices including public hearings and government meetings. Stay informed with up-to-date information.\",\"breadcrumb\":{\"@id\":\"https:\/\/www.miamibeachfl.gov\/city-hall\/city-clerk\/meeting-notices\/#breadcrumb\"},\"inLanguage\":\"de\",\"potentialAction\":[{\"@type\":\"ReadAction\",\"target\":[\"https:\/\/www.miamibeachfl.gov\/city-hall\/city-clerk\/meeting-notices\/\"]}]},{\"@type\":\"ImageObject\",\"inLanguage\":\"de\",\"@id\":\"https:\/\/www.miamibeachfl.gov\/city-hall\/city-clerk\/meeting-notices\/#primaryimage\",\"url\":\"https:\/\/www.miamibeachfl.gov\/wp-content\/uploads\/2022\/07\/hero-small.jpg\",\"contentUrl\":\"https:\/\/www.miamibeachfl.gov\/wp-content\/uploads\/2022\/07\/hero-small.jpg\"},{\"@type\":\"BreadcrumbList\",\"@id\":\"https:\/\/www.miamibeachfl.gov\/city-hall\/city-clerk\/meeting-notices\/#breadcrumb\",\"itemListElement\":[{\"@type\":\"ListItem\",\"position\":1,\"name\":\"Home\",\"item\":\"https:\/\/www.miamibeachfl.gov\/\"},{\"@type\":\"ListItem\",\"position\":2,\"name\":\"City Hall\",\"item\":\"https:\/\/www.miamibeachfl.gov\/city-hall\/\"},{\"@type\":\"ListItem\",\"position\":3,\"name\":\"City Clerk\",\"item\":\"https:\/\/www.miamibeachfl.gov\/city-hall\/city-clerk\/\"},{\"@type\":\"ListItem\",\"position\":4,\"name\":\"Legal Ads and Public Notices &#8211; Commission Meetings\"}]},{\"@type\":\"WebSite\",\"@id\":\"https:\/\/www.miamibeachfl.gov\/#website\",\"url\":\"https:\/\/www.miamibeachfl.gov\/\",\"name\":\"City of Miami Beach\",\"description\":\"The official website of the City of Miami Beach. Stay informed, find important information on city services, news, alerts, events, trolley routes, government employment and more.\",\"publisher\":{\"@id\":\"https:\/\/www.miamibeachfl.gov\/#organization\"},\"potentialAction\":[{\"@type\":\"SearchAction\",\"target\":{\"@type\":\"EntryPoint\",\"urlTemplate\":\"https:\/\/www.miamibeachfl.gov\/?s={search_term_string}\"},\"query-input\":{\"@type\":\"PropertyValueSpecification\",\"valueRequired\":true,\"valueName\":\"search_term_string\"}}],\"inLanguage\":\"de\"},{\"@type\":\"Organization\",\"@id\":\"https:\/\/www.miamibeachfl.gov\/#organization\",\"name\":\"City of Miami Beach\",\"url\":\"https:\/\/www.miamibeachfl.gov\/\",\"logo\":{\"@type\":\"ImageObject\",\"inLanguage\":\"de\",\"@id\":\"https:\/\/www.miamibeachfl.gov\/#\/schema\/logo\/image\/\",\"url\":\"https:\/\/www.miamibeachfl.gov\/wp-content\/uploads\/2022\/06\/miamibeach-logoblue.png\",\"contentUrl\":\"https:\/\/www.miamibeachfl.gov\/wp-content\/uploads\/2022\/06\/miamibeach-logoblue.png\",\"width\":1962,\"height\":381,\"caption\":\"City of Miami Beach\"},\"image\":{\"@id\":\"https:\/\/www.miamibeachfl.gov\/#\/schema\/logo\/image\/\"},\"sameAs\":[\"https:\/\/www.facebook.com\/cityofmiamibeach\",\"https:\/\/x.com\/Miamibeachnews\",\"https:\/\/www.instagram.com\/miamibeachnews\/\"],\"description\":\"The official website of the City of Miami Beach. Stay informed, find important information on city services, news, alerts, events, trolley routes, government employment and more.\",\"telephone\":\"305.604.CITY(2489)\",\"legalName\":\"City of Miami Beach\"}]}<\/script>\n<!-- \/ Yoast SEO Premium plugin. -->","yoast_head_json":{"title":"Legal Ads and Public Notices - Commission Meetings - City of Miami Beach","description":"Find Legal Ads and Public Notices including public hearings and government meetings. Stay informed with up-to-date information.","robots":{"index":"index","follow":"follow","max-snippet":"max-snippet:-1","max-image-preview":"max-image-preview:large","max-video-preview":"max-video-preview:-1"},"canonical":"https:\/\/www.miamibeachfl.gov\/de\/city-hall\/city-clerk\/meeting-notices\/","og_locale":"de_DE","og_type":"article","og_title":"Legal Ads and Public Notices - Commission Meetings","og_description":"Find Legal Ads and Public Notices including public hearings and government meetings. Stay informed with up-to-date information.","og_url":"https:\/\/www.miamibeachfl.gov\/de\/city-hall\/city-clerk\/meeting-notices\/","og_site_name":"City of Miami Beach","article_publisher":"https:\/\/www.facebook.com\/cityofmiamibeach","article_modified_time":"2026-04-17T18:29:00+00:00","og_image":[{"width":1000,"height":1000,"url":"https:\/\/www.miamibeachfl.gov\/wp-content\/uploads\/2023\/01\/MiamiBeach-cityhall.jpg","type":"image\/jpeg"}],"twitter_card":"summary_large_image","twitter_site":"@Miamibeachnews","schema":{"@context":"https:\/\/schema.org","@graph":[{"@type":"WebPage","@id":"https:\/\/www.miamibeachfl.gov\/city-hall\/city-clerk\/meeting-notices\/","url":"https:\/\/www.miamibeachfl.gov\/city-hall\/city-clerk\/meeting-notices\/","name":"Legal Ads and Public Notices - Commission Meetings - City of Miami Beach","isPartOf":{"@id":"https:\/\/www.miamibeachfl.gov\/#website"},"primaryImageOfPage":{"@id":"https:\/\/www.miamibeachfl.gov\/city-hall\/city-clerk\/meeting-notices\/#primaryimage"},"image":{"@id":"https:\/\/www.miamibeachfl.gov\/city-hall\/city-clerk\/meeting-notices\/#primaryimage"},"thumbnailUrl":"https:\/\/www.miamibeachfl.gov\/wp-content\/uploads\/2022\/07\/hero-small.jpg","datePublished":"2017-08-11T00:03:42+00:00","dateModified":"2026-04-17T18:29:00+00:00","description":"Find Legal Ads and Public Notices including public hearings and government meetings. Stay informed with up-to-date information.","breadcrumb":{"@id":"https:\/\/www.miamibeachfl.gov\/city-hall\/city-clerk\/meeting-notices\/#breadcrumb"},"inLanguage":"de","potentialAction":[{"@type":"ReadAction","target":["https:\/\/www.miamibeachfl.gov\/city-hall\/city-clerk\/meeting-notices\/"]}]},{"@type":"ImageObject","inLanguage":"de","@id":"https:\/\/www.miamibeachfl.gov\/city-hall\/city-clerk\/meeting-notices\/#primaryimage","url":"https:\/\/www.miamibeachfl.gov\/wp-content\/uploads\/2022\/07\/hero-small.jpg","contentUrl":"https:\/\/www.miamibeachfl.gov\/wp-content\/uploads\/2022\/07\/hero-small.jpg"},{"@type":"BreadcrumbList","@id":"https:\/\/www.miamibeachfl.gov\/city-hall\/city-clerk\/meeting-notices\/#breadcrumb","itemListElement":[{"@type":"ListItem","position":1,"name":"Home","item":"https:\/\/www.miamibeachfl.gov\/"},{"@type":"ListItem","position":2,"name":"City Hall","item":"https:\/\/www.miamibeachfl.gov\/city-hall\/"},{"@type":"ListItem","position":3,"name":"City Clerk","item":"https:\/\/www.miamibeachfl.gov\/city-hall\/city-clerk\/"},{"@type":"ListItem","position":4,"name":"Legal Ads and Public Notices &#8211; Commission Meetings"}]},{"@type":"WebSite","@id":"https:\/\/www.miamibeachfl.gov\/#website","url":"https:\/\/www.miamibeachfl.gov\/","name":"Stadt Miami Beach","description":"Die offizielle Website der Stadt Miami Beach. Bleiben Sie informiert und finden Sie wichtige Informationen zu st\u00e4dtischen Dienstleistungen, Neuigkeiten, Warnungen, Veranstaltungen, Stra\u00dfenbahnlinien, Stellenangeboten im \u00f6ffentlichen Dienst und mehr.","publisher":{"@id":"https:\/\/www.miamibeachfl.gov\/#organization"},"potentialAction":[{"@type":"SearchAction","target":{"@type":"EntryPoint","urlTemplate":"https:\/\/www.miamibeachfl.gov\/?s={search_term_string}"},"query-input":{"@type":"PropertyValueSpecification","valueRequired":true,"valueName":"search_term_string"}}],"inLanguage":"de"},{"@type":"Organization","@id":"https:\/\/www.miamibeachfl.gov\/#organization","name":"Stadt Miami Beach","url":"https:\/\/www.miamibeachfl.gov\/","logo":{"@type":"ImageObject","inLanguage":"de","@id":"https:\/\/www.miamibeachfl.gov\/#\/schema\/logo\/image\/","url":"https:\/\/www.miamibeachfl.gov\/wp-content\/uploads\/2022\/06\/miamibeach-logoblue.png","contentUrl":"https:\/\/www.miamibeachfl.gov\/wp-content\/uploads\/2022\/06\/miamibeach-logoblue.png","width":1962,"height":381,"caption":"City of Miami Beach"},"image":{"@id":"https:\/\/www.miamibeachfl.gov\/#\/schema\/logo\/image\/"},"sameAs":["https:\/\/www.facebook.com\/cityofmiamibeach","https:\/\/x.com\/Miamibeachnews","https:\/\/www.instagram.com\/miamibeachnews\/"],"description":"Die offizielle Website der Stadt Miami Beach. Bleiben Sie informiert und finden Sie wichtige Informationen zu st\u00e4dtischen Dienstleistungen, Neuigkeiten, Warnungen, Veranstaltungen, Stra\u00dfenbahnlinien, Stellenangeboten im \u00f6ffentlichen Dienst und mehr.","telephone":"305.604.CITY(2489)","legalName":"City of Miami Beach"}]}},"_links":{"self":[{"href":"https:\/\/www.miamibeachfl.gov\/de\/wp-json\/wp\/v2\/pages\/28366","targetHints":{"allow":["GET"]}}],"collection":[{"href":"https:\/\/www.miamibeachfl.gov\/de\/wp-json\/wp\/v2\/pages"}],"about":[{"href":"https:\/\/www.miamibeachfl.gov\/de\/wp-json\/wp\/v2\/types\/page"}],"author":[{"embeddable":true,"href":"https:\/\/www.miamibeachfl.gov\/de\/wp-json\/wp\/v2\/users\/222"}],"replies":[{"embeddable":true,"href":"https:\/\/www.miamibeachfl.gov\/de\/wp-json\/wp\/v2\/comments?post=28366"}],"version-history":[{"count":18,"href":"https:\/\/www.miamibeachfl.gov\/de\/wp-json\/wp\/v2\/pages\/28366\/revisions"}],"predecessor-version":[{"id":399056,"href":"https:\/\/www.miamibeachfl.gov\/de\/wp-json\/wp\/v2\/pages\/28366\/revisions\/399056"}],"up":[{"embeddable":true,"href":"https:\/\/www.miamibeachfl.gov\/de\/wp-json\/wp\/v2\/pages\/28337"}],"wp:attachment":[{"href":"https:\/\/www.miamibeachfl.gov\/de\/wp-json\/wp\/v2\/media?parent=28366"}],"wp:term":[{"taxonomy":"category","embeddable":true,"href":"https:\/\/www.miamibeachfl.gov\/de\/wp-json\/wp\/v2\/categories?post=28366"},{"taxonomy":"post_tag","embeddable":true,"href":"https:\/\/www.miamibeachfl.gov\/de\/wp-json\/wp\/v2\/tags?post=28366"}],"curies":[{"name":"wp","href":"https:\/\/api.w.org\/{rel}","templated":true}]}}