{"id":28391,"date":"2017-08-11T00:03:58","date_gmt":"2017-08-11T00:03:58","guid":{"rendered":"http:\/\/www.miamibeachfl.gov\/city-hall\/communications\/"},"modified":"2026-01-05T13:11:00","modified_gmt":"2026-01-05T18:11:00","slug":"communications","status":"publish","type":"page","link":"https:\/\/www.miamibeachfl.gov\/de\/city-hall\/communications\/","title":{"rendered":"Marketing &amp; Kommunikation"},"content":{"rendered":"<h1>\n\t\t\tMarketing &amp; Kommunikation\t<\/h1>\n\t\t\t\t\t\t<h2>Das B\u00fcro f\u00fcr Marketing und Kommunikation fungiert als Autobahn, die die Stadt Miami Beach mit Einwohnern, Gemeindegruppen, unseren zahlreichen Besuchern und den Medien verbindet. Das B\u00fcro erfasst den Puls der st\u00e4dtischen Interessenvertreter und erf\u00fcllt so seine Rolle als interne Marketingagentur und Kommunikationsmotor f\u00fcr alle st\u00e4dtischen Abteilungen. Weiterlesen\u2026<\/h2>\n\t\t\t<p>Marketing &amp; Communications verf\u00fcgt \u00fcber ein Toolkit, das Pressemitteilungen, Social Media auf verschiedenen Plattformen, auf ausgew\u00e4hlte Zielgruppen zugeschnittene E-Mail-Newsletter, Printpublikationen, Fernsehen, Direktwerbung, SMS-Benachrichtigungen, pers\u00f6nliche Interaktionen mit Community-Gruppen, Krisenkommunikation und Au\u00dfenwerbung auf Plakatw\u00e4nden, Bushaltestellen und Einkaufswagen-Beschriftungen umfasst. Wir produzieren j\u00e4hrlich Tausende kreativer Inhalte. Die Abteilung ist nicht mit der F\u00f6rderung von Tourismus und Gastgewerbe beauftragt, da diese Initiativen an das Greater Miami Convention &amp; Visitors Bureau vergeben werden. Dennoch spielt sie eine wichtige Rolle bei der Verbreitung von Informationen \u00fcber Veranstaltungen mit starkem Tourismusanteil.<\/p>\n\t<a href=\"\/de\/engagementtoolbox\/\" target=\"_self\"  aria-label=\"Gehen Sie zu \/engagementtoolbox\/\"><\/a>\n\t\t<h3>Engagement-Toolbox<\/h3>\t\t\t\n\t\t\t\t<p>Alle M\u00f6glichkeiten zu<br \/>In Verbindung bleiben<\/p>\n\t<a href=\"\/de\/city-hall\/communications\/subscriptions\/\" target=\"_self\"  aria-label=\"Gehen Sie zu \/city-hall\/communications\/subscriptions\"><\/a>\n\t\t<h3>E-Nachrichten<\/h3>\t\t\t\n\t\t\t\t<p>Abonnieren Sie Receive<br \/>Stadt-Updates per E-Mail<\/p>\n\t<a href=\"\/de\/city-hall\/communications\/logos\/\" target=\"_self\"  aria-label=\"Gehen Sie zu \/city-hall\/communications\/logos\"><\/a>\n\t\t<h3>Logos<\/h3>\t\t\t\n\t\t\t\t<p>Offizielle Anfrage<br \/>Stadtlogos<\/p>\n\t<a href=\"\/de\/city-hall\/communications\/advertising-rates\/\" target=\"_self\"  aria-label=\"Gehen Sie zu \/city-hall\/communications\/advertising-rates\"><\/a>\n\t\t<h3>Anzeigenpreise<\/h3>\t\t\t\n\t\t\t\t<p>Werben<br \/>Mit uns<\/p>\n\t<a href=\"https:\/\/www.facebook.com\/cityofmiamibeach\/\" target=\"_self\"  aria-label=\"Gehen Sie zu https:\/\/www.facebook.com\/cityofmiamibeach\/\"><\/a>\n\t\t<h3>Facebook<\/h3>\t\t\t\n<h2>\n\t\t\tAktuelle Pressemitteilungen\t<\/h2>\n\t\t\t<a href=\"https:\/\/www.miamibeachfl.gov\/de\/city-hall\/communications\/press-releases\/\" target=\"_self\">\n\t\t\t\t\t\t\tAlle Pressemitteilungen\n\t\t\t<\/a>\n\t<iframe allow=\"clipboard-write\" sandbox=\"allow-top-navigation allow-top-navigation-by-user-activation allow-downloads allow-scripts allow-same-origin allow-popups allow-modals allow-popups-to-escape-sandbox allow-forms\" allowfullscreen=\"true\" src=\"https:\/\/e.issuu.com\/embed.html?d=mb_magazine_winter_2026_volume_21_issue_number_1_&#038;u=cityofmiamibeach\"><\/iframe>\n<h2>\n\t\t\tMBTV\t<\/h2>\n<iframe loading=\"lazy\" title=\"Swagit-Videoplayer\" src=\"https:\/\/miamibeachfl.new.swagit.com\/views\/42?autoplay=1\" width=\"100%\" height=\"800px\" frameborder=\"0\" allowfullscreen=\"allowfullscreen\"><\/iframe>\n\t<ul>\n\t\t<li>\t\t\n\t\t\t\t<img decoding=\"async\" src=\"https:\/\/www.miamibeachfl.gov\/wp-content\/uploads\/bb-plugin\/cache\/icon-viewpayapply-circle.png\" alt=\"Permits\" title=\"Symbol anzeigen, bezahlen, anwenden\" itemprop=\"image\"\/>\n\t\t<h3>Abonnieren Sie unseren E-Newsletter<\/h3><p><strong><a href=\"https:\/\/visitor.r20.constantcontact.com\/manage\/optin?v=001G3gQF_El_4o1UEbguheB5mmzfG7onDdMWh1j1h9a2GsYhO3lonlhDSUJFN_o5P9wC0vRAaCeLeZPSQUtU24d15ThoaXBqAVUR9PeN6M6eUc%3D\">Lesen Sie die aktuelle und fr\u00fchere Ausgaben der Vierteljahreszeitschrift der Stadt. Klicken Sie hier, um zu abonnieren.<\/a><\/strong><\/p><\/li>\t<\/ul>\n\t\t<h2>Abteilung f\u00fcr Nachbarschaftsangelegenheiten<\/h2>\n\t\t<p>Die Abteilung f\u00fcr Nachbarschaftsangelegenheiten arbeitet eng mit den operativen Serviceabteilungen der Stadt zusammen, um eine verbesserte Bereitstellung st\u00e4dtischer Dienste zu koordinieren und dabei auf die spezifischen Bed\u00fcrfnisse und W\u00fcnsche der Nachbarschaften in der gesamten Stadt einzugehen.<\/p>\n\t\t\t<a href=\"\/de\/residents\/neighborhood-affairs-division\/\" target=\"_self\">\n\t\t\t\t\t\t\tMehr erfahren\n\t\t\t<\/a>\n\t\t<a href=\"https:\/\/www.miamibeachfl.gov\/de\/city-hall\/communications\/melissa-berthier\/\" target =\"_self\" aria-label=\"Gehen Sie zu https:\/\/www.miamibeachfl.gov\/city-hall\/communications\/melissa-berthier\/\">\t\t\n\t\t\t\t<img decoding=\"async\" src=\"https:\/\/www.miamibeachfl.gov\/wp-content\/uploads\/bb-plugin\/cache\/IMG_1581Cropped-circle.jpg\" alt=\"Melissa Berthier\" title=\"IMG_1581Zugeschnitten\" itemprop=\"image\"\/>\n\t\t<\/a>\t\t \n\t\t<h3><a href=\"https:\/\/www.miamibeachfl.gov\/de\/city-hall\/communications\/melissa-berthier\/\" target =\"_self\">Melissa Berthier | Biografie<\/a><\/h3>Die Karriere von Direktorin Melissa Berthier erstreckt sich \u00fcber eine Vielzahl von Branchen, von gemeinn\u00fctzigen Organisationen bis hin zu Zeitschriften, von der Sch\u00f6nheitsbranche bis hin zum Transportwesen und in den letzten zehn Jahren auch in der Kommunalverwaltung. \t\t\t\t\t\n\t<ul>\n\t\t<li>\t\t\t\t\n\t\t<h3>Hauptb\u00fcro:<\/h3><p><a href=\"https:\/\/goo.gl\/maps\/6gS89fYMKwgryvmc9\"><strong>1700 Convention Center Drive<\/strong><\/a><br \/><strong>Miami Beach, FL 33139<\/strong><\/p><\/li><li>\t\t\t\t\n\t\t<h3>Hauptnummer:<\/h3><p><strong><a href=\"tel:3056737575\">305.673.7575<\/a><\/strong><\/p><\/li><li>\t\t\t\t\n\t\t<h3>E-Mail:<\/h3><p><strong><a href=\"mailto:MelissaBerthier@miamibeachfl.gov\">MelissaBerthier@miamibeachfl.gov<\/a><\/strong><\/p><\/li><li>\t\t\t\t\n\t\t<h3>\u00d6ffnungszeiten:<\/h3><p><strong>Montag \u2013 Freitag<\/strong><br \/>9 \u2013 17 Uhr<\/p><\/li>\t<\/ul>\n\t\t\t<a href=\"#backtotop\" target=\"_self\">\n\t\t\t\t\t\tZur\u00fcck nach oben\n\t\t\t\t\t<\/a>","protected":false},"excerpt":{"rendered":"<p><a href=\"tel:3056737575\" style=\"text-decoration:none; color:#004896;\"><br \/>\n    <i class=\"fa-solid fa-phone\"><\/i> 305.673.7575<br \/>\n<\/a><a href=\"https:\/\/www.miamibeachfl.gov\/wp-content\/uploads\/2024\/11\/Additional-Contact-Info.pdf\" style=\"text-decoration:none; color:#004896;\"><br \/>\n    <i class=\"fa-solid fa-circle-info\"><\/i> Kontaktinformationen<br \/>\n<\/a><\/p>","protected":false},"author":222,"featured_media":226053,"parent":28206,"menu_order":250,"comment_status":"closed","ping_status":"closed","template":"","meta":{"_searchwp_excluded":"","site-sidebar-layout":"default","site-content-layout":"","ast-site-content-layout":"default","site-content-style":"default","site-sidebar-style":"default","ast-global-header-display":"","ast-banner-title-visibility":"","ast-main-header-display":"","ast-hfb-above-header-display":"","ast-hfb-below-header-display":"","ast-hfb-mobile-header-display":"","site-post-title":"","ast-breadcrumbs-content":"","ast-featured-img":"","footer-sml-layout":"","theme-transparent-header-meta":"","adv-header-id-meta":"","stick-header-meta":"","header-above-stick-meta":"","header-main-stick-meta":"","header-below-stick-meta":"","astra-migrate-meta-layouts":"default","ast-page-background-enabled":"default","ast-page-background-meta":{"desktop":{"background-color":"var(--ast-global-color-5)","background-image":"","background-repeat":"repeat","background-position":"center center","background-size":"auto","background-attachment":"scroll","background-type":"","background-media":"","overlay-type":"","overlay-color":"","overlay-opacity":"","overlay-gradient":""},"tablet":{"background-color":"","background-image":"","background-repeat":"repeat","background-position":"center center","background-size":"auto","background-attachment":"scroll","background-type":"","background-media":"","overlay-type":"","overlay-color":"","overlay-opacity":"","overlay-gradient":""},"mobile":{"background-color":"","background-image":"","background-repeat":"repeat","background-position":"center center","background-size":"auto","background-attachment":"scroll","background-type":"","background-media":"","overlay-type":"","overlay-color":"","overlay-opacity":"","overlay-gradient":""}},"ast-content-background-meta":{"desktop":{"background-color":"var(--ast-global-color-4)","background-image":"","background-repeat":"repeat","background-position":"center center","background-size":"auto","background-attachment":"scroll","background-type":"","background-media":"","overlay-type":"","overlay-color":"","overlay-opacity":"","overlay-gradient":""},"tablet":{"background-color":"var(--ast-global-color-4)","background-image":"","background-repeat":"repeat","background-position":"center center","background-size":"auto","background-attachment":"scroll","background-type":"","background-media":"","overlay-type":"","overlay-color":"","overlay-opacity":"","overlay-gradient":""},"mobile":{"background-color":"var(--ast-global-color-4)","background-image":"","background-repeat":"repeat","background-position":"center center","background-size":"auto","background-attachment":"scroll","background-type":"","background-media":"","overlay-type":"","overlay-color":"","overlay-opacity":"","overlay-gradient":""}},"footnotes":""},"categories":[],"tags":[1727],"class_list":["post-28391","page","type-page","status-publish","has-post-thumbnail","hentry","tag-administrative"],"yoast_head":"<!-- This site is optimized with the Yoast SEO Premium plugin v27.4 (Yoast SEO v27.4) - https:\/\/yoast.com\/product\/yoast-seo-premium-wordpress\/ -->\n<title>Marketing &amp; Communications - City of Miami Beach<\/title>\n<meta name=\"description\" content=\"The City of Miami Beach Office of Marketing &amp; Communications connects the City of Miami Beach with residents, community groups, our many visitors, and the media. The Marketing and Communications Department directs press releases, social media across multiple platforms, and email newsletters.\" \/>\n<meta name=\"robots\" content=\"index, follow, max-snippet:-1, max-image-preview:large, max-video-preview:-1\" \/>\n<link rel=\"canonical\" href=\"https:\/\/www.miamibeachfl.gov\/de\/city-hall\/communications\/\" \/>\n<meta property=\"og:locale\" content=\"de_DE\" \/>\n<meta property=\"og:type\" content=\"article\" \/>\n<meta property=\"og:title\" content=\"Marketing &amp; Communications\" \/>\n<meta property=\"og:description\" content=\"The City of Miami Beach Office of Marketing &amp; Communications connects the City of Miami Beach with residents, community groups, our many visitors, and the media. The Marketing and Communications Department directs press releases, social media across multiple platforms, and email newsletters.\" \/>\n<meta property=\"og:url\" content=\"https:\/\/www.miamibeachfl.gov\/de\/city-hall\/communications\/\" \/>\n<meta property=\"og:site_name\" content=\"City of Miami Beach\" \/>\n<meta property=\"article:publisher\" content=\"https:\/\/www.facebook.com\/cityofmiamibeach\" \/>\n<meta property=\"article:modified_time\" content=\"2026-01-05T18:11:00+00:00\" \/>\n<meta property=\"og:image\" content=\"https:\/\/www.miamibeachfl.gov\/wp-content\/uploads\/2022\/10\/MiamiBeach-visitor-aerial2.jpg\" \/>\n\t<meta property=\"og:image:width\" content=\"2200\" \/>\n\t<meta property=\"og:image:height\" content=\"865\" \/>\n\t<meta property=\"og:image:type\" content=\"image\/jpeg\" \/>\n<meta name=\"twitter:card\" content=\"summary_large_image\" \/>\n<meta name=\"twitter:site\" content=\"@Miamibeachnews\" \/>\n<script type=\"application\/ld+json\" class=\"yoast-schema-graph\">{\"@context\":\"https:\\\/\\\/schema.org\",\"@graph\":[{\"@type\":\"WebPage\",\"@id\":\"https:\\\/\\\/www.miamibeachfl.gov\\\/city-hall\\\/communications\\\/\",\"url\":\"https:\\\/\\\/www.miamibeachfl.gov\\\/city-hall\\\/communications\\\/\",\"name\":\"Marketing & Communications - City of Miami Beach\",\"isPartOf\":{\"@id\":\"https:\\\/\\\/www.miamibeachfl.gov\\\/#website\"},\"primaryImageOfPage\":{\"@id\":\"https:\\\/\\\/www.miamibeachfl.gov\\\/city-hall\\\/communications\\\/#primaryimage\"},\"image\":{\"@id\":\"https:\\\/\\\/www.miamibeachfl.gov\\\/city-hall\\\/communications\\\/#primaryimage\"},\"thumbnailUrl\":\"https:\\\/\\\/www.miamibeachfl.gov\\\/wp-content\\\/uploads\\\/2022\\\/10\\\/MiamiBeach-visitor-aerial2.jpg\",\"datePublished\":\"2017-08-11T00:03:58+00:00\",\"dateModified\":\"2026-01-05T18:11:00+00:00\",\"description\":\"The City of Miami Beach Office of Marketing & Communications connects the City of Miami Beach with residents, community groups, our many visitors, and the media. The Marketing and Communications Department directs press releases, social media across multiple platforms, and email newsletters.\",\"breadcrumb\":{\"@id\":\"https:\\\/\\\/www.miamibeachfl.gov\\\/city-hall\\\/communications\\\/#breadcrumb\"},\"inLanguage\":\"de\",\"potentialAction\":[{\"@type\":\"ReadAction\",\"target\":[\"https:\\\/\\\/www.miamibeachfl.gov\\\/city-hall\\\/communications\\\/\"]}]},{\"@type\":\"ImageObject\",\"inLanguage\":\"de\",\"@id\":\"https:\\\/\\\/www.miamibeachfl.gov\\\/city-hall\\\/communications\\\/#primaryimage\",\"url\":\"https:\\\/\\\/www.miamibeachfl.gov\\\/wp-content\\\/uploads\\\/2022\\\/10\\\/MiamiBeach-visitor-aerial2.jpg\",\"contentUrl\":\"https:\\\/\\\/www.miamibeachfl.gov\\\/wp-content\\\/uploads\\\/2022\\\/10\\\/MiamiBeach-visitor-aerial2.jpg\",\"width\":2200,\"height\":865,\"caption\":\"miami Beach aerial\"},{\"@type\":\"BreadcrumbList\",\"@id\":\"https:\\\/\\\/www.miamibeachfl.gov\\\/city-hall\\\/communications\\\/#breadcrumb\",\"itemListElement\":[{\"@type\":\"ListItem\",\"position\":1,\"name\":\"Home\",\"item\":\"https:\\\/\\\/www.miamibeachfl.gov\\\/\"},{\"@type\":\"ListItem\",\"position\":2,\"name\":\"City Hall\",\"item\":\"https:\\\/\\\/www.miamibeachfl.gov\\\/city-hall\\\/\"},{\"@type\":\"ListItem\",\"position\":3,\"name\":\"Marketing &#038; Communications\"}]},{\"@type\":\"WebSite\",\"@id\":\"https:\\\/\\\/www.miamibeachfl.gov\\\/#website\",\"url\":\"https:\\\/\\\/www.miamibeachfl.gov\\\/\",\"name\":\"City of Miami Beach\",\"description\":\"The official website of the City of Miami Beach. Stay informed, find important information on city services, news, alerts, events, trolley routes, government employment and more.\",\"publisher\":{\"@id\":\"https:\\\/\\\/www.miamibeachfl.gov\\\/#organization\"},\"potentialAction\":[{\"@type\":\"SearchAction\",\"target\":{\"@type\":\"EntryPoint\",\"urlTemplate\":\"https:\\\/\\\/www.miamibeachfl.gov\\\/?s={search_term_string}\"},\"query-input\":{\"@type\":\"PropertyValueSpecification\",\"valueRequired\":true,\"valueName\":\"search_term_string\"}}],\"inLanguage\":\"de\"},{\"@type\":\"Organization\",\"@id\":\"https:\\\/\\\/www.miamibeachfl.gov\\\/#organization\",\"name\":\"City of Miami Beach\",\"url\":\"https:\\\/\\\/www.miamibeachfl.gov\\\/\",\"logo\":{\"@type\":\"ImageObject\",\"inLanguage\":\"de\",\"@id\":\"https:\\\/\\\/www.miamibeachfl.gov\\\/#\\\/schema\\\/logo\\\/image\\\/\",\"url\":\"https:\\\/\\\/www.miamibeachfl.gov\\\/wp-content\\\/uploads\\\/2022\\\/06\\\/miamibeach-logoblue.png\",\"contentUrl\":\"https:\\\/\\\/www.miamibeachfl.gov\\\/wp-content\\\/uploads\\\/2022\\\/06\\\/miamibeach-logoblue.png\",\"width\":1962,\"height\":381,\"caption\":\"City of Miami Beach\"},\"image\":{\"@id\":\"https:\\\/\\\/www.miamibeachfl.gov\\\/#\\\/schema\\\/logo\\\/image\\\/\"},\"sameAs\":[\"https:\\\/\\\/www.facebook.com\\\/cityofmiamibeach\",\"https:\\\/\\\/x.com\\\/Miamibeachnews\",\"https:\\\/\\\/www.instagram.com\\\/miamibeachnews\\\/\"],\"description\":\"The official website of the City of Miami Beach. Stay informed, find important information on city services, news, alerts, events, trolley routes, government employment and more.\",\"telephone\":\"305.604.CITY(2489)\",\"legalName\":\"City of Miami Beach\"}]}<\/script>\n<!-- \/ Yoast SEO Premium plugin. -->","yoast_head_json":{"title":"Marketing und Kommunikation \u2013 Stadt Miami Beach","description":"Das B\u00fcro f\u00fcr Marketing und Kommunikation der Stadt Miami Beach vernetzt die Stadt Miami Beach mit Einwohnern, Gemeindegruppen, unseren zahlreichen Besuchern und den Medien. Die Abteilung f\u00fcr Marketing und Kommunikation erstellt Pressemitteilungen, Social Media auf verschiedenen Plattformen und E-Mail-Newsletter.","robots":{"index":"index","follow":"follow","max-snippet":"max-snippet:-1","max-image-preview":"max-image-preview:large","max-video-preview":"max-video-preview:-1"},"canonical":"https:\/\/www.miamibeachfl.gov\/de\/city-hall\/communications\/","og_locale":"de_DE","og_type":"article","og_title":"Marketing & Communications","og_description":"The City of Miami Beach Office of Marketing & Communications connects the City of Miami Beach with residents, community groups, our many visitors, and the media. The Marketing and Communications Department directs press releases, social media across multiple platforms, and email newsletters.","og_url":"https:\/\/www.miamibeachfl.gov\/de\/city-hall\/communications\/","og_site_name":"City of Miami Beach","article_publisher":"https:\/\/www.facebook.com\/cityofmiamibeach","article_modified_time":"2026-01-05T18:11:00+00:00","og_image":[{"width":2200,"height":865,"url":"https:\/\/www.miamibeachfl.gov\/wp-content\/uploads\/2022\/10\/MiamiBeach-visitor-aerial2.jpg","type":"image\/jpeg"}],"twitter_card":"summary_large_image","twitter_site":"@Miamibeachnews","schema":{"@context":"https:\/\/schema.org","@graph":[{"@type":"WebPage","@id":"https:\/\/www.miamibeachfl.gov\/city-hall\/communications\/","url":"https:\/\/www.miamibeachfl.gov\/city-hall\/communications\/","name":"Marketing und Kommunikation \u2013 Stadt Miami Beach","isPartOf":{"@id":"https:\/\/www.miamibeachfl.gov\/#website"},"primaryImageOfPage":{"@id":"https:\/\/www.miamibeachfl.gov\/city-hall\/communications\/#primaryimage"},"image":{"@id":"https:\/\/www.miamibeachfl.gov\/city-hall\/communications\/#primaryimage"},"thumbnailUrl":"https:\/\/www.miamibeachfl.gov\/wp-content\/uploads\/2022\/10\/MiamiBeach-visitor-aerial2.jpg","datePublished":"2017-08-11T00:03:58+00:00","dateModified":"2026-01-05T18:11:00+00:00","description":"Das B\u00fcro f\u00fcr Marketing und Kommunikation der Stadt Miami Beach vernetzt die Stadt Miami Beach mit Einwohnern, Gemeindegruppen, unseren zahlreichen Besuchern und den Medien. Die Abteilung f\u00fcr Marketing und Kommunikation erstellt Pressemitteilungen, Social Media auf verschiedenen Plattformen und E-Mail-Newsletter.","breadcrumb":{"@id":"https:\/\/www.miamibeachfl.gov\/city-hall\/communications\/#breadcrumb"},"inLanguage":"de","potentialAction":[{"@type":"ReadAction","target":["https:\/\/www.miamibeachfl.gov\/city-hall\/communications\/"]}]},{"@type":"ImageObject","inLanguage":"de","@id":"https:\/\/www.miamibeachfl.gov\/city-hall\/communications\/#primaryimage","url":"https:\/\/www.miamibeachfl.gov\/wp-content\/uploads\/2022\/10\/MiamiBeach-visitor-aerial2.jpg","contentUrl":"https:\/\/www.miamibeachfl.gov\/wp-content\/uploads\/2022\/10\/MiamiBeach-visitor-aerial2.jpg","width":2200,"height":865,"caption":"miami Beach aerial"},{"@type":"BreadcrumbList","@id":"https:\/\/www.miamibeachfl.gov\/city-hall\/communications\/#breadcrumb","itemListElement":[{"@type":"ListItem","position":1,"name":"Home","item":"https:\/\/www.miamibeachfl.gov\/"},{"@type":"ListItem","position":2,"name":"City Hall","item":"https:\/\/www.miamibeachfl.gov\/city-hall\/"},{"@type":"ListItem","position":3,"name":"Marketing &#038; Communications"}]},{"@type":"WebSite","@id":"https:\/\/www.miamibeachfl.gov\/#website","url":"https:\/\/www.miamibeachfl.gov\/","name":"Stadt Miami Beach","description":"Die offizielle Website der Stadt Miami Beach. Bleiben Sie informiert und finden Sie wichtige Informationen zu st\u00e4dtischen Dienstleistungen, Neuigkeiten, Warnungen, Veranstaltungen, Stra\u00dfenbahnlinien, Stellenangeboten im \u00f6ffentlichen Dienst und mehr.","publisher":{"@id":"https:\/\/www.miamibeachfl.gov\/#organization"},"potentialAction":[{"@type":"SearchAction","target":{"@type":"EntryPoint","urlTemplate":"https:\/\/www.miamibeachfl.gov\/?s={search_term_string}"},"query-input":{"@type":"PropertyValueSpecification","valueRequired":true,"valueName":"search_term_string"}}],"inLanguage":"de"},{"@type":"Organization","@id":"https:\/\/www.miamibeachfl.gov\/#organization","name":"Stadt Miami Beach","url":"https:\/\/www.miamibeachfl.gov\/","logo":{"@type":"ImageObject","inLanguage":"de","@id":"https:\/\/www.miamibeachfl.gov\/#\/schema\/logo\/image\/","url":"https:\/\/www.miamibeachfl.gov\/wp-content\/uploads\/2022\/06\/miamibeach-logoblue.png","contentUrl":"https:\/\/www.miamibeachfl.gov\/wp-content\/uploads\/2022\/06\/miamibeach-logoblue.png","width":1962,"height":381,"caption":"City of Miami Beach"},"image":{"@id":"https:\/\/www.miamibeachfl.gov\/#\/schema\/logo\/image\/"},"sameAs":["https:\/\/www.facebook.com\/cityofmiamibeach","https:\/\/x.com\/Miamibeachnews","https:\/\/www.instagram.com\/miamibeachnews\/"],"description":"Die offizielle Website der Stadt Miami Beach. Bleiben Sie informiert und finden Sie wichtige Informationen zu st\u00e4dtischen Dienstleistungen, Neuigkeiten, Warnungen, Veranstaltungen, Stra\u00dfenbahnlinien, Stellenangeboten im \u00f6ffentlichen Dienst und mehr.","telephone":"305.604.CITY(2489)","legalName":"City of Miami Beach"}]}},"_links":{"self":[{"href":"https:\/\/www.miamibeachfl.gov\/de\/wp-json\/wp\/v2\/pages\/28391","targetHints":{"allow":["GET"]}}],"collection":[{"href":"https:\/\/www.miamibeachfl.gov\/de\/wp-json\/wp\/v2\/pages"}],"about":[{"href":"https:\/\/www.miamibeachfl.gov\/de\/wp-json\/wp\/v2\/types\/page"}],"author":[{"embeddable":true,"href":"https:\/\/www.miamibeachfl.gov\/de\/wp-json\/wp\/v2\/users\/222"}],"replies":[{"embeddable":true,"href":"https:\/\/www.miamibeachfl.gov\/de\/wp-json\/wp\/v2\/comments?post=28391"}],"version-history":[{"count":6,"href":"https:\/\/www.miamibeachfl.gov\/de\/wp-json\/wp\/v2\/pages\/28391\/revisions"}],"predecessor-version":[{"id":394488,"href":"https:\/\/www.miamibeachfl.gov\/de\/wp-json\/wp\/v2\/pages\/28391\/revisions\/394488"}],"up":[{"embeddable":true,"href":"https:\/\/www.miamibeachfl.gov\/de\/wp-json\/wp\/v2\/pages\/28206"}],"wp:featuredmedia":[{"embeddable":true,"href":"https:\/\/www.miamibeachfl.gov\/de\/wp-json\/wp\/v2\/media\/226053"}],"wp:attachment":[{"href":"https:\/\/www.miamibeachfl.gov\/de\/wp-json\/wp\/v2\/media?parent=28391"}],"wp:term":[{"taxonomy":"category","embeddable":true,"href":"https:\/\/www.miamibeachfl.gov\/de\/wp-json\/wp\/v2\/categories?post=28391"},{"taxonomy":"post_tag","embeddable":true,"href":"https:\/\/www.miamibeachfl.gov\/de\/wp-json\/wp\/v2\/tags?post=28391"}],"curies":[{"name":"wp","href":"https:\/\/api.w.org\/{rel}","templated":true}]}}