{"id":284432,"date":"2024-01-08T13:42:32","date_gmt":"2024-01-08T18:42:32","guid":{"rendered":"https:\/\/www.miamibeachfl.gov\/?page_id=284432"},"modified":"2026-03-02T15:17:25","modified_gmt":"2026-03-02T20:17:25","slug":"sop","status":"publish","type":"page","link":"https:\/\/www.miamibeachfl.gov\/de\/city-hall\/building\/sop\/","title":{"rendered":"Erstellen von SOPs"},"content":{"rendered":"Geb\u00e4udemen\u00fc\t\t\t\n\t\t\t\t\t<ul id=\"menu-building-department\"><li id=\"menu-item-270333\" aria-haspopup=\"true\"><a aria-expanded=\"false\" href=\"\/de\/city-hall\/building\/permits\/\">Genehmigungsantrag<\/a>\n<ul>\n\t<li id=\"menu-item-286727\"><a href=\"\/de\/city-hall\/building\/permits\/\">Das Genehmigungsverfahren \u2013 So beantragen Sie<\/a><\/li>\n\t<li id=\"menu-item-271067\"><a href=\"\/de\/city-hall\/building\/permits\/permitchecklists\/\">Genehmigungschecklisten<\/a><\/li>\n\t<li id=\"menu-item-322770\"><a href=\"\/de\/city-hall\/building\/permits\/same-day-services\/\">Taggleichservice<\/a><\/li>\n\t<li id=\"menu-item-270341\"><a href=\"\/de\/city-hall\/building\/onlinepermits\/\">Online-Ressourcenzentrum f\u00fcr Genehmigungen \u2013 Online bewerben<\/a><\/li>\n\t<li id=\"menu-item-270340\"><a href=\"\/de\/city-hall\/building\/permits\/interactive-permit-guide\/\">Interaktiver Genehmigungsleitfaden<\/a><\/li>\n\t<li id=\"menu-item-340585\"><a href=\"\/de\/city-hall\/building\/permits\/expired-permits-and-permit-renewals\/\">Abgelaufene Genehmigungen und Genehmigungsverl\u00e4ngerungen<\/a><\/li>\n<\/ul>\n<\/li>\n<li id=\"menu-item-312699\" aria-haspopup=\"true\"><a aria-expanded=\"false\" href=\"#\">Genehmigungsressourcen<\/a>\n<ul>\n\t<li id=\"menu-item-280603\"><a href=\"\/wp-content\/uploads\/2025\/10\/Building-Department-Fee-Guide-2025.pdf\">Geb\u00fchrenordnung<\/a><\/li>\n\t<li id=\"menu-item-272445\"><a href=\"\/de\/city-hall\/building\/permits\/building-permits-not-required-work-list\/\">Liste \u201eKeine Genehmigung erforderlich\u201c<\/a><\/li>\n\t<li id=\"menu-item-285785\"><a href=\"\/de\/city-hall\/building\/permits\/permit-refunds\/\">R\u00fcckerstattung von Genehmigungen<\/a><\/li>\n\t<li id=\"menu-item-285786\"><a href=\"\/de\/city-hall\/building\/permits\/building-permit-reprieve-program\/\">Amnestieprogramm f\u00fcr Verst\u00f6\u00dfe gegen die Bauordnung<\/a><\/li>\n\t<li id=\"menu-item-270348\"><a href=\"\/de\/city-hall\/building\/building-recert\/\">Geb\u00e4ude-Rezertifizierung<\/a><\/li>\n\t<li id=\"menu-item-298042\"><a href=\"\/de\/city-hall\/building\/permits\/fema-50-rule\/\">Fema 50%-Regel<\/a><\/li>\n\t<li id=\"menu-item-270344\"><a href=\"\/de\/city-hall\/building\/permits\/mdc\/\">Miami-Dade County<\/a><\/li>\n\t<li id=\"menu-item-270345\"><a href=\"\/de\/city-hall\/building\/permits\/phased-permits\/\">Phasenweise Genehmigungen<\/a><\/li>\n\t<li id=\"menu-item-270342\"><a href=\"\/de\/city-hall\/building\/permits\/green\/\">Gr\u00fcne Genehmigungen<\/a><\/li>\n\t<li id=\"menu-item-270346\"><a href=\"\/de\/city-hall\/building\/statistics\/\">Statistik-Dashboards<\/a><\/li>\n\t<li id=\"menu-item-286018\"><a href=\"\/de\/permits-search-dashboard\/\">Archivgenehmigungssuche<\/a><\/li>\n<\/ul>\n<\/li>\n<li id=\"menu-item-270334\"><a href=\"\/de\/city-hall\/building\/forms\/\">Formulare<\/a><\/li>\n<li id=\"menu-item-270335\"><a href=\"\/de\/city-hall\/building\/inspections\/\">Inspektionen<\/a><\/li>\n<li id=\"menu-item-270336\"><a href=\"\/de\/city-hall\/building\/violations\/\">Verst\u00f6\u00dfe<\/a><\/li>\n<li id=\"menu-item-270339\"><a href=\"\/de\/city-hall\/building\/contractors\/\">Auftragnehmer<\/a><\/li>\n<li id=\"menu-item-270338\"><a href=\"\/de\/city-hall\/building\/contact-us\/\">Kontaktieren Sie uns<\/a><\/li>\n<li id=\"menu-item-270337\" aria-haspopup=\"true\"><a aria-expanded=\"false\" href=\"#\">Weitere Links<\/a>\n<ul>\n\t<li id=\"menu-item-270352\"><a href=\"\/de\/city-hall\/building\/faq\/\">FAQs<\/a><\/li>\n\t<li id=\"menu-item-270350\"><a href=\"\/de\/city-hall\/building\/events\/\">Events &amp; Ank\u00fcndigungen<\/a><\/li>\n\t<li id=\"menu-item-270353\"><a href=\"\/de\/city-hall\/building\/local-flood-hazard-info\/\">Auenmanagement<\/a><\/li>\n\t<li id=\"menu-item-270347\"><a href=\"\/de\/city-hall\/building\/hurricane-preparedness\/\">Vorbereitung auf Hurrikans<\/a><\/li>\n\t<li id=\"menu-item-270349\"><a href=\"\/de\/city-hall\/building\/records-management\/\">Datensatzverwaltung<\/a><\/li>\n\t<li id=\"menu-item-270343\"><a href=\"\/de\/city-hall\/building\/permits\/private-provider-info\/\">Informationen zu privaten Anbietern<\/a><\/li>\n\t<li id=\"menu-item-280714\"><a href=\"\/de\/city-hall\/building\/building-recert\/annual-maintenance-log\/\">J\u00e4hrliches Wartungsprotokoll<\/a><\/li>\n\t<li id=\"menu-item-285447\"><a href=\"\/de\/city-hall\/building\/sop\/\">Standardarbeitsanweisungen<\/a><\/li>\n<\/ul>\n<\/li>\n<\/ul>\t\nGeb\u00e4udemen\u00fc \u00d7\t\t\t\t\t\t<ul id=\"menu-building-department-1\"><li id=\"menu-item-270333\" aria-haspopup=\"true\"><a aria-expanded=\"false\" href=\"\/de\/city-hall\/building\/permits\/\">Genehmigungsantrag<\/a>\n<ul>\n\t<li id=\"menu-item-286727\"><a href=\"\/de\/city-hall\/building\/permits\/\">Das Genehmigungsverfahren \u2013 So beantragen Sie<\/a><\/li>\n\t<li id=\"menu-item-271067\"><a href=\"\/de\/city-hall\/building\/permits\/permitchecklists\/\">Genehmigungschecklisten<\/a><\/li>\n\t<li id=\"menu-item-322770\"><a href=\"\/de\/city-hall\/building\/permits\/same-day-services\/\">Taggleichservice<\/a><\/li>\n\t<li id=\"menu-item-270341\"><a href=\"\/de\/city-hall\/building\/onlinepermits\/\">Online-Ressourcenzentrum f\u00fcr Genehmigungen \u2013 Online bewerben<\/a><\/li>\n\t<li id=\"menu-item-270340\"><a href=\"\/de\/city-hall\/building\/permits\/interactive-permit-guide\/\">Interaktiver Genehmigungsleitfaden<\/a><\/li>\n\t<li id=\"menu-item-340585\"><a href=\"\/de\/city-hall\/building\/permits\/expired-permits-and-permit-renewals\/\">Abgelaufene Genehmigungen und Genehmigungsverl\u00e4ngerungen<\/a><\/li>\n<\/ul>\n<\/li>\n<li id=\"menu-item-312699\" aria-haspopup=\"true\"><a aria-expanded=\"false\" href=\"#\">Genehmigungsressourcen<\/a>\n<ul>\n\t<li id=\"menu-item-280603\"><a href=\"\/wp-content\/uploads\/2025\/10\/Building-Department-Fee-Guide-2025.pdf\">Geb\u00fchrenordnung<\/a><\/li>\n\t<li id=\"menu-item-272445\"><a href=\"\/de\/city-hall\/building\/permits\/building-permits-not-required-work-list\/\">Liste \u201eKeine Genehmigung erforderlich\u201c<\/a><\/li>\n\t<li id=\"menu-item-285785\"><a href=\"\/de\/city-hall\/building\/permits\/permit-refunds\/\">R\u00fcckerstattung von Genehmigungen<\/a><\/li>\n\t<li id=\"menu-item-285786\"><a href=\"\/de\/city-hall\/building\/permits\/building-permit-reprieve-program\/\">Amnestieprogramm f\u00fcr Verst\u00f6\u00dfe gegen die Bauordnung<\/a><\/li>\n\t<li id=\"menu-item-270348\"><a href=\"\/de\/city-hall\/building\/building-recert\/\">Geb\u00e4ude-Rezertifizierung<\/a><\/li>\n\t<li id=\"menu-item-298042\"><a href=\"\/de\/city-hall\/building\/permits\/fema-50-rule\/\">Fema 50%-Regel<\/a><\/li>\n\t<li id=\"menu-item-270344\"><a href=\"\/de\/city-hall\/building\/permits\/mdc\/\">Miami-Dade County<\/a><\/li>\n\t<li id=\"menu-item-270345\"><a href=\"\/de\/city-hall\/building\/permits\/phased-permits\/\">Phasenweise Genehmigungen<\/a><\/li>\n\t<li id=\"menu-item-270342\"><a href=\"\/de\/city-hall\/building\/permits\/green\/\">Gr\u00fcne Genehmigungen<\/a><\/li>\n\t<li id=\"menu-item-270346\"><a href=\"\/de\/city-hall\/building\/statistics\/\">Statistik-Dashboards<\/a><\/li>\n\t<li id=\"menu-item-286018\"><a href=\"\/de\/permits-search-dashboard\/\">Archivgenehmigungssuche<\/a><\/li>\n<\/ul>\n<\/li>\n<li id=\"menu-item-270334\"><a href=\"\/de\/city-hall\/building\/forms\/\">Formulare<\/a><\/li>\n<li id=\"menu-item-270335\"><a href=\"\/de\/city-hall\/building\/inspections\/\">Inspektionen<\/a><\/li>\n<li id=\"menu-item-270336\"><a href=\"\/de\/city-hall\/building\/violations\/\">Verst\u00f6\u00dfe<\/a><\/li>\n<li id=\"menu-item-270339\"><a href=\"\/de\/city-hall\/building\/contractors\/\">Auftragnehmer<\/a><\/li>\n<li id=\"menu-item-270338\"><a href=\"\/de\/city-hall\/building\/contact-us\/\">Kontaktieren Sie uns<\/a><\/li>\n<li id=\"menu-item-270337\" aria-haspopup=\"true\"><a aria-expanded=\"false\" href=\"#\">Weitere Links<\/a>\n<ul>\n\t<li id=\"menu-item-270352\"><a href=\"\/de\/city-hall\/building\/faq\/\">FAQs<\/a><\/li>\n\t<li id=\"menu-item-270350\"><a href=\"\/de\/city-hall\/building\/events\/\">Events &amp; Ank\u00fcndigungen<\/a><\/li>\n\t<li id=\"menu-item-270353\"><a href=\"\/de\/city-hall\/building\/local-flood-hazard-info\/\">Auenmanagement<\/a><\/li>\n\t<li id=\"menu-item-270347\"><a href=\"\/de\/city-hall\/building\/hurricane-preparedness\/\">Vorbereitung auf Hurrikans<\/a><\/li>\n\t<li id=\"menu-item-270349\"><a href=\"\/de\/city-hall\/building\/records-management\/\">Datensatzverwaltung<\/a><\/li>\n\t<li id=\"menu-item-270343\"><a href=\"\/de\/city-hall\/building\/permits\/private-provider-info\/\">Informationen zu privaten Anbietern<\/a><\/li>\n\t<li id=\"menu-item-280714\"><a href=\"\/de\/city-hall\/building\/building-recert\/annual-maintenance-log\/\">J\u00e4hrliches Wartungsprotokoll<\/a><\/li>\n\t<li id=\"menu-item-285447\"><a href=\"\/de\/city-hall\/building\/sop\/\">Standardarbeitsanweisungen<\/a><\/li>\n<\/ul>\n<\/li>\n<\/ul>\t\t\t\t\n\t\t\t<h1>\n\t\t\tErstellen von SOPs\t<\/h1>\n\t\t\t<a href=\"https:\/\/www.miamibeachfl.gov\/wp-content\/uploads\/2025\/04\/Building-SOP-4.16.2025.pdf\" target=\"_blank\" rel=\"noopener\">\n\t\t\t\t\t\t\tUnsere Standardverfahren\n\t\t\t<\/a>\n\t\t\t<a href=\"https:\/\/www.miamibeachfl.gov\/wp-content\/uploads\/2020\/06\/SOP-Search-Instructions.png\" target=\"_blank\" rel=\"noopener\">\n\t\t\t\t\t\t\tSo suchen Sie SOP mithilfe von Schl\u00fcsselw\u00f6rtern\/Lesezeichen\n\t\t\t<\/a>","protected":false},"excerpt":{"rendered":"<p>Building Menu Permit Application The Permitting Process &#8211; How to Apply Permitting Checklists Same Day Service Online Permitting Resource Center [&hellip;]<\/p>\n","protected":false},"author":222,"featured_media":0,"parent":251511,"menu_order":23,"comment_status":"closed","ping_status":"closed","template":"","meta":{"_searchwp_excluded":"","site-sidebar-layout":"default","site-content-layout":"","ast-site-content-layout":"default","site-content-style":"default","site-sidebar-style":"default","ast-global-header-display":"","ast-banner-title-visibility":"","ast-main-header-display":"","ast-hfb-above-header-display":"","ast-hfb-below-header-display":"","ast-hfb-mobile-header-display":"","site-post-title":"","ast-breadcrumbs-content":"","ast-featured-img":"","footer-sml-layout":"","theme-transparent-header-meta":"","adv-header-id-meta":"","stick-header-meta":"","header-above-stick-meta":"","header-main-stick-meta":"","header-below-stick-meta":"","astra-migrate-meta-layouts":"default","ast-page-background-enabled":"default","ast-page-background-meta":{"desktop":{"background-color":"var(--ast-global-color-5)","background-image":"","background-repeat":"repeat","background-position":"center center","background-size":"auto","background-attachment":"scroll","background-type":"","background-media":"","overlay-type":"","overlay-color":"","overlay-opacity":"","overlay-gradient":""},"tablet":{"background-color":"","background-image":"","background-repeat":"repeat","background-position":"center center","background-size":"auto","background-attachment":"scroll","background-type":"","background-media":"","overlay-type":"","overlay-color":"","overlay-opacity":"","overlay-gradient":""},"mobile":{"background-color":"","background-image":"","background-repeat":"repeat","background-position":"center center","background-size":"auto","background-attachment":"scroll","background-type":"","background-media":"","overlay-type":"","overlay-color":"","overlay-opacity":"","overlay-gradient":""}},"ast-content-background-meta":{"desktop":{"background-color":"var(--ast-global-color-4)","background-image":"","background-repeat":"repeat","background-position":"center center","background-size":"auto","background-attachment":"scroll","background-type":"","background-media":"","overlay-type":"","overlay-color":"","overlay-opacity":"","overlay-gradient":""},"tablet":{"background-color":"var(--ast-global-color-4)","background-image":"","background-repeat":"repeat","background-position":"center center","background-size":"auto","background-attachment":"scroll","background-type":"","background-media":"","overlay-type":"","overlay-color":"","overlay-opacity":"","overlay-gradient":""},"mobile":{"background-color":"var(--ast-global-color-4)","background-image":"","background-repeat":"repeat","background-position":"center center","background-size":"auto","background-attachment":"scroll","background-type":"","background-media":"","overlay-type":"","overlay-color":"","overlay-opacity":"","overlay-gradient":""}},"footnotes":""},"categories":[],"tags":[1044,1045,1047],"class_list":["post-284432","page","type-page","status-publish","hentry","tag-building-department","tag-building-forms","tag-building-guidelines"],"yoast_head":"<!-- This site is optimized with the Yoast SEO Premium plugin v27.4 (Yoast SEO v27.4) - https:\/\/yoast.com\/product\/yoast-seo-premium-wordpress\/ -->\n<title>Building SOPs - City of Miami Beach<\/title>\n<meta name=\"description\" content=\"The City of Miami Beach Building Department is dedicated to serving the public through ef\ufb01cient and effective supervision and regulation of construction activities in Miami Beach.\" \/>\n<meta name=\"robots\" content=\"index, follow, max-snippet:-1, max-image-preview:large, max-video-preview:-1\" \/>\n<link rel=\"canonical\" href=\"https:\/\/www.miamibeachfl.gov\/de\/city-hall\/building\/sop\/\" \/>\n<meta property=\"og:locale\" content=\"de_DE\" \/>\n<meta property=\"og:type\" content=\"article\" \/>\n<meta property=\"og:title\" content=\"Building SOPs\" \/>\n<meta property=\"og:description\" content=\"The City of Miami Beach Building Department is dedicated to serving the public through ef\ufb01cient and effective supervision and regulation of construction activities in Miami Beach.\" \/>\n<meta property=\"og:url\" content=\"https:\/\/www.miamibeachfl.gov\/de\/city-hall\/building\/sop\/\" \/>\n<meta property=\"og:site_name\" content=\"City of Miami Beach\" \/>\n<meta property=\"article:publisher\" content=\"https:\/\/www.facebook.com\/cityofmiamibeach\" \/>\n<meta property=\"article:modified_time\" content=\"2026-03-02T20:17:25+00:00\" \/>\n<meta property=\"og:image\" content=\"https:\/\/www.miamibeachfl.gov\/wp-content\/uploads\/2023\/08\/Masterpermitcircle.jpeg\" \/>\n\t<meta property=\"og:image:width\" content=\"1200\" \/>\n\t<meta property=\"og:image:height\" content=\"1200\" \/>\n\t<meta property=\"og:image:type\" content=\"image\/jpeg\" \/>\n<meta name=\"twitter:card\" content=\"summary_large_image\" \/>\n<meta name=\"twitter:site\" content=\"@Miamibeachnews\" \/>\n<script type=\"application\/ld+json\" class=\"yoast-schema-graph\">{\"@context\":\"https:\\\/\\\/schema.org\",\"@graph\":[{\"@type\":\"WebPage\",\"@id\":\"https:\\\/\\\/www.miamibeachfl.gov\\\/city-hall\\\/building\\\/sop\\\/\",\"url\":\"https:\\\/\\\/www.miamibeachfl.gov\\\/city-hall\\\/building\\\/sop\\\/\",\"name\":\"Building SOPs - City of Miami Beach\",\"isPartOf\":{\"@id\":\"https:\\\/\\\/www.miamibeachfl.gov\\\/#website\"},\"datePublished\":\"2024-01-08T18:42:32+00:00\",\"dateModified\":\"2026-03-02T20:17:25+00:00\",\"description\":\"The City of Miami Beach Building Department is dedicated to serving the public through ef\ufb01cient and effective supervision and regulation of construction activities in Miami Beach.\",\"breadcrumb\":{\"@id\":\"https:\\\/\\\/www.miamibeachfl.gov\\\/city-hall\\\/building\\\/sop\\\/#breadcrumb\"},\"inLanguage\":\"de\",\"potentialAction\":[{\"@type\":\"ReadAction\",\"target\":[\"https:\\\/\\\/www.miamibeachfl.gov\\\/city-hall\\\/building\\\/sop\\\/\"]}]},{\"@type\":\"BreadcrumbList\",\"@id\":\"https:\\\/\\\/www.miamibeachfl.gov\\\/city-hall\\\/building\\\/sop\\\/#breadcrumb\",\"itemListElement\":[{\"@type\":\"ListItem\",\"position\":1,\"name\":\"Home\",\"item\":\"https:\\\/\\\/www.miamibeachfl.gov\\\/\"},{\"@type\":\"ListItem\",\"position\":2,\"name\":\"City Hall\",\"item\":\"https:\\\/\\\/www.miamibeachfl.gov\\\/city-hall\\\/\"},{\"@type\":\"ListItem\",\"position\":3,\"name\":\"Building\",\"item\":\"https:\\\/\\\/www.miamibeachfl.gov\\\/city-hall\\\/building\\\/\"},{\"@type\":\"ListItem\",\"position\":4,\"name\":\"Building SOPs\"}]},{\"@type\":\"WebSite\",\"@id\":\"https:\\\/\\\/www.miamibeachfl.gov\\\/#website\",\"url\":\"https:\\\/\\\/www.miamibeachfl.gov\\\/\",\"name\":\"City of Miami Beach\",\"description\":\"The official website of the City of Miami Beach. Stay informed, find important information on city services, news, alerts, events, trolley routes, government employment and more.\",\"publisher\":{\"@id\":\"https:\\\/\\\/www.miamibeachfl.gov\\\/#organization\"},\"potentialAction\":[{\"@type\":\"SearchAction\",\"target\":{\"@type\":\"EntryPoint\",\"urlTemplate\":\"https:\\\/\\\/www.miamibeachfl.gov\\\/?s={search_term_string}\"},\"query-input\":{\"@type\":\"PropertyValueSpecification\",\"valueRequired\":true,\"valueName\":\"search_term_string\"}}],\"inLanguage\":\"de\"},{\"@type\":\"Organization\",\"@id\":\"https:\\\/\\\/www.miamibeachfl.gov\\\/#organization\",\"name\":\"City of Miami Beach\",\"url\":\"https:\\\/\\\/www.miamibeachfl.gov\\\/\",\"logo\":{\"@type\":\"ImageObject\",\"inLanguage\":\"de\",\"@id\":\"https:\\\/\\\/www.miamibeachfl.gov\\\/#\\\/schema\\\/logo\\\/image\\\/\",\"url\":\"https:\\\/\\\/www.miamibeachfl.gov\\\/wp-content\\\/uploads\\\/2022\\\/06\\\/miamibeach-logoblue.png\",\"contentUrl\":\"https:\\\/\\\/www.miamibeachfl.gov\\\/wp-content\\\/uploads\\\/2022\\\/06\\\/miamibeach-logoblue.png\",\"width\":1962,\"height\":381,\"caption\":\"City of Miami Beach\"},\"image\":{\"@id\":\"https:\\\/\\\/www.miamibeachfl.gov\\\/#\\\/schema\\\/logo\\\/image\\\/\"},\"sameAs\":[\"https:\\\/\\\/www.facebook.com\\\/cityofmiamibeach\",\"https:\\\/\\\/x.com\\\/Miamibeachnews\",\"https:\\\/\\\/www.instagram.com\\\/miamibeachnews\\\/\"],\"description\":\"The official website of the City of Miami Beach. Stay informed, find important information on city services, news, alerts, events, trolley routes, government employment and more.\",\"telephone\":\"305.604.CITY(2489)\",\"legalName\":\"City of Miami Beach\"}]}<\/script>\n<!-- \/ Yoast SEO Premium plugin. -->","yoast_head_json":{"title":"Geb\u00e4ude-SOPs - Stadt Miami Beach","description":"Das Bauamt der Stadt Miami Beach hat es sich zur Aufgabe gemacht, der \u00d6ffentlichkeit durch eine effiziente und wirksame \u00dcberwachung und Regulierung der Baut\u00e4tigkeiten in Miami Beach zu dienen.","robots":{"index":"index","follow":"follow","max-snippet":"max-snippet:-1","max-image-preview":"max-image-preview:large","max-video-preview":"max-video-preview:-1"},"canonical":"https:\/\/www.miamibeachfl.gov\/de\/city-hall\/building\/sop\/","og_locale":"de_DE","og_type":"article","og_title":"Building SOPs","og_description":"The City of Miami Beach Building Department is dedicated to serving the public through ef\ufb01cient and effective supervision and regulation of construction activities in Miami Beach.","og_url":"https:\/\/www.miamibeachfl.gov\/de\/city-hall\/building\/sop\/","og_site_name":"City of Miami Beach","article_publisher":"https:\/\/www.facebook.com\/cityofmiamibeach","article_modified_time":"2026-03-02T20:17:25+00:00","og_image":[{"width":1200,"height":1200,"url":"https:\/\/www.miamibeachfl.gov\/wp-content\/uploads\/2023\/08\/Masterpermitcircle.jpeg","type":"image\/jpeg"}],"twitter_card":"summary_large_image","twitter_site":"@Miamibeachnews","schema":{"@context":"https:\/\/schema.org","@graph":[{"@type":"WebPage","@id":"https:\/\/www.miamibeachfl.gov\/city-hall\/building\/sop\/","url":"https:\/\/www.miamibeachfl.gov\/city-hall\/building\/sop\/","name":"Geb\u00e4ude-SOPs - Stadt Miami Beach","isPartOf":{"@id":"https:\/\/www.miamibeachfl.gov\/#website"},"datePublished":"2024-01-08T18:42:32+00:00","dateModified":"2026-03-02T20:17:25+00:00","description":"Das Bauamt der Stadt Miami Beach hat es sich zur Aufgabe gemacht, der \u00d6ffentlichkeit durch eine effiziente und wirksame \u00dcberwachung und Regulierung der Baut\u00e4tigkeiten in Miami Beach zu dienen.","breadcrumb":{"@id":"https:\/\/www.miamibeachfl.gov\/city-hall\/building\/sop\/#breadcrumb"},"inLanguage":"de","potentialAction":[{"@type":"ReadAction","target":["https:\/\/www.miamibeachfl.gov\/city-hall\/building\/sop\/"]}]},{"@type":"BreadcrumbList","@id":"https:\/\/www.miamibeachfl.gov\/city-hall\/building\/sop\/#breadcrumb","itemListElement":[{"@type":"ListItem","position":1,"name":"Home","item":"https:\/\/www.miamibeachfl.gov\/"},{"@type":"ListItem","position":2,"name":"City Hall","item":"https:\/\/www.miamibeachfl.gov\/city-hall\/"},{"@type":"ListItem","position":3,"name":"Building","item":"https:\/\/www.miamibeachfl.gov\/city-hall\/building\/"},{"@type":"ListItem","position":4,"name":"Building SOPs"}]},{"@type":"WebSite","@id":"https:\/\/www.miamibeachfl.gov\/#website","url":"https:\/\/www.miamibeachfl.gov\/","name":"Stadt Miami Beach","description":"Die offizielle Website der Stadt Miami Beach. Bleiben Sie informiert und finden Sie wichtige Informationen zu st\u00e4dtischen Dienstleistungen, Neuigkeiten, Warnungen, Veranstaltungen, Stra\u00dfenbahnlinien, Stellenangeboten im \u00f6ffentlichen Dienst und mehr.","publisher":{"@id":"https:\/\/www.miamibeachfl.gov\/#organization"},"potentialAction":[{"@type":"SearchAction","target":{"@type":"EntryPoint","urlTemplate":"https:\/\/www.miamibeachfl.gov\/?s={search_term_string}"},"query-input":{"@type":"PropertyValueSpecification","valueRequired":true,"valueName":"search_term_string"}}],"inLanguage":"de"},{"@type":"Organization","@id":"https:\/\/www.miamibeachfl.gov\/#organization","name":"Stadt Miami Beach","url":"https:\/\/www.miamibeachfl.gov\/","logo":{"@type":"ImageObject","inLanguage":"de","@id":"https:\/\/www.miamibeachfl.gov\/#\/schema\/logo\/image\/","url":"https:\/\/www.miamibeachfl.gov\/wp-content\/uploads\/2022\/06\/miamibeach-logoblue.png","contentUrl":"https:\/\/www.miamibeachfl.gov\/wp-content\/uploads\/2022\/06\/miamibeach-logoblue.png","width":1962,"height":381,"caption":"City of Miami Beach"},"image":{"@id":"https:\/\/www.miamibeachfl.gov\/#\/schema\/logo\/image\/"},"sameAs":["https:\/\/www.facebook.com\/cityofmiamibeach","https:\/\/x.com\/Miamibeachnews","https:\/\/www.instagram.com\/miamibeachnews\/"],"description":"Die offizielle Website der Stadt Miami Beach. Bleiben Sie informiert und finden Sie wichtige Informationen zu st\u00e4dtischen Dienstleistungen, Neuigkeiten, Warnungen, Veranstaltungen, Stra\u00dfenbahnlinien, Stellenangeboten im \u00f6ffentlichen Dienst und mehr.","telephone":"305.604.CITY(2489)","legalName":"City of Miami Beach"}]}},"_links":{"self":[{"href":"https:\/\/www.miamibeachfl.gov\/de\/wp-json\/wp\/v2\/pages\/284432","targetHints":{"allow":["GET"]}}],"collection":[{"href":"https:\/\/www.miamibeachfl.gov\/de\/wp-json\/wp\/v2\/pages"}],"about":[{"href":"https:\/\/www.miamibeachfl.gov\/de\/wp-json\/wp\/v2\/types\/page"}],"author":[{"embeddable":true,"href":"https:\/\/www.miamibeachfl.gov\/de\/wp-json\/wp\/v2\/users\/222"}],"replies":[{"embeddable":true,"href":"https:\/\/www.miamibeachfl.gov\/de\/wp-json\/wp\/v2\/comments?post=284432"}],"version-history":[{"count":1,"href":"https:\/\/www.miamibeachfl.gov\/de\/wp-json\/wp\/v2\/pages\/284432\/revisions"}],"predecessor-version":[{"id":396924,"href":"https:\/\/www.miamibeachfl.gov\/de\/wp-json\/wp\/v2\/pages\/284432\/revisions\/396924"}],"up":[{"embeddable":true,"href":"https:\/\/www.miamibeachfl.gov\/de\/wp-json\/wp\/v2\/pages\/251511"}],"wp:attachment":[{"href":"https:\/\/www.miamibeachfl.gov\/de\/wp-json\/wp\/v2\/media?parent=284432"}],"wp:term":[{"taxonomy":"category","embeddable":true,"href":"https:\/\/www.miamibeachfl.gov\/de\/wp-json\/wp\/v2\/categories?post=284432"},{"taxonomy":"post_tag","embeddable":true,"href":"https:\/\/www.miamibeachfl.gov\/de\/wp-json\/wp\/v2\/tags?post=284432"}],"curies":[{"name":"wp","href":"https:\/\/api.w.org\/{rel}","templated":true}]}}