{"id":28459,"date":"2017-08-11T00:04:48","date_gmt":"2017-08-11T00:04:48","guid":{"rendered":"http:\/\/www.miamibeachfl.gov\/city-hall\/cip\/about-us\/message-from-the-director\/"},"modified":"2025-12-05T07:31:20","modified_gmt":"2025-12-05T12:31:20","slug":"message-from-the-director","status":"publish","type":"page","link":"https:\/\/www.miamibeachfl.gov\/de\/city-hall\/cip\/message-from-the-director\/","title":{"rendered":"Nachricht vom Direktor"},"content":{"rendered":"<h1>\n\t\t\tNachricht vom Direktor\t<\/h1>\nCIP-Men\u00fc\t\t\t\n\t\t\t\t\t<ul id=\"menu-cip\"><li id=\"menu-item-259054\"><a href=\"\/de\/city-hall\/cip\/\">CIP-Startseite<\/a><\/li>\n<li id=\"menu-item-259053\"><a href=\"\/de\/city-hall\/cip\/#capitalbudget\">Kapitalbudget<\/a><\/li>\n<li id=\"menu-item-259055\"><a href=\"\/de\/city-hall\/cip\/what-to-expect\/\">FAQs<\/a><\/li>\n<li id=\"menu-item-259056\"><a href=\"\/de\/city-hall\/cip\/#cipuserfullinks\">N\u00fctzliche Links<\/a><\/li>\n<li id=\"menu-item-259057\"><a href=\"\/de\/city-hall\/cip\/glossary-of-terms\/\">Glossar<\/a><\/li>\n<li id=\"menu-item-259058\"><a target=\"_blank\"rel=\"noopener\" href=\"\/de\/city-hall\/cip\/active-projects\/\">Aktive Projekte<\/a><\/li>\n<\/ul>\t\nCIP-Men\u00fc \u00d7\t\t\t\t\t\t<ul id=\"menu-cip-1\"><li id=\"menu-item-259054\"><a href=\"\/de\/city-hall\/cip\/\">CIP-Startseite<\/a><\/li>\n<li id=\"menu-item-259053\"><a href=\"\/de\/city-hall\/cip\/#capitalbudget\">Kapitalbudget<\/a><\/li>\n<li id=\"menu-item-259055\"><a href=\"\/de\/city-hall\/cip\/what-to-expect\/\">FAQs<\/a><\/li>\n<li id=\"menu-item-259056\"><a href=\"\/de\/city-hall\/cip\/#cipuserfullinks\">N\u00fctzliche Links<\/a><\/li>\n<li id=\"menu-item-259057\"><a href=\"\/de\/city-hall\/cip\/glossary-of-terms\/\">Glossar<\/a><\/li>\n<li id=\"menu-item-259058\"><a target=\"_blank\"rel=\"noopener\" href=\"\/de\/city-hall\/cip\/active-projects\/\">Aktive Projekte<\/a><\/li>\n<\/ul>\t\t\t\t\n\t\t\t<h2>\n\t\t\tNeue Uniformen\t<\/h2>\n\t<p>Die Stadt Miami Beach gr\u00fcndete im Sommer 2001 das Office of Capital Improvement Projects (CIP), um die st\u00e4dtischen Bauvorhaben in einer zentralen Einrichtung zu b\u00fcndeln, die als zentrale Anlaufstelle f\u00fcr Planungs- und Bauprogrammmanagement dient. Das aktuelle Programm des CIP umfasst beispiellose Investitionen in die Infrastruktur zur Verbesserung der Lebensqualit\u00e4t, darunter die Priorisierung des steigenden Meeresspiegels durch Projekte zur Verbesserung des Regenwassersystems und der Wegerechte, Parkm\u00f6glichkeiten, Parkverbesserungen sowie Nachhaltigkeits- und Resilienzprojekte, die zur Verbesserung, Erweiterung und Instandhaltung der Einrichtungen und Infrastruktur erforderlich sind, um den Serviceanforderungen der Einwohner und Besucher der Stadt Miami Beach gerecht zu werden. Das Programm zur Kapitalverbesserung wird gr\u00f6\u00dftenteils durch genehmigte Anleihen finanziert, darunter allgemeine Schuldverschreibungen, Wasser-\/Abwasser- und Regenwasserfinanzierung. Weitere Finanzierungsquellen k\u00f6nnen Zusch\u00fcsse, Kurtaxen, Parkgeb\u00fchren usw. sein. Die Mitarbeiter des CIP betreuen st\u00e4ndig rund 50 aktive Projekte in der Planungs-, Entwurfs- und Bauphase. Ziel des CIP ist es, die Mehrheit dieser Projekte innerhalb der jeweiligen Zeit- und Budgetvorgaben abzuschlie\u00dfen.<\/p>","protected":false},"excerpt":{"rendered":"<p>Message From The Director CIP Menu CIP Home Capital Budget FAQs Useful Links Glossary of Terms Active Projects CIP Menu [&hellip;]<\/p>\n","protected":false},"author":222,"featured_media":0,"parent":28457,"menu_order":240,"comment_status":"closed","ping_status":"closed","template":"","meta":{"_searchwp_excluded":"","site-sidebar-layout":"default","site-content-layout":"","ast-site-content-layout":"default","site-content-style":"default","site-sidebar-style":"default","ast-global-header-display":"","ast-banner-title-visibility":"","ast-main-header-display":"","ast-hfb-above-header-display":"","ast-hfb-below-header-display":"","ast-hfb-mobile-header-display":"","site-post-title":"","ast-breadcrumbs-content":"","ast-featured-img":"","footer-sml-layout":"","theme-transparent-header-meta":"","adv-header-id-meta":"","stick-header-meta":"","header-above-stick-meta":"","header-main-stick-meta":"","header-below-stick-meta":"","astra-migrate-meta-layouts":"default","ast-page-background-enabled":"default","ast-page-background-meta":{"desktop":{"background-color":"var(--ast-global-color-5)","background-image":"","background-repeat":"repeat","background-position":"center center","background-size":"auto","background-attachment":"scroll","background-type":"","background-media":"","overlay-type":"","overlay-color":"","overlay-opacity":"","overlay-gradient":""},"tablet":{"background-color":"","background-image":"","background-repeat":"repeat","background-position":"center center","background-size":"auto","background-attachment":"scroll","background-type":"","background-media":"","overlay-type":"","overlay-color":"","overlay-opacity":"","overlay-gradient":""},"mobile":{"background-color":"","background-image":"","background-repeat":"repeat","background-position":"center center","background-size":"auto","background-attachment":"scroll","background-type":"","background-media":"","overlay-type":"","overlay-color":"","overlay-opacity":"","overlay-gradient":""}},"ast-content-background-meta":{"desktop":{"background-color":"var(--ast-global-color-4)","background-image":"","background-repeat":"repeat","background-position":"center center","background-size":"auto","background-attachment":"scroll","background-type":"","background-media":"","overlay-type":"","overlay-color":"","overlay-opacity":"","overlay-gradient":""},"tablet":{"background-color":"var(--ast-global-color-4)","background-image":"","background-repeat":"repeat","background-position":"center center","background-size":"auto","background-attachment":"scroll","background-type":"","background-media":"","overlay-type":"","overlay-color":"","overlay-opacity":"","overlay-gradient":""},"mobile":{"background-color":"var(--ast-global-color-4)","background-image":"","background-repeat":"repeat","background-position":"center center","background-size":"auto","background-attachment":"scroll","background-type":"","background-media":"","overlay-type":"","overlay-color":"","overlay-opacity":"","overlay-gradient":""}},"footnotes":""},"categories":[],"tags":[1203],"class_list":["post-28459","page","type-page","status-publish","hentry","tag-exclude-from-permit-page"],"yoast_head":"<!-- This site is optimized with the Yoast SEO Premium plugin v27.4 (Yoast SEO v27.4) - https:\/\/yoast.com\/product\/yoast-seo-premium-wordpress\/ -->\n<title>Message From The Director - City of Miami Beach<\/title>\n<meta name=\"description\" content=\"At any given time, The City of Miami Capital Improvement Projects Department staff manages approximately 50 active projects.\" \/>\n<meta name=\"robots\" content=\"index, follow, max-snippet:-1, max-image-preview:large, max-video-preview:-1\" \/>\n<link rel=\"canonical\" href=\"https:\/\/www.miamibeachfl.gov\/de\/city-hall\/cip\/message-from-the-director\/\" \/>\n<meta property=\"og:locale\" content=\"de_DE\" \/>\n<meta property=\"og:type\" content=\"article\" \/>\n<meta property=\"og:title\" content=\"Message From The Director\" \/>\n<meta property=\"og:description\" content=\"At any given time, The City of Miami Capital Improvement Projects Department staff manages approximately 50 active projects.\" \/>\n<meta property=\"og:url\" content=\"https:\/\/www.miamibeachfl.gov\/de\/city-hall\/cip\/message-from-the-director\/\" \/>\n<meta property=\"og:site_name\" content=\"City of Miami Beach\" \/>\n<meta property=\"article:publisher\" content=\"https:\/\/www.facebook.com\/cityofmiamibeach\" \/>\n<meta property=\"article:modified_time\" content=\"2025-12-05T12:31:20+00:00\" \/>\n<meta property=\"og:image\" content=\"https:\/\/www.miamibeachfl.gov\/wp-content\/uploads\/2024\/01\/1000pxSquare-miamibeach-aerial-southpointview.jpeg\" \/>\n\t<meta property=\"og:image:width\" content=\"1000\" \/>\n\t<meta property=\"og:image:height\" content=\"1000\" \/>\n\t<meta property=\"og:image:type\" content=\"image\/jpeg\" \/>\n<meta name=\"twitter:card\" content=\"summary_large_image\" \/>\n<meta name=\"twitter:site\" content=\"@Miamibeachnews\" \/>\n<script type=\"application\/ld+json\" class=\"yoast-schema-graph\">{\"@context\":\"https:\\\/\\\/schema.org\",\"@graph\":[{\"@type\":\"WebPage\",\"@id\":\"https:\\\/\\\/www.miamibeachfl.gov\\\/city-hall\\\/cip\\\/message-from-the-director\\\/\",\"url\":\"https:\\\/\\\/www.miamibeachfl.gov\\\/city-hall\\\/cip\\\/message-from-the-director\\\/\",\"name\":\"Message From The Director - City of Miami Beach\",\"isPartOf\":{\"@id\":\"https:\\\/\\\/www.miamibeachfl.gov\\\/#website\"},\"datePublished\":\"2017-08-11T00:04:48+00:00\",\"dateModified\":\"2025-12-05T12:31:20+00:00\",\"description\":\"At any given time, The City of Miami Capital Improvement Projects Department staff manages approximately 50 active projects.\",\"breadcrumb\":{\"@id\":\"https:\\\/\\\/www.miamibeachfl.gov\\\/city-hall\\\/cip\\\/message-from-the-director\\\/#breadcrumb\"},\"inLanguage\":\"de\",\"potentialAction\":[{\"@type\":\"ReadAction\",\"target\":[\"https:\\\/\\\/www.miamibeachfl.gov\\\/city-hall\\\/cip\\\/message-from-the-director\\\/\"]}]},{\"@type\":\"BreadcrumbList\",\"@id\":\"https:\\\/\\\/www.miamibeachfl.gov\\\/city-hall\\\/cip\\\/message-from-the-director\\\/#breadcrumb\",\"itemListElement\":[{\"@type\":\"ListItem\",\"position\":1,\"name\":\"Home\",\"item\":\"https:\\\/\\\/www.miamibeachfl.gov\\\/\"},{\"@type\":\"ListItem\",\"position\":2,\"name\":\"City Hall\",\"item\":\"https:\\\/\\\/www.miamibeachfl.gov\\\/city-hall\\\/\"},{\"@type\":\"ListItem\",\"position\":3,\"name\":\"Capital Improvement Projects\",\"item\":\"https:\\\/\\\/www.miamibeachfl.gov\\\/city-hall\\\/cip\\\/\"},{\"@type\":\"ListItem\",\"position\":4,\"name\":\"Message From The Director\"}]},{\"@type\":\"WebSite\",\"@id\":\"https:\\\/\\\/www.miamibeachfl.gov\\\/#website\",\"url\":\"https:\\\/\\\/www.miamibeachfl.gov\\\/\",\"name\":\"City of Miami Beach\",\"description\":\"The official website of the City of Miami Beach. Stay informed, find important information on city services, news, alerts, events, trolley routes, government employment and more.\",\"publisher\":{\"@id\":\"https:\\\/\\\/www.miamibeachfl.gov\\\/#organization\"},\"potentialAction\":[{\"@type\":\"SearchAction\",\"target\":{\"@type\":\"EntryPoint\",\"urlTemplate\":\"https:\\\/\\\/www.miamibeachfl.gov\\\/?s={search_term_string}\"},\"query-input\":{\"@type\":\"PropertyValueSpecification\",\"valueRequired\":true,\"valueName\":\"search_term_string\"}}],\"inLanguage\":\"de\"},{\"@type\":\"Organization\",\"@id\":\"https:\\\/\\\/www.miamibeachfl.gov\\\/#organization\",\"name\":\"City of Miami Beach\",\"url\":\"https:\\\/\\\/www.miamibeachfl.gov\\\/\",\"logo\":{\"@type\":\"ImageObject\",\"inLanguage\":\"de\",\"@id\":\"https:\\\/\\\/www.miamibeachfl.gov\\\/#\\\/schema\\\/logo\\\/image\\\/\",\"url\":\"https:\\\/\\\/www.miamibeachfl.gov\\\/wp-content\\\/uploads\\\/2022\\\/06\\\/miamibeach-logoblue.png\",\"contentUrl\":\"https:\\\/\\\/www.miamibeachfl.gov\\\/wp-content\\\/uploads\\\/2022\\\/06\\\/miamibeach-logoblue.png\",\"width\":1962,\"height\":381,\"caption\":\"City of Miami Beach\"},\"image\":{\"@id\":\"https:\\\/\\\/www.miamibeachfl.gov\\\/#\\\/schema\\\/logo\\\/image\\\/\"},\"sameAs\":[\"https:\\\/\\\/www.facebook.com\\\/cityofmiamibeach\",\"https:\\\/\\\/x.com\\\/Miamibeachnews\",\"https:\\\/\\\/www.instagram.com\\\/miamibeachnews\\\/\"],\"description\":\"The official website of the City of Miami Beach. Stay informed, find important information on city services, news, alerts, events, trolley routes, government employment and more.\",\"telephone\":\"305.604.CITY(2489)\",\"legalName\":\"City of Miami Beach\"}]}<\/script>\n<!-- \/ Yoast SEO Premium plugin. -->","yoast_head_json":{"title":"Nachricht vom Direktor \u2013 Stadt Miami Beach","description":"Die Mitarbeiter der Abteilung f\u00fcr Kapitalverbesserungsprojekte der Stadt Miami verwalten jederzeit etwa 50 aktive Projekte.","robots":{"index":"index","follow":"follow","max-snippet":"max-snippet:-1","max-image-preview":"max-image-preview:large","max-video-preview":"max-video-preview:-1"},"canonical":"https:\/\/www.miamibeachfl.gov\/de\/city-hall\/cip\/message-from-the-director\/","og_locale":"de_DE","og_type":"article","og_title":"Message From The Director","og_description":"At any given time, The City of Miami Capital Improvement Projects Department staff manages approximately 50 active projects.","og_url":"https:\/\/www.miamibeachfl.gov\/de\/city-hall\/cip\/message-from-the-director\/","og_site_name":"City of Miami Beach","article_publisher":"https:\/\/www.facebook.com\/cityofmiamibeach","article_modified_time":"2025-12-05T12:31:20+00:00","og_image":[{"width":1000,"height":1000,"url":"https:\/\/www.miamibeachfl.gov\/wp-content\/uploads\/2024\/01\/1000pxSquare-miamibeach-aerial-southpointview.jpeg","type":"image\/jpeg"}],"twitter_card":"summary_large_image","twitter_site":"@Miamibeachnews","schema":{"@context":"https:\/\/schema.org","@graph":[{"@type":"WebPage","@id":"https:\/\/www.miamibeachfl.gov\/city-hall\/cip\/message-from-the-director\/","url":"https:\/\/www.miamibeachfl.gov\/city-hall\/cip\/message-from-the-director\/","name":"Nachricht vom Direktor \u2013 Stadt Miami Beach","isPartOf":{"@id":"https:\/\/www.miamibeachfl.gov\/#website"},"datePublished":"2017-08-11T00:04:48+00:00","dateModified":"2025-12-05T12:31:20+00:00","description":"Die Mitarbeiter der Abteilung f\u00fcr Kapitalverbesserungsprojekte der Stadt Miami verwalten jederzeit etwa 50 aktive Projekte.","breadcrumb":{"@id":"https:\/\/www.miamibeachfl.gov\/city-hall\/cip\/message-from-the-director\/#breadcrumb"},"inLanguage":"de","potentialAction":[{"@type":"ReadAction","target":["https:\/\/www.miamibeachfl.gov\/city-hall\/cip\/message-from-the-director\/"]}]},{"@type":"BreadcrumbList","@id":"https:\/\/www.miamibeachfl.gov\/city-hall\/cip\/message-from-the-director\/#breadcrumb","itemListElement":[{"@type":"ListItem","position":1,"name":"Home","item":"https:\/\/www.miamibeachfl.gov\/"},{"@type":"ListItem","position":2,"name":"City Hall","item":"https:\/\/www.miamibeachfl.gov\/city-hall\/"},{"@type":"ListItem","position":3,"name":"Capital Improvement Projects","item":"https:\/\/www.miamibeachfl.gov\/city-hall\/cip\/"},{"@type":"ListItem","position":4,"name":"Message From The Director"}]},{"@type":"WebSite","@id":"https:\/\/www.miamibeachfl.gov\/#website","url":"https:\/\/www.miamibeachfl.gov\/","name":"Stadt Miami Beach","description":"Die offizielle Website der Stadt Miami Beach. Bleiben Sie informiert und finden Sie wichtige Informationen zu st\u00e4dtischen Dienstleistungen, Neuigkeiten, Warnungen, Veranstaltungen, Stra\u00dfenbahnlinien, Stellenangeboten im \u00f6ffentlichen Dienst und mehr.","publisher":{"@id":"https:\/\/www.miamibeachfl.gov\/#organization"},"potentialAction":[{"@type":"SearchAction","target":{"@type":"EntryPoint","urlTemplate":"https:\/\/www.miamibeachfl.gov\/?s={search_term_string}"},"query-input":{"@type":"PropertyValueSpecification","valueRequired":true,"valueName":"search_term_string"}}],"inLanguage":"de"},{"@type":"Organization","@id":"https:\/\/www.miamibeachfl.gov\/#organization","name":"Stadt Miami Beach","url":"https:\/\/www.miamibeachfl.gov\/","logo":{"@type":"ImageObject","inLanguage":"de","@id":"https:\/\/www.miamibeachfl.gov\/#\/schema\/logo\/image\/","url":"https:\/\/www.miamibeachfl.gov\/wp-content\/uploads\/2022\/06\/miamibeach-logoblue.png","contentUrl":"https:\/\/www.miamibeachfl.gov\/wp-content\/uploads\/2022\/06\/miamibeach-logoblue.png","width":1962,"height":381,"caption":"City of Miami Beach"},"image":{"@id":"https:\/\/www.miamibeachfl.gov\/#\/schema\/logo\/image\/"},"sameAs":["https:\/\/www.facebook.com\/cityofmiamibeach","https:\/\/x.com\/Miamibeachnews","https:\/\/www.instagram.com\/miamibeachnews\/"],"description":"Die offizielle Website der Stadt Miami Beach. Bleiben Sie informiert und finden Sie wichtige Informationen zu st\u00e4dtischen Dienstleistungen, Neuigkeiten, Warnungen, Veranstaltungen, Stra\u00dfenbahnlinien, Stellenangeboten im \u00f6ffentlichen Dienst und mehr.","telephone":"305.604.CITY(2489)","legalName":"City of Miami Beach"}]}},"_links":{"self":[{"href":"https:\/\/www.miamibeachfl.gov\/de\/wp-json\/wp\/v2\/pages\/28459","targetHints":{"allow":["GET"]}}],"collection":[{"href":"https:\/\/www.miamibeachfl.gov\/de\/wp-json\/wp\/v2\/pages"}],"about":[{"href":"https:\/\/www.miamibeachfl.gov\/de\/wp-json\/wp\/v2\/types\/page"}],"author":[{"embeddable":true,"href":"https:\/\/www.miamibeachfl.gov\/de\/wp-json\/wp\/v2\/users\/222"}],"replies":[{"embeddable":true,"href":"https:\/\/www.miamibeachfl.gov\/de\/wp-json\/wp\/v2\/comments?post=28459"}],"version-history":[{"count":1,"href":"https:\/\/www.miamibeachfl.gov\/de\/wp-json\/wp\/v2\/pages\/28459\/revisions"}],"predecessor-version":[{"id":392962,"href":"https:\/\/www.miamibeachfl.gov\/de\/wp-json\/wp\/v2\/pages\/28459\/revisions\/392962"}],"up":[{"embeddable":true,"href":"https:\/\/www.miamibeachfl.gov\/de\/wp-json\/wp\/v2\/pages\/28457"}],"wp:attachment":[{"href":"https:\/\/www.miamibeachfl.gov\/de\/wp-json\/wp\/v2\/media?parent=28459"}],"wp:term":[{"taxonomy":"category","embeddable":true,"href":"https:\/\/www.miamibeachfl.gov\/de\/wp-json\/wp\/v2\/categories?post=28459"},{"taxonomy":"post_tag","embeddable":true,"href":"https:\/\/www.miamibeachfl.gov\/de\/wp-json\/wp\/v2\/tags?post=28459"}],"curies":[{"name":"wp","href":"https:\/\/api.w.org\/{rel}","templated":true}]}}