{"id":28511,"date":"2017-08-11T00:05:27","date_gmt":"2017-08-11T00:05:27","guid":{"rendered":"http:\/\/www.miamibeachfl.gov\/city-hall\/cip\/what-to-expect\/"},"modified":"2026-02-17T09:54:07","modified_gmt":"2026-02-17T14:54:07","slug":"what-to-expect","status":"publish","type":"page","link":"https:\/\/www.miamibeachfl.gov\/de\/city-hall\/cip\/what-to-expect\/","title":{"rendered":"H\u00e4ufig gestellte Fragen"},"content":{"rendered":"<h1>\n\t\t\tCIP-FAQs\t<\/h1>\nCIP-Men\u00fc\t\t\t\n\t\t\t\t\t<ul id=\"menu-cip\"><li id=\"menu-item-259054\"><a href=\"\/de\/city-hall\/cip\/\">CIP-Startseite<\/a><\/li>\n<li id=\"menu-item-259053\"><a href=\"\/de\/city-hall\/cip\/#capitalbudget\">Kapitalbudget<\/a><\/li>\n<li id=\"menu-item-259055\"><a href=\"\/de\/city-hall\/cip\/what-to-expect\/\">FAQs<\/a><\/li>\n<li id=\"menu-item-259056\"><a href=\"\/de\/city-hall\/cip\/#cipuserfullinks\">N\u00fctzliche Links<\/a><\/li>\n<li id=\"menu-item-259057\"><a href=\"\/de\/city-hall\/cip\/glossary-of-terms\/\">Glossar<\/a><\/li>\n<li id=\"menu-item-259058\"><a target=\"_blank\"rel=\"noopener\" href=\"\/de\/city-hall\/cip\/active-projects\/\">Aktive Projekte<\/a><\/li>\n<\/ul>\t\nCIP-Men\u00fc \u00d7\t\t\t\t\t\t<ul id=\"menu-cip-1\"><li id=\"menu-item-259054\"><a href=\"\/de\/city-hall\/cip\/\">CIP-Startseite<\/a><\/li>\n<li id=\"menu-item-259053\"><a href=\"\/de\/city-hall\/cip\/#capitalbudget\">Kapitalbudget<\/a><\/li>\n<li id=\"menu-item-259055\"><a href=\"\/de\/city-hall\/cip\/what-to-expect\/\">FAQs<\/a><\/li>\n<li id=\"menu-item-259056\"><a href=\"\/de\/city-hall\/cip\/#cipuserfullinks\">N\u00fctzliche Links<\/a><\/li>\n<li id=\"menu-item-259057\"><a href=\"\/de\/city-hall\/cip\/glossary-of-terms\/\">Glossar<\/a><\/li>\n<li id=\"menu-item-259058\"><a target=\"_blank\"rel=\"noopener\" href=\"\/de\/city-hall\/cip\/active-projects\/\">Aktive Projekte<\/a><\/li>\n<\/ul>\t\t\t\t\n\t<p><strong>\u201eUm Omeletts zu machen, m\u00fcssen Eier zerschlagen werden\u201c \u2013 Maximilien Francois Robespierre<\/strong><\/p>\n<p>Wenn in Ihrer Nachbarschaft Verbesserungen anstehen, fragen Sie sich wahrscheinlich, welche Auswirkungen die Bauarbeiten auf Sie, Ihr Zuhause, Ihr Unternehmen und Ihre Lebensqualit\u00e4t haben werden. Obwohl unsere Bauunternehmer alles tun, um die Auswirkungen der Bauarbeiten zu minimieren, bringen Nachbarschaftsverbesserungsprojekte \u2013 insbesondere solche mit gr\u00f6\u00dferen Infrastruktur\u00e4nderungen \u2013 einige Unannehmlichkeiten mit sich. Wir danken Ihnen f\u00fcr Ihre Geduld w\u00e4hrend der Arbeiten.<\/p>\n<h2>\n\t\t\tNachfolgend finden Sie \u00dcbersichten dar\u00fcber, was Sie je nach Art des Bauprojekts erwarten k\u00f6nnen und welche zus\u00e4tzlichen Prozesse die Abteilung anbietet:\t<\/h2>\n\t\t\t\t\t\t<h3>Welche Auswirkungen haben die Bauarbeiten auf den Zugang zu und von meinem Grundst\u00fcck?<\/h3>\n\t\t\t<p>Die Stadt ist bestrebt, den Zugang zu Unternehmen und Wohnh\u00e4usern jederzeit aufrechtzuerhalten. Gelegentlich ist es notwendig, eine Zufahrt f\u00fcr projektbezogene Arbeiten vor\u00fcbergehend zu sperren. In diesem Fall bem\u00fcht sich das Projektteam, die Auswirkungen im Vorfeld mit dem Grundst\u00fcckseigent\u00fcmer abzustimmen.<\/p>\n\t\t\t\t\t\t<h3>Wie wurden Verbesserungen in meiner Nachbarschaft festgestellt?<\/h3>\n\t\t\t<p>Ende der 1990er Jahre veranstaltete die Stadt Nachbarschaftsversammlungen, bei denen die Bewohner gebeten wurden, \u201eWunschlisten\u201c f\u00fcr die Verbesserung des Stra\u00dfenbildes ihrer Viertel vorzulegen. Diese Wunschliste wurde schlie\u00dflich in ein Dokument mit dem Titel \u201eGrundlagenbericht\u201c umgewandelt. Gleichzeitig gab die Stadt einen Wasser-Masterplan und eine umfassende Regenwasser-Masterplananlage in Auftrag, die den Infrastrukturbedarf der Viertel weiter identifizierten. Die Stra\u00dfenbildpl\u00e4ne wurden mit Pl\u00e4nen f\u00fcr zus\u00e4tzliche Trinkwasserleitungen und eine verbesserte Regenwasserableitung kombiniert. Im Laufe der Jahre wurde zus\u00e4tzlicher Bedarf identifiziert, und einige Pl\u00e4ne wurden \u00fcberarbeitet, um den Bed\u00fcrfnissen jedes Viertels gerecht zu werden.<\/p>\n\t\t\t\t\t\t<h3>Wie wurde \u00fcber die konkrete Mittelzuweisung entschieden?<\/h3>\n\t\t\t<p>Spezifische Finanzierungszuweisungen wurden urspr\u00fcnglich in den General Obligation Bond-Serien, den Water and Sewer Revenue Bonds und den Stormwater Revenue Bond-Serien festgelegt. Da das Programm mehr Bedarfe deckte als urspr\u00fcnglich vorgesehen, werden mit jedem neuen Haushaltsjahr zus\u00e4tzliche Finanzierungsquellen ermittelt.<\/p>\n\t\t\t\t\t\t<h3>Wie werden die Anleiheschulden zur\u00fcckgezahlt?<\/h3>\n\t\t\t<p><strong>Der General O Bond<\/strong> Die Ausgabe wird aus Grundsteuern bezahlt.<\/p>\n<p><strong>Die Wasser- und Abwasser-Steueranleihe<\/strong> wird aus einem Teil der Wasser- und Abwassergeb\u00fchren bezahlt, die jedem Grundst\u00fcckseigent\u00fcmer und Unternehmen in Rechnung gestellt werden.<\/p>\n<p><strong>Die Stormwater Revenue Bond<\/strong> wird \u00fcber eine monatliche Regenwassergeb\u00fchr erstattet, die jedem Grundst\u00fcckseigent\u00fcmer und Unternehmen in Rechnung gestellt wird.<\/p>\n\t\t\t\t\t\t<h3>Verbessern die neuen und sanierten Wasserleitungen die Qualit\u00e4t meines Trinkwassers und meinen Wasserdruck?<\/h3>\n\t\t\t<p>Die Stadt Miami Beach erh\u00e4lt Trinkwasser vom Miami-Dade Water and Sewer Department. Dieses hat die Stadt stets mit sehr hochwertigem Wasser versorgt. Monatliche Tests best\u00e4tigen die Zuverl\u00e4ssigkeit und Trinkbarkeit des Wassers in Miami Beach. Neue Leitungen k\u00f6nnen die Wasserfarbe verbessern, dies h\u00e4ngt jedoch von den privaten Wasserleitungen ab, die das Wasser zu Ihrem Wasserhahn f\u00fchren. In den meisten F\u00e4llen verbessert sich der Wasserdruck durch die Modernisierung der Wasserleitungen, da die Kapazit\u00e4t erh\u00f6ht wird.<\/p>\n\t\t\t\t\t\t<h3>Wo kann ich einen verstopften Abfluss melden?<\/h3>\n\t\t\t<p>Wenn Sie den Verdacht haben, dass ein Abfluss verstopft ist, oder Zeuge illegaler M\u00fcllentsorgung werden, rufen Sie bitte die Notrufnummer des Bauamts unter 305.673.7625 an. Sollten Sie feststellen, dass illegale M\u00fcllentsorgung in den Abfluss gelangt und zu einer Verstopfung f\u00fchrt, wenden Sie sich bitte an die Bauaufsichtsbeh\u00f6rde unter 305.673.7555.<\/p>\n\t\t\t\t\t\t<h3>Was mache ich, wenn durch Bauarbeiten offenbar Sch\u00e4den an meinem Privateigentum entstanden sind?<\/h3>\n\t\t\t<p>St\u00e4dtische Bauunternehmer sind f\u00fcr die Reparatur oder Wiederherstellung s\u00e4mtlichen Privateigentums verantwortlich, das w\u00e4hrend der Bauarbeiten besch\u00e4digt wird. Wenn Sie einen Vertreter des Unternehmens ausfindig machen k\u00f6nnen, bitten Sie um ein Gespr\u00e4ch mit dem Bauleiter. Informieren Sie ihn \u00fcber Ihren Anspruch, und er wird Ihnen Informationen dar\u00fcber geben, wie Sie seine Versicherung kontaktieren k\u00f6nnen. Wenn Sie den richtigen Vertreter des Bauunternehmens nicht finden k\u00f6nnen, wenden Sie sich an das Capital Improvement Projects Office unter 305.673.7071, um festzustellen, ob diese Arbeiten vom CIP verwaltet werden. Wenn dies der Fall ist, werden Sie an den Projektmanager oder den Pressesprecher verwiesen, der Sie mit dem richtigen Vertreter des Bauunternehmens in Verbindung setzen kann. Wenn das Projekt vom Bauamt oder einer anderen Abteilung verwaltet wird, werden Sie ebenfalls an den Projektmanager oder den Pressesprecher verwiesen. Bei privaten Bauarbeiten kann die Stadt nicht als Vermittler auftreten. Es ist wichtig, dass Sie Kontakt mit dem richtigen Vertreter des Bauunternehmens aufnehmen, damit Ihr Anspruch \u00fcber die richtigen Kan\u00e4le bearbeitet werden kann.<\/p>","protected":false},"excerpt":{"rendered":"<p>CIP FAQs CIP Menu CIP Home Capital Budget FAQs Useful Links Glossary of Terms Active Projects CIP Menu \u00d7 CIP [&hellip;]<\/p>\n","protected":false},"author":222,"featured_media":0,"parent":28457,"menu_order":230,"comment_status":"closed","ping_status":"closed","template":"","meta":{"_searchwp_excluded":"","site-sidebar-layout":"default","site-content-layout":"","ast-site-content-layout":"default","site-content-style":"default","site-sidebar-style":"default","ast-global-header-display":"","ast-banner-title-visibility":"","ast-main-header-display":"","ast-hfb-above-header-display":"","ast-hfb-below-header-display":"","ast-hfb-mobile-header-display":"","site-post-title":"","ast-breadcrumbs-content":"","ast-featured-img":"","footer-sml-layout":"","theme-transparent-header-meta":"","adv-header-id-meta":"","stick-header-meta":"","header-above-stick-meta":"","header-main-stick-meta":"","header-below-stick-meta":"","astra-migrate-meta-layouts":"default","ast-page-background-enabled":"default","ast-page-background-meta":{"desktop":{"background-color":"var(--ast-global-color-5)","background-image":"","background-repeat":"repeat","background-position":"center center","background-size":"auto","background-attachment":"scroll","background-type":"","background-media":"","overlay-type":"","overlay-color":"","overlay-opacity":"","overlay-gradient":""},"tablet":{"background-color":"","background-image":"","background-repeat":"repeat","background-position":"center center","background-size":"auto","background-attachment":"scroll","background-type":"","background-media":"","overlay-type":"","overlay-color":"","overlay-opacity":"","overlay-gradient":""},"mobile":{"background-color":"","background-image":"","background-repeat":"repeat","background-position":"center center","background-size":"auto","background-attachment":"scroll","background-type":"","background-media":"","overlay-type":"","overlay-color":"","overlay-opacity":"","overlay-gradient":""}},"ast-content-background-meta":{"desktop":{"background-color":"var(--ast-global-color-4)","background-image":"","background-repeat":"repeat","background-position":"center center","background-size":"auto","background-attachment":"scroll","background-type":"","background-media":"","overlay-type":"","overlay-color":"","overlay-opacity":"","overlay-gradient":""},"tablet":{"background-color":"var(--ast-global-color-4)","background-image":"","background-repeat":"repeat","background-position":"center center","background-size":"auto","background-attachment":"scroll","background-type":"","background-media":"","overlay-type":"","overlay-color":"","overlay-opacity":"","overlay-gradient":""},"mobile":{"background-color":"var(--ast-global-color-4)","background-image":"","background-repeat":"repeat","background-position":"center center","background-size":"auto","background-attachment":"scroll","background-type":"","background-media":"","overlay-type":"","overlay-color":"","overlay-opacity":"","overlay-gradient":""}},"footnotes":""},"categories":[],"tags":[],"class_list":["post-28511","page","type-page","status-publish","hentry"],"yoast_head":"<!-- This site is optimized with the Yoast SEO Premium plugin v27.4 (Yoast SEO v27.4) - https:\/\/yoast.com\/product\/yoast-seo-premium-wordpress\/ -->\n<title>FAQ&#039;s - City of Miami Beach<\/title>\n<meta name=\"description\" content=\"Please find overviews of what you can expect by the type of construction project and additional processes that the department has.\" \/>\n<meta name=\"robots\" content=\"index, follow, max-snippet:-1, max-image-preview:large, max-video-preview:-1\" \/>\n<link rel=\"canonical\" href=\"https:\/\/www.miamibeachfl.gov\/de\/city-hall\/cip\/what-to-expect\/\" \/>\n<meta property=\"og:locale\" content=\"de_DE\" \/>\n<meta property=\"og:type\" content=\"article\" \/>\n<meta property=\"og:title\" content=\"FAQ&#039;s\" \/>\n<meta property=\"og:description\" content=\"Please find overviews of what you can expect by the type of construction project and additional processes that the department has.\" \/>\n<meta property=\"og:url\" content=\"https:\/\/www.miamibeachfl.gov\/de\/city-hall\/cip\/what-to-expect\/\" \/>\n<meta property=\"og:site_name\" content=\"City of Miami Beach\" \/>\n<meta property=\"article:publisher\" content=\"https:\/\/www.facebook.com\/cityofmiamibeach\" \/>\n<meta property=\"article:modified_time\" content=\"2026-02-17T14:54:07+00:00\" \/>\n<meta property=\"og:image\" content=\"https:\/\/www.miamibeachfl.gov\/wp-content\/uploads\/2024\/01\/1000pxSquare-miamibeach-aerial-southpointview.jpeg\" \/>\n\t<meta property=\"og:image:width\" content=\"1000\" \/>\n\t<meta property=\"og:image:height\" content=\"1000\" \/>\n\t<meta property=\"og:image:type\" content=\"image\/jpeg\" \/>\n<meta name=\"twitter:card\" content=\"summary_large_image\" \/>\n<meta name=\"twitter:site\" content=\"@Miamibeachnews\" \/>\n<script type=\"application\/ld+json\" class=\"yoast-schema-graph\">{\"@context\":\"https:\\\/\\\/schema.org\",\"@graph\":[{\"@type\":\"WebPage\",\"@id\":\"https:\\\/\\\/www.miamibeachfl.gov\\\/city-hall\\\/cip\\\/what-to-expect\\\/\",\"url\":\"https:\\\/\\\/www.miamibeachfl.gov\\\/city-hall\\\/cip\\\/what-to-expect\\\/\",\"name\":\"FAQ's - City of Miami Beach\",\"isPartOf\":{\"@id\":\"https:\\\/\\\/www.miamibeachfl.gov\\\/#website\"},\"datePublished\":\"2017-08-11T00:05:27+00:00\",\"dateModified\":\"2026-02-17T14:54:07+00:00\",\"description\":\"Please find overviews of what you can expect by the type of construction project and additional processes that the department has.\",\"breadcrumb\":{\"@id\":\"https:\\\/\\\/www.miamibeachfl.gov\\\/city-hall\\\/cip\\\/what-to-expect\\\/#breadcrumb\"},\"inLanguage\":\"de\",\"potentialAction\":[{\"@type\":\"ReadAction\",\"target\":[\"https:\\\/\\\/www.miamibeachfl.gov\\\/city-hall\\\/cip\\\/what-to-expect\\\/\"]}]},{\"@type\":\"BreadcrumbList\",\"@id\":\"https:\\\/\\\/www.miamibeachfl.gov\\\/city-hall\\\/cip\\\/what-to-expect\\\/#breadcrumb\",\"itemListElement\":[{\"@type\":\"ListItem\",\"position\":1,\"name\":\"Home\",\"item\":\"https:\\\/\\\/www.miamibeachfl.gov\\\/\"},{\"@type\":\"ListItem\",\"position\":2,\"name\":\"City Hall\",\"item\":\"https:\\\/\\\/www.miamibeachfl.gov\\\/city-hall\\\/\"},{\"@type\":\"ListItem\",\"position\":3,\"name\":\"Capital Improvement Projects\",\"item\":\"https:\\\/\\\/www.miamibeachfl.gov\\\/city-hall\\\/cip\\\/\"},{\"@type\":\"ListItem\",\"position\":4,\"name\":\"FAQ&#8217;s\"}]},{\"@type\":\"WebSite\",\"@id\":\"https:\\\/\\\/www.miamibeachfl.gov\\\/#website\",\"url\":\"https:\\\/\\\/www.miamibeachfl.gov\\\/\",\"name\":\"City of Miami Beach\",\"description\":\"The official website of the City of Miami Beach. Stay informed, find important information on city services, news, alerts, events, trolley routes, government employment and more.\",\"publisher\":{\"@id\":\"https:\\\/\\\/www.miamibeachfl.gov\\\/#organization\"},\"potentialAction\":[{\"@type\":\"SearchAction\",\"target\":{\"@type\":\"EntryPoint\",\"urlTemplate\":\"https:\\\/\\\/www.miamibeachfl.gov\\\/?s={search_term_string}\"},\"query-input\":{\"@type\":\"PropertyValueSpecification\",\"valueRequired\":true,\"valueName\":\"search_term_string\"}}],\"inLanguage\":\"de\"},{\"@type\":\"Organization\",\"@id\":\"https:\\\/\\\/www.miamibeachfl.gov\\\/#organization\",\"name\":\"City of Miami Beach\",\"url\":\"https:\\\/\\\/www.miamibeachfl.gov\\\/\",\"logo\":{\"@type\":\"ImageObject\",\"inLanguage\":\"de\",\"@id\":\"https:\\\/\\\/www.miamibeachfl.gov\\\/#\\\/schema\\\/logo\\\/image\\\/\",\"url\":\"https:\\\/\\\/www.miamibeachfl.gov\\\/wp-content\\\/uploads\\\/2022\\\/06\\\/miamibeach-logoblue.png\",\"contentUrl\":\"https:\\\/\\\/www.miamibeachfl.gov\\\/wp-content\\\/uploads\\\/2022\\\/06\\\/miamibeach-logoblue.png\",\"width\":1962,\"height\":381,\"caption\":\"City of Miami Beach\"},\"image\":{\"@id\":\"https:\\\/\\\/www.miamibeachfl.gov\\\/#\\\/schema\\\/logo\\\/image\\\/\"},\"sameAs\":[\"https:\\\/\\\/www.facebook.com\\\/cityofmiamibeach\",\"https:\\\/\\\/x.com\\\/Miamibeachnews\",\"https:\\\/\\\/www.instagram.com\\\/miamibeachnews\\\/\"],\"description\":\"The official website of the City of Miami Beach. Stay informed, find important information on city services, news, alerts, events, trolley routes, government employment and more.\",\"telephone\":\"305.604.CITY(2489)\",\"legalName\":\"City of Miami Beach\"}]}<\/script>\n<!-- \/ Yoast SEO Premium plugin. -->","yoast_head_json":{"title":"FAQs - Stadt Miami Beach","description":"Hier finden Sie \u00dcbersichten dar\u00fcber, was Sie je nach Art des Bauprojekts und den zus\u00e4tzlichen Prozessen der Abteilung erwarten k\u00f6nnen.","robots":{"index":"index","follow":"follow","max-snippet":"max-snippet:-1","max-image-preview":"max-image-preview:large","max-video-preview":"max-video-preview:-1"},"canonical":"https:\/\/www.miamibeachfl.gov\/de\/city-hall\/cip\/what-to-expect\/","og_locale":"de_DE","og_type":"article","og_title":"FAQ's","og_description":"Please find overviews of what you can expect by the type of construction project and additional processes that the department has.","og_url":"https:\/\/www.miamibeachfl.gov\/de\/city-hall\/cip\/what-to-expect\/","og_site_name":"City of Miami Beach","article_publisher":"https:\/\/www.facebook.com\/cityofmiamibeach","article_modified_time":"2026-02-17T14:54:07+00:00","og_image":[{"width":1000,"height":1000,"url":"https:\/\/www.miamibeachfl.gov\/wp-content\/uploads\/2024\/01\/1000pxSquare-miamibeach-aerial-southpointview.jpeg","type":"image\/jpeg"}],"twitter_card":"summary_large_image","twitter_site":"@Miamibeachnews","schema":{"@context":"https:\/\/schema.org","@graph":[{"@type":"WebPage","@id":"https:\/\/www.miamibeachfl.gov\/city-hall\/cip\/what-to-expect\/","url":"https:\/\/www.miamibeachfl.gov\/city-hall\/cip\/what-to-expect\/","name":"FAQs - Stadt Miami Beach","isPartOf":{"@id":"https:\/\/www.miamibeachfl.gov\/#website"},"datePublished":"2017-08-11T00:05:27+00:00","dateModified":"2026-02-17T14:54:07+00:00","description":"Hier finden Sie \u00dcbersichten dar\u00fcber, was Sie je nach Art des Bauprojekts und den zus\u00e4tzlichen Prozessen der Abteilung erwarten k\u00f6nnen.","breadcrumb":{"@id":"https:\/\/www.miamibeachfl.gov\/city-hall\/cip\/what-to-expect\/#breadcrumb"},"inLanguage":"de","potentialAction":[{"@type":"ReadAction","target":["https:\/\/www.miamibeachfl.gov\/city-hall\/cip\/what-to-expect\/"]}]},{"@type":"BreadcrumbList","@id":"https:\/\/www.miamibeachfl.gov\/city-hall\/cip\/what-to-expect\/#breadcrumb","itemListElement":[{"@type":"ListItem","position":1,"name":"Home","item":"https:\/\/www.miamibeachfl.gov\/"},{"@type":"ListItem","position":2,"name":"City Hall","item":"https:\/\/www.miamibeachfl.gov\/city-hall\/"},{"@type":"ListItem","position":3,"name":"Capital Improvement Projects","item":"https:\/\/www.miamibeachfl.gov\/city-hall\/cip\/"},{"@type":"ListItem","position":4,"name":"FAQ&#8217;s"}]},{"@type":"WebSite","@id":"https:\/\/www.miamibeachfl.gov\/#website","url":"https:\/\/www.miamibeachfl.gov\/","name":"Stadt Miami Beach","description":"Die offizielle Website der Stadt Miami Beach. Bleiben Sie informiert und finden Sie wichtige Informationen zu st\u00e4dtischen Dienstleistungen, Neuigkeiten, Warnungen, Veranstaltungen, Stra\u00dfenbahnlinien, Stellenangeboten im \u00f6ffentlichen Dienst und mehr.","publisher":{"@id":"https:\/\/www.miamibeachfl.gov\/#organization"},"potentialAction":[{"@type":"SearchAction","target":{"@type":"EntryPoint","urlTemplate":"https:\/\/www.miamibeachfl.gov\/?s={search_term_string}"},"query-input":{"@type":"PropertyValueSpecification","valueRequired":true,"valueName":"search_term_string"}}],"inLanguage":"de"},{"@type":"Organization","@id":"https:\/\/www.miamibeachfl.gov\/#organization","name":"Stadt Miami Beach","url":"https:\/\/www.miamibeachfl.gov\/","logo":{"@type":"ImageObject","inLanguage":"de","@id":"https:\/\/www.miamibeachfl.gov\/#\/schema\/logo\/image\/","url":"https:\/\/www.miamibeachfl.gov\/wp-content\/uploads\/2022\/06\/miamibeach-logoblue.png","contentUrl":"https:\/\/www.miamibeachfl.gov\/wp-content\/uploads\/2022\/06\/miamibeach-logoblue.png","width":1962,"height":381,"caption":"City of Miami Beach"},"image":{"@id":"https:\/\/www.miamibeachfl.gov\/#\/schema\/logo\/image\/"},"sameAs":["https:\/\/www.facebook.com\/cityofmiamibeach","https:\/\/x.com\/Miamibeachnews","https:\/\/www.instagram.com\/miamibeachnews\/"],"description":"Die offizielle Website der Stadt Miami Beach. Bleiben Sie informiert und finden Sie wichtige Informationen zu st\u00e4dtischen Dienstleistungen, Neuigkeiten, Warnungen, Veranstaltungen, Stra\u00dfenbahnlinien, Stellenangeboten im \u00f6ffentlichen Dienst und mehr.","telephone":"305.604.CITY(2489)","legalName":"City of Miami Beach"}]}},"_links":{"self":[{"href":"https:\/\/www.miamibeachfl.gov\/de\/wp-json\/wp\/v2\/pages\/28511","targetHints":{"allow":["GET"]}}],"collection":[{"href":"https:\/\/www.miamibeachfl.gov\/de\/wp-json\/wp\/v2\/pages"}],"about":[{"href":"https:\/\/www.miamibeachfl.gov\/de\/wp-json\/wp\/v2\/types\/page"}],"author":[{"embeddable":true,"href":"https:\/\/www.miamibeachfl.gov\/de\/wp-json\/wp\/v2\/users\/222"}],"replies":[{"embeddable":true,"href":"https:\/\/www.miamibeachfl.gov\/de\/wp-json\/wp\/v2\/comments?post=28511"}],"version-history":[{"count":2,"href":"https:\/\/www.miamibeachfl.gov\/de\/wp-json\/wp\/v2\/pages\/28511\/revisions"}],"predecessor-version":[{"id":396476,"href":"https:\/\/www.miamibeachfl.gov\/de\/wp-json\/wp\/v2\/pages\/28511\/revisions\/396476"}],"up":[{"embeddable":true,"href":"https:\/\/www.miamibeachfl.gov\/de\/wp-json\/wp\/v2\/pages\/28457"}],"wp:attachment":[{"href":"https:\/\/www.miamibeachfl.gov\/de\/wp-json\/wp\/v2\/media?parent=28511"}],"wp:term":[{"taxonomy":"category","embeddable":true,"href":"https:\/\/www.miamibeachfl.gov\/de\/wp-json\/wp\/v2\/categories?post=28511"},{"taxonomy":"post_tag","embeddable":true,"href":"https:\/\/www.miamibeachfl.gov\/de\/wp-json\/wp\/v2\/tags?post=28511"}],"curies":[{"name":"wp","href":"https:\/\/api.w.org\/{rel}","templated":true}]}}