{"id":28604,"date":"2017-08-11T00:06:26","date_gmt":"2017-08-11T00:06:26","guid":{"rendered":"http:\/\/www.miamibeachfl.gov\/city-hall\/environmental-sustainability\/environmental-resources\/natural-resources-management\/wildlife\/turtles\/"},"modified":"2024-03-19T15:21:54","modified_gmt":"2024-03-19T19:21:54","slug":"turtles","status":"publish","type":"page","link":"https:\/\/www.miamibeachfl.gov\/de\/city-hall\/environmental-sustainability\/environmental-resources\/natural-resources-management\/turtles\/","title":{"rendered":"Schildkr\u00f6ten"},"content":{"rendered":"<p><b>UMWELT \u2013 SCHILDKR\u00d6TEN<\/b><\/p>\n<p><b>MEERESSCHILDKR\u00d6TEN UND DAS STRAND\u00d6KOSYSTEM<\/b><\/p>\n<p>Meeresschildkr\u00f6ten sind durch den US Endangered Species Act von 1973 und das Florida Statute Chapter 370 gesch\u00fctzt. Es ist illegal, Meeresschildkr\u00f6ten, ihre Nester oder Jungtiere zu verletzen oder zu bel\u00e4stigen. Die Stadt Miami Beach ist ein Nisthabitat f\u00fcr drei Arten gesch\u00fctzter Meeresschildkr\u00f6ten: die Unechte Karettschildkr\u00f6te, die Gr\u00fcne Meeresschildkr\u00f6te und die Lederschildkr\u00f6te. Jedes Jahr, von April bis Anfang November, kommen die einheimischen Meeresschildkr\u00f6ten zum Nisten an unsere Str\u00e4nde. Meeresschildkr\u00f6ten legen ungef\u00e4hr 100 Eier in ein Nest und bauen w\u00e4hrend der Nistzeit im Sommer zwischen 3 und 7 Nester. Es ist wichtig, Jungtiere, Eier oder Nester nicht zu st\u00f6ren, da Jungtiere ungehindert zum Meer kriechen m\u00fcssen. Das Ber\u00fchren von nistenden Weibchen, das Fotografieren von nistenden Weibchen oder Jungtieren mit Blitzlicht oder das Graben in Nestern ist gesetzlich verboten. Wenn Sie beobachten, wie jemand eine nistende oder frisch geschl\u00fcpfte Meeresschildkr\u00f6te bel\u00e4stigt, wenden Sie sich an die Strafverfolgungsbeh\u00f6rden der FWC unter 888.404.FWCC (3922) oder *FWC auf Mobiltelefonen.<\/p>\n<p><b>DIE BEDROHUNG DURCH K\u00dcNSTLICHE BELEUCHTUNG<\/b><\/p>\n<p>Die Brutzeit der Schildkr\u00f6ten im Bundesstaat Florida findet zwischen dem 1. Mai und dem 31. Oktober statt. Die Brutzeit der Schildkr\u00f6ten beginnt jedoch am <b>1. April<\/b> f\u00fcr Miami Beach, um der fr\u00fcheren Brutzeit der Lederschildkr\u00f6ten Rechnung zu tragen. In anderen Gebieten des Staates nisten Meeresschildkr\u00f6ten erst um den 1. Mai. Obwohl Schildkr\u00f6ten dunkle Str\u00e4nde bevorzugen, nisten viele an beleuchteten Ufern, da es keine dunklen Str\u00e4nde gibt. Dies gef\u00e4hrdet die Jungtiere, die instinktiv von hellem Licht angezogen werden. Normalerweise wird das Licht, zu dem sie wandern, durch die Reflexion des Mondes oder der Sterne in der Brandung erzeugt. K\u00fcnstliche Beleuchtung am Strand stellt jedoch eine ernste Gefahr f\u00fcr die Jungtiere dar, da sie die Jungtiere desorientiert und dazu veranlasst, vom Meer weg und auf das k\u00fcnstliche Licht zuzukriechen. An Str\u00e4nden mit sichtbarer k\u00fcnstlicher Beleuchtung k\u00f6nnen nistende Weibchen vom Nisten abgehalten werden und die wichtige Reise der Jungtiere zum Meer kann gest\u00f6rt werden. Um Desorientierung und negative Auswirkungen auf nistende Schildkr\u00f6ten zu vermeiden, ist die Installation von Au\u00dfenbeleuchtung am Meer, die Meeresschildkr\u00f6ten st\u00f6ren k\u00f6nnte, laut Landesgesetz verboten (Kapitel 62B-55, Florida Administrative Code). Die Stadt Miami Beach hat eine Verordnung zum Schutz von Schildkr\u00f6tennestern erlassen, um die Auswirkungen k\u00fcnstlicher Beleuchtung auf Jungtiere und nistende Meeresschildkr\u00f6ten zu minimieren und so die gef\u00e4hrdete Art zu sch\u00fctzen, die die Str\u00e4nde der Stadt regelm\u00e4\u00dfig besucht. Die Verordnung f\u00f6rdert ein Lichtmanagement auf privaten und \u00f6ffentlichen Grundst\u00fccken und verhindert so die f\u00fcr Meeresschildkr\u00f6ten und andere nachtaktive Tiere problematische Lichtverschmutzung.<\/p>\n<p>&#8212;&#8212;&#8212;&#8212;&#8212;&#8212;&#8212;&#8212;&#8212;&#8212;&#8212;&#8212;&#8212;&#8212;&#8212;&#8212;&#8212;&#8212;&#8212;&#8212;&#8212;&#8212;&#8211;<\/p>\n<b>Gr\u00fcne Schildkr\u00f6te<br \/>\n<\/b>Chelonia mydas\n<p><b>BESCHREIBUNG:<\/b> Gr\u00fcne Meeresschildkr\u00f6ten unterscheiden sich leicht von anderen Meeresschildkr\u00f6ten durch ein einzelnes (statt doppeltes) Schuppenpaar vor ihren Augen. Der Kopf der Gr\u00fcnen Meeresschildkr\u00f6te ist klein und stumpf mit einem gezackten Kiefer. Der Panzer ist oval und die Farbe variiert von hell- bis dunkelgr\u00fcn, schlicht bis leuchtend gelb sowie braun und gr\u00fcn mit Streifen. Jungtiere sind dunkelolivgr\u00fcn oder fast schwarz mit wei\u00dfem Bauch.<\/p>\n<p><b>GR\u00d6SSE:<\/b> Erwachsene Tiere sind 1,07 bis 1,22 Meter lang und wiegen zwischen 136 und 180 Kilogramm.<\/p>\n<p><b>Nestbau:<\/b> Jedes Weibchen nistet drei- bis f\u00fcnfmal im Jahr und legt durchschnittlich 115 Eier in jedes Nest. Die Brutzeit betr\u00e4gt etwa 60 Tage.<\/p>\n<p><b>STATUS:<\/b> Gef\u00e4hrdet: Diese Art ist in absehbarer Zukunft vom Aussterben bedroht.<\/p>\n<p>&#8212;&#8212;&#8212;&#8212;&#8212;&#8212;&#8212;&#8212;&#8212;&#8212;&#8212;&#8212;&#8212;&#8212;&#8212;&#8212;&#8212;&#8212;&#8212;&#8212;&#8212;&#8212;&#8211;<\/p>\n<b>Unechter Karettschildkr\u00f6te<br \/>\n<\/b>Caretta caretta\n<p><b>BESCHREIBUNG:<\/b> Unechte Karettschildkr\u00f6ten haben gro\u00dfe K\u00f6pfe mit kr\u00e4ftigen, schweren Kiefern und herzf\u00f6rmigen, kantenlosen Panzern. Die Panzerfarbe ist meist r\u00f6tlich-braun mit gelblich-braunem Bauch. Jungtiere sind typischerweise dunkelbraun mit einem hellbraunen Rand an den Flossen.<\/p>\n<p><b>GR\u00d6SSE:<\/b> Erwachsene Tiere sind 76\u2013106 cm lang und wiegen bis zu 159 kg.<\/p>\n<p><b>Nestbau:<\/b> Jedes Weibchen nistet f\u00fcnf bis sieben Mal alle zwei bis drei Jahre und legt durchschnittlich 80 bis 120 Eier in jedes Nest. Die Brutzeit betr\u00e4gt etwa 55 Tage. Unechte Karettschildkr\u00f6ten sind die Meeresschildkr\u00f6tenart, die in Florida am h\u00e4ufigsten nistet.<\/p>\n<p><b>STATUS:<\/b> Gef\u00e4hrdet: Diese Art ist in absehbarer Zukunft wahrscheinlich vom Aussterben bedroht.<\/p>\n<p>&#8212;&#8212;&#8212;&#8212;&#8212;&#8212;&#8212;&#8212;&#8212;&#8212;&#8212;&#8212;&#8212;&#8212;&#8212;&#8212;&#8212;&#8212;&#8212;&#8212;&#8212;&#8212;&#8211;<\/p>\n<b>Lederschildkr\u00f6te<br \/>\n<\/b>Dermochelys coriacea\n<p><b>BESCHREIBUNG:<\/b> Lederschildkr\u00f6ten sind die gr\u00f6\u00dften Schildkr\u00f6ten und die gr\u00f6\u00dften lebenden Reptilien der Welt. Sie sind die einzigen Meeresschildkr\u00f6ten ohne kn\u00f6chernen Panzer. Ausgewachsene Tiere sind \u00fcberwiegend schwarz mit einem rosa-wei\u00df gefleckten, seitlich geriffelten Panzer und hellwei\u00df-rosa Flecken auf dem Kopf. Jungtiere haben wei\u00dfe Streifen entlang des R\u00fcckens, sind etwa 7,5 bis 10 cm lang und wiegen zwischen 37 und 38 Gramm.<\/p>\n<p><b>GR\u00d6SSE:<\/b> Erwachsene Tiere sind zwischen 1,80 und 2,05 Meter lang und wiegen etwa 680 bis 900 Kilogramm.<\/p>\n<p><b>Nestbau:<\/b> Jedes Weibchen nistet mehrmals pro Saison und legt durchschnittlich 80\u2013100 Eier in jedes Nest. Die Brutzeit betr\u00e4gt etwa 70 Tage.<\/p>\n<p><b>STATUS: GEF\u00c4HRDET:<\/b> Diese Art ist in absehbarer Zukunft vom Aussterben bedroht.<\/p>\n<p>&#8212;&#8212;&#8212;&#8212;&#8212;&#8212;&#8212;&#8212;&#8212;&#8212;&#8212;&#8212;&#8212;&#8212;&#8212;&#8212;&#8212;&#8212;&#8212;&#8212;&#8212;&#8212;&#8211;<\/p>\n<p><b>WAS<\/b> <b>D\u00dcRFEN<\/b> <b>DU<\/b> <b>TUN<\/b>?<\/p>\nNicht<br \/>\ndie Schildkr\u00f6ten ber\u00fchren. Wir wissen, dass viele Anwohner sich leidenschaftlich f\u00fcr dieses Thema einsetzen<br \/>\nund m\u00f6chten helfen, insbesondere bei der Rettung desorientierter Jungtiere.<br \/>\nLeider schr\u00e4nken die Gesetze zum Schutz der Meeresschildkr\u00f6ten in Florida die M\u00f6glichkeit stark ein,<br \/>\nvon Nicht-Erlaubnisinhabern, sich an Meeresschildkr\u00f6ten-Schutzbem\u00fchungen zu beteiligen. Es ist<br \/>\nEs ist f\u00fcr die \u00d6ffentlichkeit illegal, Meeresschildkr\u00f6tenjunge aufzuheben, selbst wenn sie desorientiert sind. Stattdessen<br \/>\nEinwohner, denen dieses Thema am Herzen liegt, sollten Meeresschildkr\u00f6ten melden<br \/>\nVorf\u00e4lle an (888) 404-FWCC (3922) oder *FWC auf Mobiltelefonen. Wir haben<br \/>\nWir haben den Landkreis, die FWC und den USFWS um Rat gebeten, wie wir<br \/>\nunsere Bewohner in unsere Bem\u00fchungen zur Verbesserung der Initiativen zum Schutz der Meeresschildkr\u00f6ten einbeziehen<br \/>\nin Miami Beach und ermutigen Sie alle Interessierten, sich f\u00fcr die Stadt anzumelden<br \/>\nNachhaltigkeit &amp; Umwelt E-Newsletter, um weitere Informationen zu erhalten als<br \/>\nes wird verf\u00fcgbar.\n<p><b>\u00a0<\/b><b>M\u00d6CHTEN SIE DETAILLIERTERE INFORMATIONEN ZU UNSEREN BEM\u00dcHUNGEN IM JAHR 2017?<\/b><\/p>\n<p>Sehen Sie sich den Brief an die Kommission an, der am 4. August 2017 verteilt wurde:<strong><a title=\"Brief an die Meeresschildkr\u00f6te\" href=\"\/wp-content\/uploads\/2017\/08\/LTC-397-2017-Sea-Turtle-Protection-in-Miami-Beach.pdf\" target=\"_blank\" rel=\"noopener\">Brief an die Meeresschildkr\u00f6te<\/a><\/strong><\/p>\n<p><b>Links:<\/b><\/p>\n<strong><a title=\"Verordnung zum Schutz der Meeresschildkr\u00f6ten der Stadt Miami Beach\" href=\"https:\/\/library.municode.com\/fl\/miami_beach\/codes\/code_of_ordinances?nodeId=SPAGEOR_CH46EN_ARTVTUNEPR\" target=\"_blank\" rel=\"noopener\">Verordnung zum Schutz der Meeresschildkr\u00f6ten der Stadt Miami Beach<\/a>\u00a0<\/strong><br \/>\n<b><a title=\"Nist- und Umsiedlungsprogramm f\u00fcr Meeresschildkr\u00f6ten im Miami-Dade County\" href=\"http:\/\/www.miamidade.gov\/ecoadventures\/sea-turtle-research-program.asp\" target=\"_blank\" rel=\"noopener\">Meeresschildkr\u00f6tenprogramm des Miami-Dade County<\/a><br \/>\n<\/b><b><a title=\"Nummernschild mit Meeresschildkr\u00f6te aus Florida\" href=\"http:\/\/www.helpingseaturtles.org\/\" target=\"_blank\" rel=\"noopener\">Nummernschild mit Meeresschildkr\u00f6te aus Florida<\/a><br \/>\n<\/b><b><a title=\"Florida Fisch- und Wildtierforschungsinstitut\" href=\"https:\/\/myfwc.com\/research\/\" target=\"_blank\" rel=\"noopener\">Florida Fisch- und Wildtierforschungsinstitut<\/a>\u00a0<\/b>\n<p><b>\u00a0<\/b><\/p>","protected":false},"excerpt":{"rendered":"<p>ENVIRONMENTAL &#8211; TURTLES SEA TURTLES AND THE BEACH ECOSYSTEM Sea Turtles are protected by the US Endangered Species Act of [&hellip;]<\/p>\n","protected":false},"author":222,"featured_media":0,"parent":28600,"menu_order":0,"comment_status":"closed","ping_status":"closed","template":"","meta":{"_searchwp_excluded":"","site-sidebar-layout":"default","site-content-layout":"","ast-site-content-layout":"default","site-content-style":"default","site-sidebar-style":"default","ast-global-header-display":"","ast-banner-title-visibility":"","ast-main-header-display":"","ast-hfb-above-header-display":"","ast-hfb-below-header-display":"","ast-hfb-mobile-header-display":"","site-post-title":"","ast-breadcrumbs-content":"","ast-featured-img":"","footer-sml-layout":"","theme-transparent-header-meta":"","adv-header-id-meta":"","stick-header-meta":"","header-above-stick-meta":"","header-main-stick-meta":"","header-below-stick-meta":"","astra-migrate-meta-layouts":"default","ast-page-background-enabled":"default","ast-page-background-meta":{"desktop":{"background-color":"var(--ast-global-color-5)","background-image":"","background-repeat":"repeat","background-position":"center center","background-size":"auto","background-attachment":"scroll","background-type":"","background-media":"","overlay-type":"","overlay-color":"","overlay-opacity":"","overlay-gradient":""},"tablet":{"background-color":"","background-image":"","background-repeat":"repeat","background-position":"center center","background-size":"auto","background-attachment":"scroll","background-type":"","background-media":"","overlay-type":"","overlay-color":"","overlay-opacity":"","overlay-gradient":""},"mobile":{"background-color":"","background-image":"","background-repeat":"repeat","background-position":"center center","background-size":"auto","background-attachment":"scroll","background-type":"","background-media":"","overlay-type":"","overlay-color":"","overlay-opacity":"","overlay-gradient":""}},"ast-content-background-meta":{"desktop":{"background-color":"var(--ast-global-color-4)","background-image":"","background-repeat":"repeat","background-position":"center center","background-size":"auto","background-attachment":"scroll","background-type":"","background-media":"","overlay-type":"","overlay-color":"","overlay-opacity":"","overlay-gradient":""},"tablet":{"background-color":"var(--ast-global-color-4)","background-image":"","background-repeat":"repeat","background-position":"center center","background-size":"auto","background-attachment":"scroll","background-type":"","background-media":"","overlay-type":"","overlay-color":"","overlay-opacity":"","overlay-gradient":""},"mobile":{"background-color":"var(--ast-global-color-4)","background-image":"","background-repeat":"repeat","background-position":"center center","background-size":"auto","background-attachment":"scroll","background-type":"","background-media":"","overlay-type":"","overlay-color":"","overlay-opacity":"","overlay-gradient":""}},"footnotes":""},"categories":[],"tags":[],"class_list":["post-28604","page","type-page","status-publish","hentry"],"yoast_head":"<!-- This site is optimized with the Yoast SEO Premium plugin v27.4 (Yoast SEO v27.4) - https:\/\/yoast.com\/product\/yoast-seo-premium-wordpress\/ -->\n<title>Turtles - City of Miami Beach<\/title>\n<meta name=\"description\" content=\"%\" \/>\n<meta name=\"robots\" content=\"index, follow, max-snippet:-1, max-image-preview:large, max-video-preview:-1\" \/>\n<link rel=\"canonical\" href=\"https:\/\/www.miamibeachfl.gov\/de\/city-hall\/environmental-sustainability\/environmental-resources\/natural-resources-management\/turtles\/\" \/>\n<meta property=\"og:locale\" content=\"de_DE\" \/>\n<meta property=\"og:type\" content=\"article\" \/>\n<meta property=\"og:title\" content=\"Turtles\" \/>\n<meta property=\"og:description\" content=\"%\" \/>\n<meta property=\"og:url\" content=\"https:\/\/www.miamibeachfl.gov\/de\/city-hall\/environmental-sustainability\/environmental-resources\/natural-resources-management\/turtles\/\" \/>\n<meta property=\"og:site_name\" content=\"City of Miami Beach\" \/>\n<meta property=\"article:publisher\" content=\"https:\/\/www.facebook.com\/cityofmiamibeach\" \/>\n<meta property=\"article:modified_time\" content=\"2024-03-19T19:21:54+00:00\" \/>\n<meta property=\"og:image\" content=\"https:\/\/www.miamibeachfl.gov\/wp-content\/uploads\/2024\/01\/1000pxSquare-miamibeach-aerial-southpointview.jpeg\" \/>\n\t<meta property=\"og:image:width\" content=\"1000\" \/>\n\t<meta property=\"og:image:height\" content=\"1000\" \/>\n\t<meta property=\"og:image:type\" content=\"image\/jpeg\" \/>\n<meta name=\"twitter:card\" content=\"summary_large_image\" \/>\n<meta name=\"twitter:site\" content=\"@Miamibeachnews\" \/>\n<script type=\"application\/ld+json\" class=\"yoast-schema-graph\">{\"@context\":\"https:\\\/\\\/schema.org\",\"@graph\":[{\"@type\":\"WebPage\",\"@id\":\"https:\\\/\\\/www.miamibeachfl.gov\\\/city-hall\\\/environmental-sustainability\\\/environmental-resources\\\/natural-resources-management\\\/turtles\\\/\",\"url\":\"https:\\\/\\\/www.miamibeachfl.gov\\\/city-hall\\\/environmental-sustainability\\\/environmental-resources\\\/natural-resources-management\\\/turtles\\\/\",\"name\":\"Turtles - City of Miami Beach\",\"isPartOf\":{\"@id\":\"https:\\\/\\\/www.miamibeachfl.gov\\\/#website\"},\"datePublished\":\"2017-08-11T00:06:26+00:00\",\"dateModified\":\"2024-03-19T19:21:54+00:00\",\"description\":\"%\",\"breadcrumb\":{\"@id\":\"https:\\\/\\\/www.miamibeachfl.gov\\\/city-hall\\\/environmental-sustainability\\\/environmental-resources\\\/natural-resources-management\\\/turtles\\\/#breadcrumb\"},\"inLanguage\":\"de\",\"potentialAction\":[{\"@type\":\"ReadAction\",\"target\":[\"https:\\\/\\\/www.miamibeachfl.gov\\\/city-hall\\\/environmental-sustainability\\\/environmental-resources\\\/natural-resources-management\\\/turtles\\\/\"]}]},{\"@type\":\"BreadcrumbList\",\"@id\":\"https:\\\/\\\/www.miamibeachfl.gov\\\/city-hall\\\/environmental-sustainability\\\/environmental-resources\\\/natural-resources-management\\\/turtles\\\/#breadcrumb\",\"itemListElement\":[{\"@type\":\"ListItem\",\"position\":1,\"name\":\"Home\",\"item\":\"https:\\\/\\\/www.miamibeachfl.gov\\\/\"},{\"@type\":\"ListItem\",\"position\":2,\"name\":\"City Hall\",\"item\":\"https:\\\/\\\/www.miamibeachfl.gov\\\/city-hall\\\/\"},{\"@type\":\"ListItem\",\"position\":3,\"name\":\"Environment &#038; Sustainability\",\"item\":\"https:\\\/\\\/www.miamibeachfl.gov\\\/city-hall\\\/environmental-sustainability\\\/\"},{\"@type\":\"ListItem\",\"position\":4,\"name\":\"Environmental Resources\",\"item\":\"https:\\\/\\\/www.miamibeachfl.gov\\\/city-hall\\\/environmental-sustainability\\\/environmental-resources\\\/\"},{\"@type\":\"ListItem\",\"position\":5,\"name\":\"Natural Resources Management\",\"item\":\"https:\\\/\\\/www.miamibeachfl.gov\\\/city-hall\\\/environmental-sustainability\\\/environmental-resources\\\/natural-resources-management\\\/\"},{\"@type\":\"ListItem\",\"position\":6,\"name\":\"Turtles\"}]},{\"@type\":\"WebSite\",\"@id\":\"https:\\\/\\\/www.miamibeachfl.gov\\\/#website\",\"url\":\"https:\\\/\\\/www.miamibeachfl.gov\\\/\",\"name\":\"City of Miami Beach\",\"description\":\"The official website of the City of Miami Beach. Stay informed, find important information on city services, news, alerts, events, trolley routes, government employment and more.\",\"publisher\":{\"@id\":\"https:\\\/\\\/www.miamibeachfl.gov\\\/#organization\"},\"potentialAction\":[{\"@type\":\"SearchAction\",\"target\":{\"@type\":\"EntryPoint\",\"urlTemplate\":\"https:\\\/\\\/www.miamibeachfl.gov\\\/?s={search_term_string}\"},\"query-input\":{\"@type\":\"PropertyValueSpecification\",\"valueRequired\":true,\"valueName\":\"search_term_string\"}}],\"inLanguage\":\"de\"},{\"@type\":\"Organization\",\"@id\":\"https:\\\/\\\/www.miamibeachfl.gov\\\/#organization\",\"name\":\"City of Miami Beach\",\"url\":\"https:\\\/\\\/www.miamibeachfl.gov\\\/\",\"logo\":{\"@type\":\"ImageObject\",\"inLanguage\":\"de\",\"@id\":\"https:\\\/\\\/www.miamibeachfl.gov\\\/#\\\/schema\\\/logo\\\/image\\\/\",\"url\":\"https:\\\/\\\/www.miamibeachfl.gov\\\/wp-content\\\/uploads\\\/2022\\\/06\\\/miamibeach-logoblue.png\",\"contentUrl\":\"https:\\\/\\\/www.miamibeachfl.gov\\\/wp-content\\\/uploads\\\/2022\\\/06\\\/miamibeach-logoblue.png\",\"width\":1962,\"height\":381,\"caption\":\"City of Miami Beach\"},\"image\":{\"@id\":\"https:\\\/\\\/www.miamibeachfl.gov\\\/#\\\/schema\\\/logo\\\/image\\\/\"},\"sameAs\":[\"https:\\\/\\\/www.facebook.com\\\/cityofmiamibeach\",\"https:\\\/\\\/x.com\\\/Miamibeachnews\",\"https:\\\/\\\/www.instagram.com\\\/miamibeachnews\\\/\"],\"description\":\"The official website of the City of Miami Beach. Stay informed, find important information on city services, news, alerts, events, trolley routes, government employment and more.\",\"telephone\":\"305.604.CITY(2489)\",\"legalName\":\"City of Miami Beach\"}]}<\/script>\n<!-- \/ Yoast SEO Premium plugin. -->","yoast_head_json":{"title":"Turtles - City of Miami Beach","description":"%","robots":{"index":"index","follow":"follow","max-snippet":"max-snippet:-1","max-image-preview":"max-image-preview:large","max-video-preview":"max-video-preview:-1"},"canonical":"https:\/\/www.miamibeachfl.gov\/de\/city-hall\/environmental-sustainability\/environmental-resources\/natural-resources-management\/turtles\/","og_locale":"de_DE","og_type":"article","og_title":"Turtles","og_description":"%","og_url":"https:\/\/www.miamibeachfl.gov\/de\/city-hall\/environmental-sustainability\/environmental-resources\/natural-resources-management\/turtles\/","og_site_name":"City of Miami Beach","article_publisher":"https:\/\/www.facebook.com\/cityofmiamibeach","article_modified_time":"2024-03-19T19:21:54+00:00","og_image":[{"width":1000,"height":1000,"url":"https:\/\/www.miamibeachfl.gov\/wp-content\/uploads\/2024\/01\/1000pxSquare-miamibeach-aerial-southpointview.jpeg","type":"image\/jpeg"}],"twitter_card":"summary_large_image","twitter_site":"@Miamibeachnews","schema":{"@context":"https:\/\/schema.org","@graph":[{"@type":"WebPage","@id":"https:\/\/www.miamibeachfl.gov\/city-hall\/environmental-sustainability\/environmental-resources\/natural-resources-management\/turtles\/","url":"https:\/\/www.miamibeachfl.gov\/city-hall\/environmental-sustainability\/environmental-resources\/natural-resources-management\/turtles\/","name":"Turtles - City of Miami Beach","isPartOf":{"@id":"https:\/\/www.miamibeachfl.gov\/#website"},"datePublished":"2017-08-11T00:06:26+00:00","dateModified":"2024-03-19T19:21:54+00:00","description":"%","breadcrumb":{"@id":"https:\/\/www.miamibeachfl.gov\/city-hall\/environmental-sustainability\/environmental-resources\/natural-resources-management\/turtles\/#breadcrumb"},"inLanguage":"de","potentialAction":[{"@type":"ReadAction","target":["https:\/\/www.miamibeachfl.gov\/city-hall\/environmental-sustainability\/environmental-resources\/natural-resources-management\/turtles\/"]}]},{"@type":"BreadcrumbList","@id":"https:\/\/www.miamibeachfl.gov\/city-hall\/environmental-sustainability\/environmental-resources\/natural-resources-management\/turtles\/#breadcrumb","itemListElement":[{"@type":"ListItem","position":1,"name":"Home","item":"https:\/\/www.miamibeachfl.gov\/"},{"@type":"ListItem","position":2,"name":"City Hall","item":"https:\/\/www.miamibeachfl.gov\/city-hall\/"},{"@type":"ListItem","position":3,"name":"Environment &#038; Sustainability","item":"https:\/\/www.miamibeachfl.gov\/city-hall\/environmental-sustainability\/"},{"@type":"ListItem","position":4,"name":"Environmental Resources","item":"https:\/\/www.miamibeachfl.gov\/city-hall\/environmental-sustainability\/environmental-resources\/"},{"@type":"ListItem","position":5,"name":"Natural Resources Management","item":"https:\/\/www.miamibeachfl.gov\/city-hall\/environmental-sustainability\/environmental-resources\/natural-resources-management\/"},{"@type":"ListItem","position":6,"name":"Turtles"}]},{"@type":"WebSite","@id":"https:\/\/www.miamibeachfl.gov\/#website","url":"https:\/\/www.miamibeachfl.gov\/","name":"Stadt Miami Beach","description":"Die offizielle Website der Stadt Miami Beach. Bleiben Sie informiert und finden Sie wichtige Informationen zu st\u00e4dtischen Dienstleistungen, Neuigkeiten, Warnungen, Veranstaltungen, Stra\u00dfenbahnlinien, Stellenangeboten im \u00f6ffentlichen Dienst und mehr.","publisher":{"@id":"https:\/\/www.miamibeachfl.gov\/#organization"},"potentialAction":[{"@type":"SearchAction","target":{"@type":"EntryPoint","urlTemplate":"https:\/\/www.miamibeachfl.gov\/?s={search_term_string}"},"query-input":{"@type":"PropertyValueSpecification","valueRequired":true,"valueName":"search_term_string"}}],"inLanguage":"de"},{"@type":"Organization","@id":"https:\/\/www.miamibeachfl.gov\/#organization","name":"Stadt Miami Beach","url":"https:\/\/www.miamibeachfl.gov\/","logo":{"@type":"ImageObject","inLanguage":"de","@id":"https:\/\/www.miamibeachfl.gov\/#\/schema\/logo\/image\/","url":"https:\/\/www.miamibeachfl.gov\/wp-content\/uploads\/2022\/06\/miamibeach-logoblue.png","contentUrl":"https:\/\/www.miamibeachfl.gov\/wp-content\/uploads\/2022\/06\/miamibeach-logoblue.png","width":1962,"height":381,"caption":"City of Miami Beach"},"image":{"@id":"https:\/\/www.miamibeachfl.gov\/#\/schema\/logo\/image\/"},"sameAs":["https:\/\/www.facebook.com\/cityofmiamibeach","https:\/\/x.com\/Miamibeachnews","https:\/\/www.instagram.com\/miamibeachnews\/"],"description":"Die offizielle Website der Stadt Miami Beach. Bleiben Sie informiert und finden Sie wichtige Informationen zu st\u00e4dtischen Dienstleistungen, Neuigkeiten, Warnungen, Veranstaltungen, Stra\u00dfenbahnlinien, Stellenangeboten im \u00f6ffentlichen Dienst und mehr.","telephone":"305.604.CITY(2489)","legalName":"City of Miami Beach"}]}},"_links":{"self":[{"href":"https:\/\/www.miamibeachfl.gov\/de\/wp-json\/wp\/v2\/pages\/28604","targetHints":{"allow":["GET"]}}],"collection":[{"href":"https:\/\/www.miamibeachfl.gov\/de\/wp-json\/wp\/v2\/pages"}],"about":[{"href":"https:\/\/www.miamibeachfl.gov\/de\/wp-json\/wp\/v2\/types\/page"}],"author":[{"embeddable":true,"href":"https:\/\/www.miamibeachfl.gov\/de\/wp-json\/wp\/v2\/users\/222"}],"replies":[{"embeddable":true,"href":"https:\/\/www.miamibeachfl.gov\/de\/wp-json\/wp\/v2\/comments?post=28604"}],"version-history":[{"count":0,"href":"https:\/\/www.miamibeachfl.gov\/de\/wp-json\/wp\/v2\/pages\/28604\/revisions"}],"up":[{"embeddable":true,"href":"https:\/\/www.miamibeachfl.gov\/de\/wp-json\/wp\/v2\/pages\/28600"}],"wp:attachment":[{"href":"https:\/\/www.miamibeachfl.gov\/de\/wp-json\/wp\/v2\/media?parent=28604"}],"wp:term":[{"taxonomy":"category","embeddable":true,"href":"https:\/\/www.miamibeachfl.gov\/de\/wp-json\/wp\/v2\/categories?post=28604"},{"taxonomy":"post_tag","embeddable":true,"href":"https:\/\/www.miamibeachfl.gov\/de\/wp-json\/wp\/v2\/tags?post=28604"}],"curies":[{"name":"wp","href":"https:\/\/api.w.org\/{rel}","templated":true}]}}