{"id":28614,"date":"2017-08-11T00:06:34","date_gmt":"2017-08-11T00:06:34","guid":{"rendered":"http:\/\/www.miamibeachfl.gov\/city-hall\/environmental-sustainability\/sustainability\/sustainability-programs\/sustainability-plan\/"},"modified":"2025-02-14T15:25:39","modified_gmt":"2025-02-14T20:25:39","slug":"sustainability-plan","status":"publish","type":"page","link":"https:\/\/www.miamibeachfl.gov\/de\/city-hall\/environmental-sustainability\/sustainability\/sustainability-programs\/sustainability-plan\/","title":{"rendered":"Nachhaltigkeitsplan"},"content":{"rendered":"<img loading=\"lazy\" decoding=\"async\" src=\"https:\/\/www.miamibeachfl.gov\/wp-content\/uploads\/2022\/07\/hero-small.jpg\" alt=\"hero-small\" itemprop=\"image\" height=\"211\" width=\"2395\" title=\"Held-klein\" onerror=\"this.style.display='none'\"  \/>\n<h1>\n\t\tNachhaltigkeitsplan\n\t<\/h1>\n\t<nav id=\"breadcrumbs\" aria-label=\"Paniermehl\"><a href=\"https:\/\/www.miamibeachfl.gov\/de\/\">Heim<\/a> &gt; <a href=\"https:\/\/www.miamibeachfl.gov\/de\/city-hall\/\">Rathaus<\/a> &gt; <a href=\"https:\/\/www.miamibeachfl.gov\/de\/city-hall\/environmental-sustainability\/\">Umwelt &amp; Nachhaltigkeit<\/a> &gt; <a href=\"https:\/\/www.miamibeachfl.gov\/de\/city-hall\/environmental-sustainability\/sustainability\/\">Nachhaltigkeit und Resilienz<\/a> &gt; <a href=\"https:\/\/www.miamibeachfl.gov\/de\/city-hall\/environmental-sustainability\/sustainability\/sustainability-programs\/\">Nachhaltigkeitsprogramme<\/a> &gt; <strong>Nachhaltigkeitsplan<\/strong><\/nav>\n<p><em>Nachhaltigkeit<\/em> ist ein Begriff, der sich auf das Ausma\u00df bezieht, in dem ein System in seinem gegenw\u00e4rtigen Zustand in der Lage sein wird, die wirtschaftlichen, \u00f6kologischen und sozialen Bed\u00fcrfnisse k\u00fcnftiger Generationen zu erf\u00fcllen. <em>Nachhaltigkeitspl\u00e4ne<\/em> f\u00fcr Kommunen sind Leitf\u00e4den, die einer Gemeinde dabei helfen sollen, nachhaltiger zu planen und zu handeln, indem sie ihrem langfristigen und kurzfristigen Ressourcenmanagement und ihren politischen Entscheidungen Struktur verleihen.\u00a0 <\/p>\n<p>Der Zweck der Stadt <a title=\"Nachhaltigkeitsplan der Stadt Miami Beach\" href=\"\/wp-content\/uploads\/2017\/08\/City-of-Miami-Beach-Sustainabilty-Plan_FINAL.pdf\" target=\"_blank\" rel=\"noopener\">Nachhaltigkeitsplan<\/a>\u00a0Ziel ist es, unsere Ressourcen zu verbessern, Sch\u00e4den an der nat\u00fcrlichen Umwelt zu verhindern, die menschliche Gesundheit zu sch\u00fctzen und das soziale, wirtschaftliche und \u00f6kologische Wohlergehen der Gemeinde f\u00fcr heutige und zuk\u00fcnftige Generationen zu f\u00f6rdern. Dar\u00fcber hinaus dient der Plan auch als Arbeitsplan f\u00fcr die Teilnahme der Stadt am Pilotprogramm f\u00fcr Energiewirtschaftszonen (EEZ), einem Wirtschaftsentwicklungsprogramm des Florida Department of Community Affairs. <\/p>\n<p>Der Plan verschmilzt <b><em>Leitprinzipien<\/em><\/b><em>, <b>Programmbereiche, Ziele, Indikatoren, Vorgaben <\/b><\/em>Und <b><em>Initiativen <\/em><\/b>zu einem schl\u00fcssigen, lebendigen Dokument. Der Plan unterst\u00fctzt die Stadt bei der Erreichung ihres wichtigsten angestrebten Ergebnisses (KIO) zur Verbesserung der \u00f6kologischen Nachhaltigkeit und dient dem Nachhaltigkeitsausschuss als Orientierung bei seiner Mission. Der Entwicklungsprozess des Plans umfasst die Festlegung von Basiswerten f\u00fcr Indikatoren und Ziele, um Ver\u00e4nderungen im Zeitverlauf zu messen.<\/p>\n<p>Die Einf\u00fchrung und Umsetzung eines Nachhaltigkeitsplans bringt sowohl kurzfristige als auch langfristige Vorteile f\u00fcr die Verwaltung und die Gesellschaft. Kurzfristige Vorteile sind unter anderem geringere Energiekosten, verbesserte alternative Transportm\u00f6glichkeiten und Mobilit\u00e4t, eine h\u00f6here Abfallmenge, die nicht auf Deponien landet, eine Verbesserung der st\u00e4dtischen Waldbest\u00e4nde und der lokalen Luftqualit\u00e4t sowie ein gesteigertes Umweltbewusstsein und -verantwortung. Langfristige Vorteile sind vielf\u00e4ltig und umfassen die Reduzierung des CO2-Fu\u00dfabdrucks der Stadt, die Verringerung potenzieller Risiken und Kosten durch Umweltauswirkungen, die Erhaltung nat\u00fcrlicher Ressourcen und die Aufrechterhaltung einer hohen Lebensqualit\u00e4t f\u00fcr Einwohner und Besucher sowie die St\u00e4rkung von Miami Beach als Weltstadt durch die Erhaltung seiner Ressourcen f\u00fcr die Zukunft.<\/p>\n<p><a title=\"Nachhaltigkeitsplan der Stadt Miami Beach\" href=\"\/wp-content\/uploads\/2017\/08\/City-of-Miami-Beach-Sustainabilty-Plan_FINAL.pdf\" target=\"_blank\" rel=\"noopener\">Nachhaltigkeitsplan<\/a>\u00a0<img decoding=\"async\" title=\"Adobe PDF\" alt=\"Adobe PDF\" src=\"\/wp-content\/uploads\/2017\/08\/c13c0208-63f5-4f6d-8b60-95eb316f802e.jpg\" \/><\/p>\n\t\tNavigieren Sie zu\u2026\t\t\t\n\t\t\t\t\t<ul id=\"menu-environmental-sustainability-programs\"><li id=\"menu-item-362605\"><a href=\"https:\/\/www.miamibeachfl.gov\/de\/city-hall\/environmental-sustainability\/sustainability\/sustainability-programs\/litter\/\">Wurf<\/a><\/li>\n<li id=\"menu-item-362606\"><a href=\"https:\/\/www.miamibeachfl.gov\/de\/city-hall\/environmental-sustainability\/sustainability\/sustainability-programs\/pace\/\">TEMPO<\/a><\/li>\n<li id=\"menu-item-362607\"><a href=\"https:\/\/www.miamibeachfl.gov\/de\/city-hall\/environmental-sustainability\/sustainability\/sustainability-programs\/styrofoam\/\">Styropor-Verbot<\/a><\/li>\n<li id=\"menu-item-362608\"><a href=\"https:\/\/www.miamibeachfl.gov\/de\/city-hall\/environmental-sustainability\/sustainability\/sustainability-programs\/sustainability-plan\/\">Nachhaltigkeitsplan<\/a><\/li>\n<\/ul>\t\n\t<div class=\"page-navigation\"><a class=\"prev-page\" href=\"https:\/\/www.miamibeachfl.gov\/de\/city-hall\/environmental-sustainability\/sustainability\/sustainability-programs\/\">\u2190 Nachhaltigkeitsprogramme<\/a> <a class=\"next-page\" href=\"https:\/\/www.miamibeachfl.gov\/de\/city-hall\/environmental-sustainability\/sustainability\/sustainability-programs\/pace\/\">TEMPO \u2192<\/a><\/div>","protected":false},"excerpt":{"rendered":"<p>Nachhaltigkeitsplan Startseite &gt; Rathaus &gt; Umwelt und Nachhaltigkeit &gt; Nachhaltigkeit und Widerstandsf\u00e4higkeit &gt; Nachhaltigkeitsprogramme &gt; Nachhaltigkeitsplan [\u2026]<\/p>","protected":false},"author":222,"featured_media":0,"parent":28613,"menu_order":0,"comment_status":"closed","ping_status":"closed","template":"page-blank.php","meta":{"_searchwp_excluded":"","site-sidebar-layout":"default","site-content-layout":"","ast-site-content-layout":"default","site-content-style":"default","site-sidebar-style":"default","ast-global-header-display":"","ast-banner-title-visibility":"","ast-main-header-display":"","ast-hfb-above-header-display":"","ast-hfb-below-header-display":"","ast-hfb-mobile-header-display":"","site-post-title":"","ast-breadcrumbs-content":"","ast-featured-img":"","footer-sml-layout":"","theme-transparent-header-meta":"","adv-header-id-meta":"","stick-header-meta":"","header-above-stick-meta":"","header-main-stick-meta":"","header-below-stick-meta":"","astra-migrate-meta-layouts":"default","ast-page-background-enabled":"default","ast-page-background-meta":{"desktop":{"background-color":"var(--ast-global-color-5)","background-image":"","background-repeat":"repeat","background-position":"center center","background-size":"auto","background-attachment":"scroll","background-type":"","background-media":"","overlay-type":"","overlay-color":"","overlay-opacity":"","overlay-gradient":""},"tablet":{"background-color":"","background-image":"","background-repeat":"repeat","background-position":"center center","background-size":"auto","background-attachment":"scroll","background-type":"","background-media":"","overlay-type":"","overlay-color":"","overlay-opacity":"","overlay-gradient":""},"mobile":{"background-color":"","background-image":"","background-repeat":"repeat","background-position":"center center","background-size":"auto","background-attachment":"scroll","background-type":"","background-media":"","overlay-type":"","overlay-color":"","overlay-opacity":"","overlay-gradient":""}},"ast-content-background-meta":{"desktop":{"background-color":"var(--ast-global-color-4)","background-image":"","background-repeat":"repeat","background-position":"center center","background-size":"auto","background-attachment":"scroll","background-type":"","background-media":"","overlay-type":"","overlay-color":"","overlay-opacity":"","overlay-gradient":""},"tablet":{"background-color":"var(--ast-global-color-4)","background-image":"","background-repeat":"repeat","background-position":"center center","background-size":"auto","background-attachment":"scroll","background-type":"","background-media":"","overlay-type":"","overlay-color":"","overlay-opacity":"","overlay-gradient":""},"mobile":{"background-color":"var(--ast-global-color-4)","background-image":"","background-repeat":"repeat","background-position":"center center","background-size":"auto","background-attachment":"scroll","background-type":"","background-media":"","overlay-type":"","overlay-color":"","overlay-opacity":"","overlay-gradient":""}},"footnotes":""},"categories":[],"tags":[],"class_list":["post-28614","page","type-page","status-publish","hentry"],"yoast_head":"<!-- This site is optimized with the Yoast SEO Premium plugin v26.6 (Yoast SEO v26.6) - https:\/\/yoast.com\/wordpress\/plugins\/seo\/ -->\n<title>Sustainability Plan - City of Miami Beach<\/title>\n<meta name=\"description\" content=\"%\" \/>\n<meta name=\"robots\" content=\"index, follow, max-snippet:-1, max-image-preview:large, max-video-preview:-1\" \/>\n<link rel=\"canonical\" href=\"https:\/\/www.miamibeachfl.gov\/de\/city-hall\/environmental-sustainability\/sustainability\/sustainability-programs\/sustainability-plan\/\" \/>\n<meta property=\"og:locale\" content=\"de_DE\" \/>\n<meta property=\"og:type\" content=\"article\" \/>\n<meta property=\"og:title\" content=\"Sustainability Plan\" \/>\n<meta property=\"og:description\" content=\"%\" \/>\n<meta property=\"og:url\" content=\"https:\/\/www.miamibeachfl.gov\/de\/city-hall\/environmental-sustainability\/sustainability\/sustainability-programs\/sustainability-plan\/\" \/>\n<meta property=\"og:site_name\" content=\"City of Miami Beach\" \/>\n<meta property=\"article:publisher\" content=\"https:\/\/www.facebook.com\/cityofmiamibeach\" \/>\n<meta property=\"article:modified_time\" content=\"2025-02-14T20:25:39+00:00\" \/>\n<meta property=\"og:image\" content=\"https:\/\/www.miamibeachfl.gov\/wp-content\/uploads\/2022\/07\/hero-small.jpg\" \/>\n<meta name=\"twitter:card\" content=\"summary_large_image\" \/>\n<meta name=\"twitter:site\" content=\"@Miamibeachnews\" \/>\n<script type=\"application\/ld+json\" class=\"yoast-schema-graph\">{\"@context\":\"https:\/\/schema.org\",\"@graph\":[{\"@type\":\"WebPage\",\"@id\":\"https:\/\/www.miamibeachfl.gov\/city-hall\/environmental-sustainability\/sustainability\/sustainability-programs\/sustainability-plan\/\",\"url\":\"https:\/\/www.miamibeachfl.gov\/city-hall\/environmental-sustainability\/sustainability\/sustainability-programs\/sustainability-plan\/\",\"name\":\"Sustainability Plan - City of Miami Beach\",\"isPartOf\":{\"@id\":\"https:\/\/www.miamibeachfl.gov\/#website\"},\"primaryImageOfPage\":{\"@id\":\"https:\/\/www.miamibeachfl.gov\/city-hall\/environmental-sustainability\/sustainability\/sustainability-programs\/sustainability-plan\/#primaryimage\"},\"image\":{\"@id\":\"https:\/\/www.miamibeachfl.gov\/city-hall\/environmental-sustainability\/sustainability\/sustainability-programs\/sustainability-plan\/#primaryimage\"},\"thumbnailUrl\":\"https:\/\/www.miamibeachfl.gov\/wp-content\/uploads\/2022\/07\/hero-small.jpg\",\"datePublished\":\"2017-08-11T00:06:34+00:00\",\"dateModified\":\"2025-02-14T20:25:39+00:00\",\"description\":\"%\",\"breadcrumb\":{\"@id\":\"https:\/\/www.miamibeachfl.gov\/city-hall\/environmental-sustainability\/sustainability\/sustainability-programs\/sustainability-plan\/#breadcrumb\"},\"inLanguage\":\"de\",\"potentialAction\":[{\"@type\":\"ReadAction\",\"target\":[\"https:\/\/www.miamibeachfl.gov\/city-hall\/environmental-sustainability\/sustainability\/sustainability-programs\/sustainability-plan\/\"]}]},{\"@type\":\"ImageObject\",\"inLanguage\":\"de\",\"@id\":\"https:\/\/www.miamibeachfl.gov\/city-hall\/environmental-sustainability\/sustainability\/sustainability-programs\/sustainability-plan\/#primaryimage\",\"url\":\"https:\/\/www.miamibeachfl.gov\/wp-content\/uploads\/2022\/07\/hero-small.jpg\",\"contentUrl\":\"https:\/\/www.miamibeachfl.gov\/wp-content\/uploads\/2022\/07\/hero-small.jpg\"},{\"@type\":\"BreadcrumbList\",\"@id\":\"https:\/\/www.miamibeachfl.gov\/city-hall\/environmental-sustainability\/sustainability\/sustainability-programs\/sustainability-plan\/#breadcrumb\",\"itemListElement\":[{\"@type\":\"ListItem\",\"position\":1,\"name\":\"Home\",\"item\":\"https:\/\/www.miamibeachfl.gov\/\"},{\"@type\":\"ListItem\",\"position\":2,\"name\":\"City Hall\",\"item\":\"https:\/\/www.miamibeachfl.gov\/city-hall\/\"},{\"@type\":\"ListItem\",\"position\":3,\"name\":\"Environment &#038; Sustainability\",\"item\":\"https:\/\/www.miamibeachfl.gov\/city-hall\/environmental-sustainability\/\"},{\"@type\":\"ListItem\",\"position\":4,\"name\":\"Sustainability and Resilience\",\"item\":\"https:\/\/www.miamibeachfl.gov\/city-hall\/environmental-sustainability\/sustainability\/\"},{\"@type\":\"ListItem\",\"position\":5,\"name\":\"Sustainability Programs\",\"item\":\"https:\/\/www.miamibeachfl.gov\/city-hall\/environmental-sustainability\/sustainability\/sustainability-programs\/\"},{\"@type\":\"ListItem\",\"position\":6,\"name\":\"Sustainability Plan\"}]},{\"@type\":\"WebSite\",\"@id\":\"https:\/\/www.miamibeachfl.gov\/#website\",\"url\":\"https:\/\/www.miamibeachfl.gov\/\",\"name\":\"City of Miami Beach\",\"description\":\"The official website of the City of Miami Beach. Stay informed, find important information on city services, news, alerts, events, trolley routes, government employment and more.\",\"publisher\":{\"@id\":\"https:\/\/www.miamibeachfl.gov\/#organization\"},\"potentialAction\":[{\"@type\":\"SearchAction\",\"target\":{\"@type\":\"EntryPoint\",\"urlTemplate\":\"https:\/\/www.miamibeachfl.gov\/?s={search_term_string}\"},\"query-input\":{\"@type\":\"PropertyValueSpecification\",\"valueRequired\":true,\"valueName\":\"search_term_string\"}}],\"inLanguage\":\"de\"},{\"@type\":\"Organization\",\"@id\":\"https:\/\/www.miamibeachfl.gov\/#organization\",\"name\":\"City of Miami Beach\",\"url\":\"https:\/\/www.miamibeachfl.gov\/\",\"logo\":{\"@type\":\"ImageObject\",\"inLanguage\":\"de\",\"@id\":\"https:\/\/www.miamibeachfl.gov\/#\/schema\/logo\/image\/\",\"url\":\"https:\/\/www.miamibeachfl.gov\/wp-content\/uploads\/2022\/06\/miamibeach-logoblue.png\",\"contentUrl\":\"https:\/\/www.miamibeachfl.gov\/wp-content\/uploads\/2022\/06\/miamibeach-logoblue.png\",\"width\":1962,\"height\":381,\"caption\":\"City of Miami Beach\"},\"image\":{\"@id\":\"https:\/\/www.miamibeachfl.gov\/#\/schema\/logo\/image\/\"},\"sameAs\":[\"https:\/\/www.facebook.com\/cityofmiamibeach\",\"https:\/\/x.com\/Miamibeachnews\",\"https:\/\/www.instagram.com\/miamibeachnews\/\"],\"description\":\"The official website of the City of Miami Beach. Stay informed, find important information on city services, news, alerts, events, trolley routes, government employment and more.\",\"telephone\":\"305.604.CITY(2489)\",\"legalName\":\"City of Miami Beach\"}]}<\/script>\n<!-- \/ Yoast SEO Premium plugin. -->","yoast_head_json":{"title":"Nachhaltigkeitsplan \u2013 Stadt Miami Beach","description":"%","robots":{"index":"index","follow":"follow","max-snippet":"max-snippet:-1","max-image-preview":"max-image-preview:large","max-video-preview":"max-video-preview:-1"},"canonical":"https:\/\/www.miamibeachfl.gov\/de\/city-hall\/environmental-sustainability\/sustainability\/sustainability-programs\/sustainability-plan\/","og_locale":"de_DE","og_type":"article","og_title":"Sustainability Plan","og_description":"%","og_url":"https:\/\/www.miamibeachfl.gov\/de\/city-hall\/environmental-sustainability\/sustainability\/sustainability-programs\/sustainability-plan\/","og_site_name":"City of Miami Beach","article_publisher":"https:\/\/www.facebook.com\/cityofmiamibeach","article_modified_time":"2025-02-14T20:25:39+00:00","og_image":[{"url":"https:\/\/www.miamibeachfl.gov\/wp-content\/uploads\/2022\/07\/hero-small.jpg","type":"","width":"","height":""}],"twitter_card":"summary_large_image","twitter_site":"@Miamibeachnews","schema":{"@context":"https:\/\/schema.org","@graph":[{"@type":"WebPage","@id":"https:\/\/www.miamibeachfl.gov\/city-hall\/environmental-sustainability\/sustainability\/sustainability-programs\/sustainability-plan\/","url":"https:\/\/www.miamibeachfl.gov\/city-hall\/environmental-sustainability\/sustainability\/sustainability-programs\/sustainability-plan\/","name":"Nachhaltigkeitsplan \u2013 Stadt Miami Beach","isPartOf":{"@id":"https:\/\/www.miamibeachfl.gov\/#website"},"primaryImageOfPage":{"@id":"https:\/\/www.miamibeachfl.gov\/city-hall\/environmental-sustainability\/sustainability\/sustainability-programs\/sustainability-plan\/#primaryimage"},"image":{"@id":"https:\/\/www.miamibeachfl.gov\/city-hall\/environmental-sustainability\/sustainability\/sustainability-programs\/sustainability-plan\/#primaryimage"},"thumbnailUrl":"https:\/\/www.miamibeachfl.gov\/wp-content\/uploads\/2022\/07\/hero-small.jpg","datePublished":"2017-08-11T00:06:34+00:00","dateModified":"2025-02-14T20:25:39+00:00","description":"%","breadcrumb":{"@id":"https:\/\/www.miamibeachfl.gov\/city-hall\/environmental-sustainability\/sustainability\/sustainability-programs\/sustainability-plan\/#breadcrumb"},"inLanguage":"de","potentialAction":[{"@type":"ReadAction","target":["https:\/\/www.miamibeachfl.gov\/city-hall\/environmental-sustainability\/sustainability\/sustainability-programs\/sustainability-plan\/"]}]},{"@type":"ImageObject","inLanguage":"de","@id":"https:\/\/www.miamibeachfl.gov\/city-hall\/environmental-sustainability\/sustainability\/sustainability-programs\/sustainability-plan\/#primaryimage","url":"https:\/\/www.miamibeachfl.gov\/wp-content\/uploads\/2022\/07\/hero-small.jpg","contentUrl":"https:\/\/www.miamibeachfl.gov\/wp-content\/uploads\/2022\/07\/hero-small.jpg"},{"@type":"BreadcrumbList","@id":"https:\/\/www.miamibeachfl.gov\/city-hall\/environmental-sustainability\/sustainability\/sustainability-programs\/sustainability-plan\/#breadcrumb","itemListElement":[{"@type":"ListItem","position":1,"name":"Home","item":"https:\/\/www.miamibeachfl.gov\/"},{"@type":"ListItem","position":2,"name":"City Hall","item":"https:\/\/www.miamibeachfl.gov\/city-hall\/"},{"@type":"ListItem","position":3,"name":"Environment &#038; Sustainability","item":"https:\/\/www.miamibeachfl.gov\/city-hall\/environmental-sustainability\/"},{"@type":"ListItem","position":4,"name":"Sustainability and Resilience","item":"https:\/\/www.miamibeachfl.gov\/city-hall\/environmental-sustainability\/sustainability\/"},{"@type":"ListItem","position":5,"name":"Sustainability Programs","item":"https:\/\/www.miamibeachfl.gov\/city-hall\/environmental-sustainability\/sustainability\/sustainability-programs\/"},{"@type":"ListItem","position":6,"name":"Sustainability Plan"}]},{"@type":"WebSite","@id":"https:\/\/www.miamibeachfl.gov\/#website","url":"https:\/\/www.miamibeachfl.gov\/","name":"Stadt Miami Beach","description":"Die offizielle Website der Stadt Miami Beach. Bleiben Sie informiert und finden Sie wichtige Informationen zu st\u00e4dtischen Dienstleistungen, Neuigkeiten, Warnungen, Veranstaltungen, Stra\u00dfenbahnlinien, Stellenangeboten im \u00f6ffentlichen Dienst und mehr.","publisher":{"@id":"https:\/\/www.miamibeachfl.gov\/#organization"},"potentialAction":[{"@type":"SearchAction","target":{"@type":"EntryPoint","urlTemplate":"https:\/\/www.miamibeachfl.gov\/?s={search_term_string}"},"query-input":{"@type":"PropertyValueSpecification","valueRequired":true,"valueName":"search_term_string"}}],"inLanguage":"de"},{"@type":"Organization","@id":"https:\/\/www.miamibeachfl.gov\/#organization","name":"Stadt Miami Beach","url":"https:\/\/www.miamibeachfl.gov\/","logo":{"@type":"ImageObject","inLanguage":"de","@id":"https:\/\/www.miamibeachfl.gov\/#\/schema\/logo\/image\/","url":"https:\/\/www.miamibeachfl.gov\/wp-content\/uploads\/2022\/06\/miamibeach-logoblue.png","contentUrl":"https:\/\/www.miamibeachfl.gov\/wp-content\/uploads\/2022\/06\/miamibeach-logoblue.png","width":1962,"height":381,"caption":"City of Miami Beach"},"image":{"@id":"https:\/\/www.miamibeachfl.gov\/#\/schema\/logo\/image\/"},"sameAs":["https:\/\/www.facebook.com\/cityofmiamibeach","https:\/\/x.com\/Miamibeachnews","https:\/\/www.instagram.com\/miamibeachnews\/"],"description":"Die offizielle Website der Stadt Miami Beach. Bleiben Sie informiert und finden Sie wichtige Informationen zu st\u00e4dtischen Dienstleistungen, Neuigkeiten, Warnungen, Veranstaltungen, Stra\u00dfenbahnlinien, Stellenangeboten im \u00f6ffentlichen Dienst und mehr.","telephone":"305.604.CITY(2489)","legalName":"City of Miami Beach"}]}},"_links":{"self":[{"href":"https:\/\/www.miamibeachfl.gov\/de\/wp-json\/wp\/v2\/pages\/28614","targetHints":{"allow":["GET"]}}],"collection":[{"href":"https:\/\/www.miamibeachfl.gov\/de\/wp-json\/wp\/v2\/pages"}],"about":[{"href":"https:\/\/www.miamibeachfl.gov\/de\/wp-json\/wp\/v2\/types\/page"}],"author":[{"embeddable":true,"href":"https:\/\/www.miamibeachfl.gov\/de\/wp-json\/wp\/v2\/users\/222"}],"replies":[{"embeddable":true,"href":"https:\/\/www.miamibeachfl.gov\/de\/wp-json\/wp\/v2\/comments?post=28614"}],"version-history":[{"count":0,"href":"https:\/\/www.miamibeachfl.gov\/de\/wp-json\/wp\/v2\/pages\/28614\/revisions"}],"up":[{"embeddable":true,"href":"https:\/\/www.miamibeachfl.gov\/de\/wp-json\/wp\/v2\/pages\/28613"}],"wp:attachment":[{"href":"https:\/\/www.miamibeachfl.gov\/de\/wp-json\/wp\/v2\/media?parent=28614"}],"wp:term":[{"taxonomy":"category","embeddable":true,"href":"https:\/\/www.miamibeachfl.gov\/de\/wp-json\/wp\/v2\/categories?post=28614"},{"taxonomy":"post_tag","embeddable":true,"href":"https:\/\/www.miamibeachfl.gov\/de\/wp-json\/wp\/v2\/tags?post=28614"}],"curies":[{"name":"wp","href":"https:\/\/api.w.org\/{rel}","templated":true}]}}