{"id":28618,"date":"2017-08-11T00:06:37","date_gmt":"2017-08-11T00:06:37","guid":{"rendered":"http:\/\/www.miamibeachfl.gov\/city-hall\/environmental-sustainability\/sustainability\/sustainability-programs\/styrofoam\/"},"modified":"2025-02-14T15:20:49","modified_gmt":"2025-02-14T20:20:49","slug":"styrofoam","status":"publish","type":"page","link":"https:\/\/www.miamibeachfl.gov\/de\/city-hall\/environmental-sustainability\/sustainability\/sustainability-programs\/styrofoam\/","title":{"rendered":"Styropor-Verbot"},"content":{"rendered":"<img loading=\"lazy\" decoding=\"async\" src=\"https:\/\/www.miamibeachfl.gov\/wp-content\/uploads\/2022\/07\/hero-small.jpg\" alt=\"hero-small\" itemprop=\"image\" height=\"211\" width=\"2395\" title=\"Held-klein\" onerror=\"this.style.display='none'\"  \/>\n<h1>\n\t\tStyropor-Verbot\n\t<\/h1>\n\t<nav id=\"breadcrumbs\" aria-label=\"Paniermehl\"><a href=\"https:\/\/www.miamibeachfl.gov\/de\/\">Heim<\/a> &gt; <a href=\"https:\/\/www.miamibeachfl.gov\/de\/city-hall\/\">Rathaus<\/a> &gt; <a href=\"https:\/\/www.miamibeachfl.gov\/de\/city-hall\/environmental-sustainability\/\">Umwelt &amp; Nachhaltigkeit<\/a> &gt; <a href=\"https:\/\/www.miamibeachfl.gov\/de\/city-hall\/environmental-sustainability\/sustainability\/\">Nachhaltigkeit und Resilienz<\/a> &gt; <a href=\"https:\/\/www.miamibeachfl.gov\/de\/city-hall\/environmental-sustainability\/sustainability\/sustainability-programs\/\">Nachhaltigkeitsprogramme<\/a> &gt; <strong>Styropor-Verbot<\/strong><\/nav>\n\t<p><img loading=\"lazy\" decoding=\"async\" title=\"Styroporkopf\" src=\"\/wp-content\/uploads\/2017\/08\/headern-7944.png\" alt=\"styrofoam header\" width=\"700\" height=\"155\" \/><\/p>\n<p><b>Was ist expandiertes Polystyrol (Styropor) und warum wird es verboten?<\/b><\/p>\n<p>Expandiertes Polystyrol ist ein Kunststoffprodukt auf Erd\u00f6lbasis. Es ist nicht biologisch abbaubar und kann nicht recycelt werden. Laut der US-Umweltschutzbeh\u00f6rde (EPA) kann es schwerwiegende Auswirkungen auf die menschliche Gesundheit, die Tierwelt und die aquatische Umwelt haben (EPA-842-B-02-002). Polystyrol enth\u00e4lt au\u00dferdem giftige Substanzen wie Styrol und Benzol, die als krebserregend gelten.<\/p>\n<p><b>Welche Artikel sind von diesem Verbot betroffen?<\/b><\/p>\n<p>Von diesem Verbot betroffen sind Lebensmittelartikel, K\u00fchlboxen, nicht eingekapselte Schwimmstege, Plattformen und Bojen.<\/p>\n<p><b>Wie wurde Polystyrol schrittweise abgeschafft?<\/b><\/p>\n<p><img loading=\"lazy\" decoding=\"async\" title=\"Polystyrol-Zeitleiste 27.09.16\" src=\"\/wp-content\/uploads\/2017\/08\/polystyrene-ban-12.jpg\" alt=\"Polystyrene Timeline 09.27.16\" width=\"750\" height=\"500\" \/><\/p>\n<p><b>Wann werden nicht eingekapselte Polystyrol-Docks verboten?<\/b>\u00a0<img decoding=\"async\" title=\"Styropor-Dockphase\" src=\"\/wp-content\/uploads\/2017\/08\/encapsulated-docks-final-flyer-ccn-9330.png\" alt=\"styrofoam docks phase\" \/><\/p>\n<p><b>\u00a0<\/b><\/p>\n<p><b>Welche Alternativen gibt es f\u00fcr Foodservice-Artikel?\u00a0<\/b><\/p>\n<p><em>\u00a0<img loading=\"lazy\" decoding=\"async\" title=\"Bagasse\" src=\"\/wp-content\/uploads\/2017\/08\/bagassen-9693.png\" alt=\"bagasse\" width=\"173\" height=\"151\" \/><\/em><\/p>\n<p><em>Bagasse<\/em><\/p>\n<p>Bagasse ist das faserige Material, das nach dem Pressen von Zuckerrohr \u00fcbrig bleibt. Bagasse-Varianten beziehen sich auf faserige Materialien anderer Pflanzenarten, die durch \u00e4hnliche Pressprozesse entstehen. Geschirr aus Bagasse ist ein hellbraunes oder wei\u00dfes (gebleichtes), gepresstes und geformtes Fasermaterial. Es ist manchmal mit einer d\u00fcnnen Schicht aus Kunststoff oder Polymilchs\u00e4ure (PLA) beschichtet.<\/p>\n<p>Recycelbar\/kompostierbar\/M\u00fcll: Dieses Material ist normalerweise kompostierbar und recycelbar.<\/p>\n<p>&nbsp;<\/p>\n<p><img loading=\"lazy\" decoding=\"async\" title=\"Weizenstroh\" src=\"\/wp-content\/uploads\/2017\/08\/wheat-streawn-8493.png\" alt=\"wheat straw\" width=\"194\" height=\"133\" \/><\/p>\n<p><em>Weizenstroh\/ Pflanzenfaser<\/em><\/p>\n<p>Weizenstroh ist der faserige R\u00fcckstand, der nach der Korngewinnung aus Weizenhalmen \u00fcbrig bleibt. Geschirr aus Weizenstroh ist typischerweise ein hellbraunes oder wei\u00dfes (gebleichtes), gepresstes und geformtes Fasermaterial. Es \u00e4hnelt optisch Bagasse.<\/p>\n<p>Recycelbar\/kompostierbar\/M\u00fcll: Dieses Material ist normalerweise kompostierbar und recycelbar.<\/p>\n<p>&nbsp;<\/p>\n<p><img loading=\"lazy\" decoding=\"async\" title=\"kompostierbare Faser\" src=\"\/wp-content\/uploads\/2017\/08\/compostable-fibern-7046.png\" alt=\"compostable fiber\" width=\"209\" height=\"164\" \/><\/p>\n<p><em>Kompostierbare Kunststoffe\u00a0<\/em><\/p>\n<p>Kompostierbare Kunststoffe sind eine neue Generation von Kunststoffen, die durch Kompostierung biologisch abbaubar sind. Sie werden in der Regel aus nachwachsenden Rohstoffen wie St\u00e4rke (z. B. Mais, Kartoffeln, Tapioka usw.), Zellulose, Sojaprotein, Milchs\u00e4ure usw. gewonnen, sind bei der Herstellung ungiftig und zersetzen sich bei der Kompostierung wieder in Kohlendioxid, Wasser, Biomasse usw. Zu dieser Kategorie geh\u00f6rt PLA1.<\/p>\n<p>Recycelbar\/kompostierbar\/M\u00fcll: Dieses Material ist normalerweise kompostierbar und recycelbar.<\/p>\n<p>&nbsp;<\/p>\n<p><img loading=\"lazy\" decoding=\"async\" title=\"Faser\" src=\"\/wp-content\/uploads\/2017\/08\/fibern-6952.png\" alt=\"fiber\" width=\"196\" height=\"187\" \/><\/p>\n<p><em>Faser<\/em><\/p>\n<p>Faser bezieht sich auf Papierfasern, die aus B\u00e4umen gewonnen werden. Geschirr aus Faser besteht oft aus flachen Bl\u00e4ttern aus dickem Papiermaterial, die gefaltet oder zu einer Beh\u00e4lterform geformt werden. Manchmal ist es mit einer d\u00fcnnen Kunststoffschicht \u00fcberzogen.<\/p>\n<p>Recycelbar\/kompostierbar\/M\u00fcll: Dieses Material ist normalerweise kompostierbar (ohne Kunststoffschicht) und recycelbar.<\/p>\n<p><em>Sonstiges Plastik<\/em><\/p>\n<p>Verschiedene Kunststoffprodukte in diesem Inventar sind Produkte, die der Lieferant als \u201eKunststoff\u201c bezeichnet, ohne weitere Angaben zum Kunststofftyp zu machen. Produkte dieser Materialkategorie weisen keine gemeinsamen physikalischen Eigenschaften auf.<\/p>\n<p>Recycelbar\/Kompostierbar\/M\u00fcll: Dieses Material ist normalerweise recycelbar.<\/p>\n<p><b>BEACHTEN SIE, DASS PRODUKTE AUF POLYSTYROLBASIS NICHT ERLAUBT SIND. DIES GILT AUCH F\u00dcR LEBENSMITTELPRODUKTE AUS POLYSTYROL, DIE ALS BIOLOGISCH ABBAUBBAR GEKENNZEICHNET SIND.\u00a0<\/b><\/p>\n<p><b>Auf welche Schl\u00fcsselbegriffe sollte ich bei alternativen Materialien achten?<\/b><\/p>\n<p>1.\u00a0<em>Polymilchs\u00e4ure (PLA)<\/em><\/p>\n<p>Polymilchs\u00e4ure (PLA) ist ein Kunststoffpolymer, das aus nicht-erd\u00f6lbasierten Quellen wie Maisst\u00e4rke, Tapiokawurzeln und Zuckerrohr gewonnen wird. Zur Identifizierung tr\u00e4gt es die Zahl \u201e7\u201c in der Mitte des dreieckigen Recyclingsymbols. Es \u00e4hnelt optisch PET-Produkten.<\/p>\n<p>Recycelbar\/kompostierbar\/M\u00fcll: Dieses Material ist normalerweise biologisch abbaubar und recycelbar.<\/p>\n<p>2.\u00a0<em>Polyethylenterephthalat (PET)\u00a0<\/em><\/p>\n<p>Polyethylenterephthalat (PET) ist ein g\u00e4ngiger Kunststoff. Zur Identifizierung tr\u00e4gt es die Zahl \u201e1\u201c in der Mitte des dreieckigen Recyclingsymbols und kann zus\u00e4tzlich die Buchstaben \u201ePETE\u201c oder \u201ePET\u201c tragen. Ein PET-Beh\u00e4lter weist in der Regel einen kleinen Punkt aus dem Herstellungsprozess auf, keine Naht. Er verf\u00e4rbt sich beim Biegen nicht wei\u00df. Geschirr aus PET ist in der Regel transparent gr\u00fcn oder durchsichtig.<\/p>\n<p>Recycelbar\/Kompostierbar\/M\u00fcll: Dieses Material ist normalerweise recycelbar.<\/p>\n<p>3.\u00a0<em>Polypropylen #5 (und Varianten)<\/em><\/p>\n<p>Polypropylen #5 ist ein Kunststoffpolymer, das steifere Produkte als PET- und PLA-Produkte liefert. Artikel aus Polypropylen #5 k\u00f6nnen zur Identifizierung die Bezeichnung \u201ePP\u201c oder die Zahl \u201e5\u201c im dreieckigen Recyclingsymbol tragen. Geschirr aus Polypropylen #5 ist meist klar oder undurchsichtig schwarz.<\/p>\n<p>Recycelbar\/Kompostierbar\/M\u00fcll: Dieses Material ist normalerweise recycelbar.<\/p>\n\t\tNavigieren Sie zu\u2026\t\t\t\n\t\t\t\t\t<ul id=\"menu-environmental-sustainability-programs\"><li id=\"menu-item-362605\"><a href=\"https:\/\/www.miamibeachfl.gov\/de\/city-hall\/environmental-sustainability\/sustainability\/sustainability-programs\/litter\/\">Wurf<\/a><\/li>\n<li id=\"menu-item-362606\"><a href=\"https:\/\/www.miamibeachfl.gov\/de\/city-hall\/environmental-sustainability\/sustainability\/sustainability-programs\/pace\/\">TEMPO<\/a><\/li>\n<li id=\"menu-item-362607\"><a href=\"https:\/\/www.miamibeachfl.gov\/de\/city-hall\/environmental-sustainability\/sustainability\/sustainability-programs\/styrofoam\/\">Styropor-Verbot<\/a><\/li>\n<li id=\"menu-item-362608\"><a href=\"https:\/\/www.miamibeachfl.gov\/de\/city-hall\/environmental-sustainability\/sustainability\/sustainability-programs\/sustainability-plan\/\">Nachhaltigkeitsplan<\/a><\/li>\n<\/ul>\t\n\t<div class=\"page-navigation\"><a class=\"prev-page\" href=\"https:\/\/www.miamibeachfl.gov\/de\/city-hall\/environmental-sustainability\/sustainability\/sustainability-programs\/litter\/\">\u2190 Wurf<\/a> <a class=\"next-page\" href=\"https:\/\/www.miamibeachfl.gov\/de\/city-hall\/environmental-sustainability\/sustainability\/recycling\/\">Recycling \u2192<\/a><\/div>","protected":false},"excerpt":{"rendered":"<p>Styrofoam Ban Home &gt; City Hall &gt; Environment &#038; Sustainability &gt; Sustainability and Resilience &gt; Sustainability Programs &gt; Styrofoam Ban [&hellip;]<\/p>\n","protected":false},"author":222,"featured_media":0,"parent":28613,"menu_order":0,"comment_status":"closed","ping_status":"closed","template":"page-blank.php","meta":{"_searchwp_excluded":"","site-sidebar-layout":"default","site-content-layout":"","ast-site-content-layout":"default","site-content-style":"default","site-sidebar-style":"default","ast-global-header-display":"","ast-banner-title-visibility":"","ast-main-header-display":"","ast-hfb-above-header-display":"","ast-hfb-below-header-display":"","ast-hfb-mobile-header-display":"","site-post-title":"","ast-breadcrumbs-content":"","ast-featured-img":"","footer-sml-layout":"","theme-transparent-header-meta":"","adv-header-id-meta":"","stick-header-meta":"","header-above-stick-meta":"","header-main-stick-meta":"","header-below-stick-meta":"","astra-migrate-meta-layouts":"default","ast-page-background-enabled":"default","ast-page-background-meta":{"desktop":{"background-color":"var(--ast-global-color-5)","background-image":"","background-repeat":"repeat","background-position":"center center","background-size":"auto","background-attachment":"scroll","background-type":"","background-media":"","overlay-type":"","overlay-color":"","overlay-opacity":"","overlay-gradient":""},"tablet":{"background-color":"","background-image":"","background-repeat":"repeat","background-position":"center center","background-size":"auto","background-attachment":"scroll","background-type":"","background-media":"","overlay-type":"","overlay-color":"","overlay-opacity":"","overlay-gradient":""},"mobile":{"background-color":"","background-image":"","background-repeat":"repeat","background-position":"center center","background-size":"auto","background-attachment":"scroll","background-type":"","background-media":"","overlay-type":"","overlay-color":"","overlay-opacity":"","overlay-gradient":""}},"ast-content-background-meta":{"desktop":{"background-color":"var(--ast-global-color-4)","background-image":"","background-repeat":"repeat","background-position":"center center","background-size":"auto","background-attachment":"scroll","background-type":"","background-media":"","overlay-type":"","overlay-color":"","overlay-opacity":"","overlay-gradient":""},"tablet":{"background-color":"var(--ast-global-color-4)","background-image":"","background-repeat":"repeat","background-position":"center center","background-size":"auto","background-attachment":"scroll","background-type":"","background-media":"","overlay-type":"","overlay-color":"","overlay-opacity":"","overlay-gradient":""},"mobile":{"background-color":"var(--ast-global-color-4)","background-image":"","background-repeat":"repeat","background-position":"center center","background-size":"auto","background-attachment":"scroll","background-type":"","background-media":"","overlay-type":"","overlay-color":"","overlay-opacity":"","overlay-gradient":""}},"footnotes":""},"categories":[],"tags":[],"class_list":["post-28618","page","type-page","status-publish","hentry"],"yoast_head":"<!-- This site is optimized with the Yoast SEO Premium plugin v27.4 (Yoast SEO v27.4) - https:\/\/yoast.com\/product\/yoast-seo-premium-wordpress\/ -->\n<title>Styrofoam Ban - City of Miami Beach<\/title>\n<meta name=\"description\" content=\"%\" \/>\n<meta name=\"robots\" content=\"index, follow, max-snippet:-1, max-image-preview:large, max-video-preview:-1\" \/>\n<link rel=\"canonical\" href=\"https:\/\/www.miamibeachfl.gov\/de\/city-hall\/environmental-sustainability\/sustainability\/sustainability-programs\/styrofoam\/\" \/>\n<meta property=\"og:locale\" content=\"de_DE\" \/>\n<meta property=\"og:type\" content=\"article\" \/>\n<meta property=\"og:title\" content=\"Styrofoam Ban\" \/>\n<meta property=\"og:description\" content=\"%\" \/>\n<meta property=\"og:url\" content=\"https:\/\/www.miamibeachfl.gov\/de\/city-hall\/environmental-sustainability\/sustainability\/sustainability-programs\/styrofoam\/\" \/>\n<meta property=\"og:site_name\" content=\"City of Miami Beach\" \/>\n<meta property=\"article:publisher\" content=\"https:\/\/www.facebook.com\/cityofmiamibeach\" \/>\n<meta property=\"article:modified_time\" content=\"2025-02-14T20:20:49+00:00\" \/>\n<meta property=\"og:image\" content=\"https:\/\/www.miamibeachfl.gov\/wp-content\/uploads\/2022\/07\/hero-small.jpg\" \/>\n<meta name=\"twitter:card\" content=\"summary_large_image\" \/>\n<meta name=\"twitter:site\" content=\"@Miamibeachnews\" \/>\n<script type=\"application\/ld+json\" class=\"yoast-schema-graph\">{\"@context\":\"https:\\\/\\\/schema.org\",\"@graph\":[{\"@type\":\"WebPage\",\"@id\":\"https:\\\/\\\/www.miamibeachfl.gov\\\/city-hall\\\/environmental-sustainability\\\/sustainability\\\/sustainability-programs\\\/styrofoam\\\/\",\"url\":\"https:\\\/\\\/www.miamibeachfl.gov\\\/city-hall\\\/environmental-sustainability\\\/sustainability\\\/sustainability-programs\\\/styrofoam\\\/\",\"name\":\"Styrofoam Ban - City of Miami Beach\",\"isPartOf\":{\"@id\":\"https:\\\/\\\/www.miamibeachfl.gov\\\/#website\"},\"primaryImageOfPage\":{\"@id\":\"https:\\\/\\\/www.miamibeachfl.gov\\\/city-hall\\\/environmental-sustainability\\\/sustainability\\\/sustainability-programs\\\/styrofoam\\\/#primaryimage\"},\"image\":{\"@id\":\"https:\\\/\\\/www.miamibeachfl.gov\\\/city-hall\\\/environmental-sustainability\\\/sustainability\\\/sustainability-programs\\\/styrofoam\\\/#primaryimage\"},\"thumbnailUrl\":\"https:\\\/\\\/www.miamibeachfl.gov\\\/wp-content\\\/uploads\\\/2022\\\/07\\\/hero-small.jpg\",\"datePublished\":\"2017-08-11T00:06:37+00:00\",\"dateModified\":\"2025-02-14T20:20:49+00:00\",\"description\":\"%\",\"breadcrumb\":{\"@id\":\"https:\\\/\\\/www.miamibeachfl.gov\\\/city-hall\\\/environmental-sustainability\\\/sustainability\\\/sustainability-programs\\\/styrofoam\\\/#breadcrumb\"},\"inLanguage\":\"de\",\"potentialAction\":[{\"@type\":\"ReadAction\",\"target\":[\"https:\\\/\\\/www.miamibeachfl.gov\\\/city-hall\\\/environmental-sustainability\\\/sustainability\\\/sustainability-programs\\\/styrofoam\\\/\"]}]},{\"@type\":\"ImageObject\",\"inLanguage\":\"de\",\"@id\":\"https:\\\/\\\/www.miamibeachfl.gov\\\/city-hall\\\/environmental-sustainability\\\/sustainability\\\/sustainability-programs\\\/styrofoam\\\/#primaryimage\",\"url\":\"https:\\\/\\\/www.miamibeachfl.gov\\\/wp-content\\\/uploads\\\/2022\\\/07\\\/hero-small.jpg\",\"contentUrl\":\"https:\\\/\\\/www.miamibeachfl.gov\\\/wp-content\\\/uploads\\\/2022\\\/07\\\/hero-small.jpg\"},{\"@type\":\"BreadcrumbList\",\"@id\":\"https:\\\/\\\/www.miamibeachfl.gov\\\/city-hall\\\/environmental-sustainability\\\/sustainability\\\/sustainability-programs\\\/styrofoam\\\/#breadcrumb\",\"itemListElement\":[{\"@type\":\"ListItem\",\"position\":1,\"name\":\"Home\",\"item\":\"https:\\\/\\\/www.miamibeachfl.gov\\\/\"},{\"@type\":\"ListItem\",\"position\":2,\"name\":\"City Hall\",\"item\":\"https:\\\/\\\/www.miamibeachfl.gov\\\/city-hall\\\/\"},{\"@type\":\"ListItem\",\"position\":3,\"name\":\"Environment &#038; Sustainability\",\"item\":\"https:\\\/\\\/www.miamibeachfl.gov\\\/city-hall\\\/environmental-sustainability\\\/\"},{\"@type\":\"ListItem\",\"position\":4,\"name\":\"Sustainability and Resilience\",\"item\":\"https:\\\/\\\/www.miamibeachfl.gov\\\/city-hall\\\/environmental-sustainability\\\/sustainability\\\/\"},{\"@type\":\"ListItem\",\"position\":5,\"name\":\"Sustainability Programs\",\"item\":\"https:\\\/\\\/www.miamibeachfl.gov\\\/city-hall\\\/environmental-sustainability\\\/sustainability\\\/sustainability-programs\\\/\"},{\"@type\":\"ListItem\",\"position\":6,\"name\":\"Styrofoam Ban\"}]},{\"@type\":\"WebSite\",\"@id\":\"https:\\\/\\\/www.miamibeachfl.gov\\\/#website\",\"url\":\"https:\\\/\\\/www.miamibeachfl.gov\\\/\",\"name\":\"City of Miami Beach\",\"description\":\"The official website of the City of Miami Beach. Stay informed, find important information on city services, news, alerts, events, trolley routes, government employment and more.\",\"publisher\":{\"@id\":\"https:\\\/\\\/www.miamibeachfl.gov\\\/#organization\"},\"potentialAction\":[{\"@type\":\"SearchAction\",\"target\":{\"@type\":\"EntryPoint\",\"urlTemplate\":\"https:\\\/\\\/www.miamibeachfl.gov\\\/?s={search_term_string}\"},\"query-input\":{\"@type\":\"PropertyValueSpecification\",\"valueRequired\":true,\"valueName\":\"search_term_string\"}}],\"inLanguage\":\"de\"},{\"@type\":\"Organization\",\"@id\":\"https:\\\/\\\/www.miamibeachfl.gov\\\/#organization\",\"name\":\"City of Miami Beach\",\"url\":\"https:\\\/\\\/www.miamibeachfl.gov\\\/\",\"logo\":{\"@type\":\"ImageObject\",\"inLanguage\":\"de\",\"@id\":\"https:\\\/\\\/www.miamibeachfl.gov\\\/#\\\/schema\\\/logo\\\/image\\\/\",\"url\":\"https:\\\/\\\/www.miamibeachfl.gov\\\/wp-content\\\/uploads\\\/2022\\\/06\\\/miamibeach-logoblue.png\",\"contentUrl\":\"https:\\\/\\\/www.miamibeachfl.gov\\\/wp-content\\\/uploads\\\/2022\\\/06\\\/miamibeach-logoblue.png\",\"width\":1962,\"height\":381,\"caption\":\"City of Miami Beach\"},\"image\":{\"@id\":\"https:\\\/\\\/www.miamibeachfl.gov\\\/#\\\/schema\\\/logo\\\/image\\\/\"},\"sameAs\":[\"https:\\\/\\\/www.facebook.com\\\/cityofmiamibeach\",\"https:\\\/\\\/x.com\\\/Miamibeachnews\",\"https:\\\/\\\/www.instagram.com\\\/miamibeachnews\\\/\"],\"description\":\"The official website of the City of Miami Beach. Stay informed, find important information on city services, news, alerts, events, trolley routes, government employment and more.\",\"telephone\":\"305.604.CITY(2489)\",\"legalName\":\"City of Miami Beach\"}]}<\/script>\n<!-- \/ Yoast SEO Premium plugin. -->","yoast_head_json":{"title":"Styroporverbot - City of Miami Beach","description":"%","robots":{"index":"index","follow":"follow","max-snippet":"max-snippet:-1","max-image-preview":"max-image-preview:large","max-video-preview":"max-video-preview:-1"},"canonical":"https:\/\/www.miamibeachfl.gov\/de\/city-hall\/environmental-sustainability\/sustainability\/sustainability-programs\/styrofoam\/","og_locale":"de_DE","og_type":"article","og_title":"Styrofoam Ban","og_description":"%","og_url":"https:\/\/www.miamibeachfl.gov\/de\/city-hall\/environmental-sustainability\/sustainability\/sustainability-programs\/styrofoam\/","og_site_name":"City of Miami Beach","article_publisher":"https:\/\/www.facebook.com\/cityofmiamibeach","article_modified_time":"2025-02-14T20:20:49+00:00","og_image":[{"url":"https:\/\/www.miamibeachfl.gov\/wp-content\/uploads\/2022\/07\/hero-small.jpg","type":"","width":"","height":""}],"twitter_card":"summary_large_image","twitter_site":"@Miamibeachnews","schema":{"@context":"https:\/\/schema.org","@graph":[{"@type":"WebPage","@id":"https:\/\/www.miamibeachfl.gov\/city-hall\/environmental-sustainability\/sustainability\/sustainability-programs\/styrofoam\/","url":"https:\/\/www.miamibeachfl.gov\/city-hall\/environmental-sustainability\/sustainability\/sustainability-programs\/styrofoam\/","name":"Styroporverbot - City of Miami Beach","isPartOf":{"@id":"https:\/\/www.miamibeachfl.gov\/#website"},"primaryImageOfPage":{"@id":"https:\/\/www.miamibeachfl.gov\/city-hall\/environmental-sustainability\/sustainability\/sustainability-programs\/styrofoam\/#primaryimage"},"image":{"@id":"https:\/\/www.miamibeachfl.gov\/city-hall\/environmental-sustainability\/sustainability\/sustainability-programs\/styrofoam\/#primaryimage"},"thumbnailUrl":"https:\/\/www.miamibeachfl.gov\/wp-content\/uploads\/2022\/07\/hero-small.jpg","datePublished":"2017-08-11T00:06:37+00:00","dateModified":"2025-02-14T20:20:49+00:00","description":"%","breadcrumb":{"@id":"https:\/\/www.miamibeachfl.gov\/city-hall\/environmental-sustainability\/sustainability\/sustainability-programs\/styrofoam\/#breadcrumb"},"inLanguage":"de","potentialAction":[{"@type":"ReadAction","target":["https:\/\/www.miamibeachfl.gov\/city-hall\/environmental-sustainability\/sustainability\/sustainability-programs\/styrofoam\/"]}]},{"@type":"ImageObject","inLanguage":"de","@id":"https:\/\/www.miamibeachfl.gov\/city-hall\/environmental-sustainability\/sustainability\/sustainability-programs\/styrofoam\/#primaryimage","url":"https:\/\/www.miamibeachfl.gov\/wp-content\/uploads\/2022\/07\/hero-small.jpg","contentUrl":"https:\/\/www.miamibeachfl.gov\/wp-content\/uploads\/2022\/07\/hero-small.jpg"},{"@type":"BreadcrumbList","@id":"https:\/\/www.miamibeachfl.gov\/city-hall\/environmental-sustainability\/sustainability\/sustainability-programs\/styrofoam\/#breadcrumb","itemListElement":[{"@type":"ListItem","position":1,"name":"Home","item":"https:\/\/www.miamibeachfl.gov\/"},{"@type":"ListItem","position":2,"name":"City Hall","item":"https:\/\/www.miamibeachfl.gov\/city-hall\/"},{"@type":"ListItem","position":3,"name":"Environment &#038; Sustainability","item":"https:\/\/www.miamibeachfl.gov\/city-hall\/environmental-sustainability\/"},{"@type":"ListItem","position":4,"name":"Sustainability and Resilience","item":"https:\/\/www.miamibeachfl.gov\/city-hall\/environmental-sustainability\/sustainability\/"},{"@type":"ListItem","position":5,"name":"Sustainability Programs","item":"https:\/\/www.miamibeachfl.gov\/city-hall\/environmental-sustainability\/sustainability\/sustainability-programs\/"},{"@type":"ListItem","position":6,"name":"Styrofoam Ban"}]},{"@type":"WebSite","@id":"https:\/\/www.miamibeachfl.gov\/#website","url":"https:\/\/www.miamibeachfl.gov\/","name":"Stadt Miami Beach","description":"Die offizielle Website der Stadt Miami Beach. Bleiben Sie informiert und finden Sie wichtige Informationen zu st\u00e4dtischen Dienstleistungen, Neuigkeiten, Warnungen, Veranstaltungen, Stra\u00dfenbahnlinien, Stellenangeboten im \u00f6ffentlichen Dienst und mehr.","publisher":{"@id":"https:\/\/www.miamibeachfl.gov\/#organization"},"potentialAction":[{"@type":"SearchAction","target":{"@type":"EntryPoint","urlTemplate":"https:\/\/www.miamibeachfl.gov\/?s={search_term_string}"},"query-input":{"@type":"PropertyValueSpecification","valueRequired":true,"valueName":"search_term_string"}}],"inLanguage":"de"},{"@type":"Organization","@id":"https:\/\/www.miamibeachfl.gov\/#organization","name":"Stadt Miami Beach","url":"https:\/\/www.miamibeachfl.gov\/","logo":{"@type":"ImageObject","inLanguage":"de","@id":"https:\/\/www.miamibeachfl.gov\/#\/schema\/logo\/image\/","url":"https:\/\/www.miamibeachfl.gov\/wp-content\/uploads\/2022\/06\/miamibeach-logoblue.png","contentUrl":"https:\/\/www.miamibeachfl.gov\/wp-content\/uploads\/2022\/06\/miamibeach-logoblue.png","width":1962,"height":381,"caption":"City of Miami Beach"},"image":{"@id":"https:\/\/www.miamibeachfl.gov\/#\/schema\/logo\/image\/"},"sameAs":["https:\/\/www.facebook.com\/cityofmiamibeach","https:\/\/x.com\/Miamibeachnews","https:\/\/www.instagram.com\/miamibeachnews\/"],"description":"Die offizielle Website der Stadt Miami Beach. Bleiben Sie informiert und finden Sie wichtige Informationen zu st\u00e4dtischen Dienstleistungen, Neuigkeiten, Warnungen, Veranstaltungen, Stra\u00dfenbahnlinien, Stellenangeboten im \u00f6ffentlichen Dienst und mehr.","telephone":"305.604.CITY(2489)","legalName":"City of Miami Beach"}]}},"_links":{"self":[{"href":"https:\/\/www.miamibeachfl.gov\/de\/wp-json\/wp\/v2\/pages\/28618","targetHints":{"allow":["GET"]}}],"collection":[{"href":"https:\/\/www.miamibeachfl.gov\/de\/wp-json\/wp\/v2\/pages"}],"about":[{"href":"https:\/\/www.miamibeachfl.gov\/de\/wp-json\/wp\/v2\/types\/page"}],"author":[{"embeddable":true,"href":"https:\/\/www.miamibeachfl.gov\/de\/wp-json\/wp\/v2\/users\/222"}],"replies":[{"embeddable":true,"href":"https:\/\/www.miamibeachfl.gov\/de\/wp-json\/wp\/v2\/comments?post=28618"}],"version-history":[{"count":0,"href":"https:\/\/www.miamibeachfl.gov\/de\/wp-json\/wp\/v2\/pages\/28618\/revisions"}],"up":[{"embeddable":true,"href":"https:\/\/www.miamibeachfl.gov\/de\/wp-json\/wp\/v2\/pages\/28613"}],"wp:attachment":[{"href":"https:\/\/www.miamibeachfl.gov\/de\/wp-json\/wp\/v2\/media?parent=28618"}],"wp:term":[{"taxonomy":"category","embeddable":true,"href":"https:\/\/www.miamibeachfl.gov\/de\/wp-json\/wp\/v2\/categories?post=28618"},{"taxonomy":"post_tag","embeddable":true,"href":"https:\/\/www.miamibeachfl.gov\/de\/wp-json\/wp\/v2\/tags?post=28618"}],"curies":[{"name":"wp","href":"https:\/\/api.w.org\/{rel}","templated":true}]}}