{"id":28633,"date":"2017-08-11T00:06:48","date_gmt":"2017-08-11T00:06:48","guid":{"rendered":"http:\/\/www.miamibeachfl.gov\/city-hall\/environmental-sustainability\/urban-forestry\/tree-programs\/"},"modified":"2026-02-11T13:54:26","modified_gmt":"2026-02-11T18:54:26","slug":"tree-programs","status":"publish","type":"page","link":"https:\/\/www.miamibeachfl.gov\/de\/city-hall\/environmental-sustainability\/urban-forestry\/tree-programs\/","title":{"rendered":"Bauminitiativen f\u00fcr die st\u00e4dtische Forstwirtschaft"},"content":{"rendered":"<img decoding=\"async\" src=\"https:\/\/www.miamibeachfl.gov\/wp-content\/uploads\/2022\/07\/hero-small.jpg\" alt=\"ocean drive art deco buildings\" itemprop=\"image\" height=\"211\" width=\"2395\" title=\"Held-klein\" onerror=\"this.style.display='none'\" loading=\"lazy\" \/>\n<h1>\n\t\t\tBauminitiativen f\u00fcr die st\u00e4dtische Forstwirtschaft\t<\/h1>\n\t<nav id=\"breadcrumbs\" aria-label=\"Paniermehl\"><a href=\"https:\/\/www.miamibeachfl.gov\/de\/\">Heim<\/a> &gt; <a href=\"https:\/\/www.miamibeachfl.gov\/de\/city-hall\/\">Rathaus<\/a> &gt; <a href=\"https:\/\/www.miamibeachfl.gov\/de\/city-hall\/environmental-sustainability\/\">Umwelt &amp; Nachhaltigkeit<\/a> &gt; <a href=\"https:\/\/www.miamibeachfl.gov\/de\/city-hall\/environmental-sustainability\/urban-forestry\/\">Urbane Forstwirtschaft<\/a> &gt; <strong>Bauminitiativen f\u00fcr die st\u00e4dtische Forstwirtschaft<\/strong><\/nav>\n\t<h2><em><strong>Bezeichnung als Kulturerbebaum\u00a0<\/strong><\/em><\/h2>\n<p>Die Stadt Miami Beach hat ein spezielles Programm entwickelt, um den Wert historischer B\u00e4ume f\u00fcr die Gemeinde zu w\u00fcrdigen. Das Programm tr\u00e4gt nicht nur zum Schutz ikonischer B\u00e4ume bei, sondern unterst\u00fctzt auch die zuk\u00fcnftige Pflege durch subventionierte Instandhaltungskosten.<\/p>\n<p>Diese einmalige Benennung kann von jeder Person mit schriftlicher Zustimmung des Grundst\u00fcckseigent\u00fcmers durch Einreichung eines Antrags bei der Abteilung f\u00fcr st\u00e4dtische Forstwirtschaft beantragt werden.<\/p>\n<p>Damit ein Exemplarbaum als Kulturdenkmal in Betracht gezogen werden kann, muss er durch eine Bewertung durch einen zertifizierten Baumpfleger der ISA (International Society of Arboriculture) oder einen registrierten Baumpfleger der ASCA (American Society of Consulting Arborists) identifiziert werden. Diese pr\u00fcfen dann, ob der Baum gesund und strukturell intakt ist und ob er eines der folgenden Kriterien erf\u00fcllt:<\/p>\n<ul>\n<li>Es handelt sich um einen historischen Baum oder eine Baumgruppe von dokumentierter historischer Bedeutung und Wert f\u00fcr die Stadt Miami Beach aufgrund des Standorts oder der historischen Verbindung mit der Gemeinde.<\/li>\n<li>Es handelt sich um einen Baum oder eine Baumgruppe, die die Merkmale einer bestimmten Art beispielhaft repr\u00e4sentiert und aufgrund ihrer Art, Gr\u00f6\u00dfe, ihres Alters, ihres Standorts, ihrer besonderen Form, ihrer au\u00dfergew\u00f6hnlichen Merkmale oder ihres \u00f6kologischen Werts einen hohen Wert f\u00fcr die Gemeinschaft hat.<\/li>\n<li>Es handelt sich um einen Champion-Baum oder eine Gruppe von B\u00e4umen. Ein Champion-Baum wird von der Forstbeh\u00f6rde des Bundesstaates Florida als der gr\u00f6\u00dfte Baum seiner Art innerhalb des Bundesstaates oder von der American Forestry Association als der gr\u00f6\u00dfte Baum seiner Art in den Vereinigten Staaten oder der Welt definiert.<\/li>\n<\/ul>\n<p>Lassen Sie Ihren Baum noch heute als Heritage Tree auszeichnen, indem Sie sich mit dem folgenden Antrag bewerben: <strong><a href=\"https:\/\/www.miamibeachfl.gov\/wp-content\/uploads\/2017\/08\/TPP-HERITAGE-TREE-PERMIT-APPLICATION.pdf\">Antrag auf Genehmigung f\u00fcr historische B\u00e4ume<\/a>\u00a0<\/strong><\/p>\n<p>Bitte kontaktieren Sie Urban Forestry unter <strong><a href=\"mailto:urbanforestry@miamibeachfl.gov\">urbanforestry@miamibeachfl.gov<\/a><\/strong> wenn Sie Fragen haben.<\/p>\n<h2><em><strong>Weitere Initiativen und Programme zur st\u00e4dtischen Forstwirtschaft:<\/strong><\/em><\/h2>\n<ul>\n<li>Baum-Geschenke-Events<\/li>\n<li>Hosting zum Tag des Baumes<\/li>\n<li>Community Urban Forest Outreach\/Workshops<\/li>\n<li>Projekte zur Entfernung exotischer, l\u00e4stiger und invasiver B\u00e4ume<\/li>\n<li>Expertenbewertung gef\u00e4hrlicher B\u00e4ume<\/li>\n<li>Schulung f\u00fcr Baumpfleger auf Mitarbeiterebene<\/li>\n<li><a title=\"TPP Miami-Dade_UTC-Bewertung_Final-LR\" href=\"https:\/\/www.miamidade.gov\/global\/service.page?Mduid_service=ser1540499461234959\">Bewertung der Baumkronen in St\u00e4dten im Miami-Dade County<\/a><\/li>\n<li>Tree City USA-Zertifizierungsaufsicht und Tree City USA-Bezeichnung seit 2005<\/li>\n<li><a href=\"https:\/\/pg-cloud.com\/miamibeachfl\/\">Baum-GIS-Inventarverwaltung<\/a><\/li>\n<li>Ma\u00dfnahmen zur Gefahrenminderung durch B\u00e4ume<\/li>\n<\/ul>\n\t\tNavigieren Sie zu\u2026\t\t\t\n\t\t\t\t\t<ul id=\"menu-environmental-urban-forestry\"><li id=\"menu-item-382235\"><a href=\"\/de\/city-hall\/environmental-sustainability\/urban-forestry\/general-tree-information\/\">Allgemeine Bauminformationen<\/a><\/li>\n<li id=\"menu-item-381953\"><a href=\"\/de\/city-hall\/environmental-sustainability\/urban-forestry\/tree-trimming\/\">Ich m\u00f6chte Baumschnitt durchf\u00fchren<\/a><\/li>\n<li id=\"menu-item-382233\"><a href=\"\/de\/city-hall\/environmental-sustainability\/urban-forestry\/plant-a-tree\/\">Ich m\u00f6chte einen Baum pflanzen<\/a><\/li>\n<li id=\"menu-item-382234\"><a href=\"\/de\/city-hall\/environmental-sustainability\/urban-forestry\/remove-or-relocate-my-tree\/\">Ich m\u00f6chte meinen Baum entfernen oder umsiedeln<\/a><\/li>\n<li id=\"menu-item-362625\"><a href=\"\/de\/city-hall\/environmental-sustainability\/urban-forestry\/tree-programs\/\">Bauminitiativen f\u00fcr die st\u00e4dtische Forstwirtschaft<\/a><\/li>\n<\/ul>\t\n\t<div class=\"page-navigation\"><a class=\"prev-page\" href=\"https:\/\/www.miamibeachfl.gov\/de\/city-hall\/environmental-sustainability\/sustainability\/recycling\/recycling-verification-form\/\">\u2190 Recycling-Verifizierungsformular<\/a> <a class=\"next-page\" href=\"https:\/\/www.miamibeachfl.gov\/de\/city-hall\/environmental-sustainability\/urban-forestry\/general-tree-information\/\">Allgemeine Bauminformationen \u2192<\/a><\/div>","protected":false},"excerpt":{"rendered":"<p>Urban Forestry Tree Initiatives Home &gt; City Hall &gt; Environment &#038; Sustainability &gt; Urban Forestry &gt; Urban Forestry Tree Initiatives [&hellip;]<\/p>\n","protected":false},"author":222,"featured_media":0,"parent":28632,"menu_order":0,"comment_status":"closed","ping_status":"closed","template":"","meta":{"_searchwp_excluded":"","site-sidebar-layout":"default","site-content-layout":"","ast-site-content-layout":"default","site-content-style":"default","site-sidebar-style":"default","ast-global-header-display":"","ast-banner-title-visibility":"","ast-main-header-display":"","ast-hfb-above-header-display":"","ast-hfb-below-header-display":"","ast-hfb-mobile-header-display":"","site-post-title":"","ast-breadcrumbs-content":"","ast-featured-img":"","footer-sml-layout":"","theme-transparent-header-meta":"","adv-header-id-meta":"","stick-header-meta":"","header-above-stick-meta":"","header-main-stick-meta":"","header-below-stick-meta":"","astra-migrate-meta-layouts":"default","ast-page-background-enabled":"default","ast-page-background-meta":{"desktop":{"background-color":"var(--ast-global-color-5)","background-image":"","background-repeat":"repeat","background-position":"center center","background-size":"auto","background-attachment":"scroll","background-type":"","background-media":"","overlay-type":"","overlay-color":"","overlay-opacity":"","overlay-gradient":""},"tablet":{"background-color":"","background-image":"","background-repeat":"repeat","background-position":"center center","background-size":"auto","background-attachment":"scroll","background-type":"","background-media":"","overlay-type":"","overlay-color":"","overlay-opacity":"","overlay-gradient":""},"mobile":{"background-color":"","background-image":"","background-repeat":"repeat","background-position":"center center","background-size":"auto","background-attachment":"scroll","background-type":"","background-media":"","overlay-type":"","overlay-color":"","overlay-opacity":"","overlay-gradient":""}},"ast-content-background-meta":{"desktop":{"background-color":"var(--ast-global-color-4)","background-image":"","background-repeat":"repeat","background-position":"center center","background-size":"auto","background-attachment":"scroll","background-type":"","background-media":"","overlay-type":"","overlay-color":"","overlay-opacity":"","overlay-gradient":""},"tablet":{"background-color":"var(--ast-global-color-4)","background-image":"","background-repeat":"repeat","background-position":"center center","background-size":"auto","background-attachment":"scroll","background-type":"","background-media":"","overlay-type":"","overlay-color":"","overlay-opacity":"","overlay-gradient":""},"mobile":{"background-color":"var(--ast-global-color-4)","background-image":"","background-repeat":"repeat","background-position":"center center","background-size":"auto","background-attachment":"scroll","background-type":"","background-media":"","overlay-type":"","overlay-color":"","overlay-opacity":"","overlay-gradient":""}},"footnotes":""},"categories":[],"tags":[],"class_list":["post-28633","page","type-page","status-publish","hentry"],"yoast_head":"<!-- This site is optimized with the Yoast SEO Premium plugin v27.4 (Yoast SEO v27.4) - https:\/\/yoast.com\/product\/yoast-seo-premium-wordpress\/ -->\n<title>Urban Forestry Tree Initiatives - City of Miami Beach<\/title>\n<meta name=\"description\" content=\"%\" \/>\n<meta name=\"robots\" content=\"index, follow, max-snippet:-1, max-image-preview:large, max-video-preview:-1\" \/>\n<link rel=\"canonical\" href=\"https:\/\/www.miamibeachfl.gov\/de\/city-hall\/environmental-sustainability\/urban-forestry\/tree-programs\/\" \/>\n<meta property=\"og:locale\" content=\"de_DE\" \/>\n<meta property=\"og:type\" content=\"article\" \/>\n<meta property=\"og:title\" content=\"Urban Forestry Tree Initiatives\" \/>\n<meta property=\"og:description\" content=\"%\" \/>\n<meta property=\"og:url\" content=\"https:\/\/www.miamibeachfl.gov\/de\/city-hall\/environmental-sustainability\/urban-forestry\/tree-programs\/\" \/>\n<meta property=\"og:site_name\" content=\"City of Miami Beach\" \/>\n<meta property=\"article:publisher\" content=\"https:\/\/www.facebook.com\/cityofmiamibeach\" \/>\n<meta property=\"article:modified_time\" content=\"2026-02-11T18:54:26+00:00\" \/>\n<meta property=\"og:image\" content=\"https:\/\/www.miamibeachfl.gov\/wp-content\/uploads\/2022\/07\/hero-small.jpg\" \/>\n<meta name=\"twitter:card\" content=\"summary_large_image\" \/>\n<meta name=\"twitter:site\" content=\"@Miamibeachnews\" \/>\n<script type=\"application\/ld+json\" class=\"yoast-schema-graph\">{\"@context\":\"https:\\\/\\\/schema.org\",\"@graph\":[{\"@type\":\"WebPage\",\"@id\":\"https:\\\/\\\/www.miamibeachfl.gov\\\/city-hall\\\/environmental-sustainability\\\/urban-forestry\\\/tree-programs\\\/\",\"url\":\"https:\\\/\\\/www.miamibeachfl.gov\\\/city-hall\\\/environmental-sustainability\\\/urban-forestry\\\/tree-programs\\\/\",\"name\":\"Urban Forestry Tree Initiatives - City of Miami Beach\",\"isPartOf\":{\"@id\":\"https:\\\/\\\/www.miamibeachfl.gov\\\/#website\"},\"primaryImageOfPage\":{\"@id\":\"https:\\\/\\\/www.miamibeachfl.gov\\\/city-hall\\\/environmental-sustainability\\\/urban-forestry\\\/tree-programs\\\/#primaryimage\"},\"image\":{\"@id\":\"https:\\\/\\\/www.miamibeachfl.gov\\\/city-hall\\\/environmental-sustainability\\\/urban-forestry\\\/tree-programs\\\/#primaryimage\"},\"thumbnailUrl\":\"https:\\\/\\\/www.miamibeachfl.gov\\\/wp-content\\\/uploads\\\/2022\\\/07\\\/hero-small.jpg\",\"datePublished\":\"2017-08-11T00:06:48+00:00\",\"dateModified\":\"2026-02-11T18:54:26+00:00\",\"description\":\"%\",\"breadcrumb\":{\"@id\":\"https:\\\/\\\/www.miamibeachfl.gov\\\/city-hall\\\/environmental-sustainability\\\/urban-forestry\\\/tree-programs\\\/#breadcrumb\"},\"inLanguage\":\"de\",\"potentialAction\":[{\"@type\":\"ReadAction\",\"target\":[\"https:\\\/\\\/www.miamibeachfl.gov\\\/city-hall\\\/environmental-sustainability\\\/urban-forestry\\\/tree-programs\\\/\"]}]},{\"@type\":\"ImageObject\",\"inLanguage\":\"de\",\"@id\":\"https:\\\/\\\/www.miamibeachfl.gov\\\/city-hall\\\/environmental-sustainability\\\/urban-forestry\\\/tree-programs\\\/#primaryimage\",\"url\":\"https:\\\/\\\/www.miamibeachfl.gov\\\/wp-content\\\/uploads\\\/2022\\\/07\\\/hero-small.jpg\",\"contentUrl\":\"https:\\\/\\\/www.miamibeachfl.gov\\\/wp-content\\\/uploads\\\/2022\\\/07\\\/hero-small.jpg\"},{\"@type\":\"BreadcrumbList\",\"@id\":\"https:\\\/\\\/www.miamibeachfl.gov\\\/city-hall\\\/environmental-sustainability\\\/urban-forestry\\\/tree-programs\\\/#breadcrumb\",\"itemListElement\":[{\"@type\":\"ListItem\",\"position\":1,\"name\":\"Home\",\"item\":\"https:\\\/\\\/www.miamibeachfl.gov\\\/\"},{\"@type\":\"ListItem\",\"position\":2,\"name\":\"City Hall\",\"item\":\"https:\\\/\\\/www.miamibeachfl.gov\\\/city-hall\\\/\"},{\"@type\":\"ListItem\",\"position\":3,\"name\":\"Environment &#038; Sustainability\",\"item\":\"https:\\\/\\\/www.miamibeachfl.gov\\\/city-hall\\\/environmental-sustainability\\\/\"},{\"@type\":\"ListItem\",\"position\":4,\"name\":\"Urban Forestry\",\"item\":\"https:\\\/\\\/www.miamibeachfl.gov\\\/city-hall\\\/environmental-sustainability\\\/urban-forestry\\\/\"},{\"@type\":\"ListItem\",\"position\":5,\"name\":\"Urban Forestry Tree Initiatives\"}]},{\"@type\":\"WebSite\",\"@id\":\"https:\\\/\\\/www.miamibeachfl.gov\\\/#website\",\"url\":\"https:\\\/\\\/www.miamibeachfl.gov\\\/\",\"name\":\"City of Miami Beach\",\"description\":\"The official website of the City of Miami Beach. Stay informed, find important information on city services, news, alerts, events, trolley routes, government employment and more.\",\"publisher\":{\"@id\":\"https:\\\/\\\/www.miamibeachfl.gov\\\/#organization\"},\"potentialAction\":[{\"@type\":\"SearchAction\",\"target\":{\"@type\":\"EntryPoint\",\"urlTemplate\":\"https:\\\/\\\/www.miamibeachfl.gov\\\/?s={search_term_string}\"},\"query-input\":{\"@type\":\"PropertyValueSpecification\",\"valueRequired\":true,\"valueName\":\"search_term_string\"}}],\"inLanguage\":\"de\"},{\"@type\":\"Organization\",\"@id\":\"https:\\\/\\\/www.miamibeachfl.gov\\\/#organization\",\"name\":\"City of Miami Beach\",\"url\":\"https:\\\/\\\/www.miamibeachfl.gov\\\/\",\"logo\":{\"@type\":\"ImageObject\",\"inLanguage\":\"de\",\"@id\":\"https:\\\/\\\/www.miamibeachfl.gov\\\/#\\\/schema\\\/logo\\\/image\\\/\",\"url\":\"https:\\\/\\\/www.miamibeachfl.gov\\\/wp-content\\\/uploads\\\/2022\\\/06\\\/miamibeach-logoblue.png\",\"contentUrl\":\"https:\\\/\\\/www.miamibeachfl.gov\\\/wp-content\\\/uploads\\\/2022\\\/06\\\/miamibeach-logoblue.png\",\"width\":1962,\"height\":381,\"caption\":\"City of Miami Beach\"},\"image\":{\"@id\":\"https:\\\/\\\/www.miamibeachfl.gov\\\/#\\\/schema\\\/logo\\\/image\\\/\"},\"sameAs\":[\"https:\\\/\\\/www.facebook.com\\\/cityofmiamibeach\",\"https:\\\/\\\/x.com\\\/Miamibeachnews\",\"https:\\\/\\\/www.instagram.com\\\/miamibeachnews\\\/\"],\"description\":\"The official website of the City of Miami Beach. Stay informed, find important information on city services, news, alerts, events, trolley routes, government employment and more.\",\"telephone\":\"305.604.CITY(2489)\",\"legalName\":\"City of Miami Beach\"}]}<\/script>\n<!-- \/ Yoast SEO Premium plugin. -->","yoast_head_json":{"title":"Urban Forestry Tree Initiatives - Stadt Miami Beach","description":"%","robots":{"index":"index","follow":"follow","max-snippet":"max-snippet:-1","max-image-preview":"max-image-preview:large","max-video-preview":"max-video-preview:-1"},"canonical":"https:\/\/www.miamibeachfl.gov\/de\/city-hall\/environmental-sustainability\/urban-forestry\/tree-programs\/","og_locale":"de_DE","og_type":"article","og_title":"Urban Forestry Tree Initiatives","og_description":"%","og_url":"https:\/\/www.miamibeachfl.gov\/de\/city-hall\/environmental-sustainability\/urban-forestry\/tree-programs\/","og_site_name":"City of Miami Beach","article_publisher":"https:\/\/www.facebook.com\/cityofmiamibeach","article_modified_time":"2026-02-11T18:54:26+00:00","og_image":[{"url":"https:\/\/www.miamibeachfl.gov\/wp-content\/uploads\/2022\/07\/hero-small.jpg","type":"","width":"","height":""}],"twitter_card":"summary_large_image","twitter_site":"@Miamibeachnews","schema":{"@context":"https:\/\/schema.org","@graph":[{"@type":"WebPage","@id":"https:\/\/www.miamibeachfl.gov\/city-hall\/environmental-sustainability\/urban-forestry\/tree-programs\/","url":"https:\/\/www.miamibeachfl.gov\/city-hall\/environmental-sustainability\/urban-forestry\/tree-programs\/","name":"Urban Forestry Tree Initiatives - Stadt Miami Beach","isPartOf":{"@id":"https:\/\/www.miamibeachfl.gov\/#website"},"primaryImageOfPage":{"@id":"https:\/\/www.miamibeachfl.gov\/city-hall\/environmental-sustainability\/urban-forestry\/tree-programs\/#primaryimage"},"image":{"@id":"https:\/\/www.miamibeachfl.gov\/city-hall\/environmental-sustainability\/urban-forestry\/tree-programs\/#primaryimage"},"thumbnailUrl":"https:\/\/www.miamibeachfl.gov\/wp-content\/uploads\/2022\/07\/hero-small.jpg","datePublished":"2017-08-11T00:06:48+00:00","dateModified":"2026-02-11T18:54:26+00:00","description":"%","breadcrumb":{"@id":"https:\/\/www.miamibeachfl.gov\/city-hall\/environmental-sustainability\/urban-forestry\/tree-programs\/#breadcrumb"},"inLanguage":"de","potentialAction":[{"@type":"ReadAction","target":["https:\/\/www.miamibeachfl.gov\/city-hall\/environmental-sustainability\/urban-forestry\/tree-programs\/"]}]},{"@type":"ImageObject","inLanguage":"de","@id":"https:\/\/www.miamibeachfl.gov\/city-hall\/environmental-sustainability\/urban-forestry\/tree-programs\/#primaryimage","url":"https:\/\/www.miamibeachfl.gov\/wp-content\/uploads\/2022\/07\/hero-small.jpg","contentUrl":"https:\/\/www.miamibeachfl.gov\/wp-content\/uploads\/2022\/07\/hero-small.jpg"},{"@type":"BreadcrumbList","@id":"https:\/\/www.miamibeachfl.gov\/city-hall\/environmental-sustainability\/urban-forestry\/tree-programs\/#breadcrumb","itemListElement":[{"@type":"ListItem","position":1,"name":"Home","item":"https:\/\/www.miamibeachfl.gov\/"},{"@type":"ListItem","position":2,"name":"City Hall","item":"https:\/\/www.miamibeachfl.gov\/city-hall\/"},{"@type":"ListItem","position":3,"name":"Environment &#038; Sustainability","item":"https:\/\/www.miamibeachfl.gov\/city-hall\/environmental-sustainability\/"},{"@type":"ListItem","position":4,"name":"Urban Forestry","item":"https:\/\/www.miamibeachfl.gov\/city-hall\/environmental-sustainability\/urban-forestry\/"},{"@type":"ListItem","position":5,"name":"Urban Forestry Tree Initiatives"}]},{"@type":"WebSite","@id":"https:\/\/www.miamibeachfl.gov\/#website","url":"https:\/\/www.miamibeachfl.gov\/","name":"Stadt Miami Beach","description":"Die offizielle Website der Stadt Miami Beach. Bleiben Sie informiert und finden Sie wichtige Informationen zu st\u00e4dtischen Dienstleistungen, Neuigkeiten, Warnungen, Veranstaltungen, Stra\u00dfenbahnlinien, Stellenangeboten im \u00f6ffentlichen Dienst und mehr.","publisher":{"@id":"https:\/\/www.miamibeachfl.gov\/#organization"},"potentialAction":[{"@type":"SearchAction","target":{"@type":"EntryPoint","urlTemplate":"https:\/\/www.miamibeachfl.gov\/?s={search_term_string}"},"query-input":{"@type":"PropertyValueSpecification","valueRequired":true,"valueName":"search_term_string"}}],"inLanguage":"de"},{"@type":"Organization","@id":"https:\/\/www.miamibeachfl.gov\/#organization","name":"Stadt Miami Beach","url":"https:\/\/www.miamibeachfl.gov\/","logo":{"@type":"ImageObject","inLanguage":"de","@id":"https:\/\/www.miamibeachfl.gov\/#\/schema\/logo\/image\/","url":"https:\/\/www.miamibeachfl.gov\/wp-content\/uploads\/2022\/06\/miamibeach-logoblue.png","contentUrl":"https:\/\/www.miamibeachfl.gov\/wp-content\/uploads\/2022\/06\/miamibeach-logoblue.png","width":1962,"height":381,"caption":"City of Miami Beach"},"image":{"@id":"https:\/\/www.miamibeachfl.gov\/#\/schema\/logo\/image\/"},"sameAs":["https:\/\/www.facebook.com\/cityofmiamibeach","https:\/\/x.com\/Miamibeachnews","https:\/\/www.instagram.com\/miamibeachnews\/"],"description":"Die offizielle Website der Stadt Miami Beach. Bleiben Sie informiert und finden Sie wichtige Informationen zu st\u00e4dtischen Dienstleistungen, Neuigkeiten, Warnungen, Veranstaltungen, Stra\u00dfenbahnlinien, Stellenangeboten im \u00f6ffentlichen Dienst und mehr.","telephone":"305.604.CITY(2489)","legalName":"City of Miami Beach"}]}},"_links":{"self":[{"href":"https:\/\/www.miamibeachfl.gov\/de\/wp-json\/wp\/v2\/pages\/28633","targetHints":{"allow":["GET"]}}],"collection":[{"href":"https:\/\/www.miamibeachfl.gov\/de\/wp-json\/wp\/v2\/pages"}],"about":[{"href":"https:\/\/www.miamibeachfl.gov\/de\/wp-json\/wp\/v2\/types\/page"}],"author":[{"embeddable":true,"href":"https:\/\/www.miamibeachfl.gov\/de\/wp-json\/wp\/v2\/users\/222"}],"replies":[{"embeddable":true,"href":"https:\/\/www.miamibeachfl.gov\/de\/wp-json\/wp\/v2\/comments?post=28633"}],"version-history":[{"count":2,"href":"https:\/\/www.miamibeachfl.gov\/de\/wp-json\/wp\/v2\/pages\/28633\/revisions"}],"predecessor-version":[{"id":396359,"href":"https:\/\/www.miamibeachfl.gov\/de\/wp-json\/wp\/v2\/pages\/28633\/revisions\/396359"}],"up":[{"embeddable":true,"href":"https:\/\/www.miamibeachfl.gov\/de\/wp-json\/wp\/v2\/pages\/28632"}],"wp:attachment":[{"href":"https:\/\/www.miamibeachfl.gov\/de\/wp-json\/wp\/v2\/media?parent=28633"}],"wp:term":[{"taxonomy":"category","embeddable":true,"href":"https:\/\/www.miamibeachfl.gov\/de\/wp-json\/wp\/v2\/categories?post=28633"},{"taxonomy":"post_tag","embeddable":true,"href":"https:\/\/www.miamibeachfl.gov\/de\/wp-json\/wp\/v2\/tags?post=28633"}],"curies":[{"name":"wp","href":"https:\/\/api.w.org\/{rel}","templated":true}]}}