{"id":28655,"date":"2017-08-11T00:07:06","date_gmt":"2017-08-11T00:07:06","guid":{"rendered":"http:\/\/www.miamibeachfl.gov\/city-hall\/human-resources\/benefits-compensation\/benefit-program\/employee-benefits-contact-info\/"},"modified":"2026-03-02T16:28:52","modified_gmt":"2026-03-02T21:28:52","slug":"employee-benefits-contact-info","status":"publish","type":"page","link":"https:\/\/www.miamibeachfl.gov\/de\/city-hall\/human-resources\/benefits\/benefit-summary\/employee-benefits-contact-info\/","title":{"rendered":"Zus\u00e4tzliche Leistungsoptionen"},"content":{"rendered":"<img decoding=\"async\" src=\"https:\/\/www.miamibeachfl.gov\/wp-content\/uploads\/2022\/07\/hero-small.jpg\" alt=\"ocean drive art deco buildings\" itemprop=\"image\" height=\"211\" width=\"2395\" title=\"Held-klein\" onerror=\"this.style.display='none'\" loading=\"lazy\" \/>\n<h1>\n\t\t\tZus\u00e4tzliche Leistungsoptionen\t<\/h1>\n\t<nav id=\"breadcrumbs\" aria-label=\"Paniermehl\"><a href=\"https:\/\/www.miamibeachfl.gov\/de\/\">Heim<\/a> &gt; <a href=\"https:\/\/www.miamibeachfl.gov\/de\/city-hall\/\">Rathaus<\/a> &gt; <a href=\"https:\/\/www.miamibeachfl.gov\/de\/city-hall\/human-resources\/\">Personalwesen<\/a> &gt; <a href=\"https:\/\/www.miamibeachfl.gov\/de\/city-hall\/human-resources\/benefits\/\">Vorteile<\/a> &gt; <a href=\"https:\/\/www.miamibeachfl.gov\/de\/city-hall\/human-resources\/benefits\/benefit-summary\/\">Quicklinks zu Mitarbeitervorteilen<\/a> &gt; <strong>Zus\u00e4tzliche Leistungsoptionen<\/strong><\/nav>\n\t<h3><b>VISIONSPLAN<\/b><\/h3>\nVerwaltet von <b>EyeMed Vision Care<\/b><br \/>\nKundenservice: 1.866.299.1358<br \/>\nWebseite: <a title=\"www.eyemedvisioncare.com\" href=\"http:\/\/www.eyemedvisioncare.com\">www.eyemedvisioncare.com<\/a><br \/>\nMobile App: EyeMed-Mitglieder<br \/>\n<a href=\"http:\/\/www.miamibeachfl.gov\/wp-content\/uploads\/2018\/03\/City-of-Miami-Beach-Plan-Summary.pdf\">Zusammenfassung der Leistungen des EyeMed Vision Plan<\/a><br \/>\n<a title=\"EyeMed-Anspruchsformular \u2013 Au\u00dferhalb des Netzwerks 2016\" href=\"\/wp-content\/uploads\/2017\/08\/EyeMed-Claim-Form-Out-of-Network-2016.pdf\" target=\"_blank\" rel=\"noopener noreferrer\">EyeMed-Anspruchsformular \u2013 Au\u00dferhalb des Netzwerks<\/a>\n<h3><b>LEBENSVERSICHERUNG: GRUNDVERSICHERUNG, ZUSATZVERSICHERUNG &amp; PFLICHTVERSICHERUNG<\/b><\/h3>\nVerwaltet von <b>UNUM<\/b><br \/>\nKundenservice: 1.800.421.0344<br \/>\nWebseite: <a title=\"www.unum.com\" href=\"http:\/\/www.unum.com\">www.unum.com<\/a><br \/>\n<a href=\"http:\/\/www.miamibeachfl.gov\/wp-content\/uploads\/2018\/04\/Life-Insurance-Plan.pdf\">Lebensversicherungsplan<\/a><br \/>\nLebensversicherungspolice # 909164\n<h3><b>BEHINDERUNG: KURZZEITIGE UND LANGZEITIGE BEHINDERUNG<\/b><\/h3>\nVerwaltet von <b>UNUM<\/b><br \/>\nKundenservice: 1.877.217.5495<br \/>\nWebseite: <a title=\"www.unum.com\" href=\"http:\/\/www.unum.com\">www.unum.com<\/a><br \/>\n<a href=\"http:\/\/www.miamibeachfl.gov\/wp-content\/uploads\/2020\/03\/Unum-STD.pdf\">Kurzfristiger Invalidit\u00e4tsplan<\/a><br \/>\n<a href=\"http:\/\/www.miamibeachfl.gov\/wp-content\/uploads\/2018\/03\/Unum-LTD-Policy.pdf\">Plan f\u00fcr langfristige Berufsunf\u00e4higkeit<\/a><br \/>\n<a href=\"http:\/\/www.miamibeachfl.gov\/wp-content\/uploads\/2018\/03\/Unum-LTD-Policy-for-401a-emps.pdf\">Langzeit-Invalidit\u00e4tsplan (f\u00fcr Mitarbeiter, die im 401a-Rentenplan der Stadt eingeschrieben sind)<\/a><br \/>\n<a title=\"Antragsformular FMLA STD \u00fcberarbeitet\" href=\"\/wp-content\/uploads\/2017\/08\/Claim-Form-FMLA-STD-Revised.pdf\" target=\"_blank\" rel=\"noopener noreferrer\">Autorisierungsformular (f\u00fcr die Einreichung eines Antrags auf Invalidit\u00e4tsrente)<\/a>\n<h3><b>Gesetz zum medizinischen Familienurlaub (FMLA)<\/b><\/h3>\nVerwaltet von <b>UNUM<br \/>\n<\/b>Kundenservice: 1.877.217.5495<br \/>\n<a title=\"Aktualisierte FML-Richtlinie\" href=\"http:\/\/www.miamibeachfl.gov\/wp-content\/uploads\/2020\/07\/Family-and-Medical-Leave-Procedure.pdf\" target=\"_blank\" rel=\"noopener noreferrer\">FMLA-Richtlinie<\/a><br \/>\n<a title=\"Antragsformular FMLA STD \u00fcberarbeitet\" href=\"\/wp-content\/uploads\/2017\/08\/Claim-Form-FMLA-STD-Revised.pdf\" target=\"_blank\" rel=\"noopener noreferrer\">Autorisierungsformular (zur Einleitung eines Antrags auf medizinischen Familienurlaub)<\/a><br \/>\n<a href=\"http:\/\/www.miamibeachfl.gov\/wp-content\/uploads\/2018\/03\/Parental-Leave-Procedure.pdf\">Verfahren zur bezahlten Elternzeit<\/a><br \/>\n<a title=\"Verordnung 2016-4049 Bezahlte Elternzeit - UNCL\" href=\"\/wp-content\/uploads\/2017\/08\/Ordinance-2016-4049-Paid-Parental-UNCL.pdf\" target=\"_blank\" rel=\"noopener noreferrer\">Verordnung 2016-4049 Bezahlte Elternzeit<\/a>\u00a0f\u00fcr die Gehaltsgruppen \u201eUnclassified\u201c und \u201eOther\u201c<br \/>\n<a title=\"Verordnung 2016-4048 Bezahlte Eltern-Gewerkschaften\" href=\"\/wp-content\/uploads\/2017\/08\/Ordinance-2016-4048-Paid-Parental-Unions.pdf\" target=\"_blank\" rel=\"noopener noreferrer\">Verordnung 2016-4048 Bezahlte Elternzeit<\/a>\u00a0f\u00fcr die Gehaltsgruppen des klassifizierten Dienstes\n<h3><b>FLEXIBLES AUSGABENKONTO (FSA): GESUNDHEITSWESEN &amp; PFLEGE VON ABH\u00c4NGIGEN<\/b><\/h3>\nVerwaltet von <b>HSA Bank<\/b><br \/>\nKundenservice: 1.800.357.6246<br \/>\nWebsite: http:\/\/www.hsabank.com\/hsabank\/homepage<br \/>\n<a href=\"http:\/\/www.miamibeachfl.gov\/wp-content\/uploads\/2018\/04\/Healthcare-Flexible-Spending-Accounts.pdf\">Flexible Ausgabenkonten f\u00fcr das Gesundheitswesen<br \/>\n<\/a><a href=\"http:\/\/www.miamibeachfl.gov\/wp-content\/uploads\/2018\/04\/Limited-Purpose-Flexible-Spendng-Accounts.pdf\">Flexible Ausgabenkonten mit begrenztem Zweck<br \/>\n<\/a><a href=\"http:\/\/www.miamibeachfl.gov\/wp-content\/uploads\/2018\/04\/Dependent-Care-Flexible-Spending-Accounts.pdf\">Flexible Ausgabenkonten f\u00fcr die Pflege von Angeh\u00f6rigen<br \/>\n<\/a><a href=\"http:\/\/www.miamibeachfl.gov\/wp-content\/uploads\/2018\/04\/Seeking-Reimbursement-from-your-FSA.pdf\">Fordern Sie eine Erstattung von Ihrem FSA an<\/a>\n<h3><b>RABATT AUF HAUSTIERVERSICHERUNG<\/b><\/h3>\nVerwaltet von <b>Bundesweit<\/b><br \/>\nKundenservice: 1.877.738.7874<br \/>\nWebseite: <a title=\"www.petinsurance.com\/miamibeachfl\" href=\"http:\/\/www.petinsurance.com\/miamibeachfl\">www.petinsurance.com\/miamibeachfl<\/a>\n<h3><b>RABATT AUF RECHTSDIENSTE<\/b><\/h3>\nVerwaltet von <b>Bevorzugter Rechtsplan<\/b><br \/>\nKundenservice: 305.379.8438<br \/>\nWebseite: <a title=\"www.preferredlegal.com\" href=\"http:\/\/www.preferredlegal.com\">www.preferredlegal.com<\/a>\n<h3><b>SCHUTZ VOR IDENTIT\u00c4TSDIEBSTAL<\/b><\/h3>\nVerwaltet von <b>LifeLock<\/b><br \/>\nKundenservice: 1.866.917.2555<br \/>\nWebseite: <a title=\"http:\/\/cityofmiamibeach.excelsiorenroll.com\" href=\"http:\/\/cityofmiamibeach.excelsiorenroll.com\" target=\"_blank\" rel=\"noopener noreferrer\">http:\/\/cityofmiamibeach.excelsiorenroll.com<\/a>\n<h3><b>Freiwillige Leistungen des Koloniallebens<\/b><\/h3>\nVerwaltet von <b>Koloniales Leben<\/b><br \/>\nRegistrierungs-Kundendienst: 1.954.616.5123<br \/>\nHotline f\u00fcr Versicherungsnehmer: 1.800.325.4368<br \/>\nWebseite: <a title=\"www.coloniallife.com\" href=\"http:\/\/www.coloniallife.com\">www.coloniallife.com<\/a>\n<h3><b><\/b><b>Darlehen am Arbeitsplatz-Programm<\/b><\/h3>\nVerwaltet von <b>BMG-Darlehen<\/b><br \/>\nKundenservice: 305.675.2962<br \/>\nWebseite: <a title=\"www.bmgmoney.com\" href=\"http:\/\/www.bmgmoney.com\" target=\"_blank\" rel=\"noopener noreferrer\">www.bmgmoney.com<\/a>\u00a0\n<p>&nbsp;<\/p>\n<p>&nbsp;<\/p>\n\t\tNavigieren Sie zu\u2026\t\t\t\n\t\t\t\t\t<ul id=\"menu-hr-employee-benefits-quicklinks\"><li id=\"menu-item-362888\"><a href=\"\/de\/city-hall\/human-resources\/benefits\/benefit-summary\/employee-benefits-contact-info\/\">Zus\u00e4tzliche Leistungsoptionen<\/a><\/li>\n<li id=\"menu-item-362889\"><a href=\"\/de\/city-hall\/human-resources\/benefits\/benefit-summary\/employee-benefit-program\/\">Leistungsprogramm<\/a><\/li>\n<li id=\"menu-item-362890\"><a href=\"\/de\/city-hall\/human-resources\/benefits\/benefit-summary\/cobra\/\">KOBRA<\/a><\/li>\n<li id=\"menu-item-362892\"><a href=\"\/de\/city-hall\/human-resources\/benefits\/benefit-summary\/employee-assistance-and-worklife-plan\/\">EAP<\/a><\/li>\n<li id=\"menu-item-362893\"><a href=\"\/de\/city-hall\/human-resources\/benefits\/benefit-summary\/forms\/\">Formulare<\/a><\/li>\n<li id=\"menu-item-362894\"><a href=\"\/de\/city-hall\/human-resources\/benefits\/benefit-summary\/frequently-asked-questions\/\">H\u00e4ufig gestellte Fragen<\/a><\/li>\n<li id=\"menu-item-362895\"><a href=\"\/de\/city-hall\/human-resources\/benefits\/benefit-summary\/health-dental-plans\/\">Kranken- und Zahnversicherungen<\/a><\/li>\n<li id=\"menu-item-362897\"><a href=\"\/de\/city-hall\/human-resources\/benefits\/benefit-summary\/retirement-planning\/\">Ruhestandsplanung<\/a><\/li>\n<li id=\"menu-item-362898\"><a href=\"\/de\/city-hall\/human-resources\/benefits\/benefit-summary\/wellness-program\/\">Wellness-Programm<\/a><\/li>\n<\/ul>\t\n\t<div class=\"page-navigation\"><a class=\"prev-page\" href=\"https:\/\/www.miamibeachfl.gov\/de\/city-hall\/human-resources\/benefits\/benefit-summary\/forms\/\">\u2190 Formulare f\u00fcr Mitarbeiterleistungen<\/a> <a class=\"next-page\" href=\"https:\/\/www.miamibeachfl.gov\/de\/city-hall\/human-resources\/compensation\/ordinances\/\">Besoldungsordnungen \u2192<\/a><\/div>","protected":false},"excerpt":{"rendered":"<p>Zus\u00e4tzliche Leistungsoptionen Home &gt; Rathaus &gt; Personalwesen &gt; Leistungen &gt; Quicklinks zu Mitarbeiterleistungen &gt; Zus\u00e4tzliche Leistungsoptionen [\u2026]<\/p>","protected":false},"author":222,"featured_media":0,"parent":46767,"menu_order":0,"comment_status":"closed","ping_status":"closed","template":"","meta":{"_searchwp_excluded":"","site-sidebar-layout":"default","site-content-layout":"","ast-site-content-layout":"default","site-content-style":"default","site-sidebar-style":"default","ast-global-header-display":"","ast-banner-title-visibility":"","ast-main-header-display":"","ast-hfb-above-header-display":"","ast-hfb-below-header-display":"","ast-hfb-mobile-header-display":"","site-post-title":"","ast-breadcrumbs-content":"","ast-featured-img":"","footer-sml-layout":"","theme-transparent-header-meta":"","adv-header-id-meta":"","stick-header-meta":"","header-above-stick-meta":"","header-main-stick-meta":"","header-below-stick-meta":"","astra-migrate-meta-layouts":"default","ast-page-background-enabled":"default","ast-page-background-meta":{"desktop":{"background-color":"var(--ast-global-color-5)","background-image":"","background-repeat":"repeat","background-position":"center center","background-size":"auto","background-attachment":"scroll","background-type":"","background-media":"","overlay-type":"","overlay-color":"","overlay-opacity":"","overlay-gradient":""},"tablet":{"background-color":"","background-image":"","background-repeat":"repeat","background-position":"center center","background-size":"auto","background-attachment":"scroll","background-type":"","background-media":"","overlay-type":"","overlay-color":"","overlay-opacity":"","overlay-gradient":""},"mobile":{"background-color":"","background-image":"","background-repeat":"repeat","background-position":"center center","background-size":"auto","background-attachment":"scroll","background-type":"","background-media":"","overlay-type":"","overlay-color":"","overlay-opacity":"","overlay-gradient":""}},"ast-content-background-meta":{"desktop":{"background-color":"var(--ast-global-color-4)","background-image":"","background-repeat":"repeat","background-position":"center center","background-size":"auto","background-attachment":"scroll","background-type":"","background-media":"","overlay-type":"","overlay-color":"","overlay-opacity":"","overlay-gradient":""},"tablet":{"background-color":"var(--ast-global-color-4)","background-image":"","background-repeat":"repeat","background-position":"center center","background-size":"auto","background-attachment":"scroll","background-type":"","background-media":"","overlay-type":"","overlay-color":"","overlay-opacity":"","overlay-gradient":""},"mobile":{"background-color":"var(--ast-global-color-4)","background-image":"","background-repeat":"repeat","background-position":"center center","background-size":"auto","background-attachment":"scroll","background-type":"","background-media":"","overlay-type":"","overlay-color":"","overlay-opacity":"","overlay-gradient":""}},"footnotes":""},"categories":[],"tags":[],"class_list":["post-28655","page","type-page","status-publish","hentry"],"yoast_head":"<!-- This site is optimized with the Yoast SEO Premium plugin v26.6 (Yoast SEO v26.6) - https:\/\/yoast.com\/wordpress\/plugins\/seo\/ -->\n<title>Additional Benefit Options - City of Miami Beach<\/title>\n<meta name=\"description\" content=\"%\" \/>\n<meta name=\"robots\" content=\"index, follow, max-snippet:-1, max-image-preview:large, max-video-preview:-1\" \/>\n<link rel=\"canonical\" href=\"https:\/\/www.miamibeachfl.gov\/de\/city-hall\/human-resources\/benefits\/benefit-summary\/employee-benefits-contact-info\/\" \/>\n<meta property=\"og:locale\" content=\"de_DE\" \/>\n<meta property=\"og:type\" content=\"article\" \/>\n<meta property=\"og:title\" content=\"Additional Benefit Options\" \/>\n<meta property=\"og:description\" content=\"%\" \/>\n<meta property=\"og:url\" content=\"https:\/\/www.miamibeachfl.gov\/de\/city-hall\/human-resources\/benefits\/benefit-summary\/employee-benefits-contact-info\/\" \/>\n<meta property=\"og:site_name\" content=\"City of Miami Beach\" \/>\n<meta property=\"article:publisher\" content=\"https:\/\/www.facebook.com\/cityofmiamibeach\" \/>\n<meta property=\"article:modified_time\" content=\"2026-03-02T21:28:52+00:00\" \/>\n<meta property=\"og:image\" content=\"https:\/\/www.miamibeachfl.gov\/wp-content\/uploads\/2022\/07\/hero-small.jpg\" \/>\n<meta name=\"twitter:card\" content=\"summary_large_image\" \/>\n<meta name=\"twitter:site\" content=\"@Miamibeachnews\" \/>\n<script type=\"application\/ld+json\" class=\"yoast-schema-graph\">{\"@context\":\"https:\/\/schema.org\",\"@graph\":[{\"@type\":\"WebPage\",\"@id\":\"https:\/\/www.miamibeachfl.gov\/city-hall\/human-resources\/benefits\/benefit-summary\/employee-benefits-contact-info\/\",\"url\":\"https:\/\/www.miamibeachfl.gov\/city-hall\/human-resources\/benefits\/benefit-summary\/employee-benefits-contact-info\/\",\"name\":\"Additional Benefit Options - City of Miami Beach\",\"isPartOf\":{\"@id\":\"https:\/\/www.miamibeachfl.gov\/#website\"},\"primaryImageOfPage\":{\"@id\":\"https:\/\/www.miamibeachfl.gov\/city-hall\/human-resources\/benefits\/benefit-summary\/employee-benefits-contact-info\/#primaryimage\"},\"image\":{\"@id\":\"https:\/\/www.miamibeachfl.gov\/city-hall\/human-resources\/benefits\/benefit-summary\/employee-benefits-contact-info\/#primaryimage\"},\"thumbnailUrl\":\"https:\/\/www.miamibeachfl.gov\/wp-content\/uploads\/2022\/07\/hero-small.jpg\",\"datePublished\":\"2017-08-11T00:07:06+00:00\",\"dateModified\":\"2026-03-02T21:28:52+00:00\",\"description\":\"%\",\"breadcrumb\":{\"@id\":\"https:\/\/www.miamibeachfl.gov\/city-hall\/human-resources\/benefits\/benefit-summary\/employee-benefits-contact-info\/#breadcrumb\"},\"inLanguage\":\"de\",\"potentialAction\":[{\"@type\":\"ReadAction\",\"target\":[\"https:\/\/www.miamibeachfl.gov\/city-hall\/human-resources\/benefits\/benefit-summary\/employee-benefits-contact-info\/\"]}]},{\"@type\":\"ImageObject\",\"inLanguage\":\"de\",\"@id\":\"https:\/\/www.miamibeachfl.gov\/city-hall\/human-resources\/benefits\/benefit-summary\/employee-benefits-contact-info\/#primaryimage\",\"url\":\"https:\/\/www.miamibeachfl.gov\/wp-content\/uploads\/2022\/07\/hero-small.jpg\",\"contentUrl\":\"https:\/\/www.miamibeachfl.gov\/wp-content\/uploads\/2022\/07\/hero-small.jpg\"},{\"@type\":\"BreadcrumbList\",\"@id\":\"https:\/\/www.miamibeachfl.gov\/city-hall\/human-resources\/benefits\/benefit-summary\/employee-benefits-contact-info\/#breadcrumb\",\"itemListElement\":[{\"@type\":\"ListItem\",\"position\":1,\"name\":\"Home\",\"item\":\"https:\/\/www.miamibeachfl.gov\/\"},{\"@type\":\"ListItem\",\"position\":2,\"name\":\"City Hall\",\"item\":\"https:\/\/www.miamibeachfl.gov\/city-hall\/\"},{\"@type\":\"ListItem\",\"position\":3,\"name\":\"Human Resources\",\"item\":\"https:\/\/www.miamibeachfl.gov\/city-hall\/human-resources\/\"},{\"@type\":\"ListItem\",\"position\":4,\"name\":\"Benefits\",\"item\":\"https:\/\/www.miamibeachfl.gov\/city-hall\/human-resources\/benefits\/\"},{\"@type\":\"ListItem\",\"position\":5,\"name\":\"Employee Benefits Quicklinks\",\"item\":\"https:\/\/www.miamibeachfl.gov\/city-hall\/human-resources\/benefits\/benefit-summary\/\"},{\"@type\":\"ListItem\",\"position\":6,\"name\":\"Additional Benefit Options\"}]},{\"@type\":\"WebSite\",\"@id\":\"https:\/\/www.miamibeachfl.gov\/#website\",\"url\":\"https:\/\/www.miamibeachfl.gov\/\",\"name\":\"City of Miami Beach\",\"description\":\"The official website of the City of Miami Beach. Stay informed, find important information on city services, news, alerts, events, trolley routes, government employment and more.\",\"publisher\":{\"@id\":\"https:\/\/www.miamibeachfl.gov\/#organization\"},\"potentialAction\":[{\"@type\":\"SearchAction\",\"target\":{\"@type\":\"EntryPoint\",\"urlTemplate\":\"https:\/\/www.miamibeachfl.gov\/?s={search_term_string}\"},\"query-input\":{\"@type\":\"PropertyValueSpecification\",\"valueRequired\":true,\"valueName\":\"search_term_string\"}}],\"inLanguage\":\"de\"},{\"@type\":\"Organization\",\"@id\":\"https:\/\/www.miamibeachfl.gov\/#organization\",\"name\":\"City of Miami Beach\",\"url\":\"https:\/\/www.miamibeachfl.gov\/\",\"logo\":{\"@type\":\"ImageObject\",\"inLanguage\":\"de\",\"@id\":\"https:\/\/www.miamibeachfl.gov\/#\/schema\/logo\/image\/\",\"url\":\"https:\/\/www.miamibeachfl.gov\/wp-content\/uploads\/2022\/06\/miamibeach-logoblue.png\",\"contentUrl\":\"https:\/\/www.miamibeachfl.gov\/wp-content\/uploads\/2022\/06\/miamibeach-logoblue.png\",\"width\":1962,\"height\":381,\"caption\":\"City of Miami Beach\"},\"image\":{\"@id\":\"https:\/\/www.miamibeachfl.gov\/#\/schema\/logo\/image\/\"},\"sameAs\":[\"https:\/\/www.facebook.com\/cityofmiamibeach\",\"https:\/\/x.com\/Miamibeachnews\",\"https:\/\/www.instagram.com\/miamibeachnews\/\"],\"description\":\"The official website of the City of Miami Beach. Stay informed, find important information on city services, news, alerts, events, trolley routes, government employment and more.\",\"telephone\":\"305.604.CITY(2489)\",\"legalName\":\"City of Miami Beach\"}]}<\/script>\n<!-- \/ Yoast SEO Premium plugin. -->","yoast_head_json":{"title":"Zus\u00e4tzliche Leistungsoptionen \u2013 Stadt Miami Beach","description":"%","robots":{"index":"index","follow":"follow","max-snippet":"max-snippet:-1","max-image-preview":"max-image-preview:large","max-video-preview":"max-video-preview:-1"},"canonical":"https:\/\/www.miamibeachfl.gov\/de\/city-hall\/human-resources\/benefits\/benefit-summary\/employee-benefits-contact-info\/","og_locale":"de_DE","og_type":"article","og_title":"Additional Benefit Options","og_description":"%","og_url":"https:\/\/www.miamibeachfl.gov\/de\/city-hall\/human-resources\/benefits\/benefit-summary\/employee-benefits-contact-info\/","og_site_name":"City of Miami Beach","article_publisher":"https:\/\/www.facebook.com\/cityofmiamibeach","article_modified_time":"2026-03-02T21:28:52+00:00","og_image":[{"url":"https:\/\/www.miamibeachfl.gov\/wp-content\/uploads\/2022\/07\/hero-small.jpg","type":"","width":"","height":""}],"twitter_card":"summary_large_image","twitter_site":"@Miamibeachnews","schema":{"@context":"https:\/\/schema.org","@graph":[{"@type":"WebPage","@id":"https:\/\/www.miamibeachfl.gov\/city-hall\/human-resources\/benefits\/benefit-summary\/employee-benefits-contact-info\/","url":"https:\/\/www.miamibeachfl.gov\/city-hall\/human-resources\/benefits\/benefit-summary\/employee-benefits-contact-info\/","name":"Zus\u00e4tzliche Leistungsoptionen \u2013 Stadt Miami Beach","isPartOf":{"@id":"https:\/\/www.miamibeachfl.gov\/#website"},"primaryImageOfPage":{"@id":"https:\/\/www.miamibeachfl.gov\/city-hall\/human-resources\/benefits\/benefit-summary\/employee-benefits-contact-info\/#primaryimage"},"image":{"@id":"https:\/\/www.miamibeachfl.gov\/city-hall\/human-resources\/benefits\/benefit-summary\/employee-benefits-contact-info\/#primaryimage"},"thumbnailUrl":"https:\/\/www.miamibeachfl.gov\/wp-content\/uploads\/2022\/07\/hero-small.jpg","datePublished":"2017-08-11T00:07:06+00:00","dateModified":"2026-03-02T21:28:52+00:00","description":"%","breadcrumb":{"@id":"https:\/\/www.miamibeachfl.gov\/city-hall\/human-resources\/benefits\/benefit-summary\/employee-benefits-contact-info\/#breadcrumb"},"inLanguage":"de","potentialAction":[{"@type":"ReadAction","target":["https:\/\/www.miamibeachfl.gov\/city-hall\/human-resources\/benefits\/benefit-summary\/employee-benefits-contact-info\/"]}]},{"@type":"ImageObject","inLanguage":"de","@id":"https:\/\/www.miamibeachfl.gov\/city-hall\/human-resources\/benefits\/benefit-summary\/employee-benefits-contact-info\/#primaryimage","url":"https:\/\/www.miamibeachfl.gov\/wp-content\/uploads\/2022\/07\/hero-small.jpg","contentUrl":"https:\/\/www.miamibeachfl.gov\/wp-content\/uploads\/2022\/07\/hero-small.jpg"},{"@type":"BreadcrumbList","@id":"https:\/\/www.miamibeachfl.gov\/city-hall\/human-resources\/benefits\/benefit-summary\/employee-benefits-contact-info\/#breadcrumb","itemListElement":[{"@type":"ListItem","position":1,"name":"Home","item":"https:\/\/www.miamibeachfl.gov\/"},{"@type":"ListItem","position":2,"name":"City Hall","item":"https:\/\/www.miamibeachfl.gov\/city-hall\/"},{"@type":"ListItem","position":3,"name":"Human Resources","item":"https:\/\/www.miamibeachfl.gov\/city-hall\/human-resources\/"},{"@type":"ListItem","position":4,"name":"Benefits","item":"https:\/\/www.miamibeachfl.gov\/city-hall\/human-resources\/benefits\/"},{"@type":"ListItem","position":5,"name":"Employee Benefits Quicklinks","item":"https:\/\/www.miamibeachfl.gov\/city-hall\/human-resources\/benefits\/benefit-summary\/"},{"@type":"ListItem","position":6,"name":"Additional Benefit Options"}]},{"@type":"WebSite","@id":"https:\/\/www.miamibeachfl.gov\/#website","url":"https:\/\/www.miamibeachfl.gov\/","name":"Stadt Miami Beach","description":"Die offizielle Website der Stadt Miami Beach. Bleiben Sie informiert und finden Sie wichtige Informationen zu st\u00e4dtischen Dienstleistungen, Neuigkeiten, Warnungen, Veranstaltungen, Stra\u00dfenbahnlinien, Stellenangeboten im \u00f6ffentlichen Dienst und mehr.","publisher":{"@id":"https:\/\/www.miamibeachfl.gov\/#organization"},"potentialAction":[{"@type":"SearchAction","target":{"@type":"EntryPoint","urlTemplate":"https:\/\/www.miamibeachfl.gov\/?s={search_term_string}"},"query-input":{"@type":"PropertyValueSpecification","valueRequired":true,"valueName":"search_term_string"}}],"inLanguage":"de"},{"@type":"Organization","@id":"https:\/\/www.miamibeachfl.gov\/#organization","name":"Stadt Miami Beach","url":"https:\/\/www.miamibeachfl.gov\/","logo":{"@type":"ImageObject","inLanguage":"de","@id":"https:\/\/www.miamibeachfl.gov\/#\/schema\/logo\/image\/","url":"https:\/\/www.miamibeachfl.gov\/wp-content\/uploads\/2022\/06\/miamibeach-logoblue.png","contentUrl":"https:\/\/www.miamibeachfl.gov\/wp-content\/uploads\/2022\/06\/miamibeach-logoblue.png","width":1962,"height":381,"caption":"City of Miami Beach"},"image":{"@id":"https:\/\/www.miamibeachfl.gov\/#\/schema\/logo\/image\/"},"sameAs":["https:\/\/www.facebook.com\/cityofmiamibeach","https:\/\/x.com\/Miamibeachnews","https:\/\/www.instagram.com\/miamibeachnews\/"],"description":"Die offizielle Website der Stadt Miami Beach. Bleiben Sie informiert und finden Sie wichtige Informationen zu st\u00e4dtischen Dienstleistungen, Neuigkeiten, Warnungen, Veranstaltungen, Stra\u00dfenbahnlinien, Stellenangeboten im \u00f6ffentlichen Dienst und mehr.","telephone":"305.604.CITY(2489)","legalName":"City of Miami Beach"}]}},"_links":{"self":[{"href":"https:\/\/www.miamibeachfl.gov\/de\/wp-json\/wp\/v2\/pages\/28655","targetHints":{"allow":["GET"]}}],"collection":[{"href":"https:\/\/www.miamibeachfl.gov\/de\/wp-json\/wp\/v2\/pages"}],"about":[{"href":"https:\/\/www.miamibeachfl.gov\/de\/wp-json\/wp\/v2\/types\/page"}],"author":[{"embeddable":true,"href":"https:\/\/www.miamibeachfl.gov\/de\/wp-json\/wp\/v2\/users\/222"}],"replies":[{"embeddable":true,"href":"https:\/\/www.miamibeachfl.gov\/de\/wp-json\/wp\/v2\/comments?post=28655"}],"version-history":[{"count":0,"href":"https:\/\/www.miamibeachfl.gov\/de\/wp-json\/wp\/v2\/pages\/28655\/revisions"}],"up":[{"embeddable":true,"href":"https:\/\/www.miamibeachfl.gov\/de\/wp-json\/wp\/v2\/pages\/46767"}],"wp:attachment":[{"href":"https:\/\/www.miamibeachfl.gov\/de\/wp-json\/wp\/v2\/media?parent=28655"}],"wp:term":[{"taxonomy":"category","embeddable":true,"href":"https:\/\/www.miamibeachfl.gov\/de\/wp-json\/wp\/v2\/categories?post=28655"},{"taxonomy":"post_tag","embeddable":true,"href":"https:\/\/www.miamibeachfl.gov\/de\/wp-json\/wp\/v2\/tags?post=28655"}],"curies":[{"name":"wp","href":"https:\/\/api.w.org\/{rel}","templated":true}]}}