{"id":28687,"date":"2017-08-11T00:07:29","date_gmt":"2017-08-11T00:07:29","guid":{"rendered":"http:\/\/www.miamibeachfl.gov\/city-hall\/human-resources\/employee-labor-relations\/handbook-directory\/disciplinary-actions-and-appeals\/"},"modified":"2026-03-02T16:53:02","modified_gmt":"2026-03-02T21:53:02","slug":"disciplinary-actions-and-appeals","status":"publish","type":"page","link":"https:\/\/www.miamibeachfl.gov\/de\/city-hall\/human-resources\/employee-labor-relations\/handbook-directory\/disciplinary-actions-and-appeals\/","title":{"rendered":"Disziplinarma\u00dfnahmen und Einspr\u00fcche"},"content":{"rendered":"<img decoding=\"async\" src=\"https:\/\/www.miamibeachfl.gov\/wp-content\/uploads\/2022\/07\/hero-small.jpg\" alt=\"ocean drive art deco buildings\" itemprop=\"image\" height=\"211\" width=\"2395\" title=\"Held-klein\" onerror=\"this.style.display='none'\" loading=\"lazy\" \/>\n<h1>\n\t\t\tDisziplinarma\u00dfnahmen und Einspr\u00fcche\t<\/h1>\n\t<nav id=\"breadcrumbs\" aria-label=\"Paniermehl\"><a href=\"https:\/\/www.miamibeachfl.gov\/de\/\">Heim<\/a> &gt; <a href=\"https:\/\/www.miamibeachfl.gov\/de\/city-hall\/\">Rathaus<\/a> &gt; <a href=\"https:\/\/www.miamibeachfl.gov\/de\/city-hall\/human-resources\/\">Personalwesen<\/a> &gt; <a href=\"https:\/\/www.miamibeachfl.gov\/de\/city-hall\/human-resources\/employee-labor-relations\/\">Arbeitnehmer- und Arbeitsbeziehungen<\/a> &gt; <a href=\"https:\/\/www.miamibeachfl.gov\/de\/city-hall\/human-resources\/employee-labor-relations\/handbook-directory\/\">Mitarbeiterhandbuch<\/a> &gt; <strong>Disziplinarma\u00dfnahmen und Einspr\u00fcche<\/strong><\/nav>\n\t<p><strong>Disziplinarma\u00dfnahmen und Berufungsverfahren<\/strong><\/p>\n<p>Mitarbeiter der Tarifeinheiten AFSCME, CWA, FOP, GSA und IAFF mit regul\u00e4rem Status k\u00f6nnen im Rahmen des Beschwerdeverfahrens gegen Disziplinarma\u00dfnahmen Einspruch einlegen. Wir empfehlen Ihnen, vor Einreichung einer Beschwerde Ihren Tarifvertrag zu pr\u00fcfen, um sich mit dem Verfahren und den Fristen vertraut zu machen. Beschwerdeformulare finden Sie im Fish Tank im Bereich \u201eArbeitsbeziehungen\u201c der Personalabteilung.<\/p>\n<p>Mitarbeiter der Lohngruppe \u201eSonstige\u201c mit regul\u00e4rem Dienststatus k\u00f6nnen innerhalb von zehn (10) Kalendertagen nach Zustellung der Disziplinarma\u00dfnahme beim Personalrat schriftlich Einspruch einlegen. Mitarbeiter, die ihre Arbeit gut erledigen und sich sowohl im Beruf als auch privat ehrenhaft verhalten, m\u00fcssen sich kaum um Disziplinarma\u00dfnahmen sorgen. Die folgende Liste enth\u00e4lt h\u00e4ufige, aber nicht alle Gr\u00fcnde f\u00fcr Disziplinarma\u00dfnahmen, darunter Entlassung, Degradierung oder Suspendierung.<\/p>\n<ul>\n<li>Verurteilung wegen einer schweren Straftat<\/li>\n<li>Unw\u00fcrdiges Verhalten eines Stadtangestellten w\u00e4hrend der Dienstzeit oder au\u00dferhalb der Dienstzeit<\/li>\n<li>Gehorsamsverweigerung oder Versto\u00df gegen beh\u00f6rdliche Anordnungen oder Vorschriften<\/li>\n<li>Alkoholkonsum oder der Einfluss von Rauschmitteln oder Bet\u00e4ubungsmitteln w\u00e4hrend der Dienstzeit oder beim Tragen einer von der Stadt gestellten Uniform, egal ob im Dienst oder au\u00dferhalb des Dienstes<\/li>\n<li>Besitz, Konsum, Abgabe oder Verkauf illegaler Drogen oder kontrollierter Substanzen, die nicht von einem zugelassenen Arzt verschrieben wurden, unabh\u00e4ngig davon, ob sie im Dienst oder au\u00dferhalb des Dienstes sind<\/li>\n<li>Konsum oder Besitz von Alkohol w\u00e4hrend der Dienstzeit<\/li>\n<li>Beleidigendes und\/oder sch\u00e4ndliches Verhalten oder Sprache<\/li>\n<li>Fahrl\u00e4ssige oder vors\u00e4tzliche Besch\u00e4digung, Verschwendung oder Diebstahl von st\u00e4dtischem Eigentum<\/li>\n<li>Inkompetenz oder Ineffizienz<\/li>\n<li>Regelm\u00e4\u00dfiges Zusp\u00e4tkommen oder Fernbleiben vom Arbeitsplatz oder unerlaubte Abwesenheit<\/li>\n<li>Nutzung politischen Einflusses zur Sicherung von Bef\u00f6rderungen, Beurlaubungen, Versetzungen oder Klassenwechseln, der Bezahlung oder der Art der Arbeit<\/li>\n<li>Versto\u00df gegen die Personalordnung, die Arbeitsordnung oder die Abteilungsordnung<\/li>\n<li>Falsche Angaben im Bewerbungsformular oder in den entsprechenden Unterlagen vor der Einstellung; F\u00e4lschung von Arbeitszeitnachweisen oder Tagesberichtsprotokollen<\/li>\n<\/ul>\n\t\tNavigieren Sie zu\u2026\t\t\t\n\t\t\t\t\t<ul id=\"menu-hr-employee-handbook\"><li id=\"menu-item-363011\"><a href=\"\/de\/city-hall\/human-resources\/employee-labor-relations\/handbook-directory\/a-safe-and-healthful-workplace\/\">Sicherer und gesunder Arbeitsplatz<\/a><\/li>\n<li id=\"menu-item-363012\"><a href=\"\/de\/city-hall\/human-resources\/employee-labor-relations\/handbook-directory\/annual-and-sick-leave\/\">Jahresurlaub und Krankheitsurlaub<\/a><\/li>\n<li id=\"menu-item-363013\"><a href=\"\/de\/city-hall\/human-resources\/employee-labor-relations\/handbook-directory\/attendance\/\">Teilnahme<\/a><\/li>\n<li id=\"menu-item-363014\"><a href=\"\/de\/city-hall\/human-resources\/employee-labor-relations\/handbook-directory\/bereavement-leave\/\">Trauerurlaub<\/a><\/li>\n<li id=\"menu-item-363015\"><a href=\"\/de\/city-hall\/human-resources\/employee-labor-relations\/handbook-directory\/change-of-address-and-dependents\/\">Adress\u00e4nderung und Angeh\u00f6rigen\u00e4nderung<\/a><\/li>\n<li id=\"menu-item-363016\"><a href=\"\/de\/city-hall\/human-resources\/employee-labor-relations\/handbook-directory\/deferred-compensation-plan\/\">Aufgeschobener Verg\u00fctungsplan<\/a><\/li>\n<li id=\"menu-item-363017\"><a href=\"\/de\/city-hall\/human-resources\/employee-labor-relations\/handbook-directory\/disability-insurance\/\">Invalidit\u00e4tsversicherung<\/a><\/li>\n<li id=\"menu-item-363019\"><a href=\"\/de\/city-hall\/human-resources\/employee-labor-relations\/handbook-directory\/disciplinary-actions-and-appeals\/\">Disziplinarma\u00dfnahmen und Einspr\u00fcche<\/a><\/li>\n<li id=\"menu-item-363020\"><a href=\"\/de\/city-hall\/human-resources\/employee-labor-relations\/handbook-directory\/employee-handbook-is-a-guide\/\">Mitarbeiterhandbuch ist ein Leitfaden<\/a><\/li>\n<li id=\"menu-item-363021\"><a href=\"\/de\/city-hall\/human-resources\/employee-labor-relations\/handbook-directory\/family-and-medical-leave\/\">Familien- und Krankenurlaub<\/a><\/li>\n<li id=\"menu-item-363022\"><a href=\"\/de\/city-hall\/human-resources\/employee-labor-relations\/handbook-directory\/general-employees-retirement-system\/\">Allgemeines Rentensystem f\u00fcr Arbeitnehmer<\/a><\/li>\n<li id=\"menu-item-363023\"><a href=\"\/de\/city-hall\/human-resources\/employee-labor-relations\/handbook-directory\/group-medical-and-dental-plans\/\">Gruppen-Kranken- und Zahnversicherungen<\/a><\/li>\n<li id=\"menu-item-363024\"><a href=\"\/de\/city-hall\/human-resources\/employee-labor-relations\/handbook-directory\/in-service-training\/\">In-Service-Schulung<\/a><\/li>\n<li id=\"menu-item-363025\"><a href=\"\/de\/city-hall\/human-resources\/employee-labor-relations\/handbook-directory\/insurance-benefits\/\">Versicherungsleistungen<\/a><\/li>\n<li id=\"menu-item-363026\"><a href=\"\/de\/city-hall\/human-resources\/employee-labor-relations\/handbook-directory\/miami-beach-civil-service-system\/\">\u00d6ffentlicher Dienst in Miami Beach<\/a><\/li>\n<li id=\"menu-item-363027\"><a href=\"\/de\/city-hall\/human-resources\/employee-labor-relations\/handbook-directory\/miami-beach-federal-credit-union\/\">Miami Beach Federal Credit Union<\/a><\/li>\n<li id=\"menu-item-363028\"><a href=\"\/de\/city-hall\/human-resources\/employee-labor-relations\/handbook-directory\/mission-statement\/\">Leitbild<\/a><\/li>\n<li id=\"menu-item-363029\"><a href=\"\/de\/city-hall\/human-resources\/employee-labor-relations\/handbook-directory\/occupational-accidental-death-benefit\/\">Berufsunfall-Todesfallleistung<\/a><\/li>\n<li id=\"menu-item-363030\"><a href=\"\/de\/city-hall\/human-resources\/employee-labor-relations\/handbook-directory\/outside-employment\/\">Nebent\u00e4tigkeiten<\/a><\/li>\n<li id=\"menu-item-363031\"><a href=\"\/de\/city-hall\/human-resources\/employee-labor-relations\/handbook-directory\/paid-holidays\/\">Bezahlter Urlaub<\/a><\/li>\n<li id=\"menu-item-363032\"><a href=\"\/de\/city-hall\/human-resources\/employee-labor-relations\/handbook-directory\/performance-appraisals\/\">Leistungsbeurteilungen<\/a><\/li>\n<li id=\"menu-item-363033\"><a href=\"\/de\/city-hall\/human-resources\/employee-labor-relations\/handbook-directory\/pre-tax-payroll-deductions\/\">Lohnabz\u00fcge vor Steuern<\/a><\/li>\n<li id=\"menu-item-363034\"><a href=\"\/de\/city-hall\/human-resources\/employee-labor-relations\/handbook-directory\/probationary-and-part-time-employees\/\">Mitarbeiter auf Probe und Teilzeit<\/a><\/li>\n<li id=\"menu-item-363035\"><a href=\"\/de\/city-hall\/human-resources\/employee-labor-relations\/handbook-directory\/resigning-retiring-and-separating-from-service\/\">R\u00fccktritt, Ruhestand und Ausscheiden aus dem Dienst<\/a><\/li>\n<li id=\"menu-item-363036\"><a href=\"\/de\/city-hall\/human-resources\/employee-labor-relations\/handbook-directory\/special-awards-program\/\">Sonderpreisprogramm<\/a><\/li>\n<li id=\"menu-item-363037\"><a href=\"\/de\/city-hall\/human-resources\/employee-labor-relations\/handbook-directory\/suggestion-box\/\">Vorschlagsbox<\/a><\/li>\n<li id=\"menu-item-363038\"><a href=\"\/de\/city-hall\/human-resources\/employee-labor-relations\/handbook-directory\/the-personnel-board\/\">Der Personalrat<\/a><\/li>\n<li id=\"menu-item-363039\"><a href=\"\/de\/city-hall\/human-resources\/employee-labor-relations\/handbook-directory\/unclassified-employees-retirement-system\/\">Rentensystem f\u00fcr nicht klassifizierte Mitarbeiter<\/a><\/li>\n<li id=\"menu-item-363040\"><a href=\"\/de\/city-hall\/human-resources\/employee-labor-relations\/handbook-directory\/united-states-savings-bonds\/\">US-Sparbriefe<\/a><\/li>\n<li id=\"menu-item-363041\"><a href=\"\/de\/city-hall\/human-resources\/employee-labor-relations\/handbook-directory\/welcome-aboard\/\">Willkommen an Bord<\/a><\/li>\n<li id=\"menu-item-363042\"><a href=\"\/de\/city-hall\/human-resources\/employee-labor-relations\/handbook-directory\/your-pay\/\">Ihr Gehalt<\/a><\/li>\n<\/ul>\t\n\t<div class=\"page-navigation\"><a class=\"prev-page\" href=\"https:\/\/www.miamibeachfl.gov\/de\/city-hall\/human-resources\/employee-labor-relations\/handbook-directory\/special-awards-program\/\">\u2190 Sonderpreisprogramm<\/a> <a class=\"next-page\" href=\"https:\/\/www.miamibeachfl.gov\/de\/city-hall\/human-resources\/employee-labor-relations\/handbook-directory\/insurance-benefits\/\">Versicherungsleistungen \u2192<\/a><\/div>","protected":false},"excerpt":{"rendered":"<p>Disziplinarma\u00dfnahmen und Einspr\u00fcche Startseite &gt; Rathaus &gt; Personalwesen &gt; Mitarbeiter- und Arbeitsbeziehungen &gt; Mitarbeiterhandbuch &gt; [\u2026]<\/p>","protected":false},"author":222,"featured_media":0,"parent":28669,"menu_order":0,"comment_status":"closed","ping_status":"closed","template":"","meta":{"_searchwp_excluded":"","site-sidebar-layout":"default","site-content-layout":"","ast-site-content-layout":"default","site-content-style":"default","site-sidebar-style":"default","ast-global-header-display":"","ast-banner-title-visibility":"","ast-main-header-display":"","ast-hfb-above-header-display":"","ast-hfb-below-header-display":"","ast-hfb-mobile-header-display":"","site-post-title":"","ast-breadcrumbs-content":"","ast-featured-img":"","footer-sml-layout":"","theme-transparent-header-meta":"","adv-header-id-meta":"","stick-header-meta":"","header-above-stick-meta":"","header-main-stick-meta":"","header-below-stick-meta":"","astra-migrate-meta-layouts":"default","ast-page-background-enabled":"default","ast-page-background-meta":{"desktop":{"background-color":"var(--ast-global-color-5)","background-image":"","background-repeat":"repeat","background-position":"center center","background-size":"auto","background-attachment":"scroll","background-type":"","background-media":"","overlay-type":"","overlay-color":"","overlay-opacity":"","overlay-gradient":""},"tablet":{"background-color":"","background-image":"","background-repeat":"repeat","background-position":"center center","background-size":"auto","background-attachment":"scroll","background-type":"","background-media":"","overlay-type":"","overlay-color":"","overlay-opacity":"","overlay-gradient":""},"mobile":{"background-color":"","background-image":"","background-repeat":"repeat","background-position":"center center","background-size":"auto","background-attachment":"scroll","background-type":"","background-media":"","overlay-type":"","overlay-color":"","overlay-opacity":"","overlay-gradient":""}},"ast-content-background-meta":{"desktop":{"background-color":"var(--ast-global-color-4)","background-image":"","background-repeat":"repeat","background-position":"center center","background-size":"auto","background-attachment":"scroll","background-type":"","background-media":"","overlay-type":"","overlay-color":"","overlay-opacity":"","overlay-gradient":""},"tablet":{"background-color":"var(--ast-global-color-4)","background-image":"","background-repeat":"repeat","background-position":"center center","background-size":"auto","background-attachment":"scroll","background-type":"","background-media":"","overlay-type":"","overlay-color":"","overlay-opacity":"","overlay-gradient":""},"mobile":{"background-color":"var(--ast-global-color-4)","background-image":"","background-repeat":"repeat","background-position":"center center","background-size":"auto","background-attachment":"scroll","background-type":"","background-media":"","overlay-type":"","overlay-color":"","overlay-opacity":"","overlay-gradient":""}},"footnotes":""},"categories":[],"tags":[],"class_list":["post-28687","page","type-page","status-publish","hentry"],"yoast_head":"<!-- This site is optimized with the Yoast SEO Premium plugin v26.6 (Yoast SEO v26.6) - https:\/\/yoast.com\/wordpress\/plugins\/seo\/ -->\n<title>Disciplinary Actions And Appeals - City of Miami Beach<\/title>\n<meta name=\"description\" content=\"%\" \/>\n<meta name=\"robots\" content=\"index, follow, max-snippet:-1, max-image-preview:large, max-video-preview:-1\" \/>\n<link rel=\"canonical\" href=\"https:\/\/www.miamibeachfl.gov\/de\/city-hall\/human-resources\/employee-labor-relations\/handbook-directory\/disciplinary-actions-and-appeals\/\" \/>\n<meta property=\"og:locale\" content=\"de_DE\" \/>\n<meta property=\"og:type\" content=\"article\" \/>\n<meta property=\"og:title\" content=\"Disciplinary Actions And Appeals\" \/>\n<meta property=\"og:description\" content=\"%\" \/>\n<meta property=\"og:url\" content=\"https:\/\/www.miamibeachfl.gov\/de\/city-hall\/human-resources\/employee-labor-relations\/handbook-directory\/disciplinary-actions-and-appeals\/\" \/>\n<meta property=\"og:site_name\" content=\"City of Miami Beach\" \/>\n<meta property=\"article:publisher\" content=\"https:\/\/www.facebook.com\/cityofmiamibeach\" \/>\n<meta property=\"article:modified_time\" content=\"2026-03-02T21:53:02+00:00\" \/>\n<meta property=\"og:image\" content=\"https:\/\/www.miamibeachfl.gov\/wp-content\/uploads\/2022\/07\/hero-small.jpg\" \/>\n<meta name=\"twitter:card\" content=\"summary_large_image\" \/>\n<meta name=\"twitter:site\" content=\"@Miamibeachnews\" \/>\n<script type=\"application\/ld+json\" class=\"yoast-schema-graph\">{\"@context\":\"https:\/\/schema.org\",\"@graph\":[{\"@type\":\"WebPage\",\"@id\":\"https:\/\/www.miamibeachfl.gov\/city-hall\/human-resources\/employee-labor-relations\/handbook-directory\/disciplinary-actions-and-appeals\/\",\"url\":\"https:\/\/www.miamibeachfl.gov\/city-hall\/human-resources\/employee-labor-relations\/handbook-directory\/disciplinary-actions-and-appeals\/\",\"name\":\"Disciplinary Actions And Appeals - City of Miami Beach\",\"isPartOf\":{\"@id\":\"https:\/\/www.miamibeachfl.gov\/#website\"},\"primaryImageOfPage\":{\"@id\":\"https:\/\/www.miamibeachfl.gov\/city-hall\/human-resources\/employee-labor-relations\/handbook-directory\/disciplinary-actions-and-appeals\/#primaryimage\"},\"image\":{\"@id\":\"https:\/\/www.miamibeachfl.gov\/city-hall\/human-resources\/employee-labor-relations\/handbook-directory\/disciplinary-actions-and-appeals\/#primaryimage\"},\"thumbnailUrl\":\"https:\/\/www.miamibeachfl.gov\/wp-content\/uploads\/2022\/07\/hero-small.jpg\",\"datePublished\":\"2017-08-11T00:07:29+00:00\",\"dateModified\":\"2026-03-02T21:53:02+00:00\",\"description\":\"%\",\"breadcrumb\":{\"@id\":\"https:\/\/www.miamibeachfl.gov\/city-hall\/human-resources\/employee-labor-relations\/handbook-directory\/disciplinary-actions-and-appeals\/#breadcrumb\"},\"inLanguage\":\"de\",\"potentialAction\":[{\"@type\":\"ReadAction\",\"target\":[\"https:\/\/www.miamibeachfl.gov\/city-hall\/human-resources\/employee-labor-relations\/handbook-directory\/disciplinary-actions-and-appeals\/\"]}]},{\"@type\":\"ImageObject\",\"inLanguage\":\"de\",\"@id\":\"https:\/\/www.miamibeachfl.gov\/city-hall\/human-resources\/employee-labor-relations\/handbook-directory\/disciplinary-actions-and-appeals\/#primaryimage\",\"url\":\"https:\/\/www.miamibeachfl.gov\/wp-content\/uploads\/2022\/07\/hero-small.jpg\",\"contentUrl\":\"https:\/\/www.miamibeachfl.gov\/wp-content\/uploads\/2022\/07\/hero-small.jpg\"},{\"@type\":\"BreadcrumbList\",\"@id\":\"https:\/\/www.miamibeachfl.gov\/city-hall\/human-resources\/employee-labor-relations\/handbook-directory\/disciplinary-actions-and-appeals\/#breadcrumb\",\"itemListElement\":[{\"@type\":\"ListItem\",\"position\":1,\"name\":\"Home\",\"item\":\"https:\/\/www.miamibeachfl.gov\/\"},{\"@type\":\"ListItem\",\"position\":2,\"name\":\"City Hall\",\"item\":\"https:\/\/www.miamibeachfl.gov\/city-hall\/\"},{\"@type\":\"ListItem\",\"position\":3,\"name\":\"Human Resources\",\"item\":\"https:\/\/www.miamibeachfl.gov\/city-hall\/human-resources\/\"},{\"@type\":\"ListItem\",\"position\":4,\"name\":\"Employee &amp; Labor Relations\",\"item\":\"https:\/\/www.miamibeachfl.gov\/city-hall\/human-resources\/employee-labor-relations\/\"},{\"@type\":\"ListItem\",\"position\":5,\"name\":\"Employee Handbook\",\"item\":\"https:\/\/www.miamibeachfl.gov\/city-hall\/human-resources\/employee-labor-relations\/handbook-directory\/\"},{\"@type\":\"ListItem\",\"position\":6,\"name\":\"Disciplinary Actions And Appeals\"}]},{\"@type\":\"WebSite\",\"@id\":\"https:\/\/www.miamibeachfl.gov\/#website\",\"url\":\"https:\/\/www.miamibeachfl.gov\/\",\"name\":\"City of Miami Beach\",\"description\":\"The official website of the City of Miami Beach. Stay informed, find important information on city services, news, alerts, events, trolley routes, government employment and more.\",\"publisher\":{\"@id\":\"https:\/\/www.miamibeachfl.gov\/#organization\"},\"potentialAction\":[{\"@type\":\"SearchAction\",\"target\":{\"@type\":\"EntryPoint\",\"urlTemplate\":\"https:\/\/www.miamibeachfl.gov\/?s={search_term_string}\"},\"query-input\":{\"@type\":\"PropertyValueSpecification\",\"valueRequired\":true,\"valueName\":\"search_term_string\"}}],\"inLanguage\":\"de\"},{\"@type\":\"Organization\",\"@id\":\"https:\/\/www.miamibeachfl.gov\/#organization\",\"name\":\"City of Miami Beach\",\"url\":\"https:\/\/www.miamibeachfl.gov\/\",\"logo\":{\"@type\":\"ImageObject\",\"inLanguage\":\"de\",\"@id\":\"https:\/\/www.miamibeachfl.gov\/#\/schema\/logo\/image\/\",\"url\":\"https:\/\/www.miamibeachfl.gov\/wp-content\/uploads\/2022\/06\/miamibeach-logoblue.png\",\"contentUrl\":\"https:\/\/www.miamibeachfl.gov\/wp-content\/uploads\/2022\/06\/miamibeach-logoblue.png\",\"width\":1962,\"height\":381,\"caption\":\"City of Miami Beach\"},\"image\":{\"@id\":\"https:\/\/www.miamibeachfl.gov\/#\/schema\/logo\/image\/\"},\"sameAs\":[\"https:\/\/www.facebook.com\/cityofmiamibeach\",\"https:\/\/x.com\/Miamibeachnews\",\"https:\/\/www.instagram.com\/miamibeachnews\/\"],\"description\":\"The official website of the City of Miami Beach. Stay informed, find important information on city services, news, alerts, events, trolley routes, government employment and more.\",\"telephone\":\"305.604.CITY(2489)\",\"legalName\":\"City of Miami Beach\"}]}<\/script>\n<!-- \/ Yoast SEO Premium plugin. -->","yoast_head_json":{"title":"Disziplinarma\u00dfnahmen und Einspr\u00fcche - Stadt Miami Beach","description":"%","robots":{"index":"index","follow":"follow","max-snippet":"max-snippet:-1","max-image-preview":"max-image-preview:large","max-video-preview":"max-video-preview:-1"},"canonical":"https:\/\/www.miamibeachfl.gov\/de\/city-hall\/human-resources\/employee-labor-relations\/handbook-directory\/disciplinary-actions-and-appeals\/","og_locale":"de_DE","og_type":"article","og_title":"Disciplinary Actions And Appeals","og_description":"%","og_url":"https:\/\/www.miamibeachfl.gov\/de\/city-hall\/human-resources\/employee-labor-relations\/handbook-directory\/disciplinary-actions-and-appeals\/","og_site_name":"City of Miami Beach","article_publisher":"https:\/\/www.facebook.com\/cityofmiamibeach","article_modified_time":"2026-03-02T21:53:02+00:00","og_image":[{"url":"https:\/\/www.miamibeachfl.gov\/wp-content\/uploads\/2022\/07\/hero-small.jpg","type":"","width":"","height":""}],"twitter_card":"summary_large_image","twitter_site":"@Miamibeachnews","schema":{"@context":"https:\/\/schema.org","@graph":[{"@type":"WebPage","@id":"https:\/\/www.miamibeachfl.gov\/city-hall\/human-resources\/employee-labor-relations\/handbook-directory\/disciplinary-actions-and-appeals\/","url":"https:\/\/www.miamibeachfl.gov\/city-hall\/human-resources\/employee-labor-relations\/handbook-directory\/disciplinary-actions-and-appeals\/","name":"Disziplinarma\u00dfnahmen und Einspr\u00fcche - Stadt Miami Beach","isPartOf":{"@id":"https:\/\/www.miamibeachfl.gov\/#website"},"primaryImageOfPage":{"@id":"https:\/\/www.miamibeachfl.gov\/city-hall\/human-resources\/employee-labor-relations\/handbook-directory\/disciplinary-actions-and-appeals\/#primaryimage"},"image":{"@id":"https:\/\/www.miamibeachfl.gov\/city-hall\/human-resources\/employee-labor-relations\/handbook-directory\/disciplinary-actions-and-appeals\/#primaryimage"},"thumbnailUrl":"https:\/\/www.miamibeachfl.gov\/wp-content\/uploads\/2022\/07\/hero-small.jpg","datePublished":"2017-08-11T00:07:29+00:00","dateModified":"2026-03-02T21:53:02+00:00","description":"%","breadcrumb":{"@id":"https:\/\/www.miamibeachfl.gov\/city-hall\/human-resources\/employee-labor-relations\/handbook-directory\/disciplinary-actions-and-appeals\/#breadcrumb"},"inLanguage":"de","potentialAction":[{"@type":"ReadAction","target":["https:\/\/www.miamibeachfl.gov\/city-hall\/human-resources\/employee-labor-relations\/handbook-directory\/disciplinary-actions-and-appeals\/"]}]},{"@type":"ImageObject","inLanguage":"de","@id":"https:\/\/www.miamibeachfl.gov\/city-hall\/human-resources\/employee-labor-relations\/handbook-directory\/disciplinary-actions-and-appeals\/#primaryimage","url":"https:\/\/www.miamibeachfl.gov\/wp-content\/uploads\/2022\/07\/hero-small.jpg","contentUrl":"https:\/\/www.miamibeachfl.gov\/wp-content\/uploads\/2022\/07\/hero-small.jpg"},{"@type":"BreadcrumbList","@id":"https:\/\/www.miamibeachfl.gov\/city-hall\/human-resources\/employee-labor-relations\/handbook-directory\/disciplinary-actions-and-appeals\/#breadcrumb","itemListElement":[{"@type":"ListItem","position":1,"name":"Home","item":"https:\/\/www.miamibeachfl.gov\/"},{"@type":"ListItem","position":2,"name":"City Hall","item":"https:\/\/www.miamibeachfl.gov\/city-hall\/"},{"@type":"ListItem","position":3,"name":"Human Resources","item":"https:\/\/www.miamibeachfl.gov\/city-hall\/human-resources\/"},{"@type":"ListItem","position":4,"name":"Employee &amp; Labor Relations","item":"https:\/\/www.miamibeachfl.gov\/city-hall\/human-resources\/employee-labor-relations\/"},{"@type":"ListItem","position":5,"name":"Employee Handbook","item":"https:\/\/www.miamibeachfl.gov\/city-hall\/human-resources\/employee-labor-relations\/handbook-directory\/"},{"@type":"ListItem","position":6,"name":"Disciplinary Actions And Appeals"}]},{"@type":"WebSite","@id":"https:\/\/www.miamibeachfl.gov\/#website","url":"https:\/\/www.miamibeachfl.gov\/","name":"Stadt Miami Beach","description":"Die offizielle Website der Stadt Miami Beach. Bleiben Sie informiert und finden Sie wichtige Informationen zu st\u00e4dtischen Dienstleistungen, Neuigkeiten, Warnungen, Veranstaltungen, Stra\u00dfenbahnlinien, Stellenangeboten im \u00f6ffentlichen Dienst und mehr.","publisher":{"@id":"https:\/\/www.miamibeachfl.gov\/#organization"},"potentialAction":[{"@type":"SearchAction","target":{"@type":"EntryPoint","urlTemplate":"https:\/\/www.miamibeachfl.gov\/?s={search_term_string}"},"query-input":{"@type":"PropertyValueSpecification","valueRequired":true,"valueName":"search_term_string"}}],"inLanguage":"de"},{"@type":"Organization","@id":"https:\/\/www.miamibeachfl.gov\/#organization","name":"Stadt Miami Beach","url":"https:\/\/www.miamibeachfl.gov\/","logo":{"@type":"ImageObject","inLanguage":"de","@id":"https:\/\/www.miamibeachfl.gov\/#\/schema\/logo\/image\/","url":"https:\/\/www.miamibeachfl.gov\/wp-content\/uploads\/2022\/06\/miamibeach-logoblue.png","contentUrl":"https:\/\/www.miamibeachfl.gov\/wp-content\/uploads\/2022\/06\/miamibeach-logoblue.png","width":1962,"height":381,"caption":"City of Miami Beach"},"image":{"@id":"https:\/\/www.miamibeachfl.gov\/#\/schema\/logo\/image\/"},"sameAs":["https:\/\/www.facebook.com\/cityofmiamibeach","https:\/\/x.com\/Miamibeachnews","https:\/\/www.instagram.com\/miamibeachnews\/"],"description":"Die offizielle Website der Stadt Miami Beach. Bleiben Sie informiert und finden Sie wichtige Informationen zu st\u00e4dtischen Dienstleistungen, Neuigkeiten, Warnungen, Veranstaltungen, Stra\u00dfenbahnlinien, Stellenangeboten im \u00f6ffentlichen Dienst und mehr.","telephone":"305.604.CITY(2489)","legalName":"City of Miami Beach"}]}},"_links":{"self":[{"href":"https:\/\/www.miamibeachfl.gov\/de\/wp-json\/wp\/v2\/pages\/28687","targetHints":{"allow":["GET"]}}],"collection":[{"href":"https:\/\/www.miamibeachfl.gov\/de\/wp-json\/wp\/v2\/pages"}],"about":[{"href":"https:\/\/www.miamibeachfl.gov\/de\/wp-json\/wp\/v2\/types\/page"}],"author":[{"embeddable":true,"href":"https:\/\/www.miamibeachfl.gov\/de\/wp-json\/wp\/v2\/users\/222"}],"replies":[{"embeddable":true,"href":"https:\/\/www.miamibeachfl.gov\/de\/wp-json\/wp\/v2\/comments?post=28687"}],"version-history":[{"count":0,"href":"https:\/\/www.miamibeachfl.gov\/de\/wp-json\/wp\/v2\/pages\/28687\/revisions"}],"up":[{"embeddable":true,"href":"https:\/\/www.miamibeachfl.gov\/de\/wp-json\/wp\/v2\/pages\/28669"}],"wp:attachment":[{"href":"https:\/\/www.miamibeachfl.gov\/de\/wp-json\/wp\/v2\/media?parent=28687"}],"wp:term":[{"taxonomy":"category","embeddable":true,"href":"https:\/\/www.miamibeachfl.gov\/de\/wp-json\/wp\/v2\/categories?post=28687"},{"taxonomy":"post_tag","embeddable":true,"href":"https:\/\/www.miamibeachfl.gov\/de\/wp-json\/wp\/v2\/tags?post=28687"}],"curies":[{"name":"wp","href":"https:\/\/api.w.org\/{rel}","templated":true}]}}