{"id":28732,"date":"2017-08-11T00:07:55","date_gmt":"2017-08-11T00:07:55","guid":{"rendered":"http:\/\/www.miamibeachfl.gov\/city-hall\/information-technology\/mobile-apps\/"},"modified":"2025-06-20T14:02:25","modified_gmt":"2025-06-20T18:02:25","slug":"mobile-apps","status":"publish","type":"page","link":"https:\/\/www.miamibeachfl.gov\/de\/mobile-apps\/","title":{"rendered":"Mobile Apps"},"content":{"rendered":"<h2>\n\t\t\tMiami Beach Mobile Apps\t<\/h2>\n<h2>\n\t\t\tPark-Apps\t<\/h2>\n\t\t\t\t<img decoding=\"async\" src=\"https:\/\/www.miamibeachfl.gov\/wp-content\/uploads\/2023\/07\/parkmobile-parking-logo.png\" alt=\"parkmobile-parking-logo\" title=\"Parkmobile-Parking-Logo\" itemprop=\"image\"\/>\n\t\t<h3>ParkMobile App<\/h3>\t\t\t\n\t<p>ParkMobile bietet eine neue und bessere M\u00f6glichkeit, Parkgeb\u00fchren bequem per Handy zu bezahlen. Mit der mobilen App von ParkMobile starten Sie Ihren Parkvorgang in wenigen Sekunden. Wenn Sie ein anderes Auto als das registrierte fahren, k\u00f6nnen Sie die Parknummer schnell \u00e4ndern und Ihren Parkvorgang aktivieren. Sie k\u00f6nnen sich 15 Minuten vor Ablauf Ihrer Parkzeit per Push-Benachrichtigung benachrichtigen lassen. Sie k\u00f6nnen Ihre Parkgeb\u00fchren auch telefonisch bei ParkMobile bezahlen: <a href=\"tel:18777275714\">1-877-727-5714.<\/a><\/p>\n\t<a href=\"https:\/\/www2.paybyphone.com\/park-in-miami-beach\" target=\"_blank\" rel=\"noopener\" aria-label=\"Gehen Sie zu https:\/\/www2.paybyphone.com\/park-in-miami-beach\"><\/a>\n\t\t\t\t<img decoding=\"async\" src=\"https:\/\/www.miamibeachfl.gov\/wp-content\/uploads\/2023\/10\/paybyphonelogo.png\" alt=\"paybyphone\" title=\"paybyphonelogo\" itemprop=\"image\"\/>\n\t\t<h3>Bezahlen per Telefon<\/h3>\t\t\t\n\t<strong>Bezahlen Sie Ihr Parkgeld mit der PayByPhone-App in Miami Beach!<\/strong><br \/>\nMit PayByPhone bezahlen Sie Ihre Parkgeb\u00fchren in Sekundenschnelle an unseren Parkstandorten. Die App ist komplett bargeldlos, erinnert Sie an das Ablaufdatum Ihrer Parkzeit und erm\u00f6glicht Ihnen sogar die Verl\u00e4ngerung Ihrer Parkzeit von \u00fcberall aus! PayByPhone ist bequem, einfach und sicher.\n<h2>\n\t\t\tAndere Apps\t<\/h2>\n\t\t\t\t<img decoding=\"async\" src=\"https:\/\/www.miamibeachfl.gov\/wp-content\/uploads\/2017\/08\/smalln-197.jpg\" alt=\"smalln-197\" title=\"smalln-197\" itemprop=\"image\"\/>\n\t\t<h3>Informationen zu Miami Beach<\/h3>\t\t\t\n\t<p>Mit der Anwendung der Miami Beach Visitor and Convention Authority k\u00f6nnen Sie Unternehmen, Restaurants, Sehensw\u00fcrdigkeiten und Veranstaltungen in der Umgebung von Miami Beach anzeigen.<\/p>\n\t\t\t\t<img decoding=\"async\" src=\"https:\/\/www.miamibeachfl.gov\/wp-content\/uploads\/2023\/11\/MBtoursapp.webp\" alt=\"MBtoursapp\" title=\"MBtoursapp\" itemprop=\"image\"\/>\n\t\t<h3>Erleben Sie Miami Beach Tours<\/h3>\t\t\t\n\t<p>Miami Beach ist ein Zentrum f\u00fcr Kunst und Kultur und international bekannt f\u00fcr seine herausragende Sammlung interaktiver und immersiver Erlebnisse. Mit mehr als 15 erstklassigen Museen und Kultureinrichtungen, die von moderner und zeitgen\u00f6ssischer Kunst bis hin zu Werken im \u00f6ffentlichen Raum reichen, k\u00f6nnen Besucher die kreativen Talente und Gemeinschaften, die Miami Beach ausmachen, leicht entdecken.<\/p>\n<p>\u00dcber die EXP Miami Beach Tours App, die von der Miami Beach Visitor and Convention Authority entwickelt wurde, k\u00f6nnen Benutzer kuratierte Wandertouren und Reiserouten entdecken, die sich der Pr\u00e4sentation der vielen Wunder von Miami Beach widmen, darunter Kunst an \u00f6ffentlichen Orten, die f\u00fcnf wichtigsten LGBTQ-Standorte, LGBTQ-Nachtleben-Tour, Versteckte Kunst, Ein Tag in den architektonischen Wundern von Miami Beach, \u00d6ffentliche Kunst und ikonische Geschichte in Miami Beach und Art Outside Tour by the Bass.<\/p>\n\t\t\t\t<img decoding=\"async\" src=\"https:\/\/www.miamibeachfl.gov\/wp-content\/uploads\/2017\/08\/logo_sm_mdtransitn-1849.jpg\" alt=\"logo_sm_mdtransitn-1849\" title=\"logo_sm_mdtransitn-1849\" itemprop=\"image\"\/>\n\t\t<h3>Miami-Dade Transit App<\/h3>\t\t\t\n\t<p>Nutzen Sie diese mobile Anwendung als praktisches Hilfsmittel f\u00fcr Ihre Fahrten in Miami Beach. Mit der Anwendung k\u00f6nnen Sie Ihren Bus verfolgen, Fahrten planen, Beschwerden \u00fcber den Bus einreichen und Informationen zu Fahrpreisen, Betriebszeiten und Fahrgastbenachrichtigungen erhalten. Eine der neuesten Funktionen dieser mobilen Anwendung ist die Echtzeitverfolgung der Linie 123 South Beach Local (bisher nur f\u00fcr die Metrorail- und Kendall Cruise-Linie verf\u00fcgbar). Mit dieser Option erhalten Nutzer sofortige Informationen zum Busstandort und zur voraussichtlichen Ankunftszeit (ETA).<\/p>","protected":false},"excerpt":{"rendered":"<p>Miami Beach Mobile Apps Parking Apps ParkMobile App ParkMobile provides a new and better way to pay for parking using [&hellip;]<\/p>\n","protected":false},"author":222,"featured_media":0,"parent":0,"menu_order":40,"comment_status":"closed","ping_status":"closed","template":"","meta":{"_searchwp_excluded":"","site-sidebar-layout":"default","site-content-layout":"","ast-site-content-layout":"default","site-content-style":"default","site-sidebar-style":"default","ast-global-header-display":"","ast-banner-title-visibility":"","ast-main-header-display":"","ast-hfb-above-header-display":"","ast-hfb-below-header-display":"","ast-hfb-mobile-header-display":"","site-post-title":"","ast-breadcrumbs-content":"","ast-featured-img":"","footer-sml-layout":"","theme-transparent-header-meta":"","adv-header-id-meta":"","stick-header-meta":"","header-above-stick-meta":"","header-main-stick-meta":"","header-below-stick-meta":"","astra-migrate-meta-layouts":"default","ast-page-background-enabled":"default","ast-page-background-meta":{"desktop":{"background-color":"var(--ast-global-color-5)","background-image":"","background-repeat":"repeat","background-position":"center center","background-size":"auto","background-attachment":"scroll","background-type":"","background-media":"","overlay-type":"","overlay-color":"","overlay-opacity":"","overlay-gradient":""},"tablet":{"background-color":"","background-image":"","background-repeat":"repeat","background-position":"center center","background-size":"auto","background-attachment":"scroll","background-type":"","background-media":"","overlay-type":"","overlay-color":"","overlay-opacity":"","overlay-gradient":""},"mobile":{"background-color":"","background-image":"","background-repeat":"repeat","background-position":"center center","background-size":"auto","background-attachment":"scroll","background-type":"","background-media":"","overlay-type":"","overlay-color":"","overlay-opacity":"","overlay-gradient":""}},"ast-content-background-meta":{"desktop":{"background-color":"var(--ast-global-color-4)","background-image":"","background-repeat":"repeat","background-position":"center center","background-size":"auto","background-attachment":"scroll","background-type":"","background-media":"","overlay-type":"","overlay-color":"","overlay-opacity":"","overlay-gradient":""},"tablet":{"background-color":"var(--ast-global-color-4)","background-image":"","background-repeat":"repeat","background-position":"center center","background-size":"auto","background-attachment":"scroll","background-type":"","background-media":"","overlay-type":"","overlay-color":"","overlay-opacity":"","overlay-gradient":""},"mobile":{"background-color":"var(--ast-global-color-4)","background-image":"","background-repeat":"repeat","background-position":"center center","background-size":"auto","background-attachment":"scroll","background-type":"","background-media":"","overlay-type":"","overlay-color":"","overlay-opacity":"","overlay-gradient":""}},"footnotes":""},"categories":[],"tags":[],"class_list":["post-28732","page","type-page","status-publish","hentry"],"yoast_head":"<!-- This site is optimized with the Yoast SEO Premium plugin v27.4 (Yoast SEO v27.4) - https:\/\/yoast.com\/product\/yoast-seo-premium-wordpress\/ -->\n<title>Mobile Apps - City of Miami Beach<\/title>\n<meta name=\"description\" content=\"Mobile Apps with information about the City of Miami BThe City of Miami Beach at your fingertips. Download our free mobile app to report concerns, check current beach conditions, track the free citywide trolley, pay fees, stream MBTV live, stay current on city news and view a comprehensive calendar of meetings and events.ach.\" \/>\n<meta name=\"robots\" content=\"index, follow, max-snippet:-1, max-image-preview:large, max-video-preview:-1\" \/>\n<link rel=\"canonical\" href=\"https:\/\/www.miamibeachfl.gov\/de\/mobile-apps\/\" \/>\n<meta property=\"og:locale\" content=\"de_DE\" \/>\n<meta property=\"og:type\" content=\"article\" \/>\n<meta property=\"og:title\" content=\"Mobile Apps\" \/>\n<meta property=\"og:description\" content=\"Mobile Apps with information about the City of Miami BThe City of Miami Beach at your fingertips. Download our free mobile app to report concerns, check current beach conditions, track the free citywide trolley, pay fees, stream MBTV live, stay current on city news and view a comprehensive calendar of meetings and events.ach.\" \/>\n<meta property=\"og:url\" content=\"https:\/\/www.miamibeachfl.gov\/de\/mobile-apps\/\" \/>\n<meta property=\"og:site_name\" content=\"City of Miami Beach\" \/>\n<meta property=\"article:publisher\" content=\"https:\/\/www.facebook.com\/cityofmiamibeach\" \/>\n<meta property=\"article:modified_time\" content=\"2025-06-20T18:02:25+00:00\" \/>\n<meta property=\"og:image\" content=\"https:\/\/www.miamibeachfl.gov\/wp-content\/uploads\/2023\/11\/MBeGov.png\" \/>\n\t<meta property=\"og:image:width\" content=\"192\" \/>\n\t<meta property=\"og:image:height\" content=\"192\" \/>\n\t<meta property=\"og:image:type\" content=\"image\/png\" \/>\n<meta name=\"twitter:card\" content=\"summary_large_image\" \/>\n<meta name=\"twitter:site\" content=\"@Miamibeachnews\" \/>\n<script type=\"application\/ld+json\" class=\"yoast-schema-graph\">{\"@context\":\"https:\\\/\\\/schema.org\",\"@graph\":[{\"@type\":\"WebPage\",\"@id\":\"https:\\\/\\\/www.miamibeachfl.gov\\\/mobile-apps\\\/\",\"url\":\"https:\\\/\\\/www.miamibeachfl.gov\\\/mobile-apps\\\/\",\"name\":\"Mobile Apps - City of Miami Beach\",\"isPartOf\":{\"@id\":\"https:\\\/\\\/www.miamibeachfl.gov\\\/#website\"},\"primaryImageOfPage\":{\"@id\":\"https:\\\/\\\/www.miamibeachfl.gov\\\/mobile-apps\\\/#primaryimage\"},\"image\":{\"@id\":\"https:\\\/\\\/www.miamibeachfl.gov\\\/mobile-apps\\\/#primaryimage\"},\"thumbnailUrl\":\"https:\\\/\\\/www.miamibeachfl.gov\\\/wp-content\\\/uploads\\\/2023\\\/07\\\/parkmobile-parking-logo.png\",\"datePublished\":\"2017-08-11T00:07:55+00:00\",\"dateModified\":\"2025-06-20T18:02:25+00:00\",\"description\":\"Mobile Apps with information about the City of Miami BThe City of Miami Beach at your fingertips. Download our free mobile app to report concerns, check current beach conditions, track the free citywide trolley, pay fees, stream MBTV live, stay current on city news and view a comprehensive calendar of meetings and events.ach.\",\"breadcrumb\":{\"@id\":\"https:\\\/\\\/www.miamibeachfl.gov\\\/mobile-apps\\\/#breadcrumb\"},\"inLanguage\":\"de\",\"potentialAction\":[{\"@type\":\"ReadAction\",\"target\":[\"https:\\\/\\\/www.miamibeachfl.gov\\\/mobile-apps\\\/\"]}]},{\"@type\":\"ImageObject\",\"inLanguage\":\"de\",\"@id\":\"https:\\\/\\\/www.miamibeachfl.gov\\\/mobile-apps\\\/#primaryimage\",\"url\":\"https:\\\/\\\/www.miamibeachfl.gov\\\/wp-content\\\/uploads\\\/2023\\\/07\\\/parkmobile-parking-logo.png\",\"contentUrl\":\"https:\\\/\\\/www.miamibeachfl.gov\\\/wp-content\\\/uploads\\\/2023\\\/07\\\/parkmobile-parking-logo.png\"},{\"@type\":\"BreadcrumbList\",\"@id\":\"https:\\\/\\\/www.miamibeachfl.gov\\\/mobile-apps\\\/#breadcrumb\",\"itemListElement\":[{\"@type\":\"ListItem\",\"position\":1,\"name\":\"Home\",\"item\":\"https:\\\/\\\/www.miamibeachfl.gov\\\/\"},{\"@type\":\"ListItem\",\"position\":2,\"name\":\"Mobile Apps\"}]},{\"@type\":\"WebSite\",\"@id\":\"https:\\\/\\\/www.miamibeachfl.gov\\\/#website\",\"url\":\"https:\\\/\\\/www.miamibeachfl.gov\\\/\",\"name\":\"City of Miami Beach\",\"description\":\"The official website of the City of Miami Beach. Stay informed, find important information on city services, news, alerts, events, trolley routes, government employment and more.\",\"publisher\":{\"@id\":\"https:\\\/\\\/www.miamibeachfl.gov\\\/#organization\"},\"potentialAction\":[{\"@type\":\"SearchAction\",\"target\":{\"@type\":\"EntryPoint\",\"urlTemplate\":\"https:\\\/\\\/www.miamibeachfl.gov\\\/?s={search_term_string}\"},\"query-input\":{\"@type\":\"PropertyValueSpecification\",\"valueRequired\":true,\"valueName\":\"search_term_string\"}}],\"inLanguage\":\"de\"},{\"@type\":\"Organization\",\"@id\":\"https:\\\/\\\/www.miamibeachfl.gov\\\/#organization\",\"name\":\"City of Miami Beach\",\"url\":\"https:\\\/\\\/www.miamibeachfl.gov\\\/\",\"logo\":{\"@type\":\"ImageObject\",\"inLanguage\":\"de\",\"@id\":\"https:\\\/\\\/www.miamibeachfl.gov\\\/#\\\/schema\\\/logo\\\/image\\\/\",\"url\":\"https:\\\/\\\/www.miamibeachfl.gov\\\/wp-content\\\/uploads\\\/2022\\\/06\\\/miamibeach-logoblue.png\",\"contentUrl\":\"https:\\\/\\\/www.miamibeachfl.gov\\\/wp-content\\\/uploads\\\/2022\\\/06\\\/miamibeach-logoblue.png\",\"width\":1962,\"height\":381,\"caption\":\"City of Miami Beach\"},\"image\":{\"@id\":\"https:\\\/\\\/www.miamibeachfl.gov\\\/#\\\/schema\\\/logo\\\/image\\\/\"},\"sameAs\":[\"https:\\\/\\\/www.facebook.com\\\/cityofmiamibeach\",\"https:\\\/\\\/x.com\\\/Miamibeachnews\",\"https:\\\/\\\/www.instagram.com\\\/miamibeachnews\\\/\"],\"description\":\"The official website of the City of Miami Beach. Stay informed, find important information on city services, news, alerts, events, trolley routes, government employment and more.\",\"telephone\":\"305.604.CITY(2489)\",\"legalName\":\"City of Miami Beach\"}]}<\/script>\n<!-- \/ Yoast SEO Premium plugin. -->","yoast_head_json":{"title":"Mobile Apps \u2013 Stadt Miami Beach","description":"Mobile Apps mit Informationen \u00fcber die Stadt Miami. Die Stadt Miami Beach steht Ihnen zur Verf\u00fcgung. Laden Sie unsere kostenlose mobile App herunter, um Anliegen zu melden, den aktuellen Strandzustand zu pr\u00fcfen, den kostenlosen stadtweiten Trolley zu verfolgen, Geb\u00fchren zu bezahlen, MBTV live zu streamen, \u00fcber aktuelle Stadtnachrichten auf dem Laufenden zu bleiben und einen umfassenden Kalender mit Meetings und Veranstaltungen einzusehen.","robots":{"index":"index","follow":"follow","max-snippet":"max-snippet:-1","max-image-preview":"max-image-preview:large","max-video-preview":"max-video-preview:-1"},"canonical":"https:\/\/www.miamibeachfl.gov\/de\/mobile-apps\/","og_locale":"de_DE","og_type":"article","og_title":"Mobile Apps","og_description":"Mobile Apps with information about the City of Miami BThe City of Miami Beach at your fingertips. Download our free mobile app to report concerns, check current beach conditions, track the free citywide trolley, pay fees, stream MBTV live, stay current on city news and view a comprehensive calendar of meetings and events.ach.","og_url":"https:\/\/www.miamibeachfl.gov\/de\/mobile-apps\/","og_site_name":"City of Miami Beach","article_publisher":"https:\/\/www.facebook.com\/cityofmiamibeach","article_modified_time":"2025-06-20T18:02:25+00:00","og_image":[{"width":192,"height":192,"url":"https:\/\/www.miamibeachfl.gov\/wp-content\/uploads\/2023\/11\/MBeGov.png","type":"image\/png"}],"twitter_card":"summary_large_image","twitter_site":"@Miamibeachnews","schema":{"@context":"https:\/\/schema.org","@graph":[{"@type":"WebPage","@id":"https:\/\/www.miamibeachfl.gov\/mobile-apps\/","url":"https:\/\/www.miamibeachfl.gov\/mobile-apps\/","name":"Mobile Apps \u2013 Stadt Miami Beach","isPartOf":{"@id":"https:\/\/www.miamibeachfl.gov\/#website"},"primaryImageOfPage":{"@id":"https:\/\/www.miamibeachfl.gov\/mobile-apps\/#primaryimage"},"image":{"@id":"https:\/\/www.miamibeachfl.gov\/mobile-apps\/#primaryimage"},"thumbnailUrl":"https:\/\/www.miamibeachfl.gov\/wp-content\/uploads\/2023\/07\/parkmobile-parking-logo.png","datePublished":"2017-08-11T00:07:55+00:00","dateModified":"2025-06-20T18:02:25+00:00","description":"Mobile Apps mit Informationen \u00fcber die Stadt Miami. Die Stadt Miami Beach steht Ihnen zur Verf\u00fcgung. Laden Sie unsere kostenlose mobile App herunter, um Anliegen zu melden, den aktuellen Strandzustand zu pr\u00fcfen, den kostenlosen stadtweiten Trolley zu verfolgen, Geb\u00fchren zu bezahlen, MBTV live zu streamen, \u00fcber aktuelle Stadtnachrichten auf dem Laufenden zu bleiben und einen umfassenden Kalender mit Meetings und Veranstaltungen einzusehen.","breadcrumb":{"@id":"https:\/\/www.miamibeachfl.gov\/mobile-apps\/#breadcrumb"},"inLanguage":"de","potentialAction":[{"@type":"ReadAction","target":["https:\/\/www.miamibeachfl.gov\/mobile-apps\/"]}]},{"@type":"ImageObject","inLanguage":"de","@id":"https:\/\/www.miamibeachfl.gov\/mobile-apps\/#primaryimage","url":"https:\/\/www.miamibeachfl.gov\/wp-content\/uploads\/2023\/07\/parkmobile-parking-logo.png","contentUrl":"https:\/\/www.miamibeachfl.gov\/wp-content\/uploads\/2023\/07\/parkmobile-parking-logo.png"},{"@type":"BreadcrumbList","@id":"https:\/\/www.miamibeachfl.gov\/mobile-apps\/#breadcrumb","itemListElement":[{"@type":"ListItem","position":1,"name":"Home","item":"https:\/\/www.miamibeachfl.gov\/"},{"@type":"ListItem","position":2,"name":"Mobile Apps"}]},{"@type":"WebSite","@id":"https:\/\/www.miamibeachfl.gov\/#website","url":"https:\/\/www.miamibeachfl.gov\/","name":"Stadt Miami Beach","description":"Die offizielle Website der Stadt Miami Beach. Bleiben Sie informiert und finden Sie wichtige Informationen zu st\u00e4dtischen Dienstleistungen, Neuigkeiten, Warnungen, Veranstaltungen, Stra\u00dfenbahnlinien, Stellenangeboten im \u00f6ffentlichen Dienst und mehr.","publisher":{"@id":"https:\/\/www.miamibeachfl.gov\/#organization"},"potentialAction":[{"@type":"SearchAction","target":{"@type":"EntryPoint","urlTemplate":"https:\/\/www.miamibeachfl.gov\/?s={search_term_string}"},"query-input":{"@type":"PropertyValueSpecification","valueRequired":true,"valueName":"search_term_string"}}],"inLanguage":"de"},{"@type":"Organization","@id":"https:\/\/www.miamibeachfl.gov\/#organization","name":"Stadt Miami Beach","url":"https:\/\/www.miamibeachfl.gov\/","logo":{"@type":"ImageObject","inLanguage":"de","@id":"https:\/\/www.miamibeachfl.gov\/#\/schema\/logo\/image\/","url":"https:\/\/www.miamibeachfl.gov\/wp-content\/uploads\/2022\/06\/miamibeach-logoblue.png","contentUrl":"https:\/\/www.miamibeachfl.gov\/wp-content\/uploads\/2022\/06\/miamibeach-logoblue.png","width":1962,"height":381,"caption":"City of Miami Beach"},"image":{"@id":"https:\/\/www.miamibeachfl.gov\/#\/schema\/logo\/image\/"},"sameAs":["https:\/\/www.facebook.com\/cityofmiamibeach","https:\/\/x.com\/Miamibeachnews","https:\/\/www.instagram.com\/miamibeachnews\/"],"description":"Die offizielle Website der Stadt Miami Beach. Bleiben Sie informiert und finden Sie wichtige Informationen zu st\u00e4dtischen Dienstleistungen, Neuigkeiten, Warnungen, Veranstaltungen, Stra\u00dfenbahnlinien, Stellenangeboten im \u00f6ffentlichen Dienst und mehr.","telephone":"305.604.CITY(2489)","legalName":"City of Miami Beach"}]}},"_links":{"self":[{"href":"https:\/\/www.miamibeachfl.gov\/de\/wp-json\/wp\/v2\/pages\/28732","targetHints":{"allow":["GET"]}}],"collection":[{"href":"https:\/\/www.miamibeachfl.gov\/de\/wp-json\/wp\/v2\/pages"}],"about":[{"href":"https:\/\/www.miamibeachfl.gov\/de\/wp-json\/wp\/v2\/types\/page"}],"author":[{"embeddable":true,"href":"https:\/\/www.miamibeachfl.gov\/de\/wp-json\/wp\/v2\/users\/222"}],"replies":[{"embeddable":true,"href":"https:\/\/www.miamibeachfl.gov\/de\/wp-json\/wp\/v2\/comments?post=28732"}],"version-history":[{"count":3,"href":"https:\/\/www.miamibeachfl.gov\/de\/wp-json\/wp\/v2\/pages\/28732\/revisions"}],"predecessor-version":[{"id":384398,"href":"https:\/\/www.miamibeachfl.gov\/de\/wp-json\/wp\/v2\/pages\/28732\/revisions\/384398"}],"wp:attachment":[{"href":"https:\/\/www.miamibeachfl.gov\/de\/wp-json\/wp\/v2\/media?parent=28732"}],"wp:term":[{"taxonomy":"category","embeddable":true,"href":"https:\/\/www.miamibeachfl.gov\/de\/wp-json\/wp\/v2\/categories?post=28732"},{"taxonomy":"post_tag","embeddable":true,"href":"https:\/\/www.miamibeachfl.gov\/de\/wp-json\/wp\/v2\/tags?post=28732"}],"curies":[{"name":"wp","href":"https:\/\/api.w.org\/{rel}","templated":true}]}}