{"id":28743,"date":"2017-08-11T00:08:00","date_gmt":"2017-08-11T00:08:00","guid":{"rendered":"http:\/\/www.miamibeachfl.gov\/city-hall\/transportation\/"},"modified":"2026-03-13T15:29:19","modified_gmt":"2026-03-13T19:29:19","slug":"transportation","status":"publish","type":"page","link":"https:\/\/www.miamibeachfl.gov\/de\/city-hall\/transportation\/","title":{"rendered":"Transport &amp; Mobilit\u00e4t"},"content":{"rendered":"<h1>\n\t\t\tTransport und Mobilit\u00e4t\t<\/h1>\n\t<nav id=\"breadcrumbs\" aria-label=\"Paniermehl\"><a href=\"https:\/\/www.miamibeachfl.gov\/de\/\">Heim<\/a> &gt; <a href=\"https:\/\/www.miamibeachfl.gov\/de\/city-hall\/\">Rathaus<\/a> &gt; <strong>Transport &amp; Mobilit\u00e4t<\/strong><\/nav>\n\t<p>Das Verkehrs- und Mobilit\u00e4tsamt der Stadt Miami Beach setzt sich daf\u00fcr ein, dass den Einwohnern und G\u00e4sten unseres tropischen Paradieses ein sicheres, effizientes, ausgewogenes und umweltfreundliches Verkehrssystem zur Verf\u00fcgung steht. Unter der Leitung der Stadtkommission unterst\u00fctzt das Amt die Umsetzung der im verabschiedeten Verkehrsmasterplan empfohlenen Projekte. Ziel ist es, eine umfassende multimodale Vision f\u00fcr die Verkehrszukunft der Stadt zu entwickeln.<\/p>\n<h2><strong>Mission<\/strong><\/h2>\n<p>\u201eUm die sichere und effiziente Bewegung von Personen und G\u00fctern in einem Transportsystem zu gew\u00e4hrleisten, das Mobilit\u00e4t, Lebensqualit\u00e4t und Zug\u00e4nglichkeit bietet und alternative Reisem\u00f6glichkeiten f\u00f6rdert, w\u00e4hrend gleichzeitig die \u00f6kologische und wirtschaftliche Nachhaltigkeit gew\u00e4hrleistet und die Lebensqualit\u00e4t aller verbessert wird, die in unserer lebendigen, tropischen, historischen Gemeinschaft leben, arbeiten und spielen.\u201c<\/p>\n\t\t\t\t<img decoding=\"async\" src=\"https:\/\/www.miamibeachfl.gov\/wp-content\/uploads\/2017\/11\/IMG_429420JoseGonzalez.jpeg\" alt=\"JoseGonzalez\" itemprop=\"image\" height=\"602\" width=\"600\" title=\"JoseGonzalez\" onerror=\"this.style.display='none'\" loading=\"lazy\" \/>\n<h2>\n\t\t\tJos\u00e9 R. Gonz\u00e1lez, PE\t<\/h2>\n\t<p>Herr Jos\u00e9 R. Gonz\u00e1lez ist ein anerkannter Experte im Transportbereich mit 30 Jahren Erfahrung im privaten und \u00f6ffentlichen Sektor.\u00a0\u00a0<strong><a href=\"https:\/\/www.miamibeachfl.gov\/de\/city-hall\/transportation\/jose-gonzalez-bio\/\">Mehr lesen\u00a0<\/a><\/strong><\/p>\n<h2>\n\t\t\tTop Links\t<\/h2>\n\t\t\t<a href=\"https:\/\/www.miamibeachfl.gov\/de\/city-hall\/transportation\/water-taxi\/\" target=\"_self\">\n\t\t\t\t\t\t\tWassertaxi\n\t\t\t<\/a>\n\t\t\t<a href=\"https:\/\/tinyurl.com\/yalxoejf\" target=\"_self\">\n\t\t\t\t\t\t\tBeach Corridor Rapid Transit Project Projektentwicklung und Umwelt (PD&amp;E) Studie Entwurfsbericht\n\t\t\t<\/a>\n\t\t\t<a href=\"\/wp-content\/uploads\/2023\/11\/BetterBusInformation.pdf\" target=\"_self\">\n\t\t\t\t\t\t\tBessere Informationen zum Busnetz\n\t\t\t<\/a>\n\t\t\t<a href=\"\/de\/city-hall\/transportation\/trolley\/\" target=\"_self\">\n\t\t\t\t\t\t\tKostenloser Trolley im ganzen Stadtgebiet\n\t\t\t<\/a>\n\t\t\t<a href=\"http:\/\/www.i395-miami.com\/miamibeachtrafficreport\/\/kristy-bada-bio\/\" target=\"_self\">\n\t\t\t\t\t\t\tInteraktive Bauprojektkarte des FDOT\n\t\t\t<\/a>\n\t\t\t<a href=\"\/de\/city-hall\/transportation\/tracking-trolley-live\/\" target=\"_self\">\n\t\t\t\t\t\t\tLive-Trolley-Tracking\n\t\t\t<\/a>\n\t\t\t<a href=\"\/de\/city-hall\/transportation\/on-demand-transit-service\/\" target=\"_self\">\n\t\t\t\t\t\t\tFREEBEE On-Demand-Transit-Service\n\t\t\t<\/a>\n\t\t\t<a href=\"\/de\/city-hall\/parking\/transportation-parking-and-bicycle-pedestrian-facilities-committee\/\" target=\"_self\">\n\t\t\t\t\t\t\tAusschuss f\u00fcr Park- und Fahrrad-\/Fu\u00dfg\u00e4ngereinrichtungen\n\t\t\t<\/a>\n\t\t\t<a href=\"\/de\/city-hall\/transportation\/bicycle-and-pedestrians\/\" target=\"_self\">\n\t\t\t\t\t\t\tFu\u00dfg\u00e4nger und Fahrr\u00e4der\n\t\t\t<\/a>\n\t\t\t<a href=\"\/de\/city-hall\/transportation\/plans-studies\/\" target=\"_self\">\n\t\t\t\t\t\t\tPl\u00e4ne &amp; Studien\n\t\t\t<\/a>","protected":false},"excerpt":{"rendered":"<p><a href=\"tel:3056737514\" style=\"text-decoration:none; color:#004896;\"><br \/>\n    <i class=\"fa-solid fa-phone\"><\/i> 305.673.7514<\/a><\/p>","protected":false},"author":222,"featured_media":223970,"parent":28206,"menu_order":371,"comment_status":"closed","ping_status":"closed","template":"","meta":{"_searchwp_excluded":"","site-sidebar-layout":"default","site-content-layout":"","ast-site-content-layout":"default","site-content-style":"default","site-sidebar-style":"default","ast-global-header-display":"","ast-banner-title-visibility":"","ast-main-header-display":"","ast-hfb-above-header-display":"","ast-hfb-below-header-display":"","ast-hfb-mobile-header-display":"","site-post-title":"","ast-breadcrumbs-content":"","ast-featured-img":"","footer-sml-layout":"","ast-disable-related-posts":"","theme-transparent-header-meta":"","adv-header-id-meta":"","stick-header-meta":"","header-above-stick-meta":"","header-main-stick-meta":"","header-below-stick-meta":"","astra-migrate-meta-layouts":"default","ast-page-background-enabled":"default","ast-page-background-meta":{"desktop":{"background-color":"var(--ast-global-color-5)","background-image":"","background-repeat":"repeat","background-position":"center center","background-size":"auto","background-attachment":"scroll","background-type":"","background-media":"","overlay-type":"","overlay-color":"","overlay-opacity":"","overlay-gradient":""},"tablet":{"background-color":"","background-image":"","background-repeat":"repeat","background-position":"center center","background-size":"auto","background-attachment":"scroll","background-type":"","background-media":"","overlay-type":"","overlay-color":"","overlay-opacity":"","overlay-gradient":""},"mobile":{"background-color":"","background-image":"","background-repeat":"repeat","background-position":"center center","background-size":"auto","background-attachment":"scroll","background-type":"","background-media":"","overlay-type":"","overlay-color":"","overlay-opacity":"","overlay-gradient":""}},"ast-content-background-meta":{"desktop":{"background-color":"var(--ast-global-color-4)","background-image":"","background-repeat":"repeat","background-position":"center center","background-size":"auto","background-attachment":"scroll","background-type":"","background-media":"","overlay-type":"","overlay-color":"","overlay-opacity":"","overlay-gradient":""},"tablet":{"background-color":"var(--ast-global-color-4)","background-image":"","background-repeat":"repeat","background-position":"center center","background-size":"auto","background-attachment":"scroll","background-type":"","background-media":"","overlay-type":"","overlay-color":"","overlay-opacity":"","overlay-gradient":""},"mobile":{"background-color":"var(--ast-global-color-4)","background-image":"","background-repeat":"repeat","background-position":"center center","background-size":"auto","background-attachment":"scroll","background-type":"","background-media":"","overlay-type":"","overlay-color":"","overlay-opacity":"","overlay-gradient":""}},"footnotes":""},"categories":[],"tags":[1730,1734],"class_list":["post-28743","page","type-page","status-publish","has-post-thumbnail","hentry","tag-city-services","tag-transportation"],"yoast_head":"<!-- This site is optimized with the Yoast SEO Premium plugin v27.4 (Yoast SEO v27.4) - https:\/\/yoast.com\/product\/yoast-seo-premium-wordpress\/ -->\n<title>Transportation &amp; Mobility - City of Miami Beach<\/title>\n<meta name=\"description\" content=\"The Transportation Department ensures the safe and efficient movement of people and goods in a wide ranging public transportation system.The City of Miami Beach\u2019s Transportation and Mobility Department works to ensure city residents and guests in our tropical paradise have a safe, efficient, balanced and environmentally sound transportation system.\" \/>\n<meta name=\"robots\" content=\"index, follow, max-snippet:-1, max-image-preview:large, max-video-preview:-1\" \/>\n<link rel=\"canonical\" href=\"https:\/\/www.miamibeachfl.gov\/de\/city-hall\/transportation\/\" \/>\n<meta property=\"og:locale\" content=\"de_DE\" \/>\n<meta property=\"og:type\" content=\"article\" \/>\n<meta property=\"og:title\" content=\"Transportation &amp; Mobility\" \/>\n<meta property=\"og:description\" content=\"The Transportation Department ensures the safe and efficient movement of people and goods in a wide ranging public transportation system.The City of Miami Beach\u2019s Transportation and Mobility Department works to ensure city residents and guests in our tropical paradise have a safe, efficient, balanced and environmentally sound transportation system.\" \/>\n<meta property=\"og:url\" content=\"https:\/\/www.miamibeachfl.gov\/de\/city-hall\/transportation\/\" \/>\n<meta property=\"og:site_name\" content=\"City of Miami Beach\" \/>\n<meta property=\"article:publisher\" content=\"https:\/\/www.facebook.com\/cityofmiamibeach\" \/>\n<meta property=\"article:modified_time\" content=\"2026-03-13T19:29:19+00:00\" \/>\n<meta property=\"og:image\" content=\"https:\/\/www.miamibeachfl.gov\/wp-content\/uploads\/2022\/09\/MiamiBeach-Trolley.jpg\" \/>\n\t<meta property=\"og:image:width\" content=\"1410\" \/>\n\t<meta property=\"og:image:height\" content=\"882\" \/>\n\t<meta property=\"og:image:type\" content=\"image\/jpeg\" \/>\n<meta name=\"twitter:card\" content=\"summary_large_image\" \/>\n<meta name=\"twitter:site\" content=\"@Miamibeachnews\" \/>\n<script type=\"application\/ld+json\" class=\"yoast-schema-graph\">{\"@context\":\"https:\\\/\\\/schema.org\",\"@graph\":[{\"@type\":\"WebPage\",\"@id\":\"https:\\\/\\\/www.miamibeachfl.gov\\\/city-hall\\\/transportation\\\/\",\"url\":\"https:\\\/\\\/www.miamibeachfl.gov\\\/city-hall\\\/transportation\\\/\",\"name\":\"Transportation & Mobility - City of Miami Beach\",\"isPartOf\":{\"@id\":\"https:\\\/\\\/www.miamibeachfl.gov\\\/#website\"},\"primaryImageOfPage\":{\"@id\":\"https:\\\/\\\/www.miamibeachfl.gov\\\/city-hall\\\/transportation\\\/#primaryimage\"},\"image\":{\"@id\":\"https:\\\/\\\/www.miamibeachfl.gov\\\/city-hall\\\/transportation\\\/#primaryimage\"},\"thumbnailUrl\":\"https:\\\/\\\/www.miamibeachfl.gov\\\/wp-content\\\/uploads\\\/2022\\\/09\\\/MiamiBeach-Trolley.jpg\",\"datePublished\":\"2017-08-11T00:08:00+00:00\",\"dateModified\":\"2026-03-13T19:29:19+00:00\",\"description\":\"The Transportation Department ensures the safe and efficient movement of people and goods in a wide ranging public transportation system.The City of Miami Beach\u2019s Transportation and Mobility Department works to ensure city residents and guests in our tropical paradise have a safe, efficient, balanced and environmentally sound transportation system.\",\"breadcrumb\":{\"@id\":\"https:\\\/\\\/www.miamibeachfl.gov\\\/city-hall\\\/transportation\\\/#breadcrumb\"},\"inLanguage\":\"de\",\"potentialAction\":[{\"@type\":\"ReadAction\",\"target\":[\"https:\\\/\\\/www.miamibeachfl.gov\\\/city-hall\\\/transportation\\\/\"]}]},{\"@type\":\"ImageObject\",\"inLanguage\":\"de\",\"@id\":\"https:\\\/\\\/www.miamibeachfl.gov\\\/city-hall\\\/transportation\\\/#primaryimage\",\"url\":\"https:\\\/\\\/www.miamibeachfl.gov\\\/wp-content\\\/uploads\\\/2022\\\/09\\\/MiamiBeach-Trolley.jpg\",\"contentUrl\":\"https:\\\/\\\/www.miamibeachfl.gov\\\/wp-content\\\/uploads\\\/2022\\\/09\\\/MiamiBeach-Trolley.jpg\",\"width\":1410,\"height\":882,\"caption\":\"Miami Beach Getting Around the Free Trolley\"},{\"@type\":\"BreadcrumbList\",\"@id\":\"https:\\\/\\\/www.miamibeachfl.gov\\\/city-hall\\\/transportation\\\/#breadcrumb\",\"itemListElement\":[{\"@type\":\"ListItem\",\"position\":1,\"name\":\"Home\",\"item\":\"https:\\\/\\\/www.miamibeachfl.gov\\\/\"},{\"@type\":\"ListItem\",\"position\":2,\"name\":\"City Hall\",\"item\":\"https:\\\/\\\/www.miamibeachfl.gov\\\/city-hall\\\/\"},{\"@type\":\"ListItem\",\"position\":3,\"name\":\"Transportation &#038; Mobility\"}]},{\"@type\":\"WebSite\",\"@id\":\"https:\\\/\\\/www.miamibeachfl.gov\\\/#website\",\"url\":\"https:\\\/\\\/www.miamibeachfl.gov\\\/\",\"name\":\"City of Miami Beach\",\"description\":\"The official website of the City of Miami Beach. Stay informed, find important information on city services, news, alerts, events, trolley routes, government employment and more.\",\"publisher\":{\"@id\":\"https:\\\/\\\/www.miamibeachfl.gov\\\/#organization\"},\"potentialAction\":[{\"@type\":\"SearchAction\",\"target\":{\"@type\":\"EntryPoint\",\"urlTemplate\":\"https:\\\/\\\/www.miamibeachfl.gov\\\/?s={search_term_string}\"},\"query-input\":{\"@type\":\"PropertyValueSpecification\",\"valueRequired\":true,\"valueName\":\"search_term_string\"}}],\"inLanguage\":\"de\"},{\"@type\":\"Organization\",\"@id\":\"https:\\\/\\\/www.miamibeachfl.gov\\\/#organization\",\"name\":\"City of Miami Beach\",\"url\":\"https:\\\/\\\/www.miamibeachfl.gov\\\/\",\"logo\":{\"@type\":\"ImageObject\",\"inLanguage\":\"de\",\"@id\":\"https:\\\/\\\/www.miamibeachfl.gov\\\/#\\\/schema\\\/logo\\\/image\\\/\",\"url\":\"https:\\\/\\\/www.miamibeachfl.gov\\\/wp-content\\\/uploads\\\/2022\\\/06\\\/miamibeach-logoblue.png\",\"contentUrl\":\"https:\\\/\\\/www.miamibeachfl.gov\\\/wp-content\\\/uploads\\\/2022\\\/06\\\/miamibeach-logoblue.png\",\"width\":1962,\"height\":381,\"caption\":\"City of Miami Beach\"},\"image\":{\"@id\":\"https:\\\/\\\/www.miamibeachfl.gov\\\/#\\\/schema\\\/logo\\\/image\\\/\"},\"sameAs\":[\"https:\\\/\\\/www.facebook.com\\\/cityofmiamibeach\",\"https:\\\/\\\/x.com\\\/Miamibeachnews\",\"https:\\\/\\\/www.instagram.com\\\/miamibeachnews\\\/\"],\"description\":\"The official website of the City of Miami Beach. Stay informed, find important information on city services, news, alerts, events, trolley routes, government employment and more.\",\"telephone\":\"305.604.CITY(2489)\",\"legalName\":\"City of Miami Beach\"}]}<\/script>\n<!-- \/ Yoast SEO Premium plugin. -->","yoast_head_json":{"title":"Transport und Mobilit\u00e4t \u2013 Stadt Miami Beach","description":"Das Verkehrsministerium sorgt f\u00fcr die sichere und effiziente Bewegung von Personen und G\u00fctern in einem weitreichenden \u00f6ffentlichen Verkehrssystem. Das Verkehrs- und Mobilit\u00e4tsministerium der Stadt Miami Beach arbeitet daran, den Einwohnern und G\u00e4sten unseres tropischen Paradieses ein sicheres, effizientes, ausgewogenes und umweltfreundliches Verkehrssystem zur Verf\u00fcgung zu stellen.","robots":{"index":"index","follow":"follow","max-snippet":"max-snippet:-1","max-image-preview":"max-image-preview:large","max-video-preview":"max-video-preview:-1"},"canonical":"https:\/\/www.miamibeachfl.gov\/de\/city-hall\/transportation\/","og_locale":"de_DE","og_type":"article","og_title":"Transportation & Mobility","og_description":"The Transportation Department ensures the safe and efficient movement of people and goods in a wide ranging public transportation system.The City of Miami Beach\u2019s Transportation and Mobility Department works to ensure city residents and guests in our tropical paradise have a safe, efficient, balanced and environmentally sound transportation system.","og_url":"https:\/\/www.miamibeachfl.gov\/de\/city-hall\/transportation\/","og_site_name":"City of Miami Beach","article_publisher":"https:\/\/www.facebook.com\/cityofmiamibeach","article_modified_time":"2026-03-13T19:29:19+00:00","og_image":[{"width":1410,"height":882,"url":"https:\/\/www.miamibeachfl.gov\/wp-content\/uploads\/2022\/09\/MiamiBeach-Trolley.jpg","type":"image\/jpeg"}],"twitter_card":"summary_large_image","twitter_site":"@Miamibeachnews","schema":{"@context":"https:\/\/schema.org","@graph":[{"@type":"WebPage","@id":"https:\/\/www.miamibeachfl.gov\/city-hall\/transportation\/","url":"https:\/\/www.miamibeachfl.gov\/city-hall\/transportation\/","name":"Transport und Mobilit\u00e4t \u2013 Stadt Miami Beach","isPartOf":{"@id":"https:\/\/www.miamibeachfl.gov\/#website"},"primaryImageOfPage":{"@id":"https:\/\/www.miamibeachfl.gov\/city-hall\/transportation\/#primaryimage"},"image":{"@id":"https:\/\/www.miamibeachfl.gov\/city-hall\/transportation\/#primaryimage"},"thumbnailUrl":"https:\/\/www.miamibeachfl.gov\/wp-content\/uploads\/2022\/09\/MiamiBeach-Trolley.jpg","datePublished":"2017-08-11T00:08:00+00:00","dateModified":"2026-03-13T19:29:19+00:00","description":"Das Verkehrsministerium sorgt f\u00fcr die sichere und effiziente Bewegung von Personen und G\u00fctern in einem weitreichenden \u00f6ffentlichen Verkehrssystem. Das Verkehrs- und Mobilit\u00e4tsministerium der Stadt Miami Beach arbeitet daran, den Einwohnern und G\u00e4sten unseres tropischen Paradieses ein sicheres, effizientes, ausgewogenes und umweltfreundliches Verkehrssystem zur Verf\u00fcgung zu stellen.","breadcrumb":{"@id":"https:\/\/www.miamibeachfl.gov\/city-hall\/transportation\/#breadcrumb"},"inLanguage":"de","potentialAction":[{"@type":"ReadAction","target":["https:\/\/www.miamibeachfl.gov\/city-hall\/transportation\/"]}]},{"@type":"ImageObject","inLanguage":"de","@id":"https:\/\/www.miamibeachfl.gov\/city-hall\/transportation\/#primaryimage","url":"https:\/\/www.miamibeachfl.gov\/wp-content\/uploads\/2022\/09\/MiamiBeach-Trolley.jpg","contentUrl":"https:\/\/www.miamibeachfl.gov\/wp-content\/uploads\/2022\/09\/MiamiBeach-Trolley.jpg","width":1410,"height":882,"caption":"Miami Beach Getting Around the Free Trolley"},{"@type":"BreadcrumbList","@id":"https:\/\/www.miamibeachfl.gov\/city-hall\/transportation\/#breadcrumb","itemListElement":[{"@type":"ListItem","position":1,"name":"Home","item":"https:\/\/www.miamibeachfl.gov\/"},{"@type":"ListItem","position":2,"name":"City Hall","item":"https:\/\/www.miamibeachfl.gov\/city-hall\/"},{"@type":"ListItem","position":3,"name":"Transportation &#038; Mobility"}]},{"@type":"WebSite","@id":"https:\/\/www.miamibeachfl.gov\/#website","url":"https:\/\/www.miamibeachfl.gov\/","name":"Stadt Miami Beach","description":"Die offizielle Website der Stadt Miami Beach. Bleiben Sie informiert und finden Sie wichtige Informationen zu st\u00e4dtischen Dienstleistungen, Neuigkeiten, Warnungen, Veranstaltungen, Stra\u00dfenbahnlinien, Stellenangeboten im \u00f6ffentlichen Dienst und mehr.","publisher":{"@id":"https:\/\/www.miamibeachfl.gov\/#organization"},"potentialAction":[{"@type":"SearchAction","target":{"@type":"EntryPoint","urlTemplate":"https:\/\/www.miamibeachfl.gov\/?s={search_term_string}"},"query-input":{"@type":"PropertyValueSpecification","valueRequired":true,"valueName":"search_term_string"}}],"inLanguage":"de"},{"@type":"Organization","@id":"https:\/\/www.miamibeachfl.gov\/#organization","name":"Stadt Miami Beach","url":"https:\/\/www.miamibeachfl.gov\/","logo":{"@type":"ImageObject","inLanguage":"de","@id":"https:\/\/www.miamibeachfl.gov\/#\/schema\/logo\/image\/","url":"https:\/\/www.miamibeachfl.gov\/wp-content\/uploads\/2022\/06\/miamibeach-logoblue.png","contentUrl":"https:\/\/www.miamibeachfl.gov\/wp-content\/uploads\/2022\/06\/miamibeach-logoblue.png","width":1962,"height":381,"caption":"City of Miami Beach"},"image":{"@id":"https:\/\/www.miamibeachfl.gov\/#\/schema\/logo\/image\/"},"sameAs":["https:\/\/www.facebook.com\/cityofmiamibeach","https:\/\/x.com\/Miamibeachnews","https:\/\/www.instagram.com\/miamibeachnews\/"],"description":"Die offizielle Website der Stadt Miami Beach. Bleiben Sie informiert und finden Sie wichtige Informationen zu st\u00e4dtischen Dienstleistungen, Neuigkeiten, Warnungen, Veranstaltungen, Stra\u00dfenbahnlinien, Stellenangeboten im \u00f6ffentlichen Dienst und mehr.","telephone":"305.604.CITY(2489)","legalName":"City of Miami Beach"}]}},"_links":{"self":[{"href":"https:\/\/www.miamibeachfl.gov\/de\/wp-json\/wp\/v2\/pages\/28743","targetHints":{"allow":["GET"]}}],"collection":[{"href":"https:\/\/www.miamibeachfl.gov\/de\/wp-json\/wp\/v2\/pages"}],"about":[{"href":"https:\/\/www.miamibeachfl.gov\/de\/wp-json\/wp\/v2\/types\/page"}],"author":[{"embeddable":true,"href":"https:\/\/www.miamibeachfl.gov\/de\/wp-json\/wp\/v2\/users\/222"}],"replies":[{"embeddable":true,"href":"https:\/\/www.miamibeachfl.gov\/de\/wp-json\/wp\/v2\/comments?post=28743"}],"version-history":[{"count":8,"href":"https:\/\/www.miamibeachfl.gov\/de\/wp-json\/wp\/v2\/pages\/28743\/revisions"}],"predecessor-version":[{"id":397382,"href":"https:\/\/www.miamibeachfl.gov\/de\/wp-json\/wp\/v2\/pages\/28743\/revisions\/397382"}],"up":[{"embeddable":true,"href":"https:\/\/www.miamibeachfl.gov\/de\/wp-json\/wp\/v2\/pages\/28206"}],"wp:featuredmedia":[{"embeddable":true,"href":"https:\/\/www.miamibeachfl.gov\/de\/wp-json\/wp\/v2\/media\/223970"}],"wp:attachment":[{"href":"https:\/\/www.miamibeachfl.gov\/de\/wp-json\/wp\/v2\/media?parent=28743"}],"wp:term":[{"taxonomy":"category","embeddable":true,"href":"https:\/\/www.miamibeachfl.gov\/de\/wp-json\/wp\/v2\/categories?post=28743"},{"taxonomy":"post_tag","embeddable":true,"href":"https:\/\/www.miamibeachfl.gov\/de\/wp-json\/wp\/v2\/tags?post=28743"}],"curies":[{"name":"wp","href":"https:\/\/api.w.org\/{rel}","templated":true}]}}