{"id":28744,"date":"2017-08-11T00:08:01","date_gmt":"2017-08-11T00:08:01","guid":{"rendered":"http:\/\/www.miamibeachfl.gov\/city-hall\/transportation\/trolley\/"},"modified":"2026-03-06T16:20:17","modified_gmt":"2026-03-06T21:20:17","slug":"trolley","status":"publish","type":"page","link":"https:\/\/www.miamibeachfl.gov\/de\/city-hall\/transportation\/trolley\/","title":{"rendered":"Kostenloser Trolley im ganzen Stadtgebiet"},"content":{"rendered":"<img decoding=\"async\" src=\"https:\/\/www.miamibeachfl.gov\/wp-content\/uploads\/2026\/03\/trolleyillustration.png\" alt=\"trolley logo\" itemprop=\"image\" height=\"225\" width=\"197\" title=\"Trolley-Illustration\" onerror=\"this.style.display='none'\" loading=\"lazy\" \/>\n<h1>\n\t\t\tStadtweite kostenlose Stra\u00dfenbahn\t<\/h1>\n\t<nav id=\"breadcrumbs\" aria-label=\"Paniermehl\"><a href=\"https:\/\/www.miamibeachfl.gov\/de\/\">Heim<\/a> &gt; <a href=\"https:\/\/www.miamibeachfl.gov\/de\/city-hall\/\">Rathaus<\/a> &gt; <a href=\"https:\/\/www.miamibeachfl.gov\/de\/city-hall\/transportation\/\">Transport &amp; Mobilit\u00e4t<\/a> &gt; <strong>Kostenloser Trolley im ganzen Stadtgebiet<\/strong><\/nav>\n\t<p>Der stadtweite Trolley-Service ist derzeit 15 Stunden am Tag, von 8 bis 23 Uhr, an 7 Tagen in der Woche in Betrieb und verkehrt auf jeder Strecke im Durchschnitt etwa alle 20 Minuten.<\/p>\n<p>Wir danken Ihnen f\u00fcr Ihre anhaltende Unterst\u00fctzung und freuen uns darauf, Ihnen zu dienen!<\/p>\n<h2>\n\t\t\tLASSEN SIE UNS FAHREN!\t<\/h2>\n\t<p>Der KOSTENLOSE Trolley von Miami Beach stellt eine zuverl\u00e4ssige Transportalternative dar, die das bestehende Verkehrsnetz erg\u00e4nzt und eine Anbindung an regionale Verkehrswege erm\u00f6glicht. Dadurch wird die Mobilit\u00e4t und die Lebensqualit\u00e4t der Einwohner und Besucher gleicherma\u00dfen verbessert.<\/p>\n\t\t\t\t<a href=\"\/de\/city-hall\/transportation\/trolley\/south-beach-trolley\/\"  target=\"_self\" itemprop=\"url\">\n\t\t\t\t<img decoding=\"async\" src=\"https:\/\/www.miamibeachfl.gov\/wp-content\/uploads\/2017\/11\/SouthBeachLoop.png\" alt=\"South Beach Trolley Loop\" itemprop=\"image\" height=\"376\" width=\"376\" title=\"SouthBeachLoop\" onerror=\"this.style.display='none'\" loading=\"lazy\" \/>\n\t\t\t\t<\/a>\n<h3>\n\t\t<a href=\"\/de\/city-hall\/transportation\/trolley\/south-beach-trolley\/\" title=\"South Beach-Runde\"  target=\"_self\">\n\t\t\tSouth Beach-Runde\t\t<\/a>\n\t<\/h3>\n\t\t\t\t<a href=\"\/de\/city-hall\/transportation\/trolley\/middle-beach-loop\/\"  target=\"_self\" itemprop=\"url\">\n\t\t\t\t<img decoding=\"async\" src=\"https:\/\/www.miamibeachfl.gov\/wp-content\/uploads\/2017\/11\/MiddleBeachLoop.png\" alt=\"Middle Beach Loop Icon\" itemprop=\"image\" height=\"376\" width=\"376\" title=\"MiddleBeachLoop\" onerror=\"this.style.display='none'\" loading=\"lazy\" \/>\n\t\t\t\t<\/a>\n<h3>\n\t\t<a href=\"\/de\/city-hall\/transportation\/trolley\/middle-beach-loop\/\" title=\"Middle Beach-Rundweg\"  target=\"_self\">\n\t\t\tMiddle Beach-Rundweg\t\t<\/a>\n\t<\/h3>\n\t\t\t\t<a href=\"\/de\/city-hall\/transportation\/trolley\/collins-express-2\/\"  target=\"_self\" itemprop=\"url\">\n\t\t\t\t<img decoding=\"async\" src=\"https:\/\/www.miamibeachfl.gov\/wp-content\/uploads\/2017\/11\/CollinsExpress.png\" alt=\"Collins Express Icon\" itemprop=\"image\" height=\"376\" width=\"376\" title=\"CollinsExpress\" onerror=\"this.style.display='none'\" loading=\"lazy\" \/>\n\t\t\t\t<\/a>\n<h3>\n\t\t<a href=\"\/de\/city-hall\/transportation\/trolley\/collins-express-2\/\" title=\"Collins Express\"  target=\"_self\">\n\t\t\tCollins Express\t\t<\/a>\n\t<\/h3>\n\t\t\t\t<a href=\"\/de\/city-hall\/transportation\/trolley\/north-beach-loop\/\"  target=\"_self\" itemprop=\"url\">\n\t\t\t\t<img decoding=\"async\" src=\"https:\/\/www.miamibeachfl.gov\/wp-content\/uploads\/2017\/11\/NorthBeachLoop.png\" alt=\"North Beach Loop Icon\" itemprop=\"image\" height=\"376\" width=\"376\" title=\"NorthBeachLoop\" onerror=\"this.style.display='none'\" loading=\"lazy\" \/>\n\t\t\t\t<\/a>\n<h3>\n\t\t<a href=\"\/de\/city-hall\/transportation\/trolley\/north-beach-loop\/\" title=\"North Beach-Schleife\"  target=\"_self\">\n\t\t\tNorth Beach-Schleife\t\t<\/a>\n\t<\/h3>\n\t\t\t<a href=\"https:\/\/www.miamibeachfl.gov\/de\/city-hall\/transportation\/trolley\/trolleytrackerapps\/\" target=\"_self\">\n\t\t\t\t\t\t\tTrack-Tracker-Apps\n\t\t\t<\/a>\n\t\t\t<a href=\"\/wp-content\/uploads\/2026\/03\/Trolley_WebMapUpdate_2026_v04.pdf\" target=\"_self\">\n\t\t\t\t\t\t\tTrolley-Serviceplan herunterladen\n\t\t\t<\/a>\n\t\t\t\t<a href=\"https:\/\/www.miamibeachfl.gov\/wp-content\/uploads\/2026\/03\/Trolley_WebMapUpdate_2026_v04.jpg\"  target=\"_self\" itemprop=\"url\">\n\t\t\t\t<img decoding=\"async\" src=\"https:\/\/www.miamibeachfl.gov\/wp-content\/uploads\/2026\/03\/Trolley_WebMapUpdate_2026_v04.jpg\" alt=\"Trolley map\" itemprop=\"image\" height=\"2133\" width=\"800\" title=\"Trolley_WebMapUpdate_2026_v04\" onerror=\"this.style.display='none'\" loading=\"lazy\" \/>\n\t\t\t\t<\/a>\n\t<h3><strong>Wichtige Informationen &amp; Tipps<\/strong><\/h3>\n<ul>\n<li>Alle Trolley-Fahrzeuge verf\u00fcgen \u00fcber Identifikationsnummern im vorderen Bereich, \u00fcber dem Fahrer und au\u00dfen am Fahrzeug. Bitte geben Sie bei der Meldung Ihres Anliegens die Fahrzeug-ID sowie Datum und Uhrzeit des Vorfalls an.<\/li>\n<li>Assistenzhunde m\u00fcssen stets an der Leine oder am Geschirr gef\u00fchrt und unter Kontrolle sein. Alle anderen Tiere m\u00fcssen in einer Transportbox untergebracht werden, die unter den Sitz des Trolleys passt.<\/li>\n<li>Um die Sicherheit der Fahrg\u00e4ste zu gew\u00e4hrleisten, d\u00fcrfen Fahrer Fahrg\u00e4ste NUR an daf\u00fcr vorgesehenen Stra\u00dfenbahnhaltestellen aufnehmen\/absetzen.<\/li>\n<li>An Bord der Fahrzeuge sind laute Musik, Speisen und Getr\u00e4nke nicht gestattet.<\/li>\n<li>Alle Trolleyfahrzeuge sind fahrradfreundlich und verf\u00fcgen \u00fcber zwei Fahrradst\u00e4nder zur Aufbewahrung.<\/li>\n<\/ul>\n<h3><strong>N\u00fctzliche Links<\/strong><\/h3>\n<ul>\n<li><strong><a title=\"Kundenrechte\" href=\"\/de\/city-hall\/transportation\/trolley\/customer-rights\/\" target=\"_blank\" rel=\"noopener noreferrer\">Kundenrechte anzeigen<\/a><\/strong><\/li>\n<li><strong><a title=\"Konform\/Feedback\" href=\"\/de\/city-hall\/transportation\/trolley\/trolley-feedback-form\/\" target=\"_blank\" rel=\"noopener noreferrer\">M\u00f6chten Sie eine Beschwerde einreichen oder Feedback geben?<\/a><\/strong><\/li>\n<li><strong><a href=\"\/wp-content\/uploads\/2020\/03\/CMB-Survey-Final-Report.pdf\">Abschlussbericht der Trolley-Umfrage<\/a><\/strong><\/li>\n<\/ul>\n<p>Bei Fragen, Kommentaren, Anliegen oder verlorenen Gegenst\u00e4nden rufen Sie uns an unter <a href=\"tel:3056737117\"><strong>305.673.7117<\/strong><\/a>.<\/p>\n<p>Wir w\u00fcrden uns freuen, von Ihnen zu h\u00f6ren!<\/p>\n\t<p>Planen Sie Ihre kostenlose Fahrt mit unserem <a href=\"#mbtrolleytracker\"><strong>Miami Beach Trolley Tracker<\/strong><\/a> \u2013 oder laden Sie die <strong><a href=\"#transitapp\">Transit App<\/a>.\u00a0<\/strong><\/p>\n<p><strong><a href=\"https:\/\/www.miamibeachfl.gov\/de\/city-hall\/transportation\/water-taxi\/\">Klicken Sie hier, um die Informationsseite zum Wassertaxi anzuzeigen.<\/a><\/strong>. <strong><a href=\"https:\/\/www.miamibeachfl.gov\/de\/visit-miami-beach\/getting-around\/\">Informationen zur Fortbewegung finden Sie hier.<\/a><\/strong><\/p>\n\t<iframe loading=\"lazy\" src=\"https:\/\/maps.trilliumtransit.com\/map\/feed\/miamibeach-fl-us\" width=\"100%\" height=\"1300\" title=\"Beschreibung des Iframe-Inhalts\">\n  <!-- Optional fallback content for browsers that don't support iframes -->\n  <p><a href=\"https:\/\/maps.trilliumtransit.com\/map\/feed\/miamibeach-fl-us\">Ihr Browser unterst\u00fctzt diese Funktion nicht. Klicken Sie hier, um den Einkaufswagen-Tracker anzuzeigen.<\/a><\/p>\n<\/iframe>\n\t\t\tTransit App\n\t\t\t\t<p>Die Transit App verbessert Ihre Echtzeit-Tracking-M\u00f6glichkeiten mit zus\u00e4tzlichen Funktionen, die Ihr Pendelerlebnis verbessern. Die Stadt \u00fcbernimmt die Kosten f\u00fcr das Premium-Abonnement der App, bekannt als \u201eRoyale\u201c, sodass alle unsere Nutzer diese Premium-Funktionen bei der Verfolgung der Trolleys in Miami Beach kostenlos nutzen k\u00f6nnen.<\/p>\n\t<p><strong>Erste Schritte mit der Transit-App in drei einfachen Schritten:<\/strong><\/p>\n<strong>1. Laden Sie die App herunter:<br \/>\n<\/strong><br \/>\n<a href=\"https:\/\/itunes.apple.com\/app\/apple-store\/id498151501?pt=2090552&amp;ct=website-homepage&amp;mt=8\"><img loading=\"lazy\" decoding=\"async\" src=\"https:\/\/www.miamibeachfl.gov\/wp-content\/uploads\/2024\/01\/AppleStoreButton.png\" alt=\"Download App from Apple Store Button\" width=\"211\" height=\"63\" \/><\/a>\n<p><a href=\"https:\/\/play.google.com\/store\/apps\/details?id=com.thetransitapp.droid&amp;referrer=utm_source%3Dtransit%26utm_medium%3Dwebsite-homepage%26utm_campaign%3Dwebsite-homepage\"><img loading=\"lazy\" decoding=\"async\" src=\"https:\/\/www.miamibeachfl.gov\/wp-content\/uploads\/2024\/01\/GooglePlayButton.png\" alt=\"Download app on Google Play\" width=\"212\" height=\"63\" \/><\/a><\/p>\n<p><strong>2. \u00d6ffnen Sie die App.<\/strong><\/p>\n<p><strong>3. Suchen Sie nach Miami Beach Trolleys-Routen, um mit der Verfolgung in Echtzeit zu beginnen.<\/strong><\/p>\n\t\t\t<a href=\"https:\/\/transitapp.com\/\" target=\"_self\">\n\t\t\t\t\t\tWeitere Informationen finden Sie auf der Website der Transit-App.\n\t\t\t\t\t<\/a>\n\t<p>Alternativ erreichen Sie uns auch unter <a href=\"tel:3056737117\">305.673.7117<\/a> um die voraussichtliche Ankunftszeit des Trolleys direkt mitzuteilen. Benutzer k\u00f6nnen auch die ID-Nummer der Haltestelle der Stadt Miami Beach (auf allen Trolley-Haltestellenschildern verf\u00fcgbar) per SMS an <a href=\"tel:7869814545\">786.981.4545<\/a> um Ankunftszeiten per SMS zu erhalten.<\/p>\n<p>Der kostenlose, stadtweite Trolley-Service von Miami Beach ist 15 Stunden am Tag, von 8 bis 23 Uhr, an 7 Tagen in der Woche in Betrieb und f\u00e4hrt auf jeder Strecke durchschnittlich etwa alle 20 Minuten.<\/p>\n\t<p><strong>Ben\u00f6tigen Sie zus\u00e4tzliche Unterst\u00fctzung?<\/strong> Wenn Sie Hilfe mit der Transit-App ben\u00f6tigen oder andere Fragen zu den Trolley-Diensten in Miami Beach haben, wenden Sie sich bitte an unseren Kundendienst unter <a href=\"mailto:trolley@miamibeachfl.gov\">trolley@miamibeachfl.gov<\/a><\/p>\n<p><strong>Der fr\u00fchere Trolley-Tracking-Anbieter der Stadt, TSO Mobile, ist nicht mehr im Dienst.<\/strong><\/p>","protected":false},"excerpt":{"rendered":"<p>Stadtweite kostenlose Stra\u00dfenbahn Startseite &gt; Rathaus &gt; Transport &amp; Mobilit\u00e4t &gt; Stadtweite kostenlose Stra\u00dfenbahn Der stadtweite Stra\u00dfenbahnservice bietet derzeit [\u2026]<\/p>","protected":false},"author":222,"featured_media":0,"parent":28743,"menu_order":248,"comment_status":"closed","ping_status":"closed","template":"","meta":{"_searchwp_excluded":"","site-sidebar-layout":"default","site-content-layout":"","ast-site-content-layout":"default","site-content-style":"default","site-sidebar-style":"default","ast-global-header-display":"","ast-banner-title-visibility":"","ast-main-header-display":"","ast-hfb-above-header-display":"","ast-hfb-below-header-display":"","ast-hfb-mobile-header-display":"","site-post-title":"","ast-breadcrumbs-content":"","ast-featured-img":"","footer-sml-layout":"","theme-transparent-header-meta":"","adv-header-id-meta":"","stick-header-meta":"","header-above-stick-meta":"","header-main-stick-meta":"","header-below-stick-meta":"","astra-migrate-meta-layouts":"default","ast-page-background-enabled":"default","ast-page-background-meta":{"desktop":{"background-color":"var(--ast-global-color-5)","background-image":"","background-repeat":"repeat","background-position":"center center","background-size":"auto","background-attachment":"scroll","background-type":"","background-media":"","overlay-type":"","overlay-color":"","overlay-opacity":"","overlay-gradient":""},"tablet":{"background-color":"","background-image":"","background-repeat":"repeat","background-position":"center center","background-size":"auto","background-attachment":"scroll","background-type":"","background-media":"","overlay-type":"","overlay-color":"","overlay-opacity":"","overlay-gradient":""},"mobile":{"background-color":"","background-image":"","background-repeat":"repeat","background-position":"center center","background-size":"auto","background-attachment":"scroll","background-type":"","background-media":"","overlay-type":"","overlay-color":"","overlay-opacity":"","overlay-gradient":""}},"ast-content-background-meta":{"desktop":{"background-color":"var(--ast-global-color-4)","background-image":"","background-repeat":"repeat","background-position":"center center","background-size":"auto","background-attachment":"scroll","background-type":"","background-media":"","overlay-type":"","overlay-color":"","overlay-opacity":"","overlay-gradient":""},"tablet":{"background-color":"var(--ast-global-color-4)","background-image":"","background-repeat":"repeat","background-position":"center center","background-size":"auto","background-attachment":"scroll","background-type":"","background-media":"","overlay-type":"","overlay-color":"","overlay-opacity":"","overlay-gradient":""},"mobile":{"background-color":"var(--ast-global-color-4)","background-image":"","background-repeat":"repeat","background-position":"center center","background-size":"auto","background-attachment":"scroll","background-type":"","background-media":"","overlay-type":"","overlay-color":"","overlay-opacity":"","overlay-gradient":""}},"footnotes":""},"categories":[],"tags":[],"class_list":["post-28744","page","type-page","status-publish","hentry"],"yoast_head":"<!-- This site is optimized with the Yoast SEO Premium plugin v26.6 (Yoast SEO v26.6) - https:\/\/yoast.com\/wordpress\/plugins\/seo\/ -->\n<title>Citywide Free Trolley - City of Miami Beach<\/title>\n<meta name=\"description\" content=\"The Miami Beach citywide trolley service currently operates 15 hours a day, from 8 a.m. to 11 p.m., 7 days a week at approximately 20-minute average service frequency along each route.\" \/>\n<meta name=\"robots\" content=\"index, follow, max-snippet:-1, max-image-preview:large, max-video-preview:-1\" \/>\n<link rel=\"canonical\" href=\"https:\/\/www.miamibeachfl.gov\/de\/city-hall\/transportation\/trolley\/\" \/>\n<meta property=\"og:locale\" content=\"de_DE\" \/>\n<meta property=\"og:type\" content=\"article\" \/>\n<meta property=\"og:title\" content=\"Citywide Free Trolley\" \/>\n<meta property=\"og:description\" content=\"The Miami Beach citywide trolley service currently operates 15 hours a day, from 8 a.m. to 11 p.m., 7 days a week at approximately 20-minute average service frequency along each route.\" \/>\n<meta property=\"og:url\" content=\"https:\/\/www.miamibeachfl.gov\/de\/city-hall\/transportation\/trolley\/\" \/>\n<meta property=\"og:site_name\" content=\"City of Miami Beach\" \/>\n<meta property=\"article:publisher\" content=\"https:\/\/www.facebook.com\/cityofmiamibeach\" \/>\n<meta property=\"article:modified_time\" content=\"2026-03-06T21:20:17+00:00\" \/>\n<meta property=\"og:image\" content=\"https:\/\/www.miamibeachfl.gov\/wp-content\/uploads\/2026\/03\/trolleyillustration.png\" \/>\n<meta name=\"twitter:card\" content=\"summary_large_image\" \/>\n<meta name=\"twitter:site\" content=\"@Miamibeachnews\" \/>\n<script type=\"application\/ld+json\" class=\"yoast-schema-graph\">{\"@context\":\"https:\/\/schema.org\",\"@graph\":[{\"@type\":\"WebPage\",\"@id\":\"https:\/\/www.miamibeachfl.gov\/city-hall\/transportation\/trolley\/\",\"url\":\"https:\/\/www.miamibeachfl.gov\/city-hall\/transportation\/trolley\/\",\"name\":\"Citywide Free Trolley - City of Miami Beach\",\"isPartOf\":{\"@id\":\"https:\/\/www.miamibeachfl.gov\/#website\"},\"primaryImageOfPage\":{\"@id\":\"https:\/\/www.miamibeachfl.gov\/city-hall\/transportation\/trolley\/#primaryimage\"},\"image\":{\"@id\":\"https:\/\/www.miamibeachfl.gov\/city-hall\/transportation\/trolley\/#primaryimage\"},\"thumbnailUrl\":\"https:\/\/www.miamibeachfl.gov\/wp-content\/uploads\/2026\/03\/trolleyillustration.png\",\"datePublished\":\"2017-08-11T00:08:01+00:00\",\"dateModified\":\"2026-03-06T21:20:17+00:00\",\"description\":\"The Miami Beach citywide trolley service currently operates 15 hours a day, from 8 a.m. to 11 p.m., 7 days a week at approximately 20-minute average service frequency along each route.\",\"breadcrumb\":{\"@id\":\"https:\/\/www.miamibeachfl.gov\/city-hall\/transportation\/trolley\/#breadcrumb\"},\"inLanguage\":\"de\",\"potentialAction\":[{\"@type\":\"ReadAction\",\"target\":[\"https:\/\/www.miamibeachfl.gov\/city-hall\/transportation\/trolley\/\"]}]},{\"@type\":\"ImageObject\",\"inLanguage\":\"de\",\"@id\":\"https:\/\/www.miamibeachfl.gov\/city-hall\/transportation\/trolley\/#primaryimage\",\"url\":\"https:\/\/www.miamibeachfl.gov\/wp-content\/uploads\/2026\/03\/trolleyillustration.png\",\"contentUrl\":\"https:\/\/www.miamibeachfl.gov\/wp-content\/uploads\/2026\/03\/trolleyillustration.png\"},{\"@type\":\"BreadcrumbList\",\"@id\":\"https:\/\/www.miamibeachfl.gov\/city-hall\/transportation\/trolley\/#breadcrumb\",\"itemListElement\":[{\"@type\":\"ListItem\",\"position\":1,\"name\":\"Home\",\"item\":\"https:\/\/www.miamibeachfl.gov\/\"},{\"@type\":\"ListItem\",\"position\":2,\"name\":\"City Hall\",\"item\":\"https:\/\/www.miamibeachfl.gov\/city-hall\/\"},{\"@type\":\"ListItem\",\"position\":3,\"name\":\"Transportation &#038; Mobility\",\"item\":\"https:\/\/www.miamibeachfl.gov\/city-hall\/transportation\/\"},{\"@type\":\"ListItem\",\"position\":4,\"name\":\"Citywide Free Trolley\"}]},{\"@type\":\"WebSite\",\"@id\":\"https:\/\/www.miamibeachfl.gov\/#website\",\"url\":\"https:\/\/www.miamibeachfl.gov\/\",\"name\":\"City of Miami Beach\",\"description\":\"The official website of the City of Miami Beach. Stay informed, find important information on city services, news, alerts, events, trolley routes, government employment and more.\",\"publisher\":{\"@id\":\"https:\/\/www.miamibeachfl.gov\/#organization\"},\"potentialAction\":[{\"@type\":\"SearchAction\",\"target\":{\"@type\":\"EntryPoint\",\"urlTemplate\":\"https:\/\/www.miamibeachfl.gov\/?s={search_term_string}\"},\"query-input\":{\"@type\":\"PropertyValueSpecification\",\"valueRequired\":true,\"valueName\":\"search_term_string\"}}],\"inLanguage\":\"de\"},{\"@type\":\"Organization\",\"@id\":\"https:\/\/www.miamibeachfl.gov\/#organization\",\"name\":\"City of Miami Beach\",\"url\":\"https:\/\/www.miamibeachfl.gov\/\",\"logo\":{\"@type\":\"ImageObject\",\"inLanguage\":\"de\",\"@id\":\"https:\/\/www.miamibeachfl.gov\/#\/schema\/logo\/image\/\",\"url\":\"https:\/\/www.miamibeachfl.gov\/wp-content\/uploads\/2022\/06\/miamibeach-logoblue.png\",\"contentUrl\":\"https:\/\/www.miamibeachfl.gov\/wp-content\/uploads\/2022\/06\/miamibeach-logoblue.png\",\"width\":1962,\"height\":381,\"caption\":\"City of Miami Beach\"},\"image\":{\"@id\":\"https:\/\/www.miamibeachfl.gov\/#\/schema\/logo\/image\/\"},\"sameAs\":[\"https:\/\/www.facebook.com\/cityofmiamibeach\",\"https:\/\/x.com\/Miamibeachnews\",\"https:\/\/www.instagram.com\/miamibeachnews\/\"],\"description\":\"The official website of the City of Miami Beach. Stay informed, find important information on city services, news, alerts, events, trolley routes, government employment and more.\",\"telephone\":\"305.604.CITY(2489)\",\"legalName\":\"City of Miami Beach\"}]}<\/script>\n<!-- \/ Yoast SEO Premium plugin. -->","yoast_head_json":{"title":"Kostenloser Trolley im ganzen Stadtgebiet - City of Miami Beach","description":"Der stadtweite Trolley-Service von Miami Beach ist derzeit 15 Stunden am Tag, von 8 bis 23 Uhr, an 7 Tagen in der Woche in Betrieb und verkehrt auf jeder Strecke im Durchschnitt etwa alle 20 Minuten.","robots":{"index":"index","follow":"follow","max-snippet":"max-snippet:-1","max-image-preview":"max-image-preview:large","max-video-preview":"max-video-preview:-1"},"canonical":"https:\/\/www.miamibeachfl.gov\/de\/city-hall\/transportation\/trolley\/","og_locale":"de_DE","og_type":"article","og_title":"Citywide Free Trolley","og_description":"The Miami Beach citywide trolley service currently operates 15 hours a day, from 8 a.m. to 11 p.m., 7 days a week at approximately 20-minute average service frequency along each route.","og_url":"https:\/\/www.miamibeachfl.gov\/de\/city-hall\/transportation\/trolley\/","og_site_name":"City of Miami Beach","article_publisher":"https:\/\/www.facebook.com\/cityofmiamibeach","article_modified_time":"2026-03-06T21:20:17+00:00","og_image":[{"url":"https:\/\/www.miamibeachfl.gov\/wp-content\/uploads\/2026\/03\/trolleyillustration.png","type":"","width":"","height":""}],"twitter_card":"summary_large_image","twitter_site":"@Miamibeachnews","schema":{"@context":"https:\/\/schema.org","@graph":[{"@type":"WebPage","@id":"https:\/\/www.miamibeachfl.gov\/city-hall\/transportation\/trolley\/","url":"https:\/\/www.miamibeachfl.gov\/city-hall\/transportation\/trolley\/","name":"Kostenloser Trolley im ganzen Stadtgebiet - City of Miami Beach","isPartOf":{"@id":"https:\/\/www.miamibeachfl.gov\/#website"},"primaryImageOfPage":{"@id":"https:\/\/www.miamibeachfl.gov\/city-hall\/transportation\/trolley\/#primaryimage"},"image":{"@id":"https:\/\/www.miamibeachfl.gov\/city-hall\/transportation\/trolley\/#primaryimage"},"thumbnailUrl":"https:\/\/www.miamibeachfl.gov\/wp-content\/uploads\/2026\/03\/trolleyillustration.png","datePublished":"2017-08-11T00:08:01+00:00","dateModified":"2026-03-06T21:20:17+00:00","description":"Der stadtweite Trolley-Service von Miami Beach ist derzeit 15 Stunden am Tag, von 8 bis 23 Uhr, an 7 Tagen in der Woche in Betrieb und verkehrt auf jeder Strecke im Durchschnitt etwa alle 20 Minuten.","breadcrumb":{"@id":"https:\/\/www.miamibeachfl.gov\/city-hall\/transportation\/trolley\/#breadcrumb"},"inLanguage":"de","potentialAction":[{"@type":"ReadAction","target":["https:\/\/www.miamibeachfl.gov\/city-hall\/transportation\/trolley\/"]}]},{"@type":"ImageObject","inLanguage":"de","@id":"https:\/\/www.miamibeachfl.gov\/city-hall\/transportation\/trolley\/#primaryimage","url":"https:\/\/www.miamibeachfl.gov\/wp-content\/uploads\/2026\/03\/trolleyillustration.png","contentUrl":"https:\/\/www.miamibeachfl.gov\/wp-content\/uploads\/2026\/03\/trolleyillustration.png"},{"@type":"BreadcrumbList","@id":"https:\/\/www.miamibeachfl.gov\/city-hall\/transportation\/trolley\/#breadcrumb","itemListElement":[{"@type":"ListItem","position":1,"name":"Home","item":"https:\/\/www.miamibeachfl.gov\/"},{"@type":"ListItem","position":2,"name":"City Hall","item":"https:\/\/www.miamibeachfl.gov\/city-hall\/"},{"@type":"ListItem","position":3,"name":"Transportation &#038; Mobility","item":"https:\/\/www.miamibeachfl.gov\/city-hall\/transportation\/"},{"@type":"ListItem","position":4,"name":"Citywide Free Trolley"}]},{"@type":"WebSite","@id":"https:\/\/www.miamibeachfl.gov\/#website","url":"https:\/\/www.miamibeachfl.gov\/","name":"Stadt Miami Beach","description":"Die offizielle Website der Stadt Miami Beach. Bleiben Sie informiert und finden Sie wichtige Informationen zu st\u00e4dtischen Dienstleistungen, Neuigkeiten, Warnungen, Veranstaltungen, Stra\u00dfenbahnlinien, Stellenangeboten im \u00f6ffentlichen Dienst und mehr.","publisher":{"@id":"https:\/\/www.miamibeachfl.gov\/#organization"},"potentialAction":[{"@type":"SearchAction","target":{"@type":"EntryPoint","urlTemplate":"https:\/\/www.miamibeachfl.gov\/?s={search_term_string}"},"query-input":{"@type":"PropertyValueSpecification","valueRequired":true,"valueName":"search_term_string"}}],"inLanguage":"de"},{"@type":"Organization","@id":"https:\/\/www.miamibeachfl.gov\/#organization","name":"Stadt Miami Beach","url":"https:\/\/www.miamibeachfl.gov\/","logo":{"@type":"ImageObject","inLanguage":"de","@id":"https:\/\/www.miamibeachfl.gov\/#\/schema\/logo\/image\/","url":"https:\/\/www.miamibeachfl.gov\/wp-content\/uploads\/2022\/06\/miamibeach-logoblue.png","contentUrl":"https:\/\/www.miamibeachfl.gov\/wp-content\/uploads\/2022\/06\/miamibeach-logoblue.png","width":1962,"height":381,"caption":"City of Miami Beach"},"image":{"@id":"https:\/\/www.miamibeachfl.gov\/#\/schema\/logo\/image\/"},"sameAs":["https:\/\/www.facebook.com\/cityofmiamibeach","https:\/\/x.com\/Miamibeachnews","https:\/\/www.instagram.com\/miamibeachnews\/"],"description":"Die offizielle Website der Stadt Miami Beach. Bleiben Sie informiert und finden Sie wichtige Informationen zu st\u00e4dtischen Dienstleistungen, Neuigkeiten, Warnungen, Veranstaltungen, Stra\u00dfenbahnlinien, Stellenangeboten im \u00f6ffentlichen Dienst und mehr.","telephone":"305.604.CITY(2489)","legalName":"City of Miami Beach"}]}},"_links":{"self":[{"href":"https:\/\/www.miamibeachfl.gov\/de\/wp-json\/wp\/v2\/pages\/28744","targetHints":{"allow":["GET"]}}],"collection":[{"href":"https:\/\/www.miamibeachfl.gov\/de\/wp-json\/wp\/v2\/pages"}],"about":[{"href":"https:\/\/www.miamibeachfl.gov\/de\/wp-json\/wp\/v2\/types\/page"}],"author":[{"embeddable":true,"href":"https:\/\/www.miamibeachfl.gov\/de\/wp-json\/wp\/v2\/users\/222"}],"replies":[{"embeddable":true,"href":"https:\/\/www.miamibeachfl.gov\/de\/wp-json\/wp\/v2\/comments?post=28744"}],"version-history":[{"count":0,"href":"https:\/\/www.miamibeachfl.gov\/de\/wp-json\/wp\/v2\/pages\/28744\/revisions"}],"up":[{"embeddable":true,"href":"https:\/\/www.miamibeachfl.gov\/de\/wp-json\/wp\/v2\/pages\/28743"}],"wp:attachment":[{"href":"https:\/\/www.miamibeachfl.gov\/de\/wp-json\/wp\/v2\/media?parent=28744"}],"wp:term":[{"taxonomy":"category","embeddable":true,"href":"https:\/\/www.miamibeachfl.gov\/de\/wp-json\/wp\/v2\/categories?post=28744"},{"taxonomy":"post_tag","embeddable":true,"href":"https:\/\/www.miamibeachfl.gov\/de\/wp-json\/wp\/v2\/tags?post=28744"}],"curies":[{"name":"wp","href":"https:\/\/api.w.org\/{rel}","templated":true}]}}