{"id":28749,"date":"2017-08-11T00:08:04","date_gmt":"2017-08-11T00:08:04","guid":{"rendered":"http:\/\/www.miamibeachfl.gov\/city-hall\/transportation\/trolley\/customer-rights\/"},"modified":"2025-07-07T10:12:10","modified_gmt":"2025-07-07T14:12:10","slug":"customer-rights","status":"publish","type":"page","link":"https:\/\/www.miamibeachfl.gov\/de\/city-hall\/transportation\/trolley\/customer-rights\/","title":{"rendered":"Kundenrechte"},"content":{"rendered":"<img decoding=\"async\" src=\"https:\/\/www.miamibeachfl.gov\/wp-content\/uploads\/2022\/07\/hero-small.jpg\" alt=\"ocean drive art deco buildings\" itemprop=\"image\" height=\"211\" width=\"2395\" title=\"Held-klein\" onerror=\"this.style.display='none'\" loading='lazy' \/>\n<h1>\n\t\t\tKundenrechte\t<\/h1>\n\t<nav id=\"breadcrumbs\" aria-label=\"Paniermehl\"><a href=\"https:\/\/www.miamibeachfl.gov\/de\/\">Heim<\/a> &gt; <a href=\"https:\/\/www.miamibeachfl.gov\/de\/city-hall\/\">Rathaus<\/a> &gt; <a href=\"https:\/\/www.miamibeachfl.gov\/de\/city-hall\/transportation\/\">Transport &amp; Mobilit\u00e4t<\/a> &gt; <a href=\"https:\/\/www.miamibeachfl.gov\/de\/city-hall\/transportation\/trolley\/\">Kostenloser Trolley im ganzen Stadtgebiet<\/a> &gt; <strong>Kundenrechte<\/strong><\/nav>\n\t<p>Fahrg\u00e4ste im \u00f6ffentlichen Nahverkehr haben unabh\u00e4ngig von Rasse, Hautfarbe, Herkunft oder Behinderung Anspruch auf gleichen Zugang, gleiche Sitzpl\u00e4tze und gleiche Behandlung. Diese Rechte gelten auch f\u00fcr die Taktfrequenz, das Alter und die Qualit\u00e4t der Fahrzeuge sowie die Qualit\u00e4t der Stra\u00dfenbahnhaltestellen (FTA-Rundschreiben 4702.1).<\/p>\n<p><strong>1. Zug\u00e4nglichkeit<\/strong>:<\/p>\nAlle Trolleys sind f\u00fcr Rollstuhlfahrer zug\u00e4nglich und entsprechen den ADA-Vorschriften. Allen Trolley-Passagieren wird gleicherma\u00dfen ein erstklassiger Service geboten.<br \/>\n<strong><a href=\"https:\/\/www.miamibeachfl.gov\/de\/ada\/ada-request\/\">F\u00fcr ADA-Beschwerden\/Anfragen klicken Sie bitte hier.<\/a><\/strong>\n<p>Dar\u00fcber hinaus verf\u00fcgt die Stadt Miami Beach \u00fcber ein Disability Access Committee (DAC), das Informationen zu Programmen f\u00fcr Menschen mit Behinderungen in der Stadt pr\u00fcft, formuliert und koordiniert. <strong><a href=\"http:\/\/www.miamibeachfl.gov\/de\/city-hall\/property-management\/ada\/disability-access-committee\/\">F\u00fcr weitere Informationen zum Programm des Komitees und den geplanten Sitzungen klicken Sie bitte hier.<\/a><\/strong>.<\/p>\n<p><strong>2. Hinweis auf die Rechte nach Titel VI<\/strong><\/p>\n<p>Die Stadt Miami Beach sch\u00e4tzt Vielfalt und begr\u00fc\u00dft die Beitr\u00e4ge aller interessierten Parteien, unabh\u00e4ngig von kultureller Identit\u00e4t, Herkunft oder Einkommensniveau. Dar\u00fcber hinaus ist die Stadt \u00fcberzeugt, dass die besten Programme und Dienstleistungen durch die sorgf\u00e4ltige Ber\u00fccksichtigung der Bed\u00fcrfnisse aller ihrer Gemeinden und deren Einbindung in den Entscheidungsprozess zum Thema Verkehr entstehen. Daher duldet die Stadt keinerlei Diskriminierung in ihren Programmen, Dienstleistungen oder Aktivit\u00e4ten. Gem\u00e4\u00df Titel VI des Civil Rights Act von 1964, dem Americans with Disabilities Act von 1990 (ADA), Abschnitt 504 des Rehabilitation Act von 1973 (Abschnitt 504) sowie weiteren relevanten Bundes- und Landesgesetzen und -verordnungen, einschlie\u00dflich der Vorschriften der Federal Transit Administration (FTA) und der Federal Highway Administration (FHWA) sowie der Richtlinien des Florida Department of Transportation (FDOT), wird die Stadt niemanden aufgrund von Rasse, Hautfarbe, nationaler Herkunft, Geschlecht, Alter, Behinderung, Religion, Einkommen oder Familienstand von der Teilnahme ausschlie\u00dfen, ihm die Vorteile verweigern oder ihn diskriminieren.<\/p>\n<p><strong>3. Konformes Verfahren<\/strong><\/p>\nDie Stadt hat ein Beschwerdeverfahren eingerichtet und wird umgehend angemessene Ma\u00dfnahmen ergreifen, um Diskriminierung zu untersuchen und zu beseitigen, sobald diese festgestellt wird. Jede Person, die glaubt, in einem der Programme, Dienste oder Aktivit\u00e4ten der Stadt aufgrund von Rasse, Hautfarbe, nationaler Herkunft, Geschlecht, Religion, Alter, Behinderung, famili\u00e4rem Status oder Einkommensstatus diskriminiert worden zu sein, kann eine Beschwerde beim Title VI\/Antidiskriminierungskoordinator der Stadt einreichen:<br \/>\n<br \/>\n\nName: Marla Alpizar<br \/>\nDirektor der Personalabteilung<br \/>\nAdresse: 1700 Convention Center Drive<br \/>\nTelefon: 305.673.7520<br \/>\nE-Mail:\u00a0<strong><a href=\"mailto:MarlaAlpizar@miamibeachfl.gov\">MarlaAlpizar@miamibeachfl.gov<\/a><\/strong><br \/>\nTTY: 7-1-1 (Florida Relay)\n<p>\u00a0<\/p>\nDie Beschwerde muss die Identit\u00e4t des Beschwerdef\u00fchrers, die Grundlage der Vorw\u00fcrfe (z. B. Rasse, Hautfarbe, nationale Herkunft, Geschlecht, Religion, Alter, Behinderung, Einkommen oder Familienstand), eine Beschreibung der mutma\u00dflichen Diskriminierung und das Datum des Vorfalls enthalten. Die Beschwerde sollte nach M\u00f6glichkeit schriftlich eingereicht werden. Ist dies nicht m\u00f6glich, wenden Sie sich bitte an den Title VI\/Antidiskriminierungskoordinator. <a href=\"https:\/\/www.miamibeachfl.gov\/wp-content\/uploads\/2017\/12\/Discrimination-Complaint-Form.pdf\"><strong>Klicken Sie hier, um zum Beschwerdeformular bei Diskriminierung zu gelangen.<\/strong><\/a>\u00a0 Der\/Die Koordinator\/in f\u00fcr Antidiskriminierung (Titel VI) wird innerhalb von drei\u00dfig (30) Kalendertagen auf die Beschwerde antworten und angemessene Schritte zur L\u00f6sung der Angelegenheit unternehmen. Sollte die Stadt eine Beschwerde nicht zufriedenstellend l\u00f6sen k\u00f6nnen, leitet sie die Beschwerde zusammen mit einem Protokoll ihrer Bearbeitung an den zust\u00e4ndigen Bezirk des Florida Department of Transportation (FDOT) weiter.<br \/>\nSollte der Beschwerdef\u00fchrer nicht in der Lage oder nicht willens sein, sich bei der Stadt zu beschweren, kann die schriftliche Beschwerde direkt beim Florida Department of Transportation (FDOT) eingereicht werden:\n<em>Verkehrsministerium von Florida<\/em><br \/>\n<em> Gleichstellungsb\u00fcro<\/em><br \/>\n<em> ACHTUNG: Bearbeitung von Beschwerden gem\u00e4\u00df Titel VI<\/em><br \/>\n<em> 605 Suwannee Street MS 65<\/em><br \/>\n<em> Tallahassee, FL 32399<\/em>\nWenn Sie Informationen in einer anderen Sprache ben\u00f6tigen, wenden Sie sich bitte an 305.673.7080.<br \/>\nWenn Sie Informationen auf Spanisch w\u00fcnschen, k\u00f6nnen Sie sich an 305.673.7080 wenden.<br \/>\nSie haben eine Anfrage an die Krey\u00f3l-Silhouette Nr. 305.673.7080 gestellt.\n<p><strong>Wichtige Informationen<\/strong><\/p>\n<ul>\n<li><a href=\"http:\/\/www.miamibeachfl.gov\/wp-content\/uploads\/2020\/12\/Title-VI_Nondiscrimination-Policy.pdf\" target=\"_blank\" rel=\"noopener\"><strong>Titel VI\/Antidiskriminierungspolitik und -plan<\/strong><\/a><\/li>\n<li><strong><a href=\"http:\/\/www.miamibeachfl.gov\/wp-content\/uploads\/2020\/08\/Reso-2017-29718.pdf\" target=\"_blank\" rel=\"noopener\">Resolution 2017-29718<\/a><\/strong><\/li>\n<\/ul>\n\t\tNavigieren Sie zu\u2026\t\t\t\n\t\t\t\t\t<ul id=\"menu-transportation-citywide-trolley\"><li id=\"menu-item-363625\"><a href=\"\/de\/city-hall\/transportation\/trolley\/collins-express-2\/\">Collins Express<\/a><\/li>\n<li id=\"menu-item-363626\"><a href=\"\/de\/city-hall\/transportation\/trolley\/trolley-feedback-form\/\">Kontaktieren Sie uns<\/a><\/li>\n<li id=\"menu-item-363627\"><a href=\"\/de\/city-hall\/transportation\/trolley\/customer-rights\/\">Kundenrechte<\/a><\/li>\n<li id=\"menu-item-363628\"><a href=\"\/de\/city-hall\/transportation\/trolley\/middle-beach-loop\/\">Middle Beach-Rundweg<\/a><\/li>\n<li id=\"menu-item-363629\"><a href=\"\/de\/city-hall\/transportation\/trolley\/mount-sinai-link\/\">Mount Sinai Link<\/a><\/li>\n<li id=\"menu-item-363630\"><a href=\"\/de\/city-hall\/transportation\/trolley\/north-beach-loop\/\">North Beach-Schleife<\/a><\/li>\n<li id=\"menu-item-363631\"><a href=\"\/de\/city-hall\/transportation\/trolley\/south-beach-trolley\/\">South Beach Trolley<\/a><\/li>\n<li id=\"menu-item-363632\"><a href=\"\/de\/city-hall\/transportation\/trolley\/trolleytrackerapps\/\">Trolley Tracker Apps<\/a><\/li>\n<\/ul>\t\n\t<div class=\"page-navigation\"><a class=\"prev-page\" href=\"https:\/\/www.miamibeachfl.gov\/de\/city-hall\/fire-police-pension\/investment-information\/\">\u2190 Anlageinformationen<\/a> <a class=\"next-page\" href=\"https:\/\/www.miamibeachfl.gov\/de\/residents\/neighborhood-affairs-division\/active-projects\/parks\/\">Parks \u2192<\/a><\/div>","protected":false},"excerpt":{"rendered":"<p>Customer Rights Home &gt; City Hall &gt; Transportation &#038; Mobility &gt; Citywide Free Trolley &gt; Customer Rights Customers using public [&hellip;]<\/p>\n","protected":false},"author":222,"featured_media":0,"parent":28744,"menu_order":226,"comment_status":"closed","ping_status":"closed","template":"","meta":{"_searchwp_excluded":"","site-sidebar-layout":"default","site-content-layout":"","ast-site-content-layout":"default","site-content-style":"default","site-sidebar-style":"default","ast-global-header-display":"","ast-banner-title-visibility":"","ast-main-header-display":"","ast-hfb-above-header-display":"","ast-hfb-below-header-display":"","ast-hfb-mobile-header-display":"","site-post-title":"","ast-breadcrumbs-content":"","ast-featured-img":"","footer-sml-layout":"","theme-transparent-header-meta":"","adv-header-id-meta":"","stick-header-meta":"","header-above-stick-meta":"","header-main-stick-meta":"","header-below-stick-meta":"","astra-migrate-meta-layouts":"default","ast-page-background-enabled":"default","ast-page-background-meta":{"desktop":{"background-color":"var(--ast-global-color-5)","background-image":"","background-repeat":"repeat","background-position":"center center","background-size":"auto","background-attachment":"scroll","background-type":"","background-media":"","overlay-type":"","overlay-color":"","overlay-opacity":"","overlay-gradient":""},"tablet":{"background-color":"","background-image":"","background-repeat":"repeat","background-position":"center center","background-size":"auto","background-attachment":"scroll","background-type":"","background-media":"","overlay-type":"","overlay-color":"","overlay-opacity":"","overlay-gradient":""},"mobile":{"background-color":"","background-image":"","background-repeat":"repeat","background-position":"center center","background-size":"auto","background-attachment":"scroll","background-type":"","background-media":"","overlay-type":"","overlay-color":"","overlay-opacity":"","overlay-gradient":""}},"ast-content-background-meta":{"desktop":{"background-color":"var(--ast-global-color-4)","background-image":"","background-repeat":"repeat","background-position":"center center","background-size":"auto","background-attachment":"scroll","background-type":"","background-media":"","overlay-type":"","overlay-color":"","overlay-opacity":"","overlay-gradient":""},"tablet":{"background-color":"var(--ast-global-color-4)","background-image":"","background-repeat":"repeat","background-position":"center center","background-size":"auto","background-attachment":"scroll","background-type":"","background-media":"","overlay-type":"","overlay-color":"","overlay-opacity":"","overlay-gradient":""},"mobile":{"background-color":"var(--ast-global-color-4)","background-image":"","background-repeat":"repeat","background-position":"center center","background-size":"auto","background-attachment":"scroll","background-type":"","background-media":"","overlay-type":"","overlay-color":"","overlay-opacity":"","overlay-gradient":""}},"footnotes":""},"categories":[],"tags":[],"class_list":["post-28749","page","type-page","status-publish","hentry"],"yoast_head":"<!-- This site is optimized with the Yoast SEO Premium plugin v27.4 (Yoast SEO v27.4) - https:\/\/yoast.com\/product\/yoast-seo-premium-wordpress\/ -->\n<title>Customer Rights - City of Miami Beach<\/title>\n<meta name=\"description\" content=\"%\" \/>\n<meta name=\"robots\" content=\"index, follow, max-snippet:-1, max-image-preview:large, max-video-preview:-1\" \/>\n<link rel=\"canonical\" href=\"https:\/\/www.miamibeachfl.gov\/de\/city-hall\/transportation\/trolley\/customer-rights\/\" \/>\n<meta property=\"og:locale\" content=\"de_DE\" \/>\n<meta property=\"og:type\" content=\"article\" \/>\n<meta property=\"og:title\" content=\"Customer Rights\" \/>\n<meta property=\"og:description\" content=\"%\" \/>\n<meta property=\"og:url\" content=\"https:\/\/www.miamibeachfl.gov\/de\/city-hall\/transportation\/trolley\/customer-rights\/\" \/>\n<meta property=\"og:site_name\" content=\"City of Miami Beach\" \/>\n<meta property=\"article:publisher\" content=\"https:\/\/www.facebook.com\/cityofmiamibeach\" \/>\n<meta property=\"article:modified_time\" content=\"2025-07-07T14:12:10+00:00\" \/>\n<meta property=\"og:image\" content=\"https:\/\/www.miamibeachfl.gov\/wp-content\/uploads\/2022\/07\/hero-small.jpg\" \/>\n<meta name=\"twitter:card\" content=\"summary_large_image\" \/>\n<meta name=\"twitter:site\" content=\"@Miamibeachnews\" \/>\n<script type=\"application\/ld+json\" class=\"yoast-schema-graph\">{\"@context\":\"https:\\\/\\\/schema.org\",\"@graph\":[{\"@type\":\"WebPage\",\"@id\":\"https:\\\/\\\/www.miamibeachfl.gov\\\/city-hall\\\/transportation\\\/trolley\\\/customer-rights\\\/\",\"url\":\"https:\\\/\\\/www.miamibeachfl.gov\\\/city-hall\\\/transportation\\\/trolley\\\/customer-rights\\\/\",\"name\":\"Customer Rights - City of Miami Beach\",\"isPartOf\":{\"@id\":\"https:\\\/\\\/www.miamibeachfl.gov\\\/#website\"},\"primaryImageOfPage\":{\"@id\":\"https:\\\/\\\/www.miamibeachfl.gov\\\/city-hall\\\/transportation\\\/trolley\\\/customer-rights\\\/#primaryimage\"},\"image\":{\"@id\":\"https:\\\/\\\/www.miamibeachfl.gov\\\/city-hall\\\/transportation\\\/trolley\\\/customer-rights\\\/#primaryimage\"},\"thumbnailUrl\":\"https:\\\/\\\/www.miamibeachfl.gov\\\/wp-content\\\/uploads\\\/2022\\\/07\\\/hero-small.jpg\",\"datePublished\":\"2017-08-11T00:08:04+00:00\",\"dateModified\":\"2025-07-07T14:12:10+00:00\",\"description\":\"%\",\"breadcrumb\":{\"@id\":\"https:\\\/\\\/www.miamibeachfl.gov\\\/city-hall\\\/transportation\\\/trolley\\\/customer-rights\\\/#breadcrumb\"},\"inLanguage\":\"de\",\"potentialAction\":[{\"@type\":\"ReadAction\",\"target\":[\"https:\\\/\\\/www.miamibeachfl.gov\\\/city-hall\\\/transportation\\\/trolley\\\/customer-rights\\\/\"]}]},{\"@type\":\"ImageObject\",\"inLanguage\":\"de\",\"@id\":\"https:\\\/\\\/www.miamibeachfl.gov\\\/city-hall\\\/transportation\\\/trolley\\\/customer-rights\\\/#primaryimage\",\"url\":\"https:\\\/\\\/www.miamibeachfl.gov\\\/wp-content\\\/uploads\\\/2022\\\/07\\\/hero-small.jpg\",\"contentUrl\":\"https:\\\/\\\/www.miamibeachfl.gov\\\/wp-content\\\/uploads\\\/2022\\\/07\\\/hero-small.jpg\"},{\"@type\":\"BreadcrumbList\",\"@id\":\"https:\\\/\\\/www.miamibeachfl.gov\\\/city-hall\\\/transportation\\\/trolley\\\/customer-rights\\\/#breadcrumb\",\"itemListElement\":[{\"@type\":\"ListItem\",\"position\":1,\"name\":\"Home\",\"item\":\"https:\\\/\\\/www.miamibeachfl.gov\\\/\"},{\"@type\":\"ListItem\",\"position\":2,\"name\":\"City Hall\",\"item\":\"https:\\\/\\\/www.miamibeachfl.gov\\\/city-hall\\\/\"},{\"@type\":\"ListItem\",\"position\":3,\"name\":\"Transportation &#038; Mobility\",\"item\":\"https:\\\/\\\/www.miamibeachfl.gov\\\/city-hall\\\/transportation\\\/\"},{\"@type\":\"ListItem\",\"position\":4,\"name\":\"Citywide Free Trolley\",\"item\":\"https:\\\/\\\/www.miamibeachfl.gov\\\/city-hall\\\/transportation\\\/trolley\\\/\"},{\"@type\":\"ListItem\",\"position\":5,\"name\":\"Customer Rights\"}]},{\"@type\":\"WebSite\",\"@id\":\"https:\\\/\\\/www.miamibeachfl.gov\\\/#website\",\"url\":\"https:\\\/\\\/www.miamibeachfl.gov\\\/\",\"name\":\"City of Miami Beach\",\"description\":\"The official website of the City of Miami Beach. Stay informed, find important information on city services, news, alerts, events, trolley routes, government employment and more.\",\"publisher\":{\"@id\":\"https:\\\/\\\/www.miamibeachfl.gov\\\/#organization\"},\"potentialAction\":[{\"@type\":\"SearchAction\",\"target\":{\"@type\":\"EntryPoint\",\"urlTemplate\":\"https:\\\/\\\/www.miamibeachfl.gov\\\/?s={search_term_string}\"},\"query-input\":{\"@type\":\"PropertyValueSpecification\",\"valueRequired\":true,\"valueName\":\"search_term_string\"}}],\"inLanguage\":\"de\"},{\"@type\":\"Organization\",\"@id\":\"https:\\\/\\\/www.miamibeachfl.gov\\\/#organization\",\"name\":\"City of Miami Beach\",\"url\":\"https:\\\/\\\/www.miamibeachfl.gov\\\/\",\"logo\":{\"@type\":\"ImageObject\",\"inLanguage\":\"de\",\"@id\":\"https:\\\/\\\/www.miamibeachfl.gov\\\/#\\\/schema\\\/logo\\\/image\\\/\",\"url\":\"https:\\\/\\\/www.miamibeachfl.gov\\\/wp-content\\\/uploads\\\/2022\\\/06\\\/miamibeach-logoblue.png\",\"contentUrl\":\"https:\\\/\\\/www.miamibeachfl.gov\\\/wp-content\\\/uploads\\\/2022\\\/06\\\/miamibeach-logoblue.png\",\"width\":1962,\"height\":381,\"caption\":\"City of Miami Beach\"},\"image\":{\"@id\":\"https:\\\/\\\/www.miamibeachfl.gov\\\/#\\\/schema\\\/logo\\\/image\\\/\"},\"sameAs\":[\"https:\\\/\\\/www.facebook.com\\\/cityofmiamibeach\",\"https:\\\/\\\/x.com\\\/Miamibeachnews\",\"https:\\\/\\\/www.instagram.com\\\/miamibeachnews\\\/\"],\"description\":\"The official website of the City of Miami Beach. Stay informed, find important information on city services, news, alerts, events, trolley routes, government employment and more.\",\"telephone\":\"305.604.CITY(2489)\",\"legalName\":\"City of Miami Beach\"}]}<\/script>\n<!-- \/ Yoast SEO Premium plugin. -->","yoast_head_json":{"title":"Kundenrechte - Stadt Miami Beach","description":"%","robots":{"index":"index","follow":"follow","max-snippet":"max-snippet:-1","max-image-preview":"max-image-preview:large","max-video-preview":"max-video-preview:-1"},"canonical":"https:\/\/www.miamibeachfl.gov\/de\/city-hall\/transportation\/trolley\/customer-rights\/","og_locale":"de_DE","og_type":"article","og_title":"Customer Rights","og_description":"%","og_url":"https:\/\/www.miamibeachfl.gov\/de\/city-hall\/transportation\/trolley\/customer-rights\/","og_site_name":"City of Miami Beach","article_publisher":"https:\/\/www.facebook.com\/cityofmiamibeach","article_modified_time":"2025-07-07T14:12:10+00:00","og_image":[{"url":"https:\/\/www.miamibeachfl.gov\/wp-content\/uploads\/2022\/07\/hero-small.jpg","type":"","width":"","height":""}],"twitter_card":"summary_large_image","twitter_site":"@Miamibeachnews","schema":{"@context":"https:\/\/schema.org","@graph":[{"@type":"WebPage","@id":"https:\/\/www.miamibeachfl.gov\/city-hall\/transportation\/trolley\/customer-rights\/","url":"https:\/\/www.miamibeachfl.gov\/city-hall\/transportation\/trolley\/customer-rights\/","name":"Kundenrechte - Stadt Miami Beach","isPartOf":{"@id":"https:\/\/www.miamibeachfl.gov\/#website"},"primaryImageOfPage":{"@id":"https:\/\/www.miamibeachfl.gov\/city-hall\/transportation\/trolley\/customer-rights\/#primaryimage"},"image":{"@id":"https:\/\/www.miamibeachfl.gov\/city-hall\/transportation\/trolley\/customer-rights\/#primaryimage"},"thumbnailUrl":"https:\/\/www.miamibeachfl.gov\/wp-content\/uploads\/2022\/07\/hero-small.jpg","datePublished":"2017-08-11T00:08:04+00:00","dateModified":"2025-07-07T14:12:10+00:00","description":"%","breadcrumb":{"@id":"https:\/\/www.miamibeachfl.gov\/city-hall\/transportation\/trolley\/customer-rights\/#breadcrumb"},"inLanguage":"de","potentialAction":[{"@type":"ReadAction","target":["https:\/\/www.miamibeachfl.gov\/city-hall\/transportation\/trolley\/customer-rights\/"]}]},{"@type":"ImageObject","inLanguage":"de","@id":"https:\/\/www.miamibeachfl.gov\/city-hall\/transportation\/trolley\/customer-rights\/#primaryimage","url":"https:\/\/www.miamibeachfl.gov\/wp-content\/uploads\/2022\/07\/hero-small.jpg","contentUrl":"https:\/\/www.miamibeachfl.gov\/wp-content\/uploads\/2022\/07\/hero-small.jpg"},{"@type":"BreadcrumbList","@id":"https:\/\/www.miamibeachfl.gov\/city-hall\/transportation\/trolley\/customer-rights\/#breadcrumb","itemListElement":[{"@type":"ListItem","position":1,"name":"Home","item":"https:\/\/www.miamibeachfl.gov\/"},{"@type":"ListItem","position":2,"name":"City Hall","item":"https:\/\/www.miamibeachfl.gov\/city-hall\/"},{"@type":"ListItem","position":3,"name":"Transportation &#038; Mobility","item":"https:\/\/www.miamibeachfl.gov\/city-hall\/transportation\/"},{"@type":"ListItem","position":4,"name":"Citywide Free Trolley","item":"https:\/\/www.miamibeachfl.gov\/city-hall\/transportation\/trolley\/"},{"@type":"ListItem","position":5,"name":"Customer Rights"}]},{"@type":"WebSite","@id":"https:\/\/www.miamibeachfl.gov\/#website","url":"https:\/\/www.miamibeachfl.gov\/","name":"Stadt Miami Beach","description":"Die offizielle Website der Stadt Miami Beach. Bleiben Sie informiert und finden Sie wichtige Informationen zu st\u00e4dtischen Dienstleistungen, Neuigkeiten, Warnungen, Veranstaltungen, Stra\u00dfenbahnlinien, Stellenangeboten im \u00f6ffentlichen Dienst und mehr.","publisher":{"@id":"https:\/\/www.miamibeachfl.gov\/#organization"},"potentialAction":[{"@type":"SearchAction","target":{"@type":"EntryPoint","urlTemplate":"https:\/\/www.miamibeachfl.gov\/?s={search_term_string}"},"query-input":{"@type":"PropertyValueSpecification","valueRequired":true,"valueName":"search_term_string"}}],"inLanguage":"de"},{"@type":"Organization","@id":"https:\/\/www.miamibeachfl.gov\/#organization","name":"Stadt Miami Beach","url":"https:\/\/www.miamibeachfl.gov\/","logo":{"@type":"ImageObject","inLanguage":"de","@id":"https:\/\/www.miamibeachfl.gov\/#\/schema\/logo\/image\/","url":"https:\/\/www.miamibeachfl.gov\/wp-content\/uploads\/2022\/06\/miamibeach-logoblue.png","contentUrl":"https:\/\/www.miamibeachfl.gov\/wp-content\/uploads\/2022\/06\/miamibeach-logoblue.png","width":1962,"height":381,"caption":"City of Miami Beach"},"image":{"@id":"https:\/\/www.miamibeachfl.gov\/#\/schema\/logo\/image\/"},"sameAs":["https:\/\/www.facebook.com\/cityofmiamibeach","https:\/\/x.com\/Miamibeachnews","https:\/\/www.instagram.com\/miamibeachnews\/"],"description":"Die offizielle Website der Stadt Miami Beach. Bleiben Sie informiert und finden Sie wichtige Informationen zu st\u00e4dtischen Dienstleistungen, Neuigkeiten, Warnungen, Veranstaltungen, Stra\u00dfenbahnlinien, Stellenangeboten im \u00f6ffentlichen Dienst und mehr.","telephone":"305.604.CITY(2489)","legalName":"City of Miami Beach"}]}},"_links":{"self":[{"href":"https:\/\/www.miamibeachfl.gov\/de\/wp-json\/wp\/v2\/pages\/28749","targetHints":{"allow":["GET"]}}],"collection":[{"href":"https:\/\/www.miamibeachfl.gov\/de\/wp-json\/wp\/v2\/pages"}],"about":[{"href":"https:\/\/www.miamibeachfl.gov\/de\/wp-json\/wp\/v2\/types\/page"}],"author":[{"embeddable":true,"href":"https:\/\/www.miamibeachfl.gov\/de\/wp-json\/wp\/v2\/users\/222"}],"replies":[{"embeddable":true,"href":"https:\/\/www.miamibeachfl.gov\/de\/wp-json\/wp\/v2\/comments?post=28749"}],"version-history":[{"count":2,"href":"https:\/\/www.miamibeachfl.gov\/de\/wp-json\/wp\/v2\/pages\/28749\/revisions"}],"predecessor-version":[{"id":385996,"href":"https:\/\/www.miamibeachfl.gov\/de\/wp-json\/wp\/v2\/pages\/28749\/revisions\/385996"}],"up":[{"embeddable":true,"href":"https:\/\/www.miamibeachfl.gov\/de\/wp-json\/wp\/v2\/pages\/28744"}],"wp:attachment":[{"href":"https:\/\/www.miamibeachfl.gov\/de\/wp-json\/wp\/v2\/media?parent=28749"}],"wp:term":[{"taxonomy":"category","embeddable":true,"href":"https:\/\/www.miamibeachfl.gov\/de\/wp-json\/wp\/v2\/categories?post=28749"},{"taxonomy":"post_tag","embeddable":true,"href":"https:\/\/www.miamibeachfl.gov\/de\/wp-json\/wp\/v2\/tags?post=28749"}],"curies":[{"name":"wp","href":"https:\/\/api.w.org\/{rel}","templated":true}]}}