{"id":28864,"date":"2017-08-11T00:09:09","date_gmt":"2017-08-11T00:09:09","guid":{"rendered":"http:\/\/www.miamibeachfl.gov\/city-hall\/planning\/"},"modified":"2025-12-19T09:59:41","modified_gmt":"2025-12-19T14:59:41","slug":"planning","status":"publish","type":"page","link":"https:\/\/www.miamibeachfl.gov\/de\/city-hall\/planning\/","title":{"rendered":"Planung und Zonierung"},"content":{"rendered":"<img decoding=\"async\" src=\"https:\/\/www.miamibeachfl.gov\/wp-content\/uploads\/2022\/07\/hero-small.jpg\" alt=\"ocean drive art deco buildings\" itemprop=\"image\" height=\"211\" width=\"2395\" title=\"Held-klein\" onerror=\"this.style.display='none'\" loading=\"lazy\" \/>\n<h1>\n\t\t\tPlanung\t<\/h1>\n\tDas Planungsamt erstellt, verwaltet, aktualisiert und pflegt Nachbarschafts-, Stadt- und Gesamtpl\u00e4ne, die Bebauungsvorschriften der Stadtverordnung sowie technische Daten f\u00fcr die Stadt gem\u00e4\u00df den Gesetzen Floridas. Das Planungsamt besteht aus vier Abteilungen: Planung, Zoneneinteilung, Nachbarschaftsplanung sowie Stadtgestaltung und Denkmalschutz.<br \/>\n<a href=\"http:\/\/www.miamibeachfl.gov\/de\/city-hall\/planning\/planning-readmore\/\">Mehr lesen<\/a>\n\t\t\t\t<img decoding=\"async\" src=\"https:\/\/www.miamibeachfl.gov\/wp-content\/uploads\/2017\/11\/thomas-mooney.jpg\" alt=\"thomas-mooney\" itemprop=\"image\" height=\"602\" width=\"600\" title=\"Thomas Mooney\" onerror=\"this.style.display='none'\" loading=\"lazy\" \/>\n<h2>\n\t\t\tThomas Mooney\t<\/h2>\n<h2>\n\t\t\tTop Links\t<\/h2>\n\t\t\t<a href=\"\/de\/city-hall\/planning\/planning-faqs\/\" target=\"_self\">\n\t\t\t\t\t\t\tH\u00e4ufig gestellte Fragen (FAQs) zur Planung\n\t\t\t\t\t<\/a>\n\t\t\t<a href=\"\/de\/business\/css\/\" target=\"_self\">\n\t\t\t\t\t\t\tB\u00fcrger-Self-Service\n\t\t\t\t\t<\/a>\n\t\t\t<a href=\"\/de\/city-hall\/planning\/general-zoning-information-code-interpretation\/\" target=\"_self\">\n\t\t\t\t\t\t\tAUSLEGUNG DER VERWALTUNGSZONENEINTEILUNG\n\t\t\t\t\t<\/a>\n\t\t\t<a href=\"\/de\/city-hall\/planning\/resiliency-code\/\" target=\"_self\">\n\t\t\t\t\t\t\tBAUPLANUNGSVORSCHRIFTEN (ZONENORDNUNG) UND UMFASSENDER PLAN 2040\n\t\t\t\t\t<\/a>\n\t\t\t<a href=\"https:\/\/miamibeach.maps.arcgis.com\/apps\/webappviewer\/index.html?id=c891f52b033c474daa928fa815495f91\" target=\"_self\">\n\t\t\t\t\t\t\tHISTORISCHER IMMOBILIENBEOBACHTER\n\t\t\t\t\t<\/a>\n\t\t\t<a href=\"\/de\/city-hall\/planning\/land-use-boards\/\" target=\"_self\">\n\t\t\t\t\t\t\tLandnutzungsbeh\u00f6rden<br \/> Anwendungsleitf\u00e4den<br \/> Board-Kalender\n\t\t\t\t\t<\/a>\n\t\t\t<a href=\"\/de\/city-hall\/planning\/maps-and-guidelines\/\" target=\"_self\">\n\t\t\t\t\t\t\tKARTEN UND RICHTLINIEN\n\t\t\t\t\t<\/a>\n\t\t\t<a href=\"\/de\/historic-district-permits\/\" target=\"_self\">\n\t\t\t\t\t\t\tIN HISTORISCHEN STADTVIERTELN AUSGESTELLTE GENEHMIGUNGEN\n\t\t\t\t\t<\/a>\n\t\t\t<a href=\"\/de\/city-hall\/planning\/landscape-requirements\/\" target=\"_self\">\n\t\t\t\t\t\t\tLandschaftsanforderungen\n\t\t\t\t\t<\/a>\n\t\t\t<a href=\"\/de\/conditional-use-approvals\/\" target=\"_self\">\n\t\t\t\t\t\t\tDASHBOARD F\u00dcR BEDINGTE NUTZUNGSGENEHMIGUNGEN\n\t\t\t\t\t<\/a>\n\t\t\t<a href=\"\/de\/city-hall\/planning\/land-development-dashboard\/\" target=\"_self\">\n\t\t\t\t\t\t\tDashboard zur Landentwicklung\n\t\t\t\t\t<\/a>\n\t\t\t<a href=\"\/de\/city-hall\/planning\/studies\/\" target=\"_self\">\n\t\t\t\t\t\t\tSTUDIEN UND BEST\u00c4TIGUNGSBERICHTE\n\t\t\t\t\t<\/a>\n\t\t\t<a href=\"\/de\/city-hall\/planning\/certificate-of-use\/\" target=\"_self\">\n\t\t\t\t\t\t\tERHALTEN SIE EIN NUTZUNGSZERTIFIKAT (CU)\n\t\t\t\t\t<\/a>\n\t\t\t<a href=\"\/de\/city-hall\/planning\/planning-document-checklist\/\" target=\"_self\">\n\t\t\t\t\t\t\tPLANUNGSUNTERLAGEN CHECKLISTEN UND FORMULARE\n\t\t\t\t\t<\/a>\n\t\t\t<a href=\"https:\/\/www.miamibeachfl.gov\/de\/city-hall\/planning\/directory\/\" target=\"_self\">\n\t\t\t\t\t\t\tKONTAKTVERZEICHNIS\n\t\t\t\t\t<\/a>\n\t\t\t<a href=\"\/de\/city-hall\/planning\/approved-live-local-act-applications\/\" target=\"_self\">\n\t\t\t\t\t\t\tGenehmigte Antr\u00e4ge nach dem Live Local Act\n\t\t\t\t\t<\/a>\n<h2>\n\t\t\tVerwandte Ressourcen\t<\/h2>\n<h2>\n\t\t<a href=\"https:\/\/map.gridics.com\/us\/fl\/miami-beach#12.24\/25.80105\/-80.14071\/0\/45\" title=\"Gridics \u2013 Resilienzkodex der Stadt Miami Beach\"  target=\"_blank\"  rel=\"noopener\">\n\t\t\tGridics \u2013 Resilienzkodex der Stadt Miami Beach\t\t<\/a>\n\t<\/h2>\n<h2>\n\t\t<a href=\"\/de\/business\/doing-business-with-mb\/business-concierge\/\" title=\"Business Guide und Storefront Cover Program der Stadt Miami Beach\"  target=\"_blank\"  rel=\"noopener\">\n\t\t\tBusiness Guide und Storefront Cover Program der Stadt Miami Beach\t\t<\/a>\n\t<\/h2>\n<h2>\n\t\t<a href=\"\/wp-content\/uploads\/2024\/02\/Zoning-Ordinance-89-2665.pdf\" title=\"Fr\u00fchere Vorschriften zur Landentwicklung (nicht mehr g\u00fcltig)\"  target=\"_blank\"  rel=\"noopener\">\n\t\t\tFr\u00fchere Vorschriften zur Landentwicklung (nicht mehr g\u00fcltig)\t\t<\/a>\n\t<\/h2>\n<h2>\n\t\t<a href=\"\/de\/city-hall\/planning\/forms\/\" title=\"Formulare\"  target=\"_self\">\n\t\t\tFormulare\t\t<\/a>\n\t<\/h2>\n<h2>\n\t\t<a href=\"\/wp-content\/uploads\/2020\/02\/AbandonedPropertiesIn2019.pdf\" title=\"Bauamt - Versto\u00df gegen Bauvorschriften f\u00fcr unsichere Geb\u00e4ude, \u00dcberweisungen an die Beh\u00f6rde f\u00fcr unsichere Geb\u00e4ude im Miami-Dade County\"  target=\"_self\">\n\t\t\tBauamt - Versto\u00df gegen Bauvorschriften f\u00fcr unsichere Geb\u00e4ude, \u00dcberweisungen an die Beh\u00f6rde f\u00fcr unsichere Geb\u00e4ude im Miami-Dade County\t\t<\/a>\n\t<\/h2>","protected":false},"excerpt":{"rendered":"<p><a href=\"tel:3056737550\" style=\"text-decoration:none; color:#004896;\"><br \/>\n    <i class=\"fa-solid fa-phone\"><\/i> 305.673.7550<\/p>","protected":false},"author":222,"featured_media":243911,"parent":28206,"menu_order":261,"comment_status":"closed","ping_status":"closed","template":"","meta":{"_searchwp_excluded":"","site-sidebar-layout":"default","site-content-layout":"","ast-site-content-layout":"default","site-content-style":"default","site-sidebar-style":"default","ast-global-header-display":"","ast-banner-title-visibility":"","ast-main-header-display":"","ast-hfb-above-header-display":"","ast-hfb-below-header-display":"","ast-hfb-mobile-header-display":"","site-post-title":"","ast-breadcrumbs-content":"","ast-featured-img":"","footer-sml-layout":"","ast-disable-related-posts":"","theme-transparent-header-meta":"","adv-header-id-meta":"","stick-header-meta":"","header-above-stick-meta":"","header-main-stick-meta":"","header-below-stick-meta":"","astra-migrate-meta-layouts":"default","ast-page-background-enabled":"default","ast-page-background-meta":{"desktop":{"background-color":"var(--ast-global-color-5)","background-image":"","background-repeat":"repeat","background-position":"center center","background-size":"auto","background-attachment":"scroll","background-type":"","background-media":"","overlay-type":"","overlay-color":"","overlay-opacity":"","overlay-gradient":""},"tablet":{"background-color":"","background-image":"","background-repeat":"repeat","background-position":"center center","background-size":"auto","background-attachment":"scroll","background-type":"","background-media":"","overlay-type":"","overlay-color":"","overlay-opacity":"","overlay-gradient":""},"mobile":{"background-color":"","background-image":"","background-repeat":"repeat","background-position":"center center","background-size":"auto","background-attachment":"scroll","background-type":"","background-media":"","overlay-type":"","overlay-color":"","overlay-opacity":"","overlay-gradient":""}},"ast-content-background-meta":{"desktop":{"background-color":"var(--ast-global-color-4)","background-image":"","background-repeat":"repeat","background-position":"center center","background-size":"auto","background-attachment":"scroll","background-type":"","background-media":"","overlay-type":"","overlay-color":"","overlay-opacity":"","overlay-gradient":""},"tablet":{"background-color":"var(--ast-global-color-4)","background-image":"","background-repeat":"repeat","background-position":"center center","background-size":"auto","background-attachment":"scroll","background-type":"","background-media":"","overlay-type":"","overlay-color":"","overlay-opacity":"","overlay-gradient":""},"mobile":{"background-color":"var(--ast-global-color-4)","background-image":"","background-repeat":"repeat","background-position":"center center","background-size":"auto","background-attachment":"scroll","background-type":"","background-media":"","overlay-type":"","overlay-color":"","overlay-opacity":"","overlay-gradient":""}},"footnotes":""},"categories":[],"tags":[1727,1726,1730,1035],"class_list":["post-28864","page","type-page","status-publish","has-post-thumbnail","hentry","tag-administrative","tag-building-and-permits","tag-city-services","tag-planning-top-visited"],"yoast_head":"<!-- This site is optimized with the Yoast SEO Premium plugin v27.4 (Yoast SEO v27.4) - https:\/\/yoast.com\/product\/yoast-seo-premium-wordpress\/ -->\n<title>Planning &amp; Zoning - City of Miami Beach<\/title>\n<meta name=\"description\" content=\"The City of Miami Beach Planning Department administers planning, zoning, neighborhood planning and urban design and historic preservation.\" \/>\n<meta name=\"robots\" content=\"index, follow, max-snippet:-1, max-image-preview:large, max-video-preview:-1\" \/>\n<link rel=\"canonical\" href=\"https:\/\/www.miamibeachfl.gov\/de\/city-hall\/planning\/\" \/>\n<meta property=\"og:locale\" content=\"de_DE\" \/>\n<meta property=\"og:type\" content=\"article\" \/>\n<meta property=\"og:title\" content=\"Planning &amp; Zoning\" \/>\n<meta property=\"og:description\" content=\"The City of Miami Beach Planning Department administers planning, zoning, neighborhood planning and urban design and historic preservation.\" \/>\n<meta property=\"og:url\" content=\"https:\/\/www.miamibeachfl.gov\/de\/city-hall\/planning\/\" \/>\n<meta property=\"og:site_name\" content=\"City of Miami Beach\" \/>\n<meta property=\"article:publisher\" content=\"https:\/\/www.facebook.com\/cityofmiamibeach\" \/>\n<meta property=\"article:modified_time\" content=\"2025-12-19T14:59:41+00:00\" \/>\n<meta property=\"og:image\" content=\"https:\/\/www.miamibeachfl.gov\/wp-content\/uploads\/2023\/01\/viewingbuildingplan.jpg\" \/>\n\t<meta property=\"og:image:width\" content=\"600\" \/>\n\t<meta property=\"og:image:height\" content=\"300\" \/>\n\t<meta property=\"og:image:type\" content=\"image\/jpeg\" \/>\n<meta name=\"twitter:card\" content=\"summary_large_image\" \/>\n<meta name=\"twitter:site\" content=\"@Miamibeachnews\" \/>\n<script type=\"application\/ld+json\" class=\"yoast-schema-graph\">{\"@context\":\"https:\\\/\\\/schema.org\",\"@graph\":[{\"@type\":\"WebPage\",\"@id\":\"https:\\\/\\\/www.miamibeachfl.gov\\\/city-hall\\\/planning\\\/\",\"url\":\"https:\\\/\\\/www.miamibeachfl.gov\\\/city-hall\\\/planning\\\/\",\"name\":\"Planning & Zoning - City of Miami Beach\",\"isPartOf\":{\"@id\":\"https:\\\/\\\/www.miamibeachfl.gov\\\/#website\"},\"primaryImageOfPage\":{\"@id\":\"https:\\\/\\\/www.miamibeachfl.gov\\\/city-hall\\\/planning\\\/#primaryimage\"},\"image\":{\"@id\":\"https:\\\/\\\/www.miamibeachfl.gov\\\/city-hall\\\/planning\\\/#primaryimage\"},\"thumbnailUrl\":\"https:\\\/\\\/www.miamibeachfl.gov\\\/wp-content\\\/uploads\\\/2023\\\/01\\\/viewingbuildingplan.jpg\",\"datePublished\":\"2017-08-11T00:09:09+00:00\",\"dateModified\":\"2025-12-19T14:59:41+00:00\",\"description\":\"The City of Miami Beach Planning Department administers planning, zoning, neighborhood planning and urban design and historic preservation.\",\"breadcrumb\":{\"@id\":\"https:\\\/\\\/www.miamibeachfl.gov\\\/city-hall\\\/planning\\\/#breadcrumb\"},\"inLanguage\":\"de\",\"potentialAction\":[{\"@type\":\"ReadAction\",\"target\":[\"https:\\\/\\\/www.miamibeachfl.gov\\\/city-hall\\\/planning\\\/\"]}]},{\"@type\":\"ImageObject\",\"inLanguage\":\"de\",\"@id\":\"https:\\\/\\\/www.miamibeachfl.gov\\\/city-hall\\\/planning\\\/#primaryimage\",\"url\":\"https:\\\/\\\/www.miamibeachfl.gov\\\/wp-content\\\/uploads\\\/2023\\\/01\\\/viewingbuildingplan.jpg\",\"contentUrl\":\"https:\\\/\\\/www.miamibeachfl.gov\\\/wp-content\\\/uploads\\\/2023\\\/01\\\/viewingbuildingplan.jpg\",\"width\":600,\"height\":300,\"caption\":\"person viewing a plan\"},{\"@type\":\"BreadcrumbList\",\"@id\":\"https:\\\/\\\/www.miamibeachfl.gov\\\/city-hall\\\/planning\\\/#breadcrumb\",\"itemListElement\":[{\"@type\":\"ListItem\",\"position\":1,\"name\":\"Home\",\"item\":\"https:\\\/\\\/www.miamibeachfl.gov\\\/\"},{\"@type\":\"ListItem\",\"position\":2,\"name\":\"City Hall\",\"item\":\"https:\\\/\\\/www.miamibeachfl.gov\\\/city-hall\\\/\"},{\"@type\":\"ListItem\",\"position\":3,\"name\":\"Planning &#038; Zoning\"}]},{\"@type\":\"WebSite\",\"@id\":\"https:\\\/\\\/www.miamibeachfl.gov\\\/#website\",\"url\":\"https:\\\/\\\/www.miamibeachfl.gov\\\/\",\"name\":\"City of Miami Beach\",\"description\":\"The official website of the City of Miami Beach. Stay informed, find important information on city services, news, alerts, events, trolley routes, government employment and more.\",\"publisher\":{\"@id\":\"https:\\\/\\\/www.miamibeachfl.gov\\\/#organization\"},\"potentialAction\":[{\"@type\":\"SearchAction\",\"target\":{\"@type\":\"EntryPoint\",\"urlTemplate\":\"https:\\\/\\\/www.miamibeachfl.gov\\\/?s={search_term_string}\"},\"query-input\":{\"@type\":\"PropertyValueSpecification\",\"valueRequired\":true,\"valueName\":\"search_term_string\"}}],\"inLanguage\":\"de\"},{\"@type\":\"Organization\",\"@id\":\"https:\\\/\\\/www.miamibeachfl.gov\\\/#organization\",\"name\":\"City of Miami Beach\",\"url\":\"https:\\\/\\\/www.miamibeachfl.gov\\\/\",\"logo\":{\"@type\":\"ImageObject\",\"inLanguage\":\"de\",\"@id\":\"https:\\\/\\\/www.miamibeachfl.gov\\\/#\\\/schema\\\/logo\\\/image\\\/\",\"url\":\"https:\\\/\\\/www.miamibeachfl.gov\\\/wp-content\\\/uploads\\\/2022\\\/06\\\/miamibeach-logoblue.png\",\"contentUrl\":\"https:\\\/\\\/www.miamibeachfl.gov\\\/wp-content\\\/uploads\\\/2022\\\/06\\\/miamibeach-logoblue.png\",\"width\":1962,\"height\":381,\"caption\":\"City of Miami Beach\"},\"image\":{\"@id\":\"https:\\\/\\\/www.miamibeachfl.gov\\\/#\\\/schema\\\/logo\\\/image\\\/\"},\"sameAs\":[\"https:\\\/\\\/www.facebook.com\\\/cityofmiamibeach\",\"https:\\\/\\\/x.com\\\/Miamibeachnews\",\"https:\\\/\\\/www.instagram.com\\\/miamibeachnews\\\/\"],\"description\":\"The official website of the City of Miami Beach. Stay informed, find important information on city services, news, alerts, events, trolley routes, government employment and more.\",\"telephone\":\"305.604.CITY(2489)\",\"legalName\":\"City of Miami Beach\"}]}<\/script>\n<!-- \/ Yoast SEO Premium plugin. -->","yoast_head_json":{"title":"Planung und Zonierung \u2013 Stadt Miami Beach","description":"Die Planungsabteilung der Stadt Miami Beach ist f\u00fcr die Planung, Zoneneinteilung, Nachbarschaftsplanung, Stadtgestaltung und Denkmalpflege zust\u00e4ndig.","robots":{"index":"index","follow":"follow","max-snippet":"max-snippet:-1","max-image-preview":"max-image-preview:large","max-video-preview":"max-video-preview:-1"},"canonical":"https:\/\/www.miamibeachfl.gov\/de\/city-hall\/planning\/","og_locale":"de_DE","og_type":"article","og_title":"Planning & Zoning","og_description":"The City of Miami Beach Planning Department administers planning, zoning, neighborhood planning and urban design and historic preservation.","og_url":"https:\/\/www.miamibeachfl.gov\/de\/city-hall\/planning\/","og_site_name":"City of Miami Beach","article_publisher":"https:\/\/www.facebook.com\/cityofmiamibeach","article_modified_time":"2025-12-19T14:59:41+00:00","og_image":[{"width":600,"height":300,"url":"https:\/\/www.miamibeachfl.gov\/wp-content\/uploads\/2023\/01\/viewingbuildingplan.jpg","type":"image\/jpeg"}],"twitter_card":"summary_large_image","twitter_site":"@Miamibeachnews","schema":{"@context":"https:\/\/schema.org","@graph":[{"@type":"WebPage","@id":"https:\/\/www.miamibeachfl.gov\/city-hall\/planning\/","url":"https:\/\/www.miamibeachfl.gov\/city-hall\/planning\/","name":"Planung und Zonierung \u2013 Stadt Miami Beach","isPartOf":{"@id":"https:\/\/www.miamibeachfl.gov\/#website"},"primaryImageOfPage":{"@id":"https:\/\/www.miamibeachfl.gov\/city-hall\/planning\/#primaryimage"},"image":{"@id":"https:\/\/www.miamibeachfl.gov\/city-hall\/planning\/#primaryimage"},"thumbnailUrl":"https:\/\/www.miamibeachfl.gov\/wp-content\/uploads\/2023\/01\/viewingbuildingplan.jpg","datePublished":"2017-08-11T00:09:09+00:00","dateModified":"2025-12-19T14:59:41+00:00","description":"Die Planungsabteilung der Stadt Miami Beach ist f\u00fcr die Planung, Zoneneinteilung, Nachbarschaftsplanung, Stadtgestaltung und Denkmalpflege zust\u00e4ndig.","breadcrumb":{"@id":"https:\/\/www.miamibeachfl.gov\/city-hall\/planning\/#breadcrumb"},"inLanguage":"de","potentialAction":[{"@type":"ReadAction","target":["https:\/\/www.miamibeachfl.gov\/city-hall\/planning\/"]}]},{"@type":"ImageObject","inLanguage":"de","@id":"https:\/\/www.miamibeachfl.gov\/city-hall\/planning\/#primaryimage","url":"https:\/\/www.miamibeachfl.gov\/wp-content\/uploads\/2023\/01\/viewingbuildingplan.jpg","contentUrl":"https:\/\/www.miamibeachfl.gov\/wp-content\/uploads\/2023\/01\/viewingbuildingplan.jpg","width":600,"height":300,"caption":"person viewing a plan"},{"@type":"BreadcrumbList","@id":"https:\/\/www.miamibeachfl.gov\/city-hall\/planning\/#breadcrumb","itemListElement":[{"@type":"ListItem","position":1,"name":"Home","item":"https:\/\/www.miamibeachfl.gov\/"},{"@type":"ListItem","position":2,"name":"City Hall","item":"https:\/\/www.miamibeachfl.gov\/city-hall\/"},{"@type":"ListItem","position":3,"name":"Planning &#038; Zoning"}]},{"@type":"WebSite","@id":"https:\/\/www.miamibeachfl.gov\/#website","url":"https:\/\/www.miamibeachfl.gov\/","name":"Stadt Miami Beach","description":"Die offizielle Website der Stadt Miami Beach. Bleiben Sie informiert und finden Sie wichtige Informationen zu st\u00e4dtischen Dienstleistungen, Neuigkeiten, Warnungen, Veranstaltungen, Stra\u00dfenbahnlinien, Stellenangeboten im \u00f6ffentlichen Dienst und mehr.","publisher":{"@id":"https:\/\/www.miamibeachfl.gov\/#organization"},"potentialAction":[{"@type":"SearchAction","target":{"@type":"EntryPoint","urlTemplate":"https:\/\/www.miamibeachfl.gov\/?s={search_term_string}"},"query-input":{"@type":"PropertyValueSpecification","valueRequired":true,"valueName":"search_term_string"}}],"inLanguage":"de"},{"@type":"Organization","@id":"https:\/\/www.miamibeachfl.gov\/#organization","name":"Stadt Miami Beach","url":"https:\/\/www.miamibeachfl.gov\/","logo":{"@type":"ImageObject","inLanguage":"de","@id":"https:\/\/www.miamibeachfl.gov\/#\/schema\/logo\/image\/","url":"https:\/\/www.miamibeachfl.gov\/wp-content\/uploads\/2022\/06\/miamibeach-logoblue.png","contentUrl":"https:\/\/www.miamibeachfl.gov\/wp-content\/uploads\/2022\/06\/miamibeach-logoblue.png","width":1962,"height":381,"caption":"City of Miami Beach"},"image":{"@id":"https:\/\/www.miamibeachfl.gov\/#\/schema\/logo\/image\/"},"sameAs":["https:\/\/www.facebook.com\/cityofmiamibeach","https:\/\/x.com\/Miamibeachnews","https:\/\/www.instagram.com\/miamibeachnews\/"],"description":"Die offizielle Website der Stadt Miami Beach. Bleiben Sie informiert und finden Sie wichtige Informationen zu st\u00e4dtischen Dienstleistungen, Neuigkeiten, Warnungen, Veranstaltungen, Stra\u00dfenbahnlinien, Stellenangeboten im \u00f6ffentlichen Dienst und mehr.","telephone":"305.604.CITY(2489)","legalName":"City of Miami Beach"}]}},"_links":{"self":[{"href":"https:\/\/www.miamibeachfl.gov\/de\/wp-json\/wp\/v2\/pages\/28864","targetHints":{"allow":["GET"]}}],"collection":[{"href":"https:\/\/www.miamibeachfl.gov\/de\/wp-json\/wp\/v2\/pages"}],"about":[{"href":"https:\/\/www.miamibeachfl.gov\/de\/wp-json\/wp\/v2\/types\/page"}],"author":[{"embeddable":true,"href":"https:\/\/www.miamibeachfl.gov\/de\/wp-json\/wp\/v2\/users\/222"}],"replies":[{"embeddable":true,"href":"https:\/\/www.miamibeachfl.gov\/de\/wp-json\/wp\/v2\/comments?post=28864"}],"version-history":[{"count":11,"href":"https:\/\/www.miamibeachfl.gov\/de\/wp-json\/wp\/v2\/pages\/28864\/revisions"}],"predecessor-version":[{"id":393605,"href":"https:\/\/www.miamibeachfl.gov\/de\/wp-json\/wp\/v2\/pages\/28864\/revisions\/393605"}],"up":[{"embeddable":true,"href":"https:\/\/www.miamibeachfl.gov\/de\/wp-json\/wp\/v2\/pages\/28206"}],"wp:featuredmedia":[{"embeddable":true,"href":"https:\/\/www.miamibeachfl.gov\/de\/wp-json\/wp\/v2\/media\/243911"}],"wp:attachment":[{"href":"https:\/\/www.miamibeachfl.gov\/de\/wp-json\/wp\/v2\/media?parent=28864"}],"wp:term":[{"taxonomy":"category","embeddable":true,"href":"https:\/\/www.miamibeachfl.gov\/de\/wp-json\/wp\/v2\/categories?post=28864"},{"taxonomy":"post_tag","embeddable":true,"href":"https:\/\/www.miamibeachfl.gov\/de\/wp-json\/wp\/v2\/tags?post=28864"}],"curies":[{"name":"wp","href":"https:\/\/api.w.org\/{rel}","templated":true}]}}