{"id":28912,"date":"2017-08-11T00:09:47","date_gmt":"2017-08-11T00:09:47","guid":{"rendered":"http:\/\/www.miamibeachfl.gov\/city-hall\/procurement\/"},"modified":"2026-05-01T14:44:18","modified_gmt":"2026-05-01T18:44:18","slug":"procurement","status":"publish","type":"page","link":"https:\/\/www.miamibeachfl.gov\/de\/city-hall\/procurement\/","title":{"rendered":"Beschaffung"},"content":{"rendered":"<h1>\n\t\t\tBeschaffung\t<\/h1>\n\t<nav id=\"breadcrumbs\" aria-label=\"Paniermehl\"><a href=\"https:\/\/www.miamibeachfl.gov\/de\/\">Heim<\/a> &gt; <a href=\"https:\/\/www.miamibeachfl.gov\/de\/city-hall\/\">Rathaus<\/a> &gt; <strong>Beschaffung<\/strong><\/nav><figure itemscope itemtype=\"https:\/\/schema.org\/ImageObject\">\n\t\t\t\t<img decoding=\"async\" src=\"https:\/\/www.miamibeachfl.gov\/wp-content\/uploads\/2020\/10\/image004.jpg\" alt=\"Achievement of Excellence badge\" height=\"137\" width=\"414\" title=\"Bild004\" onerror=\"this.style.display='none'\" loading=\"lazy\" \/>\n\t<\/figure>\n<p><em><strong>Unsere Mission<\/strong><\/em><\/p>\n<p><i>Die Aufgabe der Beschaffungsabteilung der Stadt Miami Beach besteht darin, allen Beteiligten in unserer lebendigen, tropischen Gemeinde hervorragende \u00f6ffentliche Dienste zu bieten, indem die Ressourcen der Steuerzahler und das \u00f6ffentliche Vertrauen in die Beschaffung von Waren und Dienstleistungen durch h\u00f6chste ethische Standards, strategische Beschaffung, Transparenz und Kundenorientierung maximiert werden.<\/i><\/p>\n<p><em><strong>Unsere Vision und Werte<\/strong><\/em><em>Wir sind ein Team von Fachleuten f\u00fcr \u00f6ffentliche Beschaffung, die die Vision und Werte der Stadt verwirklichen:<\/em><\/p>\n<ul>\n<li><em>A\u00a0<strong>Wohlhabende Stadt<\/strong>\u00a0durch die Maximierung der Steuergelder.<\/em><\/li>\n<li><em>A\u00a0<strong>SICHERE STADT<\/strong>\u00a0durch eine strategische Partnerschaft mit Ersthelfern und Notfallmanagement, um die Dienstleistungen f\u00fcr die Beteiligten zu beschleunigen.<\/em><\/li>\n<li><em>A\u00a0<strong>Widerstandsf\u00e4hige K\u00fcstenstadt<\/strong> indem wir sicherstellen, dass bew\u00e4hrte Verfahren in Bezug auf Nachhaltigkeit und Widerstandsf\u00e4higkeit in unsere Arbeit einflie\u00dfen.<\/em><\/li>\n<li><em>A\u00a0<strong>SMARTE STADT<\/strong>\u00a0durch innovatives Denken, das die Effizienz und Rationalisierung der Dienstleistungen f\u00fcr die Stakeholder f\u00f6rdert.<\/em><\/li>\n<\/ul>\n<p><strong><a href=\"https:\/\/www.miamibeachfl.gov\/de\/city-hall\/procurement\/contact-procurement\/\">Kontaktieren Sie uns<\/a><\/strong>\u00a0f\u00fcr jegliche Unterst\u00fctzung, die Sie im Zusammenhang mit den Beschaffungs- und Vertragsaktivit\u00e4ten ben\u00f6tigen.<\/p>\n<figure itemscope itemtype=\"https:\/\/schema.org\/ImageObject\">\n\t\t\t\t<img decoding=\"async\" src=\"https:\/\/www.miamibeachfl.gov\/wp-content\/uploads\/2017\/08\/KristyBada2.jpg\" alt=\"Krysty Bada\" height=\"600\" width=\"600\" title=\"Kristy Bada\" onerror=\"this.style.display='none'\" loading=\"lazy\" \/>\n\t<\/figure>\n<h2>\n\t\t\tKristy Bada\t<\/h2>\n\t<p>Kristy Bada wurde im September 2024 zur Chief Procurement Officer der Beschaffungsabteilung der Stadt Miami Beach ernannt. In dieser Funktion verantwortet sie s\u00e4mtliche Beschaffungsaktivit\u00e4ten und leitet Initiativen in den Bereichen Vertragswesen, Compliance und Lieferantenmanagement der Stadt. Mit fast siebzehn Jahren Erfahrung im \u00f6ffentlichen Beschaffungswesen in S\u00fcdflorida verf\u00fcgt Kristy \u00fcber umfassende Expertise in der Leitung komplexer und hochkar\u00e4tiger Projekte, einschlie\u00dflich \u00f6ffentlicher Ausschreibungen.\u00a0<a href=\"https:\/\/www.miamibeachfl.gov\/de\/city-hall\/procurement\/kristy-bada-bio\/\">Mehr lesen.<\/a><\/p>\n<h2>\n\t\t\tTop Links\t<\/h2>\n\t\t\t<a href=\"\/de\/city-hall\/procurement\/bid-opportunities\/\"  target=\"_blank\" rel=\"noopener\">\n\t\t\t\t\t\t\tGebotsgelegenheiten\n\t\t\t<\/a>\n\t\t\t<a href=\"\/de\/city-hall\/procurement\/contractawards\/\"  target=\"_self\">\n\t\t\t\t\t\t\tVertr\u00e4ge\n\t\t\t<\/a>\n\t\t\t<a href=\"\/de\/city-hall\/procurement\/how-to-become-a-vendor\/\"  target=\"_blank\" rel=\"noopener\">\n\t\t\t\t\t\t\tWie werde ich Lieferant?\n\t\t\t<\/a>\n\t\t\t<a href=\"\/de\/city-hall\/procurement\/kristy-bada-bio\/\"  target=\"_blank\" rel=\"noopener\">\n\t\t\t\t\t\t\tKristy Bada Bio\n\t\t\t<\/a>\n\t\t\t<a href=\"\/de\/city-hall\/procurement\/procurement-related-ordinance-and-procedures\/\"  target=\"_blank\" rel=\"noopener\">\n\t\t\t\t\t\t\tBeschaffungsbezogene Richtlinien und Verfahren\n\t\t\t<\/a>\n\t\t\t<a href=\"https:\/\/www.miamibeachfl.gov\/wp-content\/uploads\/2026\/05\/LTC-186-2026-List-of-Projects-Covered-by-the-Cone-of-Silence-Ordinance.pdf\"  target=\"_blank\" rel=\"noopener\">\n\t\t\t\t\t\t\tProjekte unter Kegel von<br \/>Schweigen\n\t\t\t<\/a>\n\t\t\t<a href=\"\/de\/city-hall\/procurement\/standard-terms-and-conditions\/\"  target=\"_blank\" rel=\"noopener\">\n\t\t\t\t\t\t\tAllgemeine Gesch\u00e4ftsbedingungen<br \/>Bedingungen\n\t\t\t<\/a>\n<h2>\n\t\t\tVerwandte Ressourcen\t<\/h2>\n\t\t<ul>\n\t\t\t\t\t<li>\n\t\t\t\t\t<a href=\"\/de\/city-hall\/city-clerk\/meeting-notices\/\" target=\"_self\">\n\t\t\t\t<h3>\u00d6ffentliche Versammlungen<\/h3>\n\t<\/a>\n\t\t\t<\/li>\n\t\t\t\t\t<li>\n\t\t\t\t\t<a href=\"https:\/\/mbservices.miamibeachfl.gov\/vss\" target=\"_blank\">\n\t\t\t\t<h3>Anbieter-Self-Service<\/h3>\n\t<\/a>\n\t\t\t<\/li>\n\t\t\t\t\t<li>\n\t\t\t\t\t<a href=\"https:\/\/bidera.com\/\" target=\"_blank\">\n\t\t\t\t<h3>\u00dcberschuss<\/h3>\n\t<\/a>\n\t\t\t<\/li>\n\t\t\t\t\t<li>\n\t\t\t\t\t<a href=\"\/de\/city-hall\/city-clerk\/public-records-request\/\" target=\"_self\">\n\t\t\t\t<h3>Anfrage zu \u00f6ffentlichen Aufzeichnungen<\/h3>\n\t<\/a>\n\t\t\t<\/li>\n\t\t\t\t\t<li>\n\t\t\t\t\t<a href=\"\/de\/city-hall\/procurement\/debarement-of-vendors\/\" target=\"_blank\">\n\t\t\t\t<h3>Ausschluss von Anbietern<\/h3>\n\t<\/a>\n\t\t\t<\/li>\n\t\t\t\t<\/ul>\n\t\t<ul>\n\t\t\t\t\t<li>\n\t\t\t\t\t<a href=\"\/de\/city-hall\/city-clerk\/election-information\/campaign-finance\/\" target=\"_self\">\n\t\t\t\t<h3> BEITR\u00c4GE DER LIEFERANTENKAMPAGNE (VERWALTET DURCH DIE BESCHAFFUNG)<\/h3>\n\t<\/a>\n\t\t\t<\/li>\n\t\t\t\t\t<li>\n\t\t\t\t\t<a href=\"http:\/\/lcptracker.net\/\" target=\"_blank\">\n\t\t\t\t<h3>LCP-Tracker<\/h3>\n\t<\/a>\n\t\t\t<\/li>\n\t\t\t\t\t<li>\n\t\t\t\t\t<a href=\"\/de\/city-hall\/procurement\/supplier-diversity\/\" target=\"_self\">\n\t\t\t\t<h3>Lieferantenvielfalt<\/h3>\n\t<\/a>\n\t\t\t<\/li>\n\t\t\t\t\t<li>\n\t\t\t\t\t<a href=\"\/wp-content\/uploads\/2022\/03\/PO1901-Submittal-of-Unsolicited-Proposals.pdf\" target=\"_blank\">\n\t\t\t\t<h3>Einreichung unaufgeforderter Vorschl\u00e4ge<\/h3>\n\t<\/a>\n\t\t\t<\/li>\n\t\t\t\t<\/ul>","protected":false},"excerpt":{"rendered":"<p><a href=\"tel:3056737490\" style=\"text-decoration:none; color:#004896;\"><br \/>\n    <i class=\"fa-solid fa-phone\"><\/i> 305.673.7490<br \/>\n<\/a><a href=\"https:\/\/www.miamibeachfl.gov\/de\/city-hall\/procurement\/contact-procurement\/\" style=\"text-decoration:none; color:#004896;\"><br \/>\n    <i class=\"fa-solid fa-circle-info\"><\/i> Kontaktinformationen<br \/>\n<\/a><\/p>","protected":false},"author":222,"featured_media":260861,"parent":28206,"menu_order":261,"comment_status":"closed","ping_status":"closed","template":"","meta":{"_searchwp_excluded":"","site-sidebar-layout":"default","site-content-layout":"","ast-site-content-layout":"default","site-content-style":"default","site-sidebar-style":"default","ast-global-header-display":"","ast-banner-title-visibility":"","ast-main-header-display":"","ast-hfb-above-header-display":"","ast-hfb-below-header-display":"","ast-hfb-mobile-header-display":"","site-post-title":"","ast-breadcrumbs-content":"","ast-featured-img":"","footer-sml-layout":"","ast-disable-related-posts":"","theme-transparent-header-meta":"","adv-header-id-meta":"","stick-header-meta":"","header-above-stick-meta":"","header-main-stick-meta":"","header-below-stick-meta":"","astra-migrate-meta-layouts":"default","ast-page-background-enabled":"default","ast-page-background-meta":{"desktop":{"background-color":"var(--ast-global-color-5)","background-image":"","background-repeat":"repeat","background-position":"center center","background-size":"auto","background-attachment":"scroll","background-type":"","background-media":"","overlay-type":"","overlay-color":"","overlay-opacity":"","overlay-gradient":""},"tablet":{"background-color":"","background-image":"","background-repeat":"repeat","background-position":"center center","background-size":"auto","background-attachment":"scroll","background-type":"","background-media":"","overlay-type":"","overlay-color":"","overlay-opacity":"","overlay-gradient":""},"mobile":{"background-color":"","background-image":"","background-repeat":"repeat","background-position":"center center","background-size":"auto","background-attachment":"scroll","background-type":"","background-media":"","overlay-type":"","overlay-color":"","overlay-opacity":"","overlay-gradient":""}},"ast-content-background-meta":{"desktop":{"background-color":"var(--ast-global-color-4)","background-image":"","background-repeat":"repeat","background-position":"center center","background-size":"auto","background-attachment":"scroll","background-type":"","background-media":"","overlay-type":"","overlay-color":"","overlay-opacity":"","overlay-gradient":""},"tablet":{"background-color":"var(--ast-global-color-4)","background-image":"","background-repeat":"repeat","background-position":"center center","background-size":"auto","background-attachment":"scroll","background-type":"","background-media":"","overlay-type":"","overlay-color":"","overlay-opacity":"","overlay-gradient":""},"mobile":{"background-color":"var(--ast-global-color-4)","background-image":"","background-repeat":"repeat","background-position":"center center","background-size":"auto","background-attachment":"scroll","background-type":"","background-media":"","overlay-type":"","overlay-color":"","overlay-opacity":"","overlay-gradient":""}},"footnotes":""},"categories":[1],"tags":[1727,1728],"class_list":["post-28912","page","type-page","status-publish","has-post-thumbnail","hentry","category-uncategorized","tag-administrative","tag-business"],"yoast_head":"<!-- This site is optimized with the Yoast SEO Premium plugin v27.4 (Yoast SEO v27.4) - https:\/\/yoast.com\/product\/yoast-seo-premium-wordpress\/ -->\n<title>Procurement - City of Miami Beach<\/title>\n<meta name=\"description\" content=\"Miami Beach Procurement Department manages acquisition of goods and services according to City Code, Florida State Statutes, and federal law.\" \/>\n<meta name=\"robots\" content=\"index, follow, max-snippet:-1, max-image-preview:large, max-video-preview:-1\" \/>\n<link rel=\"canonical\" href=\"https:\/\/www.miamibeachfl.gov\/de\/city-hall\/procurement\/\" \/>\n<meta property=\"og:locale\" content=\"de_DE\" \/>\n<meta property=\"og:type\" content=\"article\" \/>\n<meta property=\"og:title\" content=\"Procurement\" \/>\n<meta property=\"og:description\" content=\"Miami Beach Procurement Department manages acquisition of goods and services according to City Code, Florida State Statutes, and federal law.\" \/>\n<meta property=\"og:url\" content=\"https:\/\/www.miamibeachfl.gov\/de\/city-hall\/procurement\/\" \/>\n<meta property=\"og:site_name\" content=\"City of Miami Beach\" \/>\n<meta property=\"article:publisher\" content=\"https:\/\/www.facebook.com\/cityofmiamibeach\" \/>\n<meta property=\"article:modified_time\" content=\"2026-05-01T18:44:18+00:00\" \/>\n<meta property=\"og:image\" content=\"https:\/\/www.miamibeachfl.gov\/wp-content\/uploads\/2023\/05\/businesspeople.jpg\" \/>\n\t<meta property=\"og:image:width\" content=\"299\" \/>\n\t<meta property=\"og:image:height\" content=\"299\" \/>\n\t<meta property=\"og:image:type\" content=\"image\/jpeg\" \/>\n<meta name=\"twitter:card\" content=\"summary_large_image\" \/>\n<meta name=\"twitter:site\" content=\"@Miamibeachnews\" \/>\n<script type=\"application\/ld+json\" class=\"yoast-schema-graph\">{\"@context\":\"https:\\\/\\\/schema.org\",\"@graph\":[{\"@type\":\"WebPage\",\"@id\":\"https:\\\/\\\/www.miamibeachfl.gov\\\/city-hall\\\/procurement\\\/\",\"url\":\"https:\\\/\\\/www.miamibeachfl.gov\\\/city-hall\\\/procurement\\\/\",\"name\":\"Procurement - City of Miami Beach\",\"isPartOf\":{\"@id\":\"https:\\\/\\\/www.miamibeachfl.gov\\\/#website\"},\"primaryImageOfPage\":{\"@id\":\"https:\\\/\\\/www.miamibeachfl.gov\\\/city-hall\\\/procurement\\\/#primaryimage\"},\"image\":{\"@id\":\"https:\\\/\\\/www.miamibeachfl.gov\\\/city-hall\\\/procurement\\\/#primaryimage\"},\"thumbnailUrl\":\"https:\\\/\\\/www.miamibeachfl.gov\\\/wp-content\\\/uploads\\\/2023\\\/05\\\/businesspeople.jpg\",\"datePublished\":\"2017-08-11T00:09:47+00:00\",\"dateModified\":\"2026-05-01T18:44:18+00:00\",\"description\":\"Miami Beach Procurement Department manages acquisition of goods and services according to City Code, Florida State Statutes, and federal law.\",\"breadcrumb\":{\"@id\":\"https:\\\/\\\/www.miamibeachfl.gov\\\/city-hall\\\/procurement\\\/#breadcrumb\"},\"inLanguage\":\"de\",\"potentialAction\":[{\"@type\":\"ReadAction\",\"target\":[\"https:\\\/\\\/www.miamibeachfl.gov\\\/city-hall\\\/procurement\\\/\"]}]},{\"@type\":\"ImageObject\",\"inLanguage\":\"de\",\"@id\":\"https:\\\/\\\/www.miamibeachfl.gov\\\/city-hall\\\/procurement\\\/#primaryimage\",\"url\":\"https:\\\/\\\/www.miamibeachfl.gov\\\/wp-content\\\/uploads\\\/2023\\\/05\\\/businesspeople.jpg\",\"contentUrl\":\"https:\\\/\\\/www.miamibeachfl.gov\\\/wp-content\\\/uploads\\\/2023\\\/05\\\/businesspeople.jpg\",\"width\":299,\"height\":299,\"caption\":\"Business People looking at computer\"},{\"@type\":\"BreadcrumbList\",\"@id\":\"https:\\\/\\\/www.miamibeachfl.gov\\\/city-hall\\\/procurement\\\/#breadcrumb\",\"itemListElement\":[{\"@type\":\"ListItem\",\"position\":1,\"name\":\"Home\",\"item\":\"https:\\\/\\\/www.miamibeachfl.gov\\\/\"},{\"@type\":\"ListItem\",\"position\":2,\"name\":\"City Hall\",\"item\":\"https:\\\/\\\/www.miamibeachfl.gov\\\/city-hall\\\/\"},{\"@type\":\"ListItem\",\"position\":3,\"name\":\"Procurement\"}]},{\"@type\":\"WebSite\",\"@id\":\"https:\\\/\\\/www.miamibeachfl.gov\\\/#website\",\"url\":\"https:\\\/\\\/www.miamibeachfl.gov\\\/\",\"name\":\"City of Miami Beach\",\"description\":\"The official website of the City of Miami Beach. Stay informed, find important information on city services, news, alerts, events, trolley routes, government employment and more.\",\"publisher\":{\"@id\":\"https:\\\/\\\/www.miamibeachfl.gov\\\/#organization\"},\"potentialAction\":[{\"@type\":\"SearchAction\",\"target\":{\"@type\":\"EntryPoint\",\"urlTemplate\":\"https:\\\/\\\/www.miamibeachfl.gov\\\/?s={search_term_string}\"},\"query-input\":{\"@type\":\"PropertyValueSpecification\",\"valueRequired\":true,\"valueName\":\"search_term_string\"}}],\"inLanguage\":\"de\"},{\"@type\":\"Organization\",\"@id\":\"https:\\\/\\\/www.miamibeachfl.gov\\\/#organization\",\"name\":\"City of Miami Beach\",\"url\":\"https:\\\/\\\/www.miamibeachfl.gov\\\/\",\"logo\":{\"@type\":\"ImageObject\",\"inLanguage\":\"de\",\"@id\":\"https:\\\/\\\/www.miamibeachfl.gov\\\/#\\\/schema\\\/logo\\\/image\\\/\",\"url\":\"https:\\\/\\\/www.miamibeachfl.gov\\\/wp-content\\\/uploads\\\/2022\\\/06\\\/miamibeach-logoblue.png\",\"contentUrl\":\"https:\\\/\\\/www.miamibeachfl.gov\\\/wp-content\\\/uploads\\\/2022\\\/06\\\/miamibeach-logoblue.png\",\"width\":1962,\"height\":381,\"caption\":\"City of Miami Beach\"},\"image\":{\"@id\":\"https:\\\/\\\/www.miamibeachfl.gov\\\/#\\\/schema\\\/logo\\\/image\\\/\"},\"sameAs\":[\"https:\\\/\\\/www.facebook.com\\\/cityofmiamibeach\",\"https:\\\/\\\/x.com\\\/Miamibeachnews\",\"https:\\\/\\\/www.instagram.com\\\/miamibeachnews\\\/\"],\"description\":\"The official website of the City of Miami Beach. Stay informed, find important information on city services, news, alerts, events, trolley routes, government employment and more.\",\"telephone\":\"305.604.CITY(2489)\",\"legalName\":\"City of Miami Beach\"}]}<\/script>\n<!-- \/ Yoast SEO Premium plugin. -->","yoast_head_json":{"title":"Beschaffung - Stadt Miami Beach","description":"Die Beschaffungsabteilung von Miami Beach verwaltet die Beschaffung von Waren und Dienstleistungen gem\u00e4\u00df der Stadtverordnung, den Gesetzen des Staates Florida und dem Bundesgesetz.","robots":{"index":"index","follow":"follow","max-snippet":"max-snippet:-1","max-image-preview":"max-image-preview:large","max-video-preview":"max-video-preview:-1"},"canonical":"https:\/\/www.miamibeachfl.gov\/de\/city-hall\/procurement\/","og_locale":"de_DE","og_type":"article","og_title":"Procurement","og_description":"Miami Beach Procurement Department manages acquisition of goods and services according to City Code, Florida State Statutes, and federal law.","og_url":"https:\/\/www.miamibeachfl.gov\/de\/city-hall\/procurement\/","og_site_name":"City of Miami Beach","article_publisher":"https:\/\/www.facebook.com\/cityofmiamibeach","article_modified_time":"2026-05-01T18:44:18+00:00","og_image":[{"width":299,"height":299,"url":"https:\/\/www.miamibeachfl.gov\/wp-content\/uploads\/2023\/05\/businesspeople.jpg","type":"image\/jpeg"}],"twitter_card":"summary_large_image","twitter_site":"@Miamibeachnews","schema":{"@context":"https:\/\/schema.org","@graph":[{"@type":"WebPage","@id":"https:\/\/www.miamibeachfl.gov\/city-hall\/procurement\/","url":"https:\/\/www.miamibeachfl.gov\/city-hall\/procurement\/","name":"Beschaffung - Stadt Miami Beach","isPartOf":{"@id":"https:\/\/www.miamibeachfl.gov\/#website"},"primaryImageOfPage":{"@id":"https:\/\/www.miamibeachfl.gov\/city-hall\/procurement\/#primaryimage"},"image":{"@id":"https:\/\/www.miamibeachfl.gov\/city-hall\/procurement\/#primaryimage"},"thumbnailUrl":"https:\/\/www.miamibeachfl.gov\/wp-content\/uploads\/2023\/05\/businesspeople.jpg","datePublished":"2017-08-11T00:09:47+00:00","dateModified":"2026-05-01T18:44:18+00:00","description":"Die Beschaffungsabteilung von Miami Beach verwaltet die Beschaffung von Waren und Dienstleistungen gem\u00e4\u00df der Stadtverordnung, den Gesetzen des Staates Florida und dem Bundesgesetz.","breadcrumb":{"@id":"https:\/\/www.miamibeachfl.gov\/city-hall\/procurement\/#breadcrumb"},"inLanguage":"de","potentialAction":[{"@type":"ReadAction","target":["https:\/\/www.miamibeachfl.gov\/city-hall\/procurement\/"]}]},{"@type":"ImageObject","inLanguage":"de","@id":"https:\/\/www.miamibeachfl.gov\/city-hall\/procurement\/#primaryimage","url":"https:\/\/www.miamibeachfl.gov\/wp-content\/uploads\/2023\/05\/businesspeople.jpg","contentUrl":"https:\/\/www.miamibeachfl.gov\/wp-content\/uploads\/2023\/05\/businesspeople.jpg","width":299,"height":299,"caption":"Business People looking at computer"},{"@type":"BreadcrumbList","@id":"https:\/\/www.miamibeachfl.gov\/city-hall\/procurement\/#breadcrumb","itemListElement":[{"@type":"ListItem","position":1,"name":"Home","item":"https:\/\/www.miamibeachfl.gov\/"},{"@type":"ListItem","position":2,"name":"City Hall","item":"https:\/\/www.miamibeachfl.gov\/city-hall\/"},{"@type":"ListItem","position":3,"name":"Procurement"}]},{"@type":"WebSite","@id":"https:\/\/www.miamibeachfl.gov\/#website","url":"https:\/\/www.miamibeachfl.gov\/","name":"Stadt Miami Beach","description":"Die offizielle Website der Stadt Miami Beach. Bleiben Sie informiert und finden Sie wichtige Informationen zu st\u00e4dtischen Dienstleistungen, Neuigkeiten, Warnungen, Veranstaltungen, Stra\u00dfenbahnlinien, Stellenangeboten im \u00f6ffentlichen Dienst und mehr.","publisher":{"@id":"https:\/\/www.miamibeachfl.gov\/#organization"},"potentialAction":[{"@type":"SearchAction","target":{"@type":"EntryPoint","urlTemplate":"https:\/\/www.miamibeachfl.gov\/?s={search_term_string}"},"query-input":{"@type":"PropertyValueSpecification","valueRequired":true,"valueName":"search_term_string"}}],"inLanguage":"de"},{"@type":"Organization","@id":"https:\/\/www.miamibeachfl.gov\/#organization","name":"Stadt Miami Beach","url":"https:\/\/www.miamibeachfl.gov\/","logo":{"@type":"ImageObject","inLanguage":"de","@id":"https:\/\/www.miamibeachfl.gov\/#\/schema\/logo\/image\/","url":"https:\/\/www.miamibeachfl.gov\/wp-content\/uploads\/2022\/06\/miamibeach-logoblue.png","contentUrl":"https:\/\/www.miamibeachfl.gov\/wp-content\/uploads\/2022\/06\/miamibeach-logoblue.png","width":1962,"height":381,"caption":"City of Miami Beach"},"image":{"@id":"https:\/\/www.miamibeachfl.gov\/#\/schema\/logo\/image\/"},"sameAs":["https:\/\/www.facebook.com\/cityofmiamibeach","https:\/\/x.com\/Miamibeachnews","https:\/\/www.instagram.com\/miamibeachnews\/"],"description":"Die offizielle Website der Stadt Miami Beach. Bleiben Sie informiert und finden Sie wichtige Informationen zu st\u00e4dtischen Dienstleistungen, Neuigkeiten, Warnungen, Veranstaltungen, Stra\u00dfenbahnlinien, Stellenangeboten im \u00f6ffentlichen Dienst und mehr.","telephone":"305.604.CITY(2489)","legalName":"City of Miami Beach"}]}},"_links":{"self":[{"href":"https:\/\/www.miamibeachfl.gov\/de\/wp-json\/wp\/v2\/pages\/28912","targetHints":{"allow":["GET"]}}],"collection":[{"href":"https:\/\/www.miamibeachfl.gov\/de\/wp-json\/wp\/v2\/pages"}],"about":[{"href":"https:\/\/www.miamibeachfl.gov\/de\/wp-json\/wp\/v2\/types\/page"}],"author":[{"embeddable":true,"href":"https:\/\/www.miamibeachfl.gov\/de\/wp-json\/wp\/v2\/users\/222"}],"replies":[{"embeddable":true,"href":"https:\/\/www.miamibeachfl.gov\/de\/wp-json\/wp\/v2\/comments?post=28912"}],"version-history":[{"count":12,"href":"https:\/\/www.miamibeachfl.gov\/de\/wp-json\/wp\/v2\/pages\/28912\/revisions"}],"predecessor-version":[{"id":399960,"href":"https:\/\/www.miamibeachfl.gov\/de\/wp-json\/wp\/v2\/pages\/28912\/revisions\/399960"}],"up":[{"embeddable":true,"href":"https:\/\/www.miamibeachfl.gov\/de\/wp-json\/wp\/v2\/pages\/28206"}],"wp:featuredmedia":[{"embeddable":true,"href":"https:\/\/www.miamibeachfl.gov\/de\/wp-json\/wp\/v2\/media\/260861"}],"wp:attachment":[{"href":"https:\/\/www.miamibeachfl.gov\/de\/wp-json\/wp\/v2\/media?parent=28912"}],"wp:term":[{"taxonomy":"category","embeddable":true,"href":"https:\/\/www.miamibeachfl.gov\/de\/wp-json\/wp\/v2\/categories?post=28912"},{"taxonomy":"post_tag","embeddable":true,"href":"https:\/\/www.miamibeachfl.gov\/de\/wp-json\/wp\/v2\/tags?post=28912"}],"curies":[{"name":"wp","href":"https:\/\/api.w.org\/{rel}","templated":true}]}}