{"id":28933,"date":"2017-08-11T00:10:02","date_gmt":"2017-08-11T00:10:02","guid":{"rendered":"http:\/\/www.miamibeachfl.gov\/city-hall\/public-works\/sanitation-division\/bulk-disposal\/"},"modified":"2026-02-06T12:17:30","modified_gmt":"2026-02-06T17:17:30","slug":"bulk-disposal","status":"publish","type":"page","link":"https:\/\/www.miamibeachfl.gov\/de\/city-hall\/public-works\/sanitation-division\/bulk-disposal\/","title":{"rendered":"Abholung und Abgabe von Sperrm\u00fcll in Miami Beach"},"content":{"rendered":"<img decoding=\"async\" src=\"https:\/\/www.miamibeachfl.gov\/wp-content\/uploads\/2022\/07\/hero-small.jpg\" alt=\"ocean drive art deco buildings\" itemprop=\"image\" height=\"211\" width=\"2395\" title=\"Held-klein\" onerror=\"this.style.display='none'\" loading=\"lazy\" \/>\n\t<nav id=\"breadcrumbs\" aria-label=\"Paniermehl\"><a href=\"https:\/\/www.miamibeachfl.gov\/de\/\">Heim<\/a> &gt; <a href=\"https:\/\/www.miamibeachfl.gov\/de\/city-hall\/\">Rathaus<\/a> &gt; <a href=\"https:\/\/www.miamibeachfl.gov\/de\/city-hall\/public-works\/\">\u00d6ffentliche Arbeiten<\/a> &gt; <a href=\"https:\/\/www.miamibeachfl.gov\/de\/city-hall\/public-works\/sanitation-division\/\">Abteilung Hygiene<\/a> &gt; <strong>Abholung und Abgabe von Sperrm\u00fcll in Miami Beach<\/strong><\/nav><h1>\n\t\t\tAbholung und Abgabe von Sperrm\u00fcll in Miami Beach\t<\/h1>\n\t<p><strong>Waste Connections of Florida ist f\u00fcr die Abholung von Sperrm\u00fcll und Gartenabf\u00e4llen gem\u00e4\u00df den folgenden Richtlinien zust\u00e4ndig:<\/strong><\/p>\n<h2>SPERRM\u00dcLL<\/h2>\n<p><strong>Die Abholung von Sperrm\u00fcll muss direkt bei Waste Connections of Florida vereinbart werden. <a href=\"tel:7865152726\">786.515.2726<\/a>;<\/strong><\/p>\n<ul>\n<li>Immobilien haben Anspruch auf <strong>sechs (6)<\/strong> kostenlose Sperrm\u00fcllabholungen pro Jahr;<\/li>\n<li>Bitte stellen Sie Sperrm\u00fcll maximal <strong>24 Stunden vorher<\/strong> zum geplanten Abholtermin;<\/li>\n<li><strong>Sperrm\u00fcll besteht aus<\/strong> gro\u00dfe Schnittreste von Str\u00e4uchern, \u00c4sten und Gartenabf\u00e4lle, die nicht in eine Dose oder einen Sack passen oder zu B\u00fcndeln von h\u00f6chstens 1,22 m L\u00e4nge zusammengebunden werden k\u00f6nnen; Haushaltsger\u00e4te wie Herde, Warmwasserbereiter und K\u00fchlschr\u00e4nke (mit abmontierten T\u00fcren); Abfall aus Heimwerker-Umbau-\/Reparaturprojekten, einschlie\u00dflich Teppichb\u00f6den (auf eine L\u00e4nge von h\u00f6chstens 1,82 m zugeschnitten); Trockenbauw\u00e4nde und Bauholz mit einer L\u00e4nge von h\u00f6chstens 1,52 m oder einem Gewicht von h\u00f6chstens 18 kg; und M\u00f6bel (Sofas, St\u00fchle und Matratzen);<\/li>\n<li><strong>Sperrm\u00fcll beinhaltet NICHT<\/strong> M\u00fcll aus Baumf\u00e4llungen, Rodungen, Geb\u00e4udeabriss, Chemieabf\u00e4lle, Farben, Autos und Autoteile, Reifen, Batterien, Boote, biologische Abf\u00e4lle oder jegliche von einem Auftragnehmer ausgef\u00fchrte Arbeit;<\/li>\n<li><strong>Wohnungen und Eigentumswohnungen<\/strong>Geb\u00e4ude mit neun oder mehr Wohneinheiten, die einen privaten M\u00fcllentsorgungsdienst nutzen, m\u00fcssen sich bez\u00fcglich der Abholung von Sperrm\u00fcll und Gartenabf\u00e4llen an ihren Dienstleister wenden.<\/li>\n<\/ul>\n<h3>Gartenabfall<\/h3>\n<ul>\n<li><strong>Gartenabf\u00e4lle sind<\/strong> als Baum-\/Strauchschnitt, Grasschnitt und Palmwedel;<\/li>\n<li>Bitte stellen Sie Ihren M\u00fcll nicht mehr als <strong>24 Stunden vorher<\/strong> bis 7:00 Uhr an Ihren Abholtagen der Woche;<\/li>\n<li>Der gesamte M\u00fcll muss in S\u00e4cken\/Dosen oder zu B\u00fcndeln zusammengebunden sein und <strong>weniger als 50 Pfund wiegen<\/strong>;<\/li>\n<li>Pakete <strong>darf nicht l\u00e4nger als 4 Fu\u00df sein<\/strong> Und<strong> Gliedma\u00dfen mit einem Durchmesser von nicht mehr als 4 Zoll<\/strong>.<\/li>\n<\/ul>\n<p><strong>Verst\u00f6\u00dfe gegen die oben genannten Regeln werden mit einer Geldstrafe zwischen $50 und $1000 geahndet. Muss die Stadt den M\u00fcll und Abfall entsorgen, werden dem Verletzer zus\u00e4tzlich zu den Geldstrafen auch alle Entsorgungskosten in Rechnung gestellt.<\/strong><\/p>\n<hr \/>\n<strong>KOSTENLOSE SPURABGABE:<\/strong> Erstes Wochenende jedes Monats<br \/>\nAnwohner k\u00f6nnen Sperrm\u00fcll von 8:00 bis 18:00 Uhr an einem der unten aufgef\u00fchrten Orte abgeben.\n<p>Ein Nachweis \u00fcber den Wohnsitz in Miami Beach ist erforderlich (amtlicher Ausweis mit einer Adresse in Miami Beach und\/oder eine Stromrechnung mit Lichtbildausweis).<\/p>\n<p>Bitte <strong>NICHT<\/strong> Entsorgen Sie keine chemischen oder gef\u00e4hrlichen Stoffe, Reifen, Farben oder Autoteile in den M\u00fcllcontainern. Kontaktieren Sie die <strong>Abteilung f\u00fcr Hygiene bei <\/strong><a href=\"tel:3056737616\"><strong>305.673.7616<\/strong> <\/a>f\u00fcr weitere Informationen.<\/p>\n<p><strong>Kostenlose Sperrm\u00fcll-Abgabestellen:<\/strong><\/p>\n<ul>\n<li>140 McArthur Causeway (Terminalinsel)<\/li>\n<\/ul>\n<ul>\n<li>75. Stra\u00dfe und Dickens Avenue<\/li>\n<\/ul>\n<h3>Abgabetermine f\u00fcr Massenmengen 2026<\/h3>\n<ul>\n<li>3. und 4. Januar<\/li>\n<li>7. und 8. Februar<\/li>\n<li>7. und 8. M\u00e4rz<\/li>\n<li>4. und 5. April<\/li>\n<li>2. und 3. Mai<\/li>\n<li>6. und 7. Juni<\/li>\n<li>4. und 5. Juli<\/li>\n<li>1. und 2. August<\/li>\n<li>5. und 6. September<\/li>\n<li>3. und 4. Oktober<\/li>\n<li>7. und 8. November<\/li>\n<li>5. und 6. Dezember<\/li>\n<\/ul>\n\t\tNavigieren Sie zu\u2026\t\t\t\n\t\t\t\t\t<ul id=\"menu-public-works-sanitation\"><li id=\"menu-item-364244\"><a href=\"\/de\/city-hall\/public-works\/sanitation-division\/chemical-waste-disposal\/\">Entsorgung chemischer Abf\u00e4lle<\/a><\/li>\n<li id=\"menu-item-364245\"><a href=\"\/de\/city-hall\/public-works\/sanitation-division\/commercial-waste-haulers\/\">Gewerbliche Abfallentsorger<\/a><\/li>\n<li id=\"menu-item-364246\"><a href=\"\/de\/city-hall\/public-works\/sanitation-division\/bulk-disposal\/\">Abholung und Abgabe von Sperrm\u00fcll in Miami Beach<\/a><\/li>\n<li id=\"menu-item-364247\"><a href=\"\/de\/city-hall\/public-works\/sanitation-division\/recycling-info\/\">Recyclinginformationen<\/a><\/li>\n<li id=\"menu-item-364248\"><a href=\"\/de\/city-hall\/public-works\/sanitation-division\/residential-garbage\/\">Hausm\u00fcll<\/a><\/li>\n<li id=\"menu-item-364249\"><a href=\"\/de\/city-hall\/public-works\/sanitation-division\/street-cleaning\/\">Stra\u00dfenreinigungsprogramme im Flamingo Park und North Beach<\/a><\/li>\n<\/ul>\t\n\t<div class=\"page-navigation\"><a class=\"prev-page\" href=\"https:\/\/www.miamibeachfl.gov\/de\/city-hall\/procurement\/bid-opportunities\/current-bid-opportunities\/\">\u2190 Aktuelle Ausschreibungen<\/a> <a class=\"next-page\" href=\"https:\/\/www.miamibeachfl.gov\/de\/city-hall\/public-works\/sanitation-division\/residential-garbage\/\">Hausm\u00fcll \u2192<\/a><\/div>","protected":false},"excerpt":{"rendered":"<p>Startseite &gt; Rathaus &gt; \u00d6ffentliche Arbeiten &gt; Abfallentsorgung &gt; Sperrm\u00fcllabholung und -annahme in Miami Beach [\u2026]<\/p>","protected":false},"author":222,"featured_media":0,"parent":28932,"menu_order":0,"comment_status":"closed","ping_status":"closed","template":"","meta":{"_searchwp_excluded":"","site-sidebar-layout":"default","site-content-layout":"","ast-site-content-layout":"default","site-content-style":"default","site-sidebar-style":"default","ast-global-header-display":"","ast-banner-title-visibility":"","ast-main-header-display":"","ast-hfb-above-header-display":"","ast-hfb-below-header-display":"","ast-hfb-mobile-header-display":"","site-post-title":"","ast-breadcrumbs-content":"","ast-featured-img":"","footer-sml-layout":"","theme-transparent-header-meta":"","adv-header-id-meta":"","stick-header-meta":"","header-above-stick-meta":"","header-main-stick-meta":"","header-below-stick-meta":"","astra-migrate-meta-layouts":"default","ast-page-background-enabled":"default","ast-page-background-meta":{"desktop":{"background-color":"var(--ast-global-color-5)","background-image":"","background-repeat":"repeat","background-position":"center center","background-size":"auto","background-attachment":"scroll","background-type":"","background-media":"","overlay-type":"","overlay-color":"","overlay-opacity":"","overlay-gradient":""},"tablet":{"background-color":"","background-image":"","background-repeat":"repeat","background-position":"center center","background-size":"auto","background-attachment":"scroll","background-type":"","background-media":"","overlay-type":"","overlay-color":"","overlay-opacity":"","overlay-gradient":""},"mobile":{"background-color":"","background-image":"","background-repeat":"repeat","background-position":"center center","background-size":"auto","background-attachment":"scroll","background-type":"","background-media":"","overlay-type":"","overlay-color":"","overlay-opacity":"","overlay-gradient":""}},"ast-content-background-meta":{"desktop":{"background-color":"var(--ast-global-color-4)","background-image":"","background-repeat":"repeat","background-position":"center center","background-size":"auto","background-attachment":"scroll","background-type":"","background-media":"","overlay-type":"","overlay-color":"","overlay-opacity":"","overlay-gradient":""},"tablet":{"background-color":"var(--ast-global-color-4)","background-image":"","background-repeat":"repeat","background-position":"center center","background-size":"auto","background-attachment":"scroll","background-type":"","background-media":"","overlay-type":"","overlay-color":"","overlay-opacity":"","overlay-gradient":""},"mobile":{"background-color":"var(--ast-global-color-4)","background-image":"","background-repeat":"repeat","background-position":"center center","background-size":"auto","background-attachment":"scroll","background-type":"","background-media":"","overlay-type":"","overlay-color":"","overlay-opacity":"","overlay-gradient":""}},"footnotes":""},"categories":[],"tags":[],"class_list":["post-28933","page","type-page","status-publish","hentry"],"yoast_head":"<!-- This site is optimized with the Yoast SEO Premium plugin v26.6 (Yoast SEO v26.6) - https:\/\/yoast.com\/wordpress\/plugins\/seo\/ -->\n<title>Miami Beach Bulk Waste Pickup and Drop Off - City of Miami Beach<\/title>\n<meta name=\"description\" content=\"%\" \/>\n<meta name=\"robots\" content=\"index, follow, max-snippet:-1, max-image-preview:large, max-video-preview:-1\" \/>\n<link rel=\"canonical\" href=\"https:\/\/www.miamibeachfl.gov\/de\/city-hall\/public-works\/sanitation-division\/bulk-disposal\/\" \/>\n<meta property=\"og:locale\" content=\"de_DE\" \/>\n<meta property=\"og:type\" content=\"article\" \/>\n<meta property=\"og:title\" content=\"Miami Beach Bulk Waste Pickup and Drop Off\" \/>\n<meta property=\"og:description\" content=\"%\" \/>\n<meta property=\"og:url\" content=\"https:\/\/www.miamibeachfl.gov\/de\/city-hall\/public-works\/sanitation-division\/bulk-disposal\/\" \/>\n<meta property=\"og:site_name\" content=\"City of Miami Beach\" \/>\n<meta property=\"article:publisher\" content=\"https:\/\/www.facebook.com\/cityofmiamibeach\" \/>\n<meta property=\"article:modified_time\" content=\"2026-02-06T17:17:30+00:00\" \/>\n<meta property=\"og:image\" content=\"https:\/\/www.miamibeachfl.gov\/wp-content\/uploads\/2022\/07\/hero-small.jpg\" \/>\n<meta name=\"twitter:card\" content=\"summary_large_image\" \/>\n<meta name=\"twitter:site\" content=\"@Miamibeachnews\" \/>\n<script type=\"application\/ld+json\" class=\"yoast-schema-graph\">{\"@context\":\"https:\/\/schema.org\",\"@graph\":[{\"@type\":\"WebPage\",\"@id\":\"https:\/\/www.miamibeachfl.gov\/city-hall\/public-works\/sanitation-division\/bulk-disposal\/\",\"url\":\"https:\/\/www.miamibeachfl.gov\/city-hall\/public-works\/sanitation-division\/bulk-disposal\/\",\"name\":\"Miami Beach Bulk Waste Pickup and Drop Off - City of Miami Beach\",\"isPartOf\":{\"@id\":\"https:\/\/www.miamibeachfl.gov\/#website\"},\"primaryImageOfPage\":{\"@id\":\"https:\/\/www.miamibeachfl.gov\/city-hall\/public-works\/sanitation-division\/bulk-disposal\/#primaryimage\"},\"image\":{\"@id\":\"https:\/\/www.miamibeachfl.gov\/city-hall\/public-works\/sanitation-division\/bulk-disposal\/#primaryimage\"},\"thumbnailUrl\":\"https:\/\/www.miamibeachfl.gov\/wp-content\/uploads\/2022\/07\/hero-small.jpg\",\"datePublished\":\"2017-08-11T00:10:02+00:00\",\"dateModified\":\"2026-02-06T17:17:30+00:00\",\"description\":\"%\",\"breadcrumb\":{\"@id\":\"https:\/\/www.miamibeachfl.gov\/city-hall\/public-works\/sanitation-division\/bulk-disposal\/#breadcrumb\"},\"inLanguage\":\"de\",\"potentialAction\":[{\"@type\":\"ReadAction\",\"target\":[\"https:\/\/www.miamibeachfl.gov\/city-hall\/public-works\/sanitation-division\/bulk-disposal\/\"]}]},{\"@type\":\"ImageObject\",\"inLanguage\":\"de\",\"@id\":\"https:\/\/www.miamibeachfl.gov\/city-hall\/public-works\/sanitation-division\/bulk-disposal\/#primaryimage\",\"url\":\"https:\/\/www.miamibeachfl.gov\/wp-content\/uploads\/2022\/07\/hero-small.jpg\",\"contentUrl\":\"https:\/\/www.miamibeachfl.gov\/wp-content\/uploads\/2022\/07\/hero-small.jpg\"},{\"@type\":\"BreadcrumbList\",\"@id\":\"https:\/\/www.miamibeachfl.gov\/city-hall\/public-works\/sanitation-division\/bulk-disposal\/#breadcrumb\",\"itemListElement\":[{\"@type\":\"ListItem\",\"position\":1,\"name\":\"Home\",\"item\":\"https:\/\/www.miamibeachfl.gov\/\"},{\"@type\":\"ListItem\",\"position\":2,\"name\":\"City Hall\",\"item\":\"https:\/\/www.miamibeachfl.gov\/city-hall\/\"},{\"@type\":\"ListItem\",\"position\":3,\"name\":\"Public Works\",\"item\":\"https:\/\/www.miamibeachfl.gov\/city-hall\/public-works\/\"},{\"@type\":\"ListItem\",\"position\":4,\"name\":\"Sanitation Division\",\"item\":\"https:\/\/www.miamibeachfl.gov\/city-hall\/public-works\/sanitation-division\/\"},{\"@type\":\"ListItem\",\"position\":5,\"name\":\"Miami Beach Bulk Waste Pickup and Drop Off\"}]},{\"@type\":\"WebSite\",\"@id\":\"https:\/\/www.miamibeachfl.gov\/#website\",\"url\":\"https:\/\/www.miamibeachfl.gov\/\",\"name\":\"City of Miami Beach\",\"description\":\"The official website of the City of Miami Beach. Stay informed, find important information on city services, news, alerts, events, trolley routes, government employment and more.\",\"publisher\":{\"@id\":\"https:\/\/www.miamibeachfl.gov\/#organization\"},\"potentialAction\":[{\"@type\":\"SearchAction\",\"target\":{\"@type\":\"EntryPoint\",\"urlTemplate\":\"https:\/\/www.miamibeachfl.gov\/?s={search_term_string}\"},\"query-input\":{\"@type\":\"PropertyValueSpecification\",\"valueRequired\":true,\"valueName\":\"search_term_string\"}}],\"inLanguage\":\"de\"},{\"@type\":\"Organization\",\"@id\":\"https:\/\/www.miamibeachfl.gov\/#organization\",\"name\":\"City of Miami Beach\",\"url\":\"https:\/\/www.miamibeachfl.gov\/\",\"logo\":{\"@type\":\"ImageObject\",\"inLanguage\":\"de\",\"@id\":\"https:\/\/www.miamibeachfl.gov\/#\/schema\/logo\/image\/\",\"url\":\"https:\/\/www.miamibeachfl.gov\/wp-content\/uploads\/2022\/06\/miamibeach-logoblue.png\",\"contentUrl\":\"https:\/\/www.miamibeachfl.gov\/wp-content\/uploads\/2022\/06\/miamibeach-logoblue.png\",\"width\":1962,\"height\":381,\"caption\":\"City of Miami Beach\"},\"image\":{\"@id\":\"https:\/\/www.miamibeachfl.gov\/#\/schema\/logo\/image\/\"},\"sameAs\":[\"https:\/\/www.facebook.com\/cityofmiamibeach\",\"https:\/\/x.com\/Miamibeachnews\",\"https:\/\/www.instagram.com\/miamibeachnews\/\"],\"description\":\"The official website of the City of Miami Beach. Stay informed, find important information on city services, news, alerts, events, trolley routes, government employment and more.\",\"telephone\":\"305.604.CITY(2489)\",\"legalName\":\"City of Miami Beach\"}]}<\/script>\n<!-- \/ Yoast SEO Premium plugin. -->","yoast_head_json":{"title":"Abholung und Abgabe von Sperrm\u00fcll in Miami Beach \u2013 Stadt Miami Beach","description":"%","robots":{"index":"index","follow":"follow","max-snippet":"max-snippet:-1","max-image-preview":"max-image-preview:large","max-video-preview":"max-video-preview:-1"},"canonical":"https:\/\/www.miamibeachfl.gov\/de\/city-hall\/public-works\/sanitation-division\/bulk-disposal\/","og_locale":"de_DE","og_type":"article","og_title":"Miami Beach Bulk Waste Pickup and Drop Off","og_description":"%","og_url":"https:\/\/www.miamibeachfl.gov\/de\/city-hall\/public-works\/sanitation-division\/bulk-disposal\/","og_site_name":"City of Miami Beach","article_publisher":"https:\/\/www.facebook.com\/cityofmiamibeach","article_modified_time":"2026-02-06T17:17:30+00:00","og_image":[{"url":"https:\/\/www.miamibeachfl.gov\/wp-content\/uploads\/2022\/07\/hero-small.jpg","type":"","width":"","height":""}],"twitter_card":"summary_large_image","twitter_site":"@Miamibeachnews","schema":{"@context":"https:\/\/schema.org","@graph":[{"@type":"WebPage","@id":"https:\/\/www.miamibeachfl.gov\/city-hall\/public-works\/sanitation-division\/bulk-disposal\/","url":"https:\/\/www.miamibeachfl.gov\/city-hall\/public-works\/sanitation-division\/bulk-disposal\/","name":"Abholung und Abgabe von Sperrm\u00fcll in Miami Beach \u2013 Stadt Miami Beach","isPartOf":{"@id":"https:\/\/www.miamibeachfl.gov\/#website"},"primaryImageOfPage":{"@id":"https:\/\/www.miamibeachfl.gov\/city-hall\/public-works\/sanitation-division\/bulk-disposal\/#primaryimage"},"image":{"@id":"https:\/\/www.miamibeachfl.gov\/city-hall\/public-works\/sanitation-division\/bulk-disposal\/#primaryimage"},"thumbnailUrl":"https:\/\/www.miamibeachfl.gov\/wp-content\/uploads\/2022\/07\/hero-small.jpg","datePublished":"2017-08-11T00:10:02+00:00","dateModified":"2026-02-06T17:17:30+00:00","description":"%","breadcrumb":{"@id":"https:\/\/www.miamibeachfl.gov\/city-hall\/public-works\/sanitation-division\/bulk-disposal\/#breadcrumb"},"inLanguage":"de","potentialAction":[{"@type":"ReadAction","target":["https:\/\/www.miamibeachfl.gov\/city-hall\/public-works\/sanitation-division\/bulk-disposal\/"]}]},{"@type":"ImageObject","inLanguage":"de","@id":"https:\/\/www.miamibeachfl.gov\/city-hall\/public-works\/sanitation-division\/bulk-disposal\/#primaryimage","url":"https:\/\/www.miamibeachfl.gov\/wp-content\/uploads\/2022\/07\/hero-small.jpg","contentUrl":"https:\/\/www.miamibeachfl.gov\/wp-content\/uploads\/2022\/07\/hero-small.jpg"},{"@type":"BreadcrumbList","@id":"https:\/\/www.miamibeachfl.gov\/city-hall\/public-works\/sanitation-division\/bulk-disposal\/#breadcrumb","itemListElement":[{"@type":"ListItem","position":1,"name":"Home","item":"https:\/\/www.miamibeachfl.gov\/"},{"@type":"ListItem","position":2,"name":"City Hall","item":"https:\/\/www.miamibeachfl.gov\/city-hall\/"},{"@type":"ListItem","position":3,"name":"Public Works","item":"https:\/\/www.miamibeachfl.gov\/city-hall\/public-works\/"},{"@type":"ListItem","position":4,"name":"Sanitation Division","item":"https:\/\/www.miamibeachfl.gov\/city-hall\/public-works\/sanitation-division\/"},{"@type":"ListItem","position":5,"name":"Miami Beach Bulk Waste Pickup and Drop Off"}]},{"@type":"WebSite","@id":"https:\/\/www.miamibeachfl.gov\/#website","url":"https:\/\/www.miamibeachfl.gov\/","name":"Stadt Miami Beach","description":"Die offizielle Website der Stadt Miami Beach. Bleiben Sie informiert und finden Sie wichtige Informationen zu st\u00e4dtischen Dienstleistungen, Neuigkeiten, Warnungen, Veranstaltungen, Stra\u00dfenbahnlinien, Stellenangeboten im \u00f6ffentlichen Dienst und mehr.","publisher":{"@id":"https:\/\/www.miamibeachfl.gov\/#organization"},"potentialAction":[{"@type":"SearchAction","target":{"@type":"EntryPoint","urlTemplate":"https:\/\/www.miamibeachfl.gov\/?s={search_term_string}"},"query-input":{"@type":"PropertyValueSpecification","valueRequired":true,"valueName":"search_term_string"}}],"inLanguage":"de"},{"@type":"Organization","@id":"https:\/\/www.miamibeachfl.gov\/#organization","name":"Stadt Miami Beach","url":"https:\/\/www.miamibeachfl.gov\/","logo":{"@type":"ImageObject","inLanguage":"de","@id":"https:\/\/www.miamibeachfl.gov\/#\/schema\/logo\/image\/","url":"https:\/\/www.miamibeachfl.gov\/wp-content\/uploads\/2022\/06\/miamibeach-logoblue.png","contentUrl":"https:\/\/www.miamibeachfl.gov\/wp-content\/uploads\/2022\/06\/miamibeach-logoblue.png","width":1962,"height":381,"caption":"City of Miami Beach"},"image":{"@id":"https:\/\/www.miamibeachfl.gov\/#\/schema\/logo\/image\/"},"sameAs":["https:\/\/www.facebook.com\/cityofmiamibeach","https:\/\/x.com\/Miamibeachnews","https:\/\/www.instagram.com\/miamibeachnews\/"],"description":"Die offizielle Website der Stadt Miami Beach. Bleiben Sie informiert und finden Sie wichtige Informationen zu st\u00e4dtischen Dienstleistungen, Neuigkeiten, Warnungen, Veranstaltungen, Stra\u00dfenbahnlinien, Stellenangeboten im \u00f6ffentlichen Dienst und mehr.","telephone":"305.604.CITY(2489)","legalName":"City of Miami Beach"}]}},"_links":{"self":[{"href":"https:\/\/www.miamibeachfl.gov\/de\/wp-json\/wp\/v2\/pages\/28933","targetHints":{"allow":["GET"]}}],"collection":[{"href":"https:\/\/www.miamibeachfl.gov\/de\/wp-json\/wp\/v2\/pages"}],"about":[{"href":"https:\/\/www.miamibeachfl.gov\/de\/wp-json\/wp\/v2\/types\/page"}],"author":[{"embeddable":true,"href":"https:\/\/www.miamibeachfl.gov\/de\/wp-json\/wp\/v2\/users\/222"}],"replies":[{"embeddable":true,"href":"https:\/\/www.miamibeachfl.gov\/de\/wp-json\/wp\/v2\/comments?post=28933"}],"version-history":[{"count":0,"href":"https:\/\/www.miamibeachfl.gov\/de\/wp-json\/wp\/v2\/pages\/28933\/revisions"}],"up":[{"embeddable":true,"href":"https:\/\/www.miamibeachfl.gov\/de\/wp-json\/wp\/v2\/pages\/28932"}],"wp:attachment":[{"href":"https:\/\/www.miamibeachfl.gov\/de\/wp-json\/wp\/v2\/media?parent=28933"}],"wp:term":[{"taxonomy":"category","embeddable":true,"href":"https:\/\/www.miamibeachfl.gov\/de\/wp-json\/wp\/v2\/categories?post=28933"},{"taxonomy":"post_tag","embeddable":true,"href":"https:\/\/www.miamibeachfl.gov\/de\/wp-json\/wp\/v2\/tags?post=28933"}],"curies":[{"name":"wp","href":"https:\/\/api.w.org\/{rel}","templated":true}]}}