{"id":28936,"date":"2017-08-11T00:10:04","date_gmt":"2017-08-11T00:10:04","guid":{"rendered":"http:\/\/www.miamibeachfl.gov\/city-hall\/public-works\/sanitation-division\/chemical-waste-disposal\/"},"modified":"2026-03-03T09:57:31","modified_gmt":"2026-03-03T14:57:31","slug":"chemical-waste-disposal","status":"publish","type":"page","link":"https:\/\/www.miamibeachfl.gov\/de\/city-hall\/public-works\/sanitation-division\/chemical-waste-disposal\/","title":{"rendered":"Entsorgung chemischer Abf\u00e4lle"},"content":{"rendered":"<img decoding=\"async\" src=\"https:\/\/www.miamibeachfl.gov\/wp-content\/uploads\/2022\/07\/hero-small.jpg\" alt=\"ocean drive art deco buildings\" itemprop=\"image\" height=\"211\" width=\"2395\" title=\"Held-klein\" onerror=\"this.style.display='none'\" loading=\"lazy\" \/>\n<h1>\n\t\t\tEntsorgung chemischer Abf\u00e4lle\t<\/h1>\n\t<nav id=\"breadcrumbs\" aria-label=\"Paniermehl\"><a href=\"https:\/\/www.miamibeachfl.gov\/de\/\">Heim<\/a> &gt; <a href=\"https:\/\/www.miamibeachfl.gov\/de\/city-hall\/\">Rathaus<\/a> &gt; <a href=\"https:\/\/www.miamibeachfl.gov\/de\/city-hall\/public-works\/\">\u00d6ffentliche Arbeiten<\/a> &gt; <a href=\"https:\/\/www.miamibeachfl.gov\/de\/city-hall\/public-works\/sanitation-division\/\">Abteilung Hygiene<\/a> &gt; <strong>Entsorgung chemischer Abf\u00e4lle<\/strong><\/nav>\n\t<p><b>SANIT\u00c4R \u2013 GEF\u00c4HRLICHE ABF\u00c4LLE<\/b><\/p>\n<p>Einwohner k\u00f6nnen diese Gegenst\u00e4nde ordnungsgem\u00e4\u00df bei der halbj\u00e4hrlichen Sonderm\u00fcllsammlung der Stadt oder in einer der unten aufgef\u00fchrten Einrichtungen des Miami-Dade County entsorgen. Sonderm\u00fcllsammlungen finden von 8 bis 15 Uhr auf dem Parkplatz an der Ecke 40. Stra\u00dfe und Chase Avenue statt. <strong><a href=\"https:\/\/www.mbrisingabove.com\/your-home\/recycling-waste\/recycling\/hhw\/\">Klicken Sie hier, um die n\u00e4chsten geplanten Veranstaltungen anzuzeigen.<\/a><\/strong><\/p>\n<p>Entsorgen Sie die folgenden gef\u00e4hrlichen Haushaltsabf\u00e4lle nicht im M\u00fcll, in der Kanalisation oder auf dem Boden:<\/p>\n<table>\n<tbody>\n<tr>\n<td>\n<table>\n<caption>Mehrwegartikel<\/caption>\n<tbody>\n<tr>\n<td><b>Automobilindustrie<\/b><\/td>\n<td>\u00a0<b>Rasen &amp; Garten<\/b><\/td>\n<\/tr>\n<tr>\n<td>\u00a0Autobatterien<\/td>\n<td>\u00a0Insektenspray<\/td>\n<\/tr>\n<tr>\n<td>\u00a0Vergaserreiniger<\/td>\n<td>\u00a0Benzin f\u00fcr Holzkohleanz\u00fcnder<\/td>\n<\/tr>\n<tr>\n<td>\u00a0Entfetter<\/td>\n<td>\u00a0D\u00fcnger mit Unkrautvernichter<\/td>\n<\/tr>\n<tr>\n<td>\u00a0Kraftstoffe<\/td>\n<td>\u00a0Insektenvernichter<\/td>\n<\/tr>\n<tr>\n<td>\u00a0Benzin<\/td>\n<td>\u00a0Poolchemikalien<\/td>\n<\/tr>\n<tr>\n<td>\u00a0\u00d6lfilter<\/td>\n<td>\u00a0Kakerlaken-\/Ameisenkiller<\/td>\n<\/tr>\n<tr>\n<td>\u00a0Gebrauchtes Frostschutzmittel<\/td>\n<td>\u00a0Nagetierk\u00f6der<\/td>\n<\/tr>\n<tr>\n<td>\u00a0Gebrauchtes Motor\u00f6l<\/td>\n<td>\u00a0Unkrautvernichter<\/td>\n<\/tr>\n<\/tbody>\n<\/table>\n<\/td>\n<\/tr>\n<tr>\n<td>\n<table>\n<caption>Mehrwegartikel<\/caption>\n<tbody>\n<tr>\n<td><b>Haushaltsgegenst\u00e4nde<\/b><\/td>\n<td>\u00a0<b>Heimwerkerarbeiten<\/b><\/td>\n<\/tr>\n<tr>\n<td>\u00a0Aerosolprodukte*<\/td>\n<td>\u00a0Betonreiniger<\/td>\n<\/tr>\n<tr>\n<td>\u00a0Knopfbatterien<\/td>\n<td>\u00a0Einfahrtsversiegelung<\/td>\n<\/tr>\n<tr>\n<td>\u00a0Batterien (wiederaufladbar)<\/td>\n<td>\u00a0M\u00f6belentferner<\/td>\n<\/tr>\n<tr>\n<td>\u00a0Abflussreiniger<\/td>\n<td>\u00a0Kleber mit L\u00f6sungsmitteln<\/td>\n<\/tr>\n<tr>\n<td>\u00a0Leuchtstofflampen<\/td>\n<td>\u00a0Latexfarbe**<\/td>\n<\/tr>\n<tr>\n<td>\u00a0Mottenkugeln<\/td>\n<td>\u00a0Farbe auf \u00d6lbasis<\/td>\n<\/tr>\n<tr>\n<td>\u00a0Nagellack\/-entferner<\/td>\n<td>\u00a0Abbeizmittel<\/td>\n<\/tr>\n<tr>\n<td>\u00a0Backofenreiniger<\/td>\n<td>\u00a0Farbverd\u00fcnner<\/td>\n<\/tr>\n<tr>\n<td>\u00a0Politur mit L\u00f6sungsmitteln<\/td>\n<td>\u00a0Dachpappe<\/td>\n<\/tr>\n<tr>\n<td>\u00a0Fleckenentferner<\/td>\n<td>\u00a0Beize\/Lack<\/td>\n<\/tr>\n<tr>\n<td>\u00a0Thermometer (Quecksilber)<\/td>\n<td>\u00a0Holzschutzmittel<\/td>\n<\/tr>\n<\/tbody>\n<\/table>\n<\/td>\n<\/tr>\n<\/tbody>\n<\/table>\n<p>&nbsp;<\/p>\n* Leere Aerosole k\u00f6nnen im M\u00fcll entsorgt werden<br \/>\n** Wenn m\u00f6glich, trocknen Sie unbrauchbare Latexfarbe und entsorgen Sie sie im M\u00fcll.\n<p>Der Landkreis verf\u00fcgt \u00fcber zwei permanente Sammelstellen f\u00fcr Chemikalien im Haushalt:<\/p>\n\u2022 West Dade 8831 NW 58 Stra\u00dfe<br \/>\n\u2022 South Dade 23707 SW 97 Avenue Gate-B\n<p>Die \u00d6ffnungszeiten sind von Mittwoch bis Sonntag von 9 bis 17 Uhr und die Kontaktnummer f\u00fcr Miami-Dade County lautet 305.594.1500.\u00a0 <a href=\"https:\/\/www.miamidade.gov\/global\/service.page?Mduid_service=ser1464798615648535\">Klicken Sie hier, um die Website der Miami-Dade Chemical Collection zu besuchen<\/a><\/p>\n\t\tNavigieren Sie zu\u2026\t\t\t\n\t\t\t\t\t<ul id=\"menu-public-works-sanitation\"><li id=\"menu-item-364244\"><a href=\"\/de\/city-hall\/public-works\/sanitation-division\/chemical-waste-disposal\/\">Entsorgung chemischer Abf\u00e4lle<\/a><\/li>\n<li id=\"menu-item-364245\"><a href=\"\/de\/city-hall\/public-works\/sanitation-division\/commercial-waste-haulers\/\">Gewerbliche Abfallentsorger<\/a><\/li>\n<li id=\"menu-item-364246\"><a href=\"\/de\/city-hall\/public-works\/sanitation-division\/bulk-disposal\/\">Abholung und Abgabe von Sperrm\u00fcll in Miami Beach<\/a><\/li>\n<li id=\"menu-item-364247\"><a href=\"\/de\/city-hall\/public-works\/sanitation-division\/recycling-info\/\">Recyclinginformationen<\/a><\/li>\n<li id=\"menu-item-364248\"><a href=\"\/de\/city-hall\/public-works\/sanitation-division\/residential-garbage\/\">Hausm\u00fcll<\/a><\/li>\n<li id=\"menu-item-364249\"><a href=\"\/de\/city-hall\/public-works\/sanitation-division\/street-cleaning\/\">Stra\u00dfenreinigungsprogramme im Flamingo Park und North Beach<\/a><\/li>\n<\/ul>\t\n\t<div class=\"page-navigation\"><a class=\"prev-page\" href=\"https:\/\/www.miamibeachfl.gov\/de\/city-hall\/public-works\/sanitation-division\/commercial-waste-haulers\/\">\u2190 Gewerbliche Abfallentsorgung<\/a> <a class=\"next-page\" href=\"https:\/\/www.miamibeachfl.gov\/de\/city-hall\/public-works\/sanitation-division\/recycling-info\/\">Recycling-Info \u2192<\/a><\/div>","protected":false},"excerpt":{"rendered":"<p>Chemical Waste Disposal Home &gt; City Hall &gt; Public Works &gt; Sanitation Division &gt; Chemical Waste Disposal SANITATION &#8211; HAZARDOUS [&hellip;]<\/p>\n","protected":false},"author":222,"featured_media":0,"parent":28932,"menu_order":0,"comment_status":"closed","ping_status":"closed","template":"","meta":{"_searchwp_excluded":"","site-sidebar-layout":"default","site-content-layout":"","ast-site-content-layout":"default","site-content-style":"default","site-sidebar-style":"default","ast-global-header-display":"","ast-banner-title-visibility":"","ast-main-header-display":"","ast-hfb-above-header-display":"","ast-hfb-below-header-display":"","ast-hfb-mobile-header-display":"","site-post-title":"","ast-breadcrumbs-content":"","ast-featured-img":"","footer-sml-layout":"","theme-transparent-header-meta":"","adv-header-id-meta":"","stick-header-meta":"","header-above-stick-meta":"","header-main-stick-meta":"","header-below-stick-meta":"","astra-migrate-meta-layouts":"default","ast-page-background-enabled":"default","ast-page-background-meta":{"desktop":{"background-color":"var(--ast-global-color-5)","background-image":"","background-repeat":"repeat","background-position":"center center","background-size":"auto","background-attachment":"scroll","background-type":"","background-media":"","overlay-type":"","overlay-color":"","overlay-opacity":"","overlay-gradient":""},"tablet":{"background-color":"","background-image":"","background-repeat":"repeat","background-position":"center center","background-size":"auto","background-attachment":"scroll","background-type":"","background-media":"","overlay-type":"","overlay-color":"","overlay-opacity":"","overlay-gradient":""},"mobile":{"background-color":"","background-image":"","background-repeat":"repeat","background-position":"center center","background-size":"auto","background-attachment":"scroll","background-type":"","background-media":"","overlay-type":"","overlay-color":"","overlay-opacity":"","overlay-gradient":""}},"ast-content-background-meta":{"desktop":{"background-color":"var(--ast-global-color-4)","background-image":"","background-repeat":"repeat","background-position":"center center","background-size":"auto","background-attachment":"scroll","background-type":"","background-media":"","overlay-type":"","overlay-color":"","overlay-opacity":"","overlay-gradient":""},"tablet":{"background-color":"var(--ast-global-color-4)","background-image":"","background-repeat":"repeat","background-position":"center center","background-size":"auto","background-attachment":"scroll","background-type":"","background-media":"","overlay-type":"","overlay-color":"","overlay-opacity":"","overlay-gradient":""},"mobile":{"background-color":"var(--ast-global-color-4)","background-image":"","background-repeat":"repeat","background-position":"center center","background-size":"auto","background-attachment":"scroll","background-type":"","background-media":"","overlay-type":"","overlay-color":"","overlay-opacity":"","overlay-gradient":""}},"footnotes":""},"categories":[],"tags":[],"class_list":["post-28936","page","type-page","status-publish","hentry"],"yoast_head":"<!-- This site is optimized with the Yoast SEO Premium plugin v27.4 (Yoast SEO v27.4) - https:\/\/yoast.com\/product\/yoast-seo-premium-wordpress\/ -->\n<title>Chemical Waste Disposal - City of Miami Beach<\/title>\n<meta name=\"description\" content=\"%\" \/>\n<meta name=\"robots\" content=\"index, follow, max-snippet:-1, max-image-preview:large, max-video-preview:-1\" \/>\n<link rel=\"canonical\" href=\"https:\/\/www.miamibeachfl.gov\/de\/city-hall\/public-works\/sanitation-division\/chemical-waste-disposal\/\" \/>\n<meta property=\"og:locale\" content=\"de_DE\" \/>\n<meta property=\"og:type\" content=\"article\" \/>\n<meta property=\"og:title\" content=\"Chemical Waste Disposal\" \/>\n<meta property=\"og:description\" content=\"%\" \/>\n<meta property=\"og:url\" content=\"https:\/\/www.miamibeachfl.gov\/de\/city-hall\/public-works\/sanitation-division\/chemical-waste-disposal\/\" \/>\n<meta property=\"og:site_name\" content=\"City of Miami Beach\" \/>\n<meta property=\"article:publisher\" content=\"https:\/\/www.facebook.com\/cityofmiamibeach\" \/>\n<meta property=\"article:modified_time\" content=\"2026-03-03T14:57:31+00:00\" \/>\n<meta property=\"og:image\" content=\"https:\/\/www.miamibeachfl.gov\/wp-content\/uploads\/2022\/07\/hero-small.jpg\" \/>\n<meta name=\"twitter:card\" content=\"summary_large_image\" \/>\n<meta name=\"twitter:site\" content=\"@Miamibeachnews\" \/>\n<script type=\"application\/ld+json\" class=\"yoast-schema-graph\">{\"@context\":\"https:\\\/\\\/schema.org\",\"@graph\":[{\"@type\":\"WebPage\",\"@id\":\"https:\\\/\\\/www.miamibeachfl.gov\\\/city-hall\\\/public-works\\\/sanitation-division\\\/chemical-waste-disposal\\\/\",\"url\":\"https:\\\/\\\/www.miamibeachfl.gov\\\/city-hall\\\/public-works\\\/sanitation-division\\\/chemical-waste-disposal\\\/\",\"name\":\"Chemical Waste Disposal - City of Miami Beach\",\"isPartOf\":{\"@id\":\"https:\\\/\\\/www.miamibeachfl.gov\\\/#website\"},\"primaryImageOfPage\":{\"@id\":\"https:\\\/\\\/www.miamibeachfl.gov\\\/city-hall\\\/public-works\\\/sanitation-division\\\/chemical-waste-disposal\\\/#primaryimage\"},\"image\":{\"@id\":\"https:\\\/\\\/www.miamibeachfl.gov\\\/city-hall\\\/public-works\\\/sanitation-division\\\/chemical-waste-disposal\\\/#primaryimage\"},\"thumbnailUrl\":\"https:\\\/\\\/www.miamibeachfl.gov\\\/wp-content\\\/uploads\\\/2022\\\/07\\\/hero-small.jpg\",\"datePublished\":\"2017-08-11T00:10:04+00:00\",\"dateModified\":\"2026-03-03T14:57:31+00:00\",\"description\":\"%\",\"breadcrumb\":{\"@id\":\"https:\\\/\\\/www.miamibeachfl.gov\\\/city-hall\\\/public-works\\\/sanitation-division\\\/chemical-waste-disposal\\\/#breadcrumb\"},\"inLanguage\":\"de\",\"potentialAction\":[{\"@type\":\"ReadAction\",\"target\":[\"https:\\\/\\\/www.miamibeachfl.gov\\\/city-hall\\\/public-works\\\/sanitation-division\\\/chemical-waste-disposal\\\/\"]}]},{\"@type\":\"ImageObject\",\"inLanguage\":\"de\",\"@id\":\"https:\\\/\\\/www.miamibeachfl.gov\\\/city-hall\\\/public-works\\\/sanitation-division\\\/chemical-waste-disposal\\\/#primaryimage\",\"url\":\"https:\\\/\\\/www.miamibeachfl.gov\\\/wp-content\\\/uploads\\\/2022\\\/07\\\/hero-small.jpg\",\"contentUrl\":\"https:\\\/\\\/www.miamibeachfl.gov\\\/wp-content\\\/uploads\\\/2022\\\/07\\\/hero-small.jpg\"},{\"@type\":\"BreadcrumbList\",\"@id\":\"https:\\\/\\\/www.miamibeachfl.gov\\\/city-hall\\\/public-works\\\/sanitation-division\\\/chemical-waste-disposal\\\/#breadcrumb\",\"itemListElement\":[{\"@type\":\"ListItem\",\"position\":1,\"name\":\"Home\",\"item\":\"https:\\\/\\\/www.miamibeachfl.gov\\\/\"},{\"@type\":\"ListItem\",\"position\":2,\"name\":\"City Hall\",\"item\":\"https:\\\/\\\/www.miamibeachfl.gov\\\/city-hall\\\/\"},{\"@type\":\"ListItem\",\"position\":3,\"name\":\"Public Works\",\"item\":\"https:\\\/\\\/www.miamibeachfl.gov\\\/city-hall\\\/public-works\\\/\"},{\"@type\":\"ListItem\",\"position\":4,\"name\":\"Sanitation Division\",\"item\":\"https:\\\/\\\/www.miamibeachfl.gov\\\/city-hall\\\/public-works\\\/sanitation-division\\\/\"},{\"@type\":\"ListItem\",\"position\":5,\"name\":\"Chemical Waste Disposal\"}]},{\"@type\":\"WebSite\",\"@id\":\"https:\\\/\\\/www.miamibeachfl.gov\\\/#website\",\"url\":\"https:\\\/\\\/www.miamibeachfl.gov\\\/\",\"name\":\"City of Miami Beach\",\"description\":\"The official website of the City of Miami Beach. Stay informed, find important information on city services, news, alerts, events, trolley routes, government employment and more.\",\"publisher\":{\"@id\":\"https:\\\/\\\/www.miamibeachfl.gov\\\/#organization\"},\"potentialAction\":[{\"@type\":\"SearchAction\",\"target\":{\"@type\":\"EntryPoint\",\"urlTemplate\":\"https:\\\/\\\/www.miamibeachfl.gov\\\/?s={search_term_string}\"},\"query-input\":{\"@type\":\"PropertyValueSpecification\",\"valueRequired\":true,\"valueName\":\"search_term_string\"}}],\"inLanguage\":\"de\"},{\"@type\":\"Organization\",\"@id\":\"https:\\\/\\\/www.miamibeachfl.gov\\\/#organization\",\"name\":\"City of Miami Beach\",\"url\":\"https:\\\/\\\/www.miamibeachfl.gov\\\/\",\"logo\":{\"@type\":\"ImageObject\",\"inLanguage\":\"de\",\"@id\":\"https:\\\/\\\/www.miamibeachfl.gov\\\/#\\\/schema\\\/logo\\\/image\\\/\",\"url\":\"https:\\\/\\\/www.miamibeachfl.gov\\\/wp-content\\\/uploads\\\/2022\\\/06\\\/miamibeach-logoblue.png\",\"contentUrl\":\"https:\\\/\\\/www.miamibeachfl.gov\\\/wp-content\\\/uploads\\\/2022\\\/06\\\/miamibeach-logoblue.png\",\"width\":1962,\"height\":381,\"caption\":\"City of Miami Beach\"},\"image\":{\"@id\":\"https:\\\/\\\/www.miamibeachfl.gov\\\/#\\\/schema\\\/logo\\\/image\\\/\"},\"sameAs\":[\"https:\\\/\\\/www.facebook.com\\\/cityofmiamibeach\",\"https:\\\/\\\/x.com\\\/Miamibeachnews\",\"https:\\\/\\\/www.instagram.com\\\/miamibeachnews\\\/\"],\"description\":\"The official website of the City of Miami Beach. Stay informed, find important information on city services, news, alerts, events, trolley routes, government employment and more.\",\"telephone\":\"305.604.CITY(2489)\",\"legalName\":\"City of Miami Beach\"}]}<\/script>\n<!-- \/ Yoast SEO Premium plugin. -->","yoast_head_json":{"title":"Entsorgung chemischer Abf\u00e4lle \u2013 Stadt Miami Beach","description":"%","robots":{"index":"index","follow":"follow","max-snippet":"max-snippet:-1","max-image-preview":"max-image-preview:large","max-video-preview":"max-video-preview:-1"},"canonical":"https:\/\/www.miamibeachfl.gov\/de\/city-hall\/public-works\/sanitation-division\/chemical-waste-disposal\/","og_locale":"de_DE","og_type":"article","og_title":"Chemical Waste Disposal","og_description":"%","og_url":"https:\/\/www.miamibeachfl.gov\/de\/city-hall\/public-works\/sanitation-division\/chemical-waste-disposal\/","og_site_name":"City of Miami Beach","article_publisher":"https:\/\/www.facebook.com\/cityofmiamibeach","article_modified_time":"2026-03-03T14:57:31+00:00","og_image":[{"url":"https:\/\/www.miamibeachfl.gov\/wp-content\/uploads\/2022\/07\/hero-small.jpg","type":"","width":"","height":""}],"twitter_card":"summary_large_image","twitter_site":"@Miamibeachnews","schema":{"@context":"https:\/\/schema.org","@graph":[{"@type":"WebPage","@id":"https:\/\/www.miamibeachfl.gov\/city-hall\/public-works\/sanitation-division\/chemical-waste-disposal\/","url":"https:\/\/www.miamibeachfl.gov\/city-hall\/public-works\/sanitation-division\/chemical-waste-disposal\/","name":"Entsorgung chemischer Abf\u00e4lle \u2013 Stadt Miami Beach","isPartOf":{"@id":"https:\/\/www.miamibeachfl.gov\/#website"},"primaryImageOfPage":{"@id":"https:\/\/www.miamibeachfl.gov\/city-hall\/public-works\/sanitation-division\/chemical-waste-disposal\/#primaryimage"},"image":{"@id":"https:\/\/www.miamibeachfl.gov\/city-hall\/public-works\/sanitation-division\/chemical-waste-disposal\/#primaryimage"},"thumbnailUrl":"https:\/\/www.miamibeachfl.gov\/wp-content\/uploads\/2022\/07\/hero-small.jpg","datePublished":"2017-08-11T00:10:04+00:00","dateModified":"2026-03-03T14:57:31+00:00","description":"%","breadcrumb":{"@id":"https:\/\/www.miamibeachfl.gov\/city-hall\/public-works\/sanitation-division\/chemical-waste-disposal\/#breadcrumb"},"inLanguage":"de","potentialAction":[{"@type":"ReadAction","target":["https:\/\/www.miamibeachfl.gov\/city-hall\/public-works\/sanitation-division\/chemical-waste-disposal\/"]}]},{"@type":"ImageObject","inLanguage":"de","@id":"https:\/\/www.miamibeachfl.gov\/city-hall\/public-works\/sanitation-division\/chemical-waste-disposal\/#primaryimage","url":"https:\/\/www.miamibeachfl.gov\/wp-content\/uploads\/2022\/07\/hero-small.jpg","contentUrl":"https:\/\/www.miamibeachfl.gov\/wp-content\/uploads\/2022\/07\/hero-small.jpg"},{"@type":"BreadcrumbList","@id":"https:\/\/www.miamibeachfl.gov\/city-hall\/public-works\/sanitation-division\/chemical-waste-disposal\/#breadcrumb","itemListElement":[{"@type":"ListItem","position":1,"name":"Home","item":"https:\/\/www.miamibeachfl.gov\/"},{"@type":"ListItem","position":2,"name":"City Hall","item":"https:\/\/www.miamibeachfl.gov\/city-hall\/"},{"@type":"ListItem","position":3,"name":"Public Works","item":"https:\/\/www.miamibeachfl.gov\/city-hall\/public-works\/"},{"@type":"ListItem","position":4,"name":"Sanitation Division","item":"https:\/\/www.miamibeachfl.gov\/city-hall\/public-works\/sanitation-division\/"},{"@type":"ListItem","position":5,"name":"Chemical Waste Disposal"}]},{"@type":"WebSite","@id":"https:\/\/www.miamibeachfl.gov\/#website","url":"https:\/\/www.miamibeachfl.gov\/","name":"Stadt Miami Beach","description":"Die offizielle Website der Stadt Miami Beach. Bleiben Sie informiert und finden Sie wichtige Informationen zu st\u00e4dtischen Dienstleistungen, Neuigkeiten, Warnungen, Veranstaltungen, Stra\u00dfenbahnlinien, Stellenangeboten im \u00f6ffentlichen Dienst und mehr.","publisher":{"@id":"https:\/\/www.miamibeachfl.gov\/#organization"},"potentialAction":[{"@type":"SearchAction","target":{"@type":"EntryPoint","urlTemplate":"https:\/\/www.miamibeachfl.gov\/?s={search_term_string}"},"query-input":{"@type":"PropertyValueSpecification","valueRequired":true,"valueName":"search_term_string"}}],"inLanguage":"de"},{"@type":"Organization","@id":"https:\/\/www.miamibeachfl.gov\/#organization","name":"Stadt Miami Beach","url":"https:\/\/www.miamibeachfl.gov\/","logo":{"@type":"ImageObject","inLanguage":"de","@id":"https:\/\/www.miamibeachfl.gov\/#\/schema\/logo\/image\/","url":"https:\/\/www.miamibeachfl.gov\/wp-content\/uploads\/2022\/06\/miamibeach-logoblue.png","contentUrl":"https:\/\/www.miamibeachfl.gov\/wp-content\/uploads\/2022\/06\/miamibeach-logoblue.png","width":1962,"height":381,"caption":"City of Miami Beach"},"image":{"@id":"https:\/\/www.miamibeachfl.gov\/#\/schema\/logo\/image\/"},"sameAs":["https:\/\/www.facebook.com\/cityofmiamibeach","https:\/\/x.com\/Miamibeachnews","https:\/\/www.instagram.com\/miamibeachnews\/"],"description":"Die offizielle Website der Stadt Miami Beach. Bleiben Sie informiert und finden Sie wichtige Informationen zu st\u00e4dtischen Dienstleistungen, Neuigkeiten, Warnungen, Veranstaltungen, Stra\u00dfenbahnlinien, Stellenangeboten im \u00f6ffentlichen Dienst und mehr.","telephone":"305.604.CITY(2489)","legalName":"City of Miami Beach"}]}},"_links":{"self":[{"href":"https:\/\/www.miamibeachfl.gov\/de\/wp-json\/wp\/v2\/pages\/28936","targetHints":{"allow":["GET"]}}],"collection":[{"href":"https:\/\/www.miamibeachfl.gov\/de\/wp-json\/wp\/v2\/pages"}],"about":[{"href":"https:\/\/www.miamibeachfl.gov\/de\/wp-json\/wp\/v2\/types\/page"}],"author":[{"embeddable":true,"href":"https:\/\/www.miamibeachfl.gov\/de\/wp-json\/wp\/v2\/users\/222"}],"replies":[{"embeddable":true,"href":"https:\/\/www.miamibeachfl.gov\/de\/wp-json\/wp\/v2\/comments?post=28936"}],"version-history":[{"count":2,"href":"https:\/\/www.miamibeachfl.gov\/de\/wp-json\/wp\/v2\/pages\/28936\/revisions"}],"predecessor-version":[{"id":397021,"href":"https:\/\/www.miamibeachfl.gov\/de\/wp-json\/wp\/v2\/pages\/28936\/revisions\/397021"}],"up":[{"embeddable":true,"href":"https:\/\/www.miamibeachfl.gov\/de\/wp-json\/wp\/v2\/pages\/28932"}],"wp:attachment":[{"href":"https:\/\/www.miamibeachfl.gov\/de\/wp-json\/wp\/v2\/media?parent=28936"}],"wp:term":[{"taxonomy":"category","embeddable":true,"href":"https:\/\/www.miamibeachfl.gov\/de\/wp-json\/wp\/v2\/categories?post=28936"},{"taxonomy":"post_tag","embeddable":true,"href":"https:\/\/www.miamibeachfl.gov\/de\/wp-json\/wp\/v2\/tags?post=28936"}],"curies":[{"name":"wp","href":"https:\/\/api.w.org\/{rel}","templated":true}]}}