{"id":28938,"date":"2017-08-11T00:10:06","date_gmt":"2017-08-11T00:10:06","guid":{"rendered":"http:\/\/www.miamibeachfl.gov\/city-hall\/public-works\/sanitation-division\/storm-water-utility\/"},"modified":"2025-12-22T12:03:20","modified_gmt":"2025-12-22T17:03:20","slug":"storm-water-utility","status":"publish","type":"page","link":"https:\/\/www.miamibeachfl.gov\/de\/city-hall\/public-works\/operations-division\/storm-water-utility\/","title":{"rendered":"J\u00e4hrlicher Wasserqualit\u00e4tsbericht"},"content":{"rendered":"<img decoding=\"async\" src=\"https:\/\/www.miamibeachfl.gov\/wp-content\/uploads\/2022\/07\/hero-small.jpg\" alt=\"ocean drive art deco buildings\" itemprop=\"image\" height=\"211\" width=\"2395\" title=\"Held-klein\" onerror=\"this.style.display='none'\" loading=\"lazy\" \/>\n<h1>\n\t\t\tJ\u00e4hrlicher Wasserqualit\u00e4tsbericht\t<\/h1>\n\t<nav id=\"breadcrumbs\" aria-label=\"Paniermehl\"><a href=\"https:\/\/www.miamibeachfl.gov\/de\/\">Heim<\/a> &gt; <a href=\"https:\/\/www.miamibeachfl.gov\/de\/city-hall\/\">Rathaus<\/a> &gt; <a href=\"https:\/\/www.miamibeachfl.gov\/de\/city-hall\/public-works\/\">\u00d6ffentliche Arbeiten<\/a> &gt; <a href=\"https:\/\/www.miamibeachfl.gov\/de\/city-hall\/public-works\/operations-division\/\">Betriebsabteilung<\/a> &gt; <strong>J\u00e4hrlicher Wasserqualit\u00e4tsbericht<\/strong><\/nav>\n\t<p><b>WASSERQUALIT\u00c4TSBERICHT<\/b><\/p>\n<p>Der Wasserqualit\u00e4tsbericht informiert Sie \u00fcber die hervorragende Wasserqualit\u00e4t, die Ihnen Miami Beach t\u00e4glich liefert. Oberstes Ziel der Stadt ist es, Ihnen und Ihrer Familie eine sichere und zuverl\u00e4ssige Trinkwasserversorgung zu bieten.<\/p>\nDie Stadt Miami Beach besch\u00e4ftigt professionell lizenzierte Wasserversorgungsnetzbetreiber und Ingenieure. Dieses Team hat gemeinsam einen proaktiven Plan zur Probenahme und \u00dcberwachung der Wasserqualit\u00e4t sowie bew\u00e4hrte Managementpraktiken entwickelt, die die bundesstaatlichen und staatlichen Mindestanforderungen \u00fcbertreffen. Zu den Highlights des Plans geh\u00f6ren t\u00e4gliche, monatliche, j\u00e4hrliche und dreij\u00e4hrige Test- und Betriebsprotokolle, um sicherzustellen, dass das Wasser, das unseren Einwohnern und Besuchern geliefert wird, von h\u00f6chster Qualit\u00e4t ist.\n<p>Die Stadt besch\u00e4ftigt professionell lizenzierte Wasseraufbereitungsanlagenbetreiber, Verteilnetzbetreiber und Ingenieure. Gemeinsam hat dieses Team einen proaktiven Plan zur Probenahme und \u00dcberwachung der Wasserqualit\u00e4t sowie bew\u00e4hrte Verfahren entwickelt, die die bundesstaatlichen und staatlichen Mindestanforderungen \u00fcbertreffen. Zu den wichtigsten Punkten des Plans geh\u00f6ren t\u00e4gliche, monatliche, j\u00e4hrliche und dreij\u00e4hrige Pr\u00fcf- und Betriebsprotokolle zum Schutz der Verbraucher.<\/p>\n<ul>\n<li><a href=\"https:\/\/www.miamibeachfl.gov\/wp-content\/uploads\/2025\/12\/MB-2024-Water-Quality-Report.pdf\">Wasserqualit\u00e4tsbericht 2024<\/a><\/li>\n<li><a href=\"https:\/\/www.miamibeachfl.gov\/wp-content\/uploads\/2024\/10\/CMB-Water-Quality-2023.pdf\">2<\/a><a href=\"https:\/\/www.miamibeachfl.gov\/wp-content\/uploads\/2024\/10\/CMB-Water-Quality-2023.pdf\">023 Wasserqualit\u00e4tsbericht<\/a><\/li>\n<li><a href=\"https:\/\/www.miamibeachfl.gov\/wp-content\/uploads\/2023\/07\/CMB-Water-Quality-Report-2022-Final.pdf\">Wasserqualit\u00e4tsbericht 2022<\/a><\/li>\n<li><a href=\"https:\/\/www.miamibeachfl.gov\/wp-content\/uploads\/2022\/07\/CMB-Water-Quality-Report-2021.pdf\">Wasserqualit\u00e4tsbericht 2021<\/a><\/li>\n<li><a href=\"https:\/\/www.miamibeachfl.gov\/wp-content\/uploads\/2022\/08\/CMB-Water-Quality-Report-2021-Final.pdf\">Wasserqualit\u00e4tsbericht 2020<\/a><\/li>\n<li><a href=\"http:\/\/www.miamibeachfl.gov\/wp-content\/uploads\/2020\/06\/City-of-Miami-Beach-Water-Quality-Report-2019.pdf\">Wasserqualit\u00e4tsbericht 2019<\/a><\/li>\n<li><a href=\"http:\/\/www.miamibeachfl.gov\/wp-content\/uploads\/2019\/06\/City-of-Miami-Beach-Water-Quality-Report-2018.pdf\">Wasserqualit\u00e4tsbericht 2018<\/a><\/li>\n<li><a href=\"http:\/\/www.miamibeachfl.gov\/wp-content\/uploads\/2018\/06\/City-of-Miami-Beach-Water-Quality-Report-2017-signed.pdf\">Wasserqualit\u00e4tsbericht 2017<\/a><\/li>\n<li><a href=\"http:\/\/www.miamibeachfl.gov\/wp-content\/uploads\/2017\/12\/City20of20Miami20Beach20Water20Quality20Report20201620trifold.pdf\">Wasserqualit\u00e4tsbericht 2016<\/a><\/li>\n<li><a title=\"Wasserqualit\u00e4tsbericht 2015\u00a0\" href=\"\/wp-content\/uploads\/2017\/08\/City-of-Miami-Beach-Water-Qualtity-Report-2015.pdf\" target=\"_blank\" rel=\"noopener noreferrer\">Wasserqualit\u00e4tsbericht 2015<\/a><\/li>\n<li><a title=\"CMB-Wasserqualit\u00e4tsbericht 2014\" href=\"\/wp-content\/uploads\/2017\/08\/CMB-Water-Quality-Report-2014.pdf\" target=\"_blank\" rel=\"noopener noreferrer\">Wasserqualit\u00e4tsbericht 2014<\/a><\/li>\n<li><a title=\"CMB_01-1 Wasserqualit\u00e4tsbericht 2013_LO_REV2\" href=\"\/wp-content\/uploads\/2017\/08\/CMB_01-1-Water-Quality-Report-2013_LO_REV2.pdf\" target=\"_blank\" rel=\"noopener noreferrer\">Wasserqualit\u00e4tsbericht 2013<\/a><\/li>\n<li><a title=\"Wasserqualit\u00e4tsbericht 2011\" href=\"\/wp-content\/uploads\/2017\/08\/2011-Water-Quality-Rprt-MB.pdf\" target=\"_blank\" rel=\"noopener noreferrer\">Wasserqualit\u00e4tsbericht 2011<\/a><\/li>\n<li><a title=\"Wasserqualit\u00e4tsbericht 2009 MB\" href=\"\/wp-content\/uploads\/2017\/08\/2009-Water-Quality-RprtMB.pdf\" target=\"_blank\" rel=\"noopener noreferrer\">Wasserqualit\u00e4tsbericht 2009<\/a><\/li>\n<\/ul>\n\t\t\t<a href=\"https:\/\/www.miamibeachfl.gov\/de\/city-hall\/public-works\/operations-division\/storm-water-utility\/stormwaterprogram\/\" target=\"_self\">\n\t\t\t\t\t\t\tRegenwassermanagementprogramm\n\t\t\t\t\t<\/a>\n\t\t\t<a href=\"https:\/\/www.miamibeachfl.gov\/de\/city-hall\/public-works\/operations-division\/storm-water-utility\/streets-and-streetlighting\/\" target=\"_self\">\n\t\t\t\t\t\t\tStra\u00dfen und Stra\u00dfenbeleuchtung\n\t\t\t\t\t<\/a>\n\t<div class=\"page-navigation\"><a class=\"prev-page\" href=\"https:\/\/www.miamibeachfl.gov\/de\/city-hall\/public-works\/sanitation-division\/recycling-info\/\">\u2190 Recycling-Info<\/a> <a class=\"next-page\" href=\"https:\/\/www.miamibeachfl.gov\/de\/city-hall\/public-works\/elevator-division\/regulations-requirements\/\">Vorschriften und Anforderungen \u2192<\/a><\/div>","protected":false},"excerpt":{"rendered":"<p>Annual Water Quality Report Home &gt; City Hall &gt; Public Works &gt; Operations Division &gt; Annual Water Quality Report WATER [&hellip;]<\/p>\n","protected":false},"author":222,"featured_media":0,"parent":88878,"menu_order":0,"comment_status":"closed","ping_status":"closed","template":"","meta":{"_searchwp_excluded":"","site-sidebar-layout":"default","site-content-layout":"","ast-site-content-layout":"default","site-content-style":"default","site-sidebar-style":"default","ast-global-header-display":"","ast-banner-title-visibility":"","ast-main-header-display":"","ast-hfb-above-header-display":"","ast-hfb-below-header-display":"","ast-hfb-mobile-header-display":"","site-post-title":"","ast-breadcrumbs-content":"","ast-featured-img":"","footer-sml-layout":"","theme-transparent-header-meta":"","adv-header-id-meta":"","stick-header-meta":"","header-above-stick-meta":"","header-main-stick-meta":"","header-below-stick-meta":"","astra-migrate-meta-layouts":"default","ast-page-background-enabled":"default","ast-page-background-meta":{"desktop":{"background-color":"var(--ast-global-color-5)","background-image":"","background-repeat":"repeat","background-position":"center center","background-size":"auto","background-attachment":"scroll","background-type":"","background-media":"","overlay-type":"","overlay-color":"","overlay-opacity":"","overlay-gradient":""},"tablet":{"background-color":"","background-image":"","background-repeat":"repeat","background-position":"center center","background-size":"auto","background-attachment":"scroll","background-type":"","background-media":"","overlay-type":"","overlay-color":"","overlay-opacity":"","overlay-gradient":""},"mobile":{"background-color":"","background-image":"","background-repeat":"repeat","background-position":"center center","background-size":"auto","background-attachment":"scroll","background-type":"","background-media":"","overlay-type":"","overlay-color":"","overlay-opacity":"","overlay-gradient":""}},"ast-content-background-meta":{"desktop":{"background-color":"var(--ast-global-color-4)","background-image":"","background-repeat":"repeat","background-position":"center center","background-size":"auto","background-attachment":"scroll","background-type":"","background-media":"","overlay-type":"","overlay-color":"","overlay-opacity":"","overlay-gradient":""},"tablet":{"background-color":"var(--ast-global-color-4)","background-image":"","background-repeat":"repeat","background-position":"center center","background-size":"auto","background-attachment":"scroll","background-type":"","background-media":"","overlay-type":"","overlay-color":"","overlay-opacity":"","overlay-gradient":""},"mobile":{"background-color":"var(--ast-global-color-4)","background-image":"","background-repeat":"repeat","background-position":"center center","background-size":"auto","background-attachment":"scroll","background-type":"","background-media":"","overlay-type":"","overlay-color":"","overlay-opacity":"","overlay-gradient":""}},"footnotes":""},"categories":[],"tags":[271,281,298,275,274,299,273],"class_list":["post-28938","page","type-page","status-publish","hentry","tag-city-of-miami-beach","tag-public-works","tag-public-works-operations","tag-safe-drinking-water","tag-water","tag-water-division","tag-water-quality-report"],"yoast_head":"<!-- This site is optimized with the Yoast SEO Premium plugin v27.4 (Yoast SEO v27.4) - https:\/\/yoast.com\/product\/yoast-seo-premium-wordpress\/ -->\n<title>Annual Water Quality Report - City of Miami Beach<\/title>\n<meta name=\"description\" content=\"%\" \/>\n<meta name=\"robots\" content=\"index, follow, max-snippet:-1, max-image-preview:large, max-video-preview:-1\" \/>\n<link rel=\"canonical\" href=\"https:\/\/www.miamibeachfl.gov\/de\/city-hall\/public-works\/operations-division\/storm-water-utility\/\" \/>\n<meta property=\"og:locale\" content=\"de_DE\" \/>\n<meta property=\"og:type\" content=\"article\" \/>\n<meta property=\"og:title\" content=\"Annual Water Quality Report\" \/>\n<meta property=\"og:description\" content=\"%\" \/>\n<meta property=\"og:url\" content=\"https:\/\/www.miamibeachfl.gov\/de\/city-hall\/public-works\/operations-division\/storm-water-utility\/\" \/>\n<meta property=\"og:site_name\" content=\"City of Miami Beach\" \/>\n<meta property=\"article:publisher\" content=\"https:\/\/www.facebook.com\/cityofmiamibeach\" \/>\n<meta property=\"article:modified_time\" content=\"2025-12-22T17:03:20+00:00\" \/>\n<meta property=\"og:image\" content=\"https:\/\/www.miamibeachfl.gov\/wp-content\/uploads\/2022\/07\/hero-small.jpg\" \/>\n<meta name=\"twitter:card\" content=\"summary_large_image\" \/>\n<meta name=\"twitter:site\" content=\"@Miamibeachnews\" \/>\n<script type=\"application\/ld+json\" class=\"yoast-schema-graph\">{\"@context\":\"https:\\\/\\\/schema.org\",\"@graph\":[{\"@type\":\"WebPage\",\"@id\":\"https:\\\/\\\/www.miamibeachfl.gov\\\/city-hall\\\/public-works\\\/operations-division\\\/storm-water-utility\\\/\",\"url\":\"https:\\\/\\\/www.miamibeachfl.gov\\\/city-hall\\\/public-works\\\/operations-division\\\/storm-water-utility\\\/\",\"name\":\"Annual Water Quality Report - City of Miami Beach\",\"isPartOf\":{\"@id\":\"https:\\\/\\\/www.miamibeachfl.gov\\\/#website\"},\"primaryImageOfPage\":{\"@id\":\"https:\\\/\\\/www.miamibeachfl.gov\\\/city-hall\\\/public-works\\\/operations-division\\\/storm-water-utility\\\/#primaryimage\"},\"image\":{\"@id\":\"https:\\\/\\\/www.miamibeachfl.gov\\\/city-hall\\\/public-works\\\/operations-division\\\/storm-water-utility\\\/#primaryimage\"},\"thumbnailUrl\":\"https:\\\/\\\/www.miamibeachfl.gov\\\/wp-content\\\/uploads\\\/2022\\\/07\\\/hero-small.jpg\",\"datePublished\":\"2017-08-11T00:10:06+00:00\",\"dateModified\":\"2025-12-22T17:03:20+00:00\",\"description\":\"%\",\"breadcrumb\":{\"@id\":\"https:\\\/\\\/www.miamibeachfl.gov\\\/city-hall\\\/public-works\\\/operations-division\\\/storm-water-utility\\\/#breadcrumb\"},\"inLanguage\":\"de\",\"potentialAction\":[{\"@type\":\"ReadAction\",\"target\":[\"https:\\\/\\\/www.miamibeachfl.gov\\\/city-hall\\\/public-works\\\/operations-division\\\/storm-water-utility\\\/\"]}]},{\"@type\":\"ImageObject\",\"inLanguage\":\"de\",\"@id\":\"https:\\\/\\\/www.miamibeachfl.gov\\\/city-hall\\\/public-works\\\/operations-division\\\/storm-water-utility\\\/#primaryimage\",\"url\":\"https:\\\/\\\/www.miamibeachfl.gov\\\/wp-content\\\/uploads\\\/2022\\\/07\\\/hero-small.jpg\",\"contentUrl\":\"https:\\\/\\\/www.miamibeachfl.gov\\\/wp-content\\\/uploads\\\/2022\\\/07\\\/hero-small.jpg\"},{\"@type\":\"BreadcrumbList\",\"@id\":\"https:\\\/\\\/www.miamibeachfl.gov\\\/city-hall\\\/public-works\\\/operations-division\\\/storm-water-utility\\\/#breadcrumb\",\"itemListElement\":[{\"@type\":\"ListItem\",\"position\":1,\"name\":\"Home\",\"item\":\"https:\\\/\\\/www.miamibeachfl.gov\\\/\"},{\"@type\":\"ListItem\",\"position\":2,\"name\":\"City Hall\",\"item\":\"https:\\\/\\\/www.miamibeachfl.gov\\\/city-hall\\\/\"},{\"@type\":\"ListItem\",\"position\":3,\"name\":\"Public Works\",\"item\":\"https:\\\/\\\/www.miamibeachfl.gov\\\/city-hall\\\/public-works\\\/\"},{\"@type\":\"ListItem\",\"position\":4,\"name\":\"Operations Division\",\"item\":\"https:\\\/\\\/www.miamibeachfl.gov\\\/city-hall\\\/public-works\\\/operations-division\\\/\"},{\"@type\":\"ListItem\",\"position\":5,\"name\":\"Annual Water Quality Report\"}]},{\"@type\":\"WebSite\",\"@id\":\"https:\\\/\\\/www.miamibeachfl.gov\\\/#website\",\"url\":\"https:\\\/\\\/www.miamibeachfl.gov\\\/\",\"name\":\"City of Miami Beach\",\"description\":\"The official website of the City of Miami Beach. Stay informed, find important information on city services, news, alerts, events, trolley routes, government employment and more.\",\"publisher\":{\"@id\":\"https:\\\/\\\/www.miamibeachfl.gov\\\/#organization\"},\"potentialAction\":[{\"@type\":\"SearchAction\",\"target\":{\"@type\":\"EntryPoint\",\"urlTemplate\":\"https:\\\/\\\/www.miamibeachfl.gov\\\/?s={search_term_string}\"},\"query-input\":{\"@type\":\"PropertyValueSpecification\",\"valueRequired\":true,\"valueName\":\"search_term_string\"}}],\"inLanguage\":\"de\"},{\"@type\":\"Organization\",\"@id\":\"https:\\\/\\\/www.miamibeachfl.gov\\\/#organization\",\"name\":\"City of Miami Beach\",\"url\":\"https:\\\/\\\/www.miamibeachfl.gov\\\/\",\"logo\":{\"@type\":\"ImageObject\",\"inLanguage\":\"de\",\"@id\":\"https:\\\/\\\/www.miamibeachfl.gov\\\/#\\\/schema\\\/logo\\\/image\\\/\",\"url\":\"https:\\\/\\\/www.miamibeachfl.gov\\\/wp-content\\\/uploads\\\/2022\\\/06\\\/miamibeach-logoblue.png\",\"contentUrl\":\"https:\\\/\\\/www.miamibeachfl.gov\\\/wp-content\\\/uploads\\\/2022\\\/06\\\/miamibeach-logoblue.png\",\"width\":1962,\"height\":381,\"caption\":\"City of Miami Beach\"},\"image\":{\"@id\":\"https:\\\/\\\/www.miamibeachfl.gov\\\/#\\\/schema\\\/logo\\\/image\\\/\"},\"sameAs\":[\"https:\\\/\\\/www.facebook.com\\\/cityofmiamibeach\",\"https:\\\/\\\/x.com\\\/Miamibeachnews\",\"https:\\\/\\\/www.instagram.com\\\/miamibeachnews\\\/\"],\"description\":\"The official website of the City of Miami Beach. Stay informed, find important information on city services, news, alerts, events, trolley routes, government employment and more.\",\"telephone\":\"305.604.CITY(2489)\",\"legalName\":\"City of Miami Beach\"}]}<\/script>\n<!-- \/ Yoast SEO Premium plugin. -->","yoast_head_json":{"title":"J\u00e4hrlicher Wasserqualit\u00e4tsbericht \u2013 Stadt Miami Beach","description":"%","robots":{"index":"index","follow":"follow","max-snippet":"max-snippet:-1","max-image-preview":"max-image-preview:large","max-video-preview":"max-video-preview:-1"},"canonical":"https:\/\/www.miamibeachfl.gov\/de\/city-hall\/public-works\/operations-division\/storm-water-utility\/","og_locale":"de_DE","og_type":"article","og_title":"Annual Water Quality Report","og_description":"%","og_url":"https:\/\/www.miamibeachfl.gov\/de\/city-hall\/public-works\/operations-division\/storm-water-utility\/","og_site_name":"City of Miami Beach","article_publisher":"https:\/\/www.facebook.com\/cityofmiamibeach","article_modified_time":"2025-12-22T17:03:20+00:00","og_image":[{"url":"https:\/\/www.miamibeachfl.gov\/wp-content\/uploads\/2022\/07\/hero-small.jpg","type":"","width":"","height":""}],"twitter_card":"summary_large_image","twitter_site":"@Miamibeachnews","schema":{"@context":"https:\/\/schema.org","@graph":[{"@type":"WebPage","@id":"https:\/\/www.miamibeachfl.gov\/city-hall\/public-works\/operations-division\/storm-water-utility\/","url":"https:\/\/www.miamibeachfl.gov\/city-hall\/public-works\/operations-division\/storm-water-utility\/","name":"J\u00e4hrlicher Wasserqualit\u00e4tsbericht \u2013 Stadt Miami Beach","isPartOf":{"@id":"https:\/\/www.miamibeachfl.gov\/#website"},"primaryImageOfPage":{"@id":"https:\/\/www.miamibeachfl.gov\/city-hall\/public-works\/operations-division\/storm-water-utility\/#primaryimage"},"image":{"@id":"https:\/\/www.miamibeachfl.gov\/city-hall\/public-works\/operations-division\/storm-water-utility\/#primaryimage"},"thumbnailUrl":"https:\/\/www.miamibeachfl.gov\/wp-content\/uploads\/2022\/07\/hero-small.jpg","datePublished":"2017-08-11T00:10:06+00:00","dateModified":"2025-12-22T17:03:20+00:00","description":"%","breadcrumb":{"@id":"https:\/\/www.miamibeachfl.gov\/city-hall\/public-works\/operations-division\/storm-water-utility\/#breadcrumb"},"inLanguage":"de","potentialAction":[{"@type":"ReadAction","target":["https:\/\/www.miamibeachfl.gov\/city-hall\/public-works\/operations-division\/storm-water-utility\/"]}]},{"@type":"ImageObject","inLanguage":"de","@id":"https:\/\/www.miamibeachfl.gov\/city-hall\/public-works\/operations-division\/storm-water-utility\/#primaryimage","url":"https:\/\/www.miamibeachfl.gov\/wp-content\/uploads\/2022\/07\/hero-small.jpg","contentUrl":"https:\/\/www.miamibeachfl.gov\/wp-content\/uploads\/2022\/07\/hero-small.jpg"},{"@type":"BreadcrumbList","@id":"https:\/\/www.miamibeachfl.gov\/city-hall\/public-works\/operations-division\/storm-water-utility\/#breadcrumb","itemListElement":[{"@type":"ListItem","position":1,"name":"Home","item":"https:\/\/www.miamibeachfl.gov\/"},{"@type":"ListItem","position":2,"name":"City Hall","item":"https:\/\/www.miamibeachfl.gov\/city-hall\/"},{"@type":"ListItem","position":3,"name":"Public Works","item":"https:\/\/www.miamibeachfl.gov\/city-hall\/public-works\/"},{"@type":"ListItem","position":4,"name":"Operations Division","item":"https:\/\/www.miamibeachfl.gov\/city-hall\/public-works\/operations-division\/"},{"@type":"ListItem","position":5,"name":"Annual Water Quality Report"}]},{"@type":"WebSite","@id":"https:\/\/www.miamibeachfl.gov\/#website","url":"https:\/\/www.miamibeachfl.gov\/","name":"Stadt Miami Beach","description":"Die offizielle Website der Stadt Miami Beach. Bleiben Sie informiert und finden Sie wichtige Informationen zu st\u00e4dtischen Dienstleistungen, Neuigkeiten, Warnungen, Veranstaltungen, Stra\u00dfenbahnlinien, Stellenangeboten im \u00f6ffentlichen Dienst und mehr.","publisher":{"@id":"https:\/\/www.miamibeachfl.gov\/#organization"},"potentialAction":[{"@type":"SearchAction","target":{"@type":"EntryPoint","urlTemplate":"https:\/\/www.miamibeachfl.gov\/?s={search_term_string}"},"query-input":{"@type":"PropertyValueSpecification","valueRequired":true,"valueName":"search_term_string"}}],"inLanguage":"de"},{"@type":"Organization","@id":"https:\/\/www.miamibeachfl.gov\/#organization","name":"Stadt Miami Beach","url":"https:\/\/www.miamibeachfl.gov\/","logo":{"@type":"ImageObject","inLanguage":"de","@id":"https:\/\/www.miamibeachfl.gov\/#\/schema\/logo\/image\/","url":"https:\/\/www.miamibeachfl.gov\/wp-content\/uploads\/2022\/06\/miamibeach-logoblue.png","contentUrl":"https:\/\/www.miamibeachfl.gov\/wp-content\/uploads\/2022\/06\/miamibeach-logoblue.png","width":1962,"height":381,"caption":"City of Miami Beach"},"image":{"@id":"https:\/\/www.miamibeachfl.gov\/#\/schema\/logo\/image\/"},"sameAs":["https:\/\/www.facebook.com\/cityofmiamibeach","https:\/\/x.com\/Miamibeachnews","https:\/\/www.instagram.com\/miamibeachnews\/"],"description":"Die offizielle Website der Stadt Miami Beach. Bleiben Sie informiert und finden Sie wichtige Informationen zu st\u00e4dtischen Dienstleistungen, Neuigkeiten, Warnungen, Veranstaltungen, Stra\u00dfenbahnlinien, Stellenangeboten im \u00f6ffentlichen Dienst und mehr.","telephone":"305.604.CITY(2489)","legalName":"City of Miami Beach"}]}},"_links":{"self":[{"href":"https:\/\/www.miamibeachfl.gov\/de\/wp-json\/wp\/v2\/pages\/28938","targetHints":{"allow":["GET"]}}],"collection":[{"href":"https:\/\/www.miamibeachfl.gov\/de\/wp-json\/wp\/v2\/pages"}],"about":[{"href":"https:\/\/www.miamibeachfl.gov\/de\/wp-json\/wp\/v2\/types\/page"}],"author":[{"embeddable":true,"href":"https:\/\/www.miamibeachfl.gov\/de\/wp-json\/wp\/v2\/users\/222"}],"replies":[{"embeddable":true,"href":"https:\/\/www.miamibeachfl.gov\/de\/wp-json\/wp\/v2\/comments?post=28938"}],"version-history":[{"count":3,"href":"https:\/\/www.miamibeachfl.gov\/de\/wp-json\/wp\/v2\/pages\/28938\/revisions"}],"predecessor-version":[{"id":393698,"href":"https:\/\/www.miamibeachfl.gov\/de\/wp-json\/wp\/v2\/pages\/28938\/revisions\/393698"}],"up":[{"embeddable":true,"href":"https:\/\/www.miamibeachfl.gov\/de\/wp-json\/wp\/v2\/pages\/88878"}],"wp:attachment":[{"href":"https:\/\/www.miamibeachfl.gov\/de\/wp-json\/wp\/v2\/media?parent=28938"}],"wp:term":[{"taxonomy":"category","embeddable":true,"href":"https:\/\/www.miamibeachfl.gov\/de\/wp-json\/wp\/v2\/categories?post=28938"},{"taxonomy":"post_tag","embeddable":true,"href":"https:\/\/www.miamibeachfl.gov\/de\/wp-json\/wp\/v2\/tags?post=28938"}],"curies":[{"name":"wp","href":"https:\/\/api.w.org\/{rel}","templated":true}]}}