{"id":29094,"date":"2017-08-11T00:11:50","date_gmt":"2017-08-11T00:11:50","guid":{"rendered":"http:\/\/www.miamibeachfl.gov\/city-hall\/public-works\/table-of-contents-details\/section-4-b-right-of-way-and-easement-modifications\/"},"modified":"2018-01-26T15:35:04","modified_gmt":"2018-01-26T20:35:04","slug":"section-4-b-right-of-way-and-easement-modifications","status":"publish","type":"page","link":"https:\/\/www.miamibeachfl.gov\/de\/city-hall\/public-works\/engineering-division\/section-4-b-right-of-way-and-easement-modifications\/","title":{"rendered":"Abschnitt 4 B. \u00c4nderungen von Wegerechten und Dienstbarkeiten"},"content":{"rendered":"<\/p>\n<table>\n<caption>\u00c4nderungen von Wegerechten und Dienstbarkeiten<\/caption>\n<tbody>\n<tr>\n<td>\n<p><strong>ABSCHNITT 4 WEGERECHTE, DIENSTBARKEITEN UND BODENNUTZUNG SONDERBESTIMMUNGEN<\/strong><\/p>\n<p><strong>B. \u00c4nderungen von Wegerechten und Dienstbarkeiten<\/strong><\/p>\n<p>\u00c4nderungen von Wegerechten und Dienstbarkeiten bestehen normalerweise aus Folgendem:<\/p>\n<p>I \u2013 R\u00e4umung einer Stra\u00dfe, Gasse oder eines Teils des Wegerechts durch die Stadt. Diese Wegerechte k\u00f6nnen parzelliert oder gewidmet sein und k\u00f6nnen R\u00fcckfallrechte an angrenzende Grundst\u00fcckseigent\u00fcmer beinhalten.<\/p>\n<p>II. Aufgabe einer Dienstbarkeit oder Austausch einer bestehenden Dienstbarkeit durch eine gleichwertige Dienstbarkeit an einem anderen Ort (Verlegung von Dienstbarkeiten). Dabei kann es sich auch um parzellierte oder dedizierte\/registrierte Dienstbarkeiten f\u00fcr Versorgungseinrichtungen oder den Zugang handeln.<\/p>\n<p>I. Aufhebung einer Stra\u00dfe, Gasse oder eines Teils des Wegerechts:<\/p>\n<p>Nach einer \u00dcberpr\u00fcfung der Kriterien\/Standards f\u00fcr die Stilllegung\/Aufhebung von Stra\u00dfen oder anderen Wegerechten durch das Land Use Committee empfahlen der B\u00fcrgermeister und die Stadtkommission von Miami Beach am 26. Juli 1989 eine Einzelfallpr\u00fcfung dieser Aufhebungen.<\/p>\n<p>Wie in diesen Kriterien\/Standards, Pr\u00e4zedenzf\u00e4llen zur Aufhebung der Stra\u00dfenrechte und in der Verordnung 92-2783, die als Artikel II in die Stadtverordnung aufgenommen wurde, dargelegt, gelten die folgenden Anforderungen und Verfahren f\u00fcr die Beantragung der Aufhebung der Stra\u00dfenrechte oder anderer Wegerechte innerhalb der Stadt:<\/p>\n<p>Ein Antragsteller, der die Freigabe einer Stra\u00dfe, Gasse oder eines Teils des Wegerechts beantragt, muss Folgendes einreichen:<\/p>\n<p>\u00a01. Eine nicht erstattungsf\u00e4hige Anmeldegeb\u00fchr in H\u00f6he von $5.000,00, die auf den gesch\u00e4tzten Grundst\u00fcckswert des frei werdenden Wegerechts angerechnet wird.<\/p>\n<p>\u00a02. Eine Eigentumserkl\u00e4rung oder Eigentumszusage oder eine Rechtsberatung zum Eigentumsanspruch auf das Grundst\u00fcck, f\u00fcr das die Anfrage gestellt wird.<\/p>\n<p>\u00a03. Eine Erkl\u00e4rung des Antragstellers, warum der Erwerb und die Aufhebung des besagten Wegerechts im besten Interesse des Gemeinwohls liegt.<\/p>\n<p>\u00a04. Eine aktuelle topografische Vermessung des Grundst\u00fccks des Antragstellers und des betreffenden st\u00e4dtischen Grundst\u00fccks durch einen registrierten Landvermesser<\/p>\n<p>\u00a05. Ein Plan mit der genauen Lage und Beschreibung des betreffenden st\u00e4dtischen Wegerechts sowie den vorgeschlagenen Verbesserungen und Nutzungsm\u00f6glichkeiten.<\/p>\n<p>\u00a06. Eine Karte, auf der das betreffende Grundst\u00fcck und Grundst\u00fccke im Umkreis von 375 Fu\u00df hervorgehoben sind<\/p>\n<p>\u00a07. Eine Liste der Grundst\u00fcckseigent\u00fcmer im Umkreis von 375 Fu\u00df und ihre Postanschriften auf gummierten Etiketten.<\/p>\n<p>\u00a08. Ein beglaubigter Brief mit Angabe der Quelle und Vollst\u00e4ndigkeit der oben genannten Immobilieneigent\u00fcmerliste. Nach Erhalt dieser Unterlagen pr\u00fcfen das st\u00e4dtische Bauamt und die Staatsanwaltschaft den Antrag und holen die Zusage des Antragstellers f\u00fcr Folgendes ein:<\/p>\n<p>\u00a0\u00a0a) Die Rechte und Bed\u00fcrfnisse der Stadt und anderer Versorgungsunternehmen hinsichtlich einer Dienstbarkeit sind zu pr\u00fcfen und zu ber\u00fccksichtigen. Etwaige Umzugskosten sind vom Antragsteller zu tragen.<\/p>\n<p>\u00a0\u00a0b) Setzen Sie die Anforderungen des beigef\u00fcgten Artikels II, Abschnitte 82-36 bis 82-40 der Stadtverordnung, soweit zutreffend, um.<\/p>\n<p>Nach Erf\u00fcllung der oben genannten Anforderungen wird im Rahmen einer Kommissionssitzung eine \u00f6ffentliche Anh\u00f6rung angesetzt, \u00f6ffentliche Bekanntmachungen in den Lokalzeitungen ver\u00f6ffentlicht und Mitteilungen an die Grundst\u00fcckseigent\u00fcmer f\u00fcr die bereitgestellte Mailingliste verschickt.<\/p>\n<p>Die Stadtkommission wird die Empfehlungen und Analysen der Verwaltung auf der Grundlage \u00e4hnlicher Kriterien wie bei der Erteilung oder Ablehnung einer widerruflichen Genehmigung gem\u00e4\u00df den Abschnitten 82-94 der Stadtverordnung w\u00e4hrend der \u00f6ffentlichen Anh\u00f6rung bewerten und diese entweder genehmigen, ablehnen oder zur weiteren Pr\u00fcfung an den Ausschuss f\u00fcr Landnutzung verweisen.\u00a0<\/p>\n<p>II. Aufgabe einer Dienstbarkeit oder Austausch einer bestehenden Dienstbarkeit durch eine gleichwertige Dienstbarkeit an einem anderen Ort (Verlegung von Dienstbarkeiten).<\/p>\n<p>Gem\u00e4\u00df Pr\u00e4zedenzf\u00e4llen zur Aufhebung\/Aufgabe oder Verlegung von Dienstbarkeiten gelten die folgenden Anforderungen und Verfahren zur Aufgabe oder zum Austausch einer Dienstbarkeit:<\/p>\n<p>\u00a01. Der Antragsteller muss eine aktuelle Vermessung des Grundst\u00fccks vorlegen, auf dem sich die Dienstbarkeit befindet.<\/p>\n<p>\u00a02. Der Antragsteller muss einen Eigentumsnachweis oder einen Eigentumsnachweis f\u00fcr das Grundst\u00fcck vorlegen, auf dem sich die Dienstbarkeit befindet und\/oder auf das diese verlegt werden soll.<\/p>\n<p>\u00a03. Ein Schreiben mit der Begr\u00fcndung f\u00fcr den Antrag auf Aufgabe\/Verlegung der Dienstbarkeit ist einzureichen. Begleitet wird es von einer Entwurfspr\u00fcfung oder einer endg\u00fcltigen Verf\u00fcgung der Denkmalschutzbeh\u00f6rde, aus der hervorgeht, dass das geplante Bauvorhaben mit der Dienstbarkeit in Konflikt steht.<\/p>\n<p>\u00a04. Der Antragsteller muss von allen Versorgungsunternehmen der Stadt Einverst\u00e4ndniserkl\u00e4rungen oder Vereinbarungen zur Verlegung einholen und vorlegen. S\u00e4mtliche Kosten f\u00fcr die Verlegung oder Beseitigung bestehender Versorgungseinrichtungen tr\u00e4gt der Antragsteller.<\/p>\n<p>\u00a05. Der Antragsteller muss eine Vermessung und eine rechtliche Beschreibung der neuen oder geplanten Dienstbarkeit zusammen mit einem Dienstbarkeitsdokument erstellen und einreichen, das von der Stadt gepr\u00fcft werden muss.<\/p>\n<p>\u00a06. Nach der Pr\u00fcfung durch das Bauamt und die Staatsanwaltschaft der Stadt sowie der formellen Genehmigung der Dokumente zur gew\u00e4hrten Dienstbarkeit unterzeichnet der Antragsteller zwei Originale der Dokumente zur gew\u00e4hrten Dienstbarkeit und reicht sie bei der Stadt ein.<\/p>\n<p>\u00a07. Das Bauamt legt die Unterlagen der Stadtkommission vor, damit diese \u00fcber die Genehmigung der Aufgabe oder des Austauschs der Dienstbarkeit entscheidet. Diese Genehmigung ist in der Regel davon abh\u00e4ngig, dass der Antragsteller die Verlegung der bestehenden st\u00e4dtischen Versorgungseinrichtungen abschlie\u00dft oder eine Kaution f\u00fcr die Kosten einer solchen Verlegung hinterlegt.<\/p>\n<p>\u00a08. Der Antragsteller erfasst die erfassten Dokumente und legt sie der Stadt beim Miami-Dade County Clerk vor.<\/p>\n<\/td>\n<\/tr>\n<\/tbody>\n<\/table>\n<p>\u00a0<\/p>","protected":false},"excerpt":{"rendered":"<p>Right-of-Way and Easement Modifications SECTION 4 RIGHT-OF-WAY, EASEMENT AND LAND USE SPECIAL PROVISIONS B. Right-of-Way and Easement Modifications Right-of way [&hellip;]<\/p>\n","protected":false},"author":222,"featured_media":0,"parent":28940,"menu_order":183,"comment_status":"closed","ping_status":"closed","template":"","meta":{"_searchwp_excluded":"","site-sidebar-layout":"default","site-content-layout":"","ast-site-content-layout":"default","site-content-style":"default","site-sidebar-style":"default","ast-global-header-display":"","ast-banner-title-visibility":"","ast-main-header-display":"","ast-hfb-above-header-display":"","ast-hfb-below-header-display":"","ast-hfb-mobile-header-display":"","site-post-title":"","ast-breadcrumbs-content":"","ast-featured-img":"","footer-sml-layout":"","theme-transparent-header-meta":"","adv-header-id-meta":"","stick-header-meta":"","header-above-stick-meta":"","header-main-stick-meta":"","header-below-stick-meta":"","astra-migrate-meta-layouts":"default","ast-page-background-enabled":"default","ast-page-background-meta":{"desktop":{"background-color":"var(--ast-global-color-5)","background-image":"","background-repeat":"repeat","background-position":"center center","background-size":"auto","background-attachment":"scroll","background-type":"","background-media":"","overlay-type":"","overlay-color":"","overlay-opacity":"","overlay-gradient":""},"tablet":{"background-color":"","background-image":"","background-repeat":"repeat","background-position":"center center","background-size":"auto","background-attachment":"scroll","background-type":"","background-media":"","overlay-type":"","overlay-color":"","overlay-opacity":"","overlay-gradient":""},"mobile":{"background-color":"","background-image":"","background-repeat":"repeat","background-position":"center center","background-size":"auto","background-attachment":"scroll","background-type":"","background-media":"","overlay-type":"","overlay-color":"","overlay-opacity":"","overlay-gradient":""}},"ast-content-background-meta":{"desktop":{"background-color":"var(--ast-global-color-4)","background-image":"","background-repeat":"repeat","background-position":"center center","background-size":"auto","background-attachment":"scroll","background-type":"","background-media":"","overlay-type":"","overlay-color":"","overlay-opacity":"","overlay-gradient":""},"tablet":{"background-color":"var(--ast-global-color-4)","background-image":"","background-repeat":"repeat","background-position":"center center","background-size":"auto","background-attachment":"scroll","background-type":"","background-media":"","overlay-type":"","overlay-color":"","overlay-opacity":"","overlay-gradient":""},"mobile":{"background-color":"var(--ast-global-color-4)","background-image":"","background-repeat":"repeat","background-position":"center center","background-size":"auto","background-attachment":"scroll","background-type":"","background-media":"","overlay-type":"","overlay-color":"","overlay-opacity":"","overlay-gradient":""}},"footnotes":""},"categories":[],"tags":[],"class_list":["post-29094","page","type-page","status-publish","hentry"],"yoast_head":"<!-- This site is optimized with the Yoast SEO Premium plugin v27.4 (Yoast SEO v27.4) - https:\/\/yoast.com\/product\/yoast-seo-premium-wordpress\/ -->\n<title>Section 4  B. Right Of Way And Easement Modifications - City of Miami Beach<\/title>\n<meta name=\"description\" content=\"%\" \/>\n<meta name=\"robots\" content=\"index, follow, max-snippet:-1, max-image-preview:large, max-video-preview:-1\" \/>\n<link rel=\"canonical\" href=\"https:\/\/www.miamibeachfl.gov\/de\/city-hall\/public-works\/engineering-division\/section-4-b-right-of-way-and-easement-modifications\/\" \/>\n<meta property=\"og:locale\" content=\"de_DE\" \/>\n<meta property=\"og:type\" content=\"article\" \/>\n<meta property=\"og:title\" content=\"Section 4  B. Right Of Way And Easement Modifications\" \/>\n<meta property=\"og:description\" content=\"%\" \/>\n<meta property=\"og:url\" content=\"https:\/\/www.miamibeachfl.gov\/de\/city-hall\/public-works\/engineering-division\/section-4-b-right-of-way-and-easement-modifications\/\" \/>\n<meta property=\"og:site_name\" content=\"City of Miami Beach\" \/>\n<meta property=\"article:publisher\" content=\"https:\/\/www.facebook.com\/cityofmiamibeach\" \/>\n<meta property=\"article:modified_time\" content=\"2018-01-26T20:35:04+00:00\" \/>\n<meta property=\"og:image\" content=\"https:\/\/www.miamibeachfl.gov\/wp-content\/uploads\/2024\/01\/1000pxSquare-miamibeach-aerial-southpointview.jpeg\" \/>\n\t<meta property=\"og:image:width\" content=\"1000\" \/>\n\t<meta property=\"og:image:height\" content=\"1000\" \/>\n\t<meta property=\"og:image:type\" content=\"image\/jpeg\" \/>\n<meta name=\"twitter:card\" content=\"summary_large_image\" \/>\n<meta name=\"twitter:site\" content=\"@Miamibeachnews\" \/>\n<script type=\"application\/ld+json\" class=\"yoast-schema-graph\">{\"@context\":\"https:\\\/\\\/schema.org\",\"@graph\":[{\"@type\":\"WebPage\",\"@id\":\"https:\\\/\\\/www.miamibeachfl.gov\\\/city-hall\\\/public-works\\\/engineering-division\\\/section-4-b-right-of-way-and-easement-modifications\\\/\",\"url\":\"https:\\\/\\\/www.miamibeachfl.gov\\\/city-hall\\\/public-works\\\/engineering-division\\\/section-4-b-right-of-way-and-easement-modifications\\\/\",\"name\":\"Section 4 B. Right Of Way And Easement Modifications - City of Miami Beach\",\"isPartOf\":{\"@id\":\"https:\\\/\\\/www.miamibeachfl.gov\\\/#website\"},\"datePublished\":\"2017-08-11T00:11:50+00:00\",\"dateModified\":\"2018-01-26T20:35:04+00:00\",\"description\":\"%\",\"breadcrumb\":{\"@id\":\"https:\\\/\\\/www.miamibeachfl.gov\\\/city-hall\\\/public-works\\\/engineering-division\\\/section-4-b-right-of-way-and-easement-modifications\\\/#breadcrumb\"},\"inLanguage\":\"de\",\"potentialAction\":[{\"@type\":\"ReadAction\",\"target\":[\"https:\\\/\\\/www.miamibeachfl.gov\\\/city-hall\\\/public-works\\\/engineering-division\\\/section-4-b-right-of-way-and-easement-modifications\\\/\"]}]},{\"@type\":\"BreadcrumbList\",\"@id\":\"https:\\\/\\\/www.miamibeachfl.gov\\\/city-hall\\\/public-works\\\/engineering-division\\\/section-4-b-right-of-way-and-easement-modifications\\\/#breadcrumb\",\"itemListElement\":[{\"@type\":\"ListItem\",\"position\":1,\"name\":\"Home\",\"item\":\"https:\\\/\\\/www.miamibeachfl.gov\\\/\"},{\"@type\":\"ListItem\",\"position\":2,\"name\":\"City Hall\",\"item\":\"https:\\\/\\\/www.miamibeachfl.gov\\\/city-hall\\\/\"},{\"@type\":\"ListItem\",\"position\":3,\"name\":\"Public Works\",\"item\":\"https:\\\/\\\/www.miamibeachfl.gov\\\/city-hall\\\/public-works\\\/\"},{\"@type\":\"ListItem\",\"position\":4,\"name\":\"Engineering Division\",\"item\":\"https:\\\/\\\/www.miamibeachfl.gov\\\/city-hall\\\/public-works\\\/engineering-division\\\/\"},{\"@type\":\"ListItem\",\"position\":5,\"name\":\"Section 4 B. Right Of Way And Easement Modifications\"}]},{\"@type\":\"WebSite\",\"@id\":\"https:\\\/\\\/www.miamibeachfl.gov\\\/#website\",\"url\":\"https:\\\/\\\/www.miamibeachfl.gov\\\/\",\"name\":\"City of Miami Beach\",\"description\":\"The official website of the City of Miami Beach. Stay informed, find important information on city services, news, alerts, events, trolley routes, government employment and more.\",\"publisher\":{\"@id\":\"https:\\\/\\\/www.miamibeachfl.gov\\\/#organization\"},\"potentialAction\":[{\"@type\":\"SearchAction\",\"target\":{\"@type\":\"EntryPoint\",\"urlTemplate\":\"https:\\\/\\\/www.miamibeachfl.gov\\\/?s={search_term_string}\"},\"query-input\":{\"@type\":\"PropertyValueSpecification\",\"valueRequired\":true,\"valueName\":\"search_term_string\"}}],\"inLanguage\":\"de\"},{\"@type\":\"Organization\",\"@id\":\"https:\\\/\\\/www.miamibeachfl.gov\\\/#organization\",\"name\":\"City of Miami Beach\",\"url\":\"https:\\\/\\\/www.miamibeachfl.gov\\\/\",\"logo\":{\"@type\":\"ImageObject\",\"inLanguage\":\"de\",\"@id\":\"https:\\\/\\\/www.miamibeachfl.gov\\\/#\\\/schema\\\/logo\\\/image\\\/\",\"url\":\"https:\\\/\\\/www.miamibeachfl.gov\\\/wp-content\\\/uploads\\\/2022\\\/06\\\/miamibeach-logoblue.png\",\"contentUrl\":\"https:\\\/\\\/www.miamibeachfl.gov\\\/wp-content\\\/uploads\\\/2022\\\/06\\\/miamibeach-logoblue.png\",\"width\":1962,\"height\":381,\"caption\":\"City of Miami Beach\"},\"image\":{\"@id\":\"https:\\\/\\\/www.miamibeachfl.gov\\\/#\\\/schema\\\/logo\\\/image\\\/\"},\"sameAs\":[\"https:\\\/\\\/www.facebook.com\\\/cityofmiamibeach\",\"https:\\\/\\\/x.com\\\/Miamibeachnews\",\"https:\\\/\\\/www.instagram.com\\\/miamibeachnews\\\/\"],\"description\":\"The official website of the City of Miami Beach. Stay informed, find important information on city services, news, alerts, events, trolley routes, government employment and more.\",\"telephone\":\"305.604.CITY(2489)\",\"legalName\":\"City of Miami Beach\"}]}<\/script>\n<!-- \/ Yoast SEO Premium plugin. -->","yoast_head_json":{"title":"Abschnitt 4 B. \u00c4nderungen von Wegerechten und Dienstbarkeiten - Stadt Miami Beach","description":"%","robots":{"index":"index","follow":"follow","max-snippet":"max-snippet:-1","max-image-preview":"max-image-preview:large","max-video-preview":"max-video-preview:-1"},"canonical":"https:\/\/www.miamibeachfl.gov\/de\/city-hall\/public-works\/engineering-division\/section-4-b-right-of-way-and-easement-modifications\/","og_locale":"de_DE","og_type":"article","og_title":"Section 4  B. Right Of Way And Easement Modifications","og_description":"%","og_url":"https:\/\/www.miamibeachfl.gov\/de\/city-hall\/public-works\/engineering-division\/section-4-b-right-of-way-and-easement-modifications\/","og_site_name":"City of Miami Beach","article_publisher":"https:\/\/www.facebook.com\/cityofmiamibeach","article_modified_time":"2018-01-26T20:35:04+00:00","og_image":[{"width":1000,"height":1000,"url":"https:\/\/www.miamibeachfl.gov\/wp-content\/uploads\/2024\/01\/1000pxSquare-miamibeach-aerial-southpointview.jpeg","type":"image\/jpeg"}],"twitter_card":"summary_large_image","twitter_site":"@Miamibeachnews","schema":{"@context":"https:\/\/schema.org","@graph":[{"@type":"WebPage","@id":"https:\/\/www.miamibeachfl.gov\/city-hall\/public-works\/engineering-division\/section-4-b-right-of-way-and-easement-modifications\/","url":"https:\/\/www.miamibeachfl.gov\/city-hall\/public-works\/engineering-division\/section-4-b-right-of-way-and-easement-modifications\/","name":"Abschnitt 4 B. \u00c4nderungen von Wegerechten und Dienstbarkeiten - Stadt Miami Beach","isPartOf":{"@id":"https:\/\/www.miamibeachfl.gov\/#website"},"datePublished":"2017-08-11T00:11:50+00:00","dateModified":"2018-01-26T20:35:04+00:00","description":"%","breadcrumb":{"@id":"https:\/\/www.miamibeachfl.gov\/city-hall\/public-works\/engineering-division\/section-4-b-right-of-way-and-easement-modifications\/#breadcrumb"},"inLanguage":"de","potentialAction":[{"@type":"ReadAction","target":["https:\/\/www.miamibeachfl.gov\/city-hall\/public-works\/engineering-division\/section-4-b-right-of-way-and-easement-modifications\/"]}]},{"@type":"BreadcrumbList","@id":"https:\/\/www.miamibeachfl.gov\/city-hall\/public-works\/engineering-division\/section-4-b-right-of-way-and-easement-modifications\/#breadcrumb","itemListElement":[{"@type":"ListItem","position":1,"name":"Home","item":"https:\/\/www.miamibeachfl.gov\/"},{"@type":"ListItem","position":2,"name":"City Hall","item":"https:\/\/www.miamibeachfl.gov\/city-hall\/"},{"@type":"ListItem","position":3,"name":"Public Works","item":"https:\/\/www.miamibeachfl.gov\/city-hall\/public-works\/"},{"@type":"ListItem","position":4,"name":"Engineering Division","item":"https:\/\/www.miamibeachfl.gov\/city-hall\/public-works\/engineering-division\/"},{"@type":"ListItem","position":5,"name":"Section 4 B. Right Of Way And Easement Modifications"}]},{"@type":"WebSite","@id":"https:\/\/www.miamibeachfl.gov\/#website","url":"https:\/\/www.miamibeachfl.gov\/","name":"Stadt Miami Beach","description":"Die offizielle Website der Stadt Miami Beach. Bleiben Sie informiert und finden Sie wichtige Informationen zu st\u00e4dtischen Dienstleistungen, Neuigkeiten, Warnungen, Veranstaltungen, Stra\u00dfenbahnlinien, Stellenangeboten im \u00f6ffentlichen Dienst und mehr.","publisher":{"@id":"https:\/\/www.miamibeachfl.gov\/#organization"},"potentialAction":[{"@type":"SearchAction","target":{"@type":"EntryPoint","urlTemplate":"https:\/\/www.miamibeachfl.gov\/?s={search_term_string}"},"query-input":{"@type":"PropertyValueSpecification","valueRequired":true,"valueName":"search_term_string"}}],"inLanguage":"de"},{"@type":"Organization","@id":"https:\/\/www.miamibeachfl.gov\/#organization","name":"Stadt Miami Beach","url":"https:\/\/www.miamibeachfl.gov\/","logo":{"@type":"ImageObject","inLanguage":"de","@id":"https:\/\/www.miamibeachfl.gov\/#\/schema\/logo\/image\/","url":"https:\/\/www.miamibeachfl.gov\/wp-content\/uploads\/2022\/06\/miamibeach-logoblue.png","contentUrl":"https:\/\/www.miamibeachfl.gov\/wp-content\/uploads\/2022\/06\/miamibeach-logoblue.png","width":1962,"height":381,"caption":"City of Miami Beach"},"image":{"@id":"https:\/\/www.miamibeachfl.gov\/#\/schema\/logo\/image\/"},"sameAs":["https:\/\/www.facebook.com\/cityofmiamibeach","https:\/\/x.com\/Miamibeachnews","https:\/\/www.instagram.com\/miamibeachnews\/"],"description":"Die offizielle Website der Stadt Miami Beach. Bleiben Sie informiert und finden Sie wichtige Informationen zu st\u00e4dtischen Dienstleistungen, Neuigkeiten, Warnungen, Veranstaltungen, Stra\u00dfenbahnlinien, Stellenangeboten im \u00f6ffentlichen Dienst und mehr.","telephone":"305.604.CITY(2489)","legalName":"City of Miami Beach"}]}},"_links":{"self":[{"href":"https:\/\/www.miamibeachfl.gov\/de\/wp-json\/wp\/v2\/pages\/29094","targetHints":{"allow":["GET"]}}],"collection":[{"href":"https:\/\/www.miamibeachfl.gov\/de\/wp-json\/wp\/v2\/pages"}],"about":[{"href":"https:\/\/www.miamibeachfl.gov\/de\/wp-json\/wp\/v2\/types\/page"}],"author":[{"embeddable":true,"href":"https:\/\/www.miamibeachfl.gov\/de\/wp-json\/wp\/v2\/users\/222"}],"replies":[{"embeddable":true,"href":"https:\/\/www.miamibeachfl.gov\/de\/wp-json\/wp\/v2\/comments?post=29094"}],"version-history":[{"count":0,"href":"https:\/\/www.miamibeachfl.gov\/de\/wp-json\/wp\/v2\/pages\/29094\/revisions"}],"up":[{"embeddable":true,"href":"https:\/\/www.miamibeachfl.gov\/de\/wp-json\/wp\/v2\/pages\/28940"}],"wp:attachment":[{"href":"https:\/\/www.miamibeachfl.gov\/de\/wp-json\/wp\/v2\/media?parent=29094"}],"wp:term":[{"taxonomy":"category","embeddable":true,"href":"https:\/\/www.miamibeachfl.gov\/de\/wp-json\/wp\/v2\/categories?post=29094"},{"taxonomy":"post_tag","embeddable":true,"href":"https:\/\/www.miamibeachfl.gov\/de\/wp-json\/wp\/v2\/tags?post=29094"}],"curies":[{"name":"wp","href":"https:\/\/api.w.org\/{rel}","templated":true}]}}