{"id":29097,"date":"2017-08-11T00:11:51","date_gmt":"2017-08-11T00:11:51","guid":{"rendered":"http:\/\/www.miamibeachfl.gov\/city-hall\/public-works\/table-of-contents-details\/section-5-10-disposal-of-surplus-and-unsuitable-material\/"},"modified":"2018-01-26T14:09:16","modified_gmt":"2018-01-26T19:09:16","slug":"section-5-10-disposal-of-surplus-and-unsuitable-material","status":"publish","type":"page","link":"https:\/\/www.miamibeachfl.gov\/de\/city-hall\/public-works\/engineering-division\/section-5-1-general\/section-5-10-disposal-of-surplus-and-unsuitable-material\/","title":{"rendered":"Abschnitt 5 10. Entsorgung von \u00fcbersch\u00fcssigem und ungeeignetem Material"},"content":{"rendered":"<\/p>\n<table>\n<caption>Entsorgung von \u00fcbersch\u00fcssigem und ungeeignetem Material<\/caption>\n<tbody>\n<tr>\n<td>\n<p><strong>ABSCHNITT 5 BAU- UND STRASSENARBEITEN<\/p>\n<p>10. Entsorgung von \u00fcbersch\u00fcssigem und ungeeignetem Material.<\/strong><\/p>\n<p>A. Eigentum an Aushubmaterialien:<\/p>\n<p>Das gesamte geeignete Aushubmaterial verbleibt im Eigentum der Abteilung, bis die endg\u00fcltigen Anforderungen an F\u00fcll- oder Verf\u00fcllmaterial erf\u00fcllt sind. Sofern in den Pl\u00e4nen oder Sonderbestimmungen nichts anderes vorgesehen ist, geht \u00fcbersch\u00fcssiges Material, das nicht f\u00fcr die Auftragsanforderungen ben\u00f6tigt wird, in das Eigentum des Auftragnehmers \u00fcber und ist von diesem au\u00dferhalb des Wegerechts zur Zufriedenheit des Ingenieurs zu entsorgen.<\/p>\n<p>In st\u00e4dtischen oder anderen Gebieten, in denen die vor\u00fcbergehende Lagerung von scheinbar \u00fcbersch\u00fcssigem, geeignetem Material innerhalb der Wegerechte nicht praktikabel ist, kann der Auftragnehmer das Material au\u00dferhalb der Wegerechte in von ihm bereitgestellten Bereichen lagern. Bis das Material f\u00fcr die Arbeiten ben\u00f6tigt wird oder als \u00fcbersch\u00fcssig erkl\u00e4rt wird. Mit schriftlicher Genehmigung des Ingenieurs kann der Auftragnehmer dieses scheinbar \u00fcbersch\u00fcssige Material entsorgen, unter der Bedingung, dass er den zur Erf\u00fcllung der tats\u00e4chlichen Arbeitsanforderungen ben\u00f6tigten Teil des entsorgten Materials auf eigene Kosten durch gleichwertiges Material ersetzt.<\/p>\n<p>F\u00fcr eine erneute Handhabung gem\u00e4\u00df den Bestimmungen dieses Unterartikels wird keine zus\u00e4tzliche Entsch\u00e4digung gew\u00e4hrt.<\/p>\n<p>B. Allgemeine Anforderungen f\u00fcr die Entsorgung: Aushubmaterial oder andere f\u00fcr den Stra\u00dfenbau ungeeignete Materialien sind wie in den Pl\u00e4nen angegeben zu entsorgen. Wenn in den Pl\u00e4nen keine Entsorgung angegeben ist, gehen die Materialien in das Eigentum des Auftragnehmers \u00fcber und sind von diesem au\u00dferhalb des Wegerechts zu entsorgen.<\/p>\n<p>C. Entsorgung von Abraum an B\u00f6schungen: Abweichend von den Bestimmungen in 120-5.2 darf in l\u00e4ndlichen, unbebauten Gebieten nach Genehmigung durch den Ingenieur Abraum (A-8-Material) an B\u00f6schungen oder neben der Fahrbahn gelagert werden. Voraussetzung ist ein Mindestabstand von 1,80 m zwischen den Fahrbahnbegrenzungen und dem Abraum. Der Abraum muss so behandelt sein, dass er ein einigerma\u00dfen ordentliches Erscheinungsbild bietet. Auch in bebauten Gebieten kann die Entsorgung dieses Materials an B\u00f6schungen gestattet werden, sofern dies nach Ansicht des Ingenieurs zu einem \u00e4sthetisch ansprechenden Erscheinungsbild f\u00fchrt und die angrenzende Bebauung nicht beeintr\u00e4chtigt. Sofern Abraum oder anderes ungeeignetes Material innerhalb der Wegerechte entsorgt werden darf, darf dieses Material nicht so platziert werden, dass es den Zu- oder Abfluss von Kan\u00e4len oder Seitengr\u00e4ben behindert. Der Ingenieur legt die Grenzen an den Kan\u00e4len fest, innerhalb derer solche Materialien nicht platziert werden d\u00fcrfen.<\/p>\n<p>D. Entsorgung von Pflastermaterialien: Sofern in den Pl\u00e4nen nichts anderes angegeben ist, geht das beim Abbruch bestehender Pflaster ausgehobene Pflastermaterial wie Pflastersteine, Asphaltbl\u00f6cke, Betonplatten, Kalksandsteine, Gehwege, Bordsteine und Rinnen usw. in das Eigentum des Auftragnehmers \u00fcber und ist von diesem au\u00dferhalb der Wegerechte zu entsorgen. Soll das Material Eigentum der Beh\u00f6rde bleiben, ist es gem\u00e4\u00df den Anweisungen ordentlich aufzustapeln.<\/p>\n<p>E. Entsorgungsbereiche: Wenn die Pl\u00e4ne oder Spezifikationen vorschreiben, dass der Auftragnehmer Aushubmaterialien au\u00dferhalb der Wegerechte entsorgen muss, und der Entsorgungsbereich in den Vertragsdokumenten nicht angegeben ist, muss der Auftragnehmer den Entsorgungsbereich ohne zus\u00e4tzliche Verg\u00fctung bereitstellen.<\/p>\n<p>Die vom Auftragnehmer zur Entsorgung von entferntem Pflastermaterial bereitgestellten Bereiche m\u00fcssen au\u00dferhalb der Sichtweite des Projekts und mindestens 90 Meter von der n\u00e4chstgelegenen Fahrbahnbegrenzung einer staatlich unterhaltenen Stra\u00dfe entfernt liegen. Die 90-Meter-Begrenzung gilt jedoch nicht, wenn das Material vergraben wird.<\/p>\n<\/td>\n<\/tr>\n<\/tbody>\n<\/table>\n<p>\u00a0<\/p>","protected":false},"excerpt":{"rendered":"<p>Disposal of Surplus and Unsuitable Material SECTION 5 SITE AND ROAD WORK 10. Disposal of Surplus and Unsuitable Material. A. [&hellip;]<\/p>\n","protected":false},"author":222,"featured_media":0,"parent":29096,"menu_order":0,"comment_status":"closed","ping_status":"closed","template":"","meta":{"_searchwp_excluded":"","site-sidebar-layout":"default","site-content-layout":"","ast-site-content-layout":"default","site-content-style":"default","site-sidebar-style":"default","ast-global-header-display":"","ast-banner-title-visibility":"","ast-main-header-display":"","ast-hfb-above-header-display":"","ast-hfb-below-header-display":"","ast-hfb-mobile-header-display":"","site-post-title":"","ast-breadcrumbs-content":"","ast-featured-img":"","footer-sml-layout":"","theme-transparent-header-meta":"","adv-header-id-meta":"","stick-header-meta":"","header-above-stick-meta":"","header-main-stick-meta":"","header-below-stick-meta":"","astra-migrate-meta-layouts":"default","ast-page-background-enabled":"default","ast-page-background-meta":{"desktop":{"background-color":"var(--ast-global-color-5)","background-image":"","background-repeat":"repeat","background-position":"center center","background-size":"auto","background-attachment":"scroll","background-type":"","background-media":"","overlay-type":"","overlay-color":"","overlay-opacity":"","overlay-gradient":""},"tablet":{"background-color":"","background-image":"","background-repeat":"repeat","background-position":"center center","background-size":"auto","background-attachment":"scroll","background-type":"","background-media":"","overlay-type":"","overlay-color":"","overlay-opacity":"","overlay-gradient":""},"mobile":{"background-color":"","background-image":"","background-repeat":"repeat","background-position":"center center","background-size":"auto","background-attachment":"scroll","background-type":"","background-media":"","overlay-type":"","overlay-color":"","overlay-opacity":"","overlay-gradient":""}},"ast-content-background-meta":{"desktop":{"background-color":"var(--ast-global-color-4)","background-image":"","background-repeat":"repeat","background-position":"center center","background-size":"auto","background-attachment":"scroll","background-type":"","background-media":"","overlay-type":"","overlay-color":"","overlay-opacity":"","overlay-gradient":""},"tablet":{"background-color":"var(--ast-global-color-4)","background-image":"","background-repeat":"repeat","background-position":"center center","background-size":"auto","background-attachment":"scroll","background-type":"","background-media":"","overlay-type":"","overlay-color":"","overlay-opacity":"","overlay-gradient":""},"mobile":{"background-color":"var(--ast-global-color-4)","background-image":"","background-repeat":"repeat","background-position":"center center","background-size":"auto","background-attachment":"scroll","background-type":"","background-media":"","overlay-type":"","overlay-color":"","overlay-opacity":"","overlay-gradient":""}},"footnotes":""},"categories":[],"tags":[],"class_list":["post-29097","page","type-page","status-publish","hentry"],"yoast_head":"<!-- This site is optimized with the Yoast SEO Premium plugin v26.6 (Yoast SEO v26.6) - https:\/\/yoast.com\/wordpress\/plugins\/seo\/ -->\n<title>Section 5  10. Disposal Of Surplus And Unsuitable Material - City of Miami Beach<\/title>\n<meta name=\"description\" content=\"%\" \/>\n<meta name=\"robots\" content=\"index, follow, max-snippet:-1, max-image-preview:large, max-video-preview:-1\" \/>\n<link rel=\"canonical\" href=\"https:\/\/www.miamibeachfl.gov\/de\/city-hall\/public-works\/engineering-division\/section-5-1-general\/section-5-10-disposal-of-surplus-and-unsuitable-material\/\" \/>\n<meta property=\"og:locale\" content=\"de_DE\" \/>\n<meta property=\"og:type\" content=\"article\" \/>\n<meta property=\"og:title\" content=\"Section 5  10. Disposal Of Surplus And Unsuitable Material\" \/>\n<meta property=\"og:description\" content=\"%\" \/>\n<meta property=\"og:url\" content=\"https:\/\/www.miamibeachfl.gov\/de\/city-hall\/public-works\/engineering-division\/section-5-1-general\/section-5-10-disposal-of-surplus-and-unsuitable-material\/\" \/>\n<meta property=\"og:site_name\" content=\"City of Miami Beach\" \/>\n<meta property=\"article:publisher\" content=\"https:\/\/www.facebook.com\/cityofmiamibeach\" \/>\n<meta property=\"article:modified_time\" content=\"2018-01-26T19:09:16+00:00\" \/>\n<meta property=\"og:image\" content=\"https:\/\/www.miamibeachfl.gov\/wp-content\/uploads\/2024\/01\/1000pxSquare-miamibeach-aerial-southpointview.jpeg\" \/>\n\t<meta property=\"og:image:width\" content=\"1000\" \/>\n\t<meta property=\"og:image:height\" content=\"1000\" \/>\n\t<meta property=\"og:image:type\" content=\"image\/jpeg\" \/>\n<meta name=\"twitter:card\" content=\"summary_large_image\" \/>\n<meta name=\"twitter:site\" content=\"@Miamibeachnews\" \/>\n<script type=\"application\/ld+json\" class=\"yoast-schema-graph\">{\"@context\":\"https:\/\/schema.org\",\"@graph\":[{\"@type\":\"WebPage\",\"@id\":\"https:\/\/www.miamibeachfl.gov\/city-hall\/public-works\/engineering-division\/section-5-1-general\/section-5-10-disposal-of-surplus-and-unsuitable-material\/\",\"url\":\"https:\/\/www.miamibeachfl.gov\/city-hall\/public-works\/engineering-division\/section-5-1-general\/section-5-10-disposal-of-surplus-and-unsuitable-material\/\",\"name\":\"Section 5 10. Disposal Of Surplus And Unsuitable Material - City of Miami Beach\",\"isPartOf\":{\"@id\":\"https:\/\/www.miamibeachfl.gov\/#website\"},\"datePublished\":\"2017-08-11T00:11:51+00:00\",\"dateModified\":\"2018-01-26T19:09:16+00:00\",\"description\":\"%\",\"breadcrumb\":{\"@id\":\"https:\/\/www.miamibeachfl.gov\/city-hall\/public-works\/engineering-division\/section-5-1-general\/section-5-10-disposal-of-surplus-and-unsuitable-material\/#breadcrumb\"},\"inLanguage\":\"de\",\"potentialAction\":[{\"@type\":\"ReadAction\",\"target\":[\"https:\/\/www.miamibeachfl.gov\/city-hall\/public-works\/engineering-division\/section-5-1-general\/section-5-10-disposal-of-surplus-and-unsuitable-material\/\"]}]},{\"@type\":\"BreadcrumbList\",\"@id\":\"https:\/\/www.miamibeachfl.gov\/city-hall\/public-works\/engineering-division\/section-5-1-general\/section-5-10-disposal-of-surplus-and-unsuitable-material\/#breadcrumb\",\"itemListElement\":[{\"@type\":\"ListItem\",\"position\":1,\"name\":\"Home\",\"item\":\"https:\/\/www.miamibeachfl.gov\/\"},{\"@type\":\"ListItem\",\"position\":2,\"name\":\"City Hall\",\"item\":\"https:\/\/www.miamibeachfl.gov\/city-hall\/\"},{\"@type\":\"ListItem\",\"position\":3,\"name\":\"Public Works\",\"item\":\"https:\/\/www.miamibeachfl.gov\/city-hall\/public-works\/\"},{\"@type\":\"ListItem\",\"position\":4,\"name\":\"Engineering Division\",\"item\":\"https:\/\/www.miamibeachfl.gov\/city-hall\/public-works\/engineering-division\/\"},{\"@type\":\"ListItem\",\"position\":5,\"name\":\"Section 5 1. General\",\"item\":\"https:\/\/www.miamibeachfl.gov\/city-hall\/public-works\/engineering-division\/section-5-1-general\/\"},{\"@type\":\"ListItem\",\"position\":6,\"name\":\"Section 5 10. Disposal Of Surplus And Unsuitable Material\"}]},{\"@type\":\"WebSite\",\"@id\":\"https:\/\/www.miamibeachfl.gov\/#website\",\"url\":\"https:\/\/www.miamibeachfl.gov\/\",\"name\":\"City of Miami Beach\",\"description\":\"The official website of the City of Miami Beach. Stay informed, find important information on city services, news, alerts, events, trolley routes, government employment and more.\",\"publisher\":{\"@id\":\"https:\/\/www.miamibeachfl.gov\/#organization\"},\"potentialAction\":[{\"@type\":\"SearchAction\",\"target\":{\"@type\":\"EntryPoint\",\"urlTemplate\":\"https:\/\/www.miamibeachfl.gov\/?s={search_term_string}\"},\"query-input\":{\"@type\":\"PropertyValueSpecification\",\"valueRequired\":true,\"valueName\":\"search_term_string\"}}],\"inLanguage\":\"de\"},{\"@type\":\"Organization\",\"@id\":\"https:\/\/www.miamibeachfl.gov\/#organization\",\"name\":\"City of Miami Beach\",\"url\":\"https:\/\/www.miamibeachfl.gov\/\",\"logo\":{\"@type\":\"ImageObject\",\"inLanguage\":\"de\",\"@id\":\"https:\/\/www.miamibeachfl.gov\/#\/schema\/logo\/image\/\",\"url\":\"https:\/\/www.miamibeachfl.gov\/wp-content\/uploads\/2022\/06\/miamibeach-logoblue.png\",\"contentUrl\":\"https:\/\/www.miamibeachfl.gov\/wp-content\/uploads\/2022\/06\/miamibeach-logoblue.png\",\"width\":1962,\"height\":381,\"caption\":\"City of Miami Beach\"},\"image\":{\"@id\":\"https:\/\/www.miamibeachfl.gov\/#\/schema\/logo\/image\/\"},\"sameAs\":[\"https:\/\/www.facebook.com\/cityofmiamibeach\",\"https:\/\/x.com\/Miamibeachnews\",\"https:\/\/www.instagram.com\/miamibeachnews\/\"],\"description\":\"The official website of the City of Miami Beach. Stay informed, find important information on city services, news, alerts, events, trolley routes, government employment and more.\",\"telephone\":\"305.604.CITY(2489)\",\"legalName\":\"City of Miami Beach\"}]}<\/script>\n<!-- \/ Yoast SEO Premium plugin. -->","yoast_head_json":{"title":"Abschnitt 5 10. Entsorgung von \u00fcbersch\u00fcssigem und ungeeignetem Material \u2013 Stadt Miami Beach","description":"%","robots":{"index":"index","follow":"follow","max-snippet":"max-snippet:-1","max-image-preview":"max-image-preview:large","max-video-preview":"max-video-preview:-1"},"canonical":"https:\/\/www.miamibeachfl.gov\/de\/city-hall\/public-works\/engineering-division\/section-5-1-general\/section-5-10-disposal-of-surplus-and-unsuitable-material\/","og_locale":"de_DE","og_type":"article","og_title":"Section 5  10. Disposal Of Surplus And Unsuitable Material","og_description":"%","og_url":"https:\/\/www.miamibeachfl.gov\/de\/city-hall\/public-works\/engineering-division\/section-5-1-general\/section-5-10-disposal-of-surplus-and-unsuitable-material\/","og_site_name":"City of Miami Beach","article_publisher":"https:\/\/www.facebook.com\/cityofmiamibeach","article_modified_time":"2018-01-26T19:09:16+00:00","og_image":[{"width":1000,"height":1000,"url":"https:\/\/www.miamibeachfl.gov\/wp-content\/uploads\/2024\/01\/1000pxSquare-miamibeach-aerial-southpointview.jpeg","type":"image\/jpeg"}],"twitter_card":"summary_large_image","twitter_site":"@Miamibeachnews","schema":{"@context":"https:\/\/schema.org","@graph":[{"@type":"WebPage","@id":"https:\/\/www.miamibeachfl.gov\/city-hall\/public-works\/engineering-division\/section-5-1-general\/section-5-10-disposal-of-surplus-and-unsuitable-material\/","url":"https:\/\/www.miamibeachfl.gov\/city-hall\/public-works\/engineering-division\/section-5-1-general\/section-5-10-disposal-of-surplus-and-unsuitable-material\/","name":"Abschnitt 5 10. Entsorgung von \u00fcbersch\u00fcssigem und ungeeignetem Material \u2013 Stadt Miami Beach","isPartOf":{"@id":"https:\/\/www.miamibeachfl.gov\/#website"},"datePublished":"2017-08-11T00:11:51+00:00","dateModified":"2018-01-26T19:09:16+00:00","description":"%","breadcrumb":{"@id":"https:\/\/www.miamibeachfl.gov\/city-hall\/public-works\/engineering-division\/section-5-1-general\/section-5-10-disposal-of-surplus-and-unsuitable-material\/#breadcrumb"},"inLanguage":"de","potentialAction":[{"@type":"ReadAction","target":["https:\/\/www.miamibeachfl.gov\/city-hall\/public-works\/engineering-division\/section-5-1-general\/section-5-10-disposal-of-surplus-and-unsuitable-material\/"]}]},{"@type":"BreadcrumbList","@id":"https:\/\/www.miamibeachfl.gov\/city-hall\/public-works\/engineering-division\/section-5-1-general\/section-5-10-disposal-of-surplus-and-unsuitable-material\/#breadcrumb","itemListElement":[{"@type":"ListItem","position":1,"name":"Home","item":"https:\/\/www.miamibeachfl.gov\/"},{"@type":"ListItem","position":2,"name":"City Hall","item":"https:\/\/www.miamibeachfl.gov\/city-hall\/"},{"@type":"ListItem","position":3,"name":"Public Works","item":"https:\/\/www.miamibeachfl.gov\/city-hall\/public-works\/"},{"@type":"ListItem","position":4,"name":"Engineering Division","item":"https:\/\/www.miamibeachfl.gov\/city-hall\/public-works\/engineering-division\/"},{"@type":"ListItem","position":5,"name":"Section 5 1. General","item":"https:\/\/www.miamibeachfl.gov\/city-hall\/public-works\/engineering-division\/section-5-1-general\/"},{"@type":"ListItem","position":6,"name":"Section 5 10. Disposal Of Surplus And Unsuitable Material"}]},{"@type":"WebSite","@id":"https:\/\/www.miamibeachfl.gov\/#website","url":"https:\/\/www.miamibeachfl.gov\/","name":"Stadt Miami Beach","description":"Die offizielle Website der Stadt Miami Beach. Bleiben Sie informiert und finden Sie wichtige Informationen zu st\u00e4dtischen Dienstleistungen, Neuigkeiten, Warnungen, Veranstaltungen, Stra\u00dfenbahnlinien, Stellenangeboten im \u00f6ffentlichen Dienst und mehr.","publisher":{"@id":"https:\/\/www.miamibeachfl.gov\/#organization"},"potentialAction":[{"@type":"SearchAction","target":{"@type":"EntryPoint","urlTemplate":"https:\/\/www.miamibeachfl.gov\/?s={search_term_string}"},"query-input":{"@type":"PropertyValueSpecification","valueRequired":true,"valueName":"search_term_string"}}],"inLanguage":"de"},{"@type":"Organization","@id":"https:\/\/www.miamibeachfl.gov\/#organization","name":"Stadt Miami Beach","url":"https:\/\/www.miamibeachfl.gov\/","logo":{"@type":"ImageObject","inLanguage":"de","@id":"https:\/\/www.miamibeachfl.gov\/#\/schema\/logo\/image\/","url":"https:\/\/www.miamibeachfl.gov\/wp-content\/uploads\/2022\/06\/miamibeach-logoblue.png","contentUrl":"https:\/\/www.miamibeachfl.gov\/wp-content\/uploads\/2022\/06\/miamibeach-logoblue.png","width":1962,"height":381,"caption":"City of Miami Beach"},"image":{"@id":"https:\/\/www.miamibeachfl.gov\/#\/schema\/logo\/image\/"},"sameAs":["https:\/\/www.facebook.com\/cityofmiamibeach","https:\/\/x.com\/Miamibeachnews","https:\/\/www.instagram.com\/miamibeachnews\/"],"description":"Die offizielle Website der Stadt Miami Beach. Bleiben Sie informiert und finden Sie wichtige Informationen zu st\u00e4dtischen Dienstleistungen, Neuigkeiten, Warnungen, Veranstaltungen, Stra\u00dfenbahnlinien, Stellenangeboten im \u00f6ffentlichen Dienst und mehr.","telephone":"305.604.CITY(2489)","legalName":"City of Miami Beach"}]}},"_links":{"self":[{"href":"https:\/\/www.miamibeachfl.gov\/de\/wp-json\/wp\/v2\/pages\/29097","targetHints":{"allow":["GET"]}}],"collection":[{"href":"https:\/\/www.miamibeachfl.gov\/de\/wp-json\/wp\/v2\/pages"}],"about":[{"href":"https:\/\/www.miamibeachfl.gov\/de\/wp-json\/wp\/v2\/types\/page"}],"author":[{"embeddable":true,"href":"https:\/\/www.miamibeachfl.gov\/de\/wp-json\/wp\/v2\/users\/222"}],"replies":[{"embeddable":true,"href":"https:\/\/www.miamibeachfl.gov\/de\/wp-json\/wp\/v2\/comments?post=29097"}],"version-history":[{"count":0,"href":"https:\/\/www.miamibeachfl.gov\/de\/wp-json\/wp\/v2\/pages\/29097\/revisions"}],"up":[{"embeddable":true,"href":"https:\/\/www.miamibeachfl.gov\/de\/wp-json\/wp\/v2\/pages\/29096"}],"wp:attachment":[{"href":"https:\/\/www.miamibeachfl.gov\/de\/wp-json\/wp\/v2\/media?parent=29097"}],"wp:term":[{"taxonomy":"category","embeddable":true,"href":"https:\/\/www.miamibeachfl.gov\/de\/wp-json\/wp\/v2\/categories?post=29097"},{"taxonomy":"post_tag","embeddable":true,"href":"https:\/\/www.miamibeachfl.gov\/de\/wp-json\/wp\/v2\/tags?post=29097"}],"curies":[{"name":"wp","href":"https:\/\/api.w.org\/{rel}","templated":true}]}}