{"id":29109,"date":"2017-08-11T00:11:58","date_gmt":"2017-08-11T00:11:58","guid":{"rendered":"http:\/\/www.miamibeachfl.gov\/city-hall\/public-works\/table-of-contents-details\/section-6-a-materials\/"},"modified":"2018-01-26T15:35:36","modified_gmt":"2018-01-26T20:35:36","slug":"section-6-a-materials","status":"publish","type":"page","link":"https:\/\/www.miamibeachfl.gov\/de\/city-hall\/public-works\/engineering-division\/section-6-a-materials\/","title":{"rendered":"Abschnitt 6 A. Materialien"},"content":{"rendered":"<\/p>\n<table>\n<caption>MATERIALIEN<\/caption>\n<tbody>\n<tr>\n<td>\n<p><strong>ABSCHNITT 6 WASSERVERTEILUNG<\/p>\n<p>A. MATERIALIEN:<br \/>\n<\/strong><br \/>\n<strong>1.01 Hauptspeisen:<\/strong><\/p>\n<p>A. Das Bauamt der Stadt Miami Beach gestattet die Verwendung von Rohren, Armaturen oder Ventilen mit 10, 14 oder 18 Zoll Durchmesser nicht, es sei denn, dies ist f\u00fcr den Anschluss an bestehende Hauptleitungen genehmigt. Der Mindestdurchmesser der Verteilungsleitung betr\u00e4gt 8 Zoll.<\/p>\n<p>B. Duktiles Gusseisenrohr (DIP) mit l\u00e4ngskraftschl\u00fcssiger Verbindung der Klasse 52, hergestellt von US Pipe oder American Pipe (oder einem gleichwertigen zugelassenen Hersteller) gem\u00e4\u00df ANSI-Norm A21.51 mit einem Betriebsdruck von mindestens 250 psi (115 psi). Die Innenauskleidung des Rohrs besteht aus Zementm\u00f6rtel gem\u00e4\u00df ANSI-Norm A21.4 und AWWA C 104. Die Au\u00dfenbeschichtung besteht aus einer Asphaltbeschichtung mit einer Dicke von ca. 2,5 mm (1 mil) gem\u00e4\u00df AWWA C151. Alle Rohre und Formst\u00fccke sind gem\u00e4\u00df ANSI-Norm A21.5 mit einer Folienummantelung zu versehen und m\u00fcssen eine Mindestdicke von 20 mm (8 mil) aufweisen.<\/p>\n<p>C. DIP-Gummidichtungen und Schmiermittel m\u00fcssen den geltenden Anforderungen des ANSI-Standards A21.11 entsprechen.<\/p>\n<p>D. PVC-Rohre m\u00fcssen ASTM 1120-Druckrohre mit Eisenau\u00dfendurchmesser, Klasse 150 (DR 18), gem\u00e4\u00df ANSI\/AWWA C-900 oder C-905, neueste Revision, sein. Die Rohre m\u00fcssen mit blauem Pigment impr\u00e4gniert sein und \u00fcber Steckverbindungen mit Gummidichtung verf\u00fcgen. Die Installation von PVC-Rohren erfolgt gem\u00e4\u00df dem Leitfaden der Uni-Bell Plastic Pipe Association zur Installation von PVC-Druckrohren f\u00fcr kommunale Wasserverteilungssysteme.<\/p>\n<p>1.02 Armaturen und Zubeh\u00f6r f\u00fcr Hauptleitungen<\/p>\n<p>A. Gusseisen-duktile Armaturen und Zubeh\u00f6r m\u00fcssen f\u00fcr einen Druck von 250 PSI ausgelegt sein.<\/p>\n<p>B. Armaturen und Zubeh\u00f6rteile m\u00fcssen gem\u00e4\u00df ANSI-Norm A21.4 mit Zementm\u00f6rtel ausgekleidet sein. Die Au\u00dfenseiten der Armaturen und Zubeh\u00f6rteile m\u00fcssen gem\u00e4\u00df AWWA C151 (aktuelle Fassung) mit einer etwa 2,5 mm dicken Asphaltbeschichtung versehen sein.<\/p>\n<p>C. Die Mindestwandst\u00e4rke von Rohren muss bei einem Durchmesser von 6 Zoll und mehr der Klasse 52 entsprechen.<\/p>\n<p>\u00a0<\/p>\n<p>1.03 Ventile<\/p>\n<p>A. Absperrklappen m\u00fcssen bei Wasserleitungen mit einem Durchmesser von mehr als 12 Zoll verwendet werden:<\/p>\n<p>1. Muss der AWWA-Klasse 150B entsprechen.<\/p>\n<p>2. Muss f\u00fcr den Einbau in horizontale Rohrleitungen mit vertikaler Bet\u00e4tigungswelle ausgelegt sein. Absperrklappen m\u00fcssen der neuesten Revision von ANSI\/AWWA C504 entsprechen.<\/p>\n<p>3. Muss \u00fcber eine Drehmomentbegrenzungsvorrichtung verf\u00fcgen.<\/p>\n<p>B. Absperrschieber m\u00fcssen bei Hauptleitungen mit einem Durchmesser von 3 bis 12 Zoll verwendet werden.<\/p>\n<p>1. Muss f\u00fcr einen Betriebsdruck von mindestens 200 Pfund pro Quadratzoll mit vollst\u00e4ndig elastischem Sitz ausgelegt sein und der neuesten Revision von ANSI\/AWWA C 504 entsprechen.<\/p>\n<p>2. Auf der Oberseite der Bet\u00e4tigungsmutter muss sich eine Scheibe befinden, auf der die Anzahl der Umdrehungen und die \u00d6ffnungsrichtung angegeben sind.<\/p>\n<p>C. Ventile an Leitungen mit 3 Zoll und kleiner:<\/p>\n<p>1. Aus Bronze mit Doppelscheibe, nicht steigender Welle und links (gegen den Uhrzeigersinn) ge\u00f6ffnetem Antriebsrad. Antriebsr\u00e4der aus Zinn oder Topfmetall sind nicht zul\u00e4ssig und m\u00fcssen vollst\u00e4ndig aus Bronze bestehen.<\/p>\n<p>2. Muss der Fed.-Spezifikation WW-V-54, Typ I, Klasse B entsprechen<\/p>\n<p>1.04 Ventilk\u00e4sten<\/p>\n<p>A. Gusseisenk\u00e4sten m\u00fcssen ausziehbar sein und \u00fcber eine Schiebeverstellung und einen ausgestellten Boden verf\u00fcgen. Die Mindestst\u00e4rke des Metalls betr\u00e4gt 3\/16 Zoll. Der Deckel muss mit dem Wort \u201eW\u201c gekennzeichnet sein. Die L\u00e4nge der K\u00e4sten muss der erforderlichen \u00dcberdeckungstiefe \u00fcber dem Rohr am Ventilstandort entsprechen, ohne dass sie vollst\u00e4ndig ausgezogen werden m\u00fcssen. F\u00fcr Leitungen ab 6 Zoll ist die K\u00e4stennummer 3 zu verwenden.<\/p>\n<p>1.05 Hydranten<\/p>\n<p>A. Alle Hydranten m\u00fcssen vom Hersteller American Darling Modell B-84B-5 mit Gewinde sein. Die D\u00fcsengr\u00f6\u00dfen m\u00fcssen den Anforderungen der Feuerwehr von Miami Beach entsprechen:<\/p>\n<p>\u00a0<\/p>\n<p>1. Gewinde und D\u00fcsengr\u00f6\u00dfe f\u00fcr Schlauch: Zwei 2-\u00bd&quot; HN<\/p>\n<p>2. Gewinde der Pumpd\u00fcse: Ein 4\u2033 PN<\/p>\n<p>3. Gr\u00f6\u00dfe, Form, Position und Drehung der Bet\u00e4tigungsmutter: B41 OP NUT OL-Upper<\/p>\n<p>\u00a0\u00a0<\/p>\n<p>B. Wiederverwendete Hydranten d\u00fcrfen nicht \u00e4lter als 10 Jahre sein. Neue Hydranten m\u00fcssen vom Hersteller des aktuellen Jahres sein.<\/p>\n<p>\u00a0<\/p>\n<p>C. Der Auftragnehmer sollte pr\u00fcfen und sicherstellen, dass die Gewindeausr\u00fcstung und Kupplungen mit der Ausr\u00fcstung der Stadt kompatibel sind, insbesondere \u201eSchlauchgewinde\u201c.<\/p>\n<p>1.06 Wasserversorgungs- und Feuerl\u00f6schleitungen<\/p>\n<p>A. Alle Versorgungsleitungen mit einem Durchmesser von 2 Zoll (2\u2033) m\u00fcssen aus Polyethylenrohren bestehen und den neuesten Revisionen von AWWA C-901, ASTM D2239 und AASHTO 294 entsprechen. Polyethylen-Zuleitungen, die einen B\u00fcrgersteig kreuzen und an eine Hauptwasserleitung im Senkenbereich angeschlossen werden, m\u00fcssen in einem schwarzen Eisenh\u00fclsenrohr mit einem Durchmesser von 4 Zoll (4\u2033) unter dem B\u00fcrgersteig und dem Gehweg verlegt werden.<\/p>\n<p>\u00a0\u00a0\u00a0 B. Kupfer- oder Messingrohre sind nur unter besonderen Bedingungen zul\u00e4ssig. Verwenden Sie Gewinderohre oder Klemmverschraubungen. L\u00f6tverbindungen sind nicht zul\u00e4ssig.<\/p>\n<p>\u00a0\u00a0\u00a0 C. Duktile Gussrohre mit einem Durchmesser von weniger als 6 Zoll m\u00fcssen der Klasse 53 entsprechen.<\/p>\n<p>\u00a0\u00a0\u00a0 D. Anbohrschellen m\u00fcssen \u00fcber zwei (2) Edelstahlb\u00e4nder und einen Corporation Stop verf\u00fcgen.<\/p>\n<p>\u00a0 E. Die Z\u00e4hler werden von der Stadt geliefert, installiert, ausgetauscht und\/oder gewartet.<\/p>\n<p>\u00a0\u00a0\u00a0 F. Z\u00e4hlerk\u00e4sten sind vom Auftragnehmer gem\u00e4\u00df den Spezifikationen der Stadt zu liefern.<\/p>\n<p>\u00a0\u00a0<\/p>\n<p>1.07 Doppeldetektor-Kontrollbaugruppe (DDCA)\u00a0<\/p>\n<p>\u00a0\u00a0\u00a0\u00a0 A. Installieren Sie die Doppeldetektor-Pr\u00fcfbaugruppe (DDCA) gem\u00e4\u00df AWWA M14, neueste Revision.<\/p>\n<p>\u00a0<\/p>\n<p>\u00a0\u00a0\u00a0\u00a0 B. Geb\u00e4ude, die direkt an die \u00f6ffentliche Wasserleitung angeschlossen sind und \u00fcber eine zus\u00e4tzliche Wasserversorgung verf\u00fcgen, die ausschlie\u00dflich der Feuerwehr vorbehalten ist und auf dem Gel\u00e4nde zur Verf\u00fcgung steht, m\u00fcssen durch eine R\u00fcckflussverhindereranordnung (RPBA) mit RPZ vor dem \u00f6ffentlichen Wasserversorgungssystem gesch\u00fctzt werden.<\/p>\n<p>\u00a0\u00a0\u00a0\u00a0\u00a0\u00a0\u00a0\u00a0\u00a0\u00a0\u00a0\u00a0\u00a0\u00a0\u00a0\u00a0\u00a0\u00a0\u00a0\u00a0\u00a0\u00a0\u00a0\u00a0\u00a0\u00a0\u00a0\u00a0\u00a0\u00a0\u00a0 .<\/p>\n<p>\u00a0\u00a0\u00a0\u00a0 C. Die Doppelr\u00fcckschlagventilbaugruppe (DCVA) und die R\u00fcckflussverhinderungsbaugruppe mit reduziertem Druckprinzip (RPBA) m\u00fcssen oberhalb der \u00dcberflutungsebene installiert werden.<\/p>\n<p>D. Alle Rohrleitungen \u00fcber der Erdoberfl\u00e4che m\u00fcssen aus Kupfer oder DIP bestehen. PVC- oder verzinkte Rohre sind nicht zul\u00e4ssig.<\/p>\n<p>E. R\u00fcckflussverhinderer m\u00fcssen mit einer geeigneten vertikalen Halterung und Sicherung ausgestattet sein.\n<\/p>\n<\/td>\n<\/tr>\n<\/tbody>\n<\/table>","protected":false},"excerpt":{"rendered":"<p>MATERIALS SECTION 6 WATER DISTRIBUTION A. MATERIALS: 1.01\u00a0Mains: A.\u00a0The City of Miami Beach Public Works Department does not permit the [&hellip;]<\/p>\n","protected":false},"author":222,"featured_media":0,"parent":28940,"menu_order":183,"comment_status":"closed","ping_status":"closed","template":"","meta":{"_searchwp_excluded":"","site-sidebar-layout":"default","site-content-layout":"","ast-site-content-layout":"default","site-content-style":"default","site-sidebar-style":"default","ast-global-header-display":"","ast-banner-title-visibility":"","ast-main-header-display":"","ast-hfb-above-header-display":"","ast-hfb-below-header-display":"","ast-hfb-mobile-header-display":"","site-post-title":"","ast-breadcrumbs-content":"","ast-featured-img":"","footer-sml-layout":"","theme-transparent-header-meta":"","adv-header-id-meta":"","stick-header-meta":"","header-above-stick-meta":"","header-main-stick-meta":"","header-below-stick-meta":"","astra-migrate-meta-layouts":"default","ast-page-background-enabled":"default","ast-page-background-meta":{"desktop":{"background-color":"var(--ast-global-color-5)","background-image":"","background-repeat":"repeat","background-position":"center center","background-size":"auto","background-attachment":"scroll","background-type":"","background-media":"","overlay-type":"","overlay-color":"","overlay-opacity":"","overlay-gradient":""},"tablet":{"background-color":"","background-image":"","background-repeat":"repeat","background-position":"center center","background-size":"auto","background-attachment":"scroll","background-type":"","background-media":"","overlay-type":"","overlay-color":"","overlay-opacity":"","overlay-gradient":""},"mobile":{"background-color":"","background-image":"","background-repeat":"repeat","background-position":"center center","background-size":"auto","background-attachment":"scroll","background-type":"","background-media":"","overlay-type":"","overlay-color":"","overlay-opacity":"","overlay-gradient":""}},"ast-content-background-meta":{"desktop":{"background-color":"var(--ast-global-color-4)","background-image":"","background-repeat":"repeat","background-position":"center center","background-size":"auto","background-attachment":"scroll","background-type":"","background-media":"","overlay-type":"","overlay-color":"","overlay-opacity":"","overlay-gradient":""},"tablet":{"background-color":"var(--ast-global-color-4)","background-image":"","background-repeat":"repeat","background-position":"center center","background-size":"auto","background-attachment":"scroll","background-type":"","background-media":"","overlay-type":"","overlay-color":"","overlay-opacity":"","overlay-gradient":""},"mobile":{"background-color":"var(--ast-global-color-4)","background-image":"","background-repeat":"repeat","background-position":"center center","background-size":"auto","background-attachment":"scroll","background-type":"","background-media":"","overlay-type":"","overlay-color":"","overlay-opacity":"","overlay-gradient":""}},"footnotes":""},"categories":[],"tags":[],"class_list":["post-29109","page","type-page","status-publish","hentry"],"yoast_head":"<!-- This site is optimized with the Yoast SEO Premium plugin v27.4 (Yoast SEO v27.4) - https:\/\/yoast.com\/product\/yoast-seo-premium-wordpress\/ -->\n<title>Section 6  A. Materials - City of Miami Beach<\/title>\n<meta name=\"description\" content=\"%\" \/>\n<meta name=\"robots\" content=\"index, follow, max-snippet:-1, max-image-preview:large, max-video-preview:-1\" \/>\n<link rel=\"canonical\" href=\"https:\/\/www.miamibeachfl.gov\/de\/city-hall\/public-works\/engineering-division\/section-6-a-materials\/\" \/>\n<meta property=\"og:locale\" content=\"de_DE\" \/>\n<meta property=\"og:type\" content=\"article\" \/>\n<meta property=\"og:title\" content=\"Section 6  A. Materials\" \/>\n<meta property=\"og:description\" content=\"%\" \/>\n<meta property=\"og:url\" content=\"https:\/\/www.miamibeachfl.gov\/de\/city-hall\/public-works\/engineering-division\/section-6-a-materials\/\" \/>\n<meta property=\"og:site_name\" content=\"City of Miami Beach\" \/>\n<meta property=\"article:publisher\" content=\"https:\/\/www.facebook.com\/cityofmiamibeach\" \/>\n<meta property=\"article:modified_time\" content=\"2018-01-26T20:35:36+00:00\" \/>\n<meta property=\"og:image\" content=\"https:\/\/www.miamibeachfl.gov\/wp-content\/uploads\/2024\/01\/1000pxSquare-miamibeach-aerial-southpointview.jpeg\" \/>\n\t<meta property=\"og:image:width\" content=\"1000\" \/>\n\t<meta property=\"og:image:height\" content=\"1000\" \/>\n\t<meta property=\"og:image:type\" content=\"image\/jpeg\" \/>\n<meta name=\"twitter:card\" content=\"summary_large_image\" \/>\n<meta name=\"twitter:site\" content=\"@Miamibeachnews\" \/>\n<script type=\"application\/ld+json\" class=\"yoast-schema-graph\">{\"@context\":\"https:\\\/\\\/schema.org\",\"@graph\":[{\"@type\":\"WebPage\",\"@id\":\"https:\\\/\\\/www.miamibeachfl.gov\\\/city-hall\\\/public-works\\\/engineering-division\\\/section-6-a-materials\\\/\",\"url\":\"https:\\\/\\\/www.miamibeachfl.gov\\\/city-hall\\\/public-works\\\/engineering-division\\\/section-6-a-materials\\\/\",\"name\":\"Section 6 A. Materials - City of Miami Beach\",\"isPartOf\":{\"@id\":\"https:\\\/\\\/www.miamibeachfl.gov\\\/#website\"},\"datePublished\":\"2017-08-11T00:11:58+00:00\",\"dateModified\":\"2018-01-26T20:35:36+00:00\",\"description\":\"%\",\"breadcrumb\":{\"@id\":\"https:\\\/\\\/www.miamibeachfl.gov\\\/city-hall\\\/public-works\\\/engineering-division\\\/section-6-a-materials\\\/#breadcrumb\"},\"inLanguage\":\"de\",\"potentialAction\":[{\"@type\":\"ReadAction\",\"target\":[\"https:\\\/\\\/www.miamibeachfl.gov\\\/city-hall\\\/public-works\\\/engineering-division\\\/section-6-a-materials\\\/\"]}]},{\"@type\":\"BreadcrumbList\",\"@id\":\"https:\\\/\\\/www.miamibeachfl.gov\\\/city-hall\\\/public-works\\\/engineering-division\\\/section-6-a-materials\\\/#breadcrumb\",\"itemListElement\":[{\"@type\":\"ListItem\",\"position\":1,\"name\":\"Home\",\"item\":\"https:\\\/\\\/www.miamibeachfl.gov\\\/\"},{\"@type\":\"ListItem\",\"position\":2,\"name\":\"City Hall\",\"item\":\"https:\\\/\\\/www.miamibeachfl.gov\\\/city-hall\\\/\"},{\"@type\":\"ListItem\",\"position\":3,\"name\":\"Public Works\",\"item\":\"https:\\\/\\\/www.miamibeachfl.gov\\\/city-hall\\\/public-works\\\/\"},{\"@type\":\"ListItem\",\"position\":4,\"name\":\"Engineering Division\",\"item\":\"https:\\\/\\\/www.miamibeachfl.gov\\\/city-hall\\\/public-works\\\/engineering-division\\\/\"},{\"@type\":\"ListItem\",\"position\":5,\"name\":\"Section 6 A. Materials\"}]},{\"@type\":\"WebSite\",\"@id\":\"https:\\\/\\\/www.miamibeachfl.gov\\\/#website\",\"url\":\"https:\\\/\\\/www.miamibeachfl.gov\\\/\",\"name\":\"City of Miami Beach\",\"description\":\"The official website of the City of Miami Beach. Stay informed, find important information on city services, news, alerts, events, trolley routes, government employment and more.\",\"publisher\":{\"@id\":\"https:\\\/\\\/www.miamibeachfl.gov\\\/#organization\"},\"potentialAction\":[{\"@type\":\"SearchAction\",\"target\":{\"@type\":\"EntryPoint\",\"urlTemplate\":\"https:\\\/\\\/www.miamibeachfl.gov\\\/?s={search_term_string}\"},\"query-input\":{\"@type\":\"PropertyValueSpecification\",\"valueRequired\":true,\"valueName\":\"search_term_string\"}}],\"inLanguage\":\"de\"},{\"@type\":\"Organization\",\"@id\":\"https:\\\/\\\/www.miamibeachfl.gov\\\/#organization\",\"name\":\"City of Miami Beach\",\"url\":\"https:\\\/\\\/www.miamibeachfl.gov\\\/\",\"logo\":{\"@type\":\"ImageObject\",\"inLanguage\":\"de\",\"@id\":\"https:\\\/\\\/www.miamibeachfl.gov\\\/#\\\/schema\\\/logo\\\/image\\\/\",\"url\":\"https:\\\/\\\/www.miamibeachfl.gov\\\/wp-content\\\/uploads\\\/2022\\\/06\\\/miamibeach-logoblue.png\",\"contentUrl\":\"https:\\\/\\\/www.miamibeachfl.gov\\\/wp-content\\\/uploads\\\/2022\\\/06\\\/miamibeach-logoblue.png\",\"width\":1962,\"height\":381,\"caption\":\"City of Miami Beach\"},\"image\":{\"@id\":\"https:\\\/\\\/www.miamibeachfl.gov\\\/#\\\/schema\\\/logo\\\/image\\\/\"},\"sameAs\":[\"https:\\\/\\\/www.facebook.com\\\/cityofmiamibeach\",\"https:\\\/\\\/x.com\\\/Miamibeachnews\",\"https:\\\/\\\/www.instagram.com\\\/miamibeachnews\\\/\"],\"description\":\"The official website of the City of Miami Beach. Stay informed, find important information on city services, news, alerts, events, trolley routes, government employment and more.\",\"telephone\":\"305.604.CITY(2489)\",\"legalName\":\"City of Miami Beach\"}]}<\/script>\n<!-- \/ Yoast SEO Premium plugin. -->","yoast_head_json":{"title":"Section 6  A. Materials - City of Miami Beach","description":"%","robots":{"index":"index","follow":"follow","max-snippet":"max-snippet:-1","max-image-preview":"max-image-preview:large","max-video-preview":"max-video-preview:-1"},"canonical":"https:\/\/www.miamibeachfl.gov\/de\/city-hall\/public-works\/engineering-division\/section-6-a-materials\/","og_locale":"de_DE","og_type":"article","og_title":"Section 6  A. Materials","og_description":"%","og_url":"https:\/\/www.miamibeachfl.gov\/de\/city-hall\/public-works\/engineering-division\/section-6-a-materials\/","og_site_name":"City of Miami Beach","article_publisher":"https:\/\/www.facebook.com\/cityofmiamibeach","article_modified_time":"2018-01-26T20:35:36+00:00","og_image":[{"width":1000,"height":1000,"url":"https:\/\/www.miamibeachfl.gov\/wp-content\/uploads\/2024\/01\/1000pxSquare-miamibeach-aerial-southpointview.jpeg","type":"image\/jpeg"}],"twitter_card":"summary_large_image","twitter_site":"@Miamibeachnews","schema":{"@context":"https:\/\/schema.org","@graph":[{"@type":"WebPage","@id":"https:\/\/www.miamibeachfl.gov\/city-hall\/public-works\/engineering-division\/section-6-a-materials\/","url":"https:\/\/www.miamibeachfl.gov\/city-hall\/public-works\/engineering-division\/section-6-a-materials\/","name":"Section 6 A. Materials - City of Miami Beach","isPartOf":{"@id":"https:\/\/www.miamibeachfl.gov\/#website"},"datePublished":"2017-08-11T00:11:58+00:00","dateModified":"2018-01-26T20:35:36+00:00","description":"%","breadcrumb":{"@id":"https:\/\/www.miamibeachfl.gov\/city-hall\/public-works\/engineering-division\/section-6-a-materials\/#breadcrumb"},"inLanguage":"de","potentialAction":[{"@type":"ReadAction","target":["https:\/\/www.miamibeachfl.gov\/city-hall\/public-works\/engineering-division\/section-6-a-materials\/"]}]},{"@type":"BreadcrumbList","@id":"https:\/\/www.miamibeachfl.gov\/city-hall\/public-works\/engineering-division\/section-6-a-materials\/#breadcrumb","itemListElement":[{"@type":"ListItem","position":1,"name":"Home","item":"https:\/\/www.miamibeachfl.gov\/"},{"@type":"ListItem","position":2,"name":"City Hall","item":"https:\/\/www.miamibeachfl.gov\/city-hall\/"},{"@type":"ListItem","position":3,"name":"Public Works","item":"https:\/\/www.miamibeachfl.gov\/city-hall\/public-works\/"},{"@type":"ListItem","position":4,"name":"Engineering Division","item":"https:\/\/www.miamibeachfl.gov\/city-hall\/public-works\/engineering-division\/"},{"@type":"ListItem","position":5,"name":"Section 6 A. Materials"}]},{"@type":"WebSite","@id":"https:\/\/www.miamibeachfl.gov\/#website","url":"https:\/\/www.miamibeachfl.gov\/","name":"Stadt Miami Beach","description":"Die offizielle Website der Stadt Miami Beach. Bleiben Sie informiert und finden Sie wichtige Informationen zu st\u00e4dtischen Dienstleistungen, Neuigkeiten, Warnungen, Veranstaltungen, Stra\u00dfenbahnlinien, Stellenangeboten im \u00f6ffentlichen Dienst und mehr.","publisher":{"@id":"https:\/\/www.miamibeachfl.gov\/#organization"},"potentialAction":[{"@type":"SearchAction","target":{"@type":"EntryPoint","urlTemplate":"https:\/\/www.miamibeachfl.gov\/?s={search_term_string}"},"query-input":{"@type":"PropertyValueSpecification","valueRequired":true,"valueName":"search_term_string"}}],"inLanguage":"de"},{"@type":"Organization","@id":"https:\/\/www.miamibeachfl.gov\/#organization","name":"Stadt Miami Beach","url":"https:\/\/www.miamibeachfl.gov\/","logo":{"@type":"ImageObject","inLanguage":"de","@id":"https:\/\/www.miamibeachfl.gov\/#\/schema\/logo\/image\/","url":"https:\/\/www.miamibeachfl.gov\/wp-content\/uploads\/2022\/06\/miamibeach-logoblue.png","contentUrl":"https:\/\/www.miamibeachfl.gov\/wp-content\/uploads\/2022\/06\/miamibeach-logoblue.png","width":1962,"height":381,"caption":"City of Miami Beach"},"image":{"@id":"https:\/\/www.miamibeachfl.gov\/#\/schema\/logo\/image\/"},"sameAs":["https:\/\/www.facebook.com\/cityofmiamibeach","https:\/\/x.com\/Miamibeachnews","https:\/\/www.instagram.com\/miamibeachnews\/"],"description":"Die offizielle Website der Stadt Miami Beach. Bleiben Sie informiert und finden Sie wichtige Informationen zu st\u00e4dtischen Dienstleistungen, Neuigkeiten, Warnungen, Veranstaltungen, Stra\u00dfenbahnlinien, Stellenangeboten im \u00f6ffentlichen Dienst und mehr.","telephone":"305.604.CITY(2489)","legalName":"City of Miami Beach"}]}},"_links":{"self":[{"href":"https:\/\/www.miamibeachfl.gov\/de\/wp-json\/wp\/v2\/pages\/29109","targetHints":{"allow":["GET"]}}],"collection":[{"href":"https:\/\/www.miamibeachfl.gov\/de\/wp-json\/wp\/v2\/pages"}],"about":[{"href":"https:\/\/www.miamibeachfl.gov\/de\/wp-json\/wp\/v2\/types\/page"}],"author":[{"embeddable":true,"href":"https:\/\/www.miamibeachfl.gov\/de\/wp-json\/wp\/v2\/users\/222"}],"replies":[{"embeddable":true,"href":"https:\/\/www.miamibeachfl.gov\/de\/wp-json\/wp\/v2\/comments?post=29109"}],"version-history":[{"count":0,"href":"https:\/\/www.miamibeachfl.gov\/de\/wp-json\/wp\/v2\/pages\/29109\/revisions"}],"up":[{"embeddable":true,"href":"https:\/\/www.miamibeachfl.gov\/de\/wp-json\/wp\/v2\/pages\/28940"}],"wp:attachment":[{"href":"https:\/\/www.miamibeachfl.gov\/de\/wp-json\/wp\/v2\/media?parent=29109"}],"wp:term":[{"taxonomy":"category","embeddable":true,"href":"https:\/\/www.miamibeachfl.gov\/de\/wp-json\/wp\/v2\/categories?post=29109"},{"taxonomy":"post_tag","embeddable":true,"href":"https:\/\/www.miamibeachfl.gov\/de\/wp-json\/wp\/v2\/tags?post=29109"}],"curies":[{"name":"wp","href":"https:\/\/api.w.org\/{rel}","templated":true}]}}