{"id":295615,"date":"2024-04-04T14:21:36","date_gmt":"2024-04-04T18:21:36","guid":{"rendered":"https:\/\/www.miamibeachfl.gov\/city-hall\/parking-new\/parking\/"},"modified":"2026-04-16T16:53:38","modified_gmt":"2026-04-16T20:53:38","slug":"parking","status":"publish","type":"page","link":"https:\/\/www.miamibeachfl.gov\/de\/city-hall\/parking\/","title":{"rendered":"Parken"},"content":{"rendered":"<figure itemscope itemtype=\"https:\/\/schema.org\/ImageObject\">\n\t\t\t\t<img decoding=\"async\" src=\"https:\/\/www.miamibeachfl.gov\/wp-content\/uploads\/2024\/04\/P-parkingcircle.png\" alt=\"P\" height=\"1200\" width=\"1200\" title=\"P-Parkplatz\" onerror=\"this.style.display='none'\" loading=\"lazy\" \/>\n\t<\/figure>\n<h1>\n\t\t\tParkenabteilung\t<\/h1>\n\t<p>Die Abteilung verwaltet und betreibt stadtweit 66 oberirdische Parkpl\u00e4tze, 12 Parkh\u00e4user und 19 Anwohnerparkzonen. Die Stadt hat verbesserte Parktechnologien eingef\u00fchrt, wie z. B. die Bezahlung per Kennzeichen und Parkautomaten f\u00fcr mehrere Stellpl\u00e4tze. <a href=\"https:\/\/www.miamibeachfl.gov\/de\/city-hall\/parking\/parking-garages-lot-locations\/\">Parkpl\u00e4tze am Stra\u00dfenrand und auf der Oberfl\u00e4che<\/a>, Bezahlstationen f\u00fcr Fu\u00dfg\u00e4nger in Parkh\u00e4usern, ein Fahrradverleihsystem mit Citi Bike und <a href=\"https:\/\/www.miamibeachfl.gov\/de\/city-hall\/parking\/electric-vehicle-charging-stations\/\">Blink-Ladestationen (Level 2) befinden sich in einigen Parkh\u00e4usern. Die Tesla-Ladestation befindet sich im Parkhaus G9 in der Pennsylvania Ave. 1661.<\/a><\/p>\n\t<a href=\"\/de\/city-hall\/parking\/residents-only\/\" target=\"_self\"  aria-label=\"Gehen Sie zu \/city-hall\/parking\/residents-only\"><\/a>\n\t\t\t\t<img decoding=\"async\" src=\"https:\/\/www.miamibeachfl.gov\/wp-content\/uploads\/bb-plugin\/cache\/ResidentParking-GirlNextToCar-circle.jpeg\" alt=\"person next to vehicle using the parking app to park\" title=\"ResidentParking-GirlNextToCar\" itemprop=\"image\"\/>\n\t\t<h2>F\u00fcr Bewohner<\/h2>\n\t\t\t<a href=\"https:\/\/www.miamibeachfl.gov\/de\/city-hall\/parking\/residents-only\/resident-parking-discounts\/\"  target=\"_self\">\n\t\t\t\t\t\t\tProgramm zum Parken an Wohngeb\u00e4uden \n\t\t\t\t\t<\/a>\n\t\t\t<a href=\"\/de\/city-hall\/parking\/residents-only\/residential-parking-zones\/\"  target=\"_self\">\n\t\t\t\t\t\t\tParkerlaubnis f\u00fcr Anwohnerparkzonen \n\t\t\t\t\t<\/a>\n\t\t\t<a href=\"https:\/\/www.miamibeachfl.gov\/de\/city-hall\/parking\/residents-only\/nobe-rrpp\/\"  target=\"_blank\" rel=\"noopener\">\n\t\t\t\t\t\t\tPilotprogramm f\u00fcr registrierte Anwohnerparkpl\u00e4tze in North Beach \n\t\t\t\t\t<\/a>\n\t\t\t<a href=\"\/de\/city-hall\/parking\/permit-programs\/2-citywide-scootermotorcycle-parking-permit\/\"  target=\"_self\">\n\t\t\t\t\t\t\tParkausweise f\u00fcr Motorroller\/Motorr\u00e4der \n\t\t\t\t\t<\/a>\n\t\t\t<a href=\"\/de\/city-hall\/parking\/residents-only\/maurice-gibb-boat-ramp-info\/\"  target=\"_self\">\n\t\t\t\t\t\t\tMaurice Gibb Bootsrampengenehmigung \n\t\t\t\t\t<\/a>\n\t\t\t<a href=\"\/de\/city-hall\/parking\/residents-only\/parking-flood-relief-program\/\"  target=\"_self\">\n\t\t\t\t\t\t\tParkprogramm zur Hochwasserhilfe bei King Tide \n\t\t\t\t\t<\/a>\n\t<a href=\"\/de\/city-hall\/parking\/facilities-and-rates\/\" target=\"_self\"  aria-label=\"Gehen Sie zu \/city-hall\/parking\/facilities-and-rates\/\"><\/a>\n\t\t\t\t<img decoding=\"async\" src=\"https:\/\/www.miamibeachfl.gov\/wp-content\/uploads\/bb-plugin\/cache\/Parking-Garage1Sign-circle.jpg\" alt=\"Public Parking Garage sign\" title=\"Parkhaus1Schild\" itemprop=\"image\"\/>\n\t\t<h2>Ausstattung und Preise<\/h2>\n\t\t\t<a href=\"\/de\/city-hall\/parking\/electric-vehicle-charging-stations\/\"  target=\"_self\">\n\t\t\t\t\t\t\tLadestationen f\u00fcr Elektrofahrzeuge \n\t\t\t\t\t<\/a>\n\t\t\t<a href=\"\/de\/city-hall\/parking\/parking-garages-lot-locations\/\"  target=\"_self\">\n\t\t\t\t\t\t\tParkplatz- und Garagenstandorte \n\t\t\t\t\t<\/a>\n\t\t\t<a href=\"\/de\/city-hall\/parking\/parking-garages-lot-locations\/parking-garage-rates\/\"  target=\"_self\">\n\t\t\t\t\t\t\t Parkhausgeb\u00fchren \n\t\t\t\t\t<\/a>\n\t\t\t<a href=\"\/de\/city-hall\/parking\/parking-meter-rates\/\"  target=\"_self\">\n\t\t\t\t\t\t\tParkgeb\u00fchren \n\t\t\t\t\t<\/a>\n\t<a href=\"\/de\/city-hall\/parking\/permit-programs\/\" target=\"_self\"  aria-label=\"Gehen Sie zu \/city-hall\/parking\/permit-programs\/\"><\/a>\n\t\t\t\t<img decoding=\"async\" src=\"https:\/\/www.miamibeachfl.gov\/wp-content\/uploads\/bb-plugin\/cache\/Parking-Spots2-scaled-circle.jpeg\" alt=\"Parking spots\" title=\"Parkpl\u00e4tze2\" itemprop=\"image\"\/>\n\t\t<h2>Genehmigungen und Programme<\/h2>\n\t\t\t<a href=\"\/de\/city-hall\/parking\/ada-parking\/\"  target=\"_self\">\n\t\t\t\t\t\t\tADA-Parkausweise \n\t\t\t\t\t<\/a>\n\t\t\t<a href=\"\/de\/city-hall\/parking\/permit-programs\/boards-committees\/\"  target=\"_self\">\n\t\t\t\t\t\t\tParkausweis f\u00fcr Gremien und Aussch\u00fcsse \n\t\t\t\t\t<\/a>\n\t\t\t<a href=\"\/de\/city-hall\/parking\/permit-programs\/hybrid-vehicle-parking\/\"  target=\"_self\">\n\t\t\t\t\t\t\tStadtweite Parkerlaubnis f\u00fcr Fahrzeuge \n\t\t\t\t\t<\/a>\n\t\t\t<a href=\"\/de\/city-hall\/parking\/permit-programs\/construction-parking-management-plan\/\"  target=\"_self\">\n\t\t\t\t\t\t\tGenehmigung f\u00fcr den Bauparkplatz-Managementplan (CPMP) \n\t\t\t\t\t<\/a>\n\t\t\t<a href=\"\/de\/city-hall\/parking\/permit-programs\/freight-loading-parking-permit-program\/\"  target=\"_self\">\n\t\t\t\t\t\t\tParkerlaubnisprogramm f\u00fcr Frachtbeladung \n\t\t\t\t\t<\/a>\n\t\t\t<a href=\"\/de\/city-hall\/parking\/permit-programs\/garage-permits\/\"  target=\"_self\">\n\t\t\t\t\t\t\tMonatskarte f\u00fcr Garage und Parkplatz \n\t\t\t\t\t<\/a>\n\t\t\t<a href=\"\/de\/city-hall\/parking\/permit-programs\/production-company-recreational-vehicle-pcrv-parking-permit\/\"  target=\"_self\">\n\t\t\t\t\t\t\tParkausweis f\u00fcr Freizeitfahrzeuge von Produktionsfirmen (PCRV) \n\t\t\t\t\t<\/a>\n\t\t\t<a href=\"\/de\/city-hall\/parking\/permit-programs\/space-rentals\/\"  target=\"_self\">\n\t\t\t\t\t\t\tRaummieten \n\t\t\t\t\t<\/a>\n<h2>\n\t\t\tKontaktinformationen\t<\/h2>\n\t<p><strong>Der Verkauf der Genehmigungen erfolgt durch die Kundendienstabteilung der Finanzabteilung im 1.<sup>st<\/sup> Stockwerk von 1755 Meridian Avenue.<\/strong><\/p>\n<h2>\n\t\t\tParkplatz Kundenservice Finanzen:\t<\/h2>\n<h2>\n\t\t<a href=\"tel:3056737505\" title=\"Rufen Sie an: 305.673.7505\"  target=\"_blank\"  rel=\"noopener\">\n\t\t\tRufen Sie an: 305.673.7505\t\t<\/a>\n\t<\/h2>\n\t<p><strong>Von 8:30 bis 18:00 Uhr im Einsatz, um zu helfen bei:<\/strong><\/p>\n<ul>\n<li>Anwohnerparkausweis<\/li>\n<li>Garagenparkausweis<\/li>\n<li>Parkausweis f\u00fcr Parkpl\u00e4tze<\/li>\n<li>Monatsparkausweis<\/li>\n<li>Frachtladezone<\/li>\n<li>Parkpl\u00e4tze f\u00fcr Produktionsfirmen<\/li>\n<li>Genehmigungen f\u00fcr Freizeitfahrzeuge von Unternehmen<br \/>\n<a href=\"\/de\/city-hall\/parking\/permit-programs\/\">Klicken Sie hier, um Informationen zu Parkgenehmigungen zu erhalten <\/a><\/li>\n<\/ul>\n<h2>\n\t\t\tParkverwaltung:\t<\/h2>\n<h2>\n\t\t<a href=\"tel:3056737525\" title=\"Rufen Sie an: 305.673.PARK (7275)\"  target=\"_blank\"  rel=\"noopener\">\n\t\t\tRufen Sie an: 305.673.PARK (7275)\t\t<\/a>\n\t<\/h2>\n\t<p><strong>Von 8:30 bis 17:00 Uhr im Einsatz, um zu helfen bei:<\/strong><\/p>\n<ul>\n<li>Raummieten (inkl. Parkservice)<\/li>\n<li>Parkraummanagementplan f\u00fcr Baustellen (CPMP)<\/li>\n<li>Bewertungen<\/li>\n<li>Antr\u00e4ge auf Berufung gegen Vorladungen<\/li>\n<li>Genehmigungen f\u00fcr Vorstands- und Ausschussmitglieder<\/li>\n<li>Hochwasserhilfeprogramm<\/li>\n<li><a href=\"\/de\/city-hall\/parking\/permit-programs\/\">Klicken Sie hier, um Informationen zu Parkerlaubnisprogrammen zu erhalten <\/a><\/li>\n<\/ul>\n<h2>\n\t\t\tWilliam MacDonald\t<\/h2>\n\t<p>Parkleiter<\/p>\n<h2>\n\t\t\tAlberto Ventura\t<\/h2>\n\tRegieassistent<br \/>\n305.604.4785\n<h3>\n\t\t\tHauptsitz\t<\/h3>\n\t1700 Convention Center Drive,<br \/>\nMiami Beach, FL 33139\n<h3>\n\t\t\tB\u00fcronummer\t<\/h3>\n\t<p><strong><a href=\"tel:3056044785\">305.604.4785<\/a><\/strong><\/p>\n<h3>\n\t\t\t\u00d6ffnungszeiten\t<\/h3>\n\tMontag \u2013 Freitag<br \/>\n8:30 \u2013 18:00 Uhr<br \/>\n(Kundendienst)\n<h2>\n\t\t\tPark-Apps\t<\/h2>\n\t\t\t\t<img decoding=\"async\" src=\"https:\/\/www.miamibeachfl.gov\/wp-content\/uploads\/2023\/07\/parkmobile-parking-logo.png\" alt=\"parkmobile-parking-logo\" title=\"Parkmobile-Parking-Logo\" itemprop=\"image\"\/>\n\t\t<h3>ParkMobile App<\/h3>\t\t\t\n\t\t\t<a href=\"https:\/\/itunes.apple.com\/us\/app\/parkmobile\/id365399299?mt=8\"  target=\"_blank\" rel=\"noopener\">\n\t\t\t\t\t\tLaden Sie die Park Mobile Apple App herunter\n\t\t\t\t\t<\/a>\n\t\t\t<a href=\"https:\/\/play.google.com\/store\/apps\/details?id=net.sharewire.parkmobilev2&#038;hl=en_US\"  target=\"_blank\" rel=\"noopener\">\n\t\t\t\t\t\tLaden Sie die Park Mobile Android-App herunter\n\t\t\t\t\t<\/a>\n\t<p>ParkMobile bietet eine neue und bessere M\u00f6glichkeit, Parkgeb\u00fchren bequem per Handy zu bezahlen. Mit der mobilen App von ParkMobile starten Sie Ihren Parkvorgang in wenigen Sekunden. Wenn Sie ein anderes Auto als das registrierte fahren, k\u00f6nnen Sie die Parknummer schnell \u00e4ndern und Ihren Parkvorgang aktivieren. Sie k\u00f6nnen sich 15 Minuten vor Ablauf Ihrer Parkzeit per Push-Benachrichtigung benachrichtigen lassen. Sie k\u00f6nnen Ihre Parkgeb\u00fchren auch telefonisch bei ParkMobile bezahlen: <a href=\"tel:18777275714\">1-877-727-5714.<\/a><\/p>\n\t<a href=\"https:\/\/www2.paybyphone.com\/park-in-miami-beach\" target=\"_blank\" rel=\"noopener\" aria-label=\"Gehen Sie zu https:\/\/www2.paybyphone.com\/park-in-miami-beach\"><\/a>\n\t\t\t\t<img decoding=\"async\" src=\"https:\/\/www.miamibeachfl.gov\/wp-content\/uploads\/2023\/10\/paybyphonelogo.png\" alt=\"paybyphone\" title=\"paybyphonelogo\" itemprop=\"image\"\/>\n\t\t<h3>Bezahlen per Telefon<\/h3>\t\t\t\n\t\t\t<a href=\"https:\/\/apps.apple.com\/us\/app\/paybyphone-parking\/id448474183\"  target=\"_blank\" rel=\"noopener\">\n\t\t\t\t\t\tLaden Sie die PayByPhone Apple App herunter\n\t\t\t\t\t<\/a>\n\t\t\t<a href=\"https:\/\/play.google.com\/store\/apps\/details?id=com.paybyphone\"  target=\"_blank\" rel=\"noopener\">\n\t\t\t\t\t\tLaden Sie die PayByPhone Android-App herunter\n\t\t\t\t\t<\/a>\n\t<strong>Bezahlen Sie Ihr Parkgeld mit der PayByPhone-App in Miami Beach!<\/strong><br \/>\nMit PayByPhone bezahlen Sie Ihre Parkgeb\u00fchren in Sekundenschnelle an unseren Parkstandorten. Die App ist komplett bargeldlos, erinnert Sie an das Ablaufdatum Ihrer Parkzeit und erm\u00f6glicht Ihnen sogar die Verl\u00e4ngerung Ihrer Parkzeit von \u00fcberall aus! PayByPhone ist bequem, einfach und sicher.","protected":false},"excerpt":{"rendered":"<p><a href=\"tel:3056737505\" style=\"text-decoration:none; color:#004896;\"><br \/>\n    <i class=\"fa-solid fa-phone\"><\/i> 305.673.7505<\/a><\/p>","protected":false},"author":222,"featured_media":347253,"parent":28206,"menu_order":0,"comment_status":"closed","ping_status":"closed","template":"","meta":{"_searchwp_excluded":"","site-sidebar-layout":"default","site-content-layout":"","ast-site-content-layout":"default","site-content-style":"default","site-sidebar-style":"default","ast-global-header-display":"","ast-banner-title-visibility":"","ast-main-header-display":"","ast-hfb-above-header-display":"","ast-hfb-below-header-display":"","ast-hfb-mobile-header-display":"","site-post-title":"","ast-breadcrumbs-content":"","ast-featured-img":"","footer-sml-layout":"","theme-transparent-header-meta":"","adv-header-id-meta":"","stick-header-meta":"","header-above-stick-meta":"","header-main-stick-meta":"","header-below-stick-meta":"","astra-migrate-meta-layouts":"default","ast-page-background-enabled":"default","ast-page-background-meta":{"desktop":{"background-color":"var(--ast-global-color-5)","background-image":"","background-repeat":"repeat","background-position":"center center","background-size":"auto","background-attachment":"scroll","background-type":"","background-media":"","overlay-type":"","overlay-color":"","overlay-opacity":"","overlay-gradient":""},"tablet":{"background-color":"","background-image":"","background-repeat":"repeat","background-position":"center center","background-size":"auto","background-attachment":"scroll","background-type":"","background-media":"","overlay-type":"","overlay-color":"","overlay-opacity":"","overlay-gradient":""},"mobile":{"background-color":"","background-image":"","background-repeat":"repeat","background-position":"center center","background-size":"auto","background-attachment":"scroll","background-type":"","background-media":"","overlay-type":"","overlay-color":"","overlay-opacity":"","overlay-gradient":""}},"ast-content-background-meta":{"desktop":{"background-color":"var(--ast-global-color-4)","background-image":"","background-repeat":"repeat","background-position":"center center","background-size":"auto","background-attachment":"scroll","background-type":"","background-media":"","overlay-type":"","overlay-color":"","overlay-opacity":"","overlay-gradient":""},"tablet":{"background-color":"var(--ast-global-color-4)","background-image":"","background-repeat":"repeat","background-position":"center center","background-size":"auto","background-attachment":"scroll","background-type":"","background-media":"","overlay-type":"","overlay-color":"","overlay-opacity":"","overlay-gradient":""},"mobile":{"background-color":"var(--ast-global-color-4)","background-image":"","background-repeat":"repeat","background-position":"center center","background-size":"auto","background-attachment":"scroll","background-type":"","background-media":"","overlay-type":"","overlay-color":"","overlay-opacity":"","overlay-gradient":""}},"footnotes":""},"categories":[],"tags":[1730,1518,1734],"class_list":["post-295615","page","type-page","status-publish","has-post-thumbnail","hentry","tag-city-services","tag-parking-site","tag-transportation"],"yoast_head":"<!-- This site is optimized with the Yoast SEO Premium plugin v27.4 (Yoast SEO v27.4) - https:\/\/yoast.com\/product\/yoast-seo-premium-wordpress\/ -->\n<title>Parking - City of Miami Beach<\/title>\n<meta name=\"description\" content=\"The department manages and operates 66 surface parking lots, 12 garages, and has 19 residential parking permit zones citywide.\" \/>\n<meta name=\"robots\" content=\"index, follow, max-snippet:-1, max-image-preview:large, max-video-preview:-1\" \/>\n<link rel=\"canonical\" href=\"https:\/\/www.miamibeachfl.gov\/de\/city-hall\/parking\/\" \/>\n<meta property=\"og:locale\" content=\"de_DE\" \/>\n<meta property=\"og:type\" content=\"article\" \/>\n<meta property=\"og:title\" content=\"Parking\" \/>\n<meta property=\"og:description\" content=\"The department manages and operates 66 surface parking lots, 12 garages, and has 19 residential parking permit zones citywide.\" \/>\n<meta property=\"og:url\" content=\"https:\/\/www.miamibeachfl.gov\/de\/city-hall\/parking\/\" \/>\n<meta property=\"og:site_name\" content=\"City of Miami Beach\" \/>\n<meta property=\"article:publisher\" content=\"https:\/\/www.facebook.com\/cityofmiamibeach\" \/>\n<meta property=\"article:modified_time\" content=\"2026-04-16T20:53:38+00:00\" \/>\n<meta property=\"og:image\" content=\"https:\/\/www.miamibeachfl.gov\/wp-content\/uploads\/2024\/04\/Parking-Garage1Sign.jpg\" \/>\n\t<meta property=\"og:image:width\" content=\"1440\" \/>\n\t<meta property=\"og:image:height\" content=\"1920\" \/>\n\t<meta property=\"og:image:type\" content=\"image\/jpeg\" \/>\n<meta name=\"twitter:card\" content=\"summary_large_image\" \/>\n<meta name=\"twitter:image\" content=\"https:\/\/www.miamibeachfl.gov\/wp-content\/uploads\/2024\/05\/ParkingHeros-ForResidents.jpeg\" \/>\n<meta name=\"twitter:site\" content=\"@Miamibeachnews\" \/>\n<script type=\"application\/ld+json\" class=\"yoast-schema-graph\">{\"@context\":\"https:\\\/\\\/schema.org\",\"@graph\":[{\"@type\":\"WebPage\",\"@id\":\"https:\\\/\\\/www.miamibeachfl.gov\\\/city-hall\\\/parking\\\/\",\"url\":\"https:\\\/\\\/www.miamibeachfl.gov\\\/city-hall\\\/parking\\\/\",\"name\":\"Parking - City of Miami Beach\",\"isPartOf\":{\"@id\":\"https:\\\/\\\/www.miamibeachfl.gov\\\/#website\"},\"primaryImageOfPage\":{\"@id\":\"https:\\\/\\\/www.miamibeachfl.gov\\\/city-hall\\\/parking\\\/#primaryimage\"},\"image\":{\"@id\":\"https:\\\/\\\/www.miamibeachfl.gov\\\/city-hall\\\/parking\\\/#primaryimage\"},\"thumbnailUrl\":\"https:\\\/\\\/www.miamibeachfl.gov\\\/wp-content\\\/uploads\\\/2024\\\/11\\\/MiamiNewDrama.jpeg\",\"datePublished\":\"2024-04-04T18:21:36+00:00\",\"dateModified\":\"2026-04-16T20:53:38+00:00\",\"description\":\"The department manages and operates 66 surface parking lots, 12 garages, and has 19 residential parking permit zones citywide.\",\"breadcrumb\":{\"@id\":\"https:\\\/\\\/www.miamibeachfl.gov\\\/city-hall\\\/parking\\\/#breadcrumb\"},\"inLanguage\":\"de\",\"potentialAction\":[{\"@type\":\"ReadAction\",\"target\":[\"https:\\\/\\\/www.miamibeachfl.gov\\\/city-hall\\\/parking\\\/\"]}]},{\"@type\":\"ImageObject\",\"inLanguage\":\"de\",\"@id\":\"https:\\\/\\\/www.miamibeachfl.gov\\\/city-hall\\\/parking\\\/#primaryimage\",\"url\":\"https:\\\/\\\/www.miamibeachfl.gov\\\/wp-content\\\/uploads\\\/2024\\\/11\\\/MiamiNewDrama.jpeg\",\"contentUrl\":\"https:\\\/\\\/www.miamibeachfl.gov\\\/wp-content\\\/uploads\\\/2024\\\/11\\\/MiamiNewDrama.jpeg\",\"width\":400,\"height\":400,\"caption\":\"Miami New Drama at Collins Parking Garage\"},{\"@type\":\"BreadcrumbList\",\"@id\":\"https:\\\/\\\/www.miamibeachfl.gov\\\/city-hall\\\/parking\\\/#breadcrumb\",\"itemListElement\":[{\"@type\":\"ListItem\",\"position\":1,\"name\":\"Home\",\"item\":\"https:\\\/\\\/www.miamibeachfl.gov\\\/\"},{\"@type\":\"ListItem\",\"position\":2,\"name\":\"City Hall\",\"item\":\"https:\\\/\\\/www.miamibeachfl.gov\\\/city-hall\\\/\"},{\"@type\":\"ListItem\",\"position\":3,\"name\":\"Parking\"}]},{\"@type\":\"WebSite\",\"@id\":\"https:\\\/\\\/www.miamibeachfl.gov\\\/#website\",\"url\":\"https:\\\/\\\/www.miamibeachfl.gov\\\/\",\"name\":\"City of Miami Beach\",\"description\":\"The official website of the City of Miami Beach. Stay informed, find important information on city services, news, alerts, events, trolley routes, government employment and more.\",\"publisher\":{\"@id\":\"https:\\\/\\\/www.miamibeachfl.gov\\\/#organization\"},\"potentialAction\":[{\"@type\":\"SearchAction\",\"target\":{\"@type\":\"EntryPoint\",\"urlTemplate\":\"https:\\\/\\\/www.miamibeachfl.gov\\\/?s={search_term_string}\"},\"query-input\":{\"@type\":\"PropertyValueSpecification\",\"valueRequired\":true,\"valueName\":\"search_term_string\"}}],\"inLanguage\":\"de\"},{\"@type\":\"Organization\",\"@id\":\"https:\\\/\\\/www.miamibeachfl.gov\\\/#organization\",\"name\":\"City of Miami Beach\",\"url\":\"https:\\\/\\\/www.miamibeachfl.gov\\\/\",\"logo\":{\"@type\":\"ImageObject\",\"inLanguage\":\"de\",\"@id\":\"https:\\\/\\\/www.miamibeachfl.gov\\\/#\\\/schema\\\/logo\\\/image\\\/\",\"url\":\"https:\\\/\\\/www.miamibeachfl.gov\\\/wp-content\\\/uploads\\\/2022\\\/06\\\/miamibeach-logoblue.png\",\"contentUrl\":\"https:\\\/\\\/www.miamibeachfl.gov\\\/wp-content\\\/uploads\\\/2022\\\/06\\\/miamibeach-logoblue.png\",\"width\":1962,\"height\":381,\"caption\":\"City of Miami Beach\"},\"image\":{\"@id\":\"https:\\\/\\\/www.miamibeachfl.gov\\\/#\\\/schema\\\/logo\\\/image\\\/\"},\"sameAs\":[\"https:\\\/\\\/www.facebook.com\\\/cityofmiamibeach\",\"https:\\\/\\\/x.com\\\/Miamibeachnews\",\"https:\\\/\\\/www.instagram.com\\\/miamibeachnews\\\/\"],\"description\":\"The official website of the City of Miami Beach. Stay informed, find important information on city services, news, alerts, events, trolley routes, government employment and more.\",\"telephone\":\"305.604.CITY(2489)\",\"legalName\":\"City of Miami Beach\"}]}<\/script>\n<!-- \/ Yoast SEO Premium plugin. -->","yoast_head_json":{"title":"Parken - City of Miami Beach","description":"Die Abteilung verwaltet und betreibt 66 Parkpl\u00e4tze, 12 Parkh\u00e4user und verf\u00fcgt stadtweit \u00fcber 19 Parkzonen f\u00fcr Anwohner.","robots":{"index":"index","follow":"follow","max-snippet":"max-snippet:-1","max-image-preview":"max-image-preview:large","max-video-preview":"max-video-preview:-1"},"canonical":"https:\/\/www.miamibeachfl.gov\/de\/city-hall\/parking\/","og_locale":"de_DE","og_type":"article","og_title":"Parking","og_description":"The department manages and operates 66 surface parking lots, 12 garages, and has 19 residential parking permit zones citywide.","og_url":"https:\/\/www.miamibeachfl.gov\/de\/city-hall\/parking\/","og_site_name":"City of Miami Beach","article_publisher":"https:\/\/www.facebook.com\/cityofmiamibeach","article_modified_time":"2026-04-16T20:53:38+00:00","og_image":[{"width":1440,"height":1920,"url":"https:\/\/www.miamibeachfl.gov\/wp-content\/uploads\/2024\/04\/Parking-Garage1Sign.jpg","type":"image\/jpeg"}],"twitter_card":"summary_large_image","twitter_image":"https:\/\/www.miamibeachfl.gov\/wp-content\/uploads\/2024\/05\/ParkingHeros-ForResidents.jpeg","twitter_site":"@Miamibeachnews","schema":{"@context":"https:\/\/schema.org","@graph":[{"@type":"WebPage","@id":"https:\/\/www.miamibeachfl.gov\/city-hall\/parking\/","url":"https:\/\/www.miamibeachfl.gov\/city-hall\/parking\/","name":"Parken - City of Miami Beach","isPartOf":{"@id":"https:\/\/www.miamibeachfl.gov\/#website"},"primaryImageOfPage":{"@id":"https:\/\/www.miamibeachfl.gov\/city-hall\/parking\/#primaryimage"},"image":{"@id":"https:\/\/www.miamibeachfl.gov\/city-hall\/parking\/#primaryimage"},"thumbnailUrl":"https:\/\/www.miamibeachfl.gov\/wp-content\/uploads\/2024\/11\/MiamiNewDrama.jpeg","datePublished":"2024-04-04T18:21:36+00:00","dateModified":"2026-04-16T20:53:38+00:00","description":"Die Abteilung verwaltet und betreibt 66 Parkpl\u00e4tze, 12 Parkh\u00e4user und verf\u00fcgt stadtweit \u00fcber 19 Parkzonen f\u00fcr Anwohner.","breadcrumb":{"@id":"https:\/\/www.miamibeachfl.gov\/city-hall\/parking\/#breadcrumb"},"inLanguage":"de","potentialAction":[{"@type":"ReadAction","target":["https:\/\/www.miamibeachfl.gov\/city-hall\/parking\/"]}]},{"@type":"ImageObject","inLanguage":"de","@id":"https:\/\/www.miamibeachfl.gov\/city-hall\/parking\/#primaryimage","url":"https:\/\/www.miamibeachfl.gov\/wp-content\/uploads\/2024\/11\/MiamiNewDrama.jpeg","contentUrl":"https:\/\/www.miamibeachfl.gov\/wp-content\/uploads\/2024\/11\/MiamiNewDrama.jpeg","width":400,"height":400,"caption":"Miami New Drama at Collins Parking Garage"},{"@type":"BreadcrumbList","@id":"https:\/\/www.miamibeachfl.gov\/city-hall\/parking\/#breadcrumb","itemListElement":[{"@type":"ListItem","position":1,"name":"Home","item":"https:\/\/www.miamibeachfl.gov\/"},{"@type":"ListItem","position":2,"name":"City Hall","item":"https:\/\/www.miamibeachfl.gov\/city-hall\/"},{"@type":"ListItem","position":3,"name":"Parking"}]},{"@type":"WebSite","@id":"https:\/\/www.miamibeachfl.gov\/#website","url":"https:\/\/www.miamibeachfl.gov\/","name":"Stadt Miami Beach","description":"Die offizielle Website der Stadt Miami Beach. Bleiben Sie informiert und finden Sie wichtige Informationen zu st\u00e4dtischen Dienstleistungen, Neuigkeiten, Warnungen, Veranstaltungen, Stra\u00dfenbahnlinien, Stellenangeboten im \u00f6ffentlichen Dienst und mehr.","publisher":{"@id":"https:\/\/www.miamibeachfl.gov\/#organization"},"potentialAction":[{"@type":"SearchAction","target":{"@type":"EntryPoint","urlTemplate":"https:\/\/www.miamibeachfl.gov\/?s={search_term_string}"},"query-input":{"@type":"PropertyValueSpecification","valueRequired":true,"valueName":"search_term_string"}}],"inLanguage":"de"},{"@type":"Organization","@id":"https:\/\/www.miamibeachfl.gov\/#organization","name":"Stadt Miami Beach","url":"https:\/\/www.miamibeachfl.gov\/","logo":{"@type":"ImageObject","inLanguage":"de","@id":"https:\/\/www.miamibeachfl.gov\/#\/schema\/logo\/image\/","url":"https:\/\/www.miamibeachfl.gov\/wp-content\/uploads\/2022\/06\/miamibeach-logoblue.png","contentUrl":"https:\/\/www.miamibeachfl.gov\/wp-content\/uploads\/2022\/06\/miamibeach-logoblue.png","width":1962,"height":381,"caption":"City of Miami Beach"},"image":{"@id":"https:\/\/www.miamibeachfl.gov\/#\/schema\/logo\/image\/"},"sameAs":["https:\/\/www.facebook.com\/cityofmiamibeach","https:\/\/x.com\/Miamibeachnews","https:\/\/www.instagram.com\/miamibeachnews\/"],"description":"Die offizielle Website der Stadt Miami Beach. Bleiben Sie informiert und finden Sie wichtige Informationen zu st\u00e4dtischen Dienstleistungen, Neuigkeiten, Warnungen, Veranstaltungen, Stra\u00dfenbahnlinien, Stellenangeboten im \u00f6ffentlichen Dienst und mehr.","telephone":"305.604.CITY(2489)","legalName":"City of Miami Beach"}]}},"_links":{"self":[{"href":"https:\/\/www.miamibeachfl.gov\/de\/wp-json\/wp\/v2\/pages\/295615","targetHints":{"allow":["GET"]}}],"collection":[{"href":"https:\/\/www.miamibeachfl.gov\/de\/wp-json\/wp\/v2\/pages"}],"about":[{"href":"https:\/\/www.miamibeachfl.gov\/de\/wp-json\/wp\/v2\/types\/page"}],"author":[{"embeddable":true,"href":"https:\/\/www.miamibeachfl.gov\/de\/wp-json\/wp\/v2\/users\/222"}],"replies":[{"embeddable":true,"href":"https:\/\/www.miamibeachfl.gov\/de\/wp-json\/wp\/v2\/comments?post=295615"}],"version-history":[{"count":12,"href":"https:\/\/www.miamibeachfl.gov\/de\/wp-json\/wp\/v2\/pages\/295615\/revisions"}],"predecessor-version":[{"id":399042,"href":"https:\/\/www.miamibeachfl.gov\/de\/wp-json\/wp\/v2\/pages\/295615\/revisions\/399042"}],"up":[{"embeddable":true,"href":"https:\/\/www.miamibeachfl.gov\/de\/wp-json\/wp\/v2\/pages\/28206"}],"wp:featuredmedia":[{"embeddable":true,"href":"https:\/\/www.miamibeachfl.gov\/de\/wp-json\/wp\/v2\/media\/347253"}],"wp:attachment":[{"href":"https:\/\/www.miamibeachfl.gov\/de\/wp-json\/wp\/v2\/media?parent=295615"}],"wp:term":[{"taxonomy":"category","embeddable":true,"href":"https:\/\/www.miamibeachfl.gov\/de\/wp-json\/wp\/v2\/categories?post=295615"},{"taxonomy":"post_tag","embeddable":true,"href":"https:\/\/www.miamibeachfl.gov\/de\/wp-json\/wp\/v2\/tags?post=295615"}],"curies":[{"name":"wp","href":"https:\/\/api.w.org\/{rel}","templated":true}]}}