{"id":307100,"date":"2024-04-29T10:42:47","date_gmt":"2024-04-29T14:42:47","guid":{"rendered":"https:\/\/www.miamibeachfl.gov\/?page_id=307100"},"modified":"2025-08-05T09:08:50","modified_gmt":"2025-08-05T13:08:50","slug":"trolleytracker","status":"publish","type":"page","link":"https:\/\/www.miamibeachfl.gov\/de\/trolleytracker\/","title":{"rendered":"Einkaufswagen-Tracker"},"content":{"rendered":"<h1>\n\t\t\tVerfolgen Sie den Trolley\t<\/h1>\n\t<p>Planen Sie Ihre kostenlose Fahrt mit unserem <a href=\"#mbtrolleytracker\"><strong>Miami Beach Trolley Tracker<\/strong><\/a> \u2013 oder laden Sie die <strong><a href=\"#transitapp\">Transit App<\/a>.\u00a0<\/strong><\/p>\n\t<iframe loading=\"lazy\" src=\"https:\/\/maps.trilliumtransit.com\/map\/feed\/miamibeach-fl-us\" width=\"100%\" height=\"1300\" title=\"Beschreibung des Iframe-Inhalts\">\n  <!-- Optional fallback content for browsers that don't support iframes -->\n  <p>Ihr Browser unterst\u00fctzt keine Iframes.<\/p>\n<\/iframe>\n\t\t\t<h3>Transit App<\/h3>\n\t\t\t\t<p>Die Transit App verbessert Ihre Echtzeit-Tracking-M\u00f6glichkeiten mit zus\u00e4tzlichen Funktionen, die Ihr Pendelerlebnis verbessern. Die Stadt \u00fcbernimmt die Kosten f\u00fcr das Premium-Abonnement der App, bekannt als \u201eRoyale\u201c, sodass alle unsere Nutzer diese Premium-Funktionen bei der Verfolgung der Trolleys in Miami Beach kostenlos nutzen k\u00f6nnen.<\/p>\n\t<p><strong>Erste Schritte mit der Transit-App in drei einfachen Schritten:<\/strong><\/p>\n<strong>1. Laden Sie die App herunter:<br \/>\n<\/strong><br \/>\n<a href=\"https:\/\/itunes.apple.com\/app\/apple-store\/id498151501?pt=2090552&amp;ct=website-homepage&amp;mt=8\"><img loading=\"lazy\" decoding=\"async\" src=\"https:\/\/www.miamibeachfl.gov\/wp-content\/uploads\/2024\/01\/AppleStoreButton.png\" alt=\"Download App from Apple Store Button\" width=\"211\" height=\"63\" \/><\/a>\n<p><a href=\"https:\/\/play.google.com\/store\/apps\/details?id=com.thetransitapp.droid&amp;referrer=utm_source%3Dtransit%26utm_medium%3Dwebsite-homepage%26utm_campaign%3Dwebsite-homepage\"><img loading=\"lazy\" decoding=\"async\" src=\"https:\/\/www.miamibeachfl.gov\/wp-content\/uploads\/2024\/01\/GooglePlayButton.png\" alt=\"Download app on Google Play\" width=\"212\" height=\"63\" \/><\/a><\/p>\n<p><strong>2. \u00d6ffnen Sie die App.<\/strong><\/p>\n<p><strong>3. Suchen Sie nach Miami Beach Trolleys-Routen, um mit der Verfolgung in Echtzeit zu beginnen.<\/strong><\/p>\n\t\t\t<a href=\"https:\/\/transitapp.com\/\" target=\"_self\">\n\t\t\t\t\t\tWeitere Informationen finden Sie auf der Website der Transit-App.\n\t\t\t\t\t<\/a>\n\t<p>Alternativ erreichen Sie uns auch unter <a href=\"tel:3056737117\">305.673.7117<\/a> um die voraussichtliche Ankunftszeit des Trolleys direkt mitzuteilen. Benutzer k\u00f6nnen auch die ID-Nummer der Haltestelle der Stadt Miami Beach (auf allen Trolley-Haltestellenschildern verf\u00fcgbar) per SMS an <a href=\"tel:7869814545\">786.981.4545<\/a> um Ankunftszeiten per SMS zu erhalten.<\/p>\n<p>Der kostenlose, stadtweite Trolley-Service von Miami Beach ist 15 Stunden am Tag, von 8 bis 23 Uhr, an 7 Tagen in der Woche in Betrieb und f\u00e4hrt auf jeder Strecke durchschnittlich etwa alle 20 Minuten.<\/p>\n\t<p><strong>Ben\u00f6tigen Sie zus\u00e4tzliche Unterst\u00fctzung?<\/strong> Wenn Sie Hilfe mit der Transit-App ben\u00f6tigen oder andere Fragen zu den Trolley-Diensten in Miami Beach haben, wenden Sie sich bitte an unseren Kundendienst unter <a href=\"mailto:trolley@miamibeachfl.gov\">trolley@miamibeachfl.gov<\/a><\/p>\n<p><strong>Der fr\u00fchere Trolley-Tracking-Anbieter der Stadt, TSO Mobile, ist nicht mehr im Dienst.<\/strong><\/p>","protected":false},"excerpt":{"rendered":"<p>Verfolgen Sie den Trolley Planen Sie Ihre kostenlose Fahrt mit unserem Miami Beach Trolley Tracker \u2013 oder laden Sie die Transit App herunter. Ihre [\u2026]<\/p>","protected":false},"author":222,"featured_media":0,"parent":0,"menu_order":19,"comment_status":"closed","ping_status":"closed","template":"","meta":{"_searchwp_excluded":"","site-sidebar-layout":"default","site-content-layout":"","ast-site-content-layout":"","site-content-style":"default","site-sidebar-style":"default","ast-global-header-display":"disabled","ast-banner-title-visibility":"","ast-main-header-display":"","ast-hfb-above-header-display":"","ast-hfb-below-header-display":"","ast-hfb-mobile-header-display":"","site-post-title":"","ast-breadcrumbs-content":"","ast-featured-img":"","footer-sml-layout":"disabled","theme-transparent-header-meta":"","adv-header-id-meta":"","stick-header-meta":"","header-above-stick-meta":"","header-main-stick-meta":"","header-below-stick-meta":"","astra-migrate-meta-layouts":"default","ast-page-background-enabled":"default","ast-page-background-meta":{"desktop":{"background-color":"var(--ast-global-color-5)","background-image":"","background-repeat":"repeat","background-position":"center center","background-size":"auto","background-attachment":"scroll","background-type":"","background-media":"","overlay-type":"","overlay-color":"","overlay-opacity":"","overlay-gradient":""},"tablet":{"background-color":"","background-image":"","background-repeat":"repeat","background-position":"center center","background-size":"auto","background-attachment":"scroll","background-type":"","background-media":"","overlay-type":"","overlay-color":"","overlay-opacity":"","overlay-gradient":""},"mobile":{"background-color":"","background-image":"","background-repeat":"repeat","background-position":"center center","background-size":"auto","background-attachment":"scroll","background-type":"","background-media":"","overlay-type":"","overlay-color":"","overlay-opacity":"","overlay-gradient":""}},"ast-content-background-meta":{"desktop":{"background-color":"var(--ast-global-color-4)","background-image":"","background-repeat":"repeat","background-position":"center center","background-size":"auto","background-attachment":"scroll","background-type":"","background-media":"","overlay-type":"","overlay-color":"","overlay-opacity":"","overlay-gradient":""},"tablet":{"background-color":"var(--ast-global-color-4)","background-image":"","background-repeat":"repeat","background-position":"center center","background-size":"auto","background-attachment":"scroll","background-type":"","background-media":"","overlay-type":"","overlay-color":"","overlay-opacity":"","overlay-gradient":""},"mobile":{"background-color":"var(--ast-global-color-4)","background-image":"","background-repeat":"repeat","background-position":"center center","background-size":"auto","background-attachment":"scroll","background-type":"","background-media":"","overlay-type":"","overlay-color":"","overlay-opacity":"","overlay-gradient":""}},"footnotes":""},"categories":[],"tags":[1002],"class_list":["post-307100","page","type-page","status-publish","hentry","tag-app-egov-page"],"yoast_head":"<!-- This site is optimized with the Yoast SEO Premium plugin v26.6 (Yoast SEO v26.6) - https:\/\/yoast.com\/wordpress\/plugins\/seo\/ -->\n<title>Trolley Tracker - City of Miami Beach<\/title>\n<meta name=\"description\" content=\"%\" \/>\n<meta name=\"robots\" content=\"index, follow, max-snippet:-1, max-image-preview:large, max-video-preview:-1\" \/>\n<link rel=\"canonical\" href=\"https:\/\/www.miamibeachfl.gov\/de\/trolleytracker\/\" \/>\n<meta property=\"og:locale\" content=\"de_DE\" \/>\n<meta property=\"og:type\" content=\"article\" \/>\n<meta property=\"og:title\" content=\"Trolley Tracker\" \/>\n<meta property=\"og:description\" content=\"%\" \/>\n<meta property=\"og:url\" content=\"https:\/\/www.miamibeachfl.gov\/de\/trolleytracker\/\" \/>\n<meta property=\"og:site_name\" content=\"City of Miami Beach\" \/>\n<meta property=\"article:publisher\" content=\"https:\/\/www.facebook.com\/cityofmiamibeach\" \/>\n<meta property=\"article:modified_time\" content=\"2025-08-05T13:08:50+00:00\" \/>\n<meta property=\"og:image\" content=\"https:\/\/www.miamibeachfl.gov\/wp-content\/uploads\/2024\/01\/AppleStoreButton.png\" \/>\n<meta name=\"twitter:card\" content=\"summary_large_image\" \/>\n<meta name=\"twitter:site\" content=\"@Miamibeachnews\" \/>\n<script type=\"application\/ld+json\" class=\"yoast-schema-graph\">{\"@context\":\"https:\/\/schema.org\",\"@graph\":[{\"@type\":\"WebPage\",\"@id\":\"https:\/\/www.miamibeachfl.gov\/trolleytracker\/\",\"url\":\"https:\/\/www.miamibeachfl.gov\/trolleytracker\/\",\"name\":\"Trolley Tracker - City of Miami Beach\",\"isPartOf\":{\"@id\":\"https:\/\/www.miamibeachfl.gov\/#website\"},\"primaryImageOfPage\":{\"@id\":\"https:\/\/www.miamibeachfl.gov\/trolleytracker\/#primaryimage\"},\"image\":{\"@id\":\"https:\/\/www.miamibeachfl.gov\/trolleytracker\/#primaryimage\"},\"thumbnailUrl\":\"https:\/\/www.miamibeachfl.gov\/wp-content\/uploads\/2024\/01\/AppleStoreButton.png\",\"datePublished\":\"2024-04-29T14:42:47+00:00\",\"dateModified\":\"2025-08-05T13:08:50+00:00\",\"description\":\"%\",\"breadcrumb\":{\"@id\":\"https:\/\/www.miamibeachfl.gov\/trolleytracker\/#breadcrumb\"},\"inLanguage\":\"de\",\"potentialAction\":[{\"@type\":\"ReadAction\",\"target\":[\"https:\/\/www.miamibeachfl.gov\/trolleytracker\/\"]}]},{\"@type\":\"ImageObject\",\"inLanguage\":\"de\",\"@id\":\"https:\/\/www.miamibeachfl.gov\/trolleytracker\/#primaryimage\",\"url\":\"https:\/\/www.miamibeachfl.gov\/wp-content\/uploads\/2024\/01\/AppleStoreButton.png\",\"contentUrl\":\"https:\/\/www.miamibeachfl.gov\/wp-content\/uploads\/2024\/01\/AppleStoreButton.png\"},{\"@type\":\"BreadcrumbList\",\"@id\":\"https:\/\/www.miamibeachfl.gov\/trolleytracker\/#breadcrumb\",\"itemListElement\":[{\"@type\":\"ListItem\",\"position\":1,\"name\":\"Home\",\"item\":\"https:\/\/www.miamibeachfl.gov\/\"},{\"@type\":\"ListItem\",\"position\":2,\"name\":\"Trolley Tracker\"}]},{\"@type\":\"WebSite\",\"@id\":\"https:\/\/www.miamibeachfl.gov\/#website\",\"url\":\"https:\/\/www.miamibeachfl.gov\/\",\"name\":\"City of Miami Beach\",\"description\":\"The official website of the City of Miami Beach. Stay informed, find important information on city services, news, alerts, events, trolley routes, government employment and more.\",\"publisher\":{\"@id\":\"https:\/\/www.miamibeachfl.gov\/#organization\"},\"potentialAction\":[{\"@type\":\"SearchAction\",\"target\":{\"@type\":\"EntryPoint\",\"urlTemplate\":\"https:\/\/www.miamibeachfl.gov\/?s={search_term_string}\"},\"query-input\":{\"@type\":\"PropertyValueSpecification\",\"valueRequired\":true,\"valueName\":\"search_term_string\"}}],\"inLanguage\":\"de\"},{\"@type\":\"Organization\",\"@id\":\"https:\/\/www.miamibeachfl.gov\/#organization\",\"name\":\"City of Miami Beach\",\"url\":\"https:\/\/www.miamibeachfl.gov\/\",\"logo\":{\"@type\":\"ImageObject\",\"inLanguage\":\"de\",\"@id\":\"https:\/\/www.miamibeachfl.gov\/#\/schema\/logo\/image\/\",\"url\":\"https:\/\/www.miamibeachfl.gov\/wp-content\/uploads\/2022\/06\/miamibeach-logoblue.png\",\"contentUrl\":\"https:\/\/www.miamibeachfl.gov\/wp-content\/uploads\/2022\/06\/miamibeach-logoblue.png\",\"width\":1962,\"height\":381,\"caption\":\"City of Miami Beach\"},\"image\":{\"@id\":\"https:\/\/www.miamibeachfl.gov\/#\/schema\/logo\/image\/\"},\"sameAs\":[\"https:\/\/www.facebook.com\/cityofmiamibeach\",\"https:\/\/x.com\/Miamibeachnews\",\"https:\/\/www.instagram.com\/miamibeachnews\/\"],\"description\":\"The official website of the City of Miami Beach. Stay informed, find important information on city services, news, alerts, events, trolley routes, government employment and more.\",\"telephone\":\"305.604.CITY(2489)\",\"legalName\":\"City of Miami Beach\"}]}<\/script>\n<!-- \/ Yoast SEO Premium plugin. -->","yoast_head_json":{"title":"Trolley Tracker - Stadt Miami Beach","description":"%","robots":{"index":"index","follow":"follow","max-snippet":"max-snippet:-1","max-image-preview":"max-image-preview:large","max-video-preview":"max-video-preview:-1"},"canonical":"https:\/\/www.miamibeachfl.gov\/de\/trolleytracker\/","og_locale":"de_DE","og_type":"article","og_title":"Trolley Tracker","og_description":"%","og_url":"https:\/\/www.miamibeachfl.gov\/de\/trolleytracker\/","og_site_name":"City of Miami Beach","article_publisher":"https:\/\/www.facebook.com\/cityofmiamibeach","article_modified_time":"2025-08-05T13:08:50+00:00","og_image":[{"url":"https:\/\/www.miamibeachfl.gov\/wp-content\/uploads\/2024\/01\/AppleStoreButton.png","type":"","width":"","height":""}],"twitter_card":"summary_large_image","twitter_site":"@Miamibeachnews","schema":{"@context":"https:\/\/schema.org","@graph":[{"@type":"WebPage","@id":"https:\/\/www.miamibeachfl.gov\/trolleytracker\/","url":"https:\/\/www.miamibeachfl.gov\/trolleytracker\/","name":"Trolley Tracker - Stadt Miami Beach","isPartOf":{"@id":"https:\/\/www.miamibeachfl.gov\/#website"},"primaryImageOfPage":{"@id":"https:\/\/www.miamibeachfl.gov\/trolleytracker\/#primaryimage"},"image":{"@id":"https:\/\/www.miamibeachfl.gov\/trolleytracker\/#primaryimage"},"thumbnailUrl":"https:\/\/www.miamibeachfl.gov\/wp-content\/uploads\/2024\/01\/AppleStoreButton.png","datePublished":"2024-04-29T14:42:47+00:00","dateModified":"2025-08-05T13:08:50+00:00","description":"%","breadcrumb":{"@id":"https:\/\/www.miamibeachfl.gov\/trolleytracker\/#breadcrumb"},"inLanguage":"de","potentialAction":[{"@type":"ReadAction","target":["https:\/\/www.miamibeachfl.gov\/trolleytracker\/"]}]},{"@type":"ImageObject","inLanguage":"de","@id":"https:\/\/www.miamibeachfl.gov\/trolleytracker\/#primaryimage","url":"https:\/\/www.miamibeachfl.gov\/wp-content\/uploads\/2024\/01\/AppleStoreButton.png","contentUrl":"https:\/\/www.miamibeachfl.gov\/wp-content\/uploads\/2024\/01\/AppleStoreButton.png"},{"@type":"BreadcrumbList","@id":"https:\/\/www.miamibeachfl.gov\/trolleytracker\/#breadcrumb","itemListElement":[{"@type":"ListItem","position":1,"name":"Home","item":"https:\/\/www.miamibeachfl.gov\/"},{"@type":"ListItem","position":2,"name":"Trolley Tracker"}]},{"@type":"WebSite","@id":"https:\/\/www.miamibeachfl.gov\/#website","url":"https:\/\/www.miamibeachfl.gov\/","name":"Stadt Miami Beach","description":"Die offizielle Website der Stadt Miami Beach. Bleiben Sie informiert und finden Sie wichtige Informationen zu st\u00e4dtischen Dienstleistungen, Neuigkeiten, Warnungen, Veranstaltungen, Stra\u00dfenbahnlinien, Stellenangeboten im \u00f6ffentlichen Dienst und mehr.","publisher":{"@id":"https:\/\/www.miamibeachfl.gov\/#organization"},"potentialAction":[{"@type":"SearchAction","target":{"@type":"EntryPoint","urlTemplate":"https:\/\/www.miamibeachfl.gov\/?s={search_term_string}"},"query-input":{"@type":"PropertyValueSpecification","valueRequired":true,"valueName":"search_term_string"}}],"inLanguage":"de"},{"@type":"Organization","@id":"https:\/\/www.miamibeachfl.gov\/#organization","name":"Stadt Miami Beach","url":"https:\/\/www.miamibeachfl.gov\/","logo":{"@type":"ImageObject","inLanguage":"de","@id":"https:\/\/www.miamibeachfl.gov\/#\/schema\/logo\/image\/","url":"https:\/\/www.miamibeachfl.gov\/wp-content\/uploads\/2022\/06\/miamibeach-logoblue.png","contentUrl":"https:\/\/www.miamibeachfl.gov\/wp-content\/uploads\/2022\/06\/miamibeach-logoblue.png","width":1962,"height":381,"caption":"City of Miami Beach"},"image":{"@id":"https:\/\/www.miamibeachfl.gov\/#\/schema\/logo\/image\/"},"sameAs":["https:\/\/www.facebook.com\/cityofmiamibeach","https:\/\/x.com\/Miamibeachnews","https:\/\/www.instagram.com\/miamibeachnews\/"],"description":"Die offizielle Website der Stadt Miami Beach. Bleiben Sie informiert und finden Sie wichtige Informationen zu st\u00e4dtischen Dienstleistungen, Neuigkeiten, Warnungen, Veranstaltungen, Stra\u00dfenbahnlinien, Stellenangeboten im \u00f6ffentlichen Dienst und mehr.","telephone":"305.604.CITY(2489)","legalName":"City of Miami Beach"}]}},"_links":{"self":[{"href":"https:\/\/www.miamibeachfl.gov\/de\/wp-json\/wp\/v2\/pages\/307100","targetHints":{"allow":["GET"]}}],"collection":[{"href":"https:\/\/www.miamibeachfl.gov\/de\/wp-json\/wp\/v2\/pages"}],"about":[{"href":"https:\/\/www.miamibeachfl.gov\/de\/wp-json\/wp\/v2\/types\/page"}],"author":[{"embeddable":true,"href":"https:\/\/www.miamibeachfl.gov\/de\/wp-json\/wp\/v2\/users\/222"}],"replies":[{"embeddable":true,"href":"https:\/\/www.miamibeachfl.gov\/de\/wp-json\/wp\/v2\/comments?post=307100"}],"version-history":[{"count":0,"href":"https:\/\/www.miamibeachfl.gov\/de\/wp-json\/wp\/v2\/pages\/307100\/revisions"}],"wp:attachment":[{"href":"https:\/\/www.miamibeachfl.gov\/de\/wp-json\/wp\/v2\/media?parent=307100"}],"wp:term":[{"taxonomy":"category","embeddable":true,"href":"https:\/\/www.miamibeachfl.gov\/de\/wp-json\/wp\/v2\/categories?post=307100"},{"taxonomy":"post_tag","embeddable":true,"href":"https:\/\/www.miamibeachfl.gov\/de\/wp-json\/wp\/v2\/tags?post=307100"}],"curies":[{"name":"wp","href":"https:\/\/api.w.org\/{rel}","templated":true}]}}