{"id":318012,"date":"2024-05-31T15:58:48","date_gmt":"2024-05-31T19:58:48","guid":{"rendered":"https:\/\/www.miamibeachfl.gov\/?page_id=318012"},"modified":"2025-09-25T12:20:59","modified_gmt":"2025-09-25T16:20:59","slug":"fleet-management","status":"publish","type":"page","link":"https:\/\/www.miamibeachfl.gov\/de\/city-hall\/facilities-and-fleet-management\/fleet-management\/","title":{"rendered":"Flottenmanagement"},"content":{"rendered":"<h1>\n\t\t<a href=\"\/de\/city-hall\/facilities-and-fleet-management\/\" title=\"Anlagen- und Flottenmanagement\"  target=\"_self\">\n\t\t\tAnlagen- und Flottenmanagement\t\t<\/a>\n\t<\/h1>\nMen\u00fc \u201eEinrichtungen\/Fuhrparkmanagement\u201c\t\t\t\n\t\t\t\t\t<ul id=\"menu-facilities-and-fleet-management\"><li id=\"menu-item-318139\"><a href=\"https:\/\/www.miamibeachfl.gov\/de\/city-hall\/facilities-and-fleet-management\/asset-management\/\">Verm\u00f6gensverwaltung<\/a><\/li>\n<li id=\"menu-item-318138\"><a href=\"https:\/\/www.miamibeachfl.gov\/de\/city-hall\/facilities-and-fleet-management\/facilities-management\/\">Geb\u00e4udemanagement<\/a><\/li>\n<li id=\"menu-item-318137\"><a href=\"https:\/\/www.miamibeachfl.gov\/de\/city-hall\/facilities-and-fleet-management\/fleet-management\/\">Flottenmanagement<\/a><\/li>\n<li id=\"menu-item-317111\"><a href=\"https:\/\/apps.miamibeachfl.gov\/egovweb\">Ein Problem melden<\/a><\/li>\n<li id=\"menu-item-317110\"><a href=\"https:\/\/www.miamibeachfl.gov\/de\/city-hall\/facilities-and-fleet-management\/beach-concessions\/\">Strandkonzessionsgenehmigung<\/a><\/li>\n<\/ul>\t\nAnlagen-\/Fuhrparkmanagement Men\u00fc \u00d7\t\t\t\t\t\t<ul id=\"menu-facilities-and-fleet-management-1\"><li id=\"menu-item-318139\"><a href=\"https:\/\/www.miamibeachfl.gov\/de\/city-hall\/facilities-and-fleet-management\/asset-management\/\">Verm\u00f6gensverwaltung<\/a><\/li>\n<li id=\"menu-item-318138\"><a href=\"https:\/\/www.miamibeachfl.gov\/de\/city-hall\/facilities-and-fleet-management\/facilities-management\/\">Geb\u00e4udemanagement<\/a><\/li>\n<li id=\"menu-item-318137\"><a href=\"https:\/\/www.miamibeachfl.gov\/de\/city-hall\/facilities-and-fleet-management\/fleet-management\/\">Flottenmanagement<\/a><\/li>\n<li id=\"menu-item-317111\"><a href=\"https:\/\/apps.miamibeachfl.gov\/egovweb\">Ein Problem melden<\/a><\/li>\n<li id=\"menu-item-317110\"><a href=\"https:\/\/www.miamibeachfl.gov\/de\/city-hall\/facilities-and-fleet-management\/beach-concessions\/\">Strandkonzessionsgenehmigung<\/a><\/li>\n<\/ul>\t\t\t\t\n\t\t<h3>Flottenmanagement<\/h3>\n\t<h3><a href=\"https:\/\/www.miamibeachfl.gov\/wp-content\/uploads\/2024\/05\/Miami-Beach-Named-to-100-Best-Fleets-in-Americas-.pdf\">&#8220;<em>Die National Association of Fleet Administrators hat die Stadt Miami Beach zum dritten Mal in Folge zu den 100 besten Flotten Amerikas der NAFA ernannt.<\/em>&#8220;<\/a><\/h3>\n\tDie Abteilung Fuhrparkmanagement verwaltet den vielf\u00e4ltigen Fuhrpark der Stadt mit rund 1.445 Fahrzeugen und einem Wiederbeschaffungswert von rund $116 Millionen. Dieser umfasst Hybrid-, Elektro- und Plug-in-Hybridfahrzeuge sowie leichte Lkw und Transporter, verschiedene Schwerlast-Lkw und Spezialger\u00e4te wie Baumaschinen, Stra\u00dfenkehrmaschinen, Saugwagen, Lichtmasten, Generatoren, Gel\u00e4ndefahrzeuge, Wasserfahrzeuge, Anh\u00e4nger und Hochdruckreiniger. Der Fuhrpark wartet au\u00dferdem rund 132 Fahrzeuge f\u00fcr die Gemeinden Key Biscayne und North Bay Village. Die Abteilung Fuhrparkmanagement ist f\u00fcr den j\u00e4hrlichen Kauf und Ersatz von Fuhrparkfahrzeugen und -ger\u00e4ten auf Grundlage ihrer Lebensdauer und ihres Werts verantwortlich. Zu den t\u00e4glichen Aufgaben geh\u00f6ren Reparaturen, vorbeugende Wartung, Notrufe f\u00fcr Abschleppdienste (rund um die Uhr), Inspektionen f\u00fcr Fahrzeuge und Ger\u00e4te, Ersatzteillager und Kraftstoffeinkauf. Die t\u00e4glichen Wartungs- und Reparaturarbeiten werden \u00fcberwiegend von hauseigenen Mechanikern durchgef\u00fchrt. Umfangreichere und komplexere Reparaturen, die spezielles technisches Fachwissen erfordern, werden extern vergeben.\n\t<h3>Bis 2025 soll die H\u00e4lfte aller Stadtfahrzeuge umweltfreundlich sein<\/h3>\n\t\t<h3>Kontakte<\/h3>\n\t<strong>Elizabeth Miro<\/strong><br \/>\nAnlagen- und Flottenmanagement, stellvertretender Direktor<br \/>\n<a href=\"mailto:elizabethmiro@miamibeachfl.gov\">elizabethmiro@miamibeachfl.gov<\/a>\n<strong>Carlos Berriz<br \/>\n<\/strong>Direktor der Abteilung Flottenmanagement<br \/>\n<a href=\"mailto:carlosberriz@miamibeachfl.gov\">carlosberriz@miamibeachfl.gov<\/a>\n<strong>Javier del Rio<\/strong><br \/>\nStellvertretender Direktor der Abteilung Flottenmanagement<br \/>\n<a href=\"mailto:javierdelrio@miamibeachfl.gov\">javierdelrio@miamibeachfl.gov<\/a>\n<strong>Alian Gonzalez<\/strong><br \/>\nFlottenmanager<br \/>\n<a href=\"mailto:aliangonzalez@miamibeachfl.gov\">aliangonzalez@miamibeachfl.gov<\/a>\n<strong>Aida Rodriguez<\/strong><br \/>\nLeitender Verwaltungsmanager<br \/>\n<a href=\"mailto:aidarodriguez@miamibeachfl.gov\">aidarodriguez@miamibeachfl.gov<\/a>\n<strong>Monica Matteo-Salinas<\/strong><br \/>\nB\u00fcromitarbeiter V<br \/>\n<a href=\"mailto:carolinehernandez@miamibeachfl.gov\">monicasalinas@miamibeachfl.gov<\/a>\n<strong>Caroline Hernandez<\/strong><br \/>\nB\u00fcromitarbeiter III<br \/>\n<a href=\"mailto:carolinehernandez@miamibeachfl.gov\">carolinehernandez@miamibeachfl.gov<\/a>\n<strong>Rafael Avila<\/strong><br \/>\nLeiter des Flottenbetriebs<br \/>\n<a href=\"mailto:rafaelavila@miamibeachfl.gov\">rafaelavila@miamibeachfl.gov<\/a>\n<strong>Jared Johnson<\/strong><br \/>\nFlottenservice-Mitarbeiter<br \/>\n<a href=\"mailto:jaredjohnson@miamibeachfl.gov\">jaredjohnson@miamibeachfl.gov<\/a>\n<strong>Frank Dome III<\/strong><br \/>\nFlottenservice-Mitarbeiter<br \/>\n<a href=\"mailto:frankdome@miamibeachfl.gov\">frankdome@miamibeachfl.gov<\/a>\n\t\t<h3>Elizabeth Miro<\/h3>Stellvertretender Direktor f\u00fcr Anlagen- und Flottenmanagement\n\t<ul>\n\t\t<li><a href=\"https:\/\/maps.app.goo.gl\/P2U27MCrP7DEyQqp8\" target=\"_blank\" rel=\"noopener\" aria-label=\"Gehen Sie zu https:\/\/maps.app.goo.gl\/P2U27MCrP7DEyQqp8\">\t\t\t\t\n\t\t<h3>Hauptb\u00fcro:<\/h3><p>1833 Bay Road,<br \/>Miami Beach, FL 33139<\/p><\/a><\/li><li><a href=\"tel:3056737631\" target=\"_self\"  aria-label=\"Gehen Sie zu Tel.: 3056737631\">\t\t\t\t\n\t\t<h3>Hauptnummer:<\/h3><p>305.673.7631<\/p><\/a><\/li><li>\t\t\t\t\n\t\t<h3>\u00d6ffnungszeiten:<\/h3><p>Montag \u2013 Freitag<br \/>7:30 \u2013 17:00 Uhr<\/p><\/li><li><a href=\"https:\/\/www.miamibeachfl.gov\/de\/city-hall\/facilities-and-fleet-management\/additional-contacts\/\" target=\"_self\"  aria-label=\"Gehen Sie zu https:\/\/www.miamibeachfl.gov\/city-hall\/facilities-and-fleet-management\/additional-contacts\/\">\t\t\t\t\n\t\t<h3>Zus\u00e4tzliche Kontaktinformationen<\/h3><\/a><\/li>\t<\/ul>","protected":false},"excerpt":{"rendered":"<p>Anlagen- und Flottenmanagement Anlagen-\/Flottenmanagement Men\u00fc Verm\u00f6gensverwaltung Anlagenmanagement Flottenmanagement Problem melden Strandkonzessionsgenehmigung Anlagen\/Flotte [\u2026]<\/p>","protected":false},"author":329,"featured_media":0,"parent":314040,"menu_order":147,"comment_status":"closed","ping_status":"closed","template":"","meta":{"_searchwp_excluded":"","site-sidebar-layout":"default","site-content-layout":"","ast-site-content-layout":"default","site-content-style":"default","site-sidebar-style":"default","ast-global-header-display":"","ast-banner-title-visibility":"","ast-main-header-display":"","ast-hfb-above-header-display":"","ast-hfb-below-header-display":"","ast-hfb-mobile-header-display":"","site-post-title":"","ast-breadcrumbs-content":"","ast-featured-img":"","footer-sml-layout":"","theme-transparent-header-meta":"","adv-header-id-meta":"","stick-header-meta":"","header-above-stick-meta":"","header-main-stick-meta":"","header-below-stick-meta":"","astra-migrate-meta-layouts":"default","ast-page-background-enabled":"default","ast-page-background-meta":{"desktop":{"background-color":"var(--ast-global-color-5)","background-image":"","background-repeat":"repeat","background-position":"center center","background-size":"auto","background-attachment":"scroll","background-type":"","background-media":"","overlay-type":"","overlay-color":"","overlay-opacity":"","overlay-gradient":""},"tablet":{"background-color":"","background-image":"","background-repeat":"repeat","background-position":"center center","background-size":"auto","background-attachment":"scroll","background-type":"","background-media":"","overlay-type":"","overlay-color":"","overlay-opacity":"","overlay-gradient":""},"mobile":{"background-color":"","background-image":"","background-repeat":"repeat","background-position":"center center","background-size":"auto","background-attachment":"scroll","background-type":"","background-media":"","overlay-type":"","overlay-color":"","overlay-opacity":"","overlay-gradient":""}},"ast-content-background-meta":{"desktop":{"background-color":"var(--ast-global-color-4)","background-image":"","background-repeat":"repeat","background-position":"center center","background-size":"auto","background-attachment":"scroll","background-type":"","background-media":"","overlay-type":"","overlay-color":"","overlay-opacity":"","overlay-gradient":""},"tablet":{"background-color":"var(--ast-global-color-4)","background-image":"","background-repeat":"repeat","background-position":"center center","background-size":"auto","background-attachment":"scroll","background-type":"","background-media":"","overlay-type":"","overlay-color":"","overlay-opacity":"","overlay-gradient":""},"mobile":{"background-color":"var(--ast-global-color-4)","background-image":"","background-repeat":"repeat","background-position":"center center","background-size":"auto","background-attachment":"scroll","background-type":"","background-media":"","overlay-type":"","overlay-color":"","overlay-opacity":"","overlay-gradient":""}},"footnotes":""},"categories":[1],"tags":[],"class_list":["post-318012","page","type-page","status-publish","hentry","category-uncategorized"],"yoast_head":"<!-- This site is optimized with the Yoast SEO Premium plugin v26.6 (Yoast SEO v26.6) - https:\/\/yoast.com\/wordpress\/plugins\/seo\/ -->\n<title>Fleet Management - City of Miami Beach<\/title>\n<meta name=\"description\" content=\"%\" \/>\n<meta name=\"robots\" content=\"index, follow, max-snippet:-1, max-image-preview:large, max-video-preview:-1\" \/>\n<link rel=\"canonical\" href=\"https:\/\/www.miamibeachfl.gov\/de\/city-hall\/facilities-and-fleet-management\/fleet-management\/\" \/>\n<meta property=\"og:locale\" content=\"de_DE\" \/>\n<meta property=\"og:type\" content=\"article\" \/>\n<meta property=\"og:title\" content=\"Fleet Management\" \/>\n<meta property=\"og:description\" content=\"%\" \/>\n<meta property=\"og:url\" content=\"https:\/\/www.miamibeachfl.gov\/de\/city-hall\/facilities-and-fleet-management\/fleet-management\/\" \/>\n<meta property=\"og:site_name\" content=\"City of Miami Beach\" \/>\n<meta property=\"article:publisher\" content=\"https:\/\/www.facebook.com\/cityofmiamibeach\" \/>\n<meta property=\"article:modified_time\" content=\"2025-09-25T16:20:59+00:00\" \/>\n<meta property=\"og:image\" content=\"https:\/\/www.miamibeachfl.gov\/wp-content\/uploads\/2024\/01\/1000pxSquare-miamibeach-aerial-southpointview.jpeg\" \/>\n\t<meta property=\"og:image:width\" content=\"1000\" \/>\n\t<meta property=\"og:image:height\" content=\"1000\" \/>\n\t<meta property=\"og:image:type\" content=\"image\/jpeg\" \/>\n<meta name=\"twitter:card\" content=\"summary_large_image\" \/>\n<meta name=\"twitter:site\" content=\"@Miamibeachnews\" \/>\n<script type=\"application\/ld+json\" class=\"yoast-schema-graph\">{\"@context\":\"https:\/\/schema.org\",\"@graph\":[{\"@type\":\"WebPage\",\"@id\":\"https:\/\/www.miamibeachfl.gov\/city-hall\/facilities-and-fleet-management\/fleet-management\/\",\"url\":\"https:\/\/www.miamibeachfl.gov\/city-hall\/facilities-and-fleet-management\/fleet-management\/\",\"name\":\"Fleet Management - City of Miami Beach\",\"isPartOf\":{\"@id\":\"https:\/\/www.miamibeachfl.gov\/#website\"},\"datePublished\":\"2024-05-31T19:58:48+00:00\",\"dateModified\":\"2025-09-25T16:20:59+00:00\",\"description\":\"%\",\"breadcrumb\":{\"@id\":\"https:\/\/www.miamibeachfl.gov\/city-hall\/facilities-and-fleet-management\/fleet-management\/#breadcrumb\"},\"inLanguage\":\"de\",\"potentialAction\":[{\"@type\":\"ReadAction\",\"target\":[\"https:\/\/www.miamibeachfl.gov\/city-hall\/facilities-and-fleet-management\/fleet-management\/\"]}]},{\"@type\":\"BreadcrumbList\",\"@id\":\"https:\/\/www.miamibeachfl.gov\/city-hall\/facilities-and-fleet-management\/fleet-management\/#breadcrumb\",\"itemListElement\":[{\"@type\":\"ListItem\",\"position\":1,\"name\":\"Home\",\"item\":\"https:\/\/www.miamibeachfl.gov\/\"},{\"@type\":\"ListItem\",\"position\":2,\"name\":\"City Hall\",\"item\":\"https:\/\/www.miamibeachfl.gov\/city-hall\/\"},{\"@type\":\"ListItem\",\"position\":3,\"name\":\"Facilities &#038; Fleet Management\",\"item\":\"https:\/\/www.miamibeachfl.gov\/city-hall\/facilities-and-fleet-management\/\"},{\"@type\":\"ListItem\",\"position\":4,\"name\":\"Fleet Management\"}]},{\"@type\":\"WebSite\",\"@id\":\"https:\/\/www.miamibeachfl.gov\/#website\",\"url\":\"https:\/\/www.miamibeachfl.gov\/\",\"name\":\"City of Miami Beach\",\"description\":\"The official website of the City of Miami Beach. Stay informed, find important information on city services, news, alerts, events, trolley routes, government employment and more.\",\"publisher\":{\"@id\":\"https:\/\/www.miamibeachfl.gov\/#organization\"},\"potentialAction\":[{\"@type\":\"SearchAction\",\"target\":{\"@type\":\"EntryPoint\",\"urlTemplate\":\"https:\/\/www.miamibeachfl.gov\/?s={search_term_string}\"},\"query-input\":{\"@type\":\"PropertyValueSpecification\",\"valueRequired\":true,\"valueName\":\"search_term_string\"}}],\"inLanguage\":\"de\"},{\"@type\":\"Organization\",\"@id\":\"https:\/\/www.miamibeachfl.gov\/#organization\",\"name\":\"City of Miami Beach\",\"url\":\"https:\/\/www.miamibeachfl.gov\/\",\"logo\":{\"@type\":\"ImageObject\",\"inLanguage\":\"de\",\"@id\":\"https:\/\/www.miamibeachfl.gov\/#\/schema\/logo\/image\/\",\"url\":\"https:\/\/www.miamibeachfl.gov\/wp-content\/uploads\/2022\/06\/miamibeach-logoblue.png\",\"contentUrl\":\"https:\/\/www.miamibeachfl.gov\/wp-content\/uploads\/2022\/06\/miamibeach-logoblue.png\",\"width\":1962,\"height\":381,\"caption\":\"City of Miami Beach\"},\"image\":{\"@id\":\"https:\/\/www.miamibeachfl.gov\/#\/schema\/logo\/image\/\"},\"sameAs\":[\"https:\/\/www.facebook.com\/cityofmiamibeach\",\"https:\/\/x.com\/Miamibeachnews\",\"https:\/\/www.instagram.com\/miamibeachnews\/\"],\"description\":\"The official website of the City of Miami Beach. Stay informed, find important information on city services, news, alerts, events, trolley routes, government employment and more.\",\"telephone\":\"305.604.CITY(2489)\",\"legalName\":\"City of Miami Beach\"}]}<\/script>\n<!-- \/ Yoast SEO Premium plugin. -->","yoast_head_json":{"title":"Flottenmanagement \u2013 Stadt Miami Beach","description":"%","robots":{"index":"index","follow":"follow","max-snippet":"max-snippet:-1","max-image-preview":"max-image-preview:large","max-video-preview":"max-video-preview:-1"},"canonical":"https:\/\/www.miamibeachfl.gov\/de\/city-hall\/facilities-and-fleet-management\/fleet-management\/","og_locale":"de_DE","og_type":"article","og_title":"Fleet Management","og_description":"%","og_url":"https:\/\/www.miamibeachfl.gov\/de\/city-hall\/facilities-and-fleet-management\/fleet-management\/","og_site_name":"City of Miami Beach","article_publisher":"https:\/\/www.facebook.com\/cityofmiamibeach","article_modified_time":"2025-09-25T16:20:59+00:00","og_image":[{"width":1000,"height":1000,"url":"https:\/\/www.miamibeachfl.gov\/wp-content\/uploads\/2024\/01\/1000pxSquare-miamibeach-aerial-southpointview.jpeg","type":"image\/jpeg"}],"twitter_card":"summary_large_image","twitter_site":"@Miamibeachnews","schema":{"@context":"https:\/\/schema.org","@graph":[{"@type":"WebPage","@id":"https:\/\/www.miamibeachfl.gov\/city-hall\/facilities-and-fleet-management\/fleet-management\/","url":"https:\/\/www.miamibeachfl.gov\/city-hall\/facilities-and-fleet-management\/fleet-management\/","name":"Flottenmanagement \u2013 Stadt Miami Beach","isPartOf":{"@id":"https:\/\/www.miamibeachfl.gov\/#website"},"datePublished":"2024-05-31T19:58:48+00:00","dateModified":"2025-09-25T16:20:59+00:00","description":"%","breadcrumb":{"@id":"https:\/\/www.miamibeachfl.gov\/city-hall\/facilities-and-fleet-management\/fleet-management\/#breadcrumb"},"inLanguage":"de","potentialAction":[{"@type":"ReadAction","target":["https:\/\/www.miamibeachfl.gov\/city-hall\/facilities-and-fleet-management\/fleet-management\/"]}]},{"@type":"BreadcrumbList","@id":"https:\/\/www.miamibeachfl.gov\/city-hall\/facilities-and-fleet-management\/fleet-management\/#breadcrumb","itemListElement":[{"@type":"ListItem","position":1,"name":"Home","item":"https:\/\/www.miamibeachfl.gov\/"},{"@type":"ListItem","position":2,"name":"City Hall","item":"https:\/\/www.miamibeachfl.gov\/city-hall\/"},{"@type":"ListItem","position":3,"name":"Facilities &#038; Fleet Management","item":"https:\/\/www.miamibeachfl.gov\/city-hall\/facilities-and-fleet-management\/"},{"@type":"ListItem","position":4,"name":"Fleet Management"}]},{"@type":"WebSite","@id":"https:\/\/www.miamibeachfl.gov\/#website","url":"https:\/\/www.miamibeachfl.gov\/","name":"Stadt Miami Beach","description":"Die offizielle Website der Stadt Miami Beach. Bleiben Sie informiert und finden Sie wichtige Informationen zu st\u00e4dtischen Dienstleistungen, Neuigkeiten, Warnungen, Veranstaltungen, Stra\u00dfenbahnlinien, Stellenangeboten im \u00f6ffentlichen Dienst und mehr.","publisher":{"@id":"https:\/\/www.miamibeachfl.gov\/#organization"},"potentialAction":[{"@type":"SearchAction","target":{"@type":"EntryPoint","urlTemplate":"https:\/\/www.miamibeachfl.gov\/?s={search_term_string}"},"query-input":{"@type":"PropertyValueSpecification","valueRequired":true,"valueName":"search_term_string"}}],"inLanguage":"de"},{"@type":"Organization","@id":"https:\/\/www.miamibeachfl.gov\/#organization","name":"Stadt Miami Beach","url":"https:\/\/www.miamibeachfl.gov\/","logo":{"@type":"ImageObject","inLanguage":"de","@id":"https:\/\/www.miamibeachfl.gov\/#\/schema\/logo\/image\/","url":"https:\/\/www.miamibeachfl.gov\/wp-content\/uploads\/2022\/06\/miamibeach-logoblue.png","contentUrl":"https:\/\/www.miamibeachfl.gov\/wp-content\/uploads\/2022\/06\/miamibeach-logoblue.png","width":1962,"height":381,"caption":"City of Miami Beach"},"image":{"@id":"https:\/\/www.miamibeachfl.gov\/#\/schema\/logo\/image\/"},"sameAs":["https:\/\/www.facebook.com\/cityofmiamibeach","https:\/\/x.com\/Miamibeachnews","https:\/\/www.instagram.com\/miamibeachnews\/"],"description":"Die offizielle Website der Stadt Miami Beach. Bleiben Sie informiert und finden Sie wichtige Informationen zu st\u00e4dtischen Dienstleistungen, Neuigkeiten, Warnungen, Veranstaltungen, Stra\u00dfenbahnlinien, Stellenangeboten im \u00f6ffentlichen Dienst und mehr.","telephone":"305.604.CITY(2489)","legalName":"City of Miami Beach"}]}},"_links":{"self":[{"href":"https:\/\/www.miamibeachfl.gov\/de\/wp-json\/wp\/v2\/pages\/318012","targetHints":{"allow":["GET"]}}],"collection":[{"href":"https:\/\/www.miamibeachfl.gov\/de\/wp-json\/wp\/v2\/pages"}],"about":[{"href":"https:\/\/www.miamibeachfl.gov\/de\/wp-json\/wp\/v2\/types\/page"}],"author":[{"embeddable":true,"href":"https:\/\/www.miamibeachfl.gov\/de\/wp-json\/wp\/v2\/users\/329"}],"replies":[{"embeddable":true,"href":"https:\/\/www.miamibeachfl.gov\/de\/wp-json\/wp\/v2\/comments?post=318012"}],"version-history":[{"count":0,"href":"https:\/\/www.miamibeachfl.gov\/de\/wp-json\/wp\/v2\/pages\/318012\/revisions"}],"up":[{"embeddable":true,"href":"https:\/\/www.miamibeachfl.gov\/de\/wp-json\/wp\/v2\/pages\/314040"}],"wp:attachment":[{"href":"https:\/\/www.miamibeachfl.gov\/de\/wp-json\/wp\/v2\/media?parent=318012"}],"wp:term":[{"taxonomy":"category","embeddable":true,"href":"https:\/\/www.miamibeachfl.gov\/de\/wp-json\/wp\/v2\/categories?post=318012"},{"taxonomy":"post_tag","embeddable":true,"href":"https:\/\/www.miamibeachfl.gov\/de\/wp-json\/wp\/v2\/tags?post=318012"}],"curies":[{"name":"wp","href":"https:\/\/api.w.org\/{rel}","templated":true}]}}