{"id":319949,"date":"2024-06-05T15:58:56","date_gmt":"2024-06-05T19:58:56","guid":{"rendered":"https:\/\/www.miamibeachfl.gov\/?page_id=319949"},"modified":"2026-01-15T13:48:06","modified_gmt":"2026-01-15T18:48:06","slug":"meetings-and-agendas","status":"publish","type":"page","link":"https:\/\/www.miamibeachfl.gov\/de\/city-hall\/city-clerk\/meetings-and-agendas\/","title":{"rendered":"Sitzungen und Tagesordnungen der Stadt Miami Beach"},"content":{"rendered":"<h1>\n\t\t\tMeetings und Tagesordnungen der Stadt Miami Beach\t<\/h1>\nStadtschreiber-Men\u00fc\t\t\t\n\t\t\t\t\t<ul id=\"menu-city-clerk\"><li id=\"menu-item-317005\"><a href=\"\/de\/city-hall\/city-clerk\/\">Stadtschreiber<\/a><\/li>\n<li id=\"menu-item-258831\"><a href=\"\/de\/city-hall\/city-clerk\/public-records-request\/\">\u00d6ffentliche Aufzeichnungen<\/a><\/li>\n<li id=\"menu-item-258832\"><a href=\"\/de\/city-hall\/city-clerk\/meetings-and-agendas\/\">Agenden<\/a><\/li>\n<li id=\"menu-item-258833\"><a href=\"\/de\/city-hall\/city-clerk\/forms\/\">Formulare<\/a><\/li>\n<li id=\"menu-item-258834\"><a href=\"\/de\/city-hall\/city-clerk\/boards-and-committees\/\">Gremien und Aussch\u00fcsse<\/a><\/li>\n<li id=\"menu-item-258835\"><a href=\"\/de\/city-hall\/city-clerk\/election-information\/\">Wahlinformationen<\/a><\/li>\n<li id=\"menu-item-258836\"><a href=\"\/de\/city-hall\/city-clerk\/notification-system\/\">Benachrichtigungen<\/a><\/li>\n<li id=\"menu-item-258837\"><a href=\"\/de\/city-hall\/city-clerk\/public-records-request\/additional-contacts\/\">Kontaktieren Sie uns<\/a><\/li>\n<\/ul>\t\nStadtschreiber Men\u00fc \u00d7\t\t\t\t\t\t<ul id=\"menu-city-clerk-1\"><li id=\"menu-item-317005\"><a href=\"\/de\/city-hall\/city-clerk\/\">Stadtschreiber<\/a><\/li>\n<li id=\"menu-item-258831\"><a href=\"\/de\/city-hall\/city-clerk\/public-records-request\/\">\u00d6ffentliche Aufzeichnungen<\/a><\/li>\n<li id=\"menu-item-258832\"><a href=\"\/de\/city-hall\/city-clerk\/meetings-and-agendas\/\">Agenden<\/a><\/li>\n<li id=\"menu-item-258833\"><a href=\"\/de\/city-hall\/city-clerk\/forms\/\">Formulare<\/a><\/li>\n<li id=\"menu-item-258834\"><a href=\"\/de\/city-hall\/city-clerk\/boards-and-committees\/\">Gremien und Aussch\u00fcsse<\/a><\/li>\n<li id=\"menu-item-258835\"><a href=\"\/de\/city-hall\/city-clerk\/election-information\/\">Wahlinformationen<\/a><\/li>\n<li id=\"menu-item-258836\"><a href=\"\/de\/city-hall\/city-clerk\/notification-system\/\">Benachrichtigungen<\/a><\/li>\n<li id=\"menu-item-258837\"><a href=\"\/de\/city-hall\/city-clerk\/public-records-request\/additional-contacts\/\">Kontaktieren Sie uns<\/a><\/li>\n<\/ul>\t\t\t\t\n\t<p>Der <b>Sitzungen und Tagesordnungen der Stadt Miami Beach<\/b>\u00a0Bietet Zugriff auf Informationen zu bevorstehenden und vergangenen Sitzungen der Stadt Miami Beach, einschlie\u00dflich Tagesordnungen, Protokollen und Videoaufzeichnungen. Die Informationen dienen den Einwohnern als Ressource, um \u00fcber die Abl\u00e4ufe der Stadtverwaltung informiert zu bleiben und an lokalen Entscheidungen mitzuwirken.<\/p>\n\t<iframe loading=\"lazy\" title=\"Kommissions- und Vorstandssitzungen anzeigen\" src=\"https:\/\/miamibeachfl.primegov.com\/public\/portal?fromiframe=true\" name=\"cityofmiamibeach\" width=\"100%\" height=\"1200\" frameborder=\"0\"><\/iframe>\n\t\t\t<a href=\"\/de\/city-hall\/city-clerk\/meetings-and-agendas\/sound-search\/\" target=\"_blank\" rel=\"noopener\">\n\t\t\t\t\t\tSoundsuche\n\t\t\t\t\t<\/a>\n\t\t\t<a href=\"\/de\/city-hall\/city-clerk\/special-magistrate\/\" target=\"_blank\" rel=\"noopener\">\n\t\t\t\t\t\t\tSonderrichter<br \/> Tagesordnungen &amp; Informationen\n\t\t\t\t\t<\/a>\n\t\t\t<a href=\"\/de\/city-hall\/city-clerk\/city-commission-meeting-dates\/\" target=\"_blank\" rel=\"noopener\">\n\t\t\t\t\t\t\tTermine der Stadtratssitzungen\n\t\t\t\t\t<\/a>\n\t\t\t<a href=\"\/de\/city-hall\/city-clerk\/agenda-archive-main-page-2\/archive\/\" target=\"_blank\" rel=\"noopener\">\n\t\t\t\t\t\tTagesordnungen und Sitzungsprotokolle der Kommissionssitzungen und Kommissionsausschusssitzungen vor dem 26. Juni 2024\n\t\t\t\t\t<\/a>\n\t\t\t<a href=\"\/de\/city-hall\/city-clerk\/agenda-archive-main-page-2\/archive\/\" target=\"_blank\" rel=\"noopener\">\n\t\t\t\t\t\tTagesordnungen und Sitzungsprotokolle der Landnutzungsaussch\u00fcsse vor dem 1. August 2024\n\t\t\t\t\t<\/a>\n\t\t\t<a href=\"https:\/\/docmgmt.miamibeachfl.gov\/WebLink\/Browse.aspx?id=217585&#038;dbid=0&#038;repo=CityClerk&#038;cr=1\" target=\"_blank\" rel=\"noopener\">\n\t\t\t\t\t\tTagesordnungen der Kommissionssitzungen und Tagesordnungen nach Ma\u00dfnahmen vor dem 20. Juli 2016\n\t\t\t\t\t<\/a>\n\t\t\t<a href=\"\/de\/city-hall\/city-clerk\/agenda-archive-main-page-2\/archived-agendas-after-actions-schedules\/\" target=\"_blank\" rel=\"noopener\">\n\t\t\t\t\t\tNachbericht und Sitzungsprotokolle der Landnutzungsaussch\u00fcsse vor M\u00e4rz 2016\n\t\t\t\t\t<\/a>","protected":false},"excerpt":{"rendered":"<p>City of Miami Beach Meetings &#038; Agendas City Clerk Menu City Clerk Public Records Agendas Forms Boards &#038; Committees Election [&hellip;]<\/p>\n","protected":false},"author":329,"featured_media":244241,"parent":28337,"menu_order":92,"comment_status":"closed","ping_status":"closed","template":"","meta":{"_searchwp_excluded":"","site-sidebar-layout":"default","site-content-layout":"","ast-site-content-layout":"default","site-content-style":"default","site-sidebar-style":"default","ast-global-header-display":"","ast-banner-title-visibility":"","ast-main-header-display":"","ast-hfb-above-header-display":"","ast-hfb-below-header-display":"","ast-hfb-mobile-header-display":"","site-post-title":"","ast-breadcrumbs-content":"","ast-featured-img":"","footer-sml-layout":"","ast-disable-related-posts":"","theme-transparent-header-meta":"","adv-header-id-meta":"","stick-header-meta":"","header-above-stick-meta":"","header-main-stick-meta":"","header-below-stick-meta":"","astra-migrate-meta-layouts":"default","ast-page-background-enabled":"default","ast-page-background-meta":{"desktop":{"background-color":"var(--ast-global-color-5)","background-image":"","background-repeat":"repeat","background-position":"center center","background-size":"auto","background-attachment":"scroll","background-type":"","background-media":"","overlay-type":"","overlay-color":"","overlay-opacity":"","overlay-gradient":""},"tablet":{"background-color":"","background-image":"","background-repeat":"repeat","background-position":"center center","background-size":"auto","background-attachment":"scroll","background-type":"","background-media":"","overlay-type":"","overlay-color":"","overlay-opacity":"","overlay-gradient":""},"mobile":{"background-color":"","background-image":"","background-repeat":"repeat","background-position":"center center","background-size":"auto","background-attachment":"scroll","background-type":"","background-media":"","overlay-type":"","overlay-color":"","overlay-opacity":"","overlay-gradient":""}},"ast-content-background-meta":{"desktop":{"background-color":"var(--ast-global-color-4)","background-image":"","background-repeat":"repeat","background-position":"center center","background-size":"auto","background-attachment":"scroll","background-type":"","background-media":"","overlay-type":"","overlay-color":"","overlay-opacity":"","overlay-gradient":""},"tablet":{"background-color":"var(--ast-global-color-4)","background-image":"","background-repeat":"repeat","background-position":"center center","background-size":"auto","background-attachment":"scroll","background-type":"","background-media":"","overlay-type":"","overlay-color":"","overlay-opacity":"","overlay-gradient":""},"mobile":{"background-color":"var(--ast-global-color-4)","background-image":"","background-repeat":"repeat","background-position":"center center","background-size":"auto","background-attachment":"scroll","background-type":"","background-media":"","overlay-type":"","overlay-color":"","overlay-opacity":"","overlay-gradient":""}},"footnotes":""},"categories":[1761],"tags":[],"class_list":["post-319949","page","type-page","status-publish","has-post-thumbnail","hentry","category-government"],"yoast_head":"<!-- This site is optimized with the Yoast SEO Premium plugin v27.4 (Yoast SEO v27.4) - https:\/\/yoast.com\/product\/yoast-seo-premium-wordpress\/ -->\n<title>City of Miami Beach Meetings and Agendas - City of Miami Beach<\/title>\n<meta name=\"description\" content=\"The City of Miami Beach Meetings and Agendas provides access to information about upcoming and past City of Miami Beach meetings, including agendas, minutes and video recordings. It serves as a resource for residents to stay informed about city government proceedings and participate in local decision-making.\" \/>\n<meta name=\"robots\" content=\"index, follow, max-snippet:-1, max-image-preview:large, max-video-preview:-1\" \/>\n<link rel=\"canonical\" href=\"https:\/\/www.miamibeachfl.gov\/de\/city-hall\/city-clerk\/meetings-and-agendas\/\" \/>\n<meta property=\"og:locale\" content=\"de_DE\" \/>\n<meta property=\"og:type\" content=\"article\" \/>\n<meta property=\"og:title\" content=\"City of Miami Beach Meetings and Agendas\" \/>\n<meta property=\"og:description\" content=\"The City of Miami Beach Meetings and Agendas provides access to information about upcoming and past City of Miami Beach meetings, including agendas, minutes and video recordings. It serves as a resource for residents to stay informed about city government proceedings and participate in local decision-making.\" \/>\n<meta property=\"og:url\" content=\"https:\/\/www.miamibeachfl.gov\/de\/city-hall\/city-clerk\/meetings-and-agendas\/\" \/>\n<meta property=\"og:site_name\" content=\"City of Miami Beach\" \/>\n<meta property=\"article:publisher\" content=\"https:\/\/www.facebook.com\/cityofmiamibeach\" \/>\n<meta property=\"article:modified_time\" content=\"2026-01-15T18:48:06+00:00\" \/>\n<meta property=\"og:image\" content=\"https:\/\/www.miamibeachfl.gov\/wp-content\/uploads\/2023\/01\/office-meeting.jpg\" \/>\n\t<meta property=\"og:image:width\" content=\"1000\" \/>\n\t<meta property=\"og:image:height\" content=\"1000\" \/>\n\t<meta property=\"og:image:type\" content=\"image\/jpeg\" \/>\n<meta name=\"twitter:card\" content=\"summary_large_image\" \/>\n<meta name=\"twitter:site\" content=\"@Miamibeachnews\" \/>\n<script type=\"application\/ld+json\" class=\"yoast-schema-graph\">{\"@context\":\"https:\\\/\\\/schema.org\",\"@graph\":[{\"@type\":\"WebPage\",\"@id\":\"https:\\\/\\\/www.miamibeachfl.gov\\\/city-hall\\\/city-clerk\\\/meetings-and-agendas\\\/\",\"url\":\"https:\\\/\\\/www.miamibeachfl.gov\\\/city-hall\\\/city-clerk\\\/meetings-and-agendas\\\/\",\"name\":\"City of Miami Beach Meetings and Agendas - City of Miami Beach\",\"isPartOf\":{\"@id\":\"https:\\\/\\\/www.miamibeachfl.gov\\\/#website\"},\"primaryImageOfPage\":{\"@id\":\"https:\\\/\\\/www.miamibeachfl.gov\\\/city-hall\\\/city-clerk\\\/meetings-and-agendas\\\/#primaryimage\"},\"image\":{\"@id\":\"https:\\\/\\\/www.miamibeachfl.gov\\\/city-hall\\\/city-clerk\\\/meetings-and-agendas\\\/#primaryimage\"},\"thumbnailUrl\":\"https:\\\/\\\/www.miamibeachfl.gov\\\/wp-content\\\/uploads\\\/2023\\\/01\\\/office-meeting.jpg\",\"datePublished\":\"2024-06-05T19:58:56+00:00\",\"dateModified\":\"2026-01-15T18:48:06+00:00\",\"description\":\"The City of Miami Beach Meetings and Agendas provides access to information about upcoming and past City of Miami Beach meetings, including agendas, minutes and video recordings. It serves as a resource for residents to stay informed about city government proceedings and participate in local decision-making.\",\"breadcrumb\":{\"@id\":\"https:\\\/\\\/www.miamibeachfl.gov\\\/city-hall\\\/city-clerk\\\/meetings-and-agendas\\\/#breadcrumb\"},\"inLanguage\":\"de\",\"potentialAction\":[{\"@type\":\"ReadAction\",\"target\":[\"https:\\\/\\\/www.miamibeachfl.gov\\\/city-hall\\\/city-clerk\\\/meetings-and-agendas\\\/\"]}]},{\"@type\":\"ImageObject\",\"inLanguage\":\"de\",\"@id\":\"https:\\\/\\\/www.miamibeachfl.gov\\\/city-hall\\\/city-clerk\\\/meetings-and-agendas\\\/#primaryimage\",\"url\":\"https:\\\/\\\/www.miamibeachfl.gov\\\/wp-content\\\/uploads\\\/2023\\\/01\\\/office-meeting.jpg\",\"contentUrl\":\"https:\\\/\\\/www.miamibeachfl.gov\\\/wp-content\\\/uploads\\\/2023\\\/01\\\/office-meeting.jpg\",\"width\":1000,\"height\":1000,\"caption\":\"Office Meeting\"},{\"@type\":\"BreadcrumbList\",\"@id\":\"https:\\\/\\\/www.miamibeachfl.gov\\\/city-hall\\\/city-clerk\\\/meetings-and-agendas\\\/#breadcrumb\",\"itemListElement\":[{\"@type\":\"ListItem\",\"position\":1,\"name\":\"Home\",\"item\":\"https:\\\/\\\/www.miamibeachfl.gov\\\/\"},{\"@type\":\"ListItem\",\"position\":2,\"name\":\"City Hall\",\"item\":\"https:\\\/\\\/www.miamibeachfl.gov\\\/city-hall\\\/\"},{\"@type\":\"ListItem\",\"position\":3,\"name\":\"City Clerk\",\"item\":\"https:\\\/\\\/www.miamibeachfl.gov\\\/city-hall\\\/city-clerk\\\/\"},{\"@type\":\"ListItem\",\"position\":4,\"name\":\"City of Miami Beach Meetings and Agendas\"}]},{\"@type\":\"WebSite\",\"@id\":\"https:\\\/\\\/www.miamibeachfl.gov\\\/#website\",\"url\":\"https:\\\/\\\/www.miamibeachfl.gov\\\/\",\"name\":\"City of Miami Beach\",\"description\":\"The official website of the City of Miami Beach. Stay informed, find important information on city services, news, alerts, events, trolley routes, government employment and more.\",\"publisher\":{\"@id\":\"https:\\\/\\\/www.miamibeachfl.gov\\\/#organization\"},\"potentialAction\":[{\"@type\":\"SearchAction\",\"target\":{\"@type\":\"EntryPoint\",\"urlTemplate\":\"https:\\\/\\\/www.miamibeachfl.gov\\\/?s={search_term_string}\"},\"query-input\":{\"@type\":\"PropertyValueSpecification\",\"valueRequired\":true,\"valueName\":\"search_term_string\"}}],\"inLanguage\":\"de\"},{\"@type\":\"Organization\",\"@id\":\"https:\\\/\\\/www.miamibeachfl.gov\\\/#organization\",\"name\":\"City of Miami Beach\",\"url\":\"https:\\\/\\\/www.miamibeachfl.gov\\\/\",\"logo\":{\"@type\":\"ImageObject\",\"inLanguage\":\"de\",\"@id\":\"https:\\\/\\\/www.miamibeachfl.gov\\\/#\\\/schema\\\/logo\\\/image\\\/\",\"url\":\"https:\\\/\\\/www.miamibeachfl.gov\\\/wp-content\\\/uploads\\\/2022\\\/06\\\/miamibeach-logoblue.png\",\"contentUrl\":\"https:\\\/\\\/www.miamibeachfl.gov\\\/wp-content\\\/uploads\\\/2022\\\/06\\\/miamibeach-logoblue.png\",\"width\":1962,\"height\":381,\"caption\":\"City of Miami Beach\"},\"image\":{\"@id\":\"https:\\\/\\\/www.miamibeachfl.gov\\\/#\\\/schema\\\/logo\\\/image\\\/\"},\"sameAs\":[\"https:\\\/\\\/www.facebook.com\\\/cityofmiamibeach\",\"https:\\\/\\\/x.com\\\/Miamibeachnews\",\"https:\\\/\\\/www.instagram.com\\\/miamibeachnews\\\/\"],\"description\":\"The official website of the City of Miami Beach. Stay informed, find important information on city services, news, alerts, events, trolley routes, government employment and more.\",\"telephone\":\"305.604.CITY(2489)\",\"legalName\":\"City of Miami Beach\"}]}<\/script>\n<!-- \/ Yoast SEO Premium plugin. -->","yoast_head_json":{"title":"Sitzungen und Tagesordnungen der Stadt Miami Beach - Stadt Miami Beach","description":"Die Sitzungs- und Tagesordnungs\u00fcbersicht der Stadt Miami Beach bietet Zugriff auf Informationen zu bevorstehenden und vergangenen Sitzungen der Stadt Miami Beach, einschlie\u00dflich Tagesordnungen, Protokollen und Videoaufzeichnungen. Sie dient den Einwohnern als Ressource, um \u00fcber die Abl\u00e4ufe der Stadtverwaltung informiert zu bleiben und an lokalen Entscheidungen teilzunehmen.","robots":{"index":"index","follow":"follow","max-snippet":"max-snippet:-1","max-image-preview":"max-image-preview:large","max-video-preview":"max-video-preview:-1"},"canonical":"https:\/\/www.miamibeachfl.gov\/de\/city-hall\/city-clerk\/meetings-and-agendas\/","og_locale":"de_DE","og_type":"article","og_title":"City of Miami Beach Meetings and Agendas","og_description":"The City of Miami Beach Meetings and Agendas provides access to information about upcoming and past City of Miami Beach meetings, including agendas, minutes and video recordings. It serves as a resource for residents to stay informed about city government proceedings and participate in local decision-making.","og_url":"https:\/\/www.miamibeachfl.gov\/de\/city-hall\/city-clerk\/meetings-and-agendas\/","og_site_name":"City of Miami Beach","article_publisher":"https:\/\/www.facebook.com\/cityofmiamibeach","article_modified_time":"2026-01-15T18:48:06+00:00","og_image":[{"width":1000,"height":1000,"url":"https:\/\/www.miamibeachfl.gov\/wp-content\/uploads\/2023\/01\/office-meeting.jpg","type":"image\/jpeg"}],"twitter_card":"summary_large_image","twitter_site":"@Miamibeachnews","schema":{"@context":"https:\/\/schema.org","@graph":[{"@type":"WebPage","@id":"https:\/\/www.miamibeachfl.gov\/city-hall\/city-clerk\/meetings-and-agendas\/","url":"https:\/\/www.miamibeachfl.gov\/city-hall\/city-clerk\/meetings-and-agendas\/","name":"Sitzungen und Tagesordnungen der Stadt Miami Beach - Stadt Miami Beach","isPartOf":{"@id":"https:\/\/www.miamibeachfl.gov\/#website"},"primaryImageOfPage":{"@id":"https:\/\/www.miamibeachfl.gov\/city-hall\/city-clerk\/meetings-and-agendas\/#primaryimage"},"image":{"@id":"https:\/\/www.miamibeachfl.gov\/city-hall\/city-clerk\/meetings-and-agendas\/#primaryimage"},"thumbnailUrl":"https:\/\/www.miamibeachfl.gov\/wp-content\/uploads\/2023\/01\/office-meeting.jpg","datePublished":"2024-06-05T19:58:56+00:00","dateModified":"2026-01-15T18:48:06+00:00","description":"Die Sitzungs- und Tagesordnungs\u00fcbersicht der Stadt Miami Beach bietet Zugriff auf Informationen zu bevorstehenden und vergangenen Sitzungen der Stadt Miami Beach, einschlie\u00dflich Tagesordnungen, Protokollen und Videoaufzeichnungen. Sie dient den Einwohnern als Ressource, um \u00fcber die Abl\u00e4ufe der Stadtverwaltung informiert zu bleiben und an lokalen Entscheidungen teilzunehmen.","breadcrumb":{"@id":"https:\/\/www.miamibeachfl.gov\/city-hall\/city-clerk\/meetings-and-agendas\/#breadcrumb"},"inLanguage":"de","potentialAction":[{"@type":"ReadAction","target":["https:\/\/www.miamibeachfl.gov\/city-hall\/city-clerk\/meetings-and-agendas\/"]}]},{"@type":"ImageObject","inLanguage":"de","@id":"https:\/\/www.miamibeachfl.gov\/city-hall\/city-clerk\/meetings-and-agendas\/#primaryimage","url":"https:\/\/www.miamibeachfl.gov\/wp-content\/uploads\/2023\/01\/office-meeting.jpg","contentUrl":"https:\/\/www.miamibeachfl.gov\/wp-content\/uploads\/2023\/01\/office-meeting.jpg","width":1000,"height":1000,"caption":"Office Meeting"},{"@type":"BreadcrumbList","@id":"https:\/\/www.miamibeachfl.gov\/city-hall\/city-clerk\/meetings-and-agendas\/#breadcrumb","itemListElement":[{"@type":"ListItem","position":1,"name":"Home","item":"https:\/\/www.miamibeachfl.gov\/"},{"@type":"ListItem","position":2,"name":"City Hall","item":"https:\/\/www.miamibeachfl.gov\/city-hall\/"},{"@type":"ListItem","position":3,"name":"City Clerk","item":"https:\/\/www.miamibeachfl.gov\/city-hall\/city-clerk\/"},{"@type":"ListItem","position":4,"name":"City of Miami Beach Meetings and Agendas"}]},{"@type":"WebSite","@id":"https:\/\/www.miamibeachfl.gov\/#website","url":"https:\/\/www.miamibeachfl.gov\/","name":"Stadt Miami Beach","description":"Die offizielle Website der Stadt Miami Beach. Bleiben Sie informiert und finden Sie wichtige Informationen zu st\u00e4dtischen Dienstleistungen, Neuigkeiten, Warnungen, Veranstaltungen, Stra\u00dfenbahnlinien, Stellenangeboten im \u00f6ffentlichen Dienst und mehr.","publisher":{"@id":"https:\/\/www.miamibeachfl.gov\/#organization"},"potentialAction":[{"@type":"SearchAction","target":{"@type":"EntryPoint","urlTemplate":"https:\/\/www.miamibeachfl.gov\/?s={search_term_string}"},"query-input":{"@type":"PropertyValueSpecification","valueRequired":true,"valueName":"search_term_string"}}],"inLanguage":"de"},{"@type":"Organization","@id":"https:\/\/www.miamibeachfl.gov\/#organization","name":"Stadt Miami Beach","url":"https:\/\/www.miamibeachfl.gov\/","logo":{"@type":"ImageObject","inLanguage":"de","@id":"https:\/\/www.miamibeachfl.gov\/#\/schema\/logo\/image\/","url":"https:\/\/www.miamibeachfl.gov\/wp-content\/uploads\/2022\/06\/miamibeach-logoblue.png","contentUrl":"https:\/\/www.miamibeachfl.gov\/wp-content\/uploads\/2022\/06\/miamibeach-logoblue.png","width":1962,"height":381,"caption":"City of Miami Beach"},"image":{"@id":"https:\/\/www.miamibeachfl.gov\/#\/schema\/logo\/image\/"},"sameAs":["https:\/\/www.facebook.com\/cityofmiamibeach","https:\/\/x.com\/Miamibeachnews","https:\/\/www.instagram.com\/miamibeachnews\/"],"description":"Die offizielle Website der Stadt Miami Beach. Bleiben Sie informiert und finden Sie wichtige Informationen zu st\u00e4dtischen Dienstleistungen, Neuigkeiten, Warnungen, Veranstaltungen, Stra\u00dfenbahnlinien, Stellenangeboten im \u00f6ffentlichen Dienst und mehr.","telephone":"305.604.CITY(2489)","legalName":"City of Miami Beach"}]}},"_links":{"self":[{"href":"https:\/\/www.miamibeachfl.gov\/de\/wp-json\/wp\/v2\/pages\/319949","targetHints":{"allow":["GET"]}}],"collection":[{"href":"https:\/\/www.miamibeachfl.gov\/de\/wp-json\/wp\/v2\/pages"}],"about":[{"href":"https:\/\/www.miamibeachfl.gov\/de\/wp-json\/wp\/v2\/types\/page"}],"author":[{"embeddable":true,"href":"https:\/\/www.miamibeachfl.gov\/de\/wp-json\/wp\/v2\/users\/329"}],"replies":[{"embeddable":true,"href":"https:\/\/www.miamibeachfl.gov\/de\/wp-json\/wp\/v2\/comments?post=319949"}],"version-history":[{"count":5,"href":"https:\/\/www.miamibeachfl.gov\/de\/wp-json\/wp\/v2\/pages\/319949\/revisions"}],"predecessor-version":[{"id":395122,"href":"https:\/\/www.miamibeachfl.gov\/de\/wp-json\/wp\/v2\/pages\/319949\/revisions\/395122"}],"up":[{"embeddable":true,"href":"https:\/\/www.miamibeachfl.gov\/de\/wp-json\/wp\/v2\/pages\/28337"}],"wp:featuredmedia":[{"embeddable":true,"href":"https:\/\/www.miamibeachfl.gov\/de\/wp-json\/wp\/v2\/media\/244241"}],"wp:attachment":[{"href":"https:\/\/www.miamibeachfl.gov\/de\/wp-json\/wp\/v2\/media?parent=319949"}],"wp:term":[{"taxonomy":"category","embeddable":true,"href":"https:\/\/www.miamibeachfl.gov\/de\/wp-json\/wp\/v2\/categories?post=319949"},{"taxonomy":"post_tag","embeddable":true,"href":"https:\/\/www.miamibeachfl.gov\/de\/wp-json\/wp\/v2\/tags?post=319949"}],"curies":[{"name":"wp","href":"https:\/\/api.w.org\/{rel}","templated":true}]}}