{"id":346311,"date":"2024-11-04T11:30:10","date_gmt":"2024-11-04T16:30:10","guid":{"rendered":"https:\/\/www.miamibeachfl.gov\/?page_id=346311"},"modified":"2025-12-12T11:46:41","modified_gmt":"2025-12-12T16:46:41","slug":"giftprograms","status":"publish","type":"page","link":"https:\/\/www.miamibeachfl.gov\/de\/giftprograms\/","title":{"rendered":"Gedenkgeschenkprogramm"},"content":{"rendered":"<h1>\n\t\t\tGedenkgeschenkprogramme in Miami Beach\t<\/h1>\n\t<h4><strong>Suchen Sie nach einer sinnvollen M\u00f6glichkeit, einen besonderen Anlass zu feiern oder einen geliebten Menschen zu ehren? <\/strong><\/h4>\n<h4><strong>Mit den Gedenkgeschenkprogrammen der Stadt Miami Beach k\u00f6nnen Einzelpersonen und Organisationen in einer unserer malerischen Umgebungen ein bleibendes Verm\u00e4chtnis hinterlassen.<\/strong><\/h4>\n\t\t\t\t<a href=\"https:\/\/www.miamibeachfl.gov\/de\/city-hall\/parks-and-recreation\/parks-facilities-directory\/adopt-a-bench\/\"  target=\"_self\" itemprop=\"url\">\n\t\t\t\t<img decoding=\"async\" src=\"https:\/\/www.miamibeachfl.gov\/wp-content\/uploads\/2024\/11\/Bench-Square.jpeg\" alt=\"Miami Beach Bench\" itemprop=\"image\" height=\"400\" width=\"400\" title=\"Bankquadrat\" onerror=\"this.style.display='none'\" loading=\"lazy\" \/>\n\t\t\t\t<\/a>\n\t<p><strong>Adopt-A-Bench-Programm<\/strong><\/p>\n<p>Werden Sie Teil der Landschaft, indem Sie eine neue oder bestehende Bank in einem unserer ruhigen Stadtparks adoptieren. Mit diesem Programm k\u00f6nnen Sie eine besondere Person ehren oder ein Ereignis feiern und so eine einzigartige Erinnerung und einen ruhigen Ort der Besinnung schaffen.<\/p>\n\t\t\t<a href=\"\/de\/city-hall\/parks-and-recreation\/parks-facilities-directory\/adopt-a-bench\/\" target=\"_self\">\n\t\t\t\t\t\t\tWeitere Informationen\n\t\t\t\t\t<\/a>\n\t<p><strong>Adopt-A-Brick-Programm<\/strong><\/p>\n<p>Gestalten Sie einen pers\u00f6nlichen Stein am Eingang zum 26th Street Beachwalk. Gravieren Sie eine Nachricht, einen Namen oder ein Datum und schaffen Sie so eine bleibende Erinnerung an Ihre Verbundenheit mit Miami Beach. Ihr Stein versch\u00f6nert den Beachwalk und dient gleichzeitig als Erinnerung an besondere Momente in Ihrem Leben.<\/p>\n\t\t\t<a href=\"\/de\/city-hall\/parks-and-recreation\/parks-facilities-directory\/adopt-a-brick\/\" target=\"_self\">\n\t\t\t\t\t\t\tWeitere Informationen\n\t\t\t\t\t<\/a>\n\t\t\t\t<a href=\"https:\/\/www.miamibeachfl.gov\/de\/city-hall\/parks-and-recreation\/parks-facilities-directory\/adopt-a-brick\/\"  target=\"_self\" itemprop=\"url\">\n\t\t\t\t<img decoding=\"async\" src=\"https:\/\/www.miamibeachfl.gov\/wp-content\/uploads\/2024\/11\/Beach-Entrance.jpeg\" alt=\"Beachwalk entrance\" itemprop=\"image\" height=\"400\" width=\"400\" title=\"Strandeingang\" onerror=\"this.style.display='none'\" loading=\"lazy\" \/>\n\t\t\t\t<\/a>\n\t\t\t\t<a href=\"https:\/\/www.mbrisingabove.com\/climate-mitigation\/urban-forest\/#accordion-7\"  target=\"_blank\" rel=\"noopener\"  itemprop=\"url\">\n\t\t\t\t<img decoding=\"async\" src=\"https:\/\/www.miamibeachfl.gov\/wp-content\/uploads\/2024\/11\/Tree-400x400-1.jpeg\" alt=\"tree\" itemprop=\"image\" height=\"400\" width=\"400\" title=\"Baum 400x400\" onerror=\"this.style.display='none'\" loading=\"lazy\" \/>\n\t\t\t\t<\/a>\n\t<p><strong>Gedenkbaumprogramm<\/strong><\/p>\n<p><em>Pflanzen Sie mit unserem Gedenkbaum-Programm einen Baum zu Ehren eines geliebten Menschen oder eines bedeutenden Ereignisses. Jeder gepflanzte Baum tr\u00e4gt zur Sch\u00f6nheit von Miami Beach bei und schont gleichzeitig die Umwelt. Wenn der Baum w\u00e4chst, wird er als lebendiges Denkmal stehen und kommenden Generationen Schatten und Sch\u00f6nheit spenden.<\/em><\/p>\n\t\t\t<a href=\"https:\/\/www.mbrisingabove.com\/climate-mitigation\/urban-forest\/#accordion-7\" target=\"_blank\" rel=\"noopener\">\n\t\t\t\t\t\t\tWeitere Informationen\n\t\t\t\t\t<\/a>\n\t<p><strong>Der Weg der Inklusion \u2013 Kaufen Sie einen Ziegelstein<\/strong><\/p>\n<p>Hinterlassen Sie Ihre Spuren in Miami Beach, indem Sie ein St\u00fcck des \u201eWeges der Inklusion\u201c erwerben!<\/p>\n<p>In Zusammenarbeit mit der Stadt Miami Beach errichtet die Sabrina Cohen Foundation einen neuen, barrierefreien, mit Ziegeln gepflasterten Weg, der den zuk\u00fcnftigen Oceanside Adaptive Park an der Collins Avenue 5301 mit der Strandpromenade verbinden soll.<\/p>\n<p>Der Erl\u00f6s aus dem Verkauf jedes Ziegels flie\u00dft direkt in die Entwicklung des Gel\u00e4ndes, einschlie\u00dflich der Errichtung des landesweit ersten adaptiven Freizeitzentrums.<\/p>\n<strong>Sponsoringm\u00f6glichkeiten f\u00fcr Brick:<\/strong><br \/>\n4\u2033 x 8\u2033 Ziegelsteine | $500 St\u00fcck.<br \/>\n8\u2033x 8\u2033 Ziegelsteine | $1.000 St\u00fcck.\n<p><a href=\"https:\/\/www.bricksrus.com\/donorsite\/scf\"><strong>Kaufen Sie Ihren Ziegelstein unter bricksrus.com\/donorsite\/scf.<\/strong><\/a><\/p>\n<p><strong><a href=\"https:\/\/sabrinacohenfoundation.org\/\">Mehr \u00fcber das Projekt erfahren Sie unter sabrinacohenfoundation.org.<\/a><\/strong><\/p>\n\t\t\t\t<a href=\"https:\/\/www.miamibeachfl.gov\/de\/city-hall\/parks-and-recreation\/parks-facilities-directory\/adopt-a-brick\/\"  target=\"_self\" itemprop=\"url\">\n\t\t\t\t<img decoding=\"async\" src=\"https:\/\/www.miamibeachfl.gov\/wp-content\/uploads\/2025\/12\/Brick-Campaign-Flyer.jpg\" alt=\"the pathway of decision\" itemprop=\"image\" height=\"369\" width=\"600\" title=\"Flyer zur Ziegelsteinkampagne\" onerror=\"this.style.display='none'\" loading=\"lazy\" \/>\n\t\t\t\t<\/a>","protected":false},"excerpt":{"rendered":"<p>Miami Beach Commemorative Gift Programs Looking for a meaningful way to celebrate a special occasion or honor a loved one? [&hellip;]<\/p>\n","protected":false},"author":222,"featured_media":0,"parent":0,"menu_order":17,"comment_status":"closed","ping_status":"closed","template":"","meta":{"_searchwp_excluded":"","site-sidebar-layout":"default","site-content-layout":"","ast-site-content-layout":"default","site-content-style":"default","site-sidebar-style":"default","ast-global-header-display":"","ast-banner-title-visibility":"","ast-main-header-display":"","ast-hfb-above-header-display":"","ast-hfb-below-header-display":"","ast-hfb-mobile-header-display":"","site-post-title":"","ast-breadcrumbs-content":"","ast-featured-img":"","footer-sml-layout":"","theme-transparent-header-meta":"","adv-header-id-meta":"","stick-header-meta":"","header-above-stick-meta":"","header-main-stick-meta":"","header-below-stick-meta":"","astra-migrate-meta-layouts":"default","ast-page-background-enabled":"default","ast-page-background-meta":{"desktop":{"background-color":"var(--ast-global-color-5)","background-image":"","background-repeat":"repeat","background-position":"center center","background-size":"auto","background-attachment":"scroll","background-type":"","background-media":"","overlay-type":"","overlay-color":"","overlay-opacity":"","overlay-gradient":""},"tablet":{"background-color":"","background-image":"","background-repeat":"repeat","background-position":"center center","background-size":"auto","background-attachment":"scroll","background-type":"","background-media":"","overlay-type":"","overlay-color":"","overlay-opacity":"","overlay-gradient":""},"mobile":{"background-color":"","background-image":"","background-repeat":"repeat","background-position":"center center","background-size":"auto","background-attachment":"scroll","background-type":"","background-media":"","overlay-type":"","overlay-color":"","overlay-opacity":"","overlay-gradient":""}},"ast-content-background-meta":{"desktop":{"background-color":"var(--ast-global-color-4)","background-image":"","background-repeat":"repeat","background-position":"center center","background-size":"auto","background-attachment":"scroll","background-type":"","background-media":"","overlay-type":"","overlay-color":"","overlay-opacity":"","overlay-gradient":""},"tablet":{"background-color":"var(--ast-global-color-4)","background-image":"","background-repeat":"repeat","background-position":"center center","background-size":"auto","background-attachment":"scroll","background-type":"","background-media":"","overlay-type":"","overlay-color":"","overlay-opacity":"","overlay-gradient":""},"mobile":{"background-color":"var(--ast-global-color-4)","background-image":"","background-repeat":"repeat","background-position":"center center","background-size":"auto","background-attachment":"scroll","background-type":"","background-media":"","overlay-type":"","overlay-color":"","overlay-opacity":"","overlay-gradient":""}},"footnotes":""},"categories":[],"tags":[],"class_list":["post-346311","page","type-page","status-publish","hentry"],"yoast_head":"<!-- This site is optimized with the Yoast SEO Premium plugin v27.4 (Yoast SEO v27.4) - https:\/\/yoast.com\/product\/yoast-seo-premium-wordpress\/ -->\n<title>Commemorative Gift Program - City of Miami Beach<\/title>\n<meta name=\"description\" content=\"%\" \/>\n<meta name=\"robots\" content=\"index, follow, max-snippet:-1, max-image-preview:large, max-video-preview:-1\" \/>\n<link rel=\"canonical\" href=\"https:\/\/www.miamibeachfl.gov\/de\/giftprograms\/\" \/>\n<meta property=\"og:locale\" content=\"de_DE\" \/>\n<meta property=\"og:type\" content=\"article\" \/>\n<meta property=\"og:title\" content=\"Commemorative Gift Program\" \/>\n<meta property=\"og:description\" content=\"%\" \/>\n<meta property=\"og:url\" content=\"https:\/\/www.miamibeachfl.gov\/de\/giftprograms\/\" \/>\n<meta property=\"og:site_name\" content=\"City of Miami Beach\" \/>\n<meta property=\"article:publisher\" content=\"https:\/\/www.facebook.com\/cityofmiamibeach\" \/>\n<meta property=\"article:modified_time\" content=\"2025-12-12T16:46:41+00:00\" \/>\n<meta property=\"og:image\" content=\"https:\/\/www.miamibeachfl.gov\/wp-content\/uploads\/2024\/11\/Bench-Square.jpeg\" \/>\n<meta name=\"twitter:card\" content=\"summary_large_image\" \/>\n<meta name=\"twitter:site\" content=\"@Miamibeachnews\" \/>\n<script type=\"application\/ld+json\" class=\"yoast-schema-graph\">{\"@context\":\"https:\\\/\\\/schema.org\",\"@graph\":[{\"@type\":\"WebPage\",\"@id\":\"https:\\\/\\\/www.miamibeachfl.gov\\\/giftprograms\\\/\",\"url\":\"https:\\\/\\\/www.miamibeachfl.gov\\\/giftprograms\\\/\",\"name\":\"Commemorative Gift Program - City of Miami Beach\",\"isPartOf\":{\"@id\":\"https:\\\/\\\/www.miamibeachfl.gov\\\/#website\"},\"primaryImageOfPage\":{\"@id\":\"https:\\\/\\\/www.miamibeachfl.gov\\\/giftprograms\\\/#primaryimage\"},\"image\":{\"@id\":\"https:\\\/\\\/www.miamibeachfl.gov\\\/giftprograms\\\/#primaryimage\"},\"thumbnailUrl\":\"https:\\\/\\\/www.miamibeachfl.gov\\\/wp-content\\\/uploads\\\/2024\\\/11\\\/Bench-Square.jpeg\",\"datePublished\":\"2024-11-04T16:30:10+00:00\",\"dateModified\":\"2025-12-12T16:46:41+00:00\",\"description\":\"%\",\"breadcrumb\":{\"@id\":\"https:\\\/\\\/www.miamibeachfl.gov\\\/giftprograms\\\/#breadcrumb\"},\"inLanguage\":\"de\",\"potentialAction\":[{\"@type\":\"ReadAction\",\"target\":[\"https:\\\/\\\/www.miamibeachfl.gov\\\/giftprograms\\\/\"]}]},{\"@type\":\"ImageObject\",\"inLanguage\":\"de\",\"@id\":\"https:\\\/\\\/www.miamibeachfl.gov\\\/giftprograms\\\/#primaryimage\",\"url\":\"https:\\\/\\\/www.miamibeachfl.gov\\\/wp-content\\\/uploads\\\/2024\\\/11\\\/Bench-Square.jpeg\",\"contentUrl\":\"https:\\\/\\\/www.miamibeachfl.gov\\\/wp-content\\\/uploads\\\/2024\\\/11\\\/Bench-Square.jpeg\"},{\"@type\":\"BreadcrumbList\",\"@id\":\"https:\\\/\\\/www.miamibeachfl.gov\\\/giftprograms\\\/#breadcrumb\",\"itemListElement\":[{\"@type\":\"ListItem\",\"position\":1,\"name\":\"Home\",\"item\":\"https:\\\/\\\/www.miamibeachfl.gov\\\/\"},{\"@type\":\"ListItem\",\"position\":2,\"name\":\"Commemorative Gift Program\"}]},{\"@type\":\"WebSite\",\"@id\":\"https:\\\/\\\/www.miamibeachfl.gov\\\/#website\",\"url\":\"https:\\\/\\\/www.miamibeachfl.gov\\\/\",\"name\":\"City of Miami Beach\",\"description\":\"The official website of the City of Miami Beach. Stay informed, find important information on city services, news, alerts, events, trolley routes, government employment and more.\",\"publisher\":{\"@id\":\"https:\\\/\\\/www.miamibeachfl.gov\\\/#organization\"},\"potentialAction\":[{\"@type\":\"SearchAction\",\"target\":{\"@type\":\"EntryPoint\",\"urlTemplate\":\"https:\\\/\\\/www.miamibeachfl.gov\\\/?s={search_term_string}\"},\"query-input\":{\"@type\":\"PropertyValueSpecification\",\"valueRequired\":true,\"valueName\":\"search_term_string\"}}],\"inLanguage\":\"de\"},{\"@type\":\"Organization\",\"@id\":\"https:\\\/\\\/www.miamibeachfl.gov\\\/#organization\",\"name\":\"City of Miami Beach\",\"url\":\"https:\\\/\\\/www.miamibeachfl.gov\\\/\",\"logo\":{\"@type\":\"ImageObject\",\"inLanguage\":\"de\",\"@id\":\"https:\\\/\\\/www.miamibeachfl.gov\\\/#\\\/schema\\\/logo\\\/image\\\/\",\"url\":\"https:\\\/\\\/www.miamibeachfl.gov\\\/wp-content\\\/uploads\\\/2022\\\/06\\\/miamibeach-logoblue.png\",\"contentUrl\":\"https:\\\/\\\/www.miamibeachfl.gov\\\/wp-content\\\/uploads\\\/2022\\\/06\\\/miamibeach-logoblue.png\",\"width\":1962,\"height\":381,\"caption\":\"City of Miami Beach\"},\"image\":{\"@id\":\"https:\\\/\\\/www.miamibeachfl.gov\\\/#\\\/schema\\\/logo\\\/image\\\/\"},\"sameAs\":[\"https:\\\/\\\/www.facebook.com\\\/cityofmiamibeach\",\"https:\\\/\\\/x.com\\\/Miamibeachnews\",\"https:\\\/\\\/www.instagram.com\\\/miamibeachnews\\\/\"],\"description\":\"The official website of the City of Miami Beach. Stay informed, find important information on city services, news, alerts, events, trolley routes, government employment and more.\",\"telephone\":\"305.604.CITY(2489)\",\"legalName\":\"City of Miami Beach\"}]}<\/script>\n<!-- \/ Yoast SEO Premium plugin. -->","yoast_head_json":{"title":"Gedenkgeschenkprogramm - Stadt Miami Beach","description":"%","robots":{"index":"index","follow":"follow","max-snippet":"max-snippet:-1","max-image-preview":"max-image-preview:large","max-video-preview":"max-video-preview:-1"},"canonical":"https:\/\/www.miamibeachfl.gov\/de\/giftprograms\/","og_locale":"de_DE","og_type":"article","og_title":"Commemorative Gift Program","og_description":"%","og_url":"https:\/\/www.miamibeachfl.gov\/de\/giftprograms\/","og_site_name":"City of Miami Beach","article_publisher":"https:\/\/www.facebook.com\/cityofmiamibeach","article_modified_time":"2025-12-12T16:46:41+00:00","og_image":[{"url":"https:\/\/www.miamibeachfl.gov\/wp-content\/uploads\/2024\/11\/Bench-Square.jpeg","type":"","width":"","height":""}],"twitter_card":"summary_large_image","twitter_site":"@Miamibeachnews","schema":{"@context":"https:\/\/schema.org","@graph":[{"@type":"WebPage","@id":"https:\/\/www.miamibeachfl.gov\/giftprograms\/","url":"https:\/\/www.miamibeachfl.gov\/giftprograms\/","name":"Gedenkgeschenkprogramm - Stadt Miami Beach","isPartOf":{"@id":"https:\/\/www.miamibeachfl.gov\/#website"},"primaryImageOfPage":{"@id":"https:\/\/www.miamibeachfl.gov\/giftprograms\/#primaryimage"},"image":{"@id":"https:\/\/www.miamibeachfl.gov\/giftprograms\/#primaryimage"},"thumbnailUrl":"https:\/\/www.miamibeachfl.gov\/wp-content\/uploads\/2024\/11\/Bench-Square.jpeg","datePublished":"2024-11-04T16:30:10+00:00","dateModified":"2025-12-12T16:46:41+00:00","description":"%","breadcrumb":{"@id":"https:\/\/www.miamibeachfl.gov\/giftprograms\/#breadcrumb"},"inLanguage":"de","potentialAction":[{"@type":"ReadAction","target":["https:\/\/www.miamibeachfl.gov\/giftprograms\/"]}]},{"@type":"ImageObject","inLanguage":"de","@id":"https:\/\/www.miamibeachfl.gov\/giftprograms\/#primaryimage","url":"https:\/\/www.miamibeachfl.gov\/wp-content\/uploads\/2024\/11\/Bench-Square.jpeg","contentUrl":"https:\/\/www.miamibeachfl.gov\/wp-content\/uploads\/2024\/11\/Bench-Square.jpeg"},{"@type":"BreadcrumbList","@id":"https:\/\/www.miamibeachfl.gov\/giftprograms\/#breadcrumb","itemListElement":[{"@type":"ListItem","position":1,"name":"Home","item":"https:\/\/www.miamibeachfl.gov\/"},{"@type":"ListItem","position":2,"name":"Commemorative Gift Program"}]},{"@type":"WebSite","@id":"https:\/\/www.miamibeachfl.gov\/#website","url":"https:\/\/www.miamibeachfl.gov\/","name":"Stadt Miami Beach","description":"Die offizielle Website der Stadt Miami Beach. Bleiben Sie informiert und finden Sie wichtige Informationen zu st\u00e4dtischen Dienstleistungen, Neuigkeiten, Warnungen, Veranstaltungen, Stra\u00dfenbahnlinien, Stellenangeboten im \u00f6ffentlichen Dienst und mehr.","publisher":{"@id":"https:\/\/www.miamibeachfl.gov\/#organization"},"potentialAction":[{"@type":"SearchAction","target":{"@type":"EntryPoint","urlTemplate":"https:\/\/www.miamibeachfl.gov\/?s={search_term_string}"},"query-input":{"@type":"PropertyValueSpecification","valueRequired":true,"valueName":"search_term_string"}}],"inLanguage":"de"},{"@type":"Organization","@id":"https:\/\/www.miamibeachfl.gov\/#organization","name":"Stadt Miami Beach","url":"https:\/\/www.miamibeachfl.gov\/","logo":{"@type":"ImageObject","inLanguage":"de","@id":"https:\/\/www.miamibeachfl.gov\/#\/schema\/logo\/image\/","url":"https:\/\/www.miamibeachfl.gov\/wp-content\/uploads\/2022\/06\/miamibeach-logoblue.png","contentUrl":"https:\/\/www.miamibeachfl.gov\/wp-content\/uploads\/2022\/06\/miamibeach-logoblue.png","width":1962,"height":381,"caption":"City of Miami Beach"},"image":{"@id":"https:\/\/www.miamibeachfl.gov\/#\/schema\/logo\/image\/"},"sameAs":["https:\/\/www.facebook.com\/cityofmiamibeach","https:\/\/x.com\/Miamibeachnews","https:\/\/www.instagram.com\/miamibeachnews\/"],"description":"Die offizielle Website der Stadt Miami Beach. Bleiben Sie informiert und finden Sie wichtige Informationen zu st\u00e4dtischen Dienstleistungen, Neuigkeiten, Warnungen, Veranstaltungen, Stra\u00dfenbahnlinien, Stellenangeboten im \u00f6ffentlichen Dienst und mehr.","telephone":"305.604.CITY(2489)","legalName":"City of Miami Beach"}]}},"_links":{"self":[{"href":"https:\/\/www.miamibeachfl.gov\/de\/wp-json\/wp\/v2\/pages\/346311","targetHints":{"allow":["GET"]}}],"collection":[{"href":"https:\/\/www.miamibeachfl.gov\/de\/wp-json\/wp\/v2\/pages"}],"about":[{"href":"https:\/\/www.miamibeachfl.gov\/de\/wp-json\/wp\/v2\/types\/page"}],"author":[{"embeddable":true,"href":"https:\/\/www.miamibeachfl.gov\/de\/wp-json\/wp\/v2\/users\/222"}],"replies":[{"embeddable":true,"href":"https:\/\/www.miamibeachfl.gov\/de\/wp-json\/wp\/v2\/comments?post=346311"}],"version-history":[{"count":3,"href":"https:\/\/www.miamibeachfl.gov\/de\/wp-json\/wp\/v2\/pages\/346311\/revisions"}],"predecessor-version":[{"id":393356,"href":"https:\/\/www.miamibeachfl.gov\/de\/wp-json\/wp\/v2\/pages\/346311\/revisions\/393356"}],"wp:attachment":[{"href":"https:\/\/www.miamibeachfl.gov\/de\/wp-json\/wp\/v2\/media?parent=346311"}],"wp:term":[{"taxonomy":"category","embeddable":true,"href":"https:\/\/www.miamibeachfl.gov\/de\/wp-json\/wp\/v2\/categories?post=346311"},{"taxonomy":"post_tag","embeddable":true,"href":"https:\/\/www.miamibeachfl.gov\/de\/wp-json\/wp\/v2\/tags?post=346311"}],"curies":[{"name":"wp","href":"https:\/\/api.w.org\/{rel}","templated":true}]}}