{"id":360090,"date":"2025-01-21T16:23:23","date_gmt":"2025-01-21T21:23:23","guid":{"rendered":"https:\/\/www.miamibeachfl.gov\/?page_id=360090"},"modified":"2026-02-26T13:38:10","modified_gmt":"2026-02-26T18:38:10","slug":"policeenforcement","status":"publish","type":"page","link":"https:\/\/www.miamibeachfl.gov\/de\/breakasweat\/policeenforcement\/","title":{"rendered":"Polizeieins\u00e4tze in Miami Beach"},"content":{"rendered":"<img decoding=\"async\" src=\"https:\/\/www.miamibeachfl.gov\/wp-content\/uploads\/2026\/01\/breakimtoasweat.png\" alt=\"this spring break into a sweat\" itemprop=\"image\" height=\"191\" width=\"571\" title=\"breakimtoasweat\" onerror=\"this.style.display='none'\" loading=\"lazy\" \/>\n<h1>\n\t\t\tWillkommen in der Gesundheits- und Wellness-Hauptstadt\t<\/h1>\n<h2>\n\t\t\tPolizeivollzug\t<\/h2>\n\t\t\t<button tabindex=\"0\" aria-label=\"Men\u00fc der Regeln und Vorschriften\" aria-expanded=\"false\">\n\t\t\t\tMen\u00fc der Regeln und Vorschriften\t\t\t<\/button>\n\t<nav aria-label=\"Men\u00fc der Regeln und Vorschriften\" itemscope=\"itemscope\" itemtype=\"https:\/\/schema.org\/SiteNavigationElement\">\n\t\t<ul id=\"menu-spring-break-menu\"><li id=\"menu-item-359613\"><a href=\"\/de\/breakasweat\/policeenforcement\/\">Polizeivollzug<\/a><\/li><li id=\"menu-item-359614\"><a href=\"\/de\/breakasweat\/parking-restrictions-and-towing\/\">Parkpl\u00e4tze, Shuttlebusse &amp; Abschleppdienste<\/a><\/li><li id=\"menu-item-359615\"><a href=\"\/de\/breakasweat\/road-closures\/\">Stra\u00dfensperrungen<\/a><\/li><li id=\"menu-item-359616\"><a href=\"\/de\/breakasweat\/beach-rules\/\">Strandregeln<\/a><\/li><li id=\"menu-item-359617\"><a href=\"\/de\/breakasweat\/beverage-restrictions\/\">Getr\u00e4nkebeschr\u00e4nkungen<\/a><\/li><\/ul>\t<\/nav>\n\t<nav id=\"breadcrumbs\" aria-label=\"Paniermehl\"><a href=\"https:\/\/www.miamibeachfl.gov\/de\/\">Heim<\/a> &gt; <a href=\"https:\/\/www.miamibeachfl.gov\/de\/breakasweat\/\">Schwitzen Sie \u2013 Fr\u00fchlingsfitness<\/a> &gt; <strong>Polizeieins\u00e4tze in Miami Beach<\/strong><\/nav>\n\t\t\t\t<a href=\"https:\/\/www.miamibeachfl.gov\/wp-content\/uploads\/2025\/01\/SpringBreak_160324_DC2_1143-policeroad.jpg\"  target=\"_self\" itemprop=\"url\">\n\t\t\t\t<img decoding=\"async\" src=\"https:\/\/www.miamibeachfl.gov\/wp-content\/uploads\/2025\/01\/SpringBreak_160324_DC2_1143-policeroad.jpg\" alt=\"Police road closure\" itemprop=\"image\" height=\"500\" width=\"500\" title=\"SpringBreak_160324_DC2_1143-policeroad\" onerror=\"this.style.display='none'\" loading=\"lazy\" \/>\n\t\t\t\t<\/a>\n\t<h3><strong>Sicherheitskontrollpunkte<\/strong><\/h3>\n<p>Die Strandzug\u00e4nge am Ocean Drive werden auf die Stra\u00dfen 5, 7, 8, 10, 12 und 14 beschr\u00e4nkt sein und werden <strong>Sicherheitskontrollpunkte <\/strong>Um sicherzustellen, dass keine verbotenen Gegenst\u00e4nde an den Strand mitgebracht werden, darunter K\u00fchlboxen, Glasbeh\u00e4lter, aufblasbare Gegenst\u00e4nde, Zelte, Tische und \u00e4hnliche Dinge, ist dies untersagt. Verst\u00e4rkte Musik ohne st\u00e4dtische Genehmigung ist nicht gestattet. Wir weisen darauf hin, dass Alkohol und Rauchen an den Stadtstr\u00e4nden grunds\u00e4tzlich verboten sind.<\/p>\n<hr \/>\n<h3><strong>Kennzeichenleser (LPR)<\/strong><\/h3>\n<p>Das Miami Beach Police Department wird eine <strong>Details zum Kennzeichenleser (LPR)<\/strong> <strong>auf<\/strong> <strong>Ostw\u00e4rts f\u00fchrende Fahrspuren der MacArthur- und Julia-Tuttle-D\u00e4mme<\/strong> <strong>Am 13. bis 15. M\u00e4rz und am 20. bis 22. M\u00e4rz jeweils ab 22 Uhr (Aufbaubeginn um 21 Uhr). <\/strong>Autofahrer m\u00fcssen mit erheblichen Verkehrsbehinderungen und Verz\u00f6gerungen rechnen, da die Fahrspuren in Richtung Osten auf dem MacArthur Causeway und dem Julia Tuttle Causeway verengt werden. Die Polizei von Manitoba (MBPD) wird au\u00dferdem vom 6. bis 8. M\u00e4rz ab 22:00 Uhr (Aufbaubeginn um 21:00 Uhr) entlang des 5th Street Corridor ein Kennzeichenerfassungsger\u00e4t einsetzen.<\/p>\n<p>Kennzeichenleser haben in der Vergangenheit bei der Identifizierung schwerer und gewaltt\u00e4tiger Straft\u00e4ter sowie bei der Wiederbeschaffung gestohlener Fahrzeuge eine wichtige Rolle gespielt.<\/p>\n<hr \/>\n<h3><strong>Verkehrsplan<\/strong><\/h3>\n<p>Das Miami Beach Police Department (MBPD) wird eine<strong> Verkehrsplan <\/strong>Ab 18:00 Uhr von Donnerstag bis Sonntag werden Verkehrsbehinderungen in den Vierteln South of Fifth (SoFi) und Flamingo Park reduziert. Autofahrer erreichen SoFi \u00fcber die Alton Road, die Washington Avenue und die Collins Avenue. Flamingo Park ist \u00fcber die Alton Road oder von Norden her erreichbar. Auf einigen Stra\u00dfen der Stadt gelten lokale Zufahrtsbeschr\u00e4nkungen, um den Verkehr zu regulieren und die Mobilit\u00e4t f\u00fcr Anwohner und Gesch\u00e4ftsleute zu verbessern.<\/p>\n<hr \/>\n<h3><strong>Andere Ma\u00dfnahmen<\/strong><\/h3>\n<p><strong>Durchsetzung von Trunkenheitsfahrten <\/strong>Die Veranstaltung findet am 13. und 14. M\u00e4rz sowie am 20. und 21. M\u00e4rz statt.<\/p>\n<p><strong>Unternehmen, die mieten oder leasen<\/strong> <strong>Golfwagen, langsame Fahrzeuge, Autocycles (z. B. Schleudern), Motorroller, Mopeds,<\/strong> Motorr\u00e4der mit einem Hubraum von 50 Kubikzentimetern oder weniger und motorisierte Fahrr\u00e4der <strong>wird vom Betrieb suspendiert<\/strong>.<\/p>\n<p>Das MBPD wird durch das Florida Department of Law Enforcement, die Florida Highway Patrol, das Miami-Dade Sheriff\u2019s Office und andere st\u00e4dtische Strafverfolgungsbeh\u00f6rden erg\u00e4nzt.\u00a0<\/p>\n<p><strong>MBPD ist auch darauf vorbereitet, spezielle Veranstaltungszonen einzurichten.<\/strong> as outlined in section 316.1891 of Florida&#8217;s Statutes, provided certain criteria are met. These designated zones target unpermitted temporary activities or events drawing 50 or more attendees, which pose disruptions to normal traffic flow. Within these zones, the city holds the authority to impose doubled fines for traffic infractions and has the option to impound vehicles for violations. Furthermore, law enforcement retains the ability to temporarily enforce occupancy limits within special event zones, with associated costs potentially recoverable from event promoters or organizers.<\/p>","protected":false},"excerpt":{"rendered":"<p>Welcome to the Health &#038; Wellness Capital Police Enforcement Rules and Regulations Menu Police Enforcement Parking, Shuttles &#038; Towing Road [&hellip;]<\/p>\n","protected":false},"author":222,"featured_media":0,"parent":395613,"menu_order":0,"comment_status":"closed","ping_status":"closed","template":"","meta":{"_searchwp_excluded":"","site-sidebar-layout":"default","site-content-layout":"","ast-site-content-layout":"default","site-content-style":"default","site-sidebar-style":"default","ast-global-header-display":"","ast-banner-title-visibility":"","ast-main-header-display":"","ast-hfb-above-header-display":"","ast-hfb-below-header-display":"","ast-hfb-mobile-header-display":"","site-post-title":"","ast-breadcrumbs-content":"","ast-featured-img":"","footer-sml-layout":"","theme-transparent-header-meta":"","adv-header-id-meta":"","stick-header-meta":"","header-above-stick-meta":"","header-main-stick-meta":"","header-below-stick-meta":"","astra-migrate-meta-layouts":"default","ast-page-background-enabled":"default","ast-page-background-meta":{"desktop":{"background-color":"var(--ast-global-color-5)","background-image":"","background-repeat":"repeat","background-position":"center center","background-size":"auto","background-attachment":"scroll","background-type":"","background-media":"","overlay-type":"","overlay-color":"","overlay-opacity":"","overlay-gradient":""},"tablet":{"background-color":"","background-image":"","background-repeat":"repeat","background-position":"center center","background-size":"auto","background-attachment":"scroll","background-type":"","background-media":"","overlay-type":"","overlay-color":"","overlay-opacity":"","overlay-gradient":""},"mobile":{"background-color":"","background-image":"","background-repeat":"repeat","background-position":"center center","background-size":"auto","background-attachment":"scroll","background-type":"","background-media":"","overlay-type":"","overlay-color":"","overlay-opacity":"","overlay-gradient":""}},"ast-content-background-meta":{"desktop":{"background-color":"var(--ast-global-color-4)","background-image":"","background-repeat":"repeat","background-position":"center center","background-size":"auto","background-attachment":"scroll","background-type":"","background-media":"","overlay-type":"","overlay-color":"","overlay-opacity":"","overlay-gradient":""},"tablet":{"background-color":"var(--ast-global-color-4)","background-image":"","background-repeat":"repeat","background-position":"center center","background-size":"auto","background-attachment":"scroll","background-type":"","background-media":"","overlay-type":"","overlay-color":"","overlay-opacity":"","overlay-gradient":""},"mobile":{"background-color":"var(--ast-global-color-4)","background-image":"","background-repeat":"repeat","background-position":"center center","background-size":"auto","background-attachment":"scroll","background-type":"","background-media":"","overlay-type":"","overlay-color":"","overlay-opacity":"","overlay-gradient":""}},"footnotes":""},"categories":[],"tags":[],"class_list":["post-360090","page","type-page","status-publish","hentry"],"yoast_head":"<!-- This site is optimized with the Yoast SEO Premium plugin v27.4 (Yoast SEO v27.4) - https:\/\/yoast.com\/product\/yoast-seo-premium-wordpress\/ -->\n<title>Miami Beach Police Enforcement - City of Miami Beach<\/title>\n<meta name=\"description\" content=\"This March, Miami Beach will be heavily enforcing additional rules and restrictions to keep both residents and visitors safe.\" \/>\n<meta name=\"robots\" content=\"index, follow, max-snippet:-1, max-image-preview:large, max-video-preview:-1\" \/>\n<link rel=\"canonical\" href=\"https:\/\/www.miamibeachfl.gov\/de\/breakasweat\/policeenforcement\/\" \/>\n<meta property=\"og:locale\" content=\"de_DE\" \/>\n<meta property=\"og:type\" content=\"article\" \/>\n<meta property=\"og:title\" content=\"Miami Beach Police Enforcement\" \/>\n<meta property=\"og:description\" content=\"This March, Miami Beach will be heavily enforcing additional rules and restrictions to keep both residents and visitors safe.\" \/>\n<meta property=\"og:url\" content=\"https:\/\/www.miamibeachfl.gov\/de\/breakasweat\/policeenforcement\/\" \/>\n<meta property=\"og:site_name\" content=\"City of Miami Beach\" \/>\n<meta property=\"article:publisher\" content=\"https:\/\/www.facebook.com\/cityofmiamibeach\" \/>\n<meta property=\"article:modified_time\" content=\"2026-02-26T18:38:10+00:00\" \/>\n<meta property=\"og:image\" content=\"https:\/\/www.miamibeachfl.gov\/wp-content\/uploads\/2026\/01\/breakimtoasweat.png\" \/>\n<meta name=\"twitter:card\" content=\"summary_large_image\" \/>\n<meta name=\"twitter:site\" content=\"@Miamibeachnews\" \/>\n<script type=\"application\/ld+json\" class=\"yoast-schema-graph\">{\"@context\":\"https:\\\/\\\/schema.org\",\"@graph\":[{\"@type\":\"WebPage\",\"@id\":\"https:\\\/\\\/www.miamibeachfl.gov\\\/breakasweat\\\/policeenforcement\\\/\",\"url\":\"https:\\\/\\\/www.miamibeachfl.gov\\\/breakasweat\\\/policeenforcement\\\/\",\"name\":\"Miami Beach Police Enforcement - City of Miami Beach\",\"isPartOf\":{\"@id\":\"https:\\\/\\\/www.miamibeachfl.gov\\\/#website\"},\"primaryImageOfPage\":{\"@id\":\"https:\\\/\\\/www.miamibeachfl.gov\\\/breakasweat\\\/policeenforcement\\\/#primaryimage\"},\"image\":{\"@id\":\"https:\\\/\\\/www.miamibeachfl.gov\\\/breakasweat\\\/policeenforcement\\\/#primaryimage\"},\"thumbnailUrl\":\"https:\\\/\\\/www.miamibeachfl.gov\\\/wp-content\\\/uploads\\\/2026\\\/01\\\/breakimtoasweat.png\",\"datePublished\":\"2025-01-21T21:23:23+00:00\",\"dateModified\":\"2026-02-26T18:38:10+00:00\",\"description\":\"This March, Miami Beach will be heavily enforcing additional rules and restrictions to keep both residents and visitors safe.\",\"breadcrumb\":{\"@id\":\"https:\\\/\\\/www.miamibeachfl.gov\\\/breakasweat\\\/policeenforcement\\\/#breadcrumb\"},\"inLanguage\":\"de\",\"potentialAction\":[{\"@type\":\"ReadAction\",\"target\":[\"https:\\\/\\\/www.miamibeachfl.gov\\\/breakasweat\\\/policeenforcement\\\/\"]}]},{\"@type\":\"ImageObject\",\"inLanguage\":\"de\",\"@id\":\"https:\\\/\\\/www.miamibeachfl.gov\\\/breakasweat\\\/policeenforcement\\\/#primaryimage\",\"url\":\"https:\\\/\\\/www.miamibeachfl.gov\\\/wp-content\\\/uploads\\\/2026\\\/01\\\/breakimtoasweat.png\",\"contentUrl\":\"https:\\\/\\\/www.miamibeachfl.gov\\\/wp-content\\\/uploads\\\/2026\\\/01\\\/breakimtoasweat.png\"},{\"@type\":\"BreadcrumbList\",\"@id\":\"https:\\\/\\\/www.miamibeachfl.gov\\\/breakasweat\\\/policeenforcement\\\/#breadcrumb\",\"itemListElement\":[{\"@type\":\"ListItem\",\"position\":1,\"name\":\"Home\",\"item\":\"https:\\\/\\\/www.miamibeachfl.gov\\\/\"},{\"@type\":\"ListItem\",\"position\":2,\"name\":\"Break a Sweat &#8211; Spring Fitness\",\"item\":\"https:\\\/\\\/www.miamibeachfl.gov\\\/breakasweat\\\/\"},{\"@type\":\"ListItem\",\"position\":3,\"name\":\"Miami Beach Police Enforcement\"}]},{\"@type\":\"WebSite\",\"@id\":\"https:\\\/\\\/www.miamibeachfl.gov\\\/#website\",\"url\":\"https:\\\/\\\/www.miamibeachfl.gov\\\/\",\"name\":\"City of Miami Beach\",\"description\":\"The official website of the City of Miami Beach. Stay informed, find important information on city services, news, alerts, events, trolley routes, government employment and more.\",\"publisher\":{\"@id\":\"https:\\\/\\\/www.miamibeachfl.gov\\\/#organization\"},\"potentialAction\":[{\"@type\":\"SearchAction\",\"target\":{\"@type\":\"EntryPoint\",\"urlTemplate\":\"https:\\\/\\\/www.miamibeachfl.gov\\\/?s={search_term_string}\"},\"query-input\":{\"@type\":\"PropertyValueSpecification\",\"valueRequired\":true,\"valueName\":\"search_term_string\"}}],\"inLanguage\":\"de\"},{\"@type\":\"Organization\",\"@id\":\"https:\\\/\\\/www.miamibeachfl.gov\\\/#organization\",\"name\":\"City of Miami Beach\",\"url\":\"https:\\\/\\\/www.miamibeachfl.gov\\\/\",\"logo\":{\"@type\":\"ImageObject\",\"inLanguage\":\"de\",\"@id\":\"https:\\\/\\\/www.miamibeachfl.gov\\\/#\\\/schema\\\/logo\\\/image\\\/\",\"url\":\"https:\\\/\\\/www.miamibeachfl.gov\\\/wp-content\\\/uploads\\\/2022\\\/06\\\/miamibeach-logoblue.png\",\"contentUrl\":\"https:\\\/\\\/www.miamibeachfl.gov\\\/wp-content\\\/uploads\\\/2022\\\/06\\\/miamibeach-logoblue.png\",\"width\":1962,\"height\":381,\"caption\":\"City of Miami Beach\"},\"image\":{\"@id\":\"https:\\\/\\\/www.miamibeachfl.gov\\\/#\\\/schema\\\/logo\\\/image\\\/\"},\"sameAs\":[\"https:\\\/\\\/www.facebook.com\\\/cityofmiamibeach\",\"https:\\\/\\\/x.com\\\/Miamibeachnews\",\"https:\\\/\\\/www.instagram.com\\\/miamibeachnews\\\/\"],\"description\":\"The official website of the City of Miami Beach. Stay informed, find important information on city services, news, alerts, events, trolley routes, government employment and more.\",\"telephone\":\"305.604.CITY(2489)\",\"legalName\":\"City of Miami Beach\"}]}<\/script>\n<!-- \/ Yoast SEO Premium plugin. -->","yoast_head_json":{"title":"Miami Beach Police Enforcement - City of Miami Beach","description":"In diesem M\u00e4rz wird Miami Beach zus\u00e4tzliche Regeln und Beschr\u00e4nkungen streng durchsetzen, um die Sicherheit der Einwohner und Besucher zu gew\u00e4hrleisten.","robots":{"index":"index","follow":"follow","max-snippet":"max-snippet:-1","max-image-preview":"max-image-preview:large","max-video-preview":"max-video-preview:-1"},"canonical":"https:\/\/www.miamibeachfl.gov\/de\/breakasweat\/policeenforcement\/","og_locale":"de_DE","og_type":"article","og_title":"Miami Beach Police Enforcement","og_description":"This March, Miami Beach will be heavily enforcing additional rules and restrictions to keep both residents and visitors safe.","og_url":"https:\/\/www.miamibeachfl.gov\/de\/breakasweat\/policeenforcement\/","og_site_name":"City of Miami Beach","article_publisher":"https:\/\/www.facebook.com\/cityofmiamibeach","article_modified_time":"2026-02-26T18:38:10+00:00","og_image":[{"url":"https:\/\/www.miamibeachfl.gov\/wp-content\/uploads\/2026\/01\/breakimtoasweat.png","type":"","width":"","height":""}],"twitter_card":"summary_large_image","twitter_site":"@Miamibeachnews","schema":{"@context":"https:\/\/schema.org","@graph":[{"@type":"WebPage","@id":"https:\/\/www.miamibeachfl.gov\/breakasweat\/policeenforcement\/","url":"https:\/\/www.miamibeachfl.gov\/breakasweat\/policeenforcement\/","name":"Miami Beach Police Enforcement - City of Miami Beach","isPartOf":{"@id":"https:\/\/www.miamibeachfl.gov\/#website"},"primaryImageOfPage":{"@id":"https:\/\/www.miamibeachfl.gov\/breakasweat\/policeenforcement\/#primaryimage"},"image":{"@id":"https:\/\/www.miamibeachfl.gov\/breakasweat\/policeenforcement\/#primaryimage"},"thumbnailUrl":"https:\/\/www.miamibeachfl.gov\/wp-content\/uploads\/2026\/01\/breakimtoasweat.png","datePublished":"2025-01-21T21:23:23+00:00","dateModified":"2026-02-26T18:38:10+00:00","description":"In diesem M\u00e4rz wird Miami Beach zus\u00e4tzliche Regeln und Beschr\u00e4nkungen streng durchsetzen, um die Sicherheit der Einwohner und Besucher zu gew\u00e4hrleisten.","breadcrumb":{"@id":"https:\/\/www.miamibeachfl.gov\/breakasweat\/policeenforcement\/#breadcrumb"},"inLanguage":"de","potentialAction":[{"@type":"ReadAction","target":["https:\/\/www.miamibeachfl.gov\/breakasweat\/policeenforcement\/"]}]},{"@type":"ImageObject","inLanguage":"de","@id":"https:\/\/www.miamibeachfl.gov\/breakasweat\/policeenforcement\/#primaryimage","url":"https:\/\/www.miamibeachfl.gov\/wp-content\/uploads\/2026\/01\/breakimtoasweat.png","contentUrl":"https:\/\/www.miamibeachfl.gov\/wp-content\/uploads\/2026\/01\/breakimtoasweat.png"},{"@type":"BreadcrumbList","@id":"https:\/\/www.miamibeachfl.gov\/breakasweat\/policeenforcement\/#breadcrumb","itemListElement":[{"@type":"ListItem","position":1,"name":"Home","item":"https:\/\/www.miamibeachfl.gov\/"},{"@type":"ListItem","position":2,"name":"Break a Sweat &#8211; Spring Fitness","item":"https:\/\/www.miamibeachfl.gov\/breakasweat\/"},{"@type":"ListItem","position":3,"name":"Miami Beach Police Enforcement"}]},{"@type":"WebSite","@id":"https:\/\/www.miamibeachfl.gov\/#website","url":"https:\/\/www.miamibeachfl.gov\/","name":"Stadt Miami Beach","description":"Die offizielle Website der Stadt Miami Beach. Bleiben Sie informiert und finden Sie wichtige Informationen zu st\u00e4dtischen Dienstleistungen, Neuigkeiten, Warnungen, Veranstaltungen, Stra\u00dfenbahnlinien, Stellenangeboten im \u00f6ffentlichen Dienst und mehr.","publisher":{"@id":"https:\/\/www.miamibeachfl.gov\/#organization"},"potentialAction":[{"@type":"SearchAction","target":{"@type":"EntryPoint","urlTemplate":"https:\/\/www.miamibeachfl.gov\/?s={search_term_string}"},"query-input":{"@type":"PropertyValueSpecification","valueRequired":true,"valueName":"search_term_string"}}],"inLanguage":"de"},{"@type":"Organization","@id":"https:\/\/www.miamibeachfl.gov\/#organization","name":"Stadt Miami Beach","url":"https:\/\/www.miamibeachfl.gov\/","logo":{"@type":"ImageObject","inLanguage":"de","@id":"https:\/\/www.miamibeachfl.gov\/#\/schema\/logo\/image\/","url":"https:\/\/www.miamibeachfl.gov\/wp-content\/uploads\/2022\/06\/miamibeach-logoblue.png","contentUrl":"https:\/\/www.miamibeachfl.gov\/wp-content\/uploads\/2022\/06\/miamibeach-logoblue.png","width":1962,"height":381,"caption":"City of Miami Beach"},"image":{"@id":"https:\/\/www.miamibeachfl.gov\/#\/schema\/logo\/image\/"},"sameAs":["https:\/\/www.facebook.com\/cityofmiamibeach","https:\/\/x.com\/Miamibeachnews","https:\/\/www.instagram.com\/miamibeachnews\/"],"description":"Die offizielle Website der Stadt Miami Beach. Bleiben Sie informiert und finden Sie wichtige Informationen zu st\u00e4dtischen Dienstleistungen, Neuigkeiten, Warnungen, Veranstaltungen, Stra\u00dfenbahnlinien, Stellenangeboten im \u00f6ffentlichen Dienst und mehr.","telephone":"305.604.CITY(2489)","legalName":"City of Miami Beach"}]}},"_links":{"self":[{"href":"https:\/\/www.miamibeachfl.gov\/de\/wp-json\/wp\/v2\/pages\/360090","targetHints":{"allow":["GET"]}}],"collection":[{"href":"https:\/\/www.miamibeachfl.gov\/de\/wp-json\/wp\/v2\/pages"}],"about":[{"href":"https:\/\/www.miamibeachfl.gov\/de\/wp-json\/wp\/v2\/types\/page"}],"author":[{"embeddable":true,"href":"https:\/\/www.miamibeachfl.gov\/de\/wp-json\/wp\/v2\/users\/222"}],"replies":[{"embeddable":true,"href":"https:\/\/www.miamibeachfl.gov\/de\/wp-json\/wp\/v2\/comments?post=360090"}],"version-history":[{"count":11,"href":"https:\/\/www.miamibeachfl.gov\/de\/wp-json\/wp\/v2\/pages\/360090\/revisions"}],"predecessor-version":[{"id":396802,"href":"https:\/\/www.miamibeachfl.gov\/de\/wp-json\/wp\/v2\/pages\/360090\/revisions\/396802"}],"up":[{"embeddable":true,"href":"https:\/\/www.miamibeachfl.gov\/de\/wp-json\/wp\/v2\/pages\/395613"}],"wp:attachment":[{"href":"https:\/\/www.miamibeachfl.gov\/de\/wp-json\/wp\/v2\/media?parent=360090"}],"wp:term":[{"taxonomy":"category","embeddable":true,"href":"https:\/\/www.miamibeachfl.gov\/de\/wp-json\/wp\/v2\/categories?post=360090"},{"taxonomy":"post_tag","embeddable":true,"href":"https:\/\/www.miamibeachfl.gov\/de\/wp-json\/wp\/v2\/tags?post=360090"}],"curies":[{"name":"wp","href":"https:\/\/api.w.org\/{rel}","templated":true}]}}