{"id":362357,"date":"2025-02-13T08:02:50","date_gmt":"2025-02-13T13:02:50","guid":{"rendered":"https:\/\/www.miamibeachfl.gov\/?page_id=362357"},"modified":"2026-02-10T12:16:26","modified_gmt":"2026-02-10T17:16:26","slug":"giveawayterms","status":"publish","type":"page","link":"https:\/\/www.miamibeachfl.gov\/de\/giveawayterms\/","title":{"rendered":"Teilnahmebedingungen f\u00fcr den Miami Beach Social Media-Wettbewerb"},"content":{"rendered":"<h1>\n\t\t\tMiami Beach X SOBEWFF\u00ae Social Media-Wettbewerb\t<\/h1>\n\t<p>The City of Miami Beach has launched a social media drawing for SOBEWFF\u00ae via our Instagram channel asking followers to complete the steps outlined below to be entered into a draw to win two (2) General Admission tickets to the SOBEWFF\u00ae Goya Foods&#8217; Grand Tasting Village on Sunday, February 22, 2026.<\/p>\n<p>F\u00fcr den 2-Ticket-Preis wird nur ein Gewinner ausgew\u00e4hlt.<\/p>\n<h3>\n\t\t\tKanal: Instagram @miamibeachnews\t<\/h3>\n\t<blockquote data-instgrm-permalink=\"https:\/\/www.instagram.com\/miamibeachnews\/?utm_source=ig_embed&amp;utm_campaign=loading\" data-instgrm-version=\"14\"> <a href=\"https:\/\/www.instagram.com\/miamibeachnews\/?utm_source=ig_embed&amp;utm_campaign=loading\" target=\"_blank\">       Dieses Profil auf Instagram ansehen            <\/a><p><a href=\"https:\/\/www.instagram.com\/miamibeachnews\/?utm_source=ig_embed&amp;utm_campaign=loading\" target=\"_blank\">Stadt Miami Beach<\/a> (@<a href=\"https:\/\/www.instagram.com\/miamibeachnews\/?utm_source=ig_embed&amp;utm_campaign=loading\" target=\"_blank\">Miami Beach News<\/a>) \u2022 Instagram-Fotos und -Videos<\/p><\/blockquote>\n<h3>\n\t\t\tSo funktioniert es:\t<\/h3>\n\t<p>One entry per person per social media channel. The contest for this prize is being promoted on Instagram. Fraudulent methods of entry or circumvention of the rules may result in the City of Miami Beach invalidating a participant&#8217;s entries.<\/p>\n<h3>\n\t\t\tSchritte zur Teilnahme am Wettbewerb auf Instagram:\t<\/h3>\n\t<ol>\n<li>Folgen Sie uns @miamibeachnews und @sobewff auf Instagram<\/li>\n<li>Share this post on your story using the hashtag #MiamiBeachGiveaway. (Don&#8217;t forget to tag us!)<\/li>\n<li>Tag the person you&#8217;d bring with you to the event in the comments on the Instagram post.<\/li>\n<\/ol>\n\t<ol>\n<li><strong>Teilnahmeberechtigung<\/strong><br \/>\nMust be 21 years or older to be eligible for the contest. Must complete all steps for contest to be eligible for random drawing. City of Miami Beach subsidiaries, affiliates, suppliers, advertising and promotion agencies, employees&#8217; and immediate family members are ineligible participate in the contest\/giveaway. Void where prohibited by law.<\/li>\n<li><strong>Sponsoring<\/strong><br \/>\nDer Wettbewerb wird von der Stadt Miami Beach, 1700 Convention Ctr Dr, Miami Beach, FL 33139, veranstaltet. Der Preis wird von der SOBEWFF\u00ae, Chaplin School of Hospitality &amp; Tourism Management, Biscayne Bay Campus, 3000 NE 151st Street, North Miami, FL 33181, gestiftet.<\/li>\n<li><strong>Zustimmung zu den Regeln<\/strong><br \/>\nBy entering your contest, participants agree to abide by the City of Miami Beach&#8217;s Official Rules and decisions. Miami Beach reserves the right to refuse, withdraw, or disqualify entries at our sole discretion. By entering this contest participants agree to accept the decision of the Sponsor as final and binding.<\/li>\n<li><strong>Eintrittszeitraum<\/strong><br \/>\n\u2022 The SOBEWFF\u00ae Goya Foods&#8217; Grand Tasting Village &#8211; Sunday, February 22, 2026, promotion will run from Tuesday, February 10, 2026 at 12:30 p.m. EST through Wednesday, February 11, 2026 at 12:30 p.m. EST.<\/li>\n<li><strong>Preis<\/strong><br \/>\nOnly one person will be awarded the prize. This prize is not transferable. Acceptance of this prize grants the City of Miami Beach permission to use the winner&#8217;s entry, name, and likeness for advertising, promotion, and trade without further compensation or remuneration unless prohibited by law.<br \/>\n\u2022 One winner will receive a 2 pack of General Admission tickets to the Sunday, February 22, 2026 SOBEWFF\u00ae Goya Foods&#8217; Grand Tasting Village, which is valued at approximately $558.<\/li>\n<li><strong>Chancen<\/strong><br \/>\nDie Gewinnchancen h\u00e4ngen von der Anzahl der eingegangenen g\u00fcltigen Einsendungen ab.<\/li>\n<li><strong>Auswahl und Benachrichtigung des Gewinners<\/strong><br \/>\nDie Gewinner werden per Zufallsprinzip unter Aufsicht der Stadt Miami Beach ermittelt. Die Gewinner werden am Ende des Wettbewerbs per Direktnachricht auf Instagram und anschlie\u00dfend per E-Mail benachrichtigt. Die Gewinner m\u00fcssen ihren Preis einfordern. Antworten sie nicht innerhalb von 24 Stunden, verf\u00e4llt der Preis. Die Stadt Miami Beach haftet nicht f\u00fcr den Nichterhalt der Gewinnbenachrichtigung, wenn der Gewinner seinen Beitrag \u00fcber ein zum Zeitpunkt der Gewinnbenachrichtigung nicht funktionierendes Konto eingereicht hat. Der Erhalt des Preises ist an die Einhaltung der Bundes-, Landes- und Kommunalgesetze usw. gekn\u00fcpft.<\/li>\n<li><strong>Vom Teilnehmer gew\u00e4hrte Rechte<\/strong><br \/>\nMit der Einreichung eines Beitrags zum Gewinnspiel oder Wettbewerb erh\u00e4lt die Stadt Miami Beach das Recht, den Beitrag, die Stimme, das Bild, die Aussagen des Teilnehmers zum Wettbewerb usw. f\u00fcr Werbung, Nachrichten, Anzeigen, Promotionzwecke, Handel usw. ohne weitere Benachrichtigung, \u00dcberpr\u00fcfung, Zustimmung, Entsch\u00e4digung oder Verg\u00fctung zu verwenden. Beitr\u00e4ge m\u00fcssen Originalarbeiten sein und d\u00fcrfen keine Eigentums- oder geistigen Eigentumsrechte verletzen. Folgen f\u00fcr Beitr\u00e4ge, die die geistigen Eigentumsrechte anderer verletzen, f\u00fchren zur Disqualifikation des Teilnehmers.<\/li>\n<li><strong>Allgemeine Gesch\u00e4ftsbedingungen<\/strong><br \/>\nDie Stadt Miami Beach beh\u00e4lt sich das Recht vor, dieses Gewinnspiel zu \u00e4ndern, auszusetzen, abzubrechen oder zu beenden, falls unbefugte menschliche Eingriffe, ein Fehler oder Virus, Betrug oder andere Ursachen au\u00dferhalb der Kontrolle der Stadt Miami Beach die Sicherheit, Fairness, ordnungsgem\u00e4\u00dfe Durchf\u00fchrung oder Verwaltung des Wettbewerbs\/Gewinnspiels beeintr\u00e4chtigen oder gef\u00e4hrden. Die Stadt Miami Beach beh\u00e4lt sich das Recht vor, Personen zu disqualifizieren, die gegen die Teilnahmebedingungen versto\u00dfen, sowie Schadensersatz im gesetzlich zul\u00e4ssigen Umfang zu fordern, wenn ein Teilnehmer vors\u00e4tzlich Schaden verursacht oder die Rechtm\u00e4\u00dfigkeit der Aktion beeintr\u00e4chtigt hat.<\/li>\n<li><strong>Haftungsbeschr\u00e4nkung<\/strong><br \/>\nParticipant&#8217;s entry into this giveaway constitutes his or her agreement to release and hold harmless the City of Miami Beach and its subsidiaries, affiliates, employees, etc., against all claims liability, illness, injury, death, loss, etc., that occurs directly or indirectly from participation in the contest or use\/misuse of the awarded prize.<\/li>\n<li><strong>Streitigkeiten<\/strong><br \/>\nDer Teilnehmer erkl\u00e4rt sich als Teilnahmebedingung damit einverstanden, dass Streitigkeiten, die zwischen ihm und der Stadt Miami Beach nicht beigelegt werden k\u00f6nnen, ausschlie\u00dflich vor einem Gericht im Bundesstaat Florida individuell beigelegt werden, ohne dass Sammelklagen erhoben werden. Der Teilnehmer verzichtet auf jegliche Anspr\u00fcche auf Straf-, Neben- oder Folgesch\u00e4den sowie auf alle Anspr\u00fcche auf Vervielfachung oder Erh\u00f6hung des Schadensersatzes.<\/li>\n<li><strong>Datenschutzrichtlinie<\/strong><br \/>\nAlle weitergegebenen Informationen unterliegen den Datenschutzbestimmungen der Stadt Miami Beach (https:\/\/www.miamibeachfl.gov\/policies-disclaimers\/).<\/li>\n<li><strong>Gewinnerliste<\/strong><br \/>\nTeilnehmer k\u00f6nnen eine Kopie der Gewinnerliste anfordern, indem sie sich an MadisonBrown@miamibeachfl.gov wenden.<\/li>\n<li><strong>Regeln f\u00fcr Social-Media-Plattformen<\/strong><br \/>\nDie von der Stadt Miami Beach veranstaltete Ticketverlosung f\u00fcr SOBEWFF\u00ae steht in keiner Verbindung zu SOBEWFF\u00ae oder Instagram und wird von diesen weder gesponsert, unterst\u00fctzt noch verwaltet.<\/li>\n<li><strong>Best\u00e4tigung der Annahme und Zustimmung zu allen offiziellen Regeln<\/strong><br \/>\nMit der Teilnahme am Wettbewerb best\u00e4tigt der Teilnehmer, dass er alle oben genannten Bedingungen gelesen, akzeptiert und ihnen zugestimmt hat.<\/li>\n<\/ol>","protected":false},"excerpt":{"rendered":"<p>Miami Beach X SOBEWFF\u00ae Social Media-Wettbewerb Die Stadt Miami Beach hat eine Social Media-Verlosung f\u00fcr SOBEWFF\u00ae gestartet [\u2026]<\/p>","protected":false},"author":222,"featured_media":0,"parent":0,"menu_order":13,"comment_status":"closed","ping_status":"closed","template":"","meta":{"_searchwp_excluded":"","site-sidebar-layout":"default","site-content-layout":"","ast-site-content-layout":"default","site-content-style":"default","site-sidebar-style":"default","ast-global-header-display":"","ast-banner-title-visibility":"","ast-main-header-display":"","ast-hfb-above-header-display":"","ast-hfb-below-header-display":"","ast-hfb-mobile-header-display":"","site-post-title":"","ast-breadcrumbs-content":"","ast-featured-img":"","footer-sml-layout":"","theme-transparent-header-meta":"","adv-header-id-meta":"","stick-header-meta":"","header-above-stick-meta":"","header-main-stick-meta":"","header-below-stick-meta":"","astra-migrate-meta-layouts":"default","ast-page-background-enabled":"default","ast-page-background-meta":{"desktop":{"background-color":"var(--ast-global-color-5)","background-image":"","background-repeat":"repeat","background-position":"center center","background-size":"auto","background-attachment":"scroll","background-type":"","background-media":"","overlay-type":"","overlay-color":"","overlay-opacity":"","overlay-gradient":""},"tablet":{"background-color":"","background-image":"","background-repeat":"repeat","background-position":"center center","background-size":"auto","background-attachment":"scroll","background-type":"","background-media":"","overlay-type":"","overlay-color":"","overlay-opacity":"","overlay-gradient":""},"mobile":{"background-color":"","background-image":"","background-repeat":"repeat","background-position":"center center","background-size":"auto","background-attachment":"scroll","background-type":"","background-media":"","overlay-type":"","overlay-color":"","overlay-opacity":"","overlay-gradient":""}},"ast-content-background-meta":{"desktop":{"background-color":"var(--ast-global-color-4)","background-image":"","background-repeat":"repeat","background-position":"center center","background-size":"auto","background-attachment":"scroll","background-type":"","background-media":"","overlay-type":"","overlay-color":"","overlay-opacity":"","overlay-gradient":""},"tablet":{"background-color":"var(--ast-global-color-4)","background-image":"","background-repeat":"repeat","background-position":"center center","background-size":"auto","background-attachment":"scroll","background-type":"","background-media":"","overlay-type":"","overlay-color":"","overlay-opacity":"","overlay-gradient":""},"mobile":{"background-color":"var(--ast-global-color-4)","background-image":"","background-repeat":"repeat","background-position":"center center","background-size":"auto","background-attachment":"scroll","background-type":"","background-media":"","overlay-type":"","overlay-color":"","overlay-opacity":"","overlay-gradient":""}},"footnotes":""},"categories":[1],"tags":[],"class_list":["post-362357","page","type-page","status-publish","hentry","category-uncategorized"],"yoast_head":"<!-- This site is optimized with the Yoast SEO Premium plugin v26.6 (Yoast SEO v26.6) - https:\/\/yoast.com\/wordpress\/plugins\/seo\/ -->\n<title>Miami Beach Social Media Contest Giveaway Terms - City of Miami Beach<\/title>\n<meta name=\"description\" content=\"The City of Miami Beach has launched a social media drawing for SOBEWFF\u00ae via our Instagram channel asking followers to complete the steps outlined below to be entered into a draw to win two (2) General Admission tickets to the SOBEWFF\u00ae Goya Foods&#039; Grand Tasting Village- 2\/23\/25.\" \/>\n<meta name=\"robots\" content=\"index, follow, max-snippet:-1, max-image-preview:large, max-video-preview:-1\" \/>\n<link rel=\"canonical\" href=\"https:\/\/www.miamibeachfl.gov\/de\/giveawayterms\/\" \/>\n<meta property=\"og:locale\" content=\"de_DE\" \/>\n<meta property=\"og:type\" content=\"article\" \/>\n<meta property=\"og:title\" content=\"Miami Beach Social Media Contest Giveaway Terms\" \/>\n<meta property=\"og:description\" content=\"The City of Miami Beach has launched a social media drawing for SOBEWFF\u00ae via our Instagram channel asking followers to complete the steps outlined below to be entered into a draw to win two (2) General Admission tickets to the SOBEWFF\u00ae Goya Foods&#039; Grand Tasting Village- 2\/23\/25.\" \/>\n<meta property=\"og:url\" content=\"https:\/\/www.miamibeachfl.gov\/de\/giveawayterms\/\" \/>\n<meta property=\"og:site_name\" content=\"City of Miami Beach\" \/>\n<meta property=\"article:publisher\" content=\"https:\/\/www.facebook.com\/cityofmiamibeach\" \/>\n<meta property=\"article:modified_time\" content=\"2026-02-10T17:16:26+00:00\" \/>\n<meta property=\"og:image\" content=\"https:\/\/www.miamibeachfl.gov\/wp-content\/uploads\/2024\/01\/1000pxSquare-miamibeach-aerial-southpointview.jpeg\" \/>\n\t<meta property=\"og:image:width\" content=\"1000\" \/>\n\t<meta property=\"og:image:height\" content=\"1000\" \/>\n\t<meta property=\"og:image:type\" content=\"image\/jpeg\" \/>\n<meta name=\"twitter:card\" content=\"summary_large_image\" \/>\n<meta name=\"twitter:site\" content=\"@Miamibeachnews\" \/>\n<script type=\"application\/ld+json\" class=\"yoast-schema-graph\">{\"@context\":\"https:\/\/schema.org\",\"@graph\":[{\"@type\":\"WebPage\",\"@id\":\"https:\/\/www.miamibeachfl.gov\/giveawayterms\/\",\"url\":\"https:\/\/www.miamibeachfl.gov\/giveawayterms\/\",\"name\":\"Miami Beach Social Media Contest Giveaway Terms - City of Miami Beach\",\"isPartOf\":{\"@id\":\"https:\/\/www.miamibeachfl.gov\/#website\"},\"datePublished\":\"2025-02-13T13:02:50+00:00\",\"dateModified\":\"2026-02-10T17:16:26+00:00\",\"description\":\"The City of Miami Beach has launched a social media drawing for SOBEWFF\u00ae via our Instagram channel asking followers to complete the steps outlined below to be entered into a draw to win two (2) General Admission tickets to the SOBEWFF\u00ae Goya Foods' Grand Tasting Village- 2\/23\/25.\",\"breadcrumb\":{\"@id\":\"https:\/\/www.miamibeachfl.gov\/giveawayterms\/#breadcrumb\"},\"inLanguage\":\"de\",\"potentialAction\":[{\"@type\":\"ReadAction\",\"target\":[\"https:\/\/www.miamibeachfl.gov\/giveawayterms\/\"]}]},{\"@type\":\"BreadcrumbList\",\"@id\":\"https:\/\/www.miamibeachfl.gov\/giveawayterms\/#breadcrumb\",\"itemListElement\":[{\"@type\":\"ListItem\",\"position\":1,\"name\":\"Home\",\"item\":\"https:\/\/www.miamibeachfl.gov\/\"},{\"@type\":\"ListItem\",\"position\":2,\"name\":\"Miami Beach Social Media Contest Giveaway Terms\"}]},{\"@type\":\"WebSite\",\"@id\":\"https:\/\/www.miamibeachfl.gov\/#website\",\"url\":\"https:\/\/www.miamibeachfl.gov\/\",\"name\":\"City of Miami Beach\",\"description\":\"The official website of the City of Miami Beach. Stay informed, find important information on city services, news, alerts, events, trolley routes, government employment and more.\",\"publisher\":{\"@id\":\"https:\/\/www.miamibeachfl.gov\/#organization\"},\"potentialAction\":[{\"@type\":\"SearchAction\",\"target\":{\"@type\":\"EntryPoint\",\"urlTemplate\":\"https:\/\/www.miamibeachfl.gov\/?s={search_term_string}\"},\"query-input\":{\"@type\":\"PropertyValueSpecification\",\"valueRequired\":true,\"valueName\":\"search_term_string\"}}],\"inLanguage\":\"de\"},{\"@type\":\"Organization\",\"@id\":\"https:\/\/www.miamibeachfl.gov\/#organization\",\"name\":\"City of Miami Beach\",\"url\":\"https:\/\/www.miamibeachfl.gov\/\",\"logo\":{\"@type\":\"ImageObject\",\"inLanguage\":\"de\",\"@id\":\"https:\/\/www.miamibeachfl.gov\/#\/schema\/logo\/image\/\",\"url\":\"https:\/\/www.miamibeachfl.gov\/wp-content\/uploads\/2022\/06\/miamibeach-logoblue.png\",\"contentUrl\":\"https:\/\/www.miamibeachfl.gov\/wp-content\/uploads\/2022\/06\/miamibeach-logoblue.png\",\"width\":1962,\"height\":381,\"caption\":\"City of Miami Beach\"},\"image\":{\"@id\":\"https:\/\/www.miamibeachfl.gov\/#\/schema\/logo\/image\/\"},\"sameAs\":[\"https:\/\/www.facebook.com\/cityofmiamibeach\",\"https:\/\/x.com\/Miamibeachnews\",\"https:\/\/www.instagram.com\/miamibeachnews\/\"],\"description\":\"The official website of the City of Miami Beach. Stay informed, find important information on city services, news, alerts, events, trolley routes, government employment and more.\",\"telephone\":\"305.604.CITY(2489)\",\"legalName\":\"City of Miami Beach\"}]}<\/script>\n<!-- \/ Yoast SEO Premium plugin. -->","yoast_head_json":{"title":"Teilnahmebedingungen f\u00fcr den Social-Media-Wettbewerb in Miami Beach \u2013 City of Miami Beach","description":"Die Stadt Miami Beach hat \u00fcber unseren Instagram-Kanal eine Social-Media-Verlosung f\u00fcr SOBEWFF\u00ae gestartet und bittet ihre Follower, die unten beschriebenen Schritte auszuf\u00fchren, um an der Verlosung von zwei (2) allgemeinen Eintrittskarten f\u00fcr das Grand Tasting Village von SOBEWFF\u00ae Goya Foods am 23.02.25 teilzunehmen.","robots":{"index":"index","follow":"follow","max-snippet":"max-snippet:-1","max-image-preview":"max-image-preview:large","max-video-preview":"max-video-preview:-1"},"canonical":"https:\/\/www.miamibeachfl.gov\/de\/giveawayterms\/","og_locale":"de_DE","og_type":"article","og_title":"Miami Beach Social Media Contest Giveaway Terms","og_description":"The City of Miami Beach has launched a social media drawing for SOBEWFF\u00ae via our Instagram channel asking followers to complete the steps outlined below to be entered into a draw to win two (2) General Admission tickets to the SOBEWFF\u00ae Goya Foods' Grand Tasting Village- 2\/23\/25.","og_url":"https:\/\/www.miamibeachfl.gov\/de\/giveawayterms\/","og_site_name":"City of Miami Beach","article_publisher":"https:\/\/www.facebook.com\/cityofmiamibeach","article_modified_time":"2026-02-10T17:16:26+00:00","og_image":[{"width":1000,"height":1000,"url":"https:\/\/www.miamibeachfl.gov\/wp-content\/uploads\/2024\/01\/1000pxSquare-miamibeach-aerial-southpointview.jpeg","type":"image\/jpeg"}],"twitter_card":"summary_large_image","twitter_site":"@Miamibeachnews","schema":{"@context":"https:\/\/schema.org","@graph":[{"@type":"WebPage","@id":"https:\/\/www.miamibeachfl.gov\/giveawayterms\/","url":"https:\/\/www.miamibeachfl.gov\/giveawayterms\/","name":"Teilnahmebedingungen f\u00fcr den Social-Media-Wettbewerb in Miami Beach \u2013 City of Miami Beach","isPartOf":{"@id":"https:\/\/www.miamibeachfl.gov\/#website"},"datePublished":"2025-02-13T13:02:50+00:00","dateModified":"2026-02-10T17:16:26+00:00","description":"Die Stadt Miami Beach hat \u00fcber unseren Instagram-Kanal eine Social-Media-Verlosung f\u00fcr SOBEWFF\u00ae gestartet und bittet ihre Follower, die unten beschriebenen Schritte auszuf\u00fchren, um an der Verlosung von zwei (2) allgemeinen Eintrittskarten f\u00fcr das Grand Tasting Village von SOBEWFF\u00ae Goya Foods am 23.02.25 teilzunehmen.","breadcrumb":{"@id":"https:\/\/www.miamibeachfl.gov\/giveawayterms\/#breadcrumb"},"inLanguage":"de","potentialAction":[{"@type":"ReadAction","target":["https:\/\/www.miamibeachfl.gov\/giveawayterms\/"]}]},{"@type":"BreadcrumbList","@id":"https:\/\/www.miamibeachfl.gov\/giveawayterms\/#breadcrumb","itemListElement":[{"@type":"ListItem","position":1,"name":"Home","item":"https:\/\/www.miamibeachfl.gov\/"},{"@type":"ListItem","position":2,"name":"Miami Beach Social Media Contest Giveaway Terms"}]},{"@type":"WebSite","@id":"https:\/\/www.miamibeachfl.gov\/#website","url":"https:\/\/www.miamibeachfl.gov\/","name":"Stadt Miami Beach","description":"Die offizielle Website der Stadt Miami Beach. Bleiben Sie informiert und finden Sie wichtige Informationen zu st\u00e4dtischen Dienstleistungen, Neuigkeiten, Warnungen, Veranstaltungen, Stra\u00dfenbahnlinien, Stellenangeboten im \u00f6ffentlichen Dienst und mehr.","publisher":{"@id":"https:\/\/www.miamibeachfl.gov\/#organization"},"potentialAction":[{"@type":"SearchAction","target":{"@type":"EntryPoint","urlTemplate":"https:\/\/www.miamibeachfl.gov\/?s={search_term_string}"},"query-input":{"@type":"PropertyValueSpecification","valueRequired":true,"valueName":"search_term_string"}}],"inLanguage":"de"},{"@type":"Organization","@id":"https:\/\/www.miamibeachfl.gov\/#organization","name":"Stadt Miami Beach","url":"https:\/\/www.miamibeachfl.gov\/","logo":{"@type":"ImageObject","inLanguage":"de","@id":"https:\/\/www.miamibeachfl.gov\/#\/schema\/logo\/image\/","url":"https:\/\/www.miamibeachfl.gov\/wp-content\/uploads\/2022\/06\/miamibeach-logoblue.png","contentUrl":"https:\/\/www.miamibeachfl.gov\/wp-content\/uploads\/2022\/06\/miamibeach-logoblue.png","width":1962,"height":381,"caption":"City of Miami Beach"},"image":{"@id":"https:\/\/www.miamibeachfl.gov\/#\/schema\/logo\/image\/"},"sameAs":["https:\/\/www.facebook.com\/cityofmiamibeach","https:\/\/x.com\/Miamibeachnews","https:\/\/www.instagram.com\/miamibeachnews\/"],"description":"Die offizielle Website der Stadt Miami Beach. Bleiben Sie informiert und finden Sie wichtige Informationen zu st\u00e4dtischen Dienstleistungen, Neuigkeiten, Warnungen, Veranstaltungen, Stra\u00dfenbahnlinien, Stellenangeboten im \u00f6ffentlichen Dienst und mehr.","telephone":"305.604.CITY(2489)","legalName":"City of Miami Beach"}]}},"_links":{"self":[{"href":"https:\/\/www.miamibeachfl.gov\/de\/wp-json\/wp\/v2\/pages\/362357","targetHints":{"allow":["GET"]}}],"collection":[{"href":"https:\/\/www.miamibeachfl.gov\/de\/wp-json\/wp\/v2\/pages"}],"about":[{"href":"https:\/\/www.miamibeachfl.gov\/de\/wp-json\/wp\/v2\/types\/page"}],"author":[{"embeddable":true,"href":"https:\/\/www.miamibeachfl.gov\/de\/wp-json\/wp\/v2\/users\/222"}],"replies":[{"embeddable":true,"href":"https:\/\/www.miamibeachfl.gov\/de\/wp-json\/wp\/v2\/comments?post=362357"}],"version-history":[{"count":0,"href":"https:\/\/www.miamibeachfl.gov\/de\/wp-json\/wp\/v2\/pages\/362357\/revisions"}],"wp:attachment":[{"href":"https:\/\/www.miamibeachfl.gov\/de\/wp-json\/wp\/v2\/media?parent=362357"}],"wp:term":[{"taxonomy":"category","embeddable":true,"href":"https:\/\/www.miamibeachfl.gov\/de\/wp-json\/wp\/v2\/categories?post=362357"},{"taxonomy":"post_tag","embeddable":true,"href":"https:\/\/www.miamibeachfl.gov\/de\/wp-json\/wp\/v2\/tags?post=362357"}],"curies":[{"name":"wp","href":"https:\/\/api.w.org\/{rel}","templated":true}]}}