{"id":36896,"date":"2017-09-20T13:15:06","date_gmt":"2017-09-20T17:15:06","guid":{"rendered":"http:\/\/www.miamibeachfl.gov\/?page_id=36896"},"modified":"2026-01-02T10:46:49","modified_gmt":"2026-01-02T15:46:49","slug":"advertising-rates","status":"publish","type":"page","link":"https:\/\/www.miamibeachfl.gov\/de\/city-hall\/communications\/advertising-rates\/","title":{"rendered":"Anzeigenpreise"},"content":{"rendered":"<img decoding=\"async\" src=\"https:\/\/www.miamibeachfl.gov\/wp-content\/uploads\/2023\/04\/mbmagazinethumbnails.png\" alt=\"mbmagazinethumbnails\" itemprop=\"image\" height=\"271\" width=\"1875\" title=\"mbmagazinethumbnails\" onerror=\"this.style.display='none'\" loading=\"lazy\" \/>\n<h1>\n\t\t\tAnzeigenpreise\t<\/h1>\nKommunikationsmen\u00fc\t\t\t\n\t\t\t\t\t<ul id=\"menu-marketing-and-communications\"><li id=\"menu-item-257918\"><a href=\"\/de\/city-hall\/communications\/\">Marketing &amp; Kommunikation<\/a><\/li>\n<li id=\"menu-item-257919\"><a href=\"\/de\/city-hall\/communications\/press-releases\/\">Pressemitteilungen<\/a><\/li>\n<li id=\"menu-item-257920\"><a href=\"\/de\/city-hall\/communications\/advertising-rates\/\">Anzeigenpreise<\/a><\/li>\n<li id=\"menu-item-257921\"><a href=\"\/de\/city-hall\/communications\/subscriptions\/\">Abonnements<\/a><\/li>\n<li id=\"menu-item-257922\"><a href=\"\/de\/city-hall\/communications\/logos\/\">Fordern Sie ein Logo an<\/a><\/li>\n<\/ul>\t\nKommunikationsmen\u00fc \u00d7\t\t\t\t\t\t<ul id=\"menu-marketing-and-communications-1\"><li id=\"menu-item-257918\"><a href=\"\/de\/city-hall\/communications\/\">Marketing &amp; Kommunikation<\/a><\/li>\n<li id=\"menu-item-257919\"><a href=\"\/de\/city-hall\/communications\/press-releases\/\">Pressemitteilungen<\/a><\/li>\n<li id=\"menu-item-257920\"><a href=\"\/de\/city-hall\/communications\/advertising-rates\/\">Anzeigenpreise<\/a><\/li>\n<li id=\"menu-item-257921\"><a href=\"\/de\/city-hall\/communications\/subscriptions\/\">Abonnements<\/a><\/li>\n<li id=\"menu-item-257922\"><a href=\"\/de\/city-hall\/communications\/logos\/\">Fordern Sie ein Logo an<\/a><\/li>\n<\/ul>\t\t\t\t\n\t\t\t<h2>\n\t\t\tMB Magazin\t<\/h2>\n\t<ul>\n<li><strong>Ganze Seite<\/strong>8,5\u2033 B x 11,125\u2033 H \u2013 1x $2.820 | 4x $9.600 ($2.400\/Ausgabe) | Gemeinn\u00fctzig $2.100\/Ausgabe<\/li>\n<li><strong>Innenseite vorne<\/strong>8,5\u2033 B x 11,125\u2033 H \u2013 1x $3.120 | 4x $10.620 ($2.665\/Ausgabe) | Gemeinn\u00fctzig $2.520\/Ausgabe<\/li>\n<li><strong>Innenseite hinten<\/strong>8,5\u2033 B x 11,125\u2033 H \u2013 1x $3.120 | 4x $10.620 ($2.665\/Ausgabe) | Gemeinn\u00fctzig $2.520\/Ausgabe<\/li>\n<li><strong>R\u00fcckseite<\/strong>8,5\u2033 B x 7,5\u2033 H \u2013 1x $3.480 | 4x $11.840 ($2.960\/Ausgabe) | Gemeinn\u00fctzig $2.700\/Ausgabe<\/li>\n<\/ul>\n\t\t\t<a href=\"https:\/\/www.miamibeachfl.gov\/wp-content\/uploads\/2024\/07\/MBMediaKit.pdf\" target=\"_self\">\n\t\t\t\t\t\tMedia Kit herunterladen\n\t\t\t\t\t<\/a>\n<h2>\n\t\t\tAnzeigen f\u00fcr Parkscheine\t<\/h2>\n\t<ul>\n<li><strong>3 Monate:<\/strong> $1.333,33 pro Monat und $4.000 insgesamt<\/li>\n<li><strong>6 Monate:<\/strong> $1.250,00 pro Monat und $7.500 insgesamt<\/li>\n<\/ul>\n\t**Alle Anzeigen: Die Werbung wird f\u00fcr jede Rate zum F\u00e4lligkeitszeitpunkt der Erstellung in Rechnung gestellt.<br \/>\n*MB Magazine: Das Magazin erscheint einmal pro Quartal. Alle Anzeigen sind in Farbe. F\u00fcr Non-Profit-Tarife ist keine 4-Ausgaben-Verpflichtung erforderlich.\n\t<ul>\n\t\t<li>\t\t\t\t\n\t\t<h3>Hauptb\u00fcro:<\/h3><p><strong><a href=\"https:\/\/goo.gl\/maps\/6gS89fYMKwgryvmc9\">1700 Convention Center Drive,<\/a><\/strong><br \/>Miami Beach, FL 33139<\/p><\/li><li>\t\t\t\t\n\t\t<h3>Hauptnummer:<\/h3><p><strong><a href=\"tel:3056737575\">305.673.7575<\/a><\/strong><\/p><\/li><li>\t\t\t\t\n\t\t<h3>\u00d6ffnungszeiten:<\/h3><p><strong>Montag \u2013 Freitag<\/strong><br \/><strong>9 \u2013 17 Uhr<\/strong><\/p><\/li>\t<\/ul>","protected":false},"excerpt":{"rendered":"<p>Advertising Rates Communications Menu Marketing &#038; Communications Press Releases Advertising Rates Subscriptions Request a Logo Communications Menu \u00d7 Marketing &#038; [&hellip;]<\/p>\n","protected":false},"author":222,"featured_media":0,"parent":28391,"menu_order":96,"comment_status":"closed","ping_status":"closed","template":"","meta":{"_searchwp_excluded":"","site-sidebar-layout":"default","site-content-layout":"","ast-site-content-layout":"default","site-content-style":"default","site-sidebar-style":"default","ast-global-header-display":"","ast-banner-title-visibility":"","ast-main-header-display":"","ast-hfb-above-header-display":"","ast-hfb-below-header-display":"","ast-hfb-mobile-header-display":"","site-post-title":"","ast-breadcrumbs-content":"","ast-featured-img":"","footer-sml-layout":"","theme-transparent-header-meta":"","adv-header-id-meta":"","stick-header-meta":"","header-above-stick-meta":"","header-main-stick-meta":"","header-below-stick-meta":"","astra-migrate-meta-layouts":"default","ast-page-background-enabled":"default","ast-page-background-meta":{"desktop":{"background-color":"var(--ast-global-color-5)","background-image":"","background-repeat":"repeat","background-position":"center center","background-size":"auto","background-attachment":"scroll","background-type":"","background-media":"","overlay-type":"","overlay-color":"","overlay-opacity":"","overlay-gradient":""},"tablet":{"background-color":"","background-image":"","background-repeat":"repeat","background-position":"center center","background-size":"auto","background-attachment":"scroll","background-type":"","background-media":"","overlay-type":"","overlay-color":"","overlay-opacity":"","overlay-gradient":""},"mobile":{"background-color":"","background-image":"","background-repeat":"repeat","background-position":"center center","background-size":"auto","background-attachment":"scroll","background-type":"","background-media":"","overlay-type":"","overlay-color":"","overlay-opacity":"","overlay-gradient":""}},"ast-content-background-meta":{"desktop":{"background-color":"var(--ast-global-color-4)","background-image":"","background-repeat":"repeat","background-position":"center center","background-size":"auto","background-attachment":"scroll","background-type":"","background-media":"","overlay-type":"","overlay-color":"","overlay-opacity":"","overlay-gradient":""},"tablet":{"background-color":"var(--ast-global-color-4)","background-image":"","background-repeat":"repeat","background-position":"center center","background-size":"auto","background-attachment":"scroll","background-type":"","background-media":"","overlay-type":"","overlay-color":"","overlay-opacity":"","overlay-gradient":""},"mobile":{"background-color":"var(--ast-global-color-4)","background-image":"","background-repeat":"repeat","background-position":"center center","background-size":"auto","background-attachment":"scroll","background-type":"","background-media":"","overlay-type":"","overlay-color":"","overlay-opacity":"","overlay-gradient":""}},"footnotes":""},"categories":[],"tags":[],"class_list":["post-36896","page","type-page","status-publish","hentry"],"yoast_head":"<!-- This site is optimized with the Yoast SEO Premium plugin v27.4 (Yoast SEO v27.4) - https:\/\/yoast.com\/product\/yoast-seo-premium-wordpress\/ -->\n<title>Advertising Rates - City of Miami Beach<\/title>\n<meta name=\"description\" content=\"Advertise with the City of Miami Beach.\" \/>\n<meta name=\"robots\" content=\"index, follow, max-snippet:-1, max-image-preview:large, max-video-preview:-1\" \/>\n<link rel=\"canonical\" href=\"https:\/\/www.miamibeachfl.gov\/de\/city-hall\/communications\/advertising-rates\/\" \/>\n<meta property=\"og:locale\" content=\"de_DE\" \/>\n<meta property=\"og:type\" content=\"article\" \/>\n<meta property=\"og:title\" content=\"Advertising Rates\" \/>\n<meta property=\"og:description\" content=\"Advertise with the City of Miami Beach.\" \/>\n<meta property=\"og:url\" content=\"https:\/\/www.miamibeachfl.gov\/de\/city-hall\/communications\/advertising-rates\/\" \/>\n<meta property=\"og:site_name\" content=\"City of Miami Beach\" \/>\n<meta property=\"article:publisher\" content=\"https:\/\/www.facebook.com\/cityofmiamibeach\" \/>\n<meta property=\"article:modified_time\" content=\"2026-01-02T15:46:49+00:00\" \/>\n<meta property=\"og:image\" content=\"https:\/\/www.miamibeachfl.gov\/wp-content\/uploads\/2023\/04\/mbmagazinethumbnails.png\" \/>\n<meta name=\"twitter:card\" content=\"summary_large_image\" \/>\n<meta name=\"twitter:site\" content=\"@Miamibeachnews\" \/>\n<script type=\"application\/ld+json\" class=\"yoast-schema-graph\">{\"@context\":\"https:\\\/\\\/schema.org\",\"@graph\":[{\"@type\":\"WebPage\",\"@id\":\"https:\\\/\\\/www.miamibeachfl.gov\\\/city-hall\\\/communications\\\/advertising-rates\\\/\",\"url\":\"https:\\\/\\\/www.miamibeachfl.gov\\\/city-hall\\\/communications\\\/advertising-rates\\\/\",\"name\":\"Advertising Rates - City of Miami Beach\",\"isPartOf\":{\"@id\":\"https:\\\/\\\/www.miamibeachfl.gov\\\/#website\"},\"primaryImageOfPage\":{\"@id\":\"https:\\\/\\\/www.miamibeachfl.gov\\\/city-hall\\\/communications\\\/advertising-rates\\\/#primaryimage\"},\"image\":{\"@id\":\"https:\\\/\\\/www.miamibeachfl.gov\\\/city-hall\\\/communications\\\/advertising-rates\\\/#primaryimage\"},\"thumbnailUrl\":\"https:\\\/\\\/www.miamibeachfl.gov\\\/wp-content\\\/uploads\\\/2023\\\/04\\\/mbmagazinethumbnails.png\",\"datePublished\":\"2017-09-20T17:15:06+00:00\",\"dateModified\":\"2026-01-02T15:46:49+00:00\",\"description\":\"Advertise with the City of Miami Beach.\",\"breadcrumb\":{\"@id\":\"https:\\\/\\\/www.miamibeachfl.gov\\\/city-hall\\\/communications\\\/advertising-rates\\\/#breadcrumb\"},\"inLanguage\":\"de\",\"potentialAction\":[{\"@type\":\"ReadAction\",\"target\":[\"https:\\\/\\\/www.miamibeachfl.gov\\\/city-hall\\\/communications\\\/advertising-rates\\\/\"]}]},{\"@type\":\"ImageObject\",\"inLanguage\":\"de\",\"@id\":\"https:\\\/\\\/www.miamibeachfl.gov\\\/city-hall\\\/communications\\\/advertising-rates\\\/#primaryimage\",\"url\":\"https:\\\/\\\/www.miamibeachfl.gov\\\/wp-content\\\/uploads\\\/2023\\\/04\\\/mbmagazinethumbnails.png\",\"contentUrl\":\"https:\\\/\\\/www.miamibeachfl.gov\\\/wp-content\\\/uploads\\\/2023\\\/04\\\/mbmagazinethumbnails.png\"},{\"@type\":\"BreadcrumbList\",\"@id\":\"https:\\\/\\\/www.miamibeachfl.gov\\\/city-hall\\\/communications\\\/advertising-rates\\\/#breadcrumb\",\"itemListElement\":[{\"@type\":\"ListItem\",\"position\":1,\"name\":\"Home\",\"item\":\"https:\\\/\\\/www.miamibeachfl.gov\\\/\"},{\"@type\":\"ListItem\",\"position\":2,\"name\":\"City Hall\",\"item\":\"https:\\\/\\\/www.miamibeachfl.gov\\\/city-hall\\\/\"},{\"@type\":\"ListItem\",\"position\":3,\"name\":\"Marketing &#038; Communications\",\"item\":\"https:\\\/\\\/www.miamibeachfl.gov\\\/city-hall\\\/communications\\\/\"},{\"@type\":\"ListItem\",\"position\":4,\"name\":\"Advertising Rates\"}]},{\"@type\":\"WebSite\",\"@id\":\"https:\\\/\\\/www.miamibeachfl.gov\\\/#website\",\"url\":\"https:\\\/\\\/www.miamibeachfl.gov\\\/\",\"name\":\"City of Miami Beach\",\"description\":\"The official website of the City of Miami Beach. Stay informed, find important information on city services, news, alerts, events, trolley routes, government employment and more.\",\"publisher\":{\"@id\":\"https:\\\/\\\/www.miamibeachfl.gov\\\/#organization\"},\"potentialAction\":[{\"@type\":\"SearchAction\",\"target\":{\"@type\":\"EntryPoint\",\"urlTemplate\":\"https:\\\/\\\/www.miamibeachfl.gov\\\/?s={search_term_string}\"},\"query-input\":{\"@type\":\"PropertyValueSpecification\",\"valueRequired\":true,\"valueName\":\"search_term_string\"}}],\"inLanguage\":\"de\"},{\"@type\":\"Organization\",\"@id\":\"https:\\\/\\\/www.miamibeachfl.gov\\\/#organization\",\"name\":\"City of Miami Beach\",\"url\":\"https:\\\/\\\/www.miamibeachfl.gov\\\/\",\"logo\":{\"@type\":\"ImageObject\",\"inLanguage\":\"de\",\"@id\":\"https:\\\/\\\/www.miamibeachfl.gov\\\/#\\\/schema\\\/logo\\\/image\\\/\",\"url\":\"https:\\\/\\\/www.miamibeachfl.gov\\\/wp-content\\\/uploads\\\/2022\\\/06\\\/miamibeach-logoblue.png\",\"contentUrl\":\"https:\\\/\\\/www.miamibeachfl.gov\\\/wp-content\\\/uploads\\\/2022\\\/06\\\/miamibeach-logoblue.png\",\"width\":1962,\"height\":381,\"caption\":\"City of Miami Beach\"},\"image\":{\"@id\":\"https:\\\/\\\/www.miamibeachfl.gov\\\/#\\\/schema\\\/logo\\\/image\\\/\"},\"sameAs\":[\"https:\\\/\\\/www.facebook.com\\\/cityofmiamibeach\",\"https:\\\/\\\/x.com\\\/Miamibeachnews\",\"https:\\\/\\\/www.instagram.com\\\/miamibeachnews\\\/\"],\"description\":\"The official website of the City of Miami Beach. Stay informed, find important information on city services, news, alerts, events, trolley routes, government employment and more.\",\"telephone\":\"305.604.CITY(2489)\",\"legalName\":\"City of Miami Beach\"}]}<\/script>\n<!-- \/ Yoast SEO Premium plugin. -->","yoast_head_json":{"title":"Anzeigenpreise - Stadt Miami Beach","description":"Machen Sie Werbung bei der Stadt Miami Beach.","robots":{"index":"index","follow":"follow","max-snippet":"max-snippet:-1","max-image-preview":"max-image-preview:large","max-video-preview":"max-video-preview:-1"},"canonical":"https:\/\/www.miamibeachfl.gov\/de\/city-hall\/communications\/advertising-rates\/","og_locale":"de_DE","og_type":"article","og_title":"Advertising Rates","og_description":"Advertise with the City of Miami Beach.","og_url":"https:\/\/www.miamibeachfl.gov\/de\/city-hall\/communications\/advertising-rates\/","og_site_name":"City of Miami Beach","article_publisher":"https:\/\/www.facebook.com\/cityofmiamibeach","article_modified_time":"2026-01-02T15:46:49+00:00","og_image":[{"url":"https:\/\/www.miamibeachfl.gov\/wp-content\/uploads\/2023\/04\/mbmagazinethumbnails.png","type":"","width":"","height":""}],"twitter_card":"summary_large_image","twitter_site":"@Miamibeachnews","schema":{"@context":"https:\/\/schema.org","@graph":[{"@type":"WebPage","@id":"https:\/\/www.miamibeachfl.gov\/city-hall\/communications\/advertising-rates\/","url":"https:\/\/www.miamibeachfl.gov\/city-hall\/communications\/advertising-rates\/","name":"Anzeigenpreise - Stadt Miami Beach","isPartOf":{"@id":"https:\/\/www.miamibeachfl.gov\/#website"},"primaryImageOfPage":{"@id":"https:\/\/www.miamibeachfl.gov\/city-hall\/communications\/advertising-rates\/#primaryimage"},"image":{"@id":"https:\/\/www.miamibeachfl.gov\/city-hall\/communications\/advertising-rates\/#primaryimage"},"thumbnailUrl":"https:\/\/www.miamibeachfl.gov\/wp-content\/uploads\/2023\/04\/mbmagazinethumbnails.png","datePublished":"2017-09-20T17:15:06+00:00","dateModified":"2026-01-02T15:46:49+00:00","description":"Machen Sie Werbung bei der Stadt Miami Beach.","breadcrumb":{"@id":"https:\/\/www.miamibeachfl.gov\/city-hall\/communications\/advertising-rates\/#breadcrumb"},"inLanguage":"de","potentialAction":[{"@type":"ReadAction","target":["https:\/\/www.miamibeachfl.gov\/city-hall\/communications\/advertising-rates\/"]}]},{"@type":"ImageObject","inLanguage":"de","@id":"https:\/\/www.miamibeachfl.gov\/city-hall\/communications\/advertising-rates\/#primaryimage","url":"https:\/\/www.miamibeachfl.gov\/wp-content\/uploads\/2023\/04\/mbmagazinethumbnails.png","contentUrl":"https:\/\/www.miamibeachfl.gov\/wp-content\/uploads\/2023\/04\/mbmagazinethumbnails.png"},{"@type":"BreadcrumbList","@id":"https:\/\/www.miamibeachfl.gov\/city-hall\/communications\/advertising-rates\/#breadcrumb","itemListElement":[{"@type":"ListItem","position":1,"name":"Home","item":"https:\/\/www.miamibeachfl.gov\/"},{"@type":"ListItem","position":2,"name":"City Hall","item":"https:\/\/www.miamibeachfl.gov\/city-hall\/"},{"@type":"ListItem","position":3,"name":"Marketing &#038; Communications","item":"https:\/\/www.miamibeachfl.gov\/city-hall\/communications\/"},{"@type":"ListItem","position":4,"name":"Advertising Rates"}]},{"@type":"WebSite","@id":"https:\/\/www.miamibeachfl.gov\/#website","url":"https:\/\/www.miamibeachfl.gov\/","name":"Stadt Miami Beach","description":"Die offizielle Website der Stadt Miami Beach. Bleiben Sie informiert und finden Sie wichtige Informationen zu st\u00e4dtischen Dienstleistungen, Neuigkeiten, Warnungen, Veranstaltungen, Stra\u00dfenbahnlinien, Stellenangeboten im \u00f6ffentlichen Dienst und mehr.","publisher":{"@id":"https:\/\/www.miamibeachfl.gov\/#organization"},"potentialAction":[{"@type":"SearchAction","target":{"@type":"EntryPoint","urlTemplate":"https:\/\/www.miamibeachfl.gov\/?s={search_term_string}"},"query-input":{"@type":"PropertyValueSpecification","valueRequired":true,"valueName":"search_term_string"}}],"inLanguage":"de"},{"@type":"Organization","@id":"https:\/\/www.miamibeachfl.gov\/#organization","name":"Stadt Miami Beach","url":"https:\/\/www.miamibeachfl.gov\/","logo":{"@type":"ImageObject","inLanguage":"de","@id":"https:\/\/www.miamibeachfl.gov\/#\/schema\/logo\/image\/","url":"https:\/\/www.miamibeachfl.gov\/wp-content\/uploads\/2022\/06\/miamibeach-logoblue.png","contentUrl":"https:\/\/www.miamibeachfl.gov\/wp-content\/uploads\/2022\/06\/miamibeach-logoblue.png","width":1962,"height":381,"caption":"City of Miami Beach"},"image":{"@id":"https:\/\/www.miamibeachfl.gov\/#\/schema\/logo\/image\/"},"sameAs":["https:\/\/www.facebook.com\/cityofmiamibeach","https:\/\/x.com\/Miamibeachnews","https:\/\/www.instagram.com\/miamibeachnews\/"],"description":"Die offizielle Website der Stadt Miami Beach. Bleiben Sie informiert und finden Sie wichtige Informationen zu st\u00e4dtischen Dienstleistungen, Neuigkeiten, Warnungen, Veranstaltungen, Stra\u00dfenbahnlinien, Stellenangeboten im \u00f6ffentlichen Dienst und mehr.","telephone":"305.604.CITY(2489)","legalName":"City of Miami Beach"}]}},"_links":{"self":[{"href":"https:\/\/www.miamibeachfl.gov\/de\/wp-json\/wp\/v2\/pages\/36896","targetHints":{"allow":["GET"]}}],"collection":[{"href":"https:\/\/www.miamibeachfl.gov\/de\/wp-json\/wp\/v2\/pages"}],"about":[{"href":"https:\/\/www.miamibeachfl.gov\/de\/wp-json\/wp\/v2\/types\/page"}],"author":[{"embeddable":true,"href":"https:\/\/www.miamibeachfl.gov\/de\/wp-json\/wp\/v2\/users\/222"}],"replies":[{"embeddable":true,"href":"https:\/\/www.miamibeachfl.gov\/de\/wp-json\/wp\/v2\/comments?post=36896"}],"version-history":[{"count":4,"href":"https:\/\/www.miamibeachfl.gov\/de\/wp-json\/wp\/v2\/pages\/36896\/revisions"}],"predecessor-version":[{"id":394412,"href":"https:\/\/www.miamibeachfl.gov\/de\/wp-json\/wp\/v2\/pages\/36896\/revisions\/394412"}],"up":[{"embeddable":true,"href":"https:\/\/www.miamibeachfl.gov\/de\/wp-json\/wp\/v2\/pages\/28391"}],"wp:attachment":[{"href":"https:\/\/www.miamibeachfl.gov\/de\/wp-json\/wp\/v2\/media?parent=36896"}],"wp:term":[{"taxonomy":"category","embeddable":true,"href":"https:\/\/www.miamibeachfl.gov\/de\/wp-json\/wp\/v2\/categories?post=36896"},{"taxonomy":"post_tag","embeddable":true,"href":"https:\/\/www.miamibeachfl.gov\/de\/wp-json\/wp\/v2\/tags?post=36896"}],"curies":[{"name":"wp","href":"https:\/\/api.w.org\/{rel}","templated":true}]}}