{"id":372292,"date":"2025-05-12T13:20:50","date_gmt":"2025-05-12T17:20:50","guid":{"rendered":"https:\/\/www.miamibeachfl.gov\/?page_id=372292"},"modified":"2025-05-29T14:27:13","modified_gmt":"2025-05-29T18:27:13","slug":"michelangelo","status":"publish","type":"page","link":"https:\/\/www.miamibeachfl.gov\/de\/michelangelo\/","title":{"rendered":"Michelangelo"},"content":{"rendered":"<img decoding=\"async\" src=\"https:\/\/www.miamibeachfl.gov\/wp-content\/uploads\/2025\/05\/michelangelologo2.jpg\" alt=\"michelangelo logo\" itemprop=\"image\" title=\"michelangelologo2\" onerror=\"this.style.display='none'\" loading='lazy' \/>\n<h3>\n\t\t\tEr\u00f6ffnung: Mittwoch, 21. Mai 2025 \u2013 1212 Lincoln Road\t<\/h3>\n<h1>\n\t\t\tTauchen Sie ein in das Genie Michelangelos \u2013 kostenlose, immersive F\u00fchrungen f\u00fcr Einwohner von Miami Beach\t<\/h1>\n\t<p>Die Stadt Miami Beach l\u00e4dt ihre Einwohner ein, die Kunst Michelangelos wie nie zuvor zu erleben \u2013 auf einer atemberaubenden, multisensorischen Reise, die das Werk des Meisters zum Leben erweckt. Einwohner von Miami Beach genie\u00dfen exklusiven, gef\u00fchrten Zugang zur Michelangelo Immersive Experience. F\u00fcr ein intimes Erlebnis ist jede Tour auf 30 G\u00e4ste begrenzt. F\u00fcnf Tourtermine verf\u00fcgbar.<\/p>\n<p>Einwohner von Miami Beach k\u00f6nnen die Ausstellung auch auf eigene Faust genie\u00dfen. Einwohner k\u00f6nnen bis zu\u00a0<strong>zwei Freikarten pro Haushalt<\/strong> am\u00a0<strong>Miami Beach<\/strong> <strong>Kundenservicecenter <\/strong>Start\u00a0<strong>Freitag, 16. Mai<\/strong>, solange der Vorrat reicht.\u00a0<strong>Es stehen 25 Ticketpaare zur Verf\u00fcgung \u2013 wer zuerst kommt, mahlt zuerst! <\/strong>Ein Wohnsitznachweis ist erforderlich.<\/p>\n\n<h3>\n\t\t\tReservieren Sie jetzt Ihre kostenlose Tour \u00fcber die folgenden Links: \t<\/h3>\n\t\t<ul>\n\t\t\t\t\t<li>\n\t\t\t\t\t<a href=\"http:\/\/www.eventbrite.com\/e\/gmvb-michelangelo-immersive-group-1-tickets-1347239111449?aff=oddtdtcreator\" target=\"_blank\">\n\t\t\t\t\t\t\t\t\t\t\t<img loading=\"lazy\" decoding=\"async\" src=\"https:\/\/www.miamibeachfl.gov\/wp-content\/uploads\/2025\/05\/Eventbrite-Stacked-Logo.png\" alt=\"Eventbrite Stacked Logo\" width=\"1470\" height=\"1362\" \/>\n\t\t\t\t<h4>Gruppe Mi, 21. Mai | 10-11:30 Uhr<\/h4>\n\t<\/a>\n\t\t\t<\/li>\n\t\t\t\t\t<li>\n\t\t\t\t\t<a href=\"http:\/\/www.eventbrite.com\/e\/gmvb-michelangelo-immersive-group-2-tickets-1358488298069?aff=oddtdtcreator\" target=\"_blank\">\n\t\t\t\t\t\t\t\t\t\t\t<img loading=\"lazy\" decoding=\"async\" src=\"https:\/\/www.miamibeachfl.gov\/wp-content\/uploads\/2025\/05\/Eventbrite-Stacked-Logo.png\" alt=\"Eventbrite Stacked Logo\" width=\"1470\" height=\"1362\" \/>\n\t\t\t\t<h4>Gruppe Mi, 21. Mai | 18-19 Uhr<\/h4>\n\t<\/a>\n\t\t\t<\/li>\n\t\t\t\t\t<li>\n\t\t\t\t\t<a href=\"http:\/\/www.eventbrite.com\/e\/gmvb-michelangelo-immersive-group-3-tickets-1347239713249?aff=oddtdtcreator\" target=\"_blank\">\n\t\t\t\t\t\t\t\t\t\t\t<img loading=\"lazy\" decoding=\"async\" src=\"https:\/\/www.miamibeachfl.gov\/wp-content\/uploads\/2025\/05\/Eventbrite-Stacked-Logo.png\" alt=\"Eventbrite Stacked Logo\" width=\"1470\" height=\"1362\" \/>\n\t\t\t\t<h4>Gruppe Do, 22. Mai | 10-11:30 Uhr<\/h4>\n\t<\/a>\n\t\t\t<\/li>\n\t\t\t\t\t<li>\n\t\t\t\t\t<a href=\"http:\/\/www.eventbrite.com\/e\/gmvb-michelangelo-immersive-group-4-tickets-1358489170679?aff=oddtdtcreator\" target=\"_blank\">\n\t\t\t\t\t\t\t\t\t\t\t<img loading=\"lazy\" decoding=\"async\" src=\"https:\/\/www.miamibeachfl.gov\/wp-content\/uploads\/2025\/05\/Eventbrite-Stacked-Logo.png\" alt=\"Eventbrite Stacked Logo\" width=\"1470\" height=\"1362\" \/>\n\t\t\t\t<h4>Gruppe Do, 22. Mai | 18-19 Uhr<\/h4>\n\t<\/a>\n\t\t\t<\/li>\n\t\t\t\t\t<li>\n\t\t\t\t\t<a href=\"http:\/\/www.eventbrite.com\/e\/gmvb-michelangelo-immersive-group-5-tickets-1347240636009?aff=oddtdtcreator\" target=\"_blank\">\n\t\t\t\t\t\t\t\t\t\t\t<img loading=\"lazy\" decoding=\"async\" src=\"https:\/\/www.miamibeachfl.gov\/wp-content\/uploads\/2025\/05\/Eventbrite-Stacked-Logo.png\" alt=\"Eventbrite Stacked Logo\" width=\"1470\" height=\"1362\" \/>\n\t\t\t\t<h4>Gruppe Mi, 11. Juni | 10-11:30 Uhr<\/h4>\n\t<\/a>\n\t\t\t<\/li>\n\t\t\t\t<\/ul>\n\t<p><i>Pr\u00e4sentiert von der Premier X Group, verbindet Michelangelo Immersive klassische Kunst mit moderner Technologie in einer Reihe interaktiver R\u00e4ume. Lebensgro\u00dfe Reproduktionen von David, Piet\u00e0, Moses und Bacchus werden mit dynamischem Licht und digitalen Details beleuchtet und unterstreichen so die Kunstfertigkeit und Emotionalit\u00e4t von Michelangelos Skulpturen. Ein zentrales Element der Ausstellung ist eine gro\u00dfformatige digitale Nachbildung der Sixtinischen Kapelle, in der Projektionen von \u201eDie Erschaffung Adams\u201c, \u201eDas J\u00fcngste Gericht\u201c und anderen Fresken in hoher Aufl\u00f6sung gezeigt werden. Weitere Informationen zur Ausstellung finden Sie unter: <a title=\"https:\/\/gcc02.safelinks.protection.outlook.com\/?url=https%3A%2F%2Fwww.michelangeloimmersive.com%2F&amp;data=05%7C02%7COlgaLyons%40miamibeachfl.gov%7Cbf5e370c0e9a49e28f7f08dd8e435071%7C551608f948f34871808aa969ec5cf48a%7C0%7C0%7C638823141973345774%7CUnknown%7CTWFpbGZsb3d8eyJFbXB0eU1hcGkiOnRydWUsIlYiOiIwLjAuMDAwMCIsIlAiOiJXaW4zMiIsIkFOIjoiTWFpbCIsIldUIjoyfQ%3D%3D%7C0%7C%7C%7C&amp;sdata=3Mt2HG8HvOSMWNy3sbC%2BJnhc4epvBYWLarzWkmxkAMY%3D&amp;reserved=0\" href=\"https:\/\/www.michelangeloimmersive.com\" target=\"_blank\" rel=\"noopener\" data-outlook-id=\"99661d37-de66-4dd4-a2c2-8cd87cafa980\">https:\/\/www.michelangeloimmersive.com<\/a><\/i><\/p>","protected":false},"excerpt":{"rendered":"<p>Opening: Wednesday, May 21, 2025 &#8211; 1212 Lincoln Road Surround Yourself in the Genius of Michelangelo &#8211; Free Immersive Guided [&hellip;]<\/p>\n","protected":false},"author":222,"featured_media":0,"parent":0,"menu_order":0,"comment_status":"closed","ping_status":"closed","template":"","meta":{"_searchwp_excluded":"","site-sidebar-layout":"default","site-content-layout":"","ast-site-content-layout":"default","site-content-style":"default","site-sidebar-style":"default","ast-global-header-display":"","ast-banner-title-visibility":"","ast-main-header-display":"","ast-hfb-above-header-display":"","ast-hfb-below-header-display":"","ast-hfb-mobile-header-display":"","site-post-title":"","ast-breadcrumbs-content":"","ast-featured-img":"","footer-sml-layout":"","theme-transparent-header-meta":"","adv-header-id-meta":"","stick-header-meta":"","header-above-stick-meta":"","header-main-stick-meta":"","header-below-stick-meta":"","astra-migrate-meta-layouts":"default","ast-page-background-enabled":"default","ast-page-background-meta":{"desktop":{"background-color":"var(--ast-global-color-5)","background-image":"","background-repeat":"repeat","background-position":"center center","background-size":"auto","background-attachment":"scroll","background-type":"","background-media":"","overlay-type":"","overlay-color":"","overlay-opacity":"","overlay-gradient":""},"tablet":{"background-color":"","background-image":"","background-repeat":"repeat","background-position":"center center","background-size":"auto","background-attachment":"scroll","background-type":"","background-media":"","overlay-type":"","overlay-color":"","overlay-opacity":"","overlay-gradient":""},"mobile":{"background-color":"","background-image":"","background-repeat":"repeat","background-position":"center center","background-size":"auto","background-attachment":"scroll","background-type":"","background-media":"","overlay-type":"","overlay-color":"","overlay-opacity":"","overlay-gradient":""}},"ast-content-background-meta":{"desktop":{"background-color":"var(--ast-global-color-4)","background-image":"","background-repeat":"repeat","background-position":"center center","background-size":"auto","background-attachment":"scroll","background-type":"","background-media":"","overlay-type":"","overlay-color":"","overlay-opacity":"","overlay-gradient":""},"tablet":{"background-color":"var(--ast-global-color-4)","background-image":"","background-repeat":"repeat","background-position":"center center","background-size":"auto","background-attachment":"scroll","background-type":"","background-media":"","overlay-type":"","overlay-color":"","overlay-opacity":"","overlay-gradient":""},"mobile":{"background-color":"var(--ast-global-color-4)","background-image":"","background-repeat":"repeat","background-position":"center center","background-size":"auto","background-attachment":"scroll","background-type":"","background-media":"","overlay-type":"","overlay-color":"","overlay-opacity":"","overlay-gradient":""}},"footnotes":""},"categories":[],"tags":[],"class_list":["post-372292","page","type-page","status-publish","hentry"],"yoast_head":"<!-- This site is optimized with the Yoast SEO Premium plugin v27.4 (Yoast SEO v27.4) - https:\/\/yoast.com\/product\/yoast-seo-premium-wordpress\/ -->\n<title>Michelangelo - City of Miami Beach<\/title>\n<meta name=\"description\" content=\"Surround Yourself in the Genius of Michelangelo \u2014 Free Immersive Guided Tours for Miami Beach Residents\" \/>\n<meta name=\"robots\" content=\"index, follow, max-snippet:-1, max-image-preview:large, max-video-preview:-1\" \/>\n<link rel=\"canonical\" href=\"https:\/\/www.miamibeachfl.gov\/de\/michelangelo\/\" \/>\n<meta property=\"og:locale\" content=\"de_DE\" \/>\n<meta property=\"og:type\" content=\"article\" \/>\n<meta property=\"og:title\" content=\"Michelangelo\" \/>\n<meta property=\"og:description\" content=\"Surround Yourself in the Genius of Michelangelo \u2014 Free Immersive Guided Tours for Miami Beach Residents\" \/>\n<meta property=\"og:url\" content=\"https:\/\/www.miamibeachfl.gov\/de\/michelangelo\/\" \/>\n<meta property=\"og:site_name\" content=\"City of Miami Beach\" \/>\n<meta property=\"article:publisher\" content=\"https:\/\/www.facebook.com\/cityofmiamibeach\" \/>\n<meta property=\"article:modified_time\" content=\"2025-05-29T18:27:13+00:00\" \/>\n<meta property=\"og:image\" content=\"https:\/\/www.miamibeachfl.gov\/wp-content\/uploads\/2025\/05\/michelangelologo2.jpg\" \/>\n<meta name=\"twitter:card\" content=\"summary_large_image\" \/>\n<meta name=\"twitter:site\" content=\"@Miamibeachnews\" \/>\n<script type=\"application\/ld+json\" class=\"yoast-schema-graph\">{\"@context\":\"https:\\\/\\\/schema.org\",\"@graph\":[{\"@type\":\"WebPage\",\"@id\":\"https:\\\/\\\/www.miamibeachfl.gov\\\/michelangelo\\\/\",\"url\":\"https:\\\/\\\/www.miamibeachfl.gov\\\/michelangelo\\\/\",\"name\":\"Michelangelo - City of Miami Beach\",\"isPartOf\":{\"@id\":\"https:\\\/\\\/www.miamibeachfl.gov\\\/#website\"},\"primaryImageOfPage\":{\"@id\":\"https:\\\/\\\/www.miamibeachfl.gov\\\/michelangelo\\\/#primaryimage\"},\"image\":{\"@id\":\"https:\\\/\\\/www.miamibeachfl.gov\\\/michelangelo\\\/#primaryimage\"},\"thumbnailUrl\":\"https:\\\/\\\/www.miamibeachfl.gov\\\/wp-content\\\/uploads\\\/2025\\\/05\\\/michelangelologo2.jpg\",\"datePublished\":\"2025-05-12T17:20:50+00:00\",\"dateModified\":\"2025-05-29T18:27:13+00:00\",\"description\":\"Surround Yourself in the Genius of Michelangelo \u2014 Free Immersive Guided Tours for Miami Beach Residents\",\"breadcrumb\":{\"@id\":\"https:\\\/\\\/www.miamibeachfl.gov\\\/michelangelo\\\/#breadcrumb\"},\"inLanguage\":\"de\",\"potentialAction\":[{\"@type\":\"ReadAction\",\"target\":[\"https:\\\/\\\/www.miamibeachfl.gov\\\/michelangelo\\\/\"]}]},{\"@type\":\"ImageObject\",\"inLanguage\":\"de\",\"@id\":\"https:\\\/\\\/www.miamibeachfl.gov\\\/michelangelo\\\/#primaryimage\",\"url\":\"https:\\\/\\\/www.miamibeachfl.gov\\\/wp-content\\\/uploads\\\/2025\\\/05\\\/michelangelologo2.jpg\",\"contentUrl\":\"https:\\\/\\\/www.miamibeachfl.gov\\\/wp-content\\\/uploads\\\/2025\\\/05\\\/michelangelologo2.jpg\"},{\"@type\":\"BreadcrumbList\",\"@id\":\"https:\\\/\\\/www.miamibeachfl.gov\\\/michelangelo\\\/#breadcrumb\",\"itemListElement\":[{\"@type\":\"ListItem\",\"position\":1,\"name\":\"Home\",\"item\":\"https:\\\/\\\/www.miamibeachfl.gov\\\/\"},{\"@type\":\"ListItem\",\"position\":2,\"name\":\"Michelangelo\"}]},{\"@type\":\"WebSite\",\"@id\":\"https:\\\/\\\/www.miamibeachfl.gov\\\/#website\",\"url\":\"https:\\\/\\\/www.miamibeachfl.gov\\\/\",\"name\":\"City of Miami Beach\",\"description\":\"The official website of the City of Miami Beach. Stay informed, find important information on city services, news, alerts, events, trolley routes, government employment and more.\",\"publisher\":{\"@id\":\"https:\\\/\\\/www.miamibeachfl.gov\\\/#organization\"},\"potentialAction\":[{\"@type\":\"SearchAction\",\"target\":{\"@type\":\"EntryPoint\",\"urlTemplate\":\"https:\\\/\\\/www.miamibeachfl.gov\\\/?s={search_term_string}\"},\"query-input\":{\"@type\":\"PropertyValueSpecification\",\"valueRequired\":true,\"valueName\":\"search_term_string\"}}],\"inLanguage\":\"de\"},{\"@type\":\"Organization\",\"@id\":\"https:\\\/\\\/www.miamibeachfl.gov\\\/#organization\",\"name\":\"City of Miami Beach\",\"url\":\"https:\\\/\\\/www.miamibeachfl.gov\\\/\",\"logo\":{\"@type\":\"ImageObject\",\"inLanguage\":\"de\",\"@id\":\"https:\\\/\\\/www.miamibeachfl.gov\\\/#\\\/schema\\\/logo\\\/image\\\/\",\"url\":\"https:\\\/\\\/www.miamibeachfl.gov\\\/wp-content\\\/uploads\\\/2022\\\/06\\\/miamibeach-logoblue.png\",\"contentUrl\":\"https:\\\/\\\/www.miamibeachfl.gov\\\/wp-content\\\/uploads\\\/2022\\\/06\\\/miamibeach-logoblue.png\",\"width\":1962,\"height\":381,\"caption\":\"City of Miami Beach\"},\"image\":{\"@id\":\"https:\\\/\\\/www.miamibeachfl.gov\\\/#\\\/schema\\\/logo\\\/image\\\/\"},\"sameAs\":[\"https:\\\/\\\/www.facebook.com\\\/cityofmiamibeach\",\"https:\\\/\\\/x.com\\\/Miamibeachnews\",\"https:\\\/\\\/www.instagram.com\\\/miamibeachnews\\\/\"],\"description\":\"The official website of the City of Miami Beach. Stay informed, find important information on city services, news, alerts, events, trolley routes, government employment and more.\",\"telephone\":\"305.604.CITY(2489)\",\"legalName\":\"City of Miami Beach\"}]}<\/script>\n<!-- \/ Yoast SEO Premium plugin. -->","yoast_head_json":{"title":"Michelangelo - Stadt Miami Beach","description":"Umgeben Sie sich mit dem Genie Michelangelos \u2013 kostenlose, immersive F\u00fchrungen f\u00fcr Einwohner von Miami Beach","robots":{"index":"index","follow":"follow","max-snippet":"max-snippet:-1","max-image-preview":"max-image-preview:large","max-video-preview":"max-video-preview:-1"},"canonical":"https:\/\/www.miamibeachfl.gov\/de\/michelangelo\/","og_locale":"de_DE","og_type":"article","og_title":"Michelangelo","og_description":"Surround Yourself in the Genius of Michelangelo \u2014 Free Immersive Guided Tours for Miami Beach Residents","og_url":"https:\/\/www.miamibeachfl.gov\/de\/michelangelo\/","og_site_name":"City of Miami Beach","article_publisher":"https:\/\/www.facebook.com\/cityofmiamibeach","article_modified_time":"2025-05-29T18:27:13+00:00","og_image":[{"url":"https:\/\/www.miamibeachfl.gov\/wp-content\/uploads\/2025\/05\/michelangelologo2.jpg","type":"","width":"","height":""}],"twitter_card":"summary_large_image","twitter_site":"@Miamibeachnews","schema":{"@context":"https:\/\/schema.org","@graph":[{"@type":"WebPage","@id":"https:\/\/www.miamibeachfl.gov\/michelangelo\/","url":"https:\/\/www.miamibeachfl.gov\/michelangelo\/","name":"Michelangelo - Stadt Miami Beach","isPartOf":{"@id":"https:\/\/www.miamibeachfl.gov\/#website"},"primaryImageOfPage":{"@id":"https:\/\/www.miamibeachfl.gov\/michelangelo\/#primaryimage"},"image":{"@id":"https:\/\/www.miamibeachfl.gov\/michelangelo\/#primaryimage"},"thumbnailUrl":"https:\/\/www.miamibeachfl.gov\/wp-content\/uploads\/2025\/05\/michelangelologo2.jpg","datePublished":"2025-05-12T17:20:50+00:00","dateModified":"2025-05-29T18:27:13+00:00","description":"Umgeben Sie sich mit dem Genie Michelangelos \u2013 kostenlose, immersive F\u00fchrungen f\u00fcr Einwohner von Miami Beach","breadcrumb":{"@id":"https:\/\/www.miamibeachfl.gov\/michelangelo\/#breadcrumb"},"inLanguage":"de","potentialAction":[{"@type":"ReadAction","target":["https:\/\/www.miamibeachfl.gov\/michelangelo\/"]}]},{"@type":"ImageObject","inLanguage":"de","@id":"https:\/\/www.miamibeachfl.gov\/michelangelo\/#primaryimage","url":"https:\/\/www.miamibeachfl.gov\/wp-content\/uploads\/2025\/05\/michelangelologo2.jpg","contentUrl":"https:\/\/www.miamibeachfl.gov\/wp-content\/uploads\/2025\/05\/michelangelologo2.jpg"},{"@type":"BreadcrumbList","@id":"https:\/\/www.miamibeachfl.gov\/michelangelo\/#breadcrumb","itemListElement":[{"@type":"ListItem","position":1,"name":"Home","item":"https:\/\/www.miamibeachfl.gov\/"},{"@type":"ListItem","position":2,"name":"Michelangelo"}]},{"@type":"WebSite","@id":"https:\/\/www.miamibeachfl.gov\/#website","url":"https:\/\/www.miamibeachfl.gov\/","name":"Stadt Miami Beach","description":"Die offizielle Website der Stadt Miami Beach. Bleiben Sie informiert und finden Sie wichtige Informationen zu st\u00e4dtischen Dienstleistungen, Neuigkeiten, Warnungen, Veranstaltungen, Stra\u00dfenbahnlinien, Stellenangeboten im \u00f6ffentlichen Dienst und mehr.","publisher":{"@id":"https:\/\/www.miamibeachfl.gov\/#organization"},"potentialAction":[{"@type":"SearchAction","target":{"@type":"EntryPoint","urlTemplate":"https:\/\/www.miamibeachfl.gov\/?s={search_term_string}"},"query-input":{"@type":"PropertyValueSpecification","valueRequired":true,"valueName":"search_term_string"}}],"inLanguage":"de"},{"@type":"Organization","@id":"https:\/\/www.miamibeachfl.gov\/#organization","name":"Stadt Miami Beach","url":"https:\/\/www.miamibeachfl.gov\/","logo":{"@type":"ImageObject","inLanguage":"de","@id":"https:\/\/www.miamibeachfl.gov\/#\/schema\/logo\/image\/","url":"https:\/\/www.miamibeachfl.gov\/wp-content\/uploads\/2022\/06\/miamibeach-logoblue.png","contentUrl":"https:\/\/www.miamibeachfl.gov\/wp-content\/uploads\/2022\/06\/miamibeach-logoblue.png","width":1962,"height":381,"caption":"City of Miami Beach"},"image":{"@id":"https:\/\/www.miamibeachfl.gov\/#\/schema\/logo\/image\/"},"sameAs":["https:\/\/www.facebook.com\/cityofmiamibeach","https:\/\/x.com\/Miamibeachnews","https:\/\/www.instagram.com\/miamibeachnews\/"],"description":"Die offizielle Website der Stadt Miami Beach. Bleiben Sie informiert und finden Sie wichtige Informationen zu st\u00e4dtischen Dienstleistungen, Neuigkeiten, Warnungen, Veranstaltungen, Stra\u00dfenbahnlinien, Stellenangeboten im \u00f6ffentlichen Dienst und mehr.","telephone":"305.604.CITY(2489)","legalName":"City of Miami Beach"}]}},"_links":{"self":[{"href":"https:\/\/www.miamibeachfl.gov\/de\/wp-json\/wp\/v2\/pages\/372292","targetHints":{"allow":["GET"]}}],"collection":[{"href":"https:\/\/www.miamibeachfl.gov\/de\/wp-json\/wp\/v2\/pages"}],"about":[{"href":"https:\/\/www.miamibeachfl.gov\/de\/wp-json\/wp\/v2\/types\/page"}],"author":[{"embeddable":true,"href":"https:\/\/www.miamibeachfl.gov\/de\/wp-json\/wp\/v2\/users\/222"}],"replies":[{"embeddable":true,"href":"https:\/\/www.miamibeachfl.gov\/de\/wp-json\/wp\/v2\/comments?post=372292"}],"version-history":[{"count":2,"href":"https:\/\/www.miamibeachfl.gov\/de\/wp-json\/wp\/v2\/pages\/372292\/revisions"}],"predecessor-version":[{"id":374721,"href":"https:\/\/www.miamibeachfl.gov\/de\/wp-json\/wp\/v2\/pages\/372292\/revisions\/374721"}],"wp:attachment":[{"href":"https:\/\/www.miamibeachfl.gov\/de\/wp-json\/wp\/v2\/media?parent=372292"}],"wp:term":[{"taxonomy":"category","embeddable":true,"href":"https:\/\/www.miamibeachfl.gov\/de\/wp-json\/wp\/v2\/categories?post=372292"},{"taxonomy":"post_tag","embeddable":true,"href":"https:\/\/www.miamibeachfl.gov\/de\/wp-json\/wp\/v2\/tags?post=372292"}],"curies":[{"name":"wp","href":"https:\/\/api.w.org\/{rel}","templated":true}]}}