{"id":372495,"date":"2025-05-14T10:43:26","date_gmt":"2025-05-14T14:43:26","guid":{"rendered":"https:\/\/www.miamibeachfl.gov\/?page_id=372495"},"modified":"2025-06-07T16:48:36","modified_gmt":"2025-06-07T20:48:36","slug":"busshelter","status":"publish","type":"page","link":"https:\/\/www.miamibeachfl.gov\/de\/busshelter\/","title":{"rendered":"Bushaltestelle"},"content":{"rendered":"<h1>\n\t\t\tBushaltestellen-Prototyp\t<\/h1>\n<h3>\n\t\t\t\u00dcber das Projekt \t<\/h3>\n\t<p>Die Stadt Miami Beach hat eine neue Reihe markanter, skulpturaler Bushaltestellen entwickelt, die Komfort, Funktionalit\u00e4t und \u00c4sthetik f\u00fcr Fahrg\u00e4ste verbessern sollen. Diese Haltestellen werden schrittweise an allen Haltestellen installiert, wo die Stra\u00dfenverh\u00e4ltnisse dies zulassen, und tragen so zu einem moderneren und lebendigeren \u00f6ffentlichen Raum bei. Um sicherzustellen, dass das Endprodukt sowohl den Bed\u00fcrfnissen der Nutzer als auch den Gestaltungsvorgaben der Stadt entspricht, testen wir derzeit einen Prototyp. Diese Seite bietet einen \u00dcberblick \u00fcber das Projekt und die spezifischen Merkmale des aktuell ausgestellten Prototyps.\u00a0<\/p>\n\t\t\t<a href=\"https:\/\/maps.app.goo.gl\/fzS59j8BXTssR9Ac8\" target=\"_blank\" rel=\"noopener\">\n\t\t\t\t\t\tDer Prototyp befindet sich am Indian Creek Drive, s\u00fcdlich der 41. Stra\u00dfe. Auf der Karte anzeigen.\n\t\t\t\t\t<\/a>\n\t\t\t\t<img decoding=\"async\" src=\"https:\/\/www.miamibeachfl.gov\/wp-content\/uploads\/2025\/05\/busshelter-closeup2.jpg\" alt=\"bus shelter prototype\" itemprop=\"image\" title=\"Bushaltestelle-Nahaufnahme2\" onerror=\"this.style.display='none'\" loading='lazy' \/>\n<h3>\n\t\t\tUnterstandarten und -gr\u00f6\u00dfen \t<\/h3>\n\t<p>Um den unterschiedlichen Standortbedingungen gerecht zu werden, wurden drei Unterstandtypen entwickelt:<\/p>\n\t\t<ul>\n\t\t\t\t\t<li>\n\t\t\t\t<h4>Standard:<\/h4>\n\t\t<p>20 Fu\u00df lang x 7 Fu\u00df breit (einschlie\u00dflich 5 Fu\u00df breitem vorderen \u00dcberhang und 2 Fu\u00df breitem hinteren \u00dcberhang)<\/p>\n\t\t\t<\/li>\n\t\t\t\t\t<li>\n\t\t\t\t<h4>Minimal:<\/h4>\n\t\t<p>10 Fu\u00df lang x 7 Fu\u00df breit (Breite wie oben)<\/p>\t\t\t\n\t\t\t<\/li>\n\t\t\t\t\t<li>\n\t\t\t\t<h4>Eng:<\/h4>\n\t\t<p>10 Fu\u00df lang x 3 Fu\u00df breit (schmale \u00dcberdachung\/Dach f\u00fcr schmale Gehwege)<\/p>\t\t\t\n\t\t\t<\/li>\n\t\t\t\t<\/ul>\n\t<p>Jeder Unterstandtyp ist modular aufgebaut und kann je nach Platzangebot und Bedarf mit verschiedenen Komponenten konfiguriert werden.\u00a0<\/p>\n\t\t\t\t<img decoding=\"async\" src=\"https:\/\/www.miamibeachfl.gov\/wp-content\/uploads\/2025\/05\/BusShelterPhoto.jpg\" alt=\"bus shelter prototype\" itemprop=\"image\" title=\"BusWarteh\u00e4uschenFoto\" onerror=\"this.style.display='none'\" loading='lazy' \/>\n<h3>\n\t\t\tPrototypen\u00fcbersicht\t<\/h3>\n\t<p>Der Prototyp des Unterstands, der derzeit an der Bushaltestelle am Indian Creek Drive, s\u00fcdlich der 41. Stra\u00dfe, installiert ist, ist der Minimal Shelter (3 m x 2,1 m). Er umfasst:<\/p>\n\t\t<ul>\n\t\t\t\t\t<li>\n\t\t\t\t<h4>Ein Sitz<\/h4>\n\t\t\t<\/li>\n\t\t\t\t\t<li>\n\t\t\t\t<h4>Eine Anlehnstange<\/h4>\n\t\t\t<\/li>\n\t\t\t\t\t<li>\n\t\t\t\t<h4>Ein digitales ETA-Schild (Estimated Time of Arrival) <\/h4>\n\t\t\t<\/li>\n\t\t\t\t<\/ul>\n\t<p><strong>Zweck des Prototyps:<\/strong> Mithilfe dieser Installation kann die Stadt die strukturelle Leistung, das Benutzererlebnis, die Beleuchtung und die Funktionalit\u00e4t der Komponenten testen, bevor mit der Produktion und Installation im gro\u00dfen Ma\u00dfstab begonnen wird, die voraussichtlich noch in diesem Jahr beginnen wird.<\/p>\n\t\t\t\t<img decoding=\"async\" src=\"https:\/\/www.miamibeachfl.gov\/wp-content\/uploads\/2025\/05\/busshelter-overhangcircles.jpg\" alt=\"bus shelter prototype\" itemprop=\"image\" title=\"Busunterstand-\u00dcberhangkreise\" onerror=\"this.style.display='none'\" loading='lazy' \/>\n<h3>\n\t\t\tDesign-Vision \t<\/h3>\n\t<p>Bei der Planung der Unterst\u00e4nde wurden die folgenden Grunds\u00e4tze ber\u00fccksichtigt: <\/p>\n\t\t<ul>\n\t\t\t\t\t<li>\n\t\t\t\t<h4>Skulpturaler Fluss:<\/h4>\n\t\t<p>Eine leichte, flie\u00dfende Struktur, die sich elegant in die Stadtlandschaft einf\u00fcgt. <\/p>\n\t\t\t<\/li>\n\t\t\t\t\t<li>\n\t\t\t\t<h4>Licht- und Schattenspiel:<\/h4>\n\t\t<p>Durch die Verwendung perforierter Platten, Oberlichter und dichroitischer Folie entsteht den ganzen Tag \u00fcber ein dynamisches Lichtspiel.<\/p>\t\t\t\n\t\t\t<\/li>\n\t\t\t\t\t<li>\n\t\t\t\t<h4>Integrierte Beleuchtung:<\/h4>\n\t\t<p>Dezente, integrierte Beleuchtungselemente verbessern die Sichtbarkeit und Sicherheit bei Nacht. <\/p>\n\t\t\t<\/li>\n\t\t\t\t\t<li>\n\t\t\t\t<h4>Farbenfroh und fesselnd:<\/h4>\n\t\t<p>Optionale Farbakzente und Muster sorgen f\u00fcr optische Abwechslung und spiegeln den Geist von Miami Beach wider. <\/p>\n\t\t\t<\/li>\n\t\t\t\t<\/ul>\n\t\t\t\t<img decoding=\"async\" src=\"https:\/\/www.miamibeachfl.gov\/wp-content\/uploads\/2025\/05\/busshelter-bench2.jpg\" alt=\"bus shelter prototype\" itemprop=\"image\" title=\"Busunterstand-Bank2\" onerror=\"this.style.display='none'\" loading='lazy' \/>\n<h3>\n\t\t\tSchl\u00fcsselkomponenten\t<\/h3>\n<h3>\n\t\t\tSitz- und Anlehnst\u00fctzen \t<\/h3>\n\t<p>Entwickelt f\u00fcr maximalen Komfort und Zug\u00e4nglichkeit bei minimalem Platzbedarf. Die Unterst\u00e4nde k\u00f6nnen mit verschiedenen Konfigurationen ausgestattet werden: <\/p>\n\t\t<ul>\n\t\t\t\t\t<li>\n\t\t\t\t\t\t\t\t\t\t\t<img loading=\"lazy\" decoding=\"async\" src=\"https:\/\/www.miamibeachfl.gov\/wp-content\/uploads\/2025\/05\/busshelter-bench.jpg\" alt=\"busshelter-bench\" width=\"600\" height=\"800\" \/>\n\t\t\t\t<h4>R\u00fcckenlehnenlose Sitze <\/h4>\n\t\t\t<\/li>\n\t\t\t\t\t<li>\n\t\t\t\t\t\t\t\t\t\t\t<img loading=\"lazy\" decoding=\"async\" src=\"https:\/\/www.miamibeachfl.gov\/wp-content\/uploads\/2025\/05\/busshelter-lean-1.jpg\" alt=\"busshelter-lean\" width=\"600\" height=\"800\" \/>\n\t\t\t\t<h4>Anlehnb\u00fcgel f\u00fcr kurzfristigen Komfort<\/h4>\n\t\t\t<\/li>\n\t\t\t\t<\/ul>\n<h3>\n\t\t\tETA Digitalanzeige \t<\/h3>\n\t<p>Jede Haltestelle kann mit einem digitalen Echtzeit-Ankunftsbildschirm ausgestattet werden, der die voraussichtlichen Ankunftszeiten der kommenden Busse anzeigt. Das Display ist auf Augenh\u00f6he angebracht und nahtlos in das Design der Haltestelle integriert.<\/p>\n<h3>\n\t\t\tWas kommt als N\u00e4chstes? \t<\/h3>\n\t<p>Dieser Prototyp ist Teil des st\u00e4dtischen Engagements, das Nahverkehrserlebnis f\u00fcr Einwohner und Besucher gleicherma\u00dfen neu zu gestalten. Nach dem erfolgreichen Feldtest dieses Warteh\u00e4uschens wird die Stadt noch in diesem Jahr mit der Serienproduktion und Installation der neuen Warteh\u00e4uschen an geeigneten Bushaltestellen im gesamten Stadtgebiet beginnen.<\/p>\n<p>Diese Warteh\u00e4uschen der n\u00e4chsten Generation stellen eine bedeutende Investition in \u00f6ffentlichen Komfort, herausragendes Design und moderne Verkehrsinfrastruktur dar \u2013 und das ist erst der Anfang.<\/p>\n<p><strong>Vielen Dank f\u00fcr Ihr Interesse an diesem Projekt und daf\u00fcr, dass Sie uns helfen, Miami Beach vernetzter und einladender zu gestalten.<\/strong><\/p>","protected":false},"excerpt":{"rendered":"<p>Bus Shelter Prototype About the Project The City of Miami Beach has developed a new series of iconic, sculptural bus [&hellip;]<\/p>\n","protected":false},"author":222,"featured_media":0,"parent":0,"menu_order":0,"comment_status":"closed","ping_status":"closed","template":"","meta":{"_searchwp_excluded":"","site-sidebar-layout":"default","site-content-layout":"","ast-site-content-layout":"default","site-content-style":"default","site-sidebar-style":"default","ast-global-header-display":"","ast-banner-title-visibility":"","ast-main-header-display":"","ast-hfb-above-header-display":"","ast-hfb-below-header-display":"","ast-hfb-mobile-header-display":"","site-post-title":"","ast-breadcrumbs-content":"","ast-featured-img":"","footer-sml-layout":"","theme-transparent-header-meta":"","adv-header-id-meta":"","stick-header-meta":"","header-above-stick-meta":"","header-main-stick-meta":"","header-below-stick-meta":"","astra-migrate-meta-layouts":"default","ast-page-background-enabled":"default","ast-page-background-meta":{"desktop":{"background-color":"var(--ast-global-color-5)","background-image":"","background-repeat":"repeat","background-position":"center center","background-size":"auto","background-attachment":"scroll","background-type":"","background-media":"","overlay-type":"","overlay-color":"","overlay-opacity":"","overlay-gradient":""},"tablet":{"background-color":"","background-image":"","background-repeat":"repeat","background-position":"center center","background-size":"auto","background-attachment":"scroll","background-type":"","background-media":"","overlay-type":"","overlay-color":"","overlay-opacity":"","overlay-gradient":""},"mobile":{"background-color":"","background-image":"","background-repeat":"repeat","background-position":"center center","background-size":"auto","background-attachment":"scroll","background-type":"","background-media":"","overlay-type":"","overlay-color":"","overlay-opacity":"","overlay-gradient":""}},"ast-content-background-meta":{"desktop":{"background-color":"var(--ast-global-color-4)","background-image":"","background-repeat":"repeat","background-position":"center center","background-size":"auto","background-attachment":"scroll","background-type":"","background-media":"","overlay-type":"","overlay-color":"","overlay-opacity":"","overlay-gradient":""},"tablet":{"background-color":"var(--ast-global-color-4)","background-image":"","background-repeat":"repeat","background-position":"center center","background-size":"auto","background-attachment":"scroll","background-type":"","background-media":"","overlay-type":"","overlay-color":"","overlay-opacity":"","overlay-gradient":""},"mobile":{"background-color":"var(--ast-global-color-4)","background-image":"","background-repeat":"repeat","background-position":"center center","background-size":"auto","background-attachment":"scroll","background-type":"","background-media":"","overlay-type":"","overlay-color":"","overlay-opacity":"","overlay-gradient":""}},"footnotes":""},"categories":[],"tags":[],"class_list":["post-372495","page","type-page","status-publish","hentry"],"yoast_head":"<!-- This site is optimized with the Yoast SEO Premium plugin v27.4 (Yoast SEO v27.4) - https:\/\/yoast.com\/product\/yoast-seo-premium-wordpress\/ -->\n<title>Bus Shelter - City of Miami Beach<\/title>\n<meta name=\"description\" content=\"The City of Miami Beach has developed a new series of iconic, sculptural bus shelters designed to improve comfort, functionality, and aesthetics for transit riders. These shelters will be gradually installed at every bus stop where the right-of-way (ROW) permits, contributing to a more modern and vibrant public realm.\u00a0\" \/>\n<meta name=\"robots\" content=\"index, follow, max-snippet:-1, max-image-preview:large, max-video-preview:-1\" \/>\n<link rel=\"canonical\" href=\"https:\/\/www.miamibeachfl.gov\/de\/busshelter\/\" \/>\n<meta property=\"og:locale\" content=\"de_DE\" \/>\n<meta property=\"og:type\" content=\"article\" \/>\n<meta property=\"og:title\" content=\"Bus Shelter\" \/>\n<meta property=\"og:description\" content=\"The City of Miami Beach has developed a new series of iconic, sculptural bus shelters designed to improve comfort, functionality, and aesthetics for transit riders. These shelters will be gradually installed at every bus stop where the right-of-way (ROW) permits, contributing to a more modern and vibrant public realm.\u00a0\" \/>\n<meta property=\"og:url\" content=\"https:\/\/www.miamibeachfl.gov\/de\/busshelter\/\" \/>\n<meta property=\"og:site_name\" content=\"City of Miami Beach\" \/>\n<meta property=\"article:publisher\" content=\"https:\/\/www.facebook.com\/cityofmiamibeach\" \/>\n<meta property=\"article:modified_time\" content=\"2025-06-07T20:48:36+00:00\" \/>\n<meta property=\"og:image\" content=\"https:\/\/www.miamibeachfl.gov\/wp-content\/uploads\/2025\/05\/busshelter-closeup2.jpg\" \/>\n<meta name=\"twitter:card\" content=\"summary_large_image\" \/>\n<meta name=\"twitter:site\" content=\"@Miamibeachnews\" \/>\n<script type=\"application\/ld+json\" class=\"yoast-schema-graph\">{\"@context\":\"https:\\\/\\\/schema.org\",\"@graph\":[{\"@type\":\"WebPage\",\"@id\":\"https:\\\/\\\/www.miamibeachfl.gov\\\/busshelter\\\/\",\"url\":\"https:\\\/\\\/www.miamibeachfl.gov\\\/busshelter\\\/\",\"name\":\"Bus Shelter - City of Miami Beach\",\"isPartOf\":{\"@id\":\"https:\\\/\\\/www.miamibeachfl.gov\\\/#website\"},\"primaryImageOfPage\":{\"@id\":\"https:\\\/\\\/www.miamibeachfl.gov\\\/busshelter\\\/#primaryimage\"},\"image\":{\"@id\":\"https:\\\/\\\/www.miamibeachfl.gov\\\/busshelter\\\/#primaryimage\"},\"thumbnailUrl\":\"https:\\\/\\\/www.miamibeachfl.gov\\\/wp-content\\\/uploads\\\/2025\\\/05\\\/busshelter-closeup2.jpg\",\"datePublished\":\"2025-05-14T14:43:26+00:00\",\"dateModified\":\"2025-06-07T20:48:36+00:00\",\"description\":\"The City of Miami Beach has developed a new series of iconic, sculptural bus shelters designed to improve comfort, functionality, and aesthetics for transit riders. These shelters will be gradually installed at every bus stop where the right-of-way (ROW) permits, contributing to a more modern and vibrant public realm.\u00a0\",\"breadcrumb\":{\"@id\":\"https:\\\/\\\/www.miamibeachfl.gov\\\/busshelter\\\/#breadcrumb\"},\"inLanguage\":\"de\",\"potentialAction\":[{\"@type\":\"ReadAction\",\"target\":[\"https:\\\/\\\/www.miamibeachfl.gov\\\/busshelter\\\/\"]}]},{\"@type\":\"ImageObject\",\"inLanguage\":\"de\",\"@id\":\"https:\\\/\\\/www.miamibeachfl.gov\\\/busshelter\\\/#primaryimage\",\"url\":\"https:\\\/\\\/www.miamibeachfl.gov\\\/wp-content\\\/uploads\\\/2025\\\/05\\\/busshelter-closeup2.jpg\",\"contentUrl\":\"https:\\\/\\\/www.miamibeachfl.gov\\\/wp-content\\\/uploads\\\/2025\\\/05\\\/busshelter-closeup2.jpg\"},{\"@type\":\"BreadcrumbList\",\"@id\":\"https:\\\/\\\/www.miamibeachfl.gov\\\/busshelter\\\/#breadcrumb\",\"itemListElement\":[{\"@type\":\"ListItem\",\"position\":1,\"name\":\"Home\",\"item\":\"https:\\\/\\\/www.miamibeachfl.gov\\\/\"},{\"@type\":\"ListItem\",\"position\":2,\"name\":\"Bus Shelter\"}]},{\"@type\":\"WebSite\",\"@id\":\"https:\\\/\\\/www.miamibeachfl.gov\\\/#website\",\"url\":\"https:\\\/\\\/www.miamibeachfl.gov\\\/\",\"name\":\"City of Miami Beach\",\"description\":\"The official website of the City of Miami Beach. Stay informed, find important information on city services, news, alerts, events, trolley routes, government employment and more.\",\"publisher\":{\"@id\":\"https:\\\/\\\/www.miamibeachfl.gov\\\/#organization\"},\"potentialAction\":[{\"@type\":\"SearchAction\",\"target\":{\"@type\":\"EntryPoint\",\"urlTemplate\":\"https:\\\/\\\/www.miamibeachfl.gov\\\/?s={search_term_string}\"},\"query-input\":{\"@type\":\"PropertyValueSpecification\",\"valueRequired\":true,\"valueName\":\"search_term_string\"}}],\"inLanguage\":\"de\"},{\"@type\":\"Organization\",\"@id\":\"https:\\\/\\\/www.miamibeachfl.gov\\\/#organization\",\"name\":\"City of Miami Beach\",\"url\":\"https:\\\/\\\/www.miamibeachfl.gov\\\/\",\"logo\":{\"@type\":\"ImageObject\",\"inLanguage\":\"de\",\"@id\":\"https:\\\/\\\/www.miamibeachfl.gov\\\/#\\\/schema\\\/logo\\\/image\\\/\",\"url\":\"https:\\\/\\\/www.miamibeachfl.gov\\\/wp-content\\\/uploads\\\/2022\\\/06\\\/miamibeach-logoblue.png\",\"contentUrl\":\"https:\\\/\\\/www.miamibeachfl.gov\\\/wp-content\\\/uploads\\\/2022\\\/06\\\/miamibeach-logoblue.png\",\"width\":1962,\"height\":381,\"caption\":\"City of Miami Beach\"},\"image\":{\"@id\":\"https:\\\/\\\/www.miamibeachfl.gov\\\/#\\\/schema\\\/logo\\\/image\\\/\"},\"sameAs\":[\"https:\\\/\\\/www.facebook.com\\\/cityofmiamibeach\",\"https:\\\/\\\/x.com\\\/Miamibeachnews\",\"https:\\\/\\\/www.instagram.com\\\/miamibeachnews\\\/\"],\"description\":\"The official website of the City of Miami Beach. Stay informed, find important information on city services, news, alerts, events, trolley routes, government employment and more.\",\"telephone\":\"305.604.CITY(2489)\",\"legalName\":\"City of Miami Beach\"}]}<\/script>\n<!-- \/ Yoast SEO Premium plugin. -->","yoast_head_json":{"title":"Bushaltestelle - Stadt Miami Beach","description":"Die Stadt Miami Beach hat eine neue Reihe markanter, skulpturaler Bushaltestellen entwickelt, die Komfort, Funktionalit\u00e4t und \u00c4sthetik f\u00fcr Fahrg\u00e4ste verbessern sollen. Diese Haltestellen werden nach und nach an allen Haltestellen installiert, wo die Stra\u00dfenverh\u00e4ltnisse dies zulassen, und tragen so zu einem moderneren und attraktiveren \u00f6ffentlichen Raum bei.\u00a0","robots":{"index":"index","follow":"follow","max-snippet":"max-snippet:-1","max-image-preview":"max-image-preview:large","max-video-preview":"max-video-preview:-1"},"canonical":"https:\/\/www.miamibeachfl.gov\/de\/busshelter\/","og_locale":"de_DE","og_type":"article","og_title":"Bus Shelter","og_description":"The City of Miami Beach has developed a new series of iconic, sculptural bus shelters designed to improve comfort, functionality, and aesthetics for transit riders. These shelters will be gradually installed at every bus stop where the right-of-way (ROW) permits, contributing to a more modern and vibrant public realm.\u00a0","og_url":"https:\/\/www.miamibeachfl.gov\/de\/busshelter\/","og_site_name":"City of Miami Beach","article_publisher":"https:\/\/www.facebook.com\/cityofmiamibeach","article_modified_time":"2025-06-07T20:48:36+00:00","og_image":[{"url":"https:\/\/www.miamibeachfl.gov\/wp-content\/uploads\/2025\/05\/busshelter-closeup2.jpg","type":"","width":"","height":""}],"twitter_card":"summary_large_image","twitter_site":"@Miamibeachnews","schema":{"@context":"https:\/\/schema.org","@graph":[{"@type":"WebPage","@id":"https:\/\/www.miamibeachfl.gov\/busshelter\/","url":"https:\/\/www.miamibeachfl.gov\/busshelter\/","name":"Bushaltestelle - Stadt Miami Beach","isPartOf":{"@id":"https:\/\/www.miamibeachfl.gov\/#website"},"primaryImageOfPage":{"@id":"https:\/\/www.miamibeachfl.gov\/busshelter\/#primaryimage"},"image":{"@id":"https:\/\/www.miamibeachfl.gov\/busshelter\/#primaryimage"},"thumbnailUrl":"https:\/\/www.miamibeachfl.gov\/wp-content\/uploads\/2025\/05\/busshelter-closeup2.jpg","datePublished":"2025-05-14T14:43:26+00:00","dateModified":"2025-06-07T20:48:36+00:00","description":"Die Stadt Miami Beach hat eine neue Reihe markanter, skulpturaler Bushaltestellen entwickelt, die Komfort, Funktionalit\u00e4t und \u00c4sthetik f\u00fcr Fahrg\u00e4ste verbessern sollen. Diese Haltestellen werden nach und nach an allen Haltestellen installiert, wo die Stra\u00dfenverh\u00e4ltnisse dies zulassen, und tragen so zu einem moderneren und attraktiveren \u00f6ffentlichen Raum bei.\u00a0","breadcrumb":{"@id":"https:\/\/www.miamibeachfl.gov\/busshelter\/#breadcrumb"},"inLanguage":"de","potentialAction":[{"@type":"ReadAction","target":["https:\/\/www.miamibeachfl.gov\/busshelter\/"]}]},{"@type":"ImageObject","inLanguage":"de","@id":"https:\/\/www.miamibeachfl.gov\/busshelter\/#primaryimage","url":"https:\/\/www.miamibeachfl.gov\/wp-content\/uploads\/2025\/05\/busshelter-closeup2.jpg","contentUrl":"https:\/\/www.miamibeachfl.gov\/wp-content\/uploads\/2025\/05\/busshelter-closeup2.jpg"},{"@type":"BreadcrumbList","@id":"https:\/\/www.miamibeachfl.gov\/busshelter\/#breadcrumb","itemListElement":[{"@type":"ListItem","position":1,"name":"Home","item":"https:\/\/www.miamibeachfl.gov\/"},{"@type":"ListItem","position":2,"name":"Bus Shelter"}]},{"@type":"WebSite","@id":"https:\/\/www.miamibeachfl.gov\/#website","url":"https:\/\/www.miamibeachfl.gov\/","name":"Stadt Miami Beach","description":"Die offizielle Website der Stadt Miami Beach. Bleiben Sie informiert und finden Sie wichtige Informationen zu st\u00e4dtischen Dienstleistungen, Neuigkeiten, Warnungen, Veranstaltungen, Stra\u00dfenbahnlinien, Stellenangeboten im \u00f6ffentlichen Dienst und mehr.","publisher":{"@id":"https:\/\/www.miamibeachfl.gov\/#organization"},"potentialAction":[{"@type":"SearchAction","target":{"@type":"EntryPoint","urlTemplate":"https:\/\/www.miamibeachfl.gov\/?s={search_term_string}"},"query-input":{"@type":"PropertyValueSpecification","valueRequired":true,"valueName":"search_term_string"}}],"inLanguage":"de"},{"@type":"Organization","@id":"https:\/\/www.miamibeachfl.gov\/#organization","name":"Stadt Miami Beach","url":"https:\/\/www.miamibeachfl.gov\/","logo":{"@type":"ImageObject","inLanguage":"de","@id":"https:\/\/www.miamibeachfl.gov\/#\/schema\/logo\/image\/","url":"https:\/\/www.miamibeachfl.gov\/wp-content\/uploads\/2022\/06\/miamibeach-logoblue.png","contentUrl":"https:\/\/www.miamibeachfl.gov\/wp-content\/uploads\/2022\/06\/miamibeach-logoblue.png","width":1962,"height":381,"caption":"City of Miami Beach"},"image":{"@id":"https:\/\/www.miamibeachfl.gov\/#\/schema\/logo\/image\/"},"sameAs":["https:\/\/www.facebook.com\/cityofmiamibeach","https:\/\/x.com\/Miamibeachnews","https:\/\/www.instagram.com\/miamibeachnews\/"],"description":"Die offizielle Website der Stadt Miami Beach. Bleiben Sie informiert und finden Sie wichtige Informationen zu st\u00e4dtischen Dienstleistungen, Neuigkeiten, Warnungen, Veranstaltungen, Stra\u00dfenbahnlinien, Stellenangeboten im \u00f6ffentlichen Dienst und mehr.","telephone":"305.604.CITY(2489)","legalName":"City of Miami Beach"}]}},"_links":{"self":[{"href":"https:\/\/www.miamibeachfl.gov\/de\/wp-json\/wp\/v2\/pages\/372495","targetHints":{"allow":["GET"]}}],"collection":[{"href":"https:\/\/www.miamibeachfl.gov\/de\/wp-json\/wp\/v2\/pages"}],"about":[{"href":"https:\/\/www.miamibeachfl.gov\/de\/wp-json\/wp\/v2\/types\/page"}],"author":[{"embeddable":true,"href":"https:\/\/www.miamibeachfl.gov\/de\/wp-json\/wp\/v2\/users\/222"}],"replies":[{"embeddable":true,"href":"https:\/\/www.miamibeachfl.gov\/de\/wp-json\/wp\/v2\/comments?post=372495"}],"version-history":[{"count":1,"href":"https:\/\/www.miamibeachfl.gov\/de\/wp-json\/wp\/v2\/pages\/372495\/revisions"}],"predecessor-version":[{"id":375859,"href":"https:\/\/www.miamibeachfl.gov\/de\/wp-json\/wp\/v2\/pages\/372495\/revisions\/375859"}],"wp:attachment":[{"href":"https:\/\/www.miamibeachfl.gov\/de\/wp-json\/wp\/v2\/media?parent=372495"}],"wp:term":[{"taxonomy":"category","embeddable":true,"href":"https:\/\/www.miamibeachfl.gov\/de\/wp-json\/wp\/v2\/categories?post=372495"},{"taxonomy":"post_tag","embeddable":true,"href":"https:\/\/www.miamibeachfl.gov\/de\/wp-json\/wp\/v2\/tags?post=372495"}],"curies":[{"name":"wp","href":"https:\/\/api.w.org\/{rel}","templated":true}]}}