{"id":373054,"date":"2025-05-21T16:04:14","date_gmt":"2025-05-21T20:04:14","guid":{"rendered":"https:\/\/www.miamibeachfl.gov\/?page_id=373054"},"modified":"2025-05-21T16:07:05","modified_gmt":"2025-05-21T20:07:05","slug":"sanitation-division-copy","status":"publish","type":"page","link":"https:\/\/www.miamibeachfl.gov\/de\/city-hall\/public-works\/sanitation-division-copy\/","title":{"rendered":"Abteilung Hygiene"},"content":{"rendered":"<p>Der <strong>Abteilung Hygiene<\/strong> ist zust\u00e4ndig f\u00fcr die Abholung und Entsorgung von Hausm\u00fcll, Abfall und Abf\u00e4llen aus st\u00e4dtischen Geb\u00e4uden, das Recyclingprogramm f\u00fcr Haushalte, die Inspektion der Hygiene, die Stra\u00dfenreinigung auf \u00f6ffentlichen Wegen sowie die Abholung und Entsorgung von Abf\u00e4llen aus \u00f6ffentlichen Abfallbeh\u00e4ltern. Die Abholung und Entsorgung von Hausm\u00fcll sowie das Recycling werden von einem von der Stadt beauftragten privaten Entsorgungsunternehmen durchgef\u00fchrt. Die Stadt bietet mobile und manuelle Stra\u00dfenreinigung sowie Programme zur Abfallkontrolle an.<\/p>\n\n\n\n<p>Wenn Sie verpasste M\u00fcll- oder Recyclingabholungen, \u00fcberquellende Abfalleimer oder undichte M\u00fcllwagen melden m\u00f6chten, tun Sie dies bitte \u00fcber das&nbsp;<strong><a href=\"https:\/\/apps.miamibeachfl.gov\/egovweb\">eGOV-Portal<\/a>.<\/strong><\/p>\n\n\n\n<p>Sie erreichen die Abteilung f\u00fcr Hygiene unter der Telefonnummer 305.673.7616 von Montag bis Freitag von 8.00 bis 16.30 Uhr. Um au\u00dferhalb der Gesch\u00e4ftszeiten Hilfe zu erhalten, wenden Sie sich bitte an die 24\/7-Leitstelle der Stadt unter der Telefonnummer 305.673.7625.<a title=\"Rufen Sie an: 305.673.7625\" href=\"#\"><img decoding=\"async\" title=\"Rufen Sie an: 305.673.7625\" src=\"data:image\/png;base64,iVBORw0KGgoAAAANSUhEUgAAABAAAAAQCAYAAAAf8\/9hAAABcklEQVR4XpXTPUvDUBTH4aR2c2hBQXGpTiIORhBcBOvgYKf0Awi+4Ggr1MVPIIrYdnEpShddHIyLi6AVXVxsRRDRwbi4KNgu4lCIv8i\/i6QRDzycy+09555LqOl5nhEUptPoJe1iDHU8oYlrlDw79m4QEbSLPexzsIc8hDRm8YBjLpj4q8EgxQdab+MNd4ghhQ2adIc1+ORAFEnWWfTDRp7GDfImlsIavKALLuqoqMGUCs4wHtagiQ5uc8kDyCOBKlP1k78QNTOZnMXCQRxWsbjl6iuskV41SQG2Gj9rikvcR1WcgKFDBa1LOEUK56hqv8BUFV3SGWkVS9JQ6Dsv4wQ1DKMPORUvkm78BhdQMI1CTa5I0yrcwSFqFD+SZ7DQesIkCG5S\/JpkHYERQRmuNsrZ7Grc+Ef8\/Bcoslkfae8Wc7CUHZ++TuAEBj86pHntjaDKXllPy6PW\/gkKFaThwp\/K87N8hDcQTTKKFTioSxqB8Q2BNX5JtAljwgAAAABJRU5ErkJggg==\"><\/a>.<\/p>\n\n\n\n<p>Informationen zur Gew\u00e4sserreinigung finden Sie im<strong> <a href=\"http:\/\/www.miamibeachfl.gov\/de\/city-hall\/environmental-sustainability\/\">Abteilung f\u00fcr Umwelt und Nachhaltigkeit.<\/a><\/strong><\/p>\n\n\n\n<p><strong><u>KOSTENLOSE G\u00dcLTIGABGABE: Jedes erste Wochenende im Monat<\/u><\/strong><\/p>\n\n\n\n<p>An jedem ersten Wochenende im Monat k\u00f6nnen B\u00fcrgerinnen und B\u00fcrger ihren Sperrm\u00fcll zwischen 8.00 und 18.00 Uhr an einem der unten aufgef\u00fchrten Orte abgeben.<\/p>\n\n\n\n<p>Ein Nachweis \u00fcber den Wohnsitz in Miami Beach ist erforderlich (amtlicher Ausweis mit einer Adresse in Miami Beach und\/oder eine Stromrechnung mit Lichtbildausweis).<\/p>\n\n\n\n<p>Bitte <strong>NICHT<\/strong> Entsorgen Sie keine chemischen oder gef\u00e4hrlichen Stoffe, Reifen, Farben oder Autoteile in den M\u00fcllcontainern. Kontaktieren Sie die <strong>Abteilung f\u00fcr Hygiene unter 305.673.7616<a title=\"Rufen Sie an: 305.673.7616\" href=\"#\"><img decoding=\"async\" title=\"Rufen Sie an: 305.673.7616\" src=\"data:image\/png;base64,iVBORw0KGgoAAAANSUhEUgAAABAAAAAQCAYAAAAf8\/9hAAABcklEQVR4XpXTPUvDUBTH4aR2c2hBQXGpTiIORhBcBOvgYKf0Awi+4Ggr1MVPIIrYdnEpShddHIyLi6AVXVxsRRDRwbi4KNgu4lCIv8i\/i6QRDzycy+09555LqOl5nhEUptPoJe1iDHU8oYlrlDw79m4QEbSLPexzsIc8hDRm8YBjLpj4q8EgxQdab+MNd4ghhQ2adIc1+ORAFEnWWfTDRp7GDfImlsIavKALLuqoqMGUCs4wHtagiQ5uc8kDyCOBKlP1k78QNTOZnMXCQRxWsbjl6iuskV41SQG2Gj9rikvcR1WcgKFDBa1LOEUK56hqv8BUFV3SGWkVS9JQ6Dsv4wQ1DKMPORUvkm78BhdQMI1CTa5I0yrcwSFqFD+SZ7DQesIkCG5S\/JpkHYERQRmuNsrZ7Grc+Ef8\/Bcoslkfae8Wc7CUHZ++TuAEBj86pHntjaDKXllPy6PW\/gkKFaThwp\/K87N8hDcQTTKKFTioSxqB8Q2BNX5JtAljwgAAAABJRU5ErkJggg==\"><\/a><\/strong> f\u00fcr weitere Informationen.<\/p>\n\n\n\n<p><strong>Kostenlose Sperrm\u00fcll-Abgabestellen:<\/strong><\/p>\n\n\n\n<ul class=\"wp-block-list\">\n<li>140 MacArthur Causeway (Terminalinsel)<\/li>\n\n\n\n<li>75. Stra\u00dfe und Dickens Avenue<\/li>\n<\/ul>\n\n\n\n<p>&nbsp;<\/p>\n\n\n\n<p><strong data-start=\"97\" data-end=\"123\">Wochenendkalender 2025:<\/strong>\n4. und 5. Januar<br>\n1. und 2. Februar<br>\n1. und 2. M\u00e4rz<br>\n5. und 6. April<br>\n3. und 4. Mai<br>\n7. und 8. Juni<br>\n5. und 6. Juli<br>\n2. und 3. August<br>\n6. und 7. September<br>\n4. und 5. Oktober<br>\n1. und 2. November<br>\n6. und 7. Dezember Navigieren Sie zu\u2026\t\t\t\n\t\t\t\t\t<\/p>\n\n\n\n<ul id=\"menu-public-works-sanitation\" class=\"wp-block-list\">\n<li><a href=\"\/de\/city-hall\/public-works\/sanitation-division\/chemical-waste-disposal\/\">Entsorgung chemischer Abf\u00e4lle<\/a><\/li>\n\n\n\n<li><a href=\"\/de\/city-hall\/public-works\/sanitation-division\/commercial-waste-haulers\/\">Gewerbliche Abfallentsorger<\/a><\/li>\n\n\n\n<li><a href=\"\/de\/city-hall\/public-works\/sanitation-division\/bulk-disposal\/\">Abholung und Abgabe von Sperrm\u00fcll in Miami Beach<\/a><\/li>\n\n\n\n<li><a href=\"\/de\/city-hall\/public-works\/sanitation-division\/recycling-info\/\">Recyclinginformationen<\/a><\/li>\n\n\n\n<li><a href=\"\/de\/city-hall\/public-works\/sanitation-division\/residential-garbage\/\">Hausm\u00fcll<\/a><\/li>\n\n\n\n<li><a href=\"\/de\/city-hall\/public-works\/sanitation-division\/street-cleaning\/\">Stra\u00dfenreinigungsprogramme im Flamingo Park und North Beach<\/a><\/li>\n<\/ul>\n\n\n\n<h2 class=\"wp-block-heading\" id=\"h-related-resources\">\n\t\t\tVerwandte Ressourcen\t<\/h2>\n\n\n\n<ul class=\"wp-block-list\">\n<li><br>\t\t\t\t\t<a href=\"https:\/\/www.miamibeachfl.gov\/de\/city-hall\/public-works\/sanitation-division\/street-cleaning\/\" target=\"_self\"><br>\t\t\t\t<h3>Stra\u00dfenreinigungsprogramm<\/h3><br>\t<\/a><br>\t\t\t<\/li>\n\n\n\n<li><br>\t\t\t\t\t<a href=\"https:\/\/www.miamibeachfl.gov\/de\/city-hall\/public-works\/sanitation-division\/bulk-disposal\/\" target=\"_blank\"><br>\t\t\t\t<h3>Massenentsorgung<\/h3><br>\t<\/a><br>\t\t\t<\/li>\n\n\n\n<li><br>\t\t\t\t\t<a href=\"https:\/\/www.miamibeachfl.gov\/de\/city-hall\/public-works\/sanitation-division\/recycling-info\/\" target=\"_blank\"><br>\t\t\t\t<h3>Recyclingdetails<\/h3><br>\t<\/a><br>\t\t\t<\/li>\n\n\n\n<li><br>\t\t\t\t<br>\t\t\t<\/li>\n\n\n\n<li><br>\t\t\t\t<br>\t\t\t<\/li>\n<\/ul>","protected":false},"excerpt":{"rendered":"<p>Die Abteilung f\u00fcr Abwasserentsorgung ist f\u00fcr die Abholung und Entsorgung von Hausm\u00fcll, Abfall und Unrat aus st\u00e4dtischen Geb\u00e4uden zust\u00e4ndig. [\u2026]<\/p>","protected":false},"author":222,"featured_media":0,"parent":28931,"menu_order":79,"comment_status":"closed","ping_status":"closed","template":"","meta":{"_searchwp_excluded":"","site-sidebar-layout":"right-sidebar","site-content-layout":"","ast-site-content-layout":"normal-width-container","site-content-style":"default","site-sidebar-style":"default","ast-global-header-display":"","ast-banner-title-visibility":"","ast-main-header-display":"","ast-hfb-above-header-display":"","ast-hfb-below-header-display":"","ast-hfb-mobile-header-display":"","site-post-title":"","ast-breadcrumbs-content":"","ast-featured-img":"","footer-sml-layout":"","theme-transparent-header-meta":"","adv-header-id-meta":"","stick-header-meta":"","header-above-stick-meta":"","header-main-stick-meta":"","header-below-stick-meta":"","astra-migrate-meta-layouts":"default","ast-page-background-enabled":"default","ast-page-background-meta":{"desktop":{"background-color":"var(--ast-global-color-5)","background-image":"","background-repeat":"repeat","background-position":"center center","background-size":"auto","background-attachment":"scroll","background-type":"","background-media":"","overlay-type":"","overlay-color":"","overlay-opacity":"","overlay-gradient":""},"tablet":{"background-color":"","background-image":"","background-repeat":"repeat","background-position":"center center","background-size":"auto","background-attachment":"scroll","background-type":"","background-media":"","overlay-type":"","overlay-color":"","overlay-opacity":"","overlay-gradient":""},"mobile":{"background-color":"","background-image":"","background-repeat":"repeat","background-position":"center center","background-size":"auto","background-attachment":"scroll","background-type":"","background-media":"","overlay-type":"","overlay-color":"","overlay-opacity":"","overlay-gradient":""}},"ast-content-background-meta":{"desktop":{"background-color":"var(--ast-global-color-4)","background-image":"","background-repeat":"repeat","background-position":"center center","background-size":"auto","background-attachment":"scroll","background-type":"","background-media":"","overlay-type":"","overlay-color":"","overlay-opacity":"","overlay-gradient":""},"tablet":{"background-color":"var(--ast-global-color-4)","background-image":"","background-repeat":"repeat","background-position":"center center","background-size":"auto","background-attachment":"scroll","background-type":"","background-media":"","overlay-type":"","overlay-color":"","overlay-opacity":"","overlay-gradient":""},"mobile":{"background-color":"var(--ast-global-color-4)","background-image":"","background-repeat":"repeat","background-position":"center center","background-size":"auto","background-attachment":"scroll","background-type":"","background-media":"","overlay-type":"","overlay-color":"","overlay-opacity":"","overlay-gradient":""}},"footnotes":""},"categories":[],"tags":[337],"class_list":["post-373054","page","type-page","status-publish","hentry","tag-sanitation"],"yoast_head":"<!-- This site is optimized with the Yoast SEO Premium plugin v26.6 (Yoast SEO v26.6) - https:\/\/yoast.com\/wordpress\/plugins\/seo\/ -->\n<title>Sanitation Division - City of Miami Beach<\/title>\n<meta name=\"description\" content=\"%\" \/>\n<meta name=\"robots\" content=\"index, follow, max-snippet:-1, max-image-preview:large, max-video-preview:-1\" \/>\n<link rel=\"canonical\" href=\"https:\/\/www.miamibeachfl.gov\/de\/city-hall\/public-works\/sanitation-division-copy\/\" \/>\n<meta property=\"og:locale\" content=\"de_DE\" \/>\n<meta property=\"og:type\" content=\"article\" \/>\n<meta property=\"og:title\" content=\"Sanitation Division\" \/>\n<meta property=\"og:description\" content=\"%\" \/>\n<meta property=\"og:url\" content=\"https:\/\/www.miamibeachfl.gov\/de\/city-hall\/public-works\/sanitation-division-copy\/\" \/>\n<meta property=\"og:site_name\" content=\"City of Miami Beach\" \/>\n<meta property=\"article:publisher\" content=\"https:\/\/www.facebook.com\/cityofmiamibeach\" \/>\n<meta property=\"article:modified_time\" content=\"2025-05-21T20:07:05+00:00\" \/>\n<meta property=\"og:image\" content=\"https:\/\/www.miamibeachfl.gov\/wp-content\/uploads\/2024\/01\/1000pxSquare-miamibeach-aerial-southpointview.jpeg\" \/>\n\t<meta property=\"og:image:width\" content=\"1000\" \/>\n\t<meta property=\"og:image:height\" content=\"1000\" \/>\n\t<meta property=\"og:image:type\" content=\"image\/jpeg\" \/>\n<meta name=\"twitter:card\" content=\"summary_large_image\" \/>\n<meta name=\"twitter:site\" content=\"@Miamibeachnews\" \/>\n<script type=\"application\/ld+json\" class=\"yoast-schema-graph\">{\"@context\":\"https:\/\/schema.org\",\"@graph\":[{\"@type\":\"WebPage\",\"@id\":\"https:\/\/www.miamibeachfl.gov\/city-hall\/public-works\/sanitation-division-copy\/\",\"url\":\"https:\/\/www.miamibeachfl.gov\/city-hall\/public-works\/sanitation-division-copy\/\",\"name\":\"Sanitation Division - City of Miami Beach\",\"isPartOf\":{\"@id\":\"https:\/\/www.miamibeachfl.gov\/#website\"},\"datePublished\":\"2025-05-21T20:04:14+00:00\",\"dateModified\":\"2025-05-21T20:07:05+00:00\",\"description\":\"%\",\"breadcrumb\":{\"@id\":\"https:\/\/www.miamibeachfl.gov\/city-hall\/public-works\/sanitation-division-copy\/#breadcrumb\"},\"inLanguage\":\"de\",\"potentialAction\":[{\"@type\":\"ReadAction\",\"target\":[\"https:\/\/www.miamibeachfl.gov\/city-hall\/public-works\/sanitation-division-copy\/\"]}]},{\"@type\":\"BreadcrumbList\",\"@id\":\"https:\/\/www.miamibeachfl.gov\/city-hall\/public-works\/sanitation-division-copy\/#breadcrumb\",\"itemListElement\":[{\"@type\":\"ListItem\",\"position\":1,\"name\":\"Home\",\"item\":\"https:\/\/www.miamibeachfl.gov\/\"},{\"@type\":\"ListItem\",\"position\":2,\"name\":\"City Hall\",\"item\":\"https:\/\/www.miamibeachfl.gov\/city-hall\/\"},{\"@type\":\"ListItem\",\"position\":3,\"name\":\"Public Works\",\"item\":\"https:\/\/www.miamibeachfl.gov\/city-hall\/public-works\/\"},{\"@type\":\"ListItem\",\"position\":4,\"name\":\"Sanitation Division\"}]},{\"@type\":\"WebSite\",\"@id\":\"https:\/\/www.miamibeachfl.gov\/#website\",\"url\":\"https:\/\/www.miamibeachfl.gov\/\",\"name\":\"City of Miami Beach\",\"description\":\"The official website of the City of Miami Beach. Stay informed, find important information on city services, news, alerts, events, trolley routes, government employment and more.\",\"publisher\":{\"@id\":\"https:\/\/www.miamibeachfl.gov\/#organization\"},\"potentialAction\":[{\"@type\":\"SearchAction\",\"target\":{\"@type\":\"EntryPoint\",\"urlTemplate\":\"https:\/\/www.miamibeachfl.gov\/?s={search_term_string}\"},\"query-input\":{\"@type\":\"PropertyValueSpecification\",\"valueRequired\":true,\"valueName\":\"search_term_string\"}}],\"inLanguage\":\"de\"},{\"@type\":\"Organization\",\"@id\":\"https:\/\/www.miamibeachfl.gov\/#organization\",\"name\":\"City of Miami Beach\",\"url\":\"https:\/\/www.miamibeachfl.gov\/\",\"logo\":{\"@type\":\"ImageObject\",\"inLanguage\":\"de\",\"@id\":\"https:\/\/www.miamibeachfl.gov\/#\/schema\/logo\/image\/\",\"url\":\"https:\/\/www.miamibeachfl.gov\/wp-content\/uploads\/2022\/06\/miamibeach-logoblue.png\",\"contentUrl\":\"https:\/\/www.miamibeachfl.gov\/wp-content\/uploads\/2022\/06\/miamibeach-logoblue.png\",\"width\":1962,\"height\":381,\"caption\":\"City of Miami Beach\"},\"image\":{\"@id\":\"https:\/\/www.miamibeachfl.gov\/#\/schema\/logo\/image\/\"},\"sameAs\":[\"https:\/\/www.facebook.com\/cityofmiamibeach\",\"https:\/\/x.com\/Miamibeachnews\",\"https:\/\/www.instagram.com\/miamibeachnews\/\"],\"description\":\"The official website of the City of Miami Beach. Stay informed, find important information on city services, news, alerts, events, trolley routes, government employment and more.\",\"telephone\":\"305.604.CITY(2489)\",\"legalName\":\"City of Miami Beach\"}]}<\/script>\n<!-- \/ Yoast SEO Premium plugin. -->","yoast_head_json":{"title":"Abteilung f\u00fcr Hygiene \u2013 Stadt Miami Beach","description":"%","robots":{"index":"index","follow":"follow","max-snippet":"max-snippet:-1","max-image-preview":"max-image-preview:large","max-video-preview":"max-video-preview:-1"},"canonical":"https:\/\/www.miamibeachfl.gov\/de\/city-hall\/public-works\/sanitation-division-copy\/","og_locale":"de_DE","og_type":"article","og_title":"Sanitation Division","og_description":"%","og_url":"https:\/\/www.miamibeachfl.gov\/de\/city-hall\/public-works\/sanitation-division-copy\/","og_site_name":"City of Miami Beach","article_publisher":"https:\/\/www.facebook.com\/cityofmiamibeach","article_modified_time":"2025-05-21T20:07:05+00:00","og_image":[{"width":1000,"height":1000,"url":"https:\/\/www.miamibeachfl.gov\/wp-content\/uploads\/2024\/01\/1000pxSquare-miamibeach-aerial-southpointview.jpeg","type":"image\/jpeg"}],"twitter_card":"summary_large_image","twitter_site":"@Miamibeachnews","schema":{"@context":"https:\/\/schema.org","@graph":[{"@type":"WebPage","@id":"https:\/\/www.miamibeachfl.gov\/city-hall\/public-works\/sanitation-division-copy\/","url":"https:\/\/www.miamibeachfl.gov\/city-hall\/public-works\/sanitation-division-copy\/","name":"Abteilung f\u00fcr Hygiene \u2013 Stadt Miami Beach","isPartOf":{"@id":"https:\/\/www.miamibeachfl.gov\/#website"},"datePublished":"2025-05-21T20:04:14+00:00","dateModified":"2025-05-21T20:07:05+00:00","description":"%","breadcrumb":{"@id":"https:\/\/www.miamibeachfl.gov\/city-hall\/public-works\/sanitation-division-copy\/#breadcrumb"},"inLanguage":"de","potentialAction":[{"@type":"ReadAction","target":["https:\/\/www.miamibeachfl.gov\/city-hall\/public-works\/sanitation-division-copy\/"]}]},{"@type":"BreadcrumbList","@id":"https:\/\/www.miamibeachfl.gov\/city-hall\/public-works\/sanitation-division-copy\/#breadcrumb","itemListElement":[{"@type":"ListItem","position":1,"name":"Home","item":"https:\/\/www.miamibeachfl.gov\/"},{"@type":"ListItem","position":2,"name":"City Hall","item":"https:\/\/www.miamibeachfl.gov\/city-hall\/"},{"@type":"ListItem","position":3,"name":"Public Works","item":"https:\/\/www.miamibeachfl.gov\/city-hall\/public-works\/"},{"@type":"ListItem","position":4,"name":"Sanitation Division"}]},{"@type":"WebSite","@id":"https:\/\/www.miamibeachfl.gov\/#website","url":"https:\/\/www.miamibeachfl.gov\/","name":"Stadt Miami Beach","description":"Die offizielle Website der Stadt Miami Beach. Bleiben Sie informiert und finden Sie wichtige Informationen zu st\u00e4dtischen Dienstleistungen, Neuigkeiten, Warnungen, Veranstaltungen, Stra\u00dfenbahnlinien, Stellenangeboten im \u00f6ffentlichen Dienst und mehr.","publisher":{"@id":"https:\/\/www.miamibeachfl.gov\/#organization"},"potentialAction":[{"@type":"SearchAction","target":{"@type":"EntryPoint","urlTemplate":"https:\/\/www.miamibeachfl.gov\/?s={search_term_string}"},"query-input":{"@type":"PropertyValueSpecification","valueRequired":true,"valueName":"search_term_string"}}],"inLanguage":"de"},{"@type":"Organization","@id":"https:\/\/www.miamibeachfl.gov\/#organization","name":"Stadt Miami Beach","url":"https:\/\/www.miamibeachfl.gov\/","logo":{"@type":"ImageObject","inLanguage":"de","@id":"https:\/\/www.miamibeachfl.gov\/#\/schema\/logo\/image\/","url":"https:\/\/www.miamibeachfl.gov\/wp-content\/uploads\/2022\/06\/miamibeach-logoblue.png","contentUrl":"https:\/\/www.miamibeachfl.gov\/wp-content\/uploads\/2022\/06\/miamibeach-logoblue.png","width":1962,"height":381,"caption":"City of Miami Beach"},"image":{"@id":"https:\/\/www.miamibeachfl.gov\/#\/schema\/logo\/image\/"},"sameAs":["https:\/\/www.facebook.com\/cityofmiamibeach","https:\/\/x.com\/Miamibeachnews","https:\/\/www.instagram.com\/miamibeachnews\/"],"description":"Die offizielle Website der Stadt Miami Beach. Bleiben Sie informiert und finden Sie wichtige Informationen zu st\u00e4dtischen Dienstleistungen, Neuigkeiten, Warnungen, Veranstaltungen, Stra\u00dfenbahnlinien, Stellenangeboten im \u00f6ffentlichen Dienst und mehr.","telephone":"305.604.CITY(2489)","legalName":"City of Miami Beach"}]}},"_links":{"self":[{"href":"https:\/\/www.miamibeachfl.gov\/de\/wp-json\/wp\/v2\/pages\/373054","targetHints":{"allow":["GET"]}}],"collection":[{"href":"https:\/\/www.miamibeachfl.gov\/de\/wp-json\/wp\/v2\/pages"}],"about":[{"href":"https:\/\/www.miamibeachfl.gov\/de\/wp-json\/wp\/v2\/types\/page"}],"author":[{"embeddable":true,"href":"https:\/\/www.miamibeachfl.gov\/de\/wp-json\/wp\/v2\/users\/222"}],"replies":[{"embeddable":true,"href":"https:\/\/www.miamibeachfl.gov\/de\/wp-json\/wp\/v2\/comments?post=373054"}],"version-history":[{"count":0,"href":"https:\/\/www.miamibeachfl.gov\/de\/wp-json\/wp\/v2\/pages\/373054\/revisions"}],"up":[{"embeddable":true,"href":"https:\/\/www.miamibeachfl.gov\/de\/wp-json\/wp\/v2\/pages\/28931"}],"wp:attachment":[{"href":"https:\/\/www.miamibeachfl.gov\/de\/wp-json\/wp\/v2\/media?parent=373054"}],"wp:term":[{"taxonomy":"category","embeddable":true,"href":"https:\/\/www.miamibeachfl.gov\/de\/wp-json\/wp\/v2\/categories?post=373054"},{"taxonomy":"post_tag","embeddable":true,"href":"https:\/\/www.miamibeachfl.gov\/de\/wp-json\/wp\/v2\/tags?post=373054"}],"curies":[{"name":"wp","href":"https:\/\/api.w.org\/{rel}","templated":true}]}}