{"id":37458,"date":"2017-09-27T10:00:16","date_gmt":"2017-09-27T14:00:16","guid":{"rendered":"http:\/\/www.miamibeachfl.gov\/?page_id=37458"},"modified":"2025-12-11T11:05:19","modified_gmt":"2025-12-11T16:05:19","slug":"department-work-plans","status":"publish","type":"page","link":"https:\/\/www.miamibeachfl.gov\/de\/city-hall\/office-of-budget-peformance\/department-work-plans\/","title":{"rendered":"Arbeitspl\u00e4ne der Abteilung"},"content":{"rendered":"<img decoding=\"async\" src=\"https:\/\/www.miamibeachfl.gov\/wp-content\/uploads\/2022\/07\/hero-small.jpg\" alt=\"ocean drive art deco buildings\" itemprop=\"image\" height=\"211\" width=\"2395\" title=\"Held-klein\" onerror=\"this.style.display='none'\" loading=\"lazy\" \/>\n<h1>\n\t\t\tArbeitspl\u00e4ne der Abteilung\t<\/h1>\n\t<nav id=\"breadcrumbs\" aria-label=\"Paniermehl\"><a href=\"https:\/\/www.miamibeachfl.gov\/de\/\">Heim<\/a> &gt; <a href=\"https:\/\/www.miamibeachfl.gov\/de\/city-hall\/\">Rathaus<\/a> &gt; <a href=\"https:\/\/www.miamibeachfl.gov\/de\/city-hall\/office-of-budget-peformance\/\">Management &amp; Budget<\/a> &gt; <strong>Arbeitspl\u00e4ne der Abteilung<\/strong><\/nav>\n\t<p>Jeder Abteilungsarbeitsplan enth\u00e4lt unterst\u00fctzende Abteilungsaktivit\u00e4ten zur Leistungsverbesserung sowie Leistungskennzahlen, die das ganze Jahr \u00fcber verwendet werden, um festzustellen, ob die Abteilung mit ihren unterst\u00fctzenden Aktivit\u00e4ten auf Kurs ist. Abteilungsarbeitspl\u00e4ne unterst\u00fctzen die strategischen Planungspriorit\u00e4ten der Stadt und bilden die Grundlage f\u00fcr Empfehlungen zu Verbesserungen, Reduzierungen und Effizienzsteigerungen. Der Stadtdirektor bespricht vorab mit jeder Abteilung die vorgeschlagenen Priorit\u00e4ten des Arbeitsplans und stellt sicher, dass diese die strategischen Priorit\u00e4ten unterst\u00fctzen. Auch Faktoren, die f\u00fcr den Erfolg des Arbeitsplans der Abteilung entscheidend sind (nicht unbedingt finanzieller Natur), werden besprochen.<\/p>\n\t<table>\n<tbody>\n<tr>\n<td><a href=\"https:\/\/www.miamibeachfl.gov\/wp-content\/uploads\/2025\/12\/Building.pdf\">Geb\u00e4ude<\/a><\/td>\n<\/tr>\n<tr>\n<td><a href=\"https:\/\/www.miamibeachfl.gov\/wp-content\/uploads\/2025\/12\/Capital-Improvement-Projects.pdf\">Kapitalverbesserungsprojekte<\/a><\/td>\n<\/tr>\n<tr>\n<td><a href=\"https:\/\/www.miamibeachfl.gov\/wp-content\/uploads\/2025\/12\/City-Attorney.pdf\">Stadtanwalt<\/a><\/td>\n<\/tr>\n<tr>\n<td><a href=\"https:\/\/www.miamibeachfl.gov\/wp-content\/uploads\/2025\/12\/City-Clerk.pdf\">Stadtschreiber<\/a><\/td>\n<\/tr>\n<tr>\n<td><a href=\"https:\/\/www.miamibeachfl.gov\/wp-content\/uploads\/2025\/12\/City-Manager.pdf\">Stadtmanager<\/a><\/td>\n<\/tr>\n<tr>\n<td><a href=\"https:\/\/www.miamibeachfl.gov\/wp-content\/uploads\/2025\/12\/Code-Compliance.pdf\">Code-Konformit\u00e4t<\/a><\/td>\n<\/tr>\n<tr>\n<td><a href=\"https:\/\/www.miamibeachfl.gov\/wp-content\/uploads\/2025\/12\/Economic-Development.pdf\">Wirtschaftliche Entwicklung<\/a><\/td>\n<\/tr>\n<tr>\n<td><a href=\"https:\/\/www.miamibeachfl.gov\/wp-content\/uploads\/2025\/12\/Environment-Sustainability.pdf\">Umwelt &amp; Nachhaltigkeit<\/a><\/td>\n<\/tr>\n<tr>\n<td><a href=\"https:\/\/www.miamibeachfl.gov\/wp-content\/uploads\/2025\/12\/Facilities-Fleet-Management.pdf\">Anlagen- und Flottenmanagement<\/a><\/td>\n<\/tr>\n<tr>\n<td><a href=\"https:\/\/www.miamibeachfl.gov\/wp-content\/uploads\/2025\/12\/Finance.pdf\">Finanzen<\/a><\/td>\n<\/tr>\n<tr>\n<td><a href=\"https:\/\/www.miamibeachfl.gov\/wp-content\/uploads\/2025\/12\/Fire.pdf\">Feuer<\/a><\/td>\n<\/tr>\n<tr>\n<td><a href=\"https:\/\/www.miamibeachfl.gov\/wp-content\/uploads\/2025\/12\/Housing-Community-Services.pdf\">Wohnen und kommunale Dienste<\/a><\/td>\n<\/tr>\n<tr>\n<td><a href=\"https:\/\/www.miamibeachfl.gov\/wp-content\/uploads\/2025\/12\/Human-Resources.pdf\">Personalwesen<\/a><\/td>\n<\/tr>\n<tr>\n<td><a href=\"https:\/\/www.miamibeachfl.gov\/wp-content\/uploads\/2025\/12\/Information-Technology.pdf\">Informationstechnologie<\/a><\/td>\n<\/tr>\n<tr>\n<td><a href=\"https:\/\/www.miamibeachfl.gov\/wp-content\/uploads\/2025\/12\/Marketing-Communications.pdf\">Marketing &amp; Kommunikation<\/a><\/td>\n<\/tr>\n<tr>\n<td><a href=\"https:\/\/www.miamibeachfl.gov\/wp-content\/uploads\/2025\/12\/Mayor-Commission.pdf\">B\u00fcrgermeister &amp; Kommission<\/a><\/td>\n<\/tr>\n<tr>\n<td><a href=\"https:\/\/www.miamibeachfl.gov\/wp-content\/uploads\/2025\/12\/North-Beach-CRA.pdf\">North Beach CRA<\/a><\/td>\n<\/tr>\n<tr>\n<td><a href=\"https:\/\/www.miamibeachfl.gov\/wp-content\/uploads\/2025\/12\/Office-of-Inspector-General.pdf\">B\u00fcro des Generalinspektors<\/a><\/td>\n<\/tr>\n<tr>\n<td><a href=\"https:\/\/www.miamibeachfl.gov\/wp-content\/uploads\/2025\/12\/Office-of-Management-Budget.pdf\">B\u00fcro f\u00fcr Management und Budget<\/a><\/td>\n<\/tr>\n<tr>\n<td><a href=\"https:\/\/www.miamibeachfl.gov\/wp-content\/uploads\/2025\/12\/Parking.pdf\">Parken<\/a><\/td>\n<\/tr>\n<tr>\n<td><a href=\"https:\/\/www.miamibeachfl.gov\/wp-content\/uploads\/2025\/12\/Parks-Recreation.pdf\">Parks &amp; Erholung<\/a><\/td>\n<\/tr>\n<tr>\n<td><a href=\"https:\/\/www.miamibeachfl.gov\/wp-content\/uploads\/2025\/12\/Planning.pdf\">Planung<\/a><\/td>\n<\/tr>\n<tr>\n<td><a href=\"https:\/\/www.miamibeachfl.gov\/wp-content\/uploads\/2025\/12\/Police.pdf\">Polizei<\/a><\/td>\n<\/tr>\n<tr>\n<td><a href=\"https:\/\/www.miamibeachfl.gov\/wp-content\/uploads\/2025\/12\/Procurement.pdf\">Beschaffung<\/a><\/td>\n<\/tr>\n<tr>\n<td><a href=\"https:\/\/www.miamibeachfl.gov\/wp-content\/uploads\/2025\/12\/Public-Works.pdf\">\u00d6ffentliche Arbeiten<\/a><\/td>\n<\/tr>\n<tr>\n<td><a href=\"https:\/\/www.miamibeachfl.gov\/wp-content\/uploads\/2025\/12\/Redevelopment-Agency-RDA.pdf\">Sanierungsagentur (RDA)<\/a><\/td>\n<\/tr>\n<tr>\n<td><a href=\"https:\/\/www.miamibeachfl.gov\/wp-content\/uploads\/2025\/12\/Resort-Tax.pdf\">Kurtaxe<\/a><\/td>\n<\/tr>\n<tr>\n<td><a href=\"https:\/\/www.miamibeachfl.gov\/wp-content\/uploads\/2025\/12\/Tourism-Culture.pdf\">Tourismus &amp; Kultur<\/a><\/td>\n<\/tr>\n<tr>\n<td><a href=\"https:\/\/www.miamibeachfl.gov\/wp-content\/uploads\/2025\/12\/Transportation-Mobility.pdf\">Transport &amp; Mobilit\u00e4t<\/a><\/td>\n<\/tr>\n<\/tbody>\n<\/table>\n\t\tNavigieren Sie zu\u2026\t\t\t\n\t\t\t\t\t<ul id=\"menu-budget-main-menu-2\"><li id=\"menu-item-363553\"><a href=\"\/de\/city-hall\/office-of-budget-peformance\/budget\/\">Budget<\/a><\/li>\n<li id=\"menu-item-363554\"><a href=\"\/de\/city-hall\/office-of-budget-peformance\/department-work-plans\/\">Arbeitspl\u00e4ne der Abteilung<\/a><\/li>\n<li id=\"menu-item-363555\"><a href=\"\/de\/city-hall\/office-of-budget-peformance\/quarterly-projections\/\">Viertelj\u00e4hrliche Prognosen<\/a><\/li>\n<\/ul>\t\n\t<div class=\"page-navigation\"><a class=\"prev-page\" href=\"https:\/\/www.miamibeachfl.gov\/de\/city-hall\/fire\/emergency-management\/notifications\/\">\u2190 Notfallbenachrichtigungen<\/a> <a class=\"next-page\" href=\"https:\/\/www.miamibeachfl.gov\/de\/city-hall\/fire\/emergency-management\/know-your-hazards\/hurricanes\/special-needs-early-registrations\/\">Besondere Bed\u00fcrfnisse und Fr\u00fchanmeldungen \u2192<\/a><\/div>","protected":false},"excerpt":{"rendered":"<p>Department Work Plans Home &gt; City Hall &gt; Management &amp; Budget &gt; Department Work Plans Each department work plan contains [&hellip;]<\/p>\n","protected":false},"author":222,"featured_media":0,"parent":28280,"menu_order":0,"comment_status":"closed","ping_status":"closed","template":"","meta":{"_searchwp_excluded":"","site-sidebar-layout":"default","site-content-layout":"","ast-site-content-layout":"default","site-content-style":"default","site-sidebar-style":"default","ast-global-header-display":"","ast-banner-title-visibility":"","ast-main-header-display":"","ast-hfb-above-header-display":"","ast-hfb-below-header-display":"","ast-hfb-mobile-header-display":"","site-post-title":"","ast-breadcrumbs-content":"","ast-featured-img":"","footer-sml-layout":"","theme-transparent-header-meta":"","adv-header-id-meta":"","stick-header-meta":"","header-above-stick-meta":"","header-main-stick-meta":"","header-below-stick-meta":"","astra-migrate-meta-layouts":"default","ast-page-background-enabled":"default","ast-page-background-meta":{"desktop":{"background-color":"var(--ast-global-color-5)","background-image":"","background-repeat":"repeat","background-position":"center center","background-size":"auto","background-attachment":"scroll","background-type":"","background-media":"","overlay-type":"","overlay-color":"","overlay-opacity":"","overlay-gradient":""},"tablet":{"background-color":"","background-image":"","background-repeat":"repeat","background-position":"center center","background-size":"auto","background-attachment":"scroll","background-type":"","background-media":"","overlay-type":"","overlay-color":"","overlay-opacity":"","overlay-gradient":""},"mobile":{"background-color":"","background-image":"","background-repeat":"repeat","background-position":"center center","background-size":"auto","background-attachment":"scroll","background-type":"","background-media":"","overlay-type":"","overlay-color":"","overlay-opacity":"","overlay-gradient":""}},"ast-content-background-meta":{"desktop":{"background-color":"var(--ast-global-color-4)","background-image":"","background-repeat":"repeat","background-position":"center center","background-size":"auto","background-attachment":"scroll","background-type":"","background-media":"","overlay-type":"","overlay-color":"","overlay-opacity":"","overlay-gradient":""},"tablet":{"background-color":"var(--ast-global-color-4)","background-image":"","background-repeat":"repeat","background-position":"center center","background-size":"auto","background-attachment":"scroll","background-type":"","background-media":"","overlay-type":"","overlay-color":"","overlay-opacity":"","overlay-gradient":""},"mobile":{"background-color":"var(--ast-global-color-4)","background-image":"","background-repeat":"repeat","background-position":"center center","background-size":"auto","background-attachment":"scroll","background-type":"","background-media":"","overlay-type":"","overlay-color":"","overlay-opacity":"","overlay-gradient":""}},"footnotes":""},"categories":[],"tags":[],"class_list":["post-37458","page","type-page","status-publish","hentry"],"yoast_head":"<!-- This site is optimized with the Yoast SEO Premium plugin v27.4 (Yoast SEO v27.4) - https:\/\/yoast.com\/product\/yoast-seo-premium-wordpress\/ -->\n<title>Department Work Plans - City of Miami Beach<\/title>\n<meta name=\"description\" content=\"%\" \/>\n<meta name=\"robots\" content=\"index, follow, max-snippet:-1, max-image-preview:large, max-video-preview:-1\" \/>\n<link rel=\"canonical\" href=\"https:\/\/www.miamibeachfl.gov\/de\/city-hall\/office-of-budget-peformance\/department-work-plans\/\" \/>\n<meta property=\"og:locale\" content=\"de_DE\" \/>\n<meta property=\"og:type\" content=\"article\" \/>\n<meta property=\"og:title\" content=\"Department Work Plans\" \/>\n<meta property=\"og:description\" content=\"%\" \/>\n<meta property=\"og:url\" content=\"https:\/\/www.miamibeachfl.gov\/de\/city-hall\/office-of-budget-peformance\/department-work-plans\/\" \/>\n<meta property=\"og:site_name\" content=\"City of Miami Beach\" \/>\n<meta property=\"article:publisher\" content=\"https:\/\/www.facebook.com\/cityofmiamibeach\" \/>\n<meta property=\"article:modified_time\" content=\"2025-12-11T16:05:19+00:00\" \/>\n<meta property=\"og:image\" content=\"https:\/\/www.miamibeachfl.gov\/wp-content\/uploads\/2022\/07\/hero-small.jpg\" \/>\n<meta name=\"twitter:card\" content=\"summary_large_image\" \/>\n<meta name=\"twitter:site\" content=\"@Miamibeachnews\" \/>\n<script type=\"application\/ld+json\" class=\"yoast-schema-graph\">{\"@context\":\"https:\\\/\\\/schema.org\",\"@graph\":[{\"@type\":\"WebPage\",\"@id\":\"https:\\\/\\\/www.miamibeachfl.gov\\\/city-hall\\\/office-of-budget-peformance\\\/department-work-plans\\\/\",\"url\":\"https:\\\/\\\/www.miamibeachfl.gov\\\/city-hall\\\/office-of-budget-peformance\\\/department-work-plans\\\/\",\"name\":\"Department Work Plans - City of Miami Beach\",\"isPartOf\":{\"@id\":\"https:\\\/\\\/www.miamibeachfl.gov\\\/#website\"},\"primaryImageOfPage\":{\"@id\":\"https:\\\/\\\/www.miamibeachfl.gov\\\/city-hall\\\/office-of-budget-peformance\\\/department-work-plans\\\/#primaryimage\"},\"image\":{\"@id\":\"https:\\\/\\\/www.miamibeachfl.gov\\\/city-hall\\\/office-of-budget-peformance\\\/department-work-plans\\\/#primaryimage\"},\"thumbnailUrl\":\"https:\\\/\\\/www.miamibeachfl.gov\\\/wp-content\\\/uploads\\\/2022\\\/07\\\/hero-small.jpg\",\"datePublished\":\"2017-09-27T14:00:16+00:00\",\"dateModified\":\"2025-12-11T16:05:19+00:00\",\"description\":\"%\",\"breadcrumb\":{\"@id\":\"https:\\\/\\\/www.miamibeachfl.gov\\\/city-hall\\\/office-of-budget-peformance\\\/department-work-plans\\\/#breadcrumb\"},\"inLanguage\":\"de\",\"potentialAction\":[{\"@type\":\"ReadAction\",\"target\":[\"https:\\\/\\\/www.miamibeachfl.gov\\\/city-hall\\\/office-of-budget-peformance\\\/department-work-plans\\\/\"]}]},{\"@type\":\"ImageObject\",\"inLanguage\":\"de\",\"@id\":\"https:\\\/\\\/www.miamibeachfl.gov\\\/city-hall\\\/office-of-budget-peformance\\\/department-work-plans\\\/#primaryimage\",\"url\":\"https:\\\/\\\/www.miamibeachfl.gov\\\/wp-content\\\/uploads\\\/2022\\\/07\\\/hero-small.jpg\",\"contentUrl\":\"https:\\\/\\\/www.miamibeachfl.gov\\\/wp-content\\\/uploads\\\/2022\\\/07\\\/hero-small.jpg\"},{\"@type\":\"BreadcrumbList\",\"@id\":\"https:\\\/\\\/www.miamibeachfl.gov\\\/city-hall\\\/office-of-budget-peformance\\\/department-work-plans\\\/#breadcrumb\",\"itemListElement\":[{\"@type\":\"ListItem\",\"position\":1,\"name\":\"Home\",\"item\":\"https:\\\/\\\/www.miamibeachfl.gov\\\/\"},{\"@type\":\"ListItem\",\"position\":2,\"name\":\"City Hall\",\"item\":\"https:\\\/\\\/www.miamibeachfl.gov\\\/city-hall\\\/\"},{\"@type\":\"ListItem\",\"position\":3,\"name\":\"Management &amp; Budget\",\"item\":\"https:\\\/\\\/www.miamibeachfl.gov\\\/city-hall\\\/office-of-budget-peformance\\\/\"},{\"@type\":\"ListItem\",\"position\":4,\"name\":\"Department Work Plans\"}]},{\"@type\":\"WebSite\",\"@id\":\"https:\\\/\\\/www.miamibeachfl.gov\\\/#website\",\"url\":\"https:\\\/\\\/www.miamibeachfl.gov\\\/\",\"name\":\"City of Miami Beach\",\"description\":\"The official website of the City of Miami Beach. Stay informed, find important information on city services, news, alerts, events, trolley routes, government employment and more.\",\"publisher\":{\"@id\":\"https:\\\/\\\/www.miamibeachfl.gov\\\/#organization\"},\"potentialAction\":[{\"@type\":\"SearchAction\",\"target\":{\"@type\":\"EntryPoint\",\"urlTemplate\":\"https:\\\/\\\/www.miamibeachfl.gov\\\/?s={search_term_string}\"},\"query-input\":{\"@type\":\"PropertyValueSpecification\",\"valueRequired\":true,\"valueName\":\"search_term_string\"}}],\"inLanguage\":\"de\"},{\"@type\":\"Organization\",\"@id\":\"https:\\\/\\\/www.miamibeachfl.gov\\\/#organization\",\"name\":\"City of Miami Beach\",\"url\":\"https:\\\/\\\/www.miamibeachfl.gov\\\/\",\"logo\":{\"@type\":\"ImageObject\",\"inLanguage\":\"de\",\"@id\":\"https:\\\/\\\/www.miamibeachfl.gov\\\/#\\\/schema\\\/logo\\\/image\\\/\",\"url\":\"https:\\\/\\\/www.miamibeachfl.gov\\\/wp-content\\\/uploads\\\/2022\\\/06\\\/miamibeach-logoblue.png\",\"contentUrl\":\"https:\\\/\\\/www.miamibeachfl.gov\\\/wp-content\\\/uploads\\\/2022\\\/06\\\/miamibeach-logoblue.png\",\"width\":1962,\"height\":381,\"caption\":\"City of Miami Beach\"},\"image\":{\"@id\":\"https:\\\/\\\/www.miamibeachfl.gov\\\/#\\\/schema\\\/logo\\\/image\\\/\"},\"sameAs\":[\"https:\\\/\\\/www.facebook.com\\\/cityofmiamibeach\",\"https:\\\/\\\/x.com\\\/Miamibeachnews\",\"https:\\\/\\\/www.instagram.com\\\/miamibeachnews\\\/\"],\"description\":\"The official website of the City of Miami Beach. Stay informed, find important information on city services, news, alerts, events, trolley routes, government employment and more.\",\"telephone\":\"305.604.CITY(2489)\",\"legalName\":\"City of Miami Beach\"}]}<\/script>\n<!-- \/ Yoast SEO Premium plugin. -->","yoast_head_json":{"title":"Arbeitspl\u00e4ne der Abteilung \u2013 Stadt Miami Beach","description":"%","robots":{"index":"index","follow":"follow","max-snippet":"max-snippet:-1","max-image-preview":"max-image-preview:large","max-video-preview":"max-video-preview:-1"},"canonical":"https:\/\/www.miamibeachfl.gov\/de\/city-hall\/office-of-budget-peformance\/department-work-plans\/","og_locale":"de_DE","og_type":"article","og_title":"Department Work Plans","og_description":"%","og_url":"https:\/\/www.miamibeachfl.gov\/de\/city-hall\/office-of-budget-peformance\/department-work-plans\/","og_site_name":"City of Miami Beach","article_publisher":"https:\/\/www.facebook.com\/cityofmiamibeach","article_modified_time":"2025-12-11T16:05:19+00:00","og_image":[{"url":"https:\/\/www.miamibeachfl.gov\/wp-content\/uploads\/2022\/07\/hero-small.jpg","type":"","width":"","height":""}],"twitter_card":"summary_large_image","twitter_site":"@Miamibeachnews","schema":{"@context":"https:\/\/schema.org","@graph":[{"@type":"WebPage","@id":"https:\/\/www.miamibeachfl.gov\/city-hall\/office-of-budget-peformance\/department-work-plans\/","url":"https:\/\/www.miamibeachfl.gov\/city-hall\/office-of-budget-peformance\/department-work-plans\/","name":"Arbeitspl\u00e4ne der Abteilung \u2013 Stadt Miami Beach","isPartOf":{"@id":"https:\/\/www.miamibeachfl.gov\/#website"},"primaryImageOfPage":{"@id":"https:\/\/www.miamibeachfl.gov\/city-hall\/office-of-budget-peformance\/department-work-plans\/#primaryimage"},"image":{"@id":"https:\/\/www.miamibeachfl.gov\/city-hall\/office-of-budget-peformance\/department-work-plans\/#primaryimage"},"thumbnailUrl":"https:\/\/www.miamibeachfl.gov\/wp-content\/uploads\/2022\/07\/hero-small.jpg","datePublished":"2017-09-27T14:00:16+00:00","dateModified":"2025-12-11T16:05:19+00:00","description":"%","breadcrumb":{"@id":"https:\/\/www.miamibeachfl.gov\/city-hall\/office-of-budget-peformance\/department-work-plans\/#breadcrumb"},"inLanguage":"de","potentialAction":[{"@type":"ReadAction","target":["https:\/\/www.miamibeachfl.gov\/city-hall\/office-of-budget-peformance\/department-work-plans\/"]}]},{"@type":"ImageObject","inLanguage":"de","@id":"https:\/\/www.miamibeachfl.gov\/city-hall\/office-of-budget-peformance\/department-work-plans\/#primaryimage","url":"https:\/\/www.miamibeachfl.gov\/wp-content\/uploads\/2022\/07\/hero-small.jpg","contentUrl":"https:\/\/www.miamibeachfl.gov\/wp-content\/uploads\/2022\/07\/hero-small.jpg"},{"@type":"BreadcrumbList","@id":"https:\/\/www.miamibeachfl.gov\/city-hall\/office-of-budget-peformance\/department-work-plans\/#breadcrumb","itemListElement":[{"@type":"ListItem","position":1,"name":"Home","item":"https:\/\/www.miamibeachfl.gov\/"},{"@type":"ListItem","position":2,"name":"City Hall","item":"https:\/\/www.miamibeachfl.gov\/city-hall\/"},{"@type":"ListItem","position":3,"name":"Management &amp; Budget","item":"https:\/\/www.miamibeachfl.gov\/city-hall\/office-of-budget-peformance\/"},{"@type":"ListItem","position":4,"name":"Department Work Plans"}]},{"@type":"WebSite","@id":"https:\/\/www.miamibeachfl.gov\/#website","url":"https:\/\/www.miamibeachfl.gov\/","name":"Stadt Miami Beach","description":"Die offizielle Website der Stadt Miami Beach. Bleiben Sie informiert und finden Sie wichtige Informationen zu st\u00e4dtischen Dienstleistungen, Neuigkeiten, Warnungen, Veranstaltungen, Stra\u00dfenbahnlinien, Stellenangeboten im \u00f6ffentlichen Dienst und mehr.","publisher":{"@id":"https:\/\/www.miamibeachfl.gov\/#organization"},"potentialAction":[{"@type":"SearchAction","target":{"@type":"EntryPoint","urlTemplate":"https:\/\/www.miamibeachfl.gov\/?s={search_term_string}"},"query-input":{"@type":"PropertyValueSpecification","valueRequired":true,"valueName":"search_term_string"}}],"inLanguage":"de"},{"@type":"Organization","@id":"https:\/\/www.miamibeachfl.gov\/#organization","name":"Stadt Miami Beach","url":"https:\/\/www.miamibeachfl.gov\/","logo":{"@type":"ImageObject","inLanguage":"de","@id":"https:\/\/www.miamibeachfl.gov\/#\/schema\/logo\/image\/","url":"https:\/\/www.miamibeachfl.gov\/wp-content\/uploads\/2022\/06\/miamibeach-logoblue.png","contentUrl":"https:\/\/www.miamibeachfl.gov\/wp-content\/uploads\/2022\/06\/miamibeach-logoblue.png","width":1962,"height":381,"caption":"City of Miami Beach"},"image":{"@id":"https:\/\/www.miamibeachfl.gov\/#\/schema\/logo\/image\/"},"sameAs":["https:\/\/www.facebook.com\/cityofmiamibeach","https:\/\/x.com\/Miamibeachnews","https:\/\/www.instagram.com\/miamibeachnews\/"],"description":"Die offizielle Website der Stadt Miami Beach. Bleiben Sie informiert und finden Sie wichtige Informationen zu st\u00e4dtischen Dienstleistungen, Neuigkeiten, Warnungen, Veranstaltungen, Stra\u00dfenbahnlinien, Stellenangeboten im \u00f6ffentlichen Dienst und mehr.","telephone":"305.604.CITY(2489)","legalName":"City of Miami Beach"}]}},"_links":{"self":[{"href":"https:\/\/www.miamibeachfl.gov\/de\/wp-json\/wp\/v2\/pages\/37458","targetHints":{"allow":["GET"]}}],"collection":[{"href":"https:\/\/www.miamibeachfl.gov\/de\/wp-json\/wp\/v2\/pages"}],"about":[{"href":"https:\/\/www.miamibeachfl.gov\/de\/wp-json\/wp\/v2\/types\/page"}],"author":[{"embeddable":true,"href":"https:\/\/www.miamibeachfl.gov\/de\/wp-json\/wp\/v2\/users\/222"}],"replies":[{"embeddable":true,"href":"https:\/\/www.miamibeachfl.gov\/de\/wp-json\/wp\/v2\/comments?post=37458"}],"version-history":[{"count":2,"href":"https:\/\/www.miamibeachfl.gov\/de\/wp-json\/wp\/v2\/pages\/37458\/revisions"}],"predecessor-version":[{"id":393290,"href":"https:\/\/www.miamibeachfl.gov\/de\/wp-json\/wp\/v2\/pages\/37458\/revisions\/393290"}],"up":[{"embeddable":true,"href":"https:\/\/www.miamibeachfl.gov\/de\/wp-json\/wp\/v2\/pages\/28280"}],"wp:attachment":[{"href":"https:\/\/www.miamibeachfl.gov\/de\/wp-json\/wp\/v2\/media?parent=37458"}],"wp:term":[{"taxonomy":"category","embeddable":true,"href":"https:\/\/www.miamibeachfl.gov\/de\/wp-json\/wp\/v2\/categories?post=37458"},{"taxonomy":"post_tag","embeddable":true,"href":"https:\/\/www.miamibeachfl.gov\/de\/wp-json\/wp\/v2\/tags?post=37458"}],"curies":[{"name":"wp","href":"https:\/\/api.w.org\/{rel}","templated":true}]}}