{"id":374936,"date":"2025-05-30T10:11:35","date_gmt":"2025-05-30T14:11:35","guid":{"rendered":"https:\/\/www.miamibeachfl.gov\/?page_id=374936"},"modified":"2026-01-05T14:19:16","modified_gmt":"2026-01-05T19:19:16","slug":"related-resolutions-november-4-2025","status":"publish","type":"page","link":"https:\/\/www.miamibeachfl.gov\/de\/city-hall\/city-clerk\/election-information\/related-resolutions-november-4-2025\/","title":{"rendered":"Zugeh\u00f6rige Resolutionen \u2013 4. NOVEMBER 2025"},"content":{"rendered":"<nav id=\"breadcrumbs\" aria-label=\"Paniermehl\"><a href=\"https:\/\/www.miamibeachfl.gov\/de\/\">Heim<\/a> &gt; <a href=\"https:\/\/www.miamibeachfl.gov\/de\/city-hall\/\">Rathaus<\/a> &gt; <a href=\"https:\/\/www.miamibeachfl.gov\/de\/city-hall\/city-clerk\/\">Stadtschreiber<\/a> &gt; <a href=\"https:\/\/www.miamibeachfl.gov\/de\/city-hall\/city-clerk\/election-information\/\">Wahlinformationen<\/a> &gt; <strong>Zugeh\u00f6rige Resolutionen \u2013 4. NOVEMBER 2025<\/strong><\/nav><h1>\n\t\t\tZugeh\u00f6rige Resolutionen \u2013 4. November 2025\t<\/h1>\n\t<ul>\n<li><a href=\"https:\/\/www.miamibeachfl.gov\/wp-content\/uploads\/2026\/01\/Resolution-2025-33956.pdf\">Resolution 2025-33956<\/a>: EINE RESOLUTION DES B\u00dcRGERMEISTERS UND DES STADTRATS DER STADT MIAMI BEACH, FLORIDA, ZUR ANNAHME DER ZERTIFIZIERUNG DER ERGEBNISSE DER STICHWAHL VOM 9. DEZEMBER 2025 F\u00dcR DIE STADT MIAMI BEACH UND ZUR ERKL\u00c4RUNG DER GEW\u00c4HLTEN KANDIDATEN.<\/li>\n<li><a href=\"https:\/\/www.miamibeachfl.gov\/wp-content\/uploads\/2025\/11\/Resolution-2025-33950.pdf\">Resolution 2025-33950<\/a>: EINE RESOLUTION DES B\u00dcRGERMEISTERS UND DES STADTRATS DER STADT MIAMI BEACH, FLORIDA, ZUR ANNAHME DER BESCHEINIGUNG \u00dcBER DIE ERGEBNISSE DER ALLGEMEINEN WAHLEN VOM 4. NOVEMBER 2025 F\u00dcR DIE STADT MIAMI BEACH.<\/li>\n<li><a href=\"https:\/\/www.miamibeachfl.gov\/wp-content\/uploads\/2025\/08\/Resolution-2025-33813.pdf\">Resolution 2025-33813:<\/a> EINE ENTSCHLIESSUNG DES B\u00dcRGERMEISTERS UND DER STADTKOMMISSION DER STADT MIAMI BEACH, FLORIDA, DIE DIE VERWALTUNG ERM\u00c4CHTIGT, DIE VIDEOPR\u00c4SENTATIONEN DES B\u00dcRGERMEISTERS UND DER KANDIDATEN DER KOMMISSIONSGRUPPEN I, II UND III F\u00dcR DIE ALLGEMEINEN WAHLEN AM 4. NOVEMBER 2025 AUFZUZEICHNEN UND AUF MBTV AUSZUSENDEN, UND DIE ALS IHRE GRUNDSATZERKL\u00c4RUNG DAS \u00d6FFENTLICHE ZWECK BEST\u00c4TIGT, DIE W\u00c4HLER DER STADT \u00dcBER QUALIFIZIERTE KANDIDATEN ZU INFORMIEREN, DIE SICH BEI DEN ALLGEMEINEN WAHLEN DER STADT AM 4. NOVEMBER 2025 BEWERBEN.<\/li>\n<li><a href=\"https:\/\/www.miamibeachfl.gov\/wp-content\/uploads\/2025\/08\/Resolution-2025-33812.pdf\">Resolution 2025-33812<\/a>\u00a0EIN BESCHLUSS DES B\u00dcRGERMEISTERS UND DER STADTKOMMISSION DER STADT MIAMI BEACH, FLORIDA, DER DIE VORZEITIGE WAHLABGABE F\u00dcR DIE ALLGEMEINEN WAHLEN IN MIAMI BEACH AM 4. NOVEMBER 2025 UND, FALLS ERFORDERLICH, EINE STICHWAHL AM 9. DEZEMBER 2025 AUTORISIERT UND DAS B\u00dcRO DES WAHLLEITERS DES MIAMI-DADE COUNTY ANWEIST, W\u00c4HREND DER VORZEITIGEN WAHLABGABE AN ALLEN ORTEN F\u00dcR DIE VORZEITIGE WAHL DRIVE-THROUGH-BRIEFB\u00c4UDER ZUR VERF\u00dcGUNG ZU STELLEN, UM DEN W\u00c4HLERN DIE SICHERHEIT UND RECHTZEITIGE ABGABE IHRER BRIEFWAHLSTIMMZETTEL F\u00dcR DIE ALLGEMEINEN WAHLEN IN MIAMI BEACH AM 4. NOVEMBER 2025 UND, FALLS ERFORDERLICH, DIE STICHWAHL AM 9. DEZEMBER 2025 ZU ERM\u00d6GLICHEN.<\/li>\n<li><a href=\"https:\/\/www.miamibeachfl.gov\/wp-content\/uploads\/2025\/08\/Resolution-2025-33811.pdf\">Resolution 2025-33811<\/a>\u00a0EINE ENTSCHLIESSUNG DES B\u00dcRGERMEISTERS UND DER STADTFACHKOMMISSION DER STADT MIAMI BEACH, FLORIDA, DIE EINE ALLGEMEINE WAHL AM 4. NOVEMBER 2025 IN DER STADT MIAMI BEACH ZUR WAHL EINES B\u00dcRGERMEISTERS UND DREI STADTFACHKOMMISSARE (GRUPPEN I, II UND III) VORSCHREIBT; DIE FERNER EINE STICHWAHL, FALLS ERFORDERLICH, AM 9. DEZEMBER 2025 VORSCHREIBT; DIE DURCHF\u00dcHRUNG DER GENANNTEN WAHLEN DURCH DAS B\u00dcRO DES WAHLLEITERS DES MIAMI-DADE COUNTY (B\u00dcRO DES WAHLLEITERS) VORSCHREIBT; DIE VORSCHREIBUNG, DASS DIE WAHLBEZIRKE F\u00dcR DIE GENANNTEN WAHLEN DIE VOM WAHLLEITER FESTGELEGTEN SIND; DIE VORSCHREIBUNG EINER BEKANNTMACHUNG DER GENANNTEN WAHLEN; Bereitstellung der Stimmzettel und der W\u00e4hlerregistrierung gem\u00e4\u00df den Gesetzen des jeweiligen Bundesstaates; Bereitstellung der Teilnahme der W\u00e4hler per Briefwahl an den genannten Wahlen gem\u00e4\u00df den Gesetzen des jeweiligen Bundesstaates; und Bereitstellung der Zahlung aller Kosten f\u00fcr die Durchf\u00fchrung der Wahlen.<\/li>\n<li><a href=\"https:\/\/www.miamibeachfl.gov\/wp-content\/uploads\/2025\/05\/Reso-2025-33648.pdf\">Resolution 2025-33648<\/a>: EINE ENTSCHLIESSUNG DES B\u00dcRGERMEISTERS UND DER STADTKOMMISSION VON MIAMI BEACH, FLORIDA, IN DER DIE EMPFEHLUNG DES AUSSCHUSSES F\u00dcR \u00d6FFENTLICHE SICHERHEIT UND LEBENSQUALIT\u00c4T IN DER NACHBARSCHAFT IN SEINER SITZUNG AM 9. APRIL 2025 AKZEPTIERT WIRD, (1) DIE ERWEITERUNG DER WAHLORTE F\u00dcR DIE VORZEITIGE WAHL W\u00c4HREND DER STICHWAHL 2025 (FALLS ERFORDERLICH) ZU GENEHMIGEN, UM DIE ZUG\u00c4NGLICHKEIT DER W\u00c4HLER ZU VERBESSERN, INSBESONDERE IN SOUTH BEACH W\u00c4HREND DER ART BASEL-ZEIT; UND (2) DIE BEST\u00c4TIGUNG VON PRIORIT\u00c4TSPARKPL\u00c4TZEN F\u00dcR W\u00c4HLER IM KURZZEITPARKHAUS G7 DES RATHAUSES W\u00c4HREND DER STICHWAHL 2025 (FALLS ERFORDERLICH) ZU UNTERST\u00dcTZEN; UND DIE \u00dcBERMITTLUNG DIESES PUNKTS AN DEN WAHLLEITER UND DIE UMSETZUNG DURCH DEN STADTSEKRET\u00c4R VORGESEHEN.<\/li>\n<\/ul>","protected":false},"excerpt":{"rendered":"<p>Home &gt; City Hall &gt; City Clerk &gt; Election Information &gt; Related Resolutions &#8211; NOVEMBER 4, 2025 Related Resolutions &#8211; [&hellip;]<\/p>\n","protected":false},"author":222,"featured_media":0,"parent":28358,"menu_order":78,"comment_status":"closed","ping_status":"closed","template":"","meta":{"_searchwp_excluded":"","site-sidebar-layout":"default","site-content-layout":"","ast-site-content-layout":"default","site-content-style":"default","site-sidebar-style":"default","ast-global-header-display":"","ast-banner-title-visibility":"","ast-main-header-display":"","ast-hfb-above-header-display":"","ast-hfb-below-header-display":"","ast-hfb-mobile-header-display":"","site-post-title":"","ast-breadcrumbs-content":"","ast-featured-img":"","footer-sml-layout":"","theme-transparent-header-meta":"","adv-header-id-meta":"","stick-header-meta":"","header-above-stick-meta":"","header-main-stick-meta":"","header-below-stick-meta":"","astra-migrate-meta-layouts":"default","ast-page-background-enabled":"default","ast-page-background-meta":{"desktop":{"background-color":"var(--ast-global-color-5)","background-image":"","background-repeat":"repeat","background-position":"center center","background-size":"auto","background-attachment":"scroll","background-type":"","background-media":"","overlay-type":"","overlay-color":"","overlay-opacity":"","overlay-gradient":""},"tablet":{"background-color":"","background-image":"","background-repeat":"repeat","background-position":"center center","background-size":"auto","background-attachment":"scroll","background-type":"","background-media":"","overlay-type":"","overlay-color":"","overlay-opacity":"","overlay-gradient":""},"mobile":{"background-color":"","background-image":"","background-repeat":"repeat","background-position":"center center","background-size":"auto","background-attachment":"scroll","background-type":"","background-media":"","overlay-type":"","overlay-color":"","overlay-opacity":"","overlay-gradient":""}},"ast-content-background-meta":{"desktop":{"background-color":"var(--ast-global-color-4)","background-image":"","background-repeat":"repeat","background-position":"center center","background-size":"auto","background-attachment":"scroll","background-type":"","background-media":"","overlay-type":"","overlay-color":"","overlay-opacity":"","overlay-gradient":""},"tablet":{"background-color":"var(--ast-global-color-4)","background-image":"","background-repeat":"repeat","background-position":"center center","background-size":"auto","background-attachment":"scroll","background-type":"","background-media":"","overlay-type":"","overlay-color":"","overlay-opacity":"","overlay-gradient":""},"mobile":{"background-color":"var(--ast-global-color-4)","background-image":"","background-repeat":"repeat","background-position":"center center","background-size":"auto","background-attachment":"scroll","background-type":"","background-media":"","overlay-type":"","overlay-color":"","overlay-opacity":"","overlay-gradient":""}},"footnotes":""},"categories":[1],"tags":[],"class_list":["post-374936","page","type-page","status-publish","hentry","category-uncategorized"],"yoast_head":"<!-- This site is optimized with the Yoast SEO Premium plugin v26.6 (Yoast SEO v26.6) - https:\/\/yoast.com\/wordpress\/plugins\/seo\/ -->\n<title>Related Resolutions - NOVEMBER 4, 2025 - City of Miami Beach<\/title>\n<meta name=\"description\" content=\"%\" \/>\n<meta name=\"robots\" content=\"index, follow, max-snippet:-1, max-image-preview:large, max-video-preview:-1\" \/>\n<link rel=\"canonical\" href=\"https:\/\/www.miamibeachfl.gov\/de\/city-hall\/city-clerk\/election-information\/related-resolutions-november-4-2025\/\" \/>\n<meta property=\"og:locale\" content=\"de_DE\" \/>\n<meta property=\"og:type\" content=\"article\" \/>\n<meta property=\"og:title\" content=\"Related Resolutions - NOVEMBER 4, 2025\" \/>\n<meta property=\"og:description\" content=\"%\" \/>\n<meta property=\"og:url\" content=\"https:\/\/www.miamibeachfl.gov\/de\/city-hall\/city-clerk\/election-information\/related-resolutions-november-4-2025\/\" \/>\n<meta property=\"og:site_name\" content=\"City of Miami Beach\" \/>\n<meta property=\"article:publisher\" content=\"https:\/\/www.facebook.com\/cityofmiamibeach\" \/>\n<meta property=\"article:modified_time\" content=\"2026-01-05T19:19:16+00:00\" \/>\n<meta property=\"og:image\" content=\"https:\/\/www.miamibeachfl.gov\/wp-content\/uploads\/2024\/01\/1000pxSquare-miamibeach-aerial-southpointview.jpeg\" \/>\n\t<meta property=\"og:image:width\" content=\"1000\" \/>\n\t<meta property=\"og:image:height\" content=\"1000\" \/>\n\t<meta property=\"og:image:type\" content=\"image\/jpeg\" \/>\n<meta name=\"twitter:card\" content=\"summary_large_image\" \/>\n<meta name=\"twitter:site\" content=\"@Miamibeachnews\" \/>\n<script type=\"application\/ld+json\" class=\"yoast-schema-graph\">{\"@context\":\"https:\/\/schema.org\",\"@graph\":[{\"@type\":\"WebPage\",\"@id\":\"https:\/\/www.miamibeachfl.gov\/city-hall\/city-clerk\/election-information\/related-resolutions-november-4-2025\/\",\"url\":\"https:\/\/www.miamibeachfl.gov\/city-hall\/city-clerk\/election-information\/related-resolutions-november-4-2025\/\",\"name\":\"Related Resolutions - NOVEMBER 4, 2025 - City of Miami Beach\",\"isPartOf\":{\"@id\":\"https:\/\/www.miamibeachfl.gov\/#website\"},\"datePublished\":\"2025-05-30T14:11:35+00:00\",\"dateModified\":\"2026-01-05T19:19:16+00:00\",\"description\":\"%\",\"breadcrumb\":{\"@id\":\"https:\/\/www.miamibeachfl.gov\/city-hall\/city-clerk\/election-information\/related-resolutions-november-4-2025\/#breadcrumb\"},\"inLanguage\":\"de\",\"potentialAction\":[{\"@type\":\"ReadAction\",\"target\":[\"https:\/\/www.miamibeachfl.gov\/city-hall\/city-clerk\/election-information\/related-resolutions-november-4-2025\/\"]}]},{\"@type\":\"BreadcrumbList\",\"@id\":\"https:\/\/www.miamibeachfl.gov\/city-hall\/city-clerk\/election-information\/related-resolutions-november-4-2025\/#breadcrumb\",\"itemListElement\":[{\"@type\":\"ListItem\",\"position\":1,\"name\":\"Home\",\"item\":\"https:\/\/www.miamibeachfl.gov\/\"},{\"@type\":\"ListItem\",\"position\":2,\"name\":\"City Hall\",\"item\":\"https:\/\/www.miamibeachfl.gov\/city-hall\/\"},{\"@type\":\"ListItem\",\"position\":3,\"name\":\"City Clerk\",\"item\":\"https:\/\/www.miamibeachfl.gov\/city-hall\/city-clerk\/\"},{\"@type\":\"ListItem\",\"position\":4,\"name\":\"Election Information\",\"item\":\"https:\/\/www.miamibeachfl.gov\/city-hall\/city-clerk\/election-information\/\"},{\"@type\":\"ListItem\",\"position\":5,\"name\":\"Related Resolutions &#8211; NOVEMBER 4, 2025\"}]},{\"@type\":\"WebSite\",\"@id\":\"https:\/\/www.miamibeachfl.gov\/#website\",\"url\":\"https:\/\/www.miamibeachfl.gov\/\",\"name\":\"City of Miami Beach\",\"description\":\"The official website of the City of Miami Beach. Stay informed, find important information on city services, news, alerts, events, trolley routes, government employment and more.\",\"publisher\":{\"@id\":\"https:\/\/www.miamibeachfl.gov\/#organization\"},\"potentialAction\":[{\"@type\":\"SearchAction\",\"target\":{\"@type\":\"EntryPoint\",\"urlTemplate\":\"https:\/\/www.miamibeachfl.gov\/?s={search_term_string}\"},\"query-input\":{\"@type\":\"PropertyValueSpecification\",\"valueRequired\":true,\"valueName\":\"search_term_string\"}}],\"inLanguage\":\"de\"},{\"@type\":\"Organization\",\"@id\":\"https:\/\/www.miamibeachfl.gov\/#organization\",\"name\":\"City of Miami Beach\",\"url\":\"https:\/\/www.miamibeachfl.gov\/\",\"logo\":{\"@type\":\"ImageObject\",\"inLanguage\":\"de\",\"@id\":\"https:\/\/www.miamibeachfl.gov\/#\/schema\/logo\/image\/\",\"url\":\"https:\/\/www.miamibeachfl.gov\/wp-content\/uploads\/2022\/06\/miamibeach-logoblue.png\",\"contentUrl\":\"https:\/\/www.miamibeachfl.gov\/wp-content\/uploads\/2022\/06\/miamibeach-logoblue.png\",\"width\":1962,\"height\":381,\"caption\":\"City of Miami Beach\"},\"image\":{\"@id\":\"https:\/\/www.miamibeachfl.gov\/#\/schema\/logo\/image\/\"},\"sameAs\":[\"https:\/\/www.facebook.com\/cityofmiamibeach\",\"https:\/\/x.com\/Miamibeachnews\",\"https:\/\/www.instagram.com\/miamibeachnews\/\"],\"description\":\"The official website of the City of Miami Beach. Stay informed, find important information on city services, news, alerts, events, trolley routes, government employment and more.\",\"telephone\":\"305.604.CITY(2489)\",\"legalName\":\"City of Miami Beach\"}]}<\/script>\n<!-- \/ Yoast SEO Premium plugin. -->","yoast_head_json":{"title":"Zugeh\u00f6rige Resolutionen \u2013 4. NOVEMBER 2025 \u2013 Stadt Miami Beach","description":"%","robots":{"index":"index","follow":"follow","max-snippet":"max-snippet:-1","max-image-preview":"max-image-preview:large","max-video-preview":"max-video-preview:-1"},"canonical":"https:\/\/www.miamibeachfl.gov\/de\/city-hall\/city-clerk\/election-information\/related-resolutions-november-4-2025\/","og_locale":"de_DE","og_type":"article","og_title":"Related Resolutions - NOVEMBER 4, 2025","og_description":"%","og_url":"https:\/\/www.miamibeachfl.gov\/de\/city-hall\/city-clerk\/election-information\/related-resolutions-november-4-2025\/","og_site_name":"City of Miami Beach","article_publisher":"https:\/\/www.facebook.com\/cityofmiamibeach","article_modified_time":"2026-01-05T19:19:16+00:00","og_image":[{"width":1000,"height":1000,"url":"https:\/\/www.miamibeachfl.gov\/wp-content\/uploads\/2024\/01\/1000pxSquare-miamibeach-aerial-southpointview.jpeg","type":"image\/jpeg"}],"twitter_card":"summary_large_image","twitter_site":"@Miamibeachnews","schema":{"@context":"https:\/\/schema.org","@graph":[{"@type":"WebPage","@id":"https:\/\/www.miamibeachfl.gov\/city-hall\/city-clerk\/election-information\/related-resolutions-november-4-2025\/","url":"https:\/\/www.miamibeachfl.gov\/city-hall\/city-clerk\/election-information\/related-resolutions-november-4-2025\/","name":"Zugeh\u00f6rige Resolutionen \u2013 4. NOVEMBER 2025 \u2013 Stadt Miami Beach","isPartOf":{"@id":"https:\/\/www.miamibeachfl.gov\/#website"},"datePublished":"2025-05-30T14:11:35+00:00","dateModified":"2026-01-05T19:19:16+00:00","description":"%","breadcrumb":{"@id":"https:\/\/www.miamibeachfl.gov\/city-hall\/city-clerk\/election-information\/related-resolutions-november-4-2025\/#breadcrumb"},"inLanguage":"de","potentialAction":[{"@type":"ReadAction","target":["https:\/\/www.miamibeachfl.gov\/city-hall\/city-clerk\/election-information\/related-resolutions-november-4-2025\/"]}]},{"@type":"BreadcrumbList","@id":"https:\/\/www.miamibeachfl.gov\/city-hall\/city-clerk\/election-information\/related-resolutions-november-4-2025\/#breadcrumb","itemListElement":[{"@type":"ListItem","position":1,"name":"Home","item":"https:\/\/www.miamibeachfl.gov\/"},{"@type":"ListItem","position":2,"name":"City Hall","item":"https:\/\/www.miamibeachfl.gov\/city-hall\/"},{"@type":"ListItem","position":3,"name":"City Clerk","item":"https:\/\/www.miamibeachfl.gov\/city-hall\/city-clerk\/"},{"@type":"ListItem","position":4,"name":"Election Information","item":"https:\/\/www.miamibeachfl.gov\/city-hall\/city-clerk\/election-information\/"},{"@type":"ListItem","position":5,"name":"Related Resolutions &#8211; NOVEMBER 4, 2025"}]},{"@type":"WebSite","@id":"https:\/\/www.miamibeachfl.gov\/#website","url":"https:\/\/www.miamibeachfl.gov\/","name":"Stadt Miami Beach","description":"Die offizielle Website der Stadt Miami Beach. Bleiben Sie informiert und finden Sie wichtige Informationen zu st\u00e4dtischen Dienstleistungen, Neuigkeiten, Warnungen, Veranstaltungen, Stra\u00dfenbahnlinien, Stellenangeboten im \u00f6ffentlichen Dienst und mehr.","publisher":{"@id":"https:\/\/www.miamibeachfl.gov\/#organization"},"potentialAction":[{"@type":"SearchAction","target":{"@type":"EntryPoint","urlTemplate":"https:\/\/www.miamibeachfl.gov\/?s={search_term_string}"},"query-input":{"@type":"PropertyValueSpecification","valueRequired":true,"valueName":"search_term_string"}}],"inLanguage":"de"},{"@type":"Organization","@id":"https:\/\/www.miamibeachfl.gov\/#organization","name":"Stadt Miami Beach","url":"https:\/\/www.miamibeachfl.gov\/","logo":{"@type":"ImageObject","inLanguage":"de","@id":"https:\/\/www.miamibeachfl.gov\/#\/schema\/logo\/image\/","url":"https:\/\/www.miamibeachfl.gov\/wp-content\/uploads\/2022\/06\/miamibeach-logoblue.png","contentUrl":"https:\/\/www.miamibeachfl.gov\/wp-content\/uploads\/2022\/06\/miamibeach-logoblue.png","width":1962,"height":381,"caption":"City of Miami Beach"},"image":{"@id":"https:\/\/www.miamibeachfl.gov\/#\/schema\/logo\/image\/"},"sameAs":["https:\/\/www.facebook.com\/cityofmiamibeach","https:\/\/x.com\/Miamibeachnews","https:\/\/www.instagram.com\/miamibeachnews\/"],"description":"Die offizielle Website der Stadt Miami Beach. Bleiben Sie informiert und finden Sie wichtige Informationen zu st\u00e4dtischen Dienstleistungen, Neuigkeiten, Warnungen, Veranstaltungen, Stra\u00dfenbahnlinien, Stellenangeboten im \u00f6ffentlichen Dienst und mehr.","telephone":"305.604.CITY(2489)","legalName":"City of Miami Beach"}]}},"_links":{"self":[{"href":"https:\/\/www.miamibeachfl.gov\/de\/wp-json\/wp\/v2\/pages\/374936","targetHints":{"allow":["GET"]}}],"collection":[{"href":"https:\/\/www.miamibeachfl.gov\/de\/wp-json\/wp\/v2\/pages"}],"about":[{"href":"https:\/\/www.miamibeachfl.gov\/de\/wp-json\/wp\/v2\/types\/page"}],"author":[{"embeddable":true,"href":"https:\/\/www.miamibeachfl.gov\/de\/wp-json\/wp\/v2\/users\/222"}],"replies":[{"embeddable":true,"href":"https:\/\/www.miamibeachfl.gov\/de\/wp-json\/wp\/v2\/comments?post=374936"}],"version-history":[{"count":9,"href":"https:\/\/www.miamibeachfl.gov\/de\/wp-json\/wp\/v2\/pages\/374936\/revisions"}],"predecessor-version":[{"id":394498,"href":"https:\/\/www.miamibeachfl.gov\/de\/wp-json\/wp\/v2\/pages\/374936\/revisions\/394498"}],"up":[{"embeddable":true,"href":"https:\/\/www.miamibeachfl.gov\/de\/wp-json\/wp\/v2\/pages\/28358"}],"wp:attachment":[{"href":"https:\/\/www.miamibeachfl.gov\/de\/wp-json\/wp\/v2\/media?parent=374936"}],"wp:term":[{"taxonomy":"category","embeddable":true,"href":"https:\/\/www.miamibeachfl.gov\/de\/wp-json\/wp\/v2\/categories?post=374936"},{"taxonomy":"post_tag","embeddable":true,"href":"https:\/\/www.miamibeachfl.gov\/de\/wp-json\/wp\/v2\/tags?post=374936"}],"curies":[{"name":"wp","href":"https:\/\/api.w.org\/{rel}","templated":true}]}}