{"id":385722,"date":"2025-07-01T14:38:27","date_gmt":"2025-07-01T18:38:27","guid":{"rendered":"https:\/\/www.miamibeachfl.gov\/?page_id=385722"},"modified":"2026-05-06T08:10:26","modified_gmt":"2026-05-06T12:10:26","slug":"bluezones","status":"publish","type":"page","link":"https:\/\/www.miamibeachfl.gov\/de\/bluezones\/","title":{"rendered":"Blaue Zonen"},"content":{"rendered":"<figure itemscope itemtype=\"https:\/\/schema.org\/ImageObject\">\n\t\t\t\t<img decoding=\"async\" src=\"https:\/\/www.miamibeachfl.gov\/wp-content\/uploads\/2025\/07\/bluezones_logo_og2.png\" alt=\"blue zones logo\" height=\"109\" width=\"555\" title=\"bluezones_logo_og2\" onerror=\"this.style.display='none'\" loading=\"lazy\" \/>\n\t<\/figure>\n<h1>\n\t\t<a href=\"https:\/\/www.bluezones.com\/ignite-miami-beach\/\" title=\"Seien Sie dabei, wenn wir Miami Beach zum Leuchten bringen\"  target=\"_blank\"  rel=\"noopener\">\n\t\t\tSeien Sie dabei, wenn wir Miami Beach zum Leuchten bringen\t\t<\/a>\n\t<\/h1>\n\t<p>Miami Beach beteiligt sich an einer globalen Bewegung zur Verbesserung der Gesundheit und des Wohlbefindens an den Orten, an denen wir leben, arbeiten, lernen und spielen.<\/p>\n<p><a href=\"https:\/\/www.bluezones.com\/\"><strong>Erfahren Sie mehr \u00fcber Blue Zones<\/strong><\/a><\/p>\n\t\t\t\t\t\t\t<img loading=\"lazy\" decoding=\"async\" src=\"https:\/\/www.miamibeachfl.gov\/wp-content\/uploads\/2025\/07\/bluezonesassessmentthumb.jpg\" alt=\"blue zones assessment report thumbnail\" width=\"300\" height=\"230\" \/>\n\t\t\t\t\t\t<h4>Bewertungsbericht zu den Blue Zones<\/h4>\t\t\t\t\t\n\t\t\t\t\t<p>In diesem Bericht wird die von Blue Zones erstellte Analyse der St\u00e4rken und Herausforderungen behandelt, die von der Stadt Miami Beach ber\u00fccksichtigt werden m\u00fcssen.<\/p>\t\t\t\t\n\t\t\t<a href=\"https:\/\/www.flipsnack.com\/bluezones\/blue-zones-miami-beach-report\/full-view.html\"  target=\"_blank\" rel=\"noopener\">\n\t\t\t\t\t\t\tLesen Sie den Bericht\n\t\t\t<\/a>\n<h2>\n\t\t\tPhase 1 | Vergangene Veranstaltungen\t<\/h2>\n\t<p>Am 5. Februar 2025 startete die Stadt Miami Beach \u201eBlue Zones Ignite\u201c, eine sechsmonatige Wohlf\u00fchlinitiative, die f\u00fchrende Pers\u00f6nlichkeiten aus der Stadt und der Gemeinde zusammenbringt, um Verbesserungen des Wohlbefindens zu initiieren und den Einwohnern ein langes, gesundes und gl\u00fcckliches Leben zu erm\u00f6glichen.<\/p>\n\t\t\t\t\t\t\t<img loading=\"lazy\" decoding=\"async\" src=\"https:\/\/www.miamibeachfl.gov\/wp-content\/uploads\/2025\/07\/bluezones-video1.jpg\" alt=\"blue zones go to video thumbnail\" width=\"400\" height=\"222\" \/>\n\t\t\t\t\t\t<h2>Blue Zones 2.5.25 Ignite Miami Beach Keynote:<\/h2>\t\t\t\t\t\n\t\t\t\t\t<p>Die Veranstaltung fand im Truist Pavilion des New World Center statt, um die Geschichte der Blue Zones vorzustellen und die Arbeit des Expertenteams in unserer Gemeinde zur Verbesserung des Wohlbefindens zu starten. Das Team rief Gemeindevorsteher und Einwohner dazu auf, mehr \u00fcber unsere Stadt zu erfahren und gemeinsam einen Plan f\u00fcr Ver\u00e4nderungen zu entwickeln.<\/p>\t\t\t\t\n\t\t\t<a href=\"https:\/\/www.youtube.com\/watch?v=q4G_V3mwkGA\"  target=\"_blank\" rel=\"noopener\">\n\t\t\t\t\t\t\tVideo ansehen\n\t\t\t<\/a>\n\t\t\t\t\t\t\t<img loading=\"lazy\" decoding=\"async\" src=\"https:\/\/www.miamibeachfl.gov\/wp-content\/uploads\/2025\/07\/bluezones-video2.jpg\" alt=\"blue zones go to video thumbnail\" width=\"400\" height=\"222\" \/>\n\t\t\t\t\t\t<h2>Blue Zones 23.06.2025 Community-Auskunft:<\/h2>\t\t\t\t\t\n\t\t\t\t\t<p>Veranstaltung im Botanischen Garten von Miami Beach zur Vorstellung der Ergebnisse unserer \u201eBlue Zones Ignite\u201c-Bewertung. Diese umfassende Bereitschafts- und Machbarkeitsbewertung ist der erste Schritt, um Miami Beach zu einer \u201eBlue Zones\u201c-Stadt zu machen.<\/p>\t\t\t\t\n\t\t\t<a href=\"https:\/\/www.youtube.com\/watch?v=Xqd2DdGHZp8\"  target=\"_blank\" rel=\"noopener\">\n\t\t\t\t\t\t\tVideo ansehen\n\t\t\t<\/a>\n\t\t\t<a href=\"https:\/\/www.miamibeachfl.gov\/wp-content\/uploads\/2025\/07\/BlueZones_Report_Community_Readout_Pres.pdf\"  target=\"_blank\" rel=\"noopener\">\n\t\t\t\t\t\t\tPr\u00e4sentation ansehen\n\t\t\t<\/a>\n<h2>\n\t\t\t\u00dcber Initiativen\t<\/h2>\n\t<p>Die Stadt Miami Beach hat es sich zur Aufgabe gemacht, allen, die in unserer lebendigen, tropischen und historischen Gemeinde leben, arbeiten und ihre Freizeit verbringen, exzellente \u00f6ffentliche Dienstleistungen und Sicherheit zu bieten. Mit hervorragenden Gesundheitseinrichtungen, aktiven Transportm\u00f6glichkeiten und einer F\u00fclle gesunder Outdoor-Aktivit\u00e4ten haben wir eine Grundlage geschaffen, die das Wohlbefinden unserer gesamten Gemeinde f\u00f6rdert.<\/p>\n<p>Durch die Integration von Blue Zones in unsere Initiativen m\u00f6chten wir unseren Einfluss ausweiten und eine strahlende, gesunde Zukunft f\u00fcr alle Einwohner schaffen, um den langfristigen Erfolg aller Menschen zu sichern, die in Miami Beach leben und arbeiten.<\/p>\n<p>\ud83c\udf0d<a href=\"https:\/\/www.bluezones.com\/2016\/11\/power-9\/\">Power 9\u00ae<\/a><\/p>\n<p><em>Gewohnheiten, die den Lebensstil und das Umfeld von Gemeinschaften pr\u00e4gen, in denen die Menschen am l\u00e4ngsten und ges\u00fcndesten leben.<\/em><\/p>\n<p><a href=\"https:\/\/www.bluezones.com\/live-longer-better\/life-radius\/\">\u00a0Lebensradius\u00ae<\/a><\/p>\n<p><em>Der Schwerpunkt der Transformationen lag auf der Optimierung des Wohnumfelds, in dem wir 90 Prozent unseres Lebens verbringen.<\/em><\/p>\n<h2>\n\t\t\tBlue Zones Miami Beach in den Nachrichten\t<\/h2>\n\t<ul>\n<li>\n<ul>\n<li><strong><a href=\"https:\/\/www.miamibeachfl.gov\/wp-content\/uploads\/2026\/05\/Blue-Zone.pdf\">Lebensstile in S\u00fcdflorida: Gutes Leben<\/a><\/strong><\/li>\n<li><a href=\"https:\/\/www.miamitodaynews.com\/2026\/04\/29\/fall-start-due-for-miami-beach-blue-zones-strategy\/\"><strong>Miami Today: Herbststart f\u00fcr die Blue-Zones-Strategie von Miami Beach geplant<\/strong><\/a><\/li>\n<li><strong><a href=\"https:\/\/www.miamibeachfl.gov\/wp-content\/uploads\/2025\/07\/Miami-Today-e-Edition-Miami-Today-07032025-e-Edition-8.pdf\">Miami Today: Miami Beach sucht j\u00e4hrlich $1,5 Millionen Geldgeber f\u00fcr die Blue Zones<\/a><\/strong><\/li>\n<li><strong><a href=\"https:\/\/www.miamitodaynews.com\/2025\/06\/25\/miami-beach-moving-closer-to-becoming-blue-zones-city\/\">Miami Today: Miami Beach r\u00fcckt n\u00e4her daran, eine Stadt der Blauen Zone zu werden<\/a><\/strong><\/li>\n<li><strong><a href=\"https:\/\/www.miamiherald.com\/news\/health-care\/article299700669.html\">Miami Herald: Kann Miami Beach ein ges\u00fcnderer Ort zum Leben sein? So funktioniert eine \u201eBlaue Zone\u201c<\/a><\/strong><\/li>\n<li><a href=\"https:\/\/www.miamiherald.com\/news\/health-care\/article298171243.html\"><strong>Miami Herald: Miami Beach will die n\u00e4chste Blaue Zone werden. Das k\u00f6nnte das f\u00fcr Ihre Gesundheit bedeuten<\/strong><\/a><\/li>\n<li><a href=\"https:\/\/www.realtor.com\/news\/trends\/miami-beach-florida-blue-zone-cities-healthy-living\/\"><strong>Realtor.com: Miami Beach will die n\u00e4chste \u201eBlue Zone\u201c werden \u2013 wie wird es dorthin gelangen?<\/strong><\/a><\/li>\n<li><a href=\"https:\/\/www.miamitodaynews.com\/2025\/01\/08\/miami-beach-set-to-take-big-step-to-join-blue-zones\/\"><strong>Miami Today: Miami Beach steht kurz vor dem Beitritt zu den Blue Zones<\/strong><\/a><\/li>\n<li><a href=\"https:\/\/www.miamitodaynews.com\/breaking\/beach-budgets-to-assess-becoming-a-blue-zone-city\/#google_vignette\"><strong>Miami Today: Strandbudgets pr\u00fcfen, ob Miami eine \u201eBlue Zone\u201c-Stadt wird<\/strong><\/a><\/li>\n<li><strong><a href=\"https:\/\/www.youtube.com\/watch?v=PBtxaUKahhU\">Der Podcast-Trailer von Dan Buettner<\/a><\/strong><\/li>\n<li><strong><a href=\"https:\/\/www.miamitodaynews.com\/2025\/09\/10\/miami-beach-follows-four-year-path-to-be-blue-zone-city\/#google_vignette\" target=\"_blank\" rel=\"noopener\">Miami Beach folgt vier Jahren Weg zur Blue-Zone-Stadt<\/a><br \/>\n<\/strong><\/li>\n<li><strong><a href=\"https:\/\/refreshmiami.com\/news\/with-an-assist-from-tech-could-miami-beach-become-a-healthier-and-happier-blue-zone\/\">With an assist from tech, could Miami Beach become a healthier and happier &#8216;Blue Zone&#8217;? &#8211; Refresh Miami<\/a><\/strong><\/li>\n<li><a href=\"https:\/\/www.miamitodaynews.com\/2026\/01\/07\/team-seeks-8-million-to-make-miami-beach-a-blue-zone\/\"><strong>Das Team strebt 1,44 Milliarden US-Dollar an, um Miami Beach zu einer Blauen Zone zu machen.<\/strong><\/a><\/li>\n<\/ul>\n<\/li>\n<\/ul>\n<p>&nbsp;<\/p>\n\t<div class=\"page-navigation\"><a class=\"prev-page\" href=\"https:\/\/www.miamibeachfl.gov\/de\/business-open-change-relocation\/\">\u2190 Er\u00f6ffnung, \u00c4nderung oder Umzug eines Unternehmens<\/a> <a class=\"next-page\" href=\"https:\/\/www.miamibeachfl.gov\/de\/projects\/sunset-islands-2-3-infrastructure-improvements\/\">Infrastrukturverbesserungen f\u00fcr Sunset Islands 2 und 3 \u2192<\/a><\/div>","protected":false},"excerpt":{"rendered":"<p>Join Us as We Ignite Miami Beach Miami Beach is participating in a global movement to improve health and well-being [&hellip;]<\/p>\n","protected":false},"author":222,"featured_media":385729,"parent":0,"menu_order":0,"comment_status":"closed","ping_status":"closed","template":"","meta":{"_searchwp_excluded":"","site-sidebar-layout":"default","site-content-layout":"","ast-site-content-layout":"default","site-content-style":"default","site-sidebar-style":"default","ast-global-header-display":"","ast-banner-title-visibility":"","ast-main-header-display":"","ast-hfb-above-header-display":"","ast-hfb-below-header-display":"","ast-hfb-mobile-header-display":"","site-post-title":"","ast-breadcrumbs-content":"","ast-featured-img":"","footer-sml-layout":"","ast-disable-related-posts":"","theme-transparent-header-meta":"","adv-header-id-meta":"","stick-header-meta":"","header-above-stick-meta":"","header-main-stick-meta":"","header-below-stick-meta":"","astra-migrate-meta-layouts":"default","ast-page-background-enabled":"default","ast-page-background-meta":{"desktop":{"background-color":"var(--ast-global-color-5)","background-image":"","background-repeat":"repeat","background-position":"center center","background-size":"auto","background-attachment":"scroll","background-type":"","background-media":"","overlay-type":"","overlay-color":"","overlay-opacity":"","overlay-gradient":""},"tablet":{"background-color":"","background-image":"","background-repeat":"repeat","background-position":"center center","background-size":"auto","background-attachment":"scroll","background-type":"","background-media":"","overlay-type":"","overlay-color":"","overlay-opacity":"","overlay-gradient":""},"mobile":{"background-color":"","background-image":"","background-repeat":"repeat","background-position":"center center","background-size":"auto","background-attachment":"scroll","background-type":"","background-media":"","overlay-type":"","overlay-color":"","overlay-opacity":"","overlay-gradient":""}},"ast-content-background-meta":{"desktop":{"background-color":"var(--ast-global-color-4)","background-image":"","background-repeat":"repeat","background-position":"center center","background-size":"auto","background-attachment":"scroll","background-type":"","background-media":"","overlay-type":"","overlay-color":"","overlay-opacity":"","overlay-gradient":""},"tablet":{"background-color":"var(--ast-global-color-4)","background-image":"","background-repeat":"repeat","background-position":"center center","background-size":"auto","background-attachment":"scroll","background-type":"","background-media":"","overlay-type":"","overlay-color":"","overlay-opacity":"","overlay-gradient":""},"mobile":{"background-color":"var(--ast-global-color-4)","background-image":"","background-repeat":"repeat","background-position":"center center","background-size":"auto","background-attachment":"scroll","background-type":"","background-media":"","overlay-type":"","overlay-color":"","overlay-opacity":"","overlay-gradient":""}},"footnotes":""},"categories":[],"tags":[],"class_list":["post-385722","page","type-page","status-publish","has-post-thumbnail","hentry"],"yoast_head":"<!-- This site is optimized with the Yoast SEO Premium plugin v27.4 (Yoast SEO v27.4) - https:\/\/yoast.com\/product\/yoast-seo-premium-wordpress\/ -->\n<title>Blue Zones - City of Miami Beach<\/title>\n<meta name=\"description\" content=\"Miami Beach is participating in a global movement to improve health and well-being in the places we live, work, learn and play.\" \/>\n<meta name=\"robots\" content=\"index, follow, max-snippet:-1, max-image-preview:large, max-video-preview:-1\" \/>\n<link rel=\"canonical\" href=\"https:\/\/www.miamibeachfl.gov\/de\/bluezones\/\" \/>\n<meta property=\"og:locale\" content=\"de_DE\" \/>\n<meta property=\"og:type\" content=\"article\" \/>\n<meta property=\"og:title\" content=\"Blue Zones\" \/>\n<meta property=\"og:description\" content=\"Miami Beach is participating in a global movement to improve health and well-being in the places we live, work, learn and play.\" \/>\n<meta property=\"og:url\" content=\"https:\/\/www.miamibeachfl.gov\/de\/bluezones\/\" \/>\n<meta property=\"og:site_name\" content=\"City of Miami Beach\" \/>\n<meta property=\"article:publisher\" content=\"https:\/\/www.facebook.com\/cityofmiamibeach\" \/>\n<meta property=\"article:modified_time\" content=\"2026-05-06T12:10:26+00:00\" \/>\n<meta property=\"og:image\" content=\"https:\/\/www.miamibeachfl.gov\/wp-content\/uploads\/2025\/07\/bluezones_logo_og.png\" \/>\n\t<meta property=\"og:image:width\" content=\"555\" \/>\n\t<meta property=\"og:image:height\" content=\"109\" \/>\n\t<meta property=\"og:image:type\" content=\"image\/png\" \/>\n<meta name=\"twitter:card\" content=\"summary_large_image\" \/>\n<meta name=\"twitter:site\" content=\"@Miamibeachnews\" \/>\n<script type=\"application\/ld+json\" class=\"yoast-schema-graph\">{\"@context\":\"https:\\\/\\\/schema.org\",\"@graph\":[{\"@type\":\"WebPage\",\"@id\":\"https:\\\/\\\/www.miamibeachfl.gov\\\/bluezones\\\/\",\"url\":\"https:\\\/\\\/www.miamibeachfl.gov\\\/bluezones\\\/\",\"name\":\"Blue Zones - City of Miami Beach\",\"isPartOf\":{\"@id\":\"https:\\\/\\\/www.miamibeachfl.gov\\\/#website\"},\"primaryImageOfPage\":{\"@id\":\"https:\\\/\\\/www.miamibeachfl.gov\\\/bluezones\\\/#primaryimage\"},\"image\":{\"@id\":\"https:\\\/\\\/www.miamibeachfl.gov\\\/bluezones\\\/#primaryimage\"},\"thumbnailUrl\":\"https:\\\/\\\/www.miamibeachfl.gov\\\/wp-content\\\/uploads\\\/2025\\\/07\\\/bluezones_logo_og.png\",\"datePublished\":\"2025-07-01T18:38:27+00:00\",\"dateModified\":\"2026-05-06T12:10:26+00:00\",\"description\":\"Miami Beach is participating in a global movement to improve health and well-being in the places we live, work, learn and play.\",\"breadcrumb\":{\"@id\":\"https:\\\/\\\/www.miamibeachfl.gov\\\/bluezones\\\/#breadcrumb\"},\"inLanguage\":\"de\",\"potentialAction\":[{\"@type\":\"ReadAction\",\"target\":[\"https:\\\/\\\/www.miamibeachfl.gov\\\/bluezones\\\/\"]}]},{\"@type\":\"ImageObject\",\"inLanguage\":\"de\",\"@id\":\"https:\\\/\\\/www.miamibeachfl.gov\\\/bluezones\\\/#primaryimage\",\"url\":\"https:\\\/\\\/www.miamibeachfl.gov\\\/wp-content\\\/uploads\\\/2025\\\/07\\\/bluezones_logo_og.png\",\"contentUrl\":\"https:\\\/\\\/www.miamibeachfl.gov\\\/wp-content\\\/uploads\\\/2025\\\/07\\\/bluezones_logo_og.png\",\"width\":555,\"height\":109,\"caption\":\"blue zones logo\"},{\"@type\":\"BreadcrumbList\",\"@id\":\"https:\\\/\\\/www.miamibeachfl.gov\\\/bluezones\\\/#breadcrumb\",\"itemListElement\":[{\"@type\":\"ListItem\",\"position\":1,\"name\":\"Home\",\"item\":\"https:\\\/\\\/www.miamibeachfl.gov\\\/\"},{\"@type\":\"ListItem\",\"position\":2,\"name\":\"Blue Zones\"}]},{\"@type\":\"WebSite\",\"@id\":\"https:\\\/\\\/www.miamibeachfl.gov\\\/#website\",\"url\":\"https:\\\/\\\/www.miamibeachfl.gov\\\/\",\"name\":\"City of Miami Beach\",\"description\":\"The official website of the City of Miami Beach. Stay informed, find important information on city services, news, alerts, events, trolley routes, government employment and more.\",\"publisher\":{\"@id\":\"https:\\\/\\\/www.miamibeachfl.gov\\\/#organization\"},\"potentialAction\":[{\"@type\":\"SearchAction\",\"target\":{\"@type\":\"EntryPoint\",\"urlTemplate\":\"https:\\\/\\\/www.miamibeachfl.gov\\\/?s={search_term_string}\"},\"query-input\":{\"@type\":\"PropertyValueSpecification\",\"valueRequired\":true,\"valueName\":\"search_term_string\"}}],\"inLanguage\":\"de\"},{\"@type\":\"Organization\",\"@id\":\"https:\\\/\\\/www.miamibeachfl.gov\\\/#organization\",\"name\":\"City of Miami Beach\",\"url\":\"https:\\\/\\\/www.miamibeachfl.gov\\\/\",\"logo\":{\"@type\":\"ImageObject\",\"inLanguage\":\"de\",\"@id\":\"https:\\\/\\\/www.miamibeachfl.gov\\\/#\\\/schema\\\/logo\\\/image\\\/\",\"url\":\"https:\\\/\\\/www.miamibeachfl.gov\\\/wp-content\\\/uploads\\\/2022\\\/06\\\/miamibeach-logoblue.png\",\"contentUrl\":\"https:\\\/\\\/www.miamibeachfl.gov\\\/wp-content\\\/uploads\\\/2022\\\/06\\\/miamibeach-logoblue.png\",\"width\":1962,\"height\":381,\"caption\":\"City of Miami Beach\"},\"image\":{\"@id\":\"https:\\\/\\\/www.miamibeachfl.gov\\\/#\\\/schema\\\/logo\\\/image\\\/\"},\"sameAs\":[\"https:\\\/\\\/www.facebook.com\\\/cityofmiamibeach\",\"https:\\\/\\\/x.com\\\/Miamibeachnews\",\"https:\\\/\\\/www.instagram.com\\\/miamibeachnews\\\/\"],\"description\":\"The official website of the City of Miami Beach. Stay informed, find important information on city services, news, alerts, events, trolley routes, government employment and more.\",\"telephone\":\"305.604.CITY(2489)\",\"legalName\":\"City of Miami Beach\"}]}<\/script>\n<!-- \/ Yoast SEO Premium plugin. -->","yoast_head_json":{"title":"Blaue Zonen - Stadt Miami Beach","description":"Miami Beach beteiligt sich an einer globalen Bewegung zur Verbesserung der Gesundheit und des Wohlbefindens an den Orten, an denen wir leben, arbeiten, lernen und spielen.","robots":{"index":"index","follow":"follow","max-snippet":"max-snippet:-1","max-image-preview":"max-image-preview:large","max-video-preview":"max-video-preview:-1"},"canonical":"https:\/\/www.miamibeachfl.gov\/de\/bluezones\/","og_locale":"de_DE","og_type":"article","og_title":"Blue Zones","og_description":"Miami Beach is participating in a global movement to improve health and well-being in the places we live, work, learn and play.","og_url":"https:\/\/www.miamibeachfl.gov\/de\/bluezones\/","og_site_name":"City of Miami Beach","article_publisher":"https:\/\/www.facebook.com\/cityofmiamibeach","article_modified_time":"2026-05-06T12:10:26+00:00","og_image":[{"width":555,"height":109,"url":"https:\/\/www.miamibeachfl.gov\/wp-content\/uploads\/2025\/07\/bluezones_logo_og.png","type":"image\/png"}],"twitter_card":"summary_large_image","twitter_site":"@Miamibeachnews","schema":{"@context":"https:\/\/schema.org","@graph":[{"@type":"WebPage","@id":"https:\/\/www.miamibeachfl.gov\/bluezones\/","url":"https:\/\/www.miamibeachfl.gov\/bluezones\/","name":"Blaue Zonen - Stadt Miami Beach","isPartOf":{"@id":"https:\/\/www.miamibeachfl.gov\/#website"},"primaryImageOfPage":{"@id":"https:\/\/www.miamibeachfl.gov\/bluezones\/#primaryimage"},"image":{"@id":"https:\/\/www.miamibeachfl.gov\/bluezones\/#primaryimage"},"thumbnailUrl":"https:\/\/www.miamibeachfl.gov\/wp-content\/uploads\/2025\/07\/bluezones_logo_og.png","datePublished":"2025-07-01T18:38:27+00:00","dateModified":"2026-05-06T12:10:26+00:00","description":"Miami Beach beteiligt sich an einer globalen Bewegung zur Verbesserung der Gesundheit und des Wohlbefindens an den Orten, an denen wir leben, arbeiten, lernen und spielen.","breadcrumb":{"@id":"https:\/\/www.miamibeachfl.gov\/bluezones\/#breadcrumb"},"inLanguage":"de","potentialAction":[{"@type":"ReadAction","target":["https:\/\/www.miamibeachfl.gov\/bluezones\/"]}]},{"@type":"ImageObject","inLanguage":"de","@id":"https:\/\/www.miamibeachfl.gov\/bluezones\/#primaryimage","url":"https:\/\/www.miamibeachfl.gov\/wp-content\/uploads\/2025\/07\/bluezones_logo_og.png","contentUrl":"https:\/\/www.miamibeachfl.gov\/wp-content\/uploads\/2025\/07\/bluezones_logo_og.png","width":555,"height":109,"caption":"blue zones logo"},{"@type":"BreadcrumbList","@id":"https:\/\/www.miamibeachfl.gov\/bluezones\/#breadcrumb","itemListElement":[{"@type":"ListItem","position":1,"name":"Home","item":"https:\/\/www.miamibeachfl.gov\/"},{"@type":"ListItem","position":2,"name":"Blue Zones"}]},{"@type":"WebSite","@id":"https:\/\/www.miamibeachfl.gov\/#website","url":"https:\/\/www.miamibeachfl.gov\/","name":"Stadt Miami Beach","description":"Die offizielle Website der Stadt Miami Beach. Bleiben Sie informiert und finden Sie wichtige Informationen zu st\u00e4dtischen Dienstleistungen, Neuigkeiten, Warnungen, Veranstaltungen, Stra\u00dfenbahnlinien, Stellenangeboten im \u00f6ffentlichen Dienst und mehr.","publisher":{"@id":"https:\/\/www.miamibeachfl.gov\/#organization"},"potentialAction":[{"@type":"SearchAction","target":{"@type":"EntryPoint","urlTemplate":"https:\/\/www.miamibeachfl.gov\/?s={search_term_string}"},"query-input":{"@type":"PropertyValueSpecification","valueRequired":true,"valueName":"search_term_string"}}],"inLanguage":"de"},{"@type":"Organization","@id":"https:\/\/www.miamibeachfl.gov\/#organization","name":"Stadt Miami Beach","url":"https:\/\/www.miamibeachfl.gov\/","logo":{"@type":"ImageObject","inLanguage":"de","@id":"https:\/\/www.miamibeachfl.gov\/#\/schema\/logo\/image\/","url":"https:\/\/www.miamibeachfl.gov\/wp-content\/uploads\/2022\/06\/miamibeach-logoblue.png","contentUrl":"https:\/\/www.miamibeachfl.gov\/wp-content\/uploads\/2022\/06\/miamibeach-logoblue.png","width":1962,"height":381,"caption":"City of Miami Beach"},"image":{"@id":"https:\/\/www.miamibeachfl.gov\/#\/schema\/logo\/image\/"},"sameAs":["https:\/\/www.facebook.com\/cityofmiamibeach","https:\/\/x.com\/Miamibeachnews","https:\/\/www.instagram.com\/miamibeachnews\/"],"description":"Die offizielle Website der Stadt Miami Beach. Bleiben Sie informiert und finden Sie wichtige Informationen zu st\u00e4dtischen Dienstleistungen, Neuigkeiten, Warnungen, Veranstaltungen, Stra\u00dfenbahnlinien, Stellenangeboten im \u00f6ffentlichen Dienst und mehr.","telephone":"305.604.CITY(2489)","legalName":"City of Miami Beach"}]}},"_links":{"self":[{"href":"https:\/\/www.miamibeachfl.gov\/de\/wp-json\/wp\/v2\/pages\/385722","targetHints":{"allow":["GET"]}}],"collection":[{"href":"https:\/\/www.miamibeachfl.gov\/de\/wp-json\/wp\/v2\/pages"}],"about":[{"href":"https:\/\/www.miamibeachfl.gov\/de\/wp-json\/wp\/v2\/types\/page"}],"author":[{"embeddable":true,"href":"https:\/\/www.miamibeachfl.gov\/de\/wp-json\/wp\/v2\/users\/222"}],"replies":[{"embeddable":true,"href":"https:\/\/www.miamibeachfl.gov\/de\/wp-json\/wp\/v2\/comments?post=385722"}],"version-history":[{"count":14,"href":"https:\/\/www.miamibeachfl.gov\/de\/wp-json\/wp\/v2\/pages\/385722\/revisions"}],"predecessor-version":[{"id":400110,"href":"https:\/\/www.miamibeachfl.gov\/de\/wp-json\/wp\/v2\/pages\/385722\/revisions\/400110"}],"wp:featuredmedia":[{"embeddable":true,"href":"https:\/\/www.miamibeachfl.gov\/de\/wp-json\/wp\/v2\/media\/385729"}],"wp:attachment":[{"href":"https:\/\/www.miamibeachfl.gov\/de\/wp-json\/wp\/v2\/media?parent=385722"}],"wp:term":[{"taxonomy":"category","embeddable":true,"href":"https:\/\/www.miamibeachfl.gov\/de\/wp-json\/wp\/v2\/categories?post=385722"},{"taxonomy":"post_tag","embeddable":true,"href":"https:\/\/www.miamibeachfl.gov\/de\/wp-json\/wp\/v2\/tags?post=385722"}],"curies":[{"name":"wp","href":"https:\/\/api.w.org\/{rel}","templated":true}]}}