{"id":38696,"date":"2017-10-20T11:10:53","date_gmt":"2017-10-20T15:10:53","guid":{"rendered":"http:\/\/www.miamibeachfl.gov\/city-hall\/human-resources\/risk-management\/insurance\/"},"modified":"2026-03-02T16:31:22","modified_gmt":"2026-03-02T21:31:22","slug":"insurance","status":"publish","type":"page","link":"https:\/\/www.miamibeachfl.gov\/de\/city-hall\/human-resources\/risk-management\/insurance\/","title":{"rendered":"Versicherung"},"content":{"rendered":"<h1>\n\t\t\tVersicherung\t<\/h1>\n\t<nav id=\"breadcrumbs\" aria-label=\"Paniermehl\"><a href=\"https:\/\/www.miamibeachfl.gov\/de\/\">Heim<\/a> &gt; <a href=\"https:\/\/www.miamibeachfl.gov\/de\/city-hall\/\">Rathaus<\/a> &gt; <a href=\"https:\/\/www.miamibeachfl.gov\/de\/city-hall\/human-resources\/\">Personalwesen<\/a> &gt; <a href=\"https:\/\/www.miamibeachfl.gov\/de\/city-hall\/human-resources\/risk-management\/\">Risikomanagement<\/a> &gt; <strong>Versicherung<\/strong><\/nav>\n\t<p>Zum Schutz der Interessen der Stadt Miami Beach wurden bestimmte Versicherungsanforderungen festgelegt, die von allen Mietern, Auftragnehmern, Lieferanten und anderen Personen oder Organisationen, die Dienstleistungen f\u00fcr die Stadt in Anspruch nehmen oder erbringen, erf\u00fcllt werden m\u00fcssen. Ziel ist es, sicherzustellen, dass der Lieferant, Verk\u00e4ufer oder eine andere Partei im Schadensfall \u00fcber die finanzielle Leistungsf\u00e4higkeit (Versicherungsfonds) verf\u00fcgt, um die eingegangenen Verpflichtungen zu erf\u00fcllen.<\/p>\n<p>Alle Lieferanten, Auftragnehmer und sonstigen Parteien, die die Einrichtungen der Stadt nutzen, m\u00fcssen auf eigene Kosten aktuelle Versicherungspolicen abschlie\u00dfen und aufrechterhalten, die ihre eigenen Interessen und die Interessen der Stadt vor Klagen sch\u00fctzen, die sich aus ihren Handlungen ergeben oder daraus resultieren.<\/p>\n<p><strong><u>Vertragliche Versicherungsanforderungen<\/u><\/strong><\/p>\n<p>Angesichts der breiten Palette an Waren und Dienstleistungen, die die Stadt Miami Beach im Rahmen ihrer Mission erwirbt, bieten sich f\u00fcr Lieferanten hervorragende Gesch\u00e4ftsm\u00f6glichkeiten. Die Mindestversicherungssummen, die ein Lieferant w\u00e4hrend der Vertragslaufzeit aufrechterhalten muss, sind in den unten angef\u00fcgten Versicherungsanforderungen aufgef\u00fchrt:<\/p>\n<p>Die Versicherungsanforderungen sind nach Vertragswert und Art der zu erbringenden Dienstleistung gelistet. Bitte w\u00e4hlen Sie entsprechend den Projektkriterien den passenden Vertragstyp aus der Liste.<\/p>\n<p><em>Haftungsausschluss: Die Abteilung Risikomanagement beh\u00e4lt sich das Recht vor, ihre Anforderungen auf der Grundlage der Spezifikationen und potenziellen Risiken anzupassen<\/em><\/p>\n<p><strong><a href=\"http:\/\/www.miamibeachfl.gov\/wp-content\/uploads\/2021\/06\/Contractual-Insurance-Guide.pdf\">Leitfaden zur Vertragsversicherung<\/a><\/strong><\/p>\n<p><strong><u>Leitfaden zu Versicherungszertifikaten<\/u><\/strong><\/p>\n<p>Bitte beachten Sie den unten stehenden Leitfaden zur Versicherungsbescheinigung. Darin finden Sie alle Anforderungen der Stadt Miami Beach f\u00fcr die Genehmigung von COIs.<\/p>\n<p><em>Haftungsausschluss: Dies ist nur ein Leitfaden. Die Abteilung Risikomanagement beh\u00e4lt sich das Recht vor, ihre Anforderungen an die Spezifikationen und potenziellen Risiken anzupassen.<\/em><\/p>\n<p><strong><a href=\"http:\/\/www.miamibeachfl.gov\/wp-content\/uploads\/2021\/06\/Certificate-of-Insurance-Guide-15K-to-100K.pdf\">Leitfaden zur Versicherungsbescheinigung ($15K bis $100K)<\/a><\/strong><\/p>\n<p><strong><u>BTR-Lizenzanforderungen<\/u><\/strong><\/p>\n<p>Die Versicherungsanforderungen f\u00fcr Genehmigungen und Lizenzen sind unten aufgef\u00fchrt. Jede Lizenz- oder Genehmigungsart hat unterschiedliche Versicherungsanforderungen, abh\u00e4ngig von der Dienstleistung oder dem Gesch\u00e4ftszweig, den das Unternehmen erbringt. F\u00fcr alle Lizenzen\/Genehmigungen ist eine Arbeitsunfallversicherung erforderlich, sofern keine Ausnahmeregelung vorliegt. Die Stadt Miami Beach verlangt au\u00dferdem ein AM-Best-Rating von \u201eA\u201c oder h\u00f6her. Ohne ein AM-Best-Rating von \u201eA\u201c k\u00f6nnen wir die COI nicht genehmigen. Bitte beachten Sie, dass die Stadt Miami Beach im Rahmen der allgemeinen Betriebshaftpflichtversicherung als zus\u00e4tzlicher Versicherter aufgef\u00fchrt werden muss.<\/p>\n<p><em>Haftungsausschluss: Die Abteilung Risikomanagement beh\u00e4lt sich das Recht vor, ihre Anforderungen auf der Grundlage der Spezifikationen und potenziellen Risiken anzupassen<\/em><\/p>\n<p><strong><a href=\"http:\/\/www.miamibeachfl.gov\/wp-content\/uploads\/2021\/06\/BTR-Insurance-Requirements.pdf\">BTR-Versicherungsanforderungen<\/a><\/strong><\/p>\n<p><strong><u>Gewerbesteuereinnahmen<\/u><\/strong><\/p>\n<p>Alle Unternehmen innerhalb der Stadtgrenzen von Miami Beach m\u00fcssen vor der Aufnahme ihrer Gesch\u00e4ftst\u00e4tigkeit eine Gewerbesteuerquittung erhalten, wobei das Gewerbesteuerjahr jeweils am 1. Oktober beginnt.<sup>st<\/sup>\u00a0bis 30. September<sup>th<\/sup>. Bevor einem Lieferanten eine Gewerbesteuerquittung ausgestellt werden kann, muss er zun\u00e4chst eine Betriebsversicherung gem\u00e4\u00df den Versicherungsanforderungen der Stadt Miami Beach vorlegen.<\/p>\n<p><strong><a href=\"https:\/\/www.miamibeachfl.gov\/de\/city-hall\/finance\/business-tax-receipts-btr\/\">https:\/\/www.miamibeachfl.gov\/city-hall\/finance\/business-tax-receipts-btr\/<\/a><\/strong><\/p>\n<p><strong><u>Genehmigungen f\u00fcr besondere Veranstaltungen<\/u><\/strong><\/p>\n<p>Als Sonderveranstaltung gilt jede zeitlich begrenzte gewerbliche oder private Veranstaltung im Innen- oder Au\u00dfenbereich. Der Veranstalter muss der Stadt eine Versicherungsbescheinigung mit den folgenden, unten angef\u00fcgten Anforderungen vorlegen:<\/p>\n<p><strong><a href=\"http:\/\/www.miamibeachfl.gov\/wp-content\/uploads\/2021\/06\/Special-Events-Insurance-Requirements.pdf\">Versicherungsanforderungen f\u00fcr besondere Veranstaltungen<\/a><\/strong><\/p>\n<p>Die Stadt bietet \u00fcber das st\u00e4dtische Mieterhaftpflichtversicherungsprogramm (\u201eTULIP\u201c) Versicherungen f\u00fcr Veranstaltungen wie Seminare, Empf\u00e4nge, Hochzeiten, Sportveranstaltungen und Konzerte an. Bitte nutzen Sie diesen Link, um auf das Programm zuzugreifen:\u00a0<strong><a href=\"http:\/\/www.onebeaconentertainment.com\/\">http:\/\/www.onebeaconentertainment.com\/<\/a><\/strong><\/p>\n<ul>\n<li>Unter\u00a0<u>TULIP \u2013 Veranstaltungsversicherung\u00a0<\/u>Klicken Sie auf\u00a0<u>Kaufen oder Angebot<\/u><\/li>\n<li>Suchen Sie unter \u201eMiami Beach\u201c nach Ihrem Veranstaltungsort und beantworten Sie in einem dreistufigen Prozess einige grundlegende Fragen<\/li>\n<li>F\u00fcllen Sie die ersten drei Schritte des Formulars aus, um ein Angebot zu erhalten<\/li>\n<li>Bei Problemen rufen Sie 800-507-8414 an (8:30 bis 17:00 Uhr PT)<\/li>\n<\/ul>\n<p><strong><u>Parks &amp; Erholung<\/u><\/strong><\/p>\n<p>Die Stadt Miami Beach hat Richtlinien und Verfahren f\u00fcr die Anmietung st\u00e4dtischer Einrichtungen festgelegt. Bitte beachten Sie die nachstehenden Anh\u00e4nge:<\/p>\n<p><strong><a href=\"http:\/\/www.miamibeachfl.gov\/wp-content\/uploads\/2021\/06\/Indemnification-and-Insurance-Parks-Rec-Insurance-Requirements-.pdf\">Versicherungsanforderungen f\u00fcr Parks und Erholungsgebiete<\/a><\/strong><\/p>\n<p><em>Bitte beachten Sie: Wenn der Verk\u00e4ufer Alkohol ausschenkt, muss er eine Alkoholhaftpflichtversicherung abschlie\u00dfen.<\/em><em>.<\/em><\/p>\n<p>Dar\u00fcber hinaus hat die Abteilung Risikomanagement die folgenden, unten aufgef\u00fchrten Anforderungen f\u00fcr alle Anmietungsanfragen f\u00fcr st\u00e4dtische Einrichtungen festgelegt:<\/p>\n<p><strong><a href=\"http:\/\/www.miamibeachfl.gov\/wp-content\/uploads\/2021\/06\/Parks-Facility-Rental-Contract.pdf\">Mietvertrag f\u00fcr Parkanlagen<\/a><\/strong><\/p>\n<p><u>Anforderungen f\u00fcr besondere Veranstaltungen<\/u><\/p>\n<p>Die Stadt bietet \u00fcber das st\u00e4dtische Mieterhaftpflichtversicherungsprogramm (\u201eTULIP\u201c) Versicherungen f\u00fcr Veranstaltungen wie Seminare, Empf\u00e4nge, Hochzeiten, Sportveranstaltungen und Konzerte an. Bitte nutzen Sie diesen Link, um auf das Programm zuzugreifen:\u00a0<strong><a href=\"http:\/\/www.onebeaconentertainment.com\/\">http:\/\/www.onebeaconentertainment.com\/<\/a><\/strong><\/p>\n<ul>\n<li>Unter\u00a0<u>TULIP \u2013 Veranstaltungsversicherung\u00a0<\/u>Klicken Sie auf\u00a0<u>Kaufen oder Angebot<\/u><\/li>\n<li>Suchen Sie unter \u201eMiami Beach\u201c nach Ihrem Veranstaltungsort und beantworten Sie in einem dreistufigen Prozess einige grundlegende Fragen<\/li>\n<li>F\u00fcllen Sie die ersten drei Schritte des Formulars aus, um ein Angebot zu erhalten<\/li>\n<li>Bei Problemen rufen Sie 800-507-8414 an (8:30 bis 17:00 Uhr PT)<\/li>\n<\/ul>\n\t\tNavigieren Sie zu\u2026\t\t\t\n\t\t\t\t\t<ul id=\"menu-hr-risk-management\"><li id=\"menu-item-362860\"><a href=\"https:\/\/live.origamirisk.com\/Origami\/IncidentEntry\/Direct?token=1m7WARXGbeVTcu0kSmjRZIvg%2BA7bM5c8cecCLfcBgCmrP1jweHqJDH7SwyT2A%2FyfPZ53YZ2GPFmpD%2B9%2FglKWmYrTHwN8B50XcpScmfAkXJkvbwe7XfTP3fZKWocX%2BB5Y\">Schadenportal<\/a><\/li>\n<li id=\"menu-item-362855\"><a href=\"\/de\/city-hall\/human-resources\/risk-management\/claims\/\">Anspr\u00fcche<\/a><\/li>\n<li id=\"menu-item-362857\"><a href=\"\/de\/city-hall\/human-resources\/risk-management\/safety\/\">Sicherheit<\/a><\/li>\n<li id=\"menu-item-362859\"><a href=\"\/de\/city-hall\/human-resources\/risk-management\/insurance\/\">Versicherung<\/a><\/li>\n<\/ul>\t\n\t<div class=\"page-navigation\"><a class=\"prev-page\" href=\"https:\/\/www.miamibeachfl.gov\/de\/city-hall\/office-of-organizational-development\/\">\u2190 Bildungs- und Leistungsinitiativen<\/a> <a class=\"next-page\" href=\"https:\/\/www.miamibeachfl.gov\/de\/city-hall\/finance\/payview-utility-bill\/\">Stromrechnung bezahlen\/anzeigen \u2192<\/a><\/div>","protected":false},"excerpt":{"rendered":"<p>Insurance Home &gt; City Hall &gt; Human Resources &gt; Risk Management &gt; Insurance In order to protect the interest of [&hellip;]<\/p>\n","protected":false},"author":222,"featured_media":0,"parent":38693,"menu_order":257,"comment_status":"closed","ping_status":"closed","template":"","meta":{"_searchwp_excluded":"","site-sidebar-layout":"default","site-content-layout":"","ast-site-content-layout":"default","site-content-style":"default","site-sidebar-style":"default","ast-global-header-display":"","ast-banner-title-visibility":"","ast-main-header-display":"","ast-hfb-above-header-display":"","ast-hfb-below-header-display":"","ast-hfb-mobile-header-display":"","site-post-title":"","ast-breadcrumbs-content":"","ast-featured-img":"","footer-sml-layout":"","theme-transparent-header-meta":"","adv-header-id-meta":"","stick-header-meta":"","header-above-stick-meta":"","header-main-stick-meta":"","header-below-stick-meta":"","astra-migrate-meta-layouts":"default","ast-page-background-enabled":"default","ast-page-background-meta":{"desktop":{"background-color":"var(--ast-global-color-5)","background-image":"","background-repeat":"repeat","background-position":"center center","background-size":"auto","background-attachment":"scroll","background-type":"","background-media":"","overlay-type":"","overlay-color":"","overlay-opacity":"","overlay-gradient":""},"tablet":{"background-color":"","background-image":"","background-repeat":"repeat","background-position":"center center","background-size":"auto","background-attachment":"scroll","background-type":"","background-media":"","overlay-type":"","overlay-color":"","overlay-opacity":"","overlay-gradient":""},"mobile":{"background-color":"","background-image":"","background-repeat":"repeat","background-position":"center center","background-size":"auto","background-attachment":"scroll","background-type":"","background-media":"","overlay-type":"","overlay-color":"","overlay-opacity":"","overlay-gradient":""}},"ast-content-background-meta":{"desktop":{"background-color":"var(--ast-global-color-4)","background-image":"","background-repeat":"repeat","background-position":"center center","background-size":"auto","background-attachment":"scroll","background-type":"","background-media":"","overlay-type":"","overlay-color":"","overlay-opacity":"","overlay-gradient":""},"tablet":{"background-color":"var(--ast-global-color-4)","background-image":"","background-repeat":"repeat","background-position":"center center","background-size":"auto","background-attachment":"scroll","background-type":"","background-media":"","overlay-type":"","overlay-color":"","overlay-opacity":"","overlay-gradient":""},"mobile":{"background-color":"var(--ast-global-color-4)","background-image":"","background-repeat":"repeat","background-position":"center center","background-size":"auto","background-attachment":"scroll","background-type":"","background-media":"","overlay-type":"","overlay-color":"","overlay-opacity":"","overlay-gradient":""}},"footnotes":""},"categories":[],"tags":[],"class_list":["post-38696","page","type-page","status-publish","hentry"],"yoast_head":"<!-- This site is optimized with the Yoast SEO Premium plugin v27.4 (Yoast SEO v27.4) - https:\/\/yoast.com\/product\/yoast-seo-premium-wordpress\/ -->\n<title>Insurance - City of Miami Beach<\/title>\n<meta name=\"description\" content=\"%\" \/>\n<meta name=\"robots\" content=\"index, follow, max-snippet:-1, max-image-preview:large, max-video-preview:-1\" \/>\n<link rel=\"canonical\" href=\"https:\/\/www.miamibeachfl.gov\/de\/city-hall\/human-resources\/risk-management\/insurance\/\" \/>\n<meta property=\"og:locale\" content=\"de_DE\" \/>\n<meta property=\"og:type\" content=\"article\" \/>\n<meta property=\"og:title\" content=\"Insurance\" \/>\n<meta property=\"og:description\" content=\"%\" \/>\n<meta property=\"og:url\" content=\"https:\/\/www.miamibeachfl.gov\/de\/city-hall\/human-resources\/risk-management\/insurance\/\" \/>\n<meta property=\"og:site_name\" content=\"City of Miami Beach\" \/>\n<meta property=\"article:publisher\" content=\"https:\/\/www.facebook.com\/cityofmiamibeach\" \/>\n<meta property=\"article:modified_time\" content=\"2026-03-02T21:31:22+00:00\" \/>\n<meta property=\"og:image\" content=\"https:\/\/www.miamibeachfl.gov\/wp-content\/uploads\/2024\/01\/1000pxSquare-miamibeach-aerial-southpointview.jpeg\" \/>\n\t<meta property=\"og:image:width\" content=\"1000\" \/>\n\t<meta property=\"og:image:height\" content=\"1000\" \/>\n\t<meta property=\"og:image:type\" content=\"image\/jpeg\" \/>\n<meta name=\"twitter:card\" content=\"summary_large_image\" \/>\n<meta name=\"twitter:site\" content=\"@Miamibeachnews\" \/>\n<script type=\"application\/ld+json\" class=\"yoast-schema-graph\">{\"@context\":\"https:\\\/\\\/schema.org\",\"@graph\":[{\"@type\":\"WebPage\",\"@id\":\"https:\\\/\\\/www.miamibeachfl.gov\\\/city-hall\\\/human-resources\\\/risk-management\\\/insurance\\\/\",\"url\":\"https:\\\/\\\/www.miamibeachfl.gov\\\/city-hall\\\/human-resources\\\/risk-management\\\/insurance\\\/\",\"name\":\"Insurance - City of Miami Beach\",\"isPartOf\":{\"@id\":\"https:\\\/\\\/www.miamibeachfl.gov\\\/#website\"},\"datePublished\":\"2017-10-20T15:10:53+00:00\",\"dateModified\":\"2026-03-02T21:31:22+00:00\",\"description\":\"%\",\"breadcrumb\":{\"@id\":\"https:\\\/\\\/www.miamibeachfl.gov\\\/city-hall\\\/human-resources\\\/risk-management\\\/insurance\\\/#breadcrumb\"},\"inLanguage\":\"de\",\"potentialAction\":[{\"@type\":\"ReadAction\",\"target\":[\"https:\\\/\\\/www.miamibeachfl.gov\\\/city-hall\\\/human-resources\\\/risk-management\\\/insurance\\\/\"]}]},{\"@type\":\"BreadcrumbList\",\"@id\":\"https:\\\/\\\/www.miamibeachfl.gov\\\/city-hall\\\/human-resources\\\/risk-management\\\/insurance\\\/#breadcrumb\",\"itemListElement\":[{\"@type\":\"ListItem\",\"position\":1,\"name\":\"Home\",\"item\":\"https:\\\/\\\/www.miamibeachfl.gov\\\/\"},{\"@type\":\"ListItem\",\"position\":2,\"name\":\"City Hall\",\"item\":\"https:\\\/\\\/www.miamibeachfl.gov\\\/city-hall\\\/\"},{\"@type\":\"ListItem\",\"position\":3,\"name\":\"Human Resources\",\"item\":\"https:\\\/\\\/www.miamibeachfl.gov\\\/city-hall\\\/human-resources\\\/\"},{\"@type\":\"ListItem\",\"position\":4,\"name\":\"Risk Management\",\"item\":\"https:\\\/\\\/www.miamibeachfl.gov\\\/city-hall\\\/human-resources\\\/risk-management\\\/\"},{\"@type\":\"ListItem\",\"position\":5,\"name\":\"Insurance\"}]},{\"@type\":\"WebSite\",\"@id\":\"https:\\\/\\\/www.miamibeachfl.gov\\\/#website\",\"url\":\"https:\\\/\\\/www.miamibeachfl.gov\\\/\",\"name\":\"City of Miami Beach\",\"description\":\"The official website of the City of Miami Beach. Stay informed, find important information on city services, news, alerts, events, trolley routes, government employment and more.\",\"publisher\":{\"@id\":\"https:\\\/\\\/www.miamibeachfl.gov\\\/#organization\"},\"potentialAction\":[{\"@type\":\"SearchAction\",\"target\":{\"@type\":\"EntryPoint\",\"urlTemplate\":\"https:\\\/\\\/www.miamibeachfl.gov\\\/?s={search_term_string}\"},\"query-input\":{\"@type\":\"PropertyValueSpecification\",\"valueRequired\":true,\"valueName\":\"search_term_string\"}}],\"inLanguage\":\"de\"},{\"@type\":\"Organization\",\"@id\":\"https:\\\/\\\/www.miamibeachfl.gov\\\/#organization\",\"name\":\"City of Miami Beach\",\"url\":\"https:\\\/\\\/www.miamibeachfl.gov\\\/\",\"logo\":{\"@type\":\"ImageObject\",\"inLanguage\":\"de\",\"@id\":\"https:\\\/\\\/www.miamibeachfl.gov\\\/#\\\/schema\\\/logo\\\/image\\\/\",\"url\":\"https:\\\/\\\/www.miamibeachfl.gov\\\/wp-content\\\/uploads\\\/2022\\\/06\\\/miamibeach-logoblue.png\",\"contentUrl\":\"https:\\\/\\\/www.miamibeachfl.gov\\\/wp-content\\\/uploads\\\/2022\\\/06\\\/miamibeach-logoblue.png\",\"width\":1962,\"height\":381,\"caption\":\"City of Miami Beach\"},\"image\":{\"@id\":\"https:\\\/\\\/www.miamibeachfl.gov\\\/#\\\/schema\\\/logo\\\/image\\\/\"},\"sameAs\":[\"https:\\\/\\\/www.facebook.com\\\/cityofmiamibeach\",\"https:\\\/\\\/x.com\\\/Miamibeachnews\",\"https:\\\/\\\/www.instagram.com\\\/miamibeachnews\\\/\"],\"description\":\"The official website of the City of Miami Beach. Stay informed, find important information on city services, news, alerts, events, trolley routes, government employment and more.\",\"telephone\":\"305.604.CITY(2489)\",\"legalName\":\"City of Miami Beach\"}]}<\/script>\n<!-- \/ Yoast SEO Premium plugin. -->","yoast_head_json":{"title":"Versicherung - Stadt Miami Beach","description":"%","robots":{"index":"index","follow":"follow","max-snippet":"max-snippet:-1","max-image-preview":"max-image-preview:large","max-video-preview":"max-video-preview:-1"},"canonical":"https:\/\/www.miamibeachfl.gov\/de\/city-hall\/human-resources\/risk-management\/insurance\/","og_locale":"de_DE","og_type":"article","og_title":"Insurance","og_description":"%","og_url":"https:\/\/www.miamibeachfl.gov\/de\/city-hall\/human-resources\/risk-management\/insurance\/","og_site_name":"City of Miami Beach","article_publisher":"https:\/\/www.facebook.com\/cityofmiamibeach","article_modified_time":"2026-03-02T21:31:22+00:00","og_image":[{"width":1000,"height":1000,"url":"https:\/\/www.miamibeachfl.gov\/wp-content\/uploads\/2024\/01\/1000pxSquare-miamibeach-aerial-southpointview.jpeg","type":"image\/jpeg"}],"twitter_card":"summary_large_image","twitter_site":"@Miamibeachnews","schema":{"@context":"https:\/\/schema.org","@graph":[{"@type":"WebPage","@id":"https:\/\/www.miamibeachfl.gov\/city-hall\/human-resources\/risk-management\/insurance\/","url":"https:\/\/www.miamibeachfl.gov\/city-hall\/human-resources\/risk-management\/insurance\/","name":"Versicherung - Stadt Miami Beach","isPartOf":{"@id":"https:\/\/www.miamibeachfl.gov\/#website"},"datePublished":"2017-10-20T15:10:53+00:00","dateModified":"2026-03-02T21:31:22+00:00","description":"%","breadcrumb":{"@id":"https:\/\/www.miamibeachfl.gov\/city-hall\/human-resources\/risk-management\/insurance\/#breadcrumb"},"inLanguage":"de","potentialAction":[{"@type":"ReadAction","target":["https:\/\/www.miamibeachfl.gov\/city-hall\/human-resources\/risk-management\/insurance\/"]}]},{"@type":"BreadcrumbList","@id":"https:\/\/www.miamibeachfl.gov\/city-hall\/human-resources\/risk-management\/insurance\/#breadcrumb","itemListElement":[{"@type":"ListItem","position":1,"name":"Home","item":"https:\/\/www.miamibeachfl.gov\/"},{"@type":"ListItem","position":2,"name":"City Hall","item":"https:\/\/www.miamibeachfl.gov\/city-hall\/"},{"@type":"ListItem","position":3,"name":"Human Resources","item":"https:\/\/www.miamibeachfl.gov\/city-hall\/human-resources\/"},{"@type":"ListItem","position":4,"name":"Risk Management","item":"https:\/\/www.miamibeachfl.gov\/city-hall\/human-resources\/risk-management\/"},{"@type":"ListItem","position":5,"name":"Insurance"}]},{"@type":"WebSite","@id":"https:\/\/www.miamibeachfl.gov\/#website","url":"https:\/\/www.miamibeachfl.gov\/","name":"Stadt Miami Beach","description":"Die offizielle Website der Stadt Miami Beach. Bleiben Sie informiert und finden Sie wichtige Informationen zu st\u00e4dtischen Dienstleistungen, Neuigkeiten, Warnungen, Veranstaltungen, Stra\u00dfenbahnlinien, Stellenangeboten im \u00f6ffentlichen Dienst und mehr.","publisher":{"@id":"https:\/\/www.miamibeachfl.gov\/#organization"},"potentialAction":[{"@type":"SearchAction","target":{"@type":"EntryPoint","urlTemplate":"https:\/\/www.miamibeachfl.gov\/?s={search_term_string}"},"query-input":{"@type":"PropertyValueSpecification","valueRequired":true,"valueName":"search_term_string"}}],"inLanguage":"de"},{"@type":"Organization","@id":"https:\/\/www.miamibeachfl.gov\/#organization","name":"Stadt Miami Beach","url":"https:\/\/www.miamibeachfl.gov\/","logo":{"@type":"ImageObject","inLanguage":"de","@id":"https:\/\/www.miamibeachfl.gov\/#\/schema\/logo\/image\/","url":"https:\/\/www.miamibeachfl.gov\/wp-content\/uploads\/2022\/06\/miamibeach-logoblue.png","contentUrl":"https:\/\/www.miamibeachfl.gov\/wp-content\/uploads\/2022\/06\/miamibeach-logoblue.png","width":1962,"height":381,"caption":"City of Miami Beach"},"image":{"@id":"https:\/\/www.miamibeachfl.gov\/#\/schema\/logo\/image\/"},"sameAs":["https:\/\/www.facebook.com\/cityofmiamibeach","https:\/\/x.com\/Miamibeachnews","https:\/\/www.instagram.com\/miamibeachnews\/"],"description":"Die offizielle Website der Stadt Miami Beach. Bleiben Sie informiert und finden Sie wichtige Informationen zu st\u00e4dtischen Dienstleistungen, Neuigkeiten, Warnungen, Veranstaltungen, Stra\u00dfenbahnlinien, Stellenangeboten im \u00f6ffentlichen Dienst und mehr.","telephone":"305.604.CITY(2489)","legalName":"City of Miami Beach"}]}},"_links":{"self":[{"href":"https:\/\/www.miamibeachfl.gov\/de\/wp-json\/wp\/v2\/pages\/38696","targetHints":{"allow":["GET"]}}],"collection":[{"href":"https:\/\/www.miamibeachfl.gov\/de\/wp-json\/wp\/v2\/pages"}],"about":[{"href":"https:\/\/www.miamibeachfl.gov\/de\/wp-json\/wp\/v2\/types\/page"}],"author":[{"embeddable":true,"href":"https:\/\/www.miamibeachfl.gov\/de\/wp-json\/wp\/v2\/users\/222"}],"replies":[{"embeddable":true,"href":"https:\/\/www.miamibeachfl.gov\/de\/wp-json\/wp\/v2\/comments?post=38696"}],"version-history":[{"count":1,"href":"https:\/\/www.miamibeachfl.gov\/de\/wp-json\/wp\/v2\/pages\/38696\/revisions"}],"predecessor-version":[{"id":396945,"href":"https:\/\/www.miamibeachfl.gov\/de\/wp-json\/wp\/v2\/pages\/38696\/revisions\/396945"}],"up":[{"embeddable":true,"href":"https:\/\/www.miamibeachfl.gov\/de\/wp-json\/wp\/v2\/pages\/38693"}],"wp:attachment":[{"href":"https:\/\/www.miamibeachfl.gov\/de\/wp-json\/wp\/v2\/media?parent=38696"}],"wp:term":[{"taxonomy":"category","embeddable":true,"href":"https:\/\/www.miamibeachfl.gov\/de\/wp-json\/wp\/v2\/categories?post=38696"},{"taxonomy":"post_tag","embeddable":true,"href":"https:\/\/www.miamibeachfl.gov\/de\/wp-json\/wp\/v2\/tags?post=38696"}],"curies":[{"name":"wp","href":"https:\/\/api.w.org\/{rel}","templated":true}]}}