{"id":38734,"date":"2017-10-20T15:03:27","date_gmt":"2017-10-20T19:03:27","guid":{"rendered":"http:\/\/www.miamibeachfl.gov\/city-hall\/public-works\/elevator-division\/elevator-status-fees\/"},"modified":"2026-03-03T10:31:20","modified_gmt":"2026-03-03T15:31:20","slug":"elevator-status-fees","status":"publish","type":"page","link":"https:\/\/www.miamibeachfl.gov\/de\/city-hall\/public-works\/elevator-division\/elevator-status-fees\/","title":{"rendered":"Geb\u00fchren f\u00fcr den Aufzugsstatus"},"content":{"rendered":"<img decoding=\"async\" src=\"https:\/\/www.miamibeachfl.gov\/wp-content\/uploads\/2022\/07\/hero-small.jpg\" alt=\"ocean drive art deco buildings\" itemprop=\"image\" height=\"211\" width=\"2395\" title=\"Held-klein\" onerror=\"this.style.display='none'\" loading=\"lazy\" \/>\n<h1>\n\t\t\tGeb\u00fchren f\u00fcr den Aufzugsstatus\t<\/h1>\n\t<nav id=\"breadcrumbs\" aria-label=\"Paniermehl\"><a href=\"https:\/\/www.miamibeachfl.gov\/de\/\">Heim<\/a> &gt; <a href=\"https:\/\/www.miamibeachfl.gov\/de\/city-hall\/\">Rathaus<\/a> &gt; <a href=\"https:\/\/www.miamibeachfl.gov\/de\/city-hall\/public-works\/\">\u00d6ffentliche Arbeiten<\/a> &gt; <a href=\"https:\/\/www.miamibeachfl.gov\/de\/city-hall\/public-works\/elevator-division\/\">Aufzugsabteilung<\/a> &gt; <strong>Geb\u00fchren f\u00fcr den Aufzugsstatus<\/strong><\/nav>\n<table  data-tablesaw-minimap>\n\t\t\t<thead>\n\t\t<tr>\n\t\t\t<th id=\"pp-table-col-1\" scope=\"col\" data-tablesaw-sortable-col>\t\t\t\t\t\n\t\t\t\t\t\t\t\t\t\t\t\tGeb\u00fchren f\u00fcr Aufzugsgenehmigungen\t\t\t\t\t\n\t\t\t\t\t<\/th><th id=\"pp-table-col-2\" scope=\"col\" data-tablesaw-sortable-col>\t\t\t\t\t\n\t\t\t\t\t<\/th><th id=\"pp-table-col-3\" scope=\"col\" data-tablesaw-sortable-col>\t\t\t\t\t\n\t\t\t\t\t<\/th>\t\t<\/tr>\n\t<\/thead>\n\t\t<tbody>\n\t\t<tr data-row-index=\"1\"><td>Datum des Inkrafttretens: 1. Oktober 2025<\/td><td>GEB\u00dcHREN<\/td><\/tr><tr data-row-index=\"2\"><td>J\u00e4hrliche Geb\u00fchr f\u00fcr Betriebszertifikat und Inspektion<\/td><\/tr><tr data-row-index=\"3\"><td>Aufzugsschlie\u00dffach<\/td><td>$88.00<\/td><\/tr><tr data-row-index=\"4\"><td>Betriebszertifikat f\u00fcr jede Einheit (vorgeschrieben)<\/td><td>$122.00<\/td><\/tr><tr data-row-index=\"5\"><td>\u00dcberwachungs-\/Gerichtsbarkeitsgeb\u00fchr<\/td><td>$320.00<\/td><\/tr><tr data-row-index=\"6\"><td>Erneuerung einer \u00fcberf\u00e4lligen Betriebsgenehmigung<\/td><td>$162.00<\/td><\/tr><tr data-row-index=\"7\"><td>Versp\u00e4tungsgeb\u00fchr f\u00fcr die Verl\u00e4ngerung<\/td><td>$241.00<\/td><\/tr><tr data-row-index=\"8\"><td>Duplikat der Betriebsbescheinigung<\/td><td>$43.00<\/td><\/tr><tr data-row-index=\"9\"><td>J\u00e4hrliche Wartungsreparaturen (ohne gr\u00f6\u00dfere \u00dcberholung)<\/td><td>$956.00<\/td><\/tr><tr data-row-index=\"10\"><td>Geb\u00fchr f\u00fcr erneute Inspektion<\/td><td>$169.00<\/td><\/tr><tr data-row-index=\"11\"><td>Neuinstallation oder gr\u00f6\u00dfere Modernisierung gem\u00e4\u00df ASME A17.1 Abschnitt 8.7 \u2013 Baugenehmigung erforderlich<\/td><\/tr><tr data-row-index=\"12\"><td>(inkl. Erstinspektion und Zertifikat)\u201c<\/td><\/tr><tr data-row-index=\"13\"><td>Rolltreppeninstallation, pro Einheit<\/td><td>$3,423.00<\/td><\/tr><tr data-row-index=\"14\"><td>Hydraulische Aufzugsanlage, pro Einheit (einschlie\u00dflich Brandschutzkomponente)<\/td><\/tr><tr data-row-index=\"15\"><td>\uf0b7 Bis zu drei Stockwerke<\/td><td>$1,833.00<\/td><\/tr><tr data-row-index=\"16\"><td>\uf0b7 4 bis 10 Geschichten<\/td><td>$2,330.00<\/td><\/tr><tr data-row-index=\"17\"><td>Installation von Wohnaufz\u00fcgen, pro Einheit<\/td><td>$1,924.00<\/td><\/tr><tr data-row-index=\"18\"><td>Installation eines Seilaufzugs, pro Einheit (einschlie\u00dflich Brandschutzkomponente)<\/td><\/tr><tr data-row-index=\"19\"><td>\uf0b7 Bis zu drei Stockwerke<\/td><td>$3,517.00<\/td><\/tr><tr data-row-index=\"20\"><td>\uf0b7 4 bis 10 Geschichten<\/td><td>$4,289.00<\/td><\/tr><tr data-row-index=\"21\"><td>\uf0b7 Jede weitere Geschichte \u00fcber 10<\/td><td>$137.00<\/td><\/tr><tr data-row-index=\"22\"><td>Installation eines Rollstuhllifts (einschlie\u00dflich Brandschutzkomponente)<\/td><td>$1,549.00<\/td><\/tr><tr data-row-index=\"23\"><td>Au\u00dferbetriebnahme des Aufzugs<\/td><td>$906.00<\/td><\/tr><tr data-row-index=\"24\"><td>Reparatur und Wartung<\/td><\/tr><tr data-row-index=\"25\"><td>Reparaturen (Wert \u00fcber $5.000,00) gem\u00e4\u00df ASME 17.1, Abschnitt 8.6.2<\/td><td>$1007.00<\/td><\/tr><tr data-row-index=\"26\"><td>Reparaturen (Wagenheber\/\u00d6lleitungen) Bis zu $5.000,00<\/td><td>$399.00<\/td><\/tr><tr data-row-index=\"27\"><td>Reparaturen (Kabineninnenraum\/Sonstiges) Bis zu $5.000,00<\/td><td>$399.00<\/td><\/tr><tr data-row-index=\"28\"><td>Tests, vor\u00fcbergehende Nutzung, Abweichungen und Konformit\u00e4tspr\u00fcfung<\/td><\/tr><tr data-row-index=\"29\"><td>Notstrompr\u00fcfung (inkl. Brandkomponente)<\/td><td>$1,721.00<\/td><\/tr><tr data-row-index=\"30\"><td>R\u00fcckruftest f\u00fcr Aufzugssysteme pro Einheit (einschlie\u00dflich Brandkomponente)<\/td><td>$1,623.00<\/td><\/tr><tr data-row-index=\"31\"><td>Vor\u00fcbergehende Nutzungserlaubnis<\/td><td>$2,090.00<\/td><\/tr><tr data-row-index=\"32\"><td>Erneuerung der vor\u00fcbergehenden Nutzungsgenehmigung<\/td><td>$162.00<\/td><\/tr><tr data-row-index=\"33\"><td>Antrag auf Abweichungen von den Vorschriften zur Installation oder Modernisierung von Ger\u00e4ten<\/td><td>$827.00<\/td><\/tr>\t<\/tbody>\n<\/table>\n\t<p>Eigent\u00fcmer von Aufz\u00fcgen, Rolltreppen usw., die einer Anordnung zur Behebung eines Versto\u00dfes nicht innerhalb von 30 Tagen nachkommen, m\u00fcssen zus\u00e4tzlich zu den gesetzlich vorgesehenen Strafen mit einer Verwaltungsstrafe von bis zu $500,00 rechnen. Die Strafe kann f\u00fcr jeden 30-t\u00e4gigen Zeitraum verh\u00e4ngt werden, in dem der Versto\u00df andauert. Gegen diese Strafen kann, vor oder nach ihrer Bezahlung, beim Abteilungsleiter oder dessen Beauftragten Einspruch eingelegt werden, dessen Entscheidung endg\u00fcltig ist. Die Nutzung des Aufzugs wird erst nach Bezahlung oder Erlass dieser Strafen freigegeben.<\/p>\n\t\tNavigieren Sie zu\u2026\t\t\t\n\t\t\t\t\t<ul id=\"menu-public-works-elevator\"><li id=\"menu-item-364284\"><a href=\"\/de\/city-hall\/public-works\/elevator-division\/elevator-faqs\/\">H\u00e4ufig gestellte Fragen zu Aufz\u00fcgen<\/a><\/li>\n<li id=\"menu-item-364285\"><a href=\"\/de\/city-hall\/public-works\/elevator-division\/elevator-forms\/\">Aufzugsformulare<\/a><\/li>\n<li id=\"menu-item-364286\"><a href=\"\/de\/city-hall\/public-works\/elevator-division\/elevator-permit\/\">Aufzugsgenehmigung<\/a><\/li>\n<li id=\"menu-item-364288\"><a href=\"\/de\/city-hall\/public-works\/elevator-division\/elevator-status-fees\/\">Geb\u00fchren f\u00fcr den Aufzugsstatus<\/a><\/li>\n<li id=\"menu-item-364289\"><a href=\"\/de\/city-hall\/public-works\/elevator-division\/regulations-requirements\/\">Vorschriften und Anforderungen<\/a><\/li>\n<li id=\"menu-item-364290\"><a href=\"\/de\/city-hall\/public-works\/elevator-division\/prescriptive-based-process\/\">Meldung von Aufzugsunf\u00e4llen<\/a><\/li>\n<li id=\"menu-item-364291\"><a href=\"\/de\/city-hall\/public-works\/elevator-division\/requesting-an-inspection\/\">Eine Inspektion anfordern<\/a><\/li>\n<\/ul>\t\n\t<div class=\"page-navigation\"><a class=\"prev-page\" href=\"https:\/\/www.miamibeachfl.gov\/de\/city-hall\/public-works\/elevator-division\/elevator-permit\/\">\u2190 Aufzugsgenehmigung<\/a> <a class=\"next-page\" href=\"https:\/\/www.miamibeachfl.gov\/de\/city-hall\/public-works\/elevator-division\/elevator-faqs\/\">H\u00e4ufig gestellte Fragen zum Aufzug \u2192<\/a><\/div>","protected":false},"excerpt":{"rendered":"<p>Elevator Status Fees Home &gt; City Hall &gt; Public Works &gt; Elevator Division &gt; Elevator Status Fees \ufeffElevator Permit Fees [&hellip;]<\/p>\n","protected":false},"author":222,"featured_media":0,"parent":28943,"menu_order":0,"comment_status":"closed","ping_status":"closed","template":"","meta":{"_searchwp_excluded":"","site-sidebar-layout":"default","site-content-layout":"","ast-site-content-layout":"default","site-content-style":"default","site-sidebar-style":"default","ast-global-header-display":"","ast-banner-title-visibility":"","ast-main-header-display":"","ast-hfb-above-header-display":"","ast-hfb-below-header-display":"","ast-hfb-mobile-header-display":"","site-post-title":"","ast-breadcrumbs-content":"","ast-featured-img":"","footer-sml-layout":"","theme-transparent-header-meta":"","adv-header-id-meta":"","stick-header-meta":"","header-above-stick-meta":"","header-main-stick-meta":"","header-below-stick-meta":"","astra-migrate-meta-layouts":"default","ast-page-background-enabled":"default","ast-page-background-meta":{"desktop":{"background-color":"var(--ast-global-color-5)","background-image":"","background-repeat":"repeat","background-position":"center center","background-size":"auto","background-attachment":"scroll","background-type":"","background-media":"","overlay-type":"","overlay-color":"","overlay-opacity":"","overlay-gradient":""},"tablet":{"background-color":"","background-image":"","background-repeat":"repeat","background-position":"center center","background-size":"auto","background-attachment":"scroll","background-type":"","background-media":"","overlay-type":"","overlay-color":"","overlay-opacity":"","overlay-gradient":""},"mobile":{"background-color":"","background-image":"","background-repeat":"repeat","background-position":"center center","background-size":"auto","background-attachment":"scroll","background-type":"","background-media":"","overlay-type":"","overlay-color":"","overlay-opacity":"","overlay-gradient":""}},"ast-content-background-meta":{"desktop":{"background-color":"var(--ast-global-color-4)","background-image":"","background-repeat":"repeat","background-position":"center center","background-size":"auto","background-attachment":"scroll","background-type":"","background-media":"","overlay-type":"","overlay-color":"","overlay-opacity":"","overlay-gradient":""},"tablet":{"background-color":"var(--ast-global-color-4)","background-image":"","background-repeat":"repeat","background-position":"center center","background-size":"auto","background-attachment":"scroll","background-type":"","background-media":"","overlay-type":"","overlay-color":"","overlay-opacity":"","overlay-gradient":""},"mobile":{"background-color":"var(--ast-global-color-4)","background-image":"","background-repeat":"repeat","background-position":"center center","background-size":"auto","background-attachment":"scroll","background-type":"","background-media":"","overlay-type":"","overlay-color":"","overlay-opacity":"","overlay-gradient":""}},"footnotes":""},"categories":[],"tags":[],"class_list":["post-38734","page","type-page","status-publish","hentry"],"yoast_head":"<!-- This site is optimized with the Yoast SEO Premium plugin v27.4 (Yoast SEO v27.4) - https:\/\/yoast.com\/product\/yoast-seo-premium-wordpress\/ -->\n<title>Elevator Status Fees - City of Miami Beach<\/title>\n<meta name=\"description\" content=\"%\" \/>\n<meta name=\"robots\" content=\"index, follow, max-snippet:-1, max-image-preview:large, max-video-preview:-1\" \/>\n<link rel=\"canonical\" href=\"https:\/\/www.miamibeachfl.gov\/de\/city-hall\/public-works\/elevator-division\/elevator-status-fees\/\" \/>\n<meta property=\"og:locale\" content=\"de_DE\" \/>\n<meta property=\"og:type\" content=\"article\" \/>\n<meta property=\"og:title\" content=\"Elevator Status Fees\" \/>\n<meta property=\"og:description\" content=\"%\" \/>\n<meta property=\"og:url\" content=\"https:\/\/www.miamibeachfl.gov\/de\/city-hall\/public-works\/elevator-division\/elevator-status-fees\/\" \/>\n<meta property=\"og:site_name\" content=\"City of Miami Beach\" \/>\n<meta property=\"article:publisher\" content=\"https:\/\/www.facebook.com\/cityofmiamibeach\" \/>\n<meta property=\"article:modified_time\" content=\"2026-03-03T15:31:20+00:00\" \/>\n<meta property=\"og:image\" content=\"https:\/\/www.miamibeachfl.gov\/wp-content\/uploads\/2022\/07\/hero-small.jpg\" \/>\n<meta name=\"twitter:card\" content=\"summary_large_image\" \/>\n<meta name=\"twitter:site\" content=\"@Miamibeachnews\" \/>\n<script type=\"application\/ld+json\" class=\"yoast-schema-graph\">{\"@context\":\"https:\\\/\\\/schema.org\",\"@graph\":[{\"@type\":\"WebPage\",\"@id\":\"https:\\\/\\\/www.miamibeachfl.gov\\\/city-hall\\\/public-works\\\/elevator-division\\\/elevator-status-fees\\\/\",\"url\":\"https:\\\/\\\/www.miamibeachfl.gov\\\/city-hall\\\/public-works\\\/elevator-division\\\/elevator-status-fees\\\/\",\"name\":\"Elevator Status Fees - City of Miami Beach\",\"isPartOf\":{\"@id\":\"https:\\\/\\\/www.miamibeachfl.gov\\\/#website\"},\"primaryImageOfPage\":{\"@id\":\"https:\\\/\\\/www.miamibeachfl.gov\\\/city-hall\\\/public-works\\\/elevator-division\\\/elevator-status-fees\\\/#primaryimage\"},\"image\":{\"@id\":\"https:\\\/\\\/www.miamibeachfl.gov\\\/city-hall\\\/public-works\\\/elevator-division\\\/elevator-status-fees\\\/#primaryimage\"},\"thumbnailUrl\":\"https:\\\/\\\/www.miamibeachfl.gov\\\/wp-content\\\/uploads\\\/2022\\\/07\\\/hero-small.jpg\",\"datePublished\":\"2017-10-20T19:03:27+00:00\",\"dateModified\":\"2026-03-03T15:31:20+00:00\",\"description\":\"%\",\"breadcrumb\":{\"@id\":\"https:\\\/\\\/www.miamibeachfl.gov\\\/city-hall\\\/public-works\\\/elevator-division\\\/elevator-status-fees\\\/#breadcrumb\"},\"inLanguage\":\"de\",\"potentialAction\":[{\"@type\":\"ReadAction\",\"target\":[\"https:\\\/\\\/www.miamibeachfl.gov\\\/city-hall\\\/public-works\\\/elevator-division\\\/elevator-status-fees\\\/\"]}]},{\"@type\":\"ImageObject\",\"inLanguage\":\"de\",\"@id\":\"https:\\\/\\\/www.miamibeachfl.gov\\\/city-hall\\\/public-works\\\/elevator-division\\\/elevator-status-fees\\\/#primaryimage\",\"url\":\"https:\\\/\\\/www.miamibeachfl.gov\\\/wp-content\\\/uploads\\\/2022\\\/07\\\/hero-small.jpg\",\"contentUrl\":\"https:\\\/\\\/www.miamibeachfl.gov\\\/wp-content\\\/uploads\\\/2022\\\/07\\\/hero-small.jpg\"},{\"@type\":\"BreadcrumbList\",\"@id\":\"https:\\\/\\\/www.miamibeachfl.gov\\\/city-hall\\\/public-works\\\/elevator-division\\\/elevator-status-fees\\\/#breadcrumb\",\"itemListElement\":[{\"@type\":\"ListItem\",\"position\":1,\"name\":\"Home\",\"item\":\"https:\\\/\\\/www.miamibeachfl.gov\\\/\"},{\"@type\":\"ListItem\",\"position\":2,\"name\":\"City Hall\",\"item\":\"https:\\\/\\\/www.miamibeachfl.gov\\\/city-hall\\\/\"},{\"@type\":\"ListItem\",\"position\":3,\"name\":\"Public Works\",\"item\":\"https:\\\/\\\/www.miamibeachfl.gov\\\/city-hall\\\/public-works\\\/\"},{\"@type\":\"ListItem\",\"position\":4,\"name\":\"Elevator Division\",\"item\":\"https:\\\/\\\/www.miamibeachfl.gov\\\/city-hall\\\/public-works\\\/elevator-division\\\/\"},{\"@type\":\"ListItem\",\"position\":5,\"name\":\"Elevator Status Fees\"}]},{\"@type\":\"WebSite\",\"@id\":\"https:\\\/\\\/www.miamibeachfl.gov\\\/#website\",\"url\":\"https:\\\/\\\/www.miamibeachfl.gov\\\/\",\"name\":\"City of Miami Beach\",\"description\":\"The official website of the City of Miami Beach. Stay informed, find important information on city services, news, alerts, events, trolley routes, government employment and more.\",\"publisher\":{\"@id\":\"https:\\\/\\\/www.miamibeachfl.gov\\\/#organization\"},\"potentialAction\":[{\"@type\":\"SearchAction\",\"target\":{\"@type\":\"EntryPoint\",\"urlTemplate\":\"https:\\\/\\\/www.miamibeachfl.gov\\\/?s={search_term_string}\"},\"query-input\":{\"@type\":\"PropertyValueSpecification\",\"valueRequired\":true,\"valueName\":\"search_term_string\"}}],\"inLanguage\":\"de\"},{\"@type\":\"Organization\",\"@id\":\"https:\\\/\\\/www.miamibeachfl.gov\\\/#organization\",\"name\":\"City of Miami Beach\",\"url\":\"https:\\\/\\\/www.miamibeachfl.gov\\\/\",\"logo\":{\"@type\":\"ImageObject\",\"inLanguage\":\"de\",\"@id\":\"https:\\\/\\\/www.miamibeachfl.gov\\\/#\\\/schema\\\/logo\\\/image\\\/\",\"url\":\"https:\\\/\\\/www.miamibeachfl.gov\\\/wp-content\\\/uploads\\\/2022\\\/06\\\/miamibeach-logoblue.png\",\"contentUrl\":\"https:\\\/\\\/www.miamibeachfl.gov\\\/wp-content\\\/uploads\\\/2022\\\/06\\\/miamibeach-logoblue.png\",\"width\":1962,\"height\":381,\"caption\":\"City of Miami Beach\"},\"image\":{\"@id\":\"https:\\\/\\\/www.miamibeachfl.gov\\\/#\\\/schema\\\/logo\\\/image\\\/\"},\"sameAs\":[\"https:\\\/\\\/www.facebook.com\\\/cityofmiamibeach\",\"https:\\\/\\\/x.com\\\/Miamibeachnews\",\"https:\\\/\\\/www.instagram.com\\\/miamibeachnews\\\/\"],\"description\":\"The official website of the City of Miami Beach. Stay informed, find important information on city services, news, alerts, events, trolley routes, government employment and more.\",\"telephone\":\"305.604.CITY(2489)\",\"legalName\":\"City of Miami Beach\"}]}<\/script>\n<!-- \/ Yoast SEO Premium plugin. -->","yoast_head_json":{"title":"Geb\u00fchren f\u00fcr den Aufzugsstatus \u2013 Stadt Miami Beach","description":"%","robots":{"index":"index","follow":"follow","max-snippet":"max-snippet:-1","max-image-preview":"max-image-preview:large","max-video-preview":"max-video-preview:-1"},"canonical":"https:\/\/www.miamibeachfl.gov\/de\/city-hall\/public-works\/elevator-division\/elevator-status-fees\/","og_locale":"de_DE","og_type":"article","og_title":"Elevator Status Fees","og_description":"%","og_url":"https:\/\/www.miamibeachfl.gov\/de\/city-hall\/public-works\/elevator-division\/elevator-status-fees\/","og_site_name":"City of Miami Beach","article_publisher":"https:\/\/www.facebook.com\/cityofmiamibeach","article_modified_time":"2026-03-03T15:31:20+00:00","og_image":[{"url":"https:\/\/www.miamibeachfl.gov\/wp-content\/uploads\/2022\/07\/hero-small.jpg","type":"","width":"","height":""}],"twitter_card":"summary_large_image","twitter_site":"@Miamibeachnews","schema":{"@context":"https:\/\/schema.org","@graph":[{"@type":"WebPage","@id":"https:\/\/www.miamibeachfl.gov\/city-hall\/public-works\/elevator-division\/elevator-status-fees\/","url":"https:\/\/www.miamibeachfl.gov\/city-hall\/public-works\/elevator-division\/elevator-status-fees\/","name":"Geb\u00fchren f\u00fcr den Aufzugsstatus \u2013 Stadt Miami Beach","isPartOf":{"@id":"https:\/\/www.miamibeachfl.gov\/#website"},"primaryImageOfPage":{"@id":"https:\/\/www.miamibeachfl.gov\/city-hall\/public-works\/elevator-division\/elevator-status-fees\/#primaryimage"},"image":{"@id":"https:\/\/www.miamibeachfl.gov\/city-hall\/public-works\/elevator-division\/elevator-status-fees\/#primaryimage"},"thumbnailUrl":"https:\/\/www.miamibeachfl.gov\/wp-content\/uploads\/2022\/07\/hero-small.jpg","datePublished":"2017-10-20T19:03:27+00:00","dateModified":"2026-03-03T15:31:20+00:00","description":"%","breadcrumb":{"@id":"https:\/\/www.miamibeachfl.gov\/city-hall\/public-works\/elevator-division\/elevator-status-fees\/#breadcrumb"},"inLanguage":"de","potentialAction":[{"@type":"ReadAction","target":["https:\/\/www.miamibeachfl.gov\/city-hall\/public-works\/elevator-division\/elevator-status-fees\/"]}]},{"@type":"ImageObject","inLanguage":"de","@id":"https:\/\/www.miamibeachfl.gov\/city-hall\/public-works\/elevator-division\/elevator-status-fees\/#primaryimage","url":"https:\/\/www.miamibeachfl.gov\/wp-content\/uploads\/2022\/07\/hero-small.jpg","contentUrl":"https:\/\/www.miamibeachfl.gov\/wp-content\/uploads\/2022\/07\/hero-small.jpg"},{"@type":"BreadcrumbList","@id":"https:\/\/www.miamibeachfl.gov\/city-hall\/public-works\/elevator-division\/elevator-status-fees\/#breadcrumb","itemListElement":[{"@type":"ListItem","position":1,"name":"Home","item":"https:\/\/www.miamibeachfl.gov\/"},{"@type":"ListItem","position":2,"name":"City Hall","item":"https:\/\/www.miamibeachfl.gov\/city-hall\/"},{"@type":"ListItem","position":3,"name":"Public Works","item":"https:\/\/www.miamibeachfl.gov\/city-hall\/public-works\/"},{"@type":"ListItem","position":4,"name":"Elevator Division","item":"https:\/\/www.miamibeachfl.gov\/city-hall\/public-works\/elevator-division\/"},{"@type":"ListItem","position":5,"name":"Elevator Status Fees"}]},{"@type":"WebSite","@id":"https:\/\/www.miamibeachfl.gov\/#website","url":"https:\/\/www.miamibeachfl.gov\/","name":"Stadt Miami Beach","description":"Die offizielle Website der Stadt Miami Beach. Bleiben Sie informiert und finden Sie wichtige Informationen zu st\u00e4dtischen Dienstleistungen, Neuigkeiten, Warnungen, Veranstaltungen, Stra\u00dfenbahnlinien, Stellenangeboten im \u00f6ffentlichen Dienst und mehr.","publisher":{"@id":"https:\/\/www.miamibeachfl.gov\/#organization"},"potentialAction":[{"@type":"SearchAction","target":{"@type":"EntryPoint","urlTemplate":"https:\/\/www.miamibeachfl.gov\/?s={search_term_string}"},"query-input":{"@type":"PropertyValueSpecification","valueRequired":true,"valueName":"search_term_string"}}],"inLanguage":"de"},{"@type":"Organization","@id":"https:\/\/www.miamibeachfl.gov\/#organization","name":"Stadt Miami Beach","url":"https:\/\/www.miamibeachfl.gov\/","logo":{"@type":"ImageObject","inLanguage":"de","@id":"https:\/\/www.miamibeachfl.gov\/#\/schema\/logo\/image\/","url":"https:\/\/www.miamibeachfl.gov\/wp-content\/uploads\/2022\/06\/miamibeach-logoblue.png","contentUrl":"https:\/\/www.miamibeachfl.gov\/wp-content\/uploads\/2022\/06\/miamibeach-logoblue.png","width":1962,"height":381,"caption":"City of Miami Beach"},"image":{"@id":"https:\/\/www.miamibeachfl.gov\/#\/schema\/logo\/image\/"},"sameAs":["https:\/\/www.facebook.com\/cityofmiamibeach","https:\/\/x.com\/Miamibeachnews","https:\/\/www.instagram.com\/miamibeachnews\/"],"description":"Die offizielle Website der Stadt Miami Beach. Bleiben Sie informiert und finden Sie wichtige Informationen zu st\u00e4dtischen Dienstleistungen, Neuigkeiten, Warnungen, Veranstaltungen, Stra\u00dfenbahnlinien, Stellenangeboten im \u00f6ffentlichen Dienst und mehr.","telephone":"305.604.CITY(2489)","legalName":"City of Miami Beach"}]}},"_links":{"self":[{"href":"https:\/\/www.miamibeachfl.gov\/de\/wp-json\/wp\/v2\/pages\/38734","targetHints":{"allow":["GET"]}}],"collection":[{"href":"https:\/\/www.miamibeachfl.gov\/de\/wp-json\/wp\/v2\/pages"}],"about":[{"href":"https:\/\/www.miamibeachfl.gov\/de\/wp-json\/wp\/v2\/types\/page"}],"author":[{"embeddable":true,"href":"https:\/\/www.miamibeachfl.gov\/de\/wp-json\/wp\/v2\/users\/222"}],"replies":[{"embeddable":true,"href":"https:\/\/www.miamibeachfl.gov\/de\/wp-json\/wp\/v2\/comments?post=38734"}],"version-history":[{"count":7,"href":"https:\/\/www.miamibeachfl.gov\/de\/wp-json\/wp\/v2\/pages\/38734\/revisions"}],"predecessor-version":[{"id":397030,"href":"https:\/\/www.miamibeachfl.gov\/de\/wp-json\/wp\/v2\/pages\/38734\/revisions\/397030"}],"up":[{"embeddable":true,"href":"https:\/\/www.miamibeachfl.gov\/de\/wp-json\/wp\/v2\/pages\/28943"}],"wp:attachment":[{"href":"https:\/\/www.miamibeachfl.gov\/de\/wp-json\/wp\/v2\/media?parent=38734"}],"wp:term":[{"taxonomy":"category","embeddable":true,"href":"https:\/\/www.miamibeachfl.gov\/de\/wp-json\/wp\/v2\/categories?post=38734"},{"taxonomy":"post_tag","embeddable":true,"href":"https:\/\/www.miamibeachfl.gov\/de\/wp-json\/wp\/v2\/tags?post=38734"}],"curies":[{"name":"wp","href":"https:\/\/api.w.org\/{rel}","templated":true}]}}