{"id":38736,"date":"2017-10-20T15:07:14","date_gmt":"2017-10-20T19:07:14","guid":{"rendered":"http:\/\/www.miamibeachfl.gov\/city-hall\/public-works\/elevator-division\/elevator-faqs\/"},"modified":"2026-03-03T10:24:39","modified_gmt":"2026-03-03T15:24:39","slug":"elevator-faqs","status":"publish","type":"page","link":"https:\/\/www.miamibeachfl.gov\/de\/city-hall\/public-works\/elevator-division\/elevator-faqs\/","title":{"rendered":"H\u00e4ufig gestellte Fragen zu Aufz\u00fcgen"},"content":{"rendered":"<img decoding=\"async\" src=\"https:\/\/www.miamibeachfl.gov\/wp-content\/uploads\/2022\/07\/hero-small.jpg\" alt=\"ocean drive art deco buildings\" itemprop=\"image\" height=\"211\" width=\"2395\" title=\"Held-klein\" onerror=\"this.style.display='none'\" loading=\"lazy\" \/>\n<h1>\n\t\t\tH\u00e4ufig gestellte Fragen zu Aufz\u00fcgen\t<\/h1>\n\t<nav id=\"breadcrumbs\" aria-label=\"Paniermehl\"><a href=\"https:\/\/www.miamibeachfl.gov\/de\/\">Heim<\/a> &gt; <a href=\"https:\/\/www.miamibeachfl.gov\/de\/city-hall\/\">Rathaus<\/a> &gt; <a href=\"https:\/\/www.miamibeachfl.gov\/de\/city-hall\/public-works\/\">\u00d6ffentliche Arbeiten<\/a> &gt; <a href=\"https:\/\/www.miamibeachfl.gov\/de\/city-hall\/public-works\/elevator-division\/\">Aufzugsabteilung<\/a> &gt; <strong>H\u00e4ufig gestellte Fragen zu Aufz\u00fcgen<\/strong><\/nav>\n\t<strong>Warum ist im Aufzug eine Betriebserlaubnis vorhanden?<br \/>\n<\/strong>Das Betriebszertifikat ist eine Lizenz, die den Betrieb Ihres Hebeger\u00e4ts erlaubt. Es wird ausgestellt, nachdem Ihr Ger\u00e4t eine Sicherheitspr\u00fcfung bestanden hat. \u200b<strong>Was ist der Unterschied zwischen einer Aufzugsbetriebsbescheinigung und einer Aufzugsgenehmigung?<br \/>\n<\/strong>F\u00fcr die Installation einer neuen Hebeanlage sowie f\u00fcr Reparaturen und\/oder \u00c4nderungen an einer bestehenden Anlage ist eine Genehmigung erforderlich. Eine Betriebserlaubnis (Certificate of Operation) ist eine Lizenz zum Betrieb der Anlage. Nur ein zugelassener Aufzugsbauer kann eine Genehmigung beantragen.<strong>Wann l\u00e4uft die Betriebserlaubnis ab?<br \/>\n<\/strong>Das Ablaufdatum des Zertifikats wird aus der letzten durchgef\u00fchrten Inspektion und Pr\u00fcfung generiert und bleibt jedes Jahr dasselbe Datum. Siehe die <a href=\"http:\/\/www.miamibeachfl.gov\/wp-content\/uploads\/2018\/06\/MIAMI-BEACH-ELEVATOR-CERTIFICATE-OF-OPERATION-NEW-POLICY-AND-PROCEDURE.pdf\">Betriebszertifikat f\u00fcr Aufz\u00fcge in Miami Beach \u2013 Neue Richtlinien und Verfahren\u00a0<\/a>\u00a0Formular f\u00fcr weitere Informationen.\n<p><strong>Ist f\u00fcr den Erhalt der Betriebserlaubnis eine Zahlung erforderlich?<\/strong><\/p>\n<p>Ja, f\u00fcr jede Einheit ist j\u00e4hrlich eine Zahlung erforderlich. Wir senden Ihnen j\u00e4hrlich eine Rechnung mit einem Verl\u00e4ngerungsformular zu. Bitte legen Sie Ihrer Zahlung das Verl\u00e4ngerungsformular (einschlie\u00dflich aller \u00c4nderungen bei Eigent\u00fcmern, Verwaltung oder Wartungsfirma) bei und senden Sie es an uns zur\u00fcck.<\/p>\n\u200b\u200b\u200b<strong>\u200b<\/strong><strong>Was passiert, wenn die Betriebserlaubnis abgelaufen ist?<br \/>\n<\/strong>Dies ist ein Versto\u00df. Sofort <strong>Kontaktieren Sie uns<\/strong> um zu erfahren, wie Sie ein aktuelles Zertifikat erhalten. Andernfalls fallen Versp\u00e4tungsgeb\u00fchren und m\u00f6gliche Bu\u00dfgelder an.<strong>\u200b<\/strong><strong>F\u00fcr welche Hebevorrichtungen ist eine Betriebserlaubnis erforderlich?<br \/>\n<\/strong>F\u00fcr alle gewerblichen Aufz\u00fcge, Rollstuhl-\/Treppenlifte, Rolltreppen, Fahrsteige, Speiseaufz\u00fcge und Ger\u00e4te mit eingeschr\u00e4nkter Nutzung und eingeschr\u00e4nktem Zugang (LULA) in der Stadt Miami Beach ist eine Betriebsgenehmigung erforderlich. \u200b<strong>\u200b<\/strong><strong>M\u00fcssen Hebevorrichtungen j\u00e4hrlich \u00fcberpr\u00fcft werden?<br \/>\n<\/strong>Ja, Hebevorrichtungen m\u00fcssen j\u00e4hrlich auf ihre Sicherheit gepr\u00fcft werden. Es liegt in Ihrer Verantwortung, diese Pr\u00fcfungen innerhalb eines Jahres nach Ihrer letzten Inspektion von einem zugelassenen Aufzugswartungsunternehmen durchf\u00fchren zu lassen. Alle Hebevorrichtungen m\u00fcssen eine j\u00e4hrliche Inspektion bestehen und etwaige Verst\u00f6\u00dfe beheben, bevor eine Betriebserlaubnis ausgestellt wird.<strong>\u200b<\/strong><strong>Was passiert, wenn die j\u00e4hrliche Inspektion nicht durchgef\u00fchrt wird?<br \/>\n<\/strong>Bei unterlassener \u00dcberpr\u00fcfung Ihres Ger\u00e4ts drohen Ihnen m\u00f6glicherweise Strafen und Bu\u00dfgelder, gegebenenfalls kann es auch zu einer Stilllegung kommen. \u200b<strong>\u200b<\/strong><strong>Was passiert, wenn bei einer j\u00e4hrlichen Inspektion Verst\u00f6\u00dfe festgestellt werden?<br \/>\n<\/strong>Alle Verst\u00f6\u00dfe werden im Inspektionsbericht vermerkt. Sie m\u00fcssen alle Verst\u00f6\u00dfe korrigieren und innerhalb von <strong>90 Tage<\/strong> der Inspektion. Sie m\u00fcssen alle Verst\u00f6\u00dfe beheben, bevor eine aktuelle Betriebsbescheinigung ausgestellt wird. \u200b<strong>\u200b<\/strong><strong>Was passiert, wenn die Verst\u00f6\u00dfe nicht innerhalb von 90 Tagen oder \u00fcberhaupt nicht behoben werden?<br \/>\n<\/strong>Bei Nichteinhaltung innerhalb von 90 Tagen drohen Ihnen m\u00f6glicherweise Strafen und Bu\u00dfgelder und gegebenenfalls die Sperrung Ihres Ger\u00e4ts. \u200b<strong>Wer ist f\u00fcr die Behebung der Verst\u00f6\u00dfe verantwortlich?<br \/>\n<\/strong>Sie sind f\u00fcr die Behebung aller Verst\u00f6\u00dfe verantwortlich. Ihr Aufzugswartungsvertrag kann jedoch die Behebung einiger oder aller Verst\u00f6\u00dfe abdecken. Wenden Sie sich an Ihr Aufzugsunternehmen, um zu kl\u00e4ren, wer verantwortlich ist: Sie, das Aufzugsunternehmen oder beide.<strong>\u200b<\/strong><strong>Was passiert, nachdem alle Verst\u00f6\u00dfe behoben wurden?<br \/>\n<\/strong>Sobald alle Verst\u00f6\u00dfe behoben sind, m\u00fcssen Sie oder Ihr Hausverwalter die gelbe Kopie des Inspektionsberichts unterschreiben und datieren, um die Behebung aller Verst\u00f6\u00dfe zu best\u00e4tigen. Senden Sie uns den Bericht anschlie\u00dfend innerhalb von 90 Tagen nach der Inspektion zur\u00fcck. Sollte die Betriebserlaubnis Ihres Ger\u00e4ts abgelaufen sein, stellen wir Ihnen nach Zahlung der Verl\u00e4ngerungsgeb\u00fchr und Kl\u00e4rung aller weiteren relevanten Fragen eine neue aus.<strong>\u200b<\/strong><strong>Was passiert, wenn die Behebung bestimmter Verst\u00f6\u00dfe mehr Zeit als 90 Tage in Anspruch nimmt?<br \/>\n<\/strong>Wir unterst\u00fctzen Sie bei der Suche nach einem <strong>Tempor\u00e4re Abweichung<\/strong>, wodurch sich Ihre Frist zur Einhaltung der Vorschriften \u00fcber 90 Tage hinaus verl\u00e4ngern kann. \u200b<strong>\u200b<\/strong><strong>Was ist eine Varianz?<br \/>\n<\/strong>Es handelt sich um eine offizielle Genehmigung von uns, die die vom Gesetz des Staates Florida vorgeschriebene 90-t\u00e4gige Frist verl\u00e4ngert, in der Sie alle notwendigen Reparaturen und Korrekturen an Ihrem Hebeger\u00e4t vornehmen k\u00f6nnen. \u200b<strong>\u200b<\/strong><strong>Ist es notwendig, alle Eigent\u00fcmerkontaktinformationen im Aufzugsbereich auf dem neuesten Stand zu halten?<br \/>\n<\/strong>Ja, das ist es. Wir sollten Sie kontaktieren k\u00f6nnen, um den sicheren Betrieb Ihres Ger\u00e4ts zu pr\u00fcfen und sicherzustellen. Sollten Sie Ihre Daten und die Ihres Aufzugswartungsunternehmens nicht aktuell halten, drohen Ihnen m\u00f6glicherweise Bu\u00dfgelder und andere gesetzlich vorgesehene Strafen. Bei Fragen zu Aufz\u00fcgen senden Sie bitte eine E-Mail an:<br \/>\nJoey Gan, Chefinspektor f\u00fcr Aufz\u00fcge<br \/>\n<a href=\"mailto:Joeygan@miamibeachfl.gov\">Joeygan@miamibeachfl.gov<\/a>\n\t\tNavigieren Sie zu\u2026\t\t\t\n\t\t\t\t\t<ul id=\"menu-public-works-elevator\"><li id=\"menu-item-364284\"><a href=\"\/de\/city-hall\/public-works\/elevator-division\/elevator-faqs\/\">H\u00e4ufig gestellte Fragen zu Aufz\u00fcgen<\/a><\/li>\n<li id=\"menu-item-364285\"><a href=\"\/de\/city-hall\/public-works\/elevator-division\/elevator-forms\/\">Aufzugsformulare<\/a><\/li>\n<li id=\"menu-item-364286\"><a href=\"\/de\/city-hall\/public-works\/elevator-division\/elevator-permit\/\">Aufzugsgenehmigung<\/a><\/li>\n<li id=\"menu-item-364288\"><a href=\"\/de\/city-hall\/public-works\/elevator-division\/elevator-status-fees\/\">Geb\u00fchren f\u00fcr den Aufzugsstatus<\/a><\/li>\n<li id=\"menu-item-364289\"><a href=\"\/de\/city-hall\/public-works\/elevator-division\/regulations-requirements\/\">Vorschriften und Anforderungen<\/a><\/li>\n<li id=\"menu-item-364290\"><a href=\"\/de\/city-hall\/public-works\/elevator-division\/prescriptive-based-process\/\">Meldung von Aufzugsunf\u00e4llen<\/a><\/li>\n<li id=\"menu-item-364291\"><a href=\"\/de\/city-hall\/public-works\/elevator-division\/requesting-an-inspection\/\">Eine Inspektion anfordern<\/a><\/li>\n<\/ul>\t\n\t<div class=\"page-navigation\"><a class=\"prev-page\" href=\"https:\/\/www.miamibeachfl.gov\/de\/city-hall\/public-works\/elevator-division\/elevator-status-fees\/\">\u2190 Aufzugsstatusgeb\u00fchren<\/a> <a class=\"next-page\" href=\"https:\/\/www.miamibeachfl.gov\/de\/city-hall\/public-works\/elevator-division\/prescriptive-based-process\/\">Meldung von Aufzugsunf\u00e4llen \u2192<\/a><\/div>","protected":false},"excerpt":{"rendered":"<p>Elevator FAQs Home &gt; City Hall &gt; Public Works &gt; Elevator Division &gt; Elevator FAQs Why is there a Certificate [&hellip;]<\/p>\n","protected":false},"author":222,"featured_media":0,"parent":28943,"menu_order":0,"comment_status":"closed","ping_status":"closed","template":"","meta":{"_searchwp_excluded":"","site-sidebar-layout":"default","site-content-layout":"","ast-site-content-layout":"default","site-content-style":"default","site-sidebar-style":"default","ast-global-header-display":"","ast-banner-title-visibility":"","ast-main-header-display":"","ast-hfb-above-header-display":"","ast-hfb-below-header-display":"","ast-hfb-mobile-header-display":"","site-post-title":"","ast-breadcrumbs-content":"","ast-featured-img":"","footer-sml-layout":"","theme-transparent-header-meta":"","adv-header-id-meta":"","stick-header-meta":"","header-above-stick-meta":"","header-main-stick-meta":"","header-below-stick-meta":"","astra-migrate-meta-layouts":"default","ast-page-background-enabled":"default","ast-page-background-meta":{"desktop":{"background-color":"var(--ast-global-color-5)","background-image":"","background-repeat":"repeat","background-position":"center center","background-size":"auto","background-attachment":"scroll","background-type":"","background-media":"","overlay-type":"","overlay-color":"","overlay-opacity":"","overlay-gradient":""},"tablet":{"background-color":"","background-image":"","background-repeat":"repeat","background-position":"center center","background-size":"auto","background-attachment":"scroll","background-type":"","background-media":"","overlay-type":"","overlay-color":"","overlay-opacity":"","overlay-gradient":""},"mobile":{"background-color":"","background-image":"","background-repeat":"repeat","background-position":"center center","background-size":"auto","background-attachment":"scroll","background-type":"","background-media":"","overlay-type":"","overlay-color":"","overlay-opacity":"","overlay-gradient":""}},"ast-content-background-meta":{"desktop":{"background-color":"var(--ast-global-color-4)","background-image":"","background-repeat":"repeat","background-position":"center center","background-size":"auto","background-attachment":"scroll","background-type":"","background-media":"","overlay-type":"","overlay-color":"","overlay-opacity":"","overlay-gradient":""},"tablet":{"background-color":"var(--ast-global-color-4)","background-image":"","background-repeat":"repeat","background-position":"center center","background-size":"auto","background-attachment":"scroll","background-type":"","background-media":"","overlay-type":"","overlay-color":"","overlay-opacity":"","overlay-gradient":""},"mobile":{"background-color":"var(--ast-global-color-4)","background-image":"","background-repeat":"repeat","background-position":"center center","background-size":"auto","background-attachment":"scroll","background-type":"","background-media":"","overlay-type":"","overlay-color":"","overlay-opacity":"","overlay-gradient":""}},"footnotes":""},"categories":[],"tags":[],"class_list":["post-38736","page","type-page","status-publish","hentry"],"yoast_head":"<!-- This site is optimized with the Yoast SEO Premium plugin v27.4 (Yoast SEO v27.4) - https:\/\/yoast.com\/product\/yoast-seo-premium-wordpress\/ -->\n<title>Elevator FAQs - City of Miami Beach<\/title>\n<meta name=\"description\" content=\"%\" \/>\n<meta name=\"robots\" content=\"index, follow, max-snippet:-1, max-image-preview:large, max-video-preview:-1\" \/>\n<link rel=\"canonical\" href=\"https:\/\/www.miamibeachfl.gov\/de\/city-hall\/public-works\/elevator-division\/elevator-faqs\/\" \/>\n<meta property=\"og:locale\" content=\"de_DE\" \/>\n<meta property=\"og:type\" content=\"article\" \/>\n<meta property=\"og:title\" content=\"Elevator FAQs\" \/>\n<meta property=\"og:description\" content=\"%\" \/>\n<meta property=\"og:url\" content=\"https:\/\/www.miamibeachfl.gov\/de\/city-hall\/public-works\/elevator-division\/elevator-faqs\/\" \/>\n<meta property=\"og:site_name\" content=\"City of Miami Beach\" \/>\n<meta property=\"article:publisher\" content=\"https:\/\/www.facebook.com\/cityofmiamibeach\" \/>\n<meta property=\"article:modified_time\" content=\"2026-03-03T15:24:39+00:00\" \/>\n<meta property=\"og:image\" content=\"https:\/\/www.miamibeachfl.gov\/wp-content\/uploads\/2022\/07\/hero-small.jpg\" \/>\n<meta name=\"twitter:card\" content=\"summary_large_image\" \/>\n<meta name=\"twitter:site\" content=\"@Miamibeachnews\" \/>\n<script type=\"application\/ld+json\" class=\"yoast-schema-graph\">{\"@context\":\"https:\\\/\\\/schema.org\",\"@graph\":[{\"@type\":\"WebPage\",\"@id\":\"https:\\\/\\\/www.miamibeachfl.gov\\\/city-hall\\\/public-works\\\/elevator-division\\\/elevator-faqs\\\/\",\"url\":\"https:\\\/\\\/www.miamibeachfl.gov\\\/city-hall\\\/public-works\\\/elevator-division\\\/elevator-faqs\\\/\",\"name\":\"Elevator FAQs - City of Miami Beach\",\"isPartOf\":{\"@id\":\"https:\\\/\\\/www.miamibeachfl.gov\\\/#website\"},\"primaryImageOfPage\":{\"@id\":\"https:\\\/\\\/www.miamibeachfl.gov\\\/city-hall\\\/public-works\\\/elevator-division\\\/elevator-faqs\\\/#primaryimage\"},\"image\":{\"@id\":\"https:\\\/\\\/www.miamibeachfl.gov\\\/city-hall\\\/public-works\\\/elevator-division\\\/elevator-faqs\\\/#primaryimage\"},\"thumbnailUrl\":\"https:\\\/\\\/www.miamibeachfl.gov\\\/wp-content\\\/uploads\\\/2022\\\/07\\\/hero-small.jpg\",\"datePublished\":\"2017-10-20T19:07:14+00:00\",\"dateModified\":\"2026-03-03T15:24:39+00:00\",\"description\":\"%\",\"breadcrumb\":{\"@id\":\"https:\\\/\\\/www.miamibeachfl.gov\\\/city-hall\\\/public-works\\\/elevator-division\\\/elevator-faqs\\\/#breadcrumb\"},\"inLanguage\":\"de\",\"potentialAction\":[{\"@type\":\"ReadAction\",\"target\":[\"https:\\\/\\\/www.miamibeachfl.gov\\\/city-hall\\\/public-works\\\/elevator-division\\\/elevator-faqs\\\/\"]}]},{\"@type\":\"ImageObject\",\"inLanguage\":\"de\",\"@id\":\"https:\\\/\\\/www.miamibeachfl.gov\\\/city-hall\\\/public-works\\\/elevator-division\\\/elevator-faqs\\\/#primaryimage\",\"url\":\"https:\\\/\\\/www.miamibeachfl.gov\\\/wp-content\\\/uploads\\\/2022\\\/07\\\/hero-small.jpg\",\"contentUrl\":\"https:\\\/\\\/www.miamibeachfl.gov\\\/wp-content\\\/uploads\\\/2022\\\/07\\\/hero-small.jpg\"},{\"@type\":\"BreadcrumbList\",\"@id\":\"https:\\\/\\\/www.miamibeachfl.gov\\\/city-hall\\\/public-works\\\/elevator-division\\\/elevator-faqs\\\/#breadcrumb\",\"itemListElement\":[{\"@type\":\"ListItem\",\"position\":1,\"name\":\"Home\",\"item\":\"https:\\\/\\\/www.miamibeachfl.gov\\\/\"},{\"@type\":\"ListItem\",\"position\":2,\"name\":\"City Hall\",\"item\":\"https:\\\/\\\/www.miamibeachfl.gov\\\/city-hall\\\/\"},{\"@type\":\"ListItem\",\"position\":3,\"name\":\"Public Works\",\"item\":\"https:\\\/\\\/www.miamibeachfl.gov\\\/city-hall\\\/public-works\\\/\"},{\"@type\":\"ListItem\",\"position\":4,\"name\":\"Elevator Division\",\"item\":\"https:\\\/\\\/www.miamibeachfl.gov\\\/city-hall\\\/public-works\\\/elevator-division\\\/\"},{\"@type\":\"ListItem\",\"position\":5,\"name\":\"Elevator FAQs\"}]},{\"@type\":\"WebSite\",\"@id\":\"https:\\\/\\\/www.miamibeachfl.gov\\\/#website\",\"url\":\"https:\\\/\\\/www.miamibeachfl.gov\\\/\",\"name\":\"City of Miami Beach\",\"description\":\"The official website of the City of Miami Beach. Stay informed, find important information on city services, news, alerts, events, trolley routes, government employment and more.\",\"publisher\":{\"@id\":\"https:\\\/\\\/www.miamibeachfl.gov\\\/#organization\"},\"potentialAction\":[{\"@type\":\"SearchAction\",\"target\":{\"@type\":\"EntryPoint\",\"urlTemplate\":\"https:\\\/\\\/www.miamibeachfl.gov\\\/?s={search_term_string}\"},\"query-input\":{\"@type\":\"PropertyValueSpecification\",\"valueRequired\":true,\"valueName\":\"search_term_string\"}}],\"inLanguage\":\"de\"},{\"@type\":\"Organization\",\"@id\":\"https:\\\/\\\/www.miamibeachfl.gov\\\/#organization\",\"name\":\"City of Miami Beach\",\"url\":\"https:\\\/\\\/www.miamibeachfl.gov\\\/\",\"logo\":{\"@type\":\"ImageObject\",\"inLanguage\":\"de\",\"@id\":\"https:\\\/\\\/www.miamibeachfl.gov\\\/#\\\/schema\\\/logo\\\/image\\\/\",\"url\":\"https:\\\/\\\/www.miamibeachfl.gov\\\/wp-content\\\/uploads\\\/2022\\\/06\\\/miamibeach-logoblue.png\",\"contentUrl\":\"https:\\\/\\\/www.miamibeachfl.gov\\\/wp-content\\\/uploads\\\/2022\\\/06\\\/miamibeach-logoblue.png\",\"width\":1962,\"height\":381,\"caption\":\"City of Miami Beach\"},\"image\":{\"@id\":\"https:\\\/\\\/www.miamibeachfl.gov\\\/#\\\/schema\\\/logo\\\/image\\\/\"},\"sameAs\":[\"https:\\\/\\\/www.facebook.com\\\/cityofmiamibeach\",\"https:\\\/\\\/x.com\\\/Miamibeachnews\",\"https:\\\/\\\/www.instagram.com\\\/miamibeachnews\\\/\"],\"description\":\"The official website of the City of Miami Beach. Stay informed, find important information on city services, news, alerts, events, trolley routes, government employment and more.\",\"telephone\":\"305.604.CITY(2489)\",\"legalName\":\"City of Miami Beach\"}]}<\/script>\n<!-- \/ Yoast SEO Premium plugin. -->","yoast_head_json":{"title":"H\u00e4ufig gestellte Fragen zu Aufz\u00fcgen \u2013 Stadt Miami Beach","description":"%","robots":{"index":"index","follow":"follow","max-snippet":"max-snippet:-1","max-image-preview":"max-image-preview:large","max-video-preview":"max-video-preview:-1"},"canonical":"https:\/\/www.miamibeachfl.gov\/de\/city-hall\/public-works\/elevator-division\/elevator-faqs\/","og_locale":"de_DE","og_type":"article","og_title":"Elevator FAQs","og_description":"%","og_url":"https:\/\/www.miamibeachfl.gov\/de\/city-hall\/public-works\/elevator-division\/elevator-faqs\/","og_site_name":"City of Miami Beach","article_publisher":"https:\/\/www.facebook.com\/cityofmiamibeach","article_modified_time":"2026-03-03T15:24:39+00:00","og_image":[{"url":"https:\/\/www.miamibeachfl.gov\/wp-content\/uploads\/2022\/07\/hero-small.jpg","type":"","width":"","height":""}],"twitter_card":"summary_large_image","twitter_site":"@Miamibeachnews","schema":{"@context":"https:\/\/schema.org","@graph":[{"@type":"WebPage","@id":"https:\/\/www.miamibeachfl.gov\/city-hall\/public-works\/elevator-division\/elevator-faqs\/","url":"https:\/\/www.miamibeachfl.gov\/city-hall\/public-works\/elevator-division\/elevator-faqs\/","name":"H\u00e4ufig gestellte Fragen zu Aufz\u00fcgen \u2013 Stadt Miami Beach","isPartOf":{"@id":"https:\/\/www.miamibeachfl.gov\/#website"},"primaryImageOfPage":{"@id":"https:\/\/www.miamibeachfl.gov\/city-hall\/public-works\/elevator-division\/elevator-faqs\/#primaryimage"},"image":{"@id":"https:\/\/www.miamibeachfl.gov\/city-hall\/public-works\/elevator-division\/elevator-faqs\/#primaryimage"},"thumbnailUrl":"https:\/\/www.miamibeachfl.gov\/wp-content\/uploads\/2022\/07\/hero-small.jpg","datePublished":"2017-10-20T19:07:14+00:00","dateModified":"2026-03-03T15:24:39+00:00","description":"%","breadcrumb":{"@id":"https:\/\/www.miamibeachfl.gov\/city-hall\/public-works\/elevator-division\/elevator-faqs\/#breadcrumb"},"inLanguage":"de","potentialAction":[{"@type":"ReadAction","target":["https:\/\/www.miamibeachfl.gov\/city-hall\/public-works\/elevator-division\/elevator-faqs\/"]}]},{"@type":"ImageObject","inLanguage":"de","@id":"https:\/\/www.miamibeachfl.gov\/city-hall\/public-works\/elevator-division\/elevator-faqs\/#primaryimage","url":"https:\/\/www.miamibeachfl.gov\/wp-content\/uploads\/2022\/07\/hero-small.jpg","contentUrl":"https:\/\/www.miamibeachfl.gov\/wp-content\/uploads\/2022\/07\/hero-small.jpg"},{"@type":"BreadcrumbList","@id":"https:\/\/www.miamibeachfl.gov\/city-hall\/public-works\/elevator-division\/elevator-faqs\/#breadcrumb","itemListElement":[{"@type":"ListItem","position":1,"name":"Home","item":"https:\/\/www.miamibeachfl.gov\/"},{"@type":"ListItem","position":2,"name":"City Hall","item":"https:\/\/www.miamibeachfl.gov\/city-hall\/"},{"@type":"ListItem","position":3,"name":"Public Works","item":"https:\/\/www.miamibeachfl.gov\/city-hall\/public-works\/"},{"@type":"ListItem","position":4,"name":"Elevator Division","item":"https:\/\/www.miamibeachfl.gov\/city-hall\/public-works\/elevator-division\/"},{"@type":"ListItem","position":5,"name":"Elevator FAQs"}]},{"@type":"WebSite","@id":"https:\/\/www.miamibeachfl.gov\/#website","url":"https:\/\/www.miamibeachfl.gov\/","name":"Stadt Miami Beach","description":"Die offizielle Website der Stadt Miami Beach. Bleiben Sie informiert und finden Sie wichtige Informationen zu st\u00e4dtischen Dienstleistungen, Neuigkeiten, Warnungen, Veranstaltungen, Stra\u00dfenbahnlinien, Stellenangeboten im \u00f6ffentlichen Dienst und mehr.","publisher":{"@id":"https:\/\/www.miamibeachfl.gov\/#organization"},"potentialAction":[{"@type":"SearchAction","target":{"@type":"EntryPoint","urlTemplate":"https:\/\/www.miamibeachfl.gov\/?s={search_term_string}"},"query-input":{"@type":"PropertyValueSpecification","valueRequired":true,"valueName":"search_term_string"}}],"inLanguage":"de"},{"@type":"Organization","@id":"https:\/\/www.miamibeachfl.gov\/#organization","name":"Stadt Miami Beach","url":"https:\/\/www.miamibeachfl.gov\/","logo":{"@type":"ImageObject","inLanguage":"de","@id":"https:\/\/www.miamibeachfl.gov\/#\/schema\/logo\/image\/","url":"https:\/\/www.miamibeachfl.gov\/wp-content\/uploads\/2022\/06\/miamibeach-logoblue.png","contentUrl":"https:\/\/www.miamibeachfl.gov\/wp-content\/uploads\/2022\/06\/miamibeach-logoblue.png","width":1962,"height":381,"caption":"City of Miami Beach"},"image":{"@id":"https:\/\/www.miamibeachfl.gov\/#\/schema\/logo\/image\/"},"sameAs":["https:\/\/www.facebook.com\/cityofmiamibeach","https:\/\/x.com\/Miamibeachnews","https:\/\/www.instagram.com\/miamibeachnews\/"],"description":"Die offizielle Website der Stadt Miami Beach. Bleiben Sie informiert und finden Sie wichtige Informationen zu st\u00e4dtischen Dienstleistungen, Neuigkeiten, Warnungen, Veranstaltungen, Stra\u00dfenbahnlinien, Stellenangeboten im \u00f6ffentlichen Dienst und mehr.","telephone":"305.604.CITY(2489)","legalName":"City of Miami Beach"}]}},"_links":{"self":[{"href":"https:\/\/www.miamibeachfl.gov\/de\/wp-json\/wp\/v2\/pages\/38736","targetHints":{"allow":["GET"]}}],"collection":[{"href":"https:\/\/www.miamibeachfl.gov\/de\/wp-json\/wp\/v2\/pages"}],"about":[{"href":"https:\/\/www.miamibeachfl.gov\/de\/wp-json\/wp\/v2\/types\/page"}],"author":[{"embeddable":true,"href":"https:\/\/www.miamibeachfl.gov\/de\/wp-json\/wp\/v2\/users\/222"}],"replies":[{"embeddable":true,"href":"https:\/\/www.miamibeachfl.gov\/de\/wp-json\/wp\/v2\/comments?post=38736"}],"version-history":[{"count":2,"href":"https:\/\/www.miamibeachfl.gov\/de\/wp-json\/wp\/v2\/pages\/38736\/revisions"}],"predecessor-version":[{"id":397025,"href":"https:\/\/www.miamibeachfl.gov\/de\/wp-json\/wp\/v2\/pages\/38736\/revisions\/397025"}],"up":[{"embeddable":true,"href":"https:\/\/www.miamibeachfl.gov\/de\/wp-json\/wp\/v2\/pages\/28943"}],"wp:attachment":[{"href":"https:\/\/www.miamibeachfl.gov\/de\/wp-json\/wp\/v2\/media?parent=38736"}],"wp:term":[{"taxonomy":"category","embeddable":true,"href":"https:\/\/www.miamibeachfl.gov\/de\/wp-json\/wp\/v2\/categories?post=38736"},{"taxonomy":"post_tag","embeddable":true,"href":"https:\/\/www.miamibeachfl.gov\/de\/wp-json\/wp\/v2\/tags?post=38736"}],"curies":[{"name":"wp","href":"https:\/\/api.w.org\/{rel}","templated":true}]}}