{"id":391271,"date":"2025-11-06T15:59:03","date_gmt":"2025-11-06T20:59:03","guid":{"rendered":"https:\/\/www.miamibeachfl.gov\/?page_id=391271"},"modified":"2025-12-17T10:33:21","modified_gmt":"2025-12-17T15:33:21","slug":"biscayne-bay","status":"publish","type":"page","link":"https:\/\/www.miamibeachfl.gov\/de\/water-quality\/biscayne-bay\/","title":{"rendered":"Wasserqualit\u00e4t \u2013 Biscayne Bay"},"content":{"rendered":"<button tabindex=\"0\" aria-label=\"Speisekarte\" aria-expanded=\"false\">\n\t\t\t\tSpeisekarte\t\t\t<\/button>\n\t<nav aria-label=\"Speisekarte\" itemscope=\"itemscope\" itemtype=\"https:\/\/schema.org\/SiteNavigationElement\">\n\t\t<a href=\"javascript:void(0)\" aria-label=\"Men\u00fc schlie\u00dfen\" role=\"button\">\u00d7<\/a>\n\t\t<ul id=\"menu-water-quality\"><li id=\"menu-item-391246\"><a href=\"https:\/\/www.miamibeachfl.gov\/de\/water-quality\/\">Heim<\/a><\/li><li id=\"menu-item-391270\"><a href=\"https:\/\/www.miamibeachfl.gov\/de\/water-quality\/water-quality-miami-beach\/\">Baden<\/a><\/li><li id=\"menu-item-391303\"><a href=\"https:\/\/www.miamibeachfl.gov\/de\/water-quality\/biscayne-bay\/\" aria-current=\"page\">Biscayne Bay<\/a><\/li><li id=\"menu-item-391302\"><a href=\"https:\/\/www.miamibeachfl.gov\/de\/water-quality\/pollution-prevention\/\">Umweltverschmutzungspr\u00e4vention<\/a><\/li><li id=\"menu-item-391300\"><a href=\"https:\/\/www.miamibeachfl.gov\/de\/water-quality\/drinking-water\/\">Trinkwasser<\/a><\/li><\/ul>\t<\/nav>\n\t\t\t\t<img decoding=\"async\" src=\"https:\/\/www.miamibeachfl.gov\/wp-content\/uploads\/2025\/11\/Biscayne-Bay_2optimized.jpg\" alt=\"biscayne bay\" itemprop=\"image\" height=\"500\" width=\"500\" title=\"Biscayne Bay_2optimiert\" onerror=\"this.style.display='none'\" loading=\"lazy\" \/>\n<h1>\n\t\t\tBiscayne Bay\t<\/h1>\n\t<p>Die Biscayne Bay erstreckt sich \u00fcber 428 Quadratmeilen und umschlie\u00dft Miami Beach vom Festland. Sie umfasst zwei staatliche Meeresschutzgebiete, einen Nationalpark und ein nationales Meeresschutzgebiet. Der Schutz dieses wichtigen Naturraums hat f\u00fcr die Stadt Miami Beach h\u00f6chste Priorit\u00e4t. Erfahren Sie unten mehr \u00fcber die Geschichte der Bucht, die Wasserqualit\u00e4t und die damit verbundenen Umweltschutzma\u00dfnahmen sowie \u00fcber die Richtlinien f\u00fcr Bootsfahrten und Freizeitaktivit\u00e4ten.<\/p>\n\t<nav id=\"breadcrumbs\" aria-label=\"Paniermehl\"><a href=\"https:\/\/www.miamibeachfl.gov\/de\/\">Heim<\/a> &gt; <a href=\"https:\/\/www.miamibeachfl.gov\/de\/water-quality\/\">Wasserqualit\u00e4t<\/a> &gt; <strong>Wasserqualit\u00e4t \u2013 Biscayne Bay<\/strong><\/nav>\n\t\t\t\t<img decoding=\"async\" src=\"https:\/\/www.miamibeachfl.gov\/wp-content\/uploads\/2025\/11\/Biscayne-Bay_1-scaled-1.jpg\" alt=\"Biscayne Bay\" itemprop=\"image\" height=\"600\" width=\"600\" title=\"Biscayne-Bay_1-scaled\" onerror=\"this.style.display='none'\" loading=\"lazy\" \/>\n<h2>\n\t\t\tSchutz der Bucht\t<\/h2>\n\tDie Stadt Miami Beach setzt sich f\u00fcr den Schutz der Biscayne Bay und der umliegenden Gew\u00e4sser ein. Als regionaler Vorreiter im Umweltschutz hat Miami Beach zukunftsweisende Verordnungen, Aufkl\u00e4rungskampagnen und Infrastrukturprogramme entwickelt, die diesem wichtigen \u00d6kosystem dienen. Erfahren Sie unten mehr \u00fcber die Bem\u00fchungen der Stadt, darunter ihre Bildungsinitiativen und Umweltverordnungen.<br \/>\n<strong><a href=\"https:\/\/www.mbrisingabove.com\/climate-adaptation\/biscayne-bay\/\">Biscayne Bay | Miami Beach \u2013 Aufstieg \u00fcber<\/a>\u00a0<\/strong>\nDas Umweltamt des Bezirks Miami-Dade leitet die ganzheitlichen Strategien f\u00fcr die Biscayne Bay. Im Folgenden erfahren Sie mehr \u00fcber die Strategien des Bezirks, darunter der Bericht der Biscayne Bay Task Force und der Beirat f\u00fcr Gew\u00e4sserschutzma\u00dfnahmen zur Wiederherstellung und langfristigen Erhaltung.<br \/>\n<strong><a href=\"https:\/\/www.miamidade.gov\/global\/economy\/environment\/biscayne-bay-solutions-recovery-plan.page\">L\u00f6sungen: Wiederherstellungsplan<\/a>\u00a0<\/strong>\n<h2>\n\t\t\tBootfahren und Freizeit\t<\/h2>\n\t<strong>Sicherheit und Vorschriften auf dem Wasser<\/strong><br \/>\nErfahren Sie mehr \u00fcber die Arbeitsgruppe f\u00fcr Bootsfahrersicherheit und Aufkl\u00e4rung in der Bucht.<br \/>\nMehr erfahren: <strong><a href=\"https:\/\/www.miamidade.gov\/global\/government\/taskforce\/boater-safety.page\">Arbeitsgruppe f\u00fcr Bootsfahrersicherheit und Aufkl\u00e4rung \u00fcber die Bucht<\/a>\u00a0<\/strong>\n<strong>Intelligentes Bootfahren und Brandschutz<\/strong><br \/>\nDie US-K\u00fcstenwache empfiehlt eine Reihe von vern\u00fcnftigen Praktiken beim Bootfahren, darunter Brandschutzprotokolle und Notfallvorsorge.<br \/>\nEntdecken Sie Tipps: <strong><a href=\"https:\/\/www.miamidade.gov\/global\/fire\/safety-boats.page\">Sicherheitstipps: Sicherheit auf dem Wasser<\/a><\/strong>\n<strong>Anforderungen an die Bootsf\u00fchrerausbildung\u00a0<\/strong><br \/>\nNach dem Gesetz des US-Bundesstaates Florida muss jeder, der am oder nach dem 1. Januar 1988 geboren wurde und ein Wasserfahrzeug f\u00fchrt, einen zertifizierten Bootsf\u00fchrerschein machen.<br \/>\nLassen Sie sich zertifizieren: <strong><a href=\"https:\/\/www.flhsmv.gov\/motor-vehicles-tags-titles\/vessels\/boating-safety-education\/\">Bootsfahrersicherheit und -ausbildung<\/a><\/strong>\n<strong>Saubere Bootspraktiken<br \/>\n<\/strong>Helfen Sie mit, die Biscayne Bay zu sch\u00fctzen, indem Sie am Clean Boater Program Floridas teilnehmen. Erfahren Sie, wie Sie die Verschmutzung vermeiden und die Meereslebewesen sch\u00fctzen k\u00f6nnen, w\u00e4hrend Sie das Wasser genie\u00dfen.<br \/>\nSchlie\u00dfen Sie sich der Initiative an: <strong><a href=\"https:\/\/floridadep.gov\/rcp\/cva\/content\/clean-boater-program\">Programm f\u00fcr saubere Boote<\/a><\/strong>\n<h2>\n\t\t\tMiami Beach Marine Patrol\t<\/h2>\n\t<p>Die Polizei von Miami Beach betreibt eine aktive Wasserschutzpolizei, die die \u00f6rtlichen Wasserwege \u00fcberwacht und auf Beschwerden reagiert.<\/p>\n<ul>\n<li>Kontakt f\u00fcr nicht dringende Angelegenheiten: 305.673.7901<\/li>\n<li>Im Notfall: W\u00e4hlen Sie 911<\/li>\n<\/ul>","protected":false},"excerpt":{"rendered":"<p>Menu \u00d7 Home Swimming Biscayne Bay Pollution Prevention Drinking Water Biscayne Bay Spanning 428 square miles, Biscayne Bay surrounds and [&hellip;]<\/p>\n","protected":false},"author":329,"featured_media":0,"parent":391155,"menu_order":29,"comment_status":"closed","ping_status":"closed","template":"","meta":{"_searchwp_excluded":"","site-sidebar-layout":"default","site-content-layout":"","ast-site-content-layout":"default","site-content-style":"default","site-sidebar-style":"default","ast-global-header-display":"","ast-banner-title-visibility":"","ast-main-header-display":"","ast-hfb-above-header-display":"","ast-hfb-below-header-display":"","ast-hfb-mobile-header-display":"","site-post-title":"","ast-breadcrumbs-content":"","ast-featured-img":"","footer-sml-layout":"","theme-transparent-header-meta":"","adv-header-id-meta":"","stick-header-meta":"","header-above-stick-meta":"","header-main-stick-meta":"","header-below-stick-meta":"","astra-migrate-meta-layouts":"default","ast-page-background-enabled":"default","ast-page-background-meta":{"desktop":{"background-color":"var(--ast-global-color-5)","background-image":"","background-repeat":"repeat","background-position":"center center","background-size":"auto","background-attachment":"scroll","background-type":"","background-media":"","overlay-type":"","overlay-color":"","overlay-opacity":"","overlay-gradient":""},"tablet":{"background-color":"","background-image":"","background-repeat":"repeat","background-position":"center center","background-size":"auto","background-attachment":"scroll","background-type":"","background-media":"","overlay-type":"","overlay-color":"","overlay-opacity":"","overlay-gradient":""},"mobile":{"background-color":"","background-image":"","background-repeat":"repeat","background-position":"center center","background-size":"auto","background-attachment":"scroll","background-type":"","background-media":"","overlay-type":"","overlay-color":"","overlay-opacity":"","overlay-gradient":""}},"ast-content-background-meta":{"desktop":{"background-color":"var(--ast-global-color-4)","background-image":"","background-repeat":"repeat","background-position":"center center","background-size":"auto","background-attachment":"scroll","background-type":"","background-media":"","overlay-type":"","overlay-color":"","overlay-opacity":"","overlay-gradient":""},"tablet":{"background-color":"var(--ast-global-color-4)","background-image":"","background-repeat":"repeat","background-position":"center center","background-size":"auto","background-attachment":"scroll","background-type":"","background-media":"","overlay-type":"","overlay-color":"","overlay-opacity":"","overlay-gradient":""},"mobile":{"background-color":"var(--ast-global-color-4)","background-image":"","background-repeat":"repeat","background-position":"center center","background-size":"auto","background-attachment":"scroll","background-type":"","background-media":"","overlay-type":"","overlay-color":"","overlay-opacity":"","overlay-gradient":""}},"footnotes":""},"categories":[],"tags":[],"class_list":["post-391271","page","type-page","status-publish","hentry"],"yoast_head":"<!-- This site is optimized with the Yoast SEO Premium plugin v26.6 (Yoast SEO v26.6) - https:\/\/yoast.com\/wordpress\/plugins\/seo\/ -->\n<title>Water Quality - Biscayne Bay - City of Miami Beach<\/title>\n<meta name=\"description\" content=\"Spanning 428 square miles, Biscayne Bay surrounds and separates Miami Beach from the mainland and includes two state aquatic preserves, a national park and a national marine sanctuary. Protecting this important natural resource is a priority for the City of Miami Beach.\" \/>\n<meta name=\"robots\" content=\"index, follow, max-snippet:-1, max-image-preview:large, max-video-preview:-1\" \/>\n<link rel=\"canonical\" href=\"https:\/\/www.miamibeachfl.gov\/de\/water-quality\/biscayne-bay\/\" \/>\n<meta property=\"og:locale\" content=\"de_DE\" \/>\n<meta property=\"og:type\" content=\"article\" \/>\n<meta property=\"og:title\" content=\"Water Quality - Biscayne Bay\" \/>\n<meta property=\"og:description\" content=\"Spanning 428 square miles, Biscayne Bay surrounds and separates Miami Beach from the mainland and includes two state aquatic preserves, a national park and a national marine sanctuary. Protecting this important natural resource is a priority for the City of Miami Beach.\" \/>\n<meta property=\"og:url\" content=\"https:\/\/www.miamibeachfl.gov\/de\/water-quality\/biscayne-bay\/\" \/>\n<meta property=\"og:site_name\" content=\"City of Miami Beach\" \/>\n<meta property=\"article:publisher\" content=\"https:\/\/www.facebook.com\/cityofmiamibeach\" \/>\n<meta property=\"article:modified_time\" content=\"2025-12-17T15:33:21+00:00\" \/>\n<meta property=\"og:image\" content=\"https:\/\/www.miamibeachfl.gov\/wp-content\/uploads\/2023\/08\/Masterpermitcircle.jpeg\" \/>\n\t<meta property=\"og:image:width\" content=\"1200\" \/>\n\t<meta property=\"og:image:height\" content=\"1200\" \/>\n\t<meta property=\"og:image:type\" content=\"image\/jpeg\" \/>\n<meta name=\"twitter:card\" content=\"summary_large_image\" \/>\n<meta name=\"twitter:site\" content=\"@Miamibeachnews\" \/>\n<script type=\"application\/ld+json\" class=\"yoast-schema-graph\">{\"@context\":\"https:\/\/schema.org\",\"@graph\":[{\"@type\":\"WebPage\",\"@id\":\"https:\/\/www.miamibeachfl.gov\/water-quality\/biscayne-bay\/\",\"url\":\"https:\/\/www.miamibeachfl.gov\/water-quality\/biscayne-bay\/\",\"name\":\"Water Quality - Biscayne Bay - City of Miami Beach\",\"isPartOf\":{\"@id\":\"https:\/\/www.miamibeachfl.gov\/#website\"},\"primaryImageOfPage\":{\"@id\":\"https:\/\/www.miamibeachfl.gov\/water-quality\/biscayne-bay\/#primaryimage\"},\"image\":{\"@id\":\"https:\/\/www.miamibeachfl.gov\/water-quality\/biscayne-bay\/#primaryimage\"},\"thumbnailUrl\":\"https:\/\/www.miamibeachfl.gov\/wp-content\/uploads\/2025\/11\/Biscayne-Bay_2optimized.jpg\",\"datePublished\":\"2025-11-06T20:59:03+00:00\",\"dateModified\":\"2025-12-17T15:33:21+00:00\",\"description\":\"Spanning 428 square miles, Biscayne Bay surrounds and separates Miami Beach from the mainland and includes two state aquatic preserves, a national park and a national marine sanctuary. Protecting this important natural resource is a priority for the City of Miami Beach.\",\"breadcrumb\":{\"@id\":\"https:\/\/www.miamibeachfl.gov\/water-quality\/biscayne-bay\/#breadcrumb\"},\"inLanguage\":\"de\",\"potentialAction\":[{\"@type\":\"ReadAction\",\"target\":[\"https:\/\/www.miamibeachfl.gov\/water-quality\/biscayne-bay\/\"]}]},{\"@type\":\"ImageObject\",\"inLanguage\":\"de\",\"@id\":\"https:\/\/www.miamibeachfl.gov\/water-quality\/biscayne-bay\/#primaryimage\",\"url\":\"https:\/\/www.miamibeachfl.gov\/wp-content\/uploads\/2025\/11\/Biscayne-Bay_2optimized.jpg\",\"contentUrl\":\"https:\/\/www.miamibeachfl.gov\/wp-content\/uploads\/2025\/11\/Biscayne-Bay_2optimized.jpg\"},{\"@type\":\"BreadcrumbList\",\"@id\":\"https:\/\/www.miamibeachfl.gov\/water-quality\/biscayne-bay\/#breadcrumb\",\"itemListElement\":[{\"@type\":\"ListItem\",\"position\":1,\"name\":\"Home\",\"item\":\"https:\/\/www.miamibeachfl.gov\/\"},{\"@type\":\"ListItem\",\"position\":2,\"name\":\"Water Quality\",\"item\":\"https:\/\/www.miamibeachfl.gov\/water-quality\/\"},{\"@type\":\"ListItem\",\"position\":3,\"name\":\"Water Quality &#8211; Biscayne Bay\"}]},{\"@type\":\"WebSite\",\"@id\":\"https:\/\/www.miamibeachfl.gov\/#website\",\"url\":\"https:\/\/www.miamibeachfl.gov\/\",\"name\":\"City of Miami Beach\",\"description\":\"The official website of the City of Miami Beach. Stay informed, find important information on city services, news, alerts, events, trolley routes, government employment and more.\",\"publisher\":{\"@id\":\"https:\/\/www.miamibeachfl.gov\/#organization\"},\"potentialAction\":[{\"@type\":\"SearchAction\",\"target\":{\"@type\":\"EntryPoint\",\"urlTemplate\":\"https:\/\/www.miamibeachfl.gov\/?s={search_term_string}\"},\"query-input\":{\"@type\":\"PropertyValueSpecification\",\"valueRequired\":true,\"valueName\":\"search_term_string\"}}],\"inLanguage\":\"de\"},{\"@type\":\"Organization\",\"@id\":\"https:\/\/www.miamibeachfl.gov\/#organization\",\"name\":\"City of Miami Beach\",\"url\":\"https:\/\/www.miamibeachfl.gov\/\",\"logo\":{\"@type\":\"ImageObject\",\"inLanguage\":\"de\",\"@id\":\"https:\/\/www.miamibeachfl.gov\/#\/schema\/logo\/image\/\",\"url\":\"https:\/\/www.miamibeachfl.gov\/wp-content\/uploads\/2022\/06\/miamibeach-logoblue.png\",\"contentUrl\":\"https:\/\/www.miamibeachfl.gov\/wp-content\/uploads\/2022\/06\/miamibeach-logoblue.png\",\"width\":1962,\"height\":381,\"caption\":\"City of Miami Beach\"},\"image\":{\"@id\":\"https:\/\/www.miamibeachfl.gov\/#\/schema\/logo\/image\/\"},\"sameAs\":[\"https:\/\/www.facebook.com\/cityofmiamibeach\",\"https:\/\/x.com\/Miamibeachnews\",\"https:\/\/www.instagram.com\/miamibeachnews\/\"],\"description\":\"The official website of the City of Miami Beach. Stay informed, find important information on city services, news, alerts, events, trolley routes, government employment and more.\",\"telephone\":\"305.604.CITY(2489)\",\"legalName\":\"City of Miami Beach\"}]}<\/script>\n<!-- \/ Yoast SEO Premium plugin. -->","yoast_head_json":{"title":"Wasserqualit\u00e4t \u2013 Biscayne Bay \u2013 Stadt Miami Beach","description":"Die Biscayne Bay erstreckt sich \u00fcber 428 Quadratmeilen, umschlie\u00dft Miami Beach und trennt es vom Festland. Sie umfasst zwei staatliche Meeresschutzgebiete, einen Nationalpark und ein nationales Meeresschutzgebiet. Der Schutz dieses wichtigen Naturraums hat f\u00fcr die Stadt Miami Beach h\u00f6chste Priorit\u00e4t.","robots":{"index":"index","follow":"follow","max-snippet":"max-snippet:-1","max-image-preview":"max-image-preview:large","max-video-preview":"max-video-preview:-1"},"canonical":"https:\/\/www.miamibeachfl.gov\/de\/water-quality\/biscayne-bay\/","og_locale":"de_DE","og_type":"article","og_title":"Water Quality - Biscayne Bay","og_description":"Spanning 428 square miles, Biscayne Bay surrounds and separates Miami Beach from the mainland and includes two state aquatic preserves, a national park and a national marine sanctuary. Protecting this important natural resource is a priority for the City of Miami Beach.","og_url":"https:\/\/www.miamibeachfl.gov\/de\/water-quality\/biscayne-bay\/","og_site_name":"City of Miami Beach","article_publisher":"https:\/\/www.facebook.com\/cityofmiamibeach","article_modified_time":"2025-12-17T15:33:21+00:00","og_image":[{"width":1200,"height":1200,"url":"https:\/\/www.miamibeachfl.gov\/wp-content\/uploads\/2023\/08\/Masterpermitcircle.jpeg","type":"image\/jpeg"}],"twitter_card":"summary_large_image","twitter_site":"@Miamibeachnews","schema":{"@context":"https:\/\/schema.org","@graph":[{"@type":"WebPage","@id":"https:\/\/www.miamibeachfl.gov\/water-quality\/biscayne-bay\/","url":"https:\/\/www.miamibeachfl.gov\/water-quality\/biscayne-bay\/","name":"Wasserqualit\u00e4t \u2013 Biscayne Bay \u2013 Stadt Miami Beach","isPartOf":{"@id":"https:\/\/www.miamibeachfl.gov\/#website"},"primaryImageOfPage":{"@id":"https:\/\/www.miamibeachfl.gov\/water-quality\/biscayne-bay\/#primaryimage"},"image":{"@id":"https:\/\/www.miamibeachfl.gov\/water-quality\/biscayne-bay\/#primaryimage"},"thumbnailUrl":"https:\/\/www.miamibeachfl.gov\/wp-content\/uploads\/2025\/11\/Biscayne-Bay_2optimized.jpg","datePublished":"2025-11-06T20:59:03+00:00","dateModified":"2025-12-17T15:33:21+00:00","description":"Die Biscayne Bay erstreckt sich \u00fcber 428 Quadratmeilen, umschlie\u00dft Miami Beach und trennt es vom Festland. Sie umfasst zwei staatliche Meeresschutzgebiete, einen Nationalpark und ein nationales Meeresschutzgebiet. Der Schutz dieses wichtigen Naturraums hat f\u00fcr die Stadt Miami Beach h\u00f6chste Priorit\u00e4t.","breadcrumb":{"@id":"https:\/\/www.miamibeachfl.gov\/water-quality\/biscayne-bay\/#breadcrumb"},"inLanguage":"de","potentialAction":[{"@type":"ReadAction","target":["https:\/\/www.miamibeachfl.gov\/water-quality\/biscayne-bay\/"]}]},{"@type":"ImageObject","inLanguage":"de","@id":"https:\/\/www.miamibeachfl.gov\/water-quality\/biscayne-bay\/#primaryimage","url":"https:\/\/www.miamibeachfl.gov\/wp-content\/uploads\/2025\/11\/Biscayne-Bay_2optimized.jpg","contentUrl":"https:\/\/www.miamibeachfl.gov\/wp-content\/uploads\/2025\/11\/Biscayne-Bay_2optimized.jpg"},{"@type":"BreadcrumbList","@id":"https:\/\/www.miamibeachfl.gov\/water-quality\/biscayne-bay\/#breadcrumb","itemListElement":[{"@type":"ListItem","position":1,"name":"Home","item":"https:\/\/www.miamibeachfl.gov\/"},{"@type":"ListItem","position":2,"name":"Water Quality","item":"https:\/\/www.miamibeachfl.gov\/water-quality\/"},{"@type":"ListItem","position":3,"name":"Water Quality &#8211; Biscayne Bay"}]},{"@type":"WebSite","@id":"https:\/\/www.miamibeachfl.gov\/#website","url":"https:\/\/www.miamibeachfl.gov\/","name":"Stadt Miami Beach","description":"Die offizielle Website der Stadt Miami Beach. Bleiben Sie informiert und finden Sie wichtige Informationen zu st\u00e4dtischen Dienstleistungen, Neuigkeiten, Warnungen, Veranstaltungen, Stra\u00dfenbahnlinien, Stellenangeboten im \u00f6ffentlichen Dienst und mehr.","publisher":{"@id":"https:\/\/www.miamibeachfl.gov\/#organization"},"potentialAction":[{"@type":"SearchAction","target":{"@type":"EntryPoint","urlTemplate":"https:\/\/www.miamibeachfl.gov\/?s={search_term_string}"},"query-input":{"@type":"PropertyValueSpecification","valueRequired":true,"valueName":"search_term_string"}}],"inLanguage":"de"},{"@type":"Organization","@id":"https:\/\/www.miamibeachfl.gov\/#organization","name":"Stadt Miami Beach","url":"https:\/\/www.miamibeachfl.gov\/","logo":{"@type":"ImageObject","inLanguage":"de","@id":"https:\/\/www.miamibeachfl.gov\/#\/schema\/logo\/image\/","url":"https:\/\/www.miamibeachfl.gov\/wp-content\/uploads\/2022\/06\/miamibeach-logoblue.png","contentUrl":"https:\/\/www.miamibeachfl.gov\/wp-content\/uploads\/2022\/06\/miamibeach-logoblue.png","width":1962,"height":381,"caption":"City of Miami Beach"},"image":{"@id":"https:\/\/www.miamibeachfl.gov\/#\/schema\/logo\/image\/"},"sameAs":["https:\/\/www.facebook.com\/cityofmiamibeach","https:\/\/x.com\/Miamibeachnews","https:\/\/www.instagram.com\/miamibeachnews\/"],"description":"Die offizielle Website der Stadt Miami Beach. Bleiben Sie informiert und finden Sie wichtige Informationen zu st\u00e4dtischen Dienstleistungen, Neuigkeiten, Warnungen, Veranstaltungen, Stra\u00dfenbahnlinien, Stellenangeboten im \u00f6ffentlichen Dienst und mehr.","telephone":"305.604.CITY(2489)","legalName":"City of Miami Beach"}]}},"_links":{"self":[{"href":"https:\/\/www.miamibeachfl.gov\/de\/wp-json\/wp\/v2\/pages\/391271","targetHints":{"allow":["GET"]}}],"collection":[{"href":"https:\/\/www.miamibeachfl.gov\/de\/wp-json\/wp\/v2\/pages"}],"about":[{"href":"https:\/\/www.miamibeachfl.gov\/de\/wp-json\/wp\/v2\/types\/page"}],"author":[{"embeddable":true,"href":"https:\/\/www.miamibeachfl.gov\/de\/wp-json\/wp\/v2\/users\/329"}],"replies":[{"embeddable":true,"href":"https:\/\/www.miamibeachfl.gov\/de\/wp-json\/wp\/v2\/comments?post=391271"}],"version-history":[{"count":19,"href":"https:\/\/www.miamibeachfl.gov\/de\/wp-json\/wp\/v2\/pages\/391271\/revisions"}],"predecessor-version":[{"id":392431,"href":"https:\/\/www.miamibeachfl.gov\/de\/wp-json\/wp\/v2\/pages\/391271\/revisions\/392431"}],"up":[{"embeddable":true,"href":"https:\/\/www.miamibeachfl.gov\/de\/wp-json\/wp\/v2\/pages\/391155"}],"wp:attachment":[{"href":"https:\/\/www.miamibeachfl.gov\/de\/wp-json\/wp\/v2\/media?parent=391271"}],"wp:term":[{"taxonomy":"category","embeddable":true,"href":"https:\/\/www.miamibeachfl.gov\/de\/wp-json\/wp\/v2\/categories?post=391271"},{"taxonomy":"post_tag","embeddable":true,"href":"https:\/\/www.miamibeachfl.gov\/de\/wp-json\/wp\/v2\/tags?post=391271"}],"curies":[{"name":"wp","href":"https:\/\/api.w.org\/{rel}","templated":true}]}}