{"id":391285,"date":"2025-11-06T16:08:07","date_gmt":"2025-11-06T21:08:07","guid":{"rendered":"https:\/\/www.miamibeachfl.gov\/?page_id=391285"},"modified":"2025-12-17T10:54:39","modified_gmt":"2025-12-17T15:54:39","slug":"pollution-prevention","status":"publish","type":"page","link":"https:\/\/www.miamibeachfl.gov\/de\/water-quality\/pollution-prevention\/","title":{"rendered":"Wasserqualit\u00e4t \u2013 Vermeidung von Verschmutzung"},"content":{"rendered":"<button tabindex=\"0\" aria-label=\"Speisekarte\" aria-expanded=\"false\">\n\t\t\t\tSpeisekarte\t\t\t<\/button>\n\t<nav aria-label=\"Speisekarte\" itemscope=\"itemscope\" itemtype=\"https:\/\/schema.org\/SiteNavigationElement\">\n\t\t<a href=\"javascript:void(0)\" aria-label=\"Men\u00fc schlie\u00dfen\" role=\"button\">\u00d7<\/a>\n\t\t<ul id=\"menu-water-quality\"><li id=\"menu-item-391246\"><a href=\"https:\/\/www.miamibeachfl.gov\/de\/water-quality\/\">Heim<\/a><\/li><li id=\"menu-item-391270\"><a href=\"https:\/\/www.miamibeachfl.gov\/de\/water-quality\/water-quality-miami-beach\/\">Baden<\/a><\/li><li id=\"menu-item-391303\"><a href=\"https:\/\/www.miamibeachfl.gov\/de\/water-quality\/biscayne-bay\/\">Biscayne Bay<\/a><\/li><li id=\"menu-item-391302\"><a href=\"https:\/\/www.miamibeachfl.gov\/de\/water-quality\/pollution-prevention\/\" aria-current=\"page\">Umweltverschmutzungspr\u00e4vention<\/a><\/li><li id=\"menu-item-391300\"><a href=\"https:\/\/www.miamibeachfl.gov\/de\/water-quality\/drinking-water\/\">Trinkwasser<\/a><\/li><\/ul>\t<\/nav>\n\t\t\t\t<img decoding=\"async\" src=\"https:\/\/www.miamibeachfl.gov\/wp-content\/uploads\/2025\/11\/Pollution_1optimized.jpg\" alt=\"drain with polution\" itemprop=\"image\" height=\"500\" width=\"500\" title=\"Pollution_1optimiert\" onerror=\"this.style.display='none'\" loading=\"lazy\" \/>\n<h1>\n\t\t\tUmweltverschmutzungspr\u00e4vention\t<\/h1>\n\t<p>Die Verhinderung des Eindringens von Schadstoffen in unsere Gew\u00e4sser ist unerl\u00e4sslich f\u00fcr die Aufrechterhaltung der hohen Wasserqualit\u00e4t in der Biscayne Bay. Die Stadt Miami Beach setzt eine umfassende Wasserqualit\u00e4tsverordnung durch und \u00fcbertrifft regelm\u00e4\u00dfig die vom National Pollutant Discharge Elimination System (NPDES) festgelegten Standards.<\/p>\n<p>Um die Umweltverschmutzung an der Quelle weiter zu reduzieren, hat Miami Beach mehrere zukunftsweisende Verordnungen erlassen und Aufkl\u00e4rungskampagnen gestartet. Dazu geh\u00f6ren Verbote von Einwegplastik, Luftballons sowie metallisiertem und Plastikkonfetti. Au\u00dferdem gilt vom 15. Mai bis zum 1. November, also w\u00e4hrend der Regenzeit, ein D\u00fcngemittelverbot.<\/p>\n<p>Diese Ma\u00dfnahmen dienen dazu, sch\u00e4dliche Abfl\u00fcsse und Ablagerungen zu minimieren, die marine \u00d6kosysteme sch\u00e4digen und die Wasserqualit\u00e4t beeintr\u00e4chtigen k\u00f6nnen.<\/p>\n\t<nav id=\"breadcrumbs\" aria-label=\"Paniermehl\"><a href=\"https:\/\/www.miamibeachfl.gov\/de\/\">Heim<\/a> &gt; <a href=\"https:\/\/www.miamibeachfl.gov\/de\/water-quality\/\">Wasserqualit\u00e4t<\/a> &gt; <strong>Wasserqualit\u00e4t \u2013 Vermeidung von Verschmutzung<\/strong><\/nav>\n\t\t\t\t<img decoding=\"async\" src=\"https:\/\/www.miamibeachfl.gov\/wp-content\/uploads\/2025\/11\/Beach-Clean-Up-1-scaled.png\" alt=\"Beach Clean Up 1\" itemprop=\"image\" height=\"2560\" width=\"1708\" title=\"Strandreinigungsaktion 1\" onerror=\"this.style.display='none'\" loading=\"lazy\" \/>\n<h2>\n\t\t\tUmweltverordnungen in Miami Beach\t<\/h2>\n\t<p>Die Stadt Miami Beach hat eine Reihe von Umweltverordnungen erlassen, um die Verschmutzung zu reduzieren und die Gesundheit der Biscayne Bay und der umliegenden \u00d6kosysteme zu sch\u00fctzen. Diese Verordnungen zielen auf Materialien und Praktiken ab, die bekannte Umweltrisiken bergen.<\/p>\n<p><strong>\u00dcberblick \u00fcber die wichtigsten Verordnungen\u00a0<\/strong><\/p>\n<strong><a href=\"http:\/\/www.mbrisingabove.com\/wp-content\/uploads\/Ordinance-2019-4295.pdf\">Plastikstrohhalm und R\u00fchrst\u00e4bchen<\/a><\/strong><strong><br \/>\n<\/strong>Die Verwendung von Einweg-Plastikstrohhalmen und -R\u00fchrst\u00e4bchen ist in Miami Beach verboten. Diese Gegenst\u00e4nde werden h\u00e4ufig achtlos weggeworfen und k\u00f6nnen Meerestiere sch\u00e4digen, wenn sie ins Wasser gelangen.\n<a href=\"https:\/\/www.mbrisingabove.com\/your-business\/green-businesses\/foam-free\/\"><strong>Styropor<\/strong>\u00a0Und\u00a0<strong>Verl\u00e4ngerung der Verordnung<\/strong><\/a><strong><br \/>\n<\/strong>Styroporprodukte wie K\u00fchlboxen, Becher und Lebensmittelbeh\u00e4lter sind verboten. Diese Materialien zersetzen sich langsam, geben Giftstoffe ab und werden h\u00e4ufig als M\u00fcll in K\u00fcstengebieten gefunden.\n<strong><a href=\"https:\/\/www.mbrisingabove.com\/climate-mitigation\/plastic-free-miami-beach\/plastic-free-party\/\">Verbot von Konfetti aus Luftballons, Metall und Plastik<\/a><br \/>\n<\/strong>Luftballons sowie Partydekorationen aus Metall und Plastik sind in Yachth\u00e4fen, Parks und an Str\u00e4nden nicht erlaubt. Einmal freigelassen oder weggeworfen, landen sie oft im Meer, wo sie eine ernsthafte Gefahr f\u00fcr V\u00f6gel und Meerestiere darstellen.\n<strong><a href=\"https:\/\/www.mbrisingabove.com\/climate-adaptation\/biscayne-bay\/fertilizers\/\">D\u00fcnger<\/a><\/strong><strong><br \/>\n<\/strong>Unsachgem\u00e4\u00dfe D\u00fcngung tr\u00e4gt zur N\u00e4hrstoffbelastung und sch\u00e4dlichen Algenbl\u00fcten bei. Die Stadt hat saisonale Beschr\u00e4nkungen und bew\u00e4hrte Verfahren eingef\u00fchrt, um den D\u00fcngemitteleintrag in die Regenwasserkanalisation und die Bucht zu reduzieren. Die D\u00fcngung in Miami Beach ist vom 15. Mai bis zum 1. November verboten.\n<strong><a href=\"http:\/\/www.mbrisingabove.com\/wp-content\/uploads\/Ordinance-2021-4435-Water-Quality.pdf\">Wasserqualit\u00e4tsverordnung<\/a><\/strong><strong><br \/>\n<\/strong>Die Wasserqualit\u00e4tsverordnung von Miami Beach legt Standards f\u00fcr die Vermeidung von Umweltverschmutzung, das Regenwassermanagement und die Einleitungskontrolle fest. Die Stadt \u00fcbertrifft die Bundesvorgaben des National Pollutant Discharge Elimination System (NPDES) und unterstreicht damit ihr Engagement f\u00fcr sauberes Wasser.\n<h2>\n\t\t\tOperation Sauberes Wasser\t<\/h2>\n\t<p>St\u00e4dtische Kan\u00e4le sind aufgrund von Oberfl\u00e4chenabfluss und mangelnder nat\u00fcrlicher Sp\u00fclung h\u00e4ufig mit Problemen der Wasserqualit\u00e4t konfrontiert. Die Stadt Miami Beach startete im M\u00e4rz 2025 die \u201eOperation Clean Water\u201c, eine von der Stadtverwaltung genehmigte Initiative, die st\u00e4dtische Ma\u00dfnahmen \u2013 von der Stra\u00dfenreinigung bis hin zur Einhaltung von Bauvorschriften \u2013 auf die Verbesserung der Wasserqualit\u00e4t des Park View Canal konzentriert.<\/p>\nW\u00e4hrend aktuelle Studien messbare Verbesserungen dank der in den letzten Jahren ergriffenen Ma\u00dfnahmen aufzeigen, setzt Miami Beach weiterhin eine Reihe von Strategien um, um die Wasserqualit\u00e4t weiter zu verbessern.<br \/>\nMehr erfahren: <a href=\"https:\/\/www.mbrisingabove.com\/climate-adaptation\/biscayne-bay\/park-view-canal-water-quality\/\">Operation Sauberes Wasser<\/a>\n<h2>\n\t\t\tMehr erfahren\t<\/h2>\n\t<strong><a href=\"https:\/\/www.mbrisingabove.com\/climate-adaptation\/biscayne-bay\/\">Miami Beach erhebt sich<\/a><br \/>\n<\/strong>Informieren Sie sich \u00fcber die Kampagnen und Programme der Stadt Miami Beach zum Schutz der Biscayne Bay.\n<strong><a href=\"https:\/\/www.mbrisingabove.com\/climate-mitigation\/plastic-free-miami-beach\/\">Plastikfreies Miami Beach<\/a><br \/>\n<\/strong>Entdecken Sie lokale Unternehmen, die sich der Reduzierung von Plastikm\u00fcll verschrieben haben.\n<b><a href=\"https:\/\/www.epa.gov\/npdes\">Nationales System zur Beseitigung von Schadstoffeinleitungen (NPDES)<\/a><\/b><br \/>\nErfahren Sie mehr \u00fcber das Bundesprogramm und wie Miami Beach dessen Standards erf\u00fcllt.\n<a href=\"https:\/\/www.mbrisingabove.com\/climate-adaptation\/biscayne-bay\/)\"><strong>Tierkot\u00a0<\/strong><\/a><br \/>\nEin Haustier zu besitzen, ist eine gro\u00dfe Verantwortung. Es muss nicht nur geliebt, gef\u00fcttert und ausgef\u00fchrt werden, sondern auch seine Hinterlassenschaften m\u00fcssen ordnungsgem\u00e4\u00df entfernt werden!","protected":false},"excerpt":{"rendered":"<p>Menu \u00d7 Home Swimming Biscayne Bay Pollution Prevention Drinking Water Pollution Prevention Preventing pollution from entering our waterways is essential [&hellip;]<\/p>\n","protected":false},"author":329,"featured_media":0,"parent":391155,"menu_order":29,"comment_status":"closed","ping_status":"closed","template":"","meta":{"_searchwp_excluded":"","site-sidebar-layout":"default","site-content-layout":"","ast-site-content-layout":"default","site-content-style":"default","site-sidebar-style":"default","ast-global-header-display":"","ast-banner-title-visibility":"","ast-main-header-display":"","ast-hfb-above-header-display":"","ast-hfb-below-header-display":"","ast-hfb-mobile-header-display":"","site-post-title":"","ast-breadcrumbs-content":"","ast-featured-img":"","footer-sml-layout":"","theme-transparent-header-meta":"","adv-header-id-meta":"","stick-header-meta":"","header-above-stick-meta":"","header-main-stick-meta":"","header-below-stick-meta":"","astra-migrate-meta-layouts":"default","ast-page-background-enabled":"default","ast-page-background-meta":{"desktop":{"background-color":"var(--ast-global-color-5)","background-image":"","background-repeat":"repeat","background-position":"center center","background-size":"auto","background-attachment":"scroll","background-type":"","background-media":"","overlay-type":"","overlay-color":"","overlay-opacity":"","overlay-gradient":""},"tablet":{"background-color":"","background-image":"","background-repeat":"repeat","background-position":"center center","background-size":"auto","background-attachment":"scroll","background-type":"","background-media":"","overlay-type":"","overlay-color":"","overlay-opacity":"","overlay-gradient":""},"mobile":{"background-color":"","background-image":"","background-repeat":"repeat","background-position":"center center","background-size":"auto","background-attachment":"scroll","background-type":"","background-media":"","overlay-type":"","overlay-color":"","overlay-opacity":"","overlay-gradient":""}},"ast-content-background-meta":{"desktop":{"background-color":"var(--ast-global-color-4)","background-image":"","background-repeat":"repeat","background-position":"center center","background-size":"auto","background-attachment":"scroll","background-type":"","background-media":"","overlay-type":"","overlay-color":"","overlay-opacity":"","overlay-gradient":""},"tablet":{"background-color":"var(--ast-global-color-4)","background-image":"","background-repeat":"repeat","background-position":"center center","background-size":"auto","background-attachment":"scroll","background-type":"","background-media":"","overlay-type":"","overlay-color":"","overlay-opacity":"","overlay-gradient":""},"mobile":{"background-color":"var(--ast-global-color-4)","background-image":"","background-repeat":"repeat","background-position":"center center","background-size":"auto","background-attachment":"scroll","background-type":"","background-media":"","overlay-type":"","overlay-color":"","overlay-opacity":"","overlay-gradient":""}},"footnotes":""},"categories":[],"tags":[],"class_list":["post-391285","page","type-page","status-publish","hentry"],"yoast_head":"<!-- This site is optimized with the Yoast SEO Premium plugin v26.6 (Yoast SEO v26.6) - https:\/\/yoast.com\/wordpress\/plugins\/seo\/ -->\n<title>Water Quality - Pollution Prevention - City of Miami Beach<\/title>\n<meta name=\"description\" content=\"Preventing pollution from entering our waterways is essential to maintaining high water quality in Biscayne Bay. The City of Miami Beach enforces a comprehensive Water Quality Ordinance and consistently exceeds the standards set by the National Pollutant Discharge Elimination System (NPDES).\" \/>\n<meta name=\"robots\" content=\"index, follow, max-snippet:-1, max-image-preview:large, max-video-preview:-1\" \/>\n<link rel=\"canonical\" href=\"https:\/\/www.miamibeachfl.gov\/de\/water-quality\/pollution-prevention\/\" \/>\n<meta property=\"og:locale\" content=\"de_DE\" \/>\n<meta property=\"og:type\" content=\"article\" \/>\n<meta property=\"og:title\" content=\"Water Quality - Pollution Prevention\" \/>\n<meta property=\"og:description\" content=\"Preventing pollution from entering our waterways is essential to maintaining high water quality in Biscayne Bay. The City of Miami Beach enforces a comprehensive Water Quality Ordinance and consistently exceeds the standards set by the National Pollutant Discharge Elimination System (NPDES).\" \/>\n<meta property=\"og:url\" content=\"https:\/\/www.miamibeachfl.gov\/de\/water-quality\/pollution-prevention\/\" \/>\n<meta property=\"og:site_name\" content=\"City of Miami Beach\" \/>\n<meta property=\"article:publisher\" content=\"https:\/\/www.facebook.com\/cityofmiamibeach\" \/>\n<meta property=\"article:modified_time\" content=\"2025-12-17T15:54:39+00:00\" \/>\n<meta property=\"og:image\" content=\"https:\/\/www.miamibeachfl.gov\/wp-content\/uploads\/2023\/08\/Masterpermitcircle.jpeg\" \/>\n\t<meta property=\"og:image:width\" content=\"1200\" \/>\n\t<meta property=\"og:image:height\" content=\"1200\" \/>\n\t<meta property=\"og:image:type\" content=\"image\/jpeg\" \/>\n<meta name=\"twitter:card\" content=\"summary_large_image\" \/>\n<meta name=\"twitter:site\" content=\"@Miamibeachnews\" \/>\n<script type=\"application\/ld+json\" class=\"yoast-schema-graph\">{\"@context\":\"https:\/\/schema.org\",\"@graph\":[{\"@type\":\"WebPage\",\"@id\":\"https:\/\/www.miamibeachfl.gov\/water-quality\/pollution-prevention\/\",\"url\":\"https:\/\/www.miamibeachfl.gov\/water-quality\/pollution-prevention\/\",\"name\":\"Water Quality - Pollution Prevention - City of Miami Beach\",\"isPartOf\":{\"@id\":\"https:\/\/www.miamibeachfl.gov\/#website\"},\"primaryImageOfPage\":{\"@id\":\"https:\/\/www.miamibeachfl.gov\/water-quality\/pollution-prevention\/#primaryimage\"},\"image\":{\"@id\":\"https:\/\/www.miamibeachfl.gov\/water-quality\/pollution-prevention\/#primaryimage\"},\"thumbnailUrl\":\"https:\/\/www.miamibeachfl.gov\/wp-content\/uploads\/2025\/11\/Pollution_1optimized.jpg\",\"datePublished\":\"2025-11-06T21:08:07+00:00\",\"dateModified\":\"2025-12-17T15:54:39+00:00\",\"description\":\"Preventing pollution from entering our waterways is essential to maintaining high water quality in Biscayne Bay. The City of Miami Beach enforces a comprehensive Water Quality Ordinance and consistently exceeds the standards set by the National Pollutant Discharge Elimination System (NPDES).\",\"breadcrumb\":{\"@id\":\"https:\/\/www.miamibeachfl.gov\/water-quality\/pollution-prevention\/#breadcrumb\"},\"inLanguage\":\"de\",\"potentialAction\":[{\"@type\":\"ReadAction\",\"target\":[\"https:\/\/www.miamibeachfl.gov\/water-quality\/pollution-prevention\/\"]}]},{\"@type\":\"ImageObject\",\"inLanguage\":\"de\",\"@id\":\"https:\/\/www.miamibeachfl.gov\/water-quality\/pollution-prevention\/#primaryimage\",\"url\":\"https:\/\/www.miamibeachfl.gov\/wp-content\/uploads\/2025\/11\/Pollution_1optimized.jpg\",\"contentUrl\":\"https:\/\/www.miamibeachfl.gov\/wp-content\/uploads\/2025\/11\/Pollution_1optimized.jpg\"},{\"@type\":\"BreadcrumbList\",\"@id\":\"https:\/\/www.miamibeachfl.gov\/water-quality\/pollution-prevention\/#breadcrumb\",\"itemListElement\":[{\"@type\":\"ListItem\",\"position\":1,\"name\":\"Home\",\"item\":\"https:\/\/www.miamibeachfl.gov\/\"},{\"@type\":\"ListItem\",\"position\":2,\"name\":\"Water Quality\",\"item\":\"https:\/\/www.miamibeachfl.gov\/water-quality\/\"},{\"@type\":\"ListItem\",\"position\":3,\"name\":\"Water Quality &#8211; Pollution Prevention\"}]},{\"@type\":\"WebSite\",\"@id\":\"https:\/\/www.miamibeachfl.gov\/#website\",\"url\":\"https:\/\/www.miamibeachfl.gov\/\",\"name\":\"City of Miami Beach\",\"description\":\"The official website of the City of Miami Beach. Stay informed, find important information on city services, news, alerts, events, trolley routes, government employment and more.\",\"publisher\":{\"@id\":\"https:\/\/www.miamibeachfl.gov\/#organization\"},\"potentialAction\":[{\"@type\":\"SearchAction\",\"target\":{\"@type\":\"EntryPoint\",\"urlTemplate\":\"https:\/\/www.miamibeachfl.gov\/?s={search_term_string}\"},\"query-input\":{\"@type\":\"PropertyValueSpecification\",\"valueRequired\":true,\"valueName\":\"search_term_string\"}}],\"inLanguage\":\"de\"},{\"@type\":\"Organization\",\"@id\":\"https:\/\/www.miamibeachfl.gov\/#organization\",\"name\":\"City of Miami Beach\",\"url\":\"https:\/\/www.miamibeachfl.gov\/\",\"logo\":{\"@type\":\"ImageObject\",\"inLanguage\":\"de\",\"@id\":\"https:\/\/www.miamibeachfl.gov\/#\/schema\/logo\/image\/\",\"url\":\"https:\/\/www.miamibeachfl.gov\/wp-content\/uploads\/2022\/06\/miamibeach-logoblue.png\",\"contentUrl\":\"https:\/\/www.miamibeachfl.gov\/wp-content\/uploads\/2022\/06\/miamibeach-logoblue.png\",\"width\":1962,\"height\":381,\"caption\":\"City of Miami Beach\"},\"image\":{\"@id\":\"https:\/\/www.miamibeachfl.gov\/#\/schema\/logo\/image\/\"},\"sameAs\":[\"https:\/\/www.facebook.com\/cityofmiamibeach\",\"https:\/\/x.com\/Miamibeachnews\",\"https:\/\/www.instagram.com\/miamibeachnews\/\"],\"description\":\"The official website of the City of Miami Beach. Stay informed, find important information on city services, news, alerts, events, trolley routes, government employment and more.\",\"telephone\":\"305.604.CITY(2489)\",\"legalName\":\"City of Miami Beach\"}]}<\/script>\n<!-- \/ Yoast SEO Premium plugin. -->","yoast_head_json":{"title":"Wasserqualit\u00e4t \u2013 Vermeidung von Umweltverschmutzung \u2013 Stadt Miami Beach","description":"Die Verhinderung des Eindringens von Schadstoffen in unsere Gew\u00e4sser ist unerl\u00e4sslich f\u00fcr die Aufrechterhaltung der hohen Wasserqualit\u00e4t in der Biscayne Bay. Die Stadt Miami Beach setzt eine umfassende Wasserqualit\u00e4tsverordnung durch und \u00fcbertrifft regelm\u00e4\u00dfig die vom National Pollutant Discharge Elimination System (NPDES) festgelegten Standards.","robots":{"index":"index","follow":"follow","max-snippet":"max-snippet:-1","max-image-preview":"max-image-preview:large","max-video-preview":"max-video-preview:-1"},"canonical":"https:\/\/www.miamibeachfl.gov\/de\/water-quality\/pollution-prevention\/","og_locale":"de_DE","og_type":"article","og_title":"Water Quality - Pollution Prevention","og_description":"Preventing pollution from entering our waterways is essential to maintaining high water quality in Biscayne Bay. The City of Miami Beach enforces a comprehensive Water Quality Ordinance and consistently exceeds the standards set by the National Pollutant Discharge Elimination System (NPDES).","og_url":"https:\/\/www.miamibeachfl.gov\/de\/water-quality\/pollution-prevention\/","og_site_name":"City of Miami Beach","article_publisher":"https:\/\/www.facebook.com\/cityofmiamibeach","article_modified_time":"2025-12-17T15:54:39+00:00","og_image":[{"width":1200,"height":1200,"url":"https:\/\/www.miamibeachfl.gov\/wp-content\/uploads\/2023\/08\/Masterpermitcircle.jpeg","type":"image\/jpeg"}],"twitter_card":"summary_large_image","twitter_site":"@Miamibeachnews","schema":{"@context":"https:\/\/schema.org","@graph":[{"@type":"WebPage","@id":"https:\/\/www.miamibeachfl.gov\/water-quality\/pollution-prevention\/","url":"https:\/\/www.miamibeachfl.gov\/water-quality\/pollution-prevention\/","name":"Wasserqualit\u00e4t \u2013 Vermeidung von Umweltverschmutzung \u2013 Stadt Miami Beach","isPartOf":{"@id":"https:\/\/www.miamibeachfl.gov\/#website"},"primaryImageOfPage":{"@id":"https:\/\/www.miamibeachfl.gov\/water-quality\/pollution-prevention\/#primaryimage"},"image":{"@id":"https:\/\/www.miamibeachfl.gov\/water-quality\/pollution-prevention\/#primaryimage"},"thumbnailUrl":"https:\/\/www.miamibeachfl.gov\/wp-content\/uploads\/2025\/11\/Pollution_1optimized.jpg","datePublished":"2025-11-06T21:08:07+00:00","dateModified":"2025-12-17T15:54:39+00:00","description":"Die Verhinderung des Eindringens von Schadstoffen in unsere Gew\u00e4sser ist unerl\u00e4sslich f\u00fcr die Aufrechterhaltung der hohen Wasserqualit\u00e4t in der Biscayne Bay. Die Stadt Miami Beach setzt eine umfassende Wasserqualit\u00e4tsverordnung durch und \u00fcbertrifft regelm\u00e4\u00dfig die vom National Pollutant Discharge Elimination System (NPDES) festgelegten Standards.","breadcrumb":{"@id":"https:\/\/www.miamibeachfl.gov\/water-quality\/pollution-prevention\/#breadcrumb"},"inLanguage":"de","potentialAction":[{"@type":"ReadAction","target":["https:\/\/www.miamibeachfl.gov\/water-quality\/pollution-prevention\/"]}]},{"@type":"ImageObject","inLanguage":"de","@id":"https:\/\/www.miamibeachfl.gov\/water-quality\/pollution-prevention\/#primaryimage","url":"https:\/\/www.miamibeachfl.gov\/wp-content\/uploads\/2025\/11\/Pollution_1optimized.jpg","contentUrl":"https:\/\/www.miamibeachfl.gov\/wp-content\/uploads\/2025\/11\/Pollution_1optimized.jpg"},{"@type":"BreadcrumbList","@id":"https:\/\/www.miamibeachfl.gov\/water-quality\/pollution-prevention\/#breadcrumb","itemListElement":[{"@type":"ListItem","position":1,"name":"Home","item":"https:\/\/www.miamibeachfl.gov\/"},{"@type":"ListItem","position":2,"name":"Water Quality","item":"https:\/\/www.miamibeachfl.gov\/water-quality\/"},{"@type":"ListItem","position":3,"name":"Water Quality &#8211; Pollution Prevention"}]},{"@type":"WebSite","@id":"https:\/\/www.miamibeachfl.gov\/#website","url":"https:\/\/www.miamibeachfl.gov\/","name":"Stadt Miami Beach","description":"Die offizielle Website der Stadt Miami Beach. Bleiben Sie informiert und finden Sie wichtige Informationen zu st\u00e4dtischen Dienstleistungen, Neuigkeiten, Warnungen, Veranstaltungen, Stra\u00dfenbahnlinien, Stellenangeboten im \u00f6ffentlichen Dienst und mehr.","publisher":{"@id":"https:\/\/www.miamibeachfl.gov\/#organization"},"potentialAction":[{"@type":"SearchAction","target":{"@type":"EntryPoint","urlTemplate":"https:\/\/www.miamibeachfl.gov\/?s={search_term_string}"},"query-input":{"@type":"PropertyValueSpecification","valueRequired":true,"valueName":"search_term_string"}}],"inLanguage":"de"},{"@type":"Organization","@id":"https:\/\/www.miamibeachfl.gov\/#organization","name":"Stadt Miami Beach","url":"https:\/\/www.miamibeachfl.gov\/","logo":{"@type":"ImageObject","inLanguage":"de","@id":"https:\/\/www.miamibeachfl.gov\/#\/schema\/logo\/image\/","url":"https:\/\/www.miamibeachfl.gov\/wp-content\/uploads\/2022\/06\/miamibeach-logoblue.png","contentUrl":"https:\/\/www.miamibeachfl.gov\/wp-content\/uploads\/2022\/06\/miamibeach-logoblue.png","width":1962,"height":381,"caption":"City of Miami Beach"},"image":{"@id":"https:\/\/www.miamibeachfl.gov\/#\/schema\/logo\/image\/"},"sameAs":["https:\/\/www.facebook.com\/cityofmiamibeach","https:\/\/x.com\/Miamibeachnews","https:\/\/www.instagram.com\/miamibeachnews\/"],"description":"Die offizielle Website der Stadt Miami Beach. Bleiben Sie informiert und finden Sie wichtige Informationen zu st\u00e4dtischen Dienstleistungen, Neuigkeiten, Warnungen, Veranstaltungen, Stra\u00dfenbahnlinien, Stellenangeboten im \u00f6ffentlichen Dienst und mehr.","telephone":"305.604.CITY(2489)","legalName":"City of Miami Beach"}]}},"_links":{"self":[{"href":"https:\/\/www.miamibeachfl.gov\/de\/wp-json\/wp\/v2\/pages\/391285","targetHints":{"allow":["GET"]}}],"collection":[{"href":"https:\/\/www.miamibeachfl.gov\/de\/wp-json\/wp\/v2\/pages"}],"about":[{"href":"https:\/\/www.miamibeachfl.gov\/de\/wp-json\/wp\/v2\/types\/page"}],"author":[{"embeddable":true,"href":"https:\/\/www.miamibeachfl.gov\/de\/wp-json\/wp\/v2\/users\/329"}],"replies":[{"embeddable":true,"href":"https:\/\/www.miamibeachfl.gov\/de\/wp-json\/wp\/v2\/comments?post=391285"}],"version-history":[{"count":19,"href":"https:\/\/www.miamibeachfl.gov\/de\/wp-json\/wp\/v2\/pages\/391285\/revisions"}],"predecessor-version":[{"id":393497,"href":"https:\/\/www.miamibeachfl.gov\/de\/wp-json\/wp\/v2\/pages\/391285\/revisions\/393497"}],"up":[{"embeddable":true,"href":"https:\/\/www.miamibeachfl.gov\/de\/wp-json\/wp\/v2\/pages\/391155"}],"wp:attachment":[{"href":"https:\/\/www.miamibeachfl.gov\/de\/wp-json\/wp\/v2\/media?parent=391285"}],"wp:term":[{"taxonomy":"category","embeddable":true,"href":"https:\/\/www.miamibeachfl.gov\/de\/wp-json\/wp\/v2\/categories?post=391285"},{"taxonomy":"post_tag","embeddable":true,"href":"https:\/\/www.miamibeachfl.gov\/de\/wp-json\/wp\/v2\/tags?post=391285"}],"curies":[{"name":"wp","href":"https:\/\/api.w.org\/{rel}","templated":true}]}}